{"id":7583,"date":"2022-11-16T09:42:03","date_gmt":"2022-11-16T09:42:03","guid":{"rendered":"https:\/\/everydaychemshop.com\/da\/?post_type=product&#038;p=7583"},"modified":"2023-04-08T07:54:53","modified_gmt":"2023-04-08T07:54:53","slug":"kob-aprobarbiton-online","status":"publish","type":"product","link":"https:\/\/everydaychemshop.com\/da\/product\/kob-aprobarbiton-online\/","title":{"rendered":"K\u00f8b Aprobarbitone online"},"content":{"rendered":"<h1>K\u00f8b Aprobarbitone piller online<\/h1>\n<p class=\"tt\"><a href=\"https:\/\/everydaychemshop.com\/da\/product\/kob-aprobarbiton-online\/\">K\u00f8b Aprobarbitone piller online<\/a>. K\u00f8b Aprobarbitone online fra det f\u00f8rsteklasses online Nembutal-apotek<\/p>\n<p>Online-Nembutal-apoteket har arbejdet i denne branche i en <a href=\"https:\/\/da.wikipedia.org\/wiki\/Pentobarbital\">lang<\/a> periode. Vi har nu fuldst\u00e6ndig forst\u00e5et perspektiverne og kravene fra kunder fra hele verden. Vi er her for at opfylde alle kravene vedr\u00f8rende Aprobarbitone. Hvis du vil k\u00f8be Aprobarbitone online, s\u00e5 er vores apotek det bedste til at g\u00f8re det. Vi er tilg\u00e6ngelige med dette l\u00e6gemiddel til beskedne priser. Du kan nemt k\u00f8be det hos os, og vi vil levere det til dig inden for den n\u00e6vnte tid <a href=\"https:\/\/en.wikipedia.org\/wiki\/Aprobarbital\">span<\/a>.<\/p>\n<h4 class=\"tt\">Hvad kan Aprobarbitone g\u00f8re for dig?<\/h4>\n<p>Brugen af \u200b\u200bAprobarbitone kan hj\u00e6lpe dig med at f\u00e5 en god nats s\u00f8vn. Kort sagt er det en perfekt behandling for s\u00f8vnl\u00f8se mennesker. Det er kendt for dets utrolige egenskaber ved at v\u00e6re beroligende, hypnotisk og antikonvulsivt middel.<\/p>\n<h4 class=\"tt\">Hvorfor skal du v\u00e6lge os til at k\u00f8be aprobarbiton online?<\/h4>\n<p>Vi er en specialiseret team af mennesker, der har dybtg\u00e5ende erfaring inden for medicin og medicin. Derudover g\u00f8r vi Aprobarbitone og andre produkter tilg\u00e6ngelige i alle dele af verden. Du kan nu k\u00f8be Aprobarbitone online til den bedste pris fra dit hjem selv. Vi er kun et klik v\u00e6k. Indsend din ordre for at k\u00f8be Aprobarbitone online i dag, og f\u00e5 det hurtigt leveret p\u00e5 din n\u00e6vnte adresse.<\/p>\n<p><strong>Ved du, hvor man kan k\u00f8be Aprobarbitone uden recept?<\/strong><\/p>\n<p>Aprobarbitone til salg, Brallobarbital street value, Aprobarbitone dosering, hvordan laver man Aprobarbitone, hvor kan jeg Aprobarbitone online, hvor kan man f\u00e5 Aprobarbitone , hvad er Aprobarbitone , Premium kvalitet Aprobarbitone til salg. Alle disse ubesvarede sp\u00f8rgsm\u00e5l kan f\u00e5 deres svar gennem os. Du skal bare gennem vores hjemmeside, og du vil f\u00e5 svar p\u00e5, hvordan og hvor du kan k\u00f8be Aprobarbitone-piller uden recept online.<\/p>\n<p>Hvad med Aprobarbitone? Ved du ogs\u00e5, hvor man kan f\u00e5 Aprobarbitone til salg online uden recept? k\u00f8b Aprobarbitone til salg, hvordan laver man Aprobarbitone, hvordan ser Aprobarbitone ud, Aprobarbitone gadepris, Aprobarbitone pris, hvor kan man k\u00f8be Aprobarbitone, ren Aprobarbitone, hvor kan jeg k\u00f8be Aprobarbitone online uden recept, k\u00f8b ren Aprobarbitone online uden recept.<\/p>\n<p>God kvalitet Aprobarbitone (Vesparax) online: Det er fuldst\u00e6ndig forst\u00e5et, at folk ikke hurtigt stoler p\u00e5 kvaliteten af \u200b\u200bAprobarbitone online, der s\u00e6lges online, fordi de ikke kan unders\u00f8ge det fysisk. Men det er ikke det samme med Online Aprobarbitone online leverand\u00f8rer. Produkterne her er tro mod deres beskrivelse med vedligeholdelse af h\u00f8j kvalitet udf\u00f8rt under opsyn af eksperter.<\/p>\n<p>Hurtigt &amp; Diskret forsendelse: Leveringen af \u200b\u200bAprobarbitone online efter modtagelse af ordren sker inden for den lovede tidsramme. Fragtteamet s\u00e6tter alle deres kr\u00e6fter i at g\u00f8re forsendelses- og leveringsproceduren glat og hurtig. Du kan ogs\u00e5 forvente fremragende service, n\u00e5r du k\u00f8ber Aprobarbitone online fra en professionel p\u00e5 online platformen.<\/p>\n","protected":false},"excerpt":{"rendered":"<p><strong>Hvordan bestiller man Aprobarbitone hos Online Nembutal Pharmacy?<\/strong><\/p>\n<p>Online Nembutal Pharmacy er en perfekt destination til at opfylde dine behov og krav vedr\u00f8rende Aprobarbitone. Du kan blot tilf\u00f8je din medicin til kurven, gennemf\u00f8re betalingsproceduren og bestille den p\u00e5 vores hjemmeside. Tag fat p\u00e5 vores apotek nu og f\u00e5 det bedste for dit helbred. F\u00e5 Aprobarbital til salg i dag!<\/p>\n","protected":false},"featured_media":7613,"comment_status":"open","ping_status":"closed","template":"","meta":{"inline_featured_image":false},"product_brand":[],"product_cat":[58],"product_tag":[],"class_list":{"0":"post-7583","1":"product","2":"type-product","3":"status-publish","4":"has-post-thumbnail","6":"product_cat-nembutal-produkter","8":"first","9":"instock","10":"featured","11":"shipping-taxable","12":"purchasable","13":"product-type-variable","14":"has-default-attributes"},"yoast_head":"<!-- This site is optimized with the Yoast SEO Premium plugin v19.2 (Yoast SEO v27.3) - https:\/\/yoast.com\/product\/yoast-seo-premium-wordpress\/ -->\n<title>Aprobarbitone til salg online uden recept - Global Meds Inc.<\/title>\n<meta name=\"description\" content=\"Aprobarbitone til salg online uden recept. Hvis du leder efter, hvordan du k\u00f8ber Aprobarbitone, s\u00e5 er du det rigtige sted at k\u00f8be Aprobarbitone online.\" \/>\n<meta name=\"robots\" content=\"index, follow, max-snippet:-1, max-image-preview:large, max-video-preview:-1\" \/>\n<link rel=\"canonical\" href=\"https:\/\/everydaychemshop.com\/da\/product\/kob-aprobarbiton-online\/\" \/>\n<meta property=\"og:locale\" content=\"en_US\" \/>\n<meta property=\"og:type\" content=\"article\" \/>\n<meta property=\"og:title\" content=\"K\u00f8b Aprobarbitone online\" \/>\n<meta property=\"og:description\" content=\"Aprobarbitone til salg online uden recept. Hvis du leder efter, hvordan du k\u00f8ber Aprobarbitone, s\u00e5 er du det rigtige sted at k\u00f8be Aprobarbitone online.\" \/>\n<meta property=\"og:url\" content=\"https:\/\/everydaychemshop.com\/da\/product\/kob-aprobarbiton-online\/\" \/>\n<meta property=\"og:site_name\" content=\"Everyday Chem Shop\" \/>\n<meta property=\"article:modified_time\" content=\"2023-04-08T07:54:53+00:00\" \/>\n<meta property=\"og:image\" content=\"https:\/\/everydaychemshop.com\/da\/wp-content\/uploads\/sites\/2\/2022\/11\/Aprobarbitone-1.jpg\" \/>\n\t<meta property=\"og:image:width\" content=\"600\" \/>\n\t<meta property=\"og:image:height\" content=\"600\" \/>\n\t<meta property=\"og:image:type\" content=\"image\/jpeg\" \/>\n<meta name=\"twitter:card\" content=\"summary_large_image\" \/>\n<meta name=\"twitter:label1\" content=\"Est. reading time\" \/>\n\t<meta name=\"twitter:data1\" content=\"2 minutes\" \/>\n<script type=\"application\/ld+json\" class=\"yoast-schema-graph\">{\"@context\":\"https:\\\/\\\/schema.org\",\"@graph\":[{\"@type\":\"WebPage\",\"@id\":\"https:\\\/\\\/everydaychemshop.com\\\/da\\\/product\\\/kob-aprobarbiton-online\\\/\",\"url\":\"https:\\\/\\\/everydaychemshop.com\\\/da\\\/product\\\/kob-aprobarbiton-online\\\/\",\"name\":\"Aprobarbitone til salg online uden recept - Global Meds Inc.\",\"isPartOf\":{\"@id\":\"https:\\\/\\\/everydaychemshop.com\\\/da\\\/#website\"},\"primaryImageOfPage\":{\"@id\":\"https:\\\/\\\/everydaychemshop.com\\\/da\\\/product\\\/kob-aprobarbiton-online\\\/#primaryimage\"},\"image\":{\"@id\":\"https:\\\/\\\/everydaychemshop.com\\\/da\\\/product\\\/kob-aprobarbiton-online\\\/#primaryimage\"},\"thumbnailUrl\":\"https:\\\/\\\/everydaychemshop.com\\\/da\\\/wp-content\\\/uploads\\\/sites\\\/2\\\/2022\\\/11\\\/Aprobarbitone-1.jpg\",\"datePublished\":\"2022-11-16T09:42:03+00:00\",\"dateModified\":\"2023-04-08T07:54:53+00:00\",\"description\":\"Aprobarbitone til salg online uden recept. Hvis du leder efter, hvordan du k\u00f8ber Aprobarbitone, s\u00e5 er du det rigtige sted at k\u00f8be Aprobarbitone online.\",\"breadcrumb\":{\"@id\":\"https:\\\/\\\/everydaychemshop.com\\\/da\\\/product\\\/kob-aprobarbiton-online\\\/#breadcrumb\"},\"inLanguage\":\"en-US\",\"potentialAction\":[{\"@type\":\"ReadAction\",\"target\":[\"https:\\\/\\\/everydaychemshop.com\\\/da\\\/product\\\/kob-aprobarbiton-online\\\/\"]}]},{\"@type\":\"ImageObject\",\"inLanguage\":\"en-US\",\"@id\":\"https:\\\/\\\/everydaychemshop.com\\\/da\\\/product\\\/kob-aprobarbiton-online\\\/#primaryimage\",\"url\":\"https:\\\/\\\/everydaychemshop.com\\\/da\\\/wp-content\\\/uploads\\\/sites\\\/2\\\/2022\\\/11\\\/Aprobarbitone-1.jpg\",\"contentUrl\":\"https:\\\/\\\/everydaychemshop.com\\\/da\\\/wp-content\\\/uploads\\\/sites\\\/2\\\/2022\\\/11\\\/Aprobarbitone-1.jpg\",\"width\":600,\"height\":600,\"caption\":\"K\u00f8b Aprobarbitone piller online\"},{\"@type\":\"BreadcrumbList\",\"@id\":\"https:\\\/\\\/everydaychemshop.com\\\/da\\\/product\\\/kob-aprobarbiton-online\\\/#breadcrumb\",\"itemListElement\":[{\"@type\":\"ListItem\",\"position\":1,\"name\":\"Home\",\"item\":\"https:\\\/\\\/everydaychemshop.com\\\/da\\\/\"},{\"@type\":\"ListItem\",\"position\":2,\"name\":\"Produkter\",\"item\":\"https:\\\/\\\/everydaychemshop.com\\\/da\\\/produkter\\\/\"},{\"@type\":\"ListItem\",\"position\":3,\"name\":\"K\u00f8b Aprobarbitone online\"}]},{\"@type\":\"WebSite\",\"@id\":\"https:\\\/\\\/everydaychemshop.com\\\/da\\\/#website\",\"url\":\"https:\\\/\\\/everydaychemshop.com\\\/da\\\/\",\"name\":\"Everyday Chem Shop\",\"description\":\"\",\"potentialAction\":[{\"@type\":\"SearchAction\",\"target\":{\"@type\":\"EntryPoint\",\"urlTemplate\":\"https:\\\/\\\/everydaychemshop.com\\\/da\\\/?s={search_term_string}\"},\"query-input\":{\"@type\":\"PropertyValueSpecification\",\"valueRequired\":true,\"valueName\":\"search_term_string\"}}],\"inLanguage\":\"en-US\"}]}<\/script>\n<!-- \/ Yoast SEO Premium plugin. -->","yoast_head_json":{"title":"Aprobarbitone til salg online uden recept - Global Meds Inc.","description":"Aprobarbitone til salg online uden recept. Hvis du leder efter, hvordan du k\u00f8ber Aprobarbitone, s\u00e5 er du det rigtige sted at k\u00f8be Aprobarbitone online.","robots":{"index":"index","follow":"follow","max-snippet":"max-snippet:-1","max-image-preview":"max-image-preview:large","max-video-preview":"max-video-preview:-1"},"canonical":"https:\/\/everydaychemshop.com\/da\/product\/kob-aprobarbiton-online\/","og_locale":"en_US","og_type":"article","og_title":"K\u00f8b Aprobarbitone online","og_description":"Aprobarbitone til salg online uden recept. Hvis du leder efter, hvordan du k\u00f8ber Aprobarbitone, s\u00e5 er du det rigtige sted at k\u00f8be Aprobarbitone online.","og_url":"https:\/\/everydaychemshop.com\/da\/product\/kob-aprobarbiton-online\/","og_site_name":"Everyday Chem Shop","article_modified_time":"2023-04-08T07:54:53+00:00","og_image":[{"width":600,"height":600,"url":"https:\/\/everydaychemshop.com\/da\/wp-content\/uploads\/sites\/2\/2022\/11\/Aprobarbitone-1.jpg","type":"image\/jpeg"}],"twitter_card":"summary_large_image","twitter_misc":{"Est. reading time":"2 minutes"},"schema":{"@context":"https:\/\/schema.org","@graph":[{"@type":"WebPage","@id":"https:\/\/everydaychemshop.com\/da\/product\/kob-aprobarbiton-online\/","url":"https:\/\/everydaychemshop.com\/da\/product\/kob-aprobarbiton-online\/","name":"Aprobarbitone til salg online uden recept - Global Meds Inc.","isPartOf":{"@id":"https:\/\/everydaychemshop.com\/da\/#website"},"primaryImageOfPage":{"@id":"https:\/\/everydaychemshop.com\/da\/product\/kob-aprobarbiton-online\/#primaryimage"},"image":{"@id":"https:\/\/everydaychemshop.com\/da\/product\/kob-aprobarbiton-online\/#primaryimage"},"thumbnailUrl":"https:\/\/everydaychemshop.com\/da\/wp-content\/uploads\/sites\/2\/2022\/11\/Aprobarbitone-1.jpg","datePublished":"2022-11-16T09:42:03+00:00","dateModified":"2023-04-08T07:54:53+00:00","description":"Aprobarbitone til salg online uden recept. Hvis du leder efter, hvordan du k\u00f8ber Aprobarbitone, s\u00e5 er du det rigtige sted at k\u00f8be Aprobarbitone online.","breadcrumb":{"@id":"https:\/\/everydaychemshop.com\/da\/product\/kob-aprobarbiton-online\/#breadcrumb"},"inLanguage":"en-US","potentialAction":[{"@type":"ReadAction","target":["https:\/\/everydaychemshop.com\/da\/product\/kob-aprobarbiton-online\/"]}]},{"@type":"ImageObject","inLanguage":"en-US","@id":"https:\/\/everydaychemshop.com\/da\/product\/kob-aprobarbiton-online\/#primaryimage","url":"https:\/\/everydaychemshop.com\/da\/wp-content\/uploads\/sites\/2\/2022\/11\/Aprobarbitone-1.jpg","contentUrl":"https:\/\/everydaychemshop.com\/da\/wp-content\/uploads\/sites\/2\/2022\/11\/Aprobarbitone-1.jpg","width":600,"height":600,"caption":"K\u00f8b Aprobarbitone piller online"},{"@type":"BreadcrumbList","@id":"https:\/\/everydaychemshop.com\/da\/product\/kob-aprobarbiton-online\/#breadcrumb","itemListElement":[{"@type":"ListItem","position":1,"name":"Home","item":"https:\/\/everydaychemshop.com\/da\/"},{"@type":"ListItem","position":2,"name":"Produkter","item":"https:\/\/everydaychemshop.com\/da\/produkter\/"},{"@type":"ListItem","position":3,"name":"K\u00f8b Aprobarbitone online"}]},{"@type":"WebSite","@id":"https:\/\/everydaychemshop.com\/da\/#website","url":"https:\/\/everydaychemshop.com\/da\/","name":"Everyday Chem Shop","description":"","potentialAction":[{"@type":"SearchAction","target":{"@type":"EntryPoint","urlTemplate":"https:\/\/everydaychemshop.com\/da\/?s={search_term_string}"},"query-input":{"@type":"PropertyValueSpecification","valueRequired":true,"valueName":"search_term_string"}}],"inLanguage":"en-US"}]}},"_links":{"self":[{"href":"https:\/\/everydaychemshop.com\/da\/wp-json\/wp\/v2\/product\/7583","targetHints":{"allow":["GET"]}}],"collection":[{"href":"https:\/\/everydaychemshop.com\/da\/wp-json\/wp\/v2\/product"}],"about":[{"href":"https:\/\/everydaychemshop.com\/da\/wp-json\/wp\/v2\/types\/product"}],"replies":[{"embeddable":true,"href":"https:\/\/everydaychemshop.com\/da\/wp-json\/wp\/v2\/comments?post=7583"}],"wp:featuredmedia":[{"embeddable":true,"href":"https:\/\/everydaychemshop.com\/da\/wp-json\/wp\/v2\/media\/7613"}],"wp:attachment":[{"href":"https:\/\/everydaychemshop.com\/da\/wp-json\/wp\/v2\/media?parent=7583"}],"wp:term":[{"taxonomy":"product_brand","embeddable":true,"href":"https:\/\/everydaychemshop.com\/da\/wp-json\/wp\/v2\/product_brand?post=7583"},{"taxonomy":"product_cat","embeddable":true,"href":"https:\/\/everydaychemshop.com\/da\/wp-json\/wp\/v2\/product_cat?post=7583"},{"taxonomy":"product_tag","embeddable":true,"href":"https:\/\/everydaychemshop.com\/da\/wp-json\/wp\/v2\/product_tag?post=7583"}],"curies":[{"name":"wp","href":"https:\/\/api.w.org\/{rel}","templated":true}]}}