{"id":7584,"date":"2022-11-16T09:42:03","date_gmt":"2022-11-16T09:42:03","guid":{"rendered":"https:\/\/everydaychemshop.com\/da\/?post_type=product&#038;p=7584"},"modified":"2023-04-08T07:53:44","modified_gmt":"2023-04-08T07:53:44","slug":"kob-brallobarbital-vesparax-online","status":"publish","type":"product","link":"https:\/\/everydaychemshop.com\/da\/product\/kob-brallobarbital-vesparax-online\/","title":{"rendered":"Brallobarbital (Vesparax)"},"content":{"rendered":"<h1>K\u00f8b Brallobarbital piller online<\/h1>\n<p class=\"tt\"><a href=\"https:\/\/everydaychemshop.com\/da\/product\/kob-brallobarbital-vesparax-online\/\">K\u00f8b Brallobarbital piller online<\/a>. K\u00f8b Brallobarbital (Vesparax) online fra det professionelle apotek<\/p>\n<p>Online-Nembutal-apoteket handler med Brallobarbital (Vesparax) p\u00e5 onlineplatformen og leverer det inden for tidsrammen til kunder, der har afgivet en ordre p\u00e5 det. Vi er et professionelt onlineapotek, hvorfra du kan k\u00f8be Vesparax online til de bedste tilg\u00e6ngelige priser. Vores priser er uforlignelige og overkommelige for alle. Vi har ogs\u00e5 et team <a href=\"https:\/\/en.wikipedia.org\/wiki\/Brallobarbital\">som<\/a> vil opfylde dine behov og krav vedr\u00f8rende Nembutal Brallobarbital p\u00e5 en bekvem m\u00e5de. Du kan nu effektivt k\u00f8be Nembutal Brallobarbital fra vores apotek og modtage det lige uden for d\u00f8ren.<\/p>\n<h4 class=\"tt\">Hvad er Brallobarbital (Vesparax) og hvad er brugen af \u200b\u200bdet?<\/h4>\n<p>Vesparax betragtes bredt som et atypisk antipsykotisk l\u00e6gemiddel. Det virker ved at \u00e6ndre aktiviteterne af de kemikalier, der er til stede i hjernen. Dette l\u00e6gemiddel er fundet egnet til kun at blive brugt af voksne <a href=\"https:\/\/da.wikipedia.org\/wiki\/Barbiturat\">og<\/a> b\u00f8r ikke gives til nogen under 18 \u00e5r.<\/p>\n<h4><strong>Anvendelser af Vesparax omfatter f\u00f8lgende:<\/strong><\/h4>\n<ul>\n<li>Hj\u00e6lper til behandling af skizofreni hos voksne og b\u00f8rn<\/li>\n<li>Indiceret til behandling af bipolar lidelse hos voksne og b\u00f8rn<\/li>\n<li>anvendes i kombination med antidepressiva til behandling af sv\u00e6r depressiv lidelse lidelse hos voksne&nbsp;\n<p>&nbsp;<\/p>\n<p><strong>Ved du, hvor man kan k\u00f8be Brallobarbital (Vesparax) uden recept?<\/strong><\/p>\n<p>Brallobarbital til udsalg, Brallobarbital street value, Brallobarbital dosering, hvordan laver man Brallobarbital , hvor kan jeg Brallobarbital online, hvor kan man f\u00e5 Brallobarbital , hvad er Brallobarbital , Brallobarbital i premium kvalitet til salg. Alle disse ubesvarede sp\u00f8rgsm\u00e5l kan f\u00e5 deres svar gennem os. Du skal bare g\u00e5 gennem vores hjemmeside, og du vil f\u00e5 svar p\u00e5, hvordan og hvor du kan k\u00f8be Brallobarbital-piller uden recept online.<\/p>\n<p>Hvad med Brallobarbital (Vesparax)? Ved du ogs\u00e5, hvor man kan f\u00e5 Brallobarbital til salg online uden recept? k\u00f8be Brallobarbital til salg, hvordan laver man Brallobarbital , hvordan ser Brallobarbital ud, Brallobarbital gadepris, Butabarbital pris, hvor kan man k\u00f8be Brallobarbital , ren Brallobarbital , hvor kan jeg k\u00f8be Brallobarbital online uden recept, k\u00f8b ren Brallobarbital online uden recept.<\/p>\n<p>God kvalitet Brallobarbital (Vesparax) online: Det er fuldst\u00e6ndig forst\u00e5et, at folk ikke hurtigt stoler p\u00e5 kvaliteten af \u200b\u200bBrallobarbital online, der s\u00e6lges online, fordi de ikke kan unders\u00f8ge det fysisk. Men det er ikke det samme med Online Brallobarbital online leverand\u00f8rer. Produkterne her er tro mod deres beskrivelse med vedligeholdelse af h\u00f8j kvalitet udf\u00f8rt under opsyn af eksperter.<\/p>\n<p>Hurtigt &amp; Diskret forsendelse: Leveringen af \u200b\u200bBrallobarbital online efter modtagelse af ordren sker inden for den lovede tidsramme. Fragtteamet s\u00e6tter alle deres kr\u00e6fter i at g\u00f8re forsendelses- og leveringsproceduren glat og hurtig. Du kan ogs\u00e5 forvente fremragende tjenester, n\u00e5r du k\u00f8ber Brallobarbital online fra den professionelle p\u00e5 onlineplatformen.<\/li>\n<\/ul>\n<p>&nbsp;<\/p>\n","protected":false},"excerpt":{"rendered":"<p><strong>Kom i kontakt med Online Nembutal Apotek<\/strong><\/p>\n<p>Online Nembutal Apotek er nu kun et klik v\u00e6k! Du kan give os et opkald, sms eller en e-mail for at f\u00e5 l\u00f8st dine sp\u00f8rgsm\u00e5l. Vi vil helt sikkert udf\u00f8re din ordre inden for den lovede tidsperiode. Tryk p\u00e5 din ordre for at k\u00f8be Vesparax online nu!<\/p>\n","protected":false},"featured_media":7614,"comment_status":"open","ping_status":"closed","template":"","meta":{"inline_featured_image":false},"product_brand":[],"product_cat":[58],"product_tag":[],"class_list":{"0":"post-7584","1":"product","2":"type-product","3":"status-publish","4":"has-post-thumbnail","6":"product_cat-nembutal-produkter","8":"first","9":"instock","10":"shipping-taxable","11":"purchasable","12":"product-type-variable","13":"has-default-attributes"},"yoast_head":"<!-- This site is optimized with the Yoast SEO Premium plugin v19.2 (Yoast SEO v27.3) - https:\/\/yoast.com\/product\/yoast-seo-premium-wordpress\/ -->\n<title>K\u00f8b Brallobarbital piller online - Everyday Chem Shop<\/title>\n<meta name=\"description\" content=\"K\u00f8b Brallobarbital piller online. Hvis du leder efter, hvordan du k\u00f8ber Brallobarbital, s\u00e5 er du p\u00e5 det rigtige sted at k\u00f8be Brallobarbital online.\" \/>\n<meta name=\"robots\" content=\"index, follow, max-snippet:-1, max-image-preview:large, max-video-preview:-1\" \/>\n<link rel=\"canonical\" href=\"https:\/\/everydaychemshop.com\/da\/product\/kob-brallobarbital-vesparax-online\/\" \/>\n<meta property=\"og:locale\" content=\"en_US\" \/>\n<meta property=\"og:type\" content=\"article\" \/>\n<meta property=\"og:title\" content=\"Brallobarbital (Vesparax)\" \/>\n<meta property=\"og:description\" content=\"K\u00f8b Brallobarbital piller online. Hvis du leder efter, hvordan du k\u00f8ber Brallobarbital, s\u00e5 er du p\u00e5 det rigtige sted at k\u00f8be Brallobarbital online.\" \/>\n<meta property=\"og:url\" content=\"https:\/\/everydaychemshop.com\/da\/product\/kob-brallobarbital-vesparax-online\/\" \/>\n<meta property=\"og:site_name\" content=\"Everyday Chem Shop\" \/>\n<meta property=\"article:modified_time\" content=\"2023-04-08T07:53:44+00:00\" \/>\n<meta property=\"og:image\" content=\"https:\/\/everydaychemshop.com\/da\/wp-content\/uploads\/sites\/2\/2022\/11\/brallobarbital-Vesparax.jpg\" \/>\n\t<meta property=\"og:image:width\" content=\"600\" \/>\n\t<meta property=\"og:image:height\" content=\"600\" \/>\n\t<meta property=\"og:image:type\" content=\"image\/jpeg\" \/>\n<meta name=\"twitter:card\" content=\"summary_large_image\" \/>\n<meta name=\"twitter:label1\" content=\"Est. reading time\" \/>\n\t<meta name=\"twitter:data1\" content=\"2 minutes\" \/>\n<script type=\"application\/ld+json\" class=\"yoast-schema-graph\">{\"@context\":\"https:\\\/\\\/schema.org\",\"@graph\":[{\"@type\":\"WebPage\",\"@id\":\"https:\\\/\\\/everydaychemshop.com\\\/da\\\/product\\\/kob-brallobarbital-vesparax-online\\\/\",\"url\":\"https:\\\/\\\/everydaychemshop.com\\\/da\\\/product\\\/kob-brallobarbital-vesparax-online\\\/\",\"name\":\"K\u00f8b Brallobarbital piller online - Everyday Chem Shop\",\"isPartOf\":{\"@id\":\"https:\\\/\\\/everydaychemshop.com\\\/da\\\/#website\"},\"primaryImageOfPage\":{\"@id\":\"https:\\\/\\\/everydaychemshop.com\\\/da\\\/product\\\/kob-brallobarbital-vesparax-online\\\/#primaryimage\"},\"image\":{\"@id\":\"https:\\\/\\\/everydaychemshop.com\\\/da\\\/product\\\/kob-brallobarbital-vesparax-online\\\/#primaryimage\"},\"thumbnailUrl\":\"https:\\\/\\\/everydaychemshop.com\\\/da\\\/wp-content\\\/uploads\\\/sites\\\/2\\\/2022\\\/11\\\/brallobarbital-Vesparax.jpg\",\"datePublished\":\"2022-11-16T09:42:03+00:00\",\"dateModified\":\"2023-04-08T07:53:44+00:00\",\"description\":\"K\u00f8b Brallobarbital piller online. Hvis du leder efter, hvordan du k\u00f8ber Brallobarbital, s\u00e5 er du p\u00e5 det rigtige sted at k\u00f8be Brallobarbital online.\",\"breadcrumb\":{\"@id\":\"https:\\\/\\\/everydaychemshop.com\\\/da\\\/product\\\/kob-brallobarbital-vesparax-online\\\/#breadcrumb\"},\"inLanguage\":\"en-US\",\"potentialAction\":[{\"@type\":\"ReadAction\",\"target\":[\"https:\\\/\\\/everydaychemshop.com\\\/da\\\/product\\\/kob-brallobarbital-vesparax-online\\\/\"]}]},{\"@type\":\"ImageObject\",\"inLanguage\":\"en-US\",\"@id\":\"https:\\\/\\\/everydaychemshop.com\\\/da\\\/product\\\/kob-brallobarbital-vesparax-online\\\/#primaryimage\",\"url\":\"https:\\\/\\\/everydaychemshop.com\\\/da\\\/wp-content\\\/uploads\\\/sites\\\/2\\\/2022\\\/11\\\/brallobarbital-Vesparax.jpg\",\"contentUrl\":\"https:\\\/\\\/everydaychemshop.com\\\/da\\\/wp-content\\\/uploads\\\/sites\\\/2\\\/2022\\\/11\\\/brallobarbital-Vesparax.jpg\",\"width\":600,\"height\":600,\"caption\":\"K\u00f8b Brallobarbital piller online\"},{\"@type\":\"BreadcrumbList\",\"@id\":\"https:\\\/\\\/everydaychemshop.com\\\/da\\\/product\\\/kob-brallobarbital-vesparax-online\\\/#breadcrumb\",\"itemListElement\":[{\"@type\":\"ListItem\",\"position\":1,\"name\":\"Home\",\"item\":\"https:\\\/\\\/everydaychemshop.com\\\/da\\\/\"},{\"@type\":\"ListItem\",\"position\":2,\"name\":\"Produkter\",\"item\":\"https:\\\/\\\/everydaychemshop.com\\\/da\\\/produkter\\\/\"},{\"@type\":\"ListItem\",\"position\":3,\"name\":\"Brallobarbital (Vesparax)\"}]},{\"@type\":\"WebSite\",\"@id\":\"https:\\\/\\\/everydaychemshop.com\\\/da\\\/#website\",\"url\":\"https:\\\/\\\/everydaychemshop.com\\\/da\\\/\",\"name\":\"Everyday Chem Shop\",\"description\":\"\",\"potentialAction\":[{\"@type\":\"SearchAction\",\"target\":{\"@type\":\"EntryPoint\",\"urlTemplate\":\"https:\\\/\\\/everydaychemshop.com\\\/da\\\/?s={search_term_string}\"},\"query-input\":{\"@type\":\"PropertyValueSpecification\",\"valueRequired\":true,\"valueName\":\"search_term_string\"}}],\"inLanguage\":\"en-US\"}]}<\/script>\n<!-- \/ Yoast SEO Premium plugin. -->","yoast_head_json":{"title":"K\u00f8b Brallobarbital piller online - Everyday Chem Shop","description":"K\u00f8b Brallobarbital piller online. Hvis du leder efter, hvordan du k\u00f8ber Brallobarbital, s\u00e5 er du p\u00e5 det rigtige sted at k\u00f8be Brallobarbital online.","robots":{"index":"index","follow":"follow","max-snippet":"max-snippet:-1","max-image-preview":"max-image-preview:large","max-video-preview":"max-video-preview:-1"},"canonical":"https:\/\/everydaychemshop.com\/da\/product\/kob-brallobarbital-vesparax-online\/","og_locale":"en_US","og_type":"article","og_title":"Brallobarbital (Vesparax)","og_description":"K\u00f8b Brallobarbital piller online. Hvis du leder efter, hvordan du k\u00f8ber Brallobarbital, s\u00e5 er du p\u00e5 det rigtige sted at k\u00f8be Brallobarbital online.","og_url":"https:\/\/everydaychemshop.com\/da\/product\/kob-brallobarbital-vesparax-online\/","og_site_name":"Everyday Chem Shop","article_modified_time":"2023-04-08T07:53:44+00:00","og_image":[{"width":600,"height":600,"url":"https:\/\/everydaychemshop.com\/da\/wp-content\/uploads\/sites\/2\/2022\/11\/brallobarbital-Vesparax.jpg","type":"image\/jpeg"}],"twitter_card":"summary_large_image","twitter_misc":{"Est. reading time":"2 minutes"},"schema":{"@context":"https:\/\/schema.org","@graph":[{"@type":"WebPage","@id":"https:\/\/everydaychemshop.com\/da\/product\/kob-brallobarbital-vesparax-online\/","url":"https:\/\/everydaychemshop.com\/da\/product\/kob-brallobarbital-vesparax-online\/","name":"K\u00f8b Brallobarbital piller online - Everyday Chem Shop","isPartOf":{"@id":"https:\/\/everydaychemshop.com\/da\/#website"},"primaryImageOfPage":{"@id":"https:\/\/everydaychemshop.com\/da\/product\/kob-brallobarbital-vesparax-online\/#primaryimage"},"image":{"@id":"https:\/\/everydaychemshop.com\/da\/product\/kob-brallobarbital-vesparax-online\/#primaryimage"},"thumbnailUrl":"https:\/\/everydaychemshop.com\/da\/wp-content\/uploads\/sites\/2\/2022\/11\/brallobarbital-Vesparax.jpg","datePublished":"2022-11-16T09:42:03+00:00","dateModified":"2023-04-08T07:53:44+00:00","description":"K\u00f8b Brallobarbital piller online. Hvis du leder efter, hvordan du k\u00f8ber Brallobarbital, s\u00e5 er du p\u00e5 det rigtige sted at k\u00f8be Brallobarbital online.","breadcrumb":{"@id":"https:\/\/everydaychemshop.com\/da\/product\/kob-brallobarbital-vesparax-online\/#breadcrumb"},"inLanguage":"en-US","potentialAction":[{"@type":"ReadAction","target":["https:\/\/everydaychemshop.com\/da\/product\/kob-brallobarbital-vesparax-online\/"]}]},{"@type":"ImageObject","inLanguage":"en-US","@id":"https:\/\/everydaychemshop.com\/da\/product\/kob-brallobarbital-vesparax-online\/#primaryimage","url":"https:\/\/everydaychemshop.com\/da\/wp-content\/uploads\/sites\/2\/2022\/11\/brallobarbital-Vesparax.jpg","contentUrl":"https:\/\/everydaychemshop.com\/da\/wp-content\/uploads\/sites\/2\/2022\/11\/brallobarbital-Vesparax.jpg","width":600,"height":600,"caption":"K\u00f8b Brallobarbital piller online"},{"@type":"BreadcrumbList","@id":"https:\/\/everydaychemshop.com\/da\/product\/kob-brallobarbital-vesparax-online\/#breadcrumb","itemListElement":[{"@type":"ListItem","position":1,"name":"Home","item":"https:\/\/everydaychemshop.com\/da\/"},{"@type":"ListItem","position":2,"name":"Produkter","item":"https:\/\/everydaychemshop.com\/da\/produkter\/"},{"@type":"ListItem","position":3,"name":"Brallobarbital (Vesparax)"}]},{"@type":"WebSite","@id":"https:\/\/everydaychemshop.com\/da\/#website","url":"https:\/\/everydaychemshop.com\/da\/","name":"Everyday Chem Shop","description":"","potentialAction":[{"@type":"SearchAction","target":{"@type":"EntryPoint","urlTemplate":"https:\/\/everydaychemshop.com\/da\/?s={search_term_string}"},"query-input":{"@type":"PropertyValueSpecification","valueRequired":true,"valueName":"search_term_string"}}],"inLanguage":"en-US"}]}},"_links":{"self":[{"href":"https:\/\/everydaychemshop.com\/da\/wp-json\/wp\/v2\/product\/7584","targetHints":{"allow":["GET"]}}],"collection":[{"href":"https:\/\/everydaychemshop.com\/da\/wp-json\/wp\/v2\/product"}],"about":[{"href":"https:\/\/everydaychemshop.com\/da\/wp-json\/wp\/v2\/types\/product"}],"replies":[{"embeddable":true,"href":"https:\/\/everydaychemshop.com\/da\/wp-json\/wp\/v2\/comments?post=7584"}],"wp:featuredmedia":[{"embeddable":true,"href":"https:\/\/everydaychemshop.com\/da\/wp-json\/wp\/v2\/media\/7614"}],"wp:attachment":[{"href":"https:\/\/everydaychemshop.com\/da\/wp-json\/wp\/v2\/media?parent=7584"}],"wp:term":[{"taxonomy":"product_brand","embeddable":true,"href":"https:\/\/everydaychemshop.com\/da\/wp-json\/wp\/v2\/product_brand?post=7584"},{"taxonomy":"product_cat","embeddable":true,"href":"https:\/\/everydaychemshop.com\/da\/wp-json\/wp\/v2\/product_cat?post=7584"},{"taxonomy":"product_tag","embeddable":true,"href":"https:\/\/everydaychemshop.com\/da\/wp-json\/wp\/v2\/product_tag?post=7584"}],"curies":[{"name":"wp","href":"https:\/\/api.w.org\/{rel}","templated":true}]}}