{"id":7585,"date":"2022-11-16T09:42:03","date_gmt":"2022-11-16T09:42:03","guid":{"rendered":"https:\/\/everydaychemshop.com\/da\/?post_type=product&#038;p=7585"},"modified":"2023-04-08T07:52:43","modified_gmt":"2023-04-08T07:52:43","slug":"kob-butabarbital-online","status":"publish","type":"product","link":"https:\/\/everydaychemshop.com\/da\/product\/kob-butabarbital-online\/","title":{"rendered":"K\u00f8b Butabarbital online"},"content":{"rendered":"<h1>K\u00f8b Butabarbital piller online<\/h1>\n<p class=\"tt\"><a href=\"https:\/\/everydaychemshop.com\/da\/product\/kob-butabarbital-online\/\">K\u00f8b Butabarbital piller online<\/a>. K\u00f8b Butabarbital Sodium 50 mg tabletter online fra The Top Pharmacy<\/p>\n<p>Online Nembutal Pharmacy er et ideelt apotek til at k\u00f8be Butabarbital Sodium 50 mg tabletter til de bedste priser. Vi er engageret i denne medicinindustri i en l\u00e6ngere periode. Du kan stole <a href=\"https:\/\/en.wikipedia.org\/wiki\/Butabarbital\">p\u00e5<\/a> os med hensyn til <a href=\"https:\/\/da.wikipedia.org\/wiki\/Barbiturat\">at<\/a> modtage det bedste for dit helbred. Vores professionelle teammedlemmer vil alligevel ikke svigte dine forventninger. K\u00f8b nu!<\/p>\n<h4 class=\"tt\">Hvordan kan du udnytte butabarbitalnatrium bedst muligt efter at have k\u00f8bt det hos os?<\/h4>\n<p>Butabarbitalnatrium er en perfekt medicin, der kan bruges til behandling af s\u00f8vnl\u00f8shed hos mennesker. Det er normalt en kortvarig medicin. Den medicinske industri kan bruge dette produkt som et beroligende middel f\u00f8r enhver operation.<\/p>\n<p>For at sikre en ordentlig medicin p\u00e5 butabarbitalnatrium tilbyder vi en manuel vejledning til vores kunder. I denne manual er alle instruktionerne i forbindelse med medicinen n\u00e6vnt. Du kan nemt l\u00e6se dem en efter en og bruge dem til dine tilsigtede form\u00e5l. Du kan have din fulde tillid til vores professionelle onlineapotek. Vi t\u00e6nker altid det bedste for vores v\u00e6rdifulde kunder. Vi bekymrer os altid om folks helbred og tjekker alle produkterne, f\u00f8r vi leverer dem.<\/p>\n<p>For at k\u00f8be Butabarbital Sodium til den bedste pris, kan du kontakte os. Vores team vil fortolke din ordre og forberede den samme til levering i n\u00e6ste \u00f8jeblik. Dine l\u00e6gemidler vil n\u00e5 dig inden for den tid, der er afsat af vores onlineapotek. Bestil billig Nembutal nu!<\/p>\n<p><strong>Ved du, hvor man kan k\u00f8be Butabarbital uden recept?<\/strong><\/p>\n<p>Butabarbital til salg, Butabarbital street value, Butabarbital dosering, hvordan man laver Butabarbital , hvor kan jeg Butabarbital online, hvor kan man f\u00e5 Butabarbital , hvad er Butabarbital , Butabarbital i premium kvalitet til salg. Alle disse ubesvarede sp\u00f8rgsm\u00e5l kan f\u00e5 deres svar gennem os. Du skal bare gennem vores hjemmeside, og du vil f\u00e5 svar p\u00e5, hvordan og hvor du kan k\u00f8be Butabarbital-piller uden recept online.<\/p>\n<p>Hvad med Butabarbital? Ved du ogs\u00e5, hvor man kan f\u00e5 Butabarbital til salg online uden recept? k\u00f8be Butabarbital til salg, hvordan laver man Butabarbital , hvordan ser Butalbital ud, Butabarbital gadepris, Butabarbital pris, hvor kan man k\u00f8be Butabarbital , ren Butabarbital , hvor kan jeg k\u00f8be Butabarbital online uden recept, k\u00f8b ren Butabarbital online uden recept.<\/p>\n<p>God kvalitet Butabarbital online: Det er fuldst\u00e6ndig forst\u00e5et, at folk ikke hurtigt stoler p\u00e5 kvaliteten af \u200b\u200bButabarbital online, der s\u00e6lges online, fordi de ikke kan unders\u00f8ge det fysisk. Men det er ikke det samme med Online Butabarbital online leverand\u00f8rer. Produkterne her er tro mod deres beskrivelse med vedligeholdelse af h\u00f8j kvalitet udf\u00f8rt under opsyn af eksperter.<\/p>\n<p>Hurtigt &amp; Diskret forsendelse: Leveringen af \u200b\u200bButabarbital online efter modtagelse af ordren sker inden for den lovede tidsramme. Fragtteamet s\u00e6tter alle deres kr\u00e6fter i at g\u00f8re forsendelses- og leveringsproceduren glat og hurtig. Du kan ogs\u00e5 forvente fremragende tjenester, n\u00e5r du k\u00f8ber Butabarbital online fra en professionel p\u00e5 onlineplatformen.<\/p>\n","protected":false},"excerpt":{"rendered":"<p><strong>Hvordan bestiller man Butabarbital Sodium fra Online Nembutal Pharmacy?<\/strong><\/p>\n<p>Online Nembutal Pharmacy er nu tilg\u00e6ngeligt p\u00e5 onlinestadiet. Indsend dine ordreoplysninger for at k\u00f8be Butabarbital Sodium 50 mg tabletter p\u00e5 vores officielle hjemmeside, efterfulgt af betalingen for det samme. N\u00e5r ordren er afgivet, vil den blive gennemf\u00f8rt inden for den n\u00e6vnte tidsramme. Bestil i dag!<\/p>\n","protected":false},"featured_media":7615,"comment_status":"closed","ping_status":"closed","template":"","meta":{"inline_featured_image":false},"product_brand":[],"product_cat":[58],"product_tag":[],"class_list":{"0":"post-7585","1":"product","2":"type-product","3":"status-publish","4":"has-post-thumbnail","6":"product_cat-nembutal-produkter","8":"first","9":"instock","10":"featured","11":"shipping-taxable","12":"purchasable","13":"product-type-variable","14":"has-default-attributes"},"yoast_head":"<!-- This site is optimized with the Yoast SEO Premium plugin v19.2 (Yoast SEO v27.3) - https:\/\/yoast.com\/product\/yoast-seo-premium-wordpress\/ -->\n<title>K\u00f8b Butabarbital piller online - Everyday Chem Shop<\/title>\n<meta name=\"description\" content=\"K\u00f8b Butabarbital piller online. Hvis du leder efter, hvordan du k\u00f8ber Butabarbital, s\u00e5 er du det rigtige sted at k\u00f8be Butabarbital online.\" \/>\n<meta name=\"robots\" content=\"index, follow, max-snippet:-1, max-image-preview:large, max-video-preview:-1\" \/>\n<link rel=\"canonical\" href=\"https:\/\/everydaychemshop.com\/da\/product\/kob-butabarbital-online\/\" \/>\n<meta property=\"og:locale\" content=\"en_US\" \/>\n<meta property=\"og:type\" content=\"article\" \/>\n<meta property=\"og:title\" content=\"K\u00f8b Butabarbital online\" \/>\n<meta property=\"og:description\" content=\"K\u00f8b Butabarbital piller online. Hvis du leder efter, hvordan du k\u00f8ber Butabarbital, s\u00e5 er du det rigtige sted at k\u00f8be Butabarbital online.\" \/>\n<meta property=\"og:url\" content=\"https:\/\/everydaychemshop.com\/da\/product\/kob-butabarbital-online\/\" \/>\n<meta property=\"og:site_name\" content=\"Everyday Chem Shop\" \/>\n<meta property=\"article:modified_time\" content=\"2023-04-08T07:52:43+00:00\" \/>\n<meta property=\"og:image\" content=\"https:\/\/everydaychemshop.com\/da\/wp-content\/uploads\/sites\/2\/2022\/11\/Butabarbital.jpg\" \/>\n\t<meta property=\"og:image:width\" content=\"600\" \/>\n\t<meta property=\"og:image:height\" content=\"600\" \/>\n\t<meta property=\"og:image:type\" content=\"image\/jpeg\" \/>\n<meta name=\"twitter:card\" content=\"summary_large_image\" \/>\n<meta name=\"twitter:label1\" content=\"Est. reading time\" \/>\n\t<meta name=\"twitter:data1\" content=\"3 minutes\" \/>\n<script type=\"application\/ld+json\" class=\"yoast-schema-graph\">{\"@context\":\"https:\\\/\\\/schema.org\",\"@graph\":[{\"@type\":\"WebPage\",\"@id\":\"https:\\\/\\\/everydaychemshop.com\\\/da\\\/product\\\/kob-butabarbital-online\\\/\",\"url\":\"https:\\\/\\\/everydaychemshop.com\\\/da\\\/product\\\/kob-butabarbital-online\\\/\",\"name\":\"K\u00f8b Butabarbital piller online - Everyday Chem Shop\",\"isPartOf\":{\"@id\":\"https:\\\/\\\/everydaychemshop.com\\\/da\\\/#website\"},\"primaryImageOfPage\":{\"@id\":\"https:\\\/\\\/everydaychemshop.com\\\/da\\\/product\\\/kob-butabarbital-online\\\/#primaryimage\"},\"image\":{\"@id\":\"https:\\\/\\\/everydaychemshop.com\\\/da\\\/product\\\/kob-butabarbital-online\\\/#primaryimage\"},\"thumbnailUrl\":\"https:\\\/\\\/everydaychemshop.com\\\/da\\\/wp-content\\\/uploads\\\/sites\\\/2\\\/2022\\\/11\\\/Butabarbital.jpg\",\"datePublished\":\"2022-11-16T09:42:03+00:00\",\"dateModified\":\"2023-04-08T07:52:43+00:00\",\"description\":\"K\u00f8b Butabarbital piller online. Hvis du leder efter, hvordan du k\u00f8ber Butabarbital, s\u00e5 er du det rigtige sted at k\u00f8be Butabarbital online.\",\"breadcrumb\":{\"@id\":\"https:\\\/\\\/everydaychemshop.com\\\/da\\\/product\\\/kob-butabarbital-online\\\/#breadcrumb\"},\"inLanguage\":\"en-US\",\"potentialAction\":[{\"@type\":\"ReadAction\",\"target\":[\"https:\\\/\\\/everydaychemshop.com\\\/da\\\/product\\\/kob-butabarbital-online\\\/\"]}]},{\"@type\":\"ImageObject\",\"inLanguage\":\"en-US\",\"@id\":\"https:\\\/\\\/everydaychemshop.com\\\/da\\\/product\\\/kob-butabarbital-online\\\/#primaryimage\",\"url\":\"https:\\\/\\\/everydaychemshop.com\\\/da\\\/wp-content\\\/uploads\\\/sites\\\/2\\\/2022\\\/11\\\/Butabarbital.jpg\",\"contentUrl\":\"https:\\\/\\\/everydaychemshop.com\\\/da\\\/wp-content\\\/uploads\\\/sites\\\/2\\\/2022\\\/11\\\/Butabarbital.jpg\",\"width\":600,\"height\":600,\"caption\":\"K\u00f8b Butabarbital piller online\"},{\"@type\":\"BreadcrumbList\",\"@id\":\"https:\\\/\\\/everydaychemshop.com\\\/da\\\/product\\\/kob-butabarbital-online\\\/#breadcrumb\",\"itemListElement\":[{\"@type\":\"ListItem\",\"position\":1,\"name\":\"Home\",\"item\":\"https:\\\/\\\/everydaychemshop.com\\\/da\\\/\"},{\"@type\":\"ListItem\",\"position\":2,\"name\":\"Produkter\",\"item\":\"https:\\\/\\\/everydaychemshop.com\\\/da\\\/produkter\\\/\"},{\"@type\":\"ListItem\",\"position\":3,\"name\":\"K\u00f8b Butabarbital online\"}]},{\"@type\":\"WebSite\",\"@id\":\"https:\\\/\\\/everydaychemshop.com\\\/da\\\/#website\",\"url\":\"https:\\\/\\\/everydaychemshop.com\\\/da\\\/\",\"name\":\"Everyday Chem Shop\",\"description\":\"\",\"potentialAction\":[{\"@type\":\"SearchAction\",\"target\":{\"@type\":\"EntryPoint\",\"urlTemplate\":\"https:\\\/\\\/everydaychemshop.com\\\/da\\\/?s={search_term_string}\"},\"query-input\":{\"@type\":\"PropertyValueSpecification\",\"valueRequired\":true,\"valueName\":\"search_term_string\"}}],\"inLanguage\":\"en-US\"}]}<\/script>\n<!-- \/ Yoast SEO Premium plugin. -->","yoast_head_json":{"title":"K\u00f8b Butabarbital piller online - Everyday Chem Shop","description":"K\u00f8b Butabarbital piller online. Hvis du leder efter, hvordan du k\u00f8ber Butabarbital, s\u00e5 er du det rigtige sted at k\u00f8be Butabarbital online.","robots":{"index":"index","follow":"follow","max-snippet":"max-snippet:-1","max-image-preview":"max-image-preview:large","max-video-preview":"max-video-preview:-1"},"canonical":"https:\/\/everydaychemshop.com\/da\/product\/kob-butabarbital-online\/","og_locale":"en_US","og_type":"article","og_title":"K\u00f8b Butabarbital online","og_description":"K\u00f8b Butabarbital piller online. Hvis du leder efter, hvordan du k\u00f8ber Butabarbital, s\u00e5 er du det rigtige sted at k\u00f8be Butabarbital online.","og_url":"https:\/\/everydaychemshop.com\/da\/product\/kob-butabarbital-online\/","og_site_name":"Everyday Chem Shop","article_modified_time":"2023-04-08T07:52:43+00:00","og_image":[{"width":600,"height":600,"url":"https:\/\/everydaychemshop.com\/da\/wp-content\/uploads\/sites\/2\/2022\/11\/Butabarbital.jpg","type":"image\/jpeg"}],"twitter_card":"summary_large_image","twitter_misc":{"Est. reading time":"3 minutes"},"schema":{"@context":"https:\/\/schema.org","@graph":[{"@type":"WebPage","@id":"https:\/\/everydaychemshop.com\/da\/product\/kob-butabarbital-online\/","url":"https:\/\/everydaychemshop.com\/da\/product\/kob-butabarbital-online\/","name":"K\u00f8b Butabarbital piller online - Everyday Chem Shop","isPartOf":{"@id":"https:\/\/everydaychemshop.com\/da\/#website"},"primaryImageOfPage":{"@id":"https:\/\/everydaychemshop.com\/da\/product\/kob-butabarbital-online\/#primaryimage"},"image":{"@id":"https:\/\/everydaychemshop.com\/da\/product\/kob-butabarbital-online\/#primaryimage"},"thumbnailUrl":"https:\/\/everydaychemshop.com\/da\/wp-content\/uploads\/sites\/2\/2022\/11\/Butabarbital.jpg","datePublished":"2022-11-16T09:42:03+00:00","dateModified":"2023-04-08T07:52:43+00:00","description":"K\u00f8b Butabarbital piller online. Hvis du leder efter, hvordan du k\u00f8ber Butabarbital, s\u00e5 er du det rigtige sted at k\u00f8be Butabarbital online.","breadcrumb":{"@id":"https:\/\/everydaychemshop.com\/da\/product\/kob-butabarbital-online\/#breadcrumb"},"inLanguage":"en-US","potentialAction":[{"@type":"ReadAction","target":["https:\/\/everydaychemshop.com\/da\/product\/kob-butabarbital-online\/"]}]},{"@type":"ImageObject","inLanguage":"en-US","@id":"https:\/\/everydaychemshop.com\/da\/product\/kob-butabarbital-online\/#primaryimage","url":"https:\/\/everydaychemshop.com\/da\/wp-content\/uploads\/sites\/2\/2022\/11\/Butabarbital.jpg","contentUrl":"https:\/\/everydaychemshop.com\/da\/wp-content\/uploads\/sites\/2\/2022\/11\/Butabarbital.jpg","width":600,"height":600,"caption":"K\u00f8b Butabarbital piller online"},{"@type":"BreadcrumbList","@id":"https:\/\/everydaychemshop.com\/da\/product\/kob-butabarbital-online\/#breadcrumb","itemListElement":[{"@type":"ListItem","position":1,"name":"Home","item":"https:\/\/everydaychemshop.com\/da\/"},{"@type":"ListItem","position":2,"name":"Produkter","item":"https:\/\/everydaychemshop.com\/da\/produkter\/"},{"@type":"ListItem","position":3,"name":"K\u00f8b Butabarbital online"}]},{"@type":"WebSite","@id":"https:\/\/everydaychemshop.com\/da\/#website","url":"https:\/\/everydaychemshop.com\/da\/","name":"Everyday Chem Shop","description":"","potentialAction":[{"@type":"SearchAction","target":{"@type":"EntryPoint","urlTemplate":"https:\/\/everydaychemshop.com\/da\/?s={search_term_string}"},"query-input":{"@type":"PropertyValueSpecification","valueRequired":true,"valueName":"search_term_string"}}],"inLanguage":"en-US"}]}},"_links":{"self":[{"href":"https:\/\/everydaychemshop.com\/da\/wp-json\/wp\/v2\/product\/7585","targetHints":{"allow":["GET"]}}],"collection":[{"href":"https:\/\/everydaychemshop.com\/da\/wp-json\/wp\/v2\/product"}],"about":[{"href":"https:\/\/everydaychemshop.com\/da\/wp-json\/wp\/v2\/types\/product"}],"replies":[{"embeddable":true,"href":"https:\/\/everydaychemshop.com\/da\/wp-json\/wp\/v2\/comments?post=7585"}],"wp:featuredmedia":[{"embeddable":true,"href":"https:\/\/everydaychemshop.com\/da\/wp-json\/wp\/v2\/media\/7615"}],"wp:attachment":[{"href":"https:\/\/everydaychemshop.com\/da\/wp-json\/wp\/v2\/media?parent=7585"}],"wp:term":[{"taxonomy":"product_brand","embeddable":true,"href":"https:\/\/everydaychemshop.com\/da\/wp-json\/wp\/v2\/product_brand?post=7585"},{"taxonomy":"product_cat","embeddable":true,"href":"https:\/\/everydaychemshop.com\/da\/wp-json\/wp\/v2\/product_cat?post=7585"},{"taxonomy":"product_tag","embeddable":true,"href":"https:\/\/everydaychemshop.com\/da\/wp-json\/wp\/v2\/product_tag?post=7585"}],"curies":[{"name":"wp","href":"https:\/\/api.w.org\/{rel}","templated":true}]}}