{"id":7586,"date":"2022-11-16T09:42:04","date_gmt":"2022-11-16T09:42:04","guid":{"rendered":"https:\/\/everydaychemshop.com\/da\/?post_type=product&#038;p=7586"},"modified":"2023-04-08T07:47:50","modified_gmt":"2023-04-08T07:47:50","slug":"kob-butalbital-online","status":"publish","type":"product","link":"https:\/\/everydaychemshop.com\/da\/product\/kob-butalbital-online\/","title":{"rendered":"Butalbital"},"content":{"rendered":"<h1>K\u00f8b Butalbital piller online<\/h1>\n<p class=\"tt\"><a href=\"https:\/\/everydaychemshop.com\/da\/product\/kob-butalbital-online\/\">K\u00f8b Butalbital piller online<\/a>. K\u00f8b Butalbital online uden recept fra det bedste onlineapotek<\/p>\n<p>Online Nembutal Pharmacy er et h\u00e6derkronet onlineapotek kendt for sin professionalisme og f\u00f8rsteklasses kvalitetsl\u00e6gemidler. Her kan du nemt k\u00f8be Butalbital online uden recept. Vi er konsekvente med at s\u00e6lge h\u00f8jkvalitetsproduktet til kunder globalt. Vi tager os af alle vores kunders behov og krav og fuldender dem altid inden for <a href=\"https:\/\/en.wikipedia.org\/wiki\/Butalbital\">tidsrammen<\/a>.<\/p>\n<p>Du kan straks komme i kontakt med os via onlineplatformen og modtage de p\u00e5t\u00e6nkte l\u00e6gemidler inden for en kort tidsramme. Bestil Butalbital online i dag!<\/p>\n<p class=\"tt\"><strong>Hvordan gavner Butalbital dig?<\/strong><\/p>\n<p>Butalbital er en kortvarig medicin. Du kan bekvemt bruge denne medicin i kombination med andre l\u00e6gemidler som paracetamol (acetaminophen) eller aspirin til behandling af smerter og hovedpine. <a href=\"https:\/\/da.wikipedia.org\/wiki\/Barbiturat\">Den<\/a> er ogs\u00e5 godkendt til behandling af sp\u00e6ndingshovedpine.<\/p>\n<p>For at k\u00f8be Butalbital online til den bedste pris, kan du starte med at l\u00e6gge den i indk\u00f8bskurven. N\u00e5r tilf\u00f8jelsen er foretaget, kan du g\u00e5 videre med fuldf\u00f8relsen af \u200b\u200bbetalingen. Vi har leveret en r\u00e6kke betalingsgateways. Du kan v\u00e6lge den passende og foretage betaling for dit produkt.<\/p>\n<p class=\"tt\"><strong>Hvor skal jeg bestille Butalbital online til den bedste pris?<\/strong><\/p>\n<p>Hvis du har f\u00e5et ordineret Butalbital, s\u00e5 er det tid til at k\u00f8be Butalbital til salg p\u00e5 Online Nembutal Pharmacy. Connect med vores onlineapotek er blevet den nemmeste ting nogensinde. Vi har en meget enkel og brugervenlig hjemmeside for at f\u00e5 vores kunder til at f\u00f8le sig godt tilpas, mens de bestiller deres produkter.<\/p>\n<p><strong>Ved du, hvor man kan k\u00f8be Butalbital uden recept?<\/strong><\/p>\n<p>Butalbital til salg, Butalbital street value, Butalbital dosering, hvordan laver man Butalbital , hvor kan jeg Butalbital online, hvor kan man f\u00e5 Butalbital , hvad er Butalbital , Butalbital i premium kvalitet til salg. Alle disse ubesvarede sp\u00f8rgsm\u00e5l kan f\u00e5 deres svar gennem os. Du skal blot gennem vores hjemmeside, og du vil f\u00e5 svar p\u00e5, hvordan og hvor du kan k\u00f8be Metadon-piller uden recept online.<\/p>\n<p>Hvad med Butalbital? Ved du ogs\u00e5, hvor man kan f\u00e5 Butalbital til salg online uden recept? k\u00f8be Butalbital til salg, hvordan laver man Butalbital , hvordan ser Butalbital ud, Butalbital gadepris, Butalbital pris, hvor kan man k\u00f8be Butalbital , ren Butalbital , hvor kan jeg k\u00f8be Butalbital online uden recept, k\u00f8b ren Butalbital online uden recept.<\/p>\n<p>God kvalitet Butalbital online: Det er fuldst\u00e6ndig forst\u00e5et, at folk ikke hurtigt stoler p\u00e5 kvaliteten af \u200b\u200bButalbital online, der s\u00e6lges online, fordi de ikke kan unders\u00f8ge det fysisk. Men det er ikke det samme med Online Butalbital online leverand\u00f8rer. Produkterne her er tro mod deres beskrivelse med vedligeholdelse af h\u00f8j kvalitet udf\u00f8rt under opsyn af eksperter.<\/p>\n<p>Hurtigt &amp; Diskret forsendelse: Leveringen af \u200b\u200bButalbital online efter modtagelse af ordren sker inden for den lovede tidsramme. Fragtteamet s\u00e6tter alle deres kr\u00e6fter i at g\u00f8re forsendelses- og leveringsproceduren glat og hurtig. Du kan ogs\u00e5 forvente fremragende tjenester, n\u00e5r du k\u00f8ber Butalbital online fra en professionel p\u00e5 online platformen.<\/p>\n","protected":false},"excerpt":{"rendered":"<p>I det \u00f8jeblik din ordre er afgivet; det vil blive modtaget af vores onlineapotek. Vi vil prioritere det og gennemf\u00f8re det s\u00e5 hurtigt som muligt. Vi tager normalt en uges tid i leveringen af \u200b\u200bprodukterne, og det inkluderer kun hverdagene. I l\u00f8bet af en uges tid vil du modtage Butalbital p\u00e5 bedste vis. Tryk p\u00e5 din ordre med det samme!<\/p>\n","protected":false},"featured_media":7616,"comment_status":"closed","ping_status":"closed","template":"","meta":{"inline_featured_image":false},"product_brand":[],"product_cat":[58],"product_tag":[],"class_list":{"0":"post-7586","1":"product","2":"type-product","3":"status-publish","4":"has-post-thumbnail","6":"product_cat-nembutal-produkter","8":"first","9":"instock","10":"featured","11":"shipping-taxable","12":"purchasable","13":"product-type-variable","14":"has-default-attributes"},"yoast_head":"<!-- This site is optimized with the Yoast SEO Premium plugin v19.2 (Yoast SEO v27.3) - https:\/\/yoast.com\/product\/yoast-seo-premium-wordpress\/ -->\n<title>K\u00f8b Butalbital piller online - Everyday Chem Shop<\/title>\n<meta name=\"description\" content=\"K\u00f8b Butalbital piller online. Hvis du leder efter, hvordan du k\u00f8ber Butalbital, s\u00e5 er du det rigtige sted at k\u00f8be Butalbital online.\" \/>\n<meta name=\"robots\" content=\"index, follow, max-snippet:-1, max-image-preview:large, max-video-preview:-1\" \/>\n<link rel=\"canonical\" href=\"https:\/\/everydaychemshop.com\/da\/product\/kob-butalbital-online\/\" \/>\n<meta property=\"og:locale\" content=\"en_US\" \/>\n<meta property=\"og:type\" content=\"article\" \/>\n<meta property=\"og:title\" content=\"Butalbital\" \/>\n<meta property=\"og:description\" content=\"K\u00f8b Butalbital piller online. Hvis du leder efter, hvordan du k\u00f8ber Butalbital, s\u00e5 er du det rigtige sted at k\u00f8be Butalbital online.\" \/>\n<meta property=\"og:url\" content=\"https:\/\/everydaychemshop.com\/da\/product\/kob-butalbital-online\/\" \/>\n<meta property=\"og:site_name\" content=\"Everyday Chem Shop\" \/>\n<meta property=\"article:modified_time\" content=\"2023-04-08T07:47:50+00:00\" \/>\n<meta property=\"og:image\" content=\"https:\/\/everydaychemshop.com\/da\/wp-content\/uploads\/sites\/2\/2022\/11\/Butalbital.jpg\" \/>\n\t<meta property=\"og:image:width\" content=\"600\" \/>\n\t<meta property=\"og:image:height\" content=\"600\" \/>\n\t<meta property=\"og:image:type\" content=\"image\/jpeg\" \/>\n<meta name=\"twitter:card\" content=\"summary_large_image\" \/>\n<meta name=\"twitter:label1\" content=\"Est. reading time\" \/>\n\t<meta name=\"twitter:data1\" content=\"3 minutes\" \/>\n<script type=\"application\/ld+json\" class=\"yoast-schema-graph\">{\"@context\":\"https:\\\/\\\/schema.org\",\"@graph\":[{\"@type\":\"WebPage\",\"@id\":\"https:\\\/\\\/everydaychemshop.com\\\/da\\\/product\\\/kob-butalbital-online\\\/\",\"url\":\"https:\\\/\\\/everydaychemshop.com\\\/da\\\/product\\\/kob-butalbital-online\\\/\",\"name\":\"K\u00f8b Butalbital piller online - Everyday Chem Shop\",\"isPartOf\":{\"@id\":\"https:\\\/\\\/everydaychemshop.com\\\/da\\\/#website\"},\"primaryImageOfPage\":{\"@id\":\"https:\\\/\\\/everydaychemshop.com\\\/da\\\/product\\\/kob-butalbital-online\\\/#primaryimage\"},\"image\":{\"@id\":\"https:\\\/\\\/everydaychemshop.com\\\/da\\\/product\\\/kob-butalbital-online\\\/#primaryimage\"},\"thumbnailUrl\":\"https:\\\/\\\/everydaychemshop.com\\\/da\\\/wp-content\\\/uploads\\\/sites\\\/2\\\/2022\\\/11\\\/Butalbital.jpg\",\"datePublished\":\"2022-11-16T09:42:04+00:00\",\"dateModified\":\"2023-04-08T07:47:50+00:00\",\"description\":\"K\u00f8b Butalbital piller online. Hvis du leder efter, hvordan du k\u00f8ber Butalbital, s\u00e5 er du det rigtige sted at k\u00f8be Butalbital online.\",\"breadcrumb\":{\"@id\":\"https:\\\/\\\/everydaychemshop.com\\\/da\\\/product\\\/kob-butalbital-online\\\/#breadcrumb\"},\"inLanguage\":\"en-US\",\"potentialAction\":[{\"@type\":\"ReadAction\",\"target\":[\"https:\\\/\\\/everydaychemshop.com\\\/da\\\/product\\\/kob-butalbital-online\\\/\"]}]},{\"@type\":\"ImageObject\",\"inLanguage\":\"en-US\",\"@id\":\"https:\\\/\\\/everydaychemshop.com\\\/da\\\/product\\\/kob-butalbital-online\\\/#primaryimage\",\"url\":\"https:\\\/\\\/everydaychemshop.com\\\/da\\\/wp-content\\\/uploads\\\/sites\\\/2\\\/2022\\\/11\\\/Butalbital.jpg\",\"contentUrl\":\"https:\\\/\\\/everydaychemshop.com\\\/da\\\/wp-content\\\/uploads\\\/sites\\\/2\\\/2022\\\/11\\\/Butalbital.jpg\",\"width\":600,\"height\":600,\"caption\":\"K\u00f8b Butalbital piller online\"},{\"@type\":\"BreadcrumbList\",\"@id\":\"https:\\\/\\\/everydaychemshop.com\\\/da\\\/product\\\/kob-butalbital-online\\\/#breadcrumb\",\"itemListElement\":[{\"@type\":\"ListItem\",\"position\":1,\"name\":\"Home\",\"item\":\"https:\\\/\\\/everydaychemshop.com\\\/da\\\/\"},{\"@type\":\"ListItem\",\"position\":2,\"name\":\"Produkter\",\"item\":\"https:\\\/\\\/everydaychemshop.com\\\/da\\\/produkter\\\/\"},{\"@type\":\"ListItem\",\"position\":3,\"name\":\"Butalbital\"}]},{\"@type\":\"WebSite\",\"@id\":\"https:\\\/\\\/everydaychemshop.com\\\/da\\\/#website\",\"url\":\"https:\\\/\\\/everydaychemshop.com\\\/da\\\/\",\"name\":\"Everyday Chem Shop\",\"description\":\"\",\"potentialAction\":[{\"@type\":\"SearchAction\",\"target\":{\"@type\":\"EntryPoint\",\"urlTemplate\":\"https:\\\/\\\/everydaychemshop.com\\\/da\\\/?s={search_term_string}\"},\"query-input\":{\"@type\":\"PropertyValueSpecification\",\"valueRequired\":true,\"valueName\":\"search_term_string\"}}],\"inLanguage\":\"en-US\"}]}<\/script>\n<!-- \/ Yoast SEO Premium plugin. -->","yoast_head_json":{"title":"K\u00f8b Butalbital piller online - Everyday Chem Shop","description":"K\u00f8b Butalbital piller online. Hvis du leder efter, hvordan du k\u00f8ber Butalbital, s\u00e5 er du det rigtige sted at k\u00f8be Butalbital online.","robots":{"index":"index","follow":"follow","max-snippet":"max-snippet:-1","max-image-preview":"max-image-preview:large","max-video-preview":"max-video-preview:-1"},"canonical":"https:\/\/everydaychemshop.com\/da\/product\/kob-butalbital-online\/","og_locale":"en_US","og_type":"article","og_title":"Butalbital","og_description":"K\u00f8b Butalbital piller online. Hvis du leder efter, hvordan du k\u00f8ber Butalbital, s\u00e5 er du det rigtige sted at k\u00f8be Butalbital online.","og_url":"https:\/\/everydaychemshop.com\/da\/product\/kob-butalbital-online\/","og_site_name":"Everyday Chem Shop","article_modified_time":"2023-04-08T07:47:50+00:00","og_image":[{"width":600,"height":600,"url":"https:\/\/everydaychemshop.com\/da\/wp-content\/uploads\/sites\/2\/2022\/11\/Butalbital.jpg","type":"image\/jpeg"}],"twitter_card":"summary_large_image","twitter_misc":{"Est. reading time":"3 minutes"},"schema":{"@context":"https:\/\/schema.org","@graph":[{"@type":"WebPage","@id":"https:\/\/everydaychemshop.com\/da\/product\/kob-butalbital-online\/","url":"https:\/\/everydaychemshop.com\/da\/product\/kob-butalbital-online\/","name":"K\u00f8b Butalbital piller online - Everyday Chem Shop","isPartOf":{"@id":"https:\/\/everydaychemshop.com\/da\/#website"},"primaryImageOfPage":{"@id":"https:\/\/everydaychemshop.com\/da\/product\/kob-butalbital-online\/#primaryimage"},"image":{"@id":"https:\/\/everydaychemshop.com\/da\/product\/kob-butalbital-online\/#primaryimage"},"thumbnailUrl":"https:\/\/everydaychemshop.com\/da\/wp-content\/uploads\/sites\/2\/2022\/11\/Butalbital.jpg","datePublished":"2022-11-16T09:42:04+00:00","dateModified":"2023-04-08T07:47:50+00:00","description":"K\u00f8b Butalbital piller online. Hvis du leder efter, hvordan du k\u00f8ber Butalbital, s\u00e5 er du det rigtige sted at k\u00f8be Butalbital online.","breadcrumb":{"@id":"https:\/\/everydaychemshop.com\/da\/product\/kob-butalbital-online\/#breadcrumb"},"inLanguage":"en-US","potentialAction":[{"@type":"ReadAction","target":["https:\/\/everydaychemshop.com\/da\/product\/kob-butalbital-online\/"]}]},{"@type":"ImageObject","inLanguage":"en-US","@id":"https:\/\/everydaychemshop.com\/da\/product\/kob-butalbital-online\/#primaryimage","url":"https:\/\/everydaychemshop.com\/da\/wp-content\/uploads\/sites\/2\/2022\/11\/Butalbital.jpg","contentUrl":"https:\/\/everydaychemshop.com\/da\/wp-content\/uploads\/sites\/2\/2022\/11\/Butalbital.jpg","width":600,"height":600,"caption":"K\u00f8b Butalbital piller online"},{"@type":"BreadcrumbList","@id":"https:\/\/everydaychemshop.com\/da\/product\/kob-butalbital-online\/#breadcrumb","itemListElement":[{"@type":"ListItem","position":1,"name":"Home","item":"https:\/\/everydaychemshop.com\/da\/"},{"@type":"ListItem","position":2,"name":"Produkter","item":"https:\/\/everydaychemshop.com\/da\/produkter\/"},{"@type":"ListItem","position":3,"name":"Butalbital"}]},{"@type":"WebSite","@id":"https:\/\/everydaychemshop.com\/da\/#website","url":"https:\/\/everydaychemshop.com\/da\/","name":"Everyday Chem Shop","description":"","potentialAction":[{"@type":"SearchAction","target":{"@type":"EntryPoint","urlTemplate":"https:\/\/everydaychemshop.com\/da\/?s={search_term_string}"},"query-input":{"@type":"PropertyValueSpecification","valueRequired":true,"valueName":"search_term_string"}}],"inLanguage":"en-US"}]}},"_links":{"self":[{"href":"https:\/\/everydaychemshop.com\/da\/wp-json\/wp\/v2\/product\/7586","targetHints":{"allow":["GET"]}}],"collection":[{"href":"https:\/\/everydaychemshop.com\/da\/wp-json\/wp\/v2\/product"}],"about":[{"href":"https:\/\/everydaychemshop.com\/da\/wp-json\/wp\/v2\/types\/product"}],"replies":[{"embeddable":true,"href":"https:\/\/everydaychemshop.com\/da\/wp-json\/wp\/v2\/comments?post=7586"}],"wp:featuredmedia":[{"embeddable":true,"href":"https:\/\/everydaychemshop.com\/da\/wp-json\/wp\/v2\/media\/7616"}],"wp:attachment":[{"href":"https:\/\/everydaychemshop.com\/da\/wp-json\/wp\/v2\/media?parent=7586"}],"wp:term":[{"taxonomy":"product_brand","embeddable":true,"href":"https:\/\/everydaychemshop.com\/da\/wp-json\/wp\/v2\/product_brand?post=7586"},{"taxonomy":"product_cat","embeddable":true,"href":"https:\/\/everydaychemshop.com\/da\/wp-json\/wp\/v2\/product_cat?post=7586"},{"taxonomy":"product_tag","embeddable":true,"href":"https:\/\/everydaychemshop.com\/da\/wp-json\/wp\/v2\/product_tag?post=7586"}],"curies":[{"name":"wp","href":"https:\/\/api.w.org\/{rel}","templated":true}]}}