{"id":7587,"date":"2022-11-16T09:42:04","date_gmt":"2022-11-16T09:42:04","guid":{"rendered":"https:\/\/everydaychemshop.com\/da\/?post_type=product&#038;p=7587"},"modified":"2023-04-08T07:49:02","modified_gmt":"2023-04-08T07:49:02","slug":"kob-nembutal-kapsler-online","status":"publish","type":"product","link":"https:\/\/everydaychemshop.com\/da\/product\/kob-nembutal-kapsler-online\/","title":{"rendered":"Nembutal kapsler"},"content":{"rendered":"<h1><strong>K\u00f8b Nembutal kapsler online<\/strong><\/h1>\n<p><a href=\"https:\/\/everydaychemshop.com\/da\/product\/kob-nembutal-kapsler-online\/\">K\u00f8b Nembutal kapsler online<\/a>. M\u00f8d de bedste leverand\u00f8rer og forhandlere af Nembutal-kapsler p\u00e5 vores Online Nembutal-apotek<\/p>\n<p>Finder du et p\u00e5lideligt og professionelt onlineapotek, der kan hj\u00e6lpe dig med at k\u00f8be Nembutal-kapsler online til den bedste pris? Hvis ja, s\u00e5 er du helt sikkert kommet til det rigtige sted. Vi er et anerkendt onlineapotek kendt <a href=\"https:\/\/da.wikipedia.org\/wiki\/Pentobarbital\">under<\/a> navnet Online Nembutal Pharmacy. Da vi er de bedste leverand\u00f8rer og leverand\u00f8rer p\u00e5 onlinemarkedet, har vi f\u00e5et en masse loyale kunder, som regelm\u00e6ssigt k\u00f8ber Nembutal-kapsler fra vores onlineapotek.<\/p>\n<p>Selv hvis du k\u00f8ber Nembutal-kapsler for f\u00f8rste gang fra vores onlineapotek, skal du ikke bekymre dig om noget. Du f\u00e5r kun det bedste herfra. Vi er altid her for at hj\u00e6lpe dig med at k\u00f8be Nembutal-kapsler online p\u00e5 en bekvem m\u00e5de. Vi f\u00f8lger korrekte industristandarder og giver vores kunder deres produkter p\u00e5 samme m\u00e5de. Der bliver ikke indg\u00e5et <a href=\"https:\/\/en.wikipedia.org\/wiki\/Pentobarbital\">kompromis<\/a> med kvaliteten, emballagen eller leveringen af \u200b\u200bNembutal-kapslerne fra vores onlineapotek. Hvis du ser frem til at k\u00f8be Nembutal-kapsler, s\u00e5 kontakt os i dag og f\u00e5 opfyldt dine krav p\u00e5 kort tid.<\/p>\n<p class=\"tt\"><strong>Hvorfor at v\u00e6lge Nembutal-apotek er den bedste beslutning om at k\u00f8be Nembutal Kapsler?<\/strong><\/p>\n<p>Hvis du \u00f8nsker Nembutal Kapsler p\u00e5 en pr\u00e6cis m\u00e5de med kvalitetskontrolleret og hurtig leveringsfacilitet, s\u00e5 er det altid det bedste valg at v\u00e6lge os. Online Nembutal Pharmacy s\u00e6lger Nembutal Kapsler af den bedste kvalitet til overkommelige priser over hele verden. En ting, der holder os p\u00e5 sporet, er, at vi ikke bruger mellemm\u00e6nd i vores transaktionsproces. Vi kommunikerer direkte til kunderne og gennemf\u00f8rer deres ordre i tide.<\/p>\n<p>For at arbejde p\u00e5 dette dom\u00e6ne over en lang periode, er vi blevet v\u00e6rdsat af vores kunder i form af positive anmeldelser og tilbagemeldinger. Vores team sikrer, at Nembutal Capsules n\u00e5r ud til kunderne p\u00e5 en sikker og sikker m\u00e5de. Til hvert produkt giver vi et vedh\u00e6ftet s\u00e6t instruktioner. Disse instruktioner vil hj\u00e6lpe dig med at h\u00e5ndtere din medicin p\u00e5 Nembutal-kapsler p\u00e5 en beskyttet m\u00e5de.<\/p>\n<p>Vores fremragende tjenester er altid tilg\u00e6ngelige for dig. Du kan f\u00e5 mere information om medicinen p\u00e5 Nembutal-kapsler ved hj\u00e6lp af vores onlineapotek. Tidligere plejede folk at k\u00e6mpe med at k\u00f8be Nembutal-kapsler. Men med tidens fremskridt er vores onlineapotek kommet med Nembutal-produkter. Du kan k\u00f8be dem n\u00e5r som helst og hvor som helst.<\/p>\n<p><strong>Ved du hvor man kan k\u00f8be nembutal kapsler online?<\/strong><\/p>\n<p>nembutal kapsler til salg, nembutal kapsler street value, nembutal kapsler dosering, hvordan laver man nembutal piller , hvor kan jeg k\u00f8be nembutal kapsler online, hvor kan man f\u00e5 nembutal kapsler , hvad er nembutal kapsler , Nembutal kapsler i premium kvalitet til salg. Alle disse ubesvarede sp\u00f8rgsm\u00e5l kan f\u00e5 deres svar gennem os. Du skal blot gennem vores hjemmeside, og du vil f\u00e5 svar p\u00e5, hvordan og hvor du kan k\u00f8be nembutal kapsler online.<\/p>\n<p>Hvad med nembutal kapsler? Ved du ogs\u00e5 hvor man kan f\u00e5 nembutal kapsler til salg online? k\u00f8be nembutal kapsler til salg, hvordan laver man nembutal kapsler , hvordan ser nembutal kapsler ud, nembutal kapsler gadepris, nembutal pulver pris, hvor kan man k\u00f8be nembutal kapsler , rent nembutal pulver, hvor kan jeg k\u00f8be nembutal kapsler online, Seconal nembutal piller, k\u00f8b rene nembutal kapsler online.<\/p>\n<p>God kvalitet nembutal kapsler online: Det er fuldst\u00e6ndig forst\u00e5et, at folk ikke hurtigt stoler p\u00e5 kvaliteten af \u200b\u200bnembutal kapsler online, der s\u00e6lges online, fordi de ikke kan unders\u00f8ge det fysisk. Men det er ikke det samme med Online nembutal kapsler online leverand\u00f8rer. Produkterne her er tro mod deres beskrivelse med vedligeholdelse af h\u00f8j kvalitet udf\u00f8rt under supervision af eksperterne.<\/p>\n<p>Hurtigt &amp; Diskret forsendelse: Leveringen af \u200b\u200bnembutal-kapslerne online efter modtagelse af ordren sker inden for den lovede tidsramme. Fragtteamet s\u00e6tter alle deres kr\u00e6fter i at g\u00f8re forsendelses- og leveringsproceduren glat og hurtig. Du kan ogs\u00e5 forvente fremragende service, n\u00e5r du k\u00f8ber nembutal-kapsler online fra en professionel p\u00e5 onlineplatformen.<\/p>\n","protected":false},"excerpt":{"rendered":"<p><strong>Hvordan bestiller du Nembutal-kapsler online?<\/strong><\/p>\n<p>P\u00e5 vores officielle hjemmeside kan du tilf\u00f8je dit krav om at k\u00f8be Nembutal-kapsler online til den bedste pris og f\u00e5 det gennemf\u00f8rt p\u00e5 kort tid. Din ordre er vores ansvar. Kontakt os i dag og f\u00e5 Nembutal Kapsler til salg p\u00e5 den enkleste m\u00e5de!<\/p>\n","protected":false},"featured_media":7617,"comment_status":"closed","ping_status":"closed","template":"","meta":{"inline_featured_image":false},"product_brand":[],"product_cat":[58],"product_tag":[],"class_list":{"0":"post-7587","1":"product","2":"type-product","3":"status-publish","4":"has-post-thumbnail","6":"product_cat-nembutal-produkter","8":"first","9":"instock","10":"featured","11":"shipping-taxable","12":"purchasable","13":"product-type-variable","14":"has-default-attributes"},"yoast_head":"<!-- This site is optimized with the Yoast SEO Premium plugin v19.2 (Yoast SEO v27.3) - https:\/\/yoast.com\/product\/yoast-seo-premium-wordpress\/ -->\n<title>K\u00f8b Nembutal kapsler online - Everyday Chem Shop<\/title>\n<meta name=\"description\" content=\"K\u00f8b Nembutal kapsler online. Hvis du leder efter, hvordan du k\u00f8ber Nembutal kapsler, s\u00e5 er du p\u00e5 det rigtige sted at k\u00f8be Nembutal kapsler online.\" \/>\n<meta name=\"robots\" content=\"index, follow, max-snippet:-1, max-image-preview:large, max-video-preview:-1\" \/>\n<link rel=\"canonical\" href=\"https:\/\/everydaychemshop.com\/da\/product\/kob-nembutal-kapsler-online\/\" \/>\n<meta property=\"og:locale\" content=\"en_US\" \/>\n<meta property=\"og:type\" content=\"article\" \/>\n<meta property=\"og:title\" content=\"Nembutal kapsler\" \/>\n<meta property=\"og:description\" content=\"K\u00f8b Nembutal kapsler online. Hvis du leder efter, hvordan du k\u00f8ber Nembutal kapsler, s\u00e5 er du p\u00e5 det rigtige sted at k\u00f8be Nembutal kapsler online.\" \/>\n<meta property=\"og:url\" content=\"https:\/\/everydaychemshop.com\/da\/product\/kob-nembutal-kapsler-online\/\" \/>\n<meta property=\"og:site_name\" content=\"Everyday Chem Shop\" \/>\n<meta property=\"article:modified_time\" content=\"2023-04-08T07:49:02+00:00\" \/>\n<meta property=\"og:image\" content=\"https:\/\/everydaychemshop.com\/da\/wp-content\/uploads\/sites\/2\/2022\/11\/nembutal-capsules.jpg\" \/>\n\t<meta property=\"og:image:width\" content=\"600\" \/>\n\t<meta property=\"og:image:height\" content=\"600\" \/>\n\t<meta property=\"og:image:type\" content=\"image\/jpeg\" \/>\n<meta name=\"twitter:card\" content=\"summary_large_image\" \/>\n<meta name=\"twitter:label1\" content=\"Est. reading time\" \/>\n\t<meta name=\"twitter:data1\" content=\"3 minutes\" \/>\n<script type=\"application\/ld+json\" class=\"yoast-schema-graph\">{\"@context\":\"https:\\\/\\\/schema.org\",\"@graph\":[{\"@type\":\"WebPage\",\"@id\":\"https:\\\/\\\/everydaychemshop.com\\\/da\\\/product\\\/kob-nembutal-kapsler-online\\\/\",\"url\":\"https:\\\/\\\/everydaychemshop.com\\\/da\\\/product\\\/kob-nembutal-kapsler-online\\\/\",\"name\":\"K\u00f8b Nembutal kapsler online - Everyday Chem Shop\",\"isPartOf\":{\"@id\":\"https:\\\/\\\/everydaychemshop.com\\\/da\\\/#website\"},\"primaryImageOfPage\":{\"@id\":\"https:\\\/\\\/everydaychemshop.com\\\/da\\\/product\\\/kob-nembutal-kapsler-online\\\/#primaryimage\"},\"image\":{\"@id\":\"https:\\\/\\\/everydaychemshop.com\\\/da\\\/product\\\/kob-nembutal-kapsler-online\\\/#primaryimage\"},\"thumbnailUrl\":\"https:\\\/\\\/everydaychemshop.com\\\/da\\\/wp-content\\\/uploads\\\/sites\\\/2\\\/2022\\\/11\\\/nembutal-capsules.jpg\",\"datePublished\":\"2022-11-16T09:42:04+00:00\",\"dateModified\":\"2023-04-08T07:49:02+00:00\",\"description\":\"K\u00f8b Nembutal kapsler online. Hvis du leder efter, hvordan du k\u00f8ber Nembutal kapsler, s\u00e5 er du p\u00e5 det rigtige sted at k\u00f8be Nembutal kapsler online.\",\"breadcrumb\":{\"@id\":\"https:\\\/\\\/everydaychemshop.com\\\/da\\\/product\\\/kob-nembutal-kapsler-online\\\/#breadcrumb\"},\"inLanguage\":\"en-US\",\"potentialAction\":[{\"@type\":\"ReadAction\",\"target\":[\"https:\\\/\\\/everydaychemshop.com\\\/da\\\/product\\\/kob-nembutal-kapsler-online\\\/\"]}]},{\"@type\":\"ImageObject\",\"inLanguage\":\"en-US\",\"@id\":\"https:\\\/\\\/everydaychemshop.com\\\/da\\\/product\\\/kob-nembutal-kapsler-online\\\/#primaryimage\",\"url\":\"https:\\\/\\\/everydaychemshop.com\\\/da\\\/wp-content\\\/uploads\\\/sites\\\/2\\\/2022\\\/11\\\/nembutal-capsules.jpg\",\"contentUrl\":\"https:\\\/\\\/everydaychemshop.com\\\/da\\\/wp-content\\\/uploads\\\/sites\\\/2\\\/2022\\\/11\\\/nembutal-capsules.jpg\",\"width\":600,\"height\":600,\"caption\":\"K\u00f8b Nembutal kapsler online\"},{\"@type\":\"BreadcrumbList\",\"@id\":\"https:\\\/\\\/everydaychemshop.com\\\/da\\\/product\\\/kob-nembutal-kapsler-online\\\/#breadcrumb\",\"itemListElement\":[{\"@type\":\"ListItem\",\"position\":1,\"name\":\"Home\",\"item\":\"https:\\\/\\\/everydaychemshop.com\\\/da\\\/\"},{\"@type\":\"ListItem\",\"position\":2,\"name\":\"Produkter\",\"item\":\"https:\\\/\\\/everydaychemshop.com\\\/da\\\/produkter\\\/\"},{\"@type\":\"ListItem\",\"position\":3,\"name\":\"Nembutal kapsler\"}]},{\"@type\":\"WebSite\",\"@id\":\"https:\\\/\\\/everydaychemshop.com\\\/da\\\/#website\",\"url\":\"https:\\\/\\\/everydaychemshop.com\\\/da\\\/\",\"name\":\"Everyday Chem Shop\",\"description\":\"\",\"potentialAction\":[{\"@type\":\"SearchAction\",\"target\":{\"@type\":\"EntryPoint\",\"urlTemplate\":\"https:\\\/\\\/everydaychemshop.com\\\/da\\\/?s={search_term_string}\"},\"query-input\":{\"@type\":\"PropertyValueSpecification\",\"valueRequired\":true,\"valueName\":\"search_term_string\"}}],\"inLanguage\":\"en-US\"}]}<\/script>\n<!-- \/ Yoast SEO Premium plugin. -->","yoast_head_json":{"title":"K\u00f8b Nembutal kapsler online - Everyday Chem Shop","description":"K\u00f8b Nembutal kapsler online. Hvis du leder efter, hvordan du k\u00f8ber Nembutal kapsler, s\u00e5 er du p\u00e5 det rigtige sted at k\u00f8be Nembutal kapsler online.","robots":{"index":"index","follow":"follow","max-snippet":"max-snippet:-1","max-image-preview":"max-image-preview:large","max-video-preview":"max-video-preview:-1"},"canonical":"https:\/\/everydaychemshop.com\/da\/product\/kob-nembutal-kapsler-online\/","og_locale":"en_US","og_type":"article","og_title":"Nembutal kapsler","og_description":"K\u00f8b Nembutal kapsler online. Hvis du leder efter, hvordan du k\u00f8ber Nembutal kapsler, s\u00e5 er du p\u00e5 det rigtige sted at k\u00f8be Nembutal kapsler online.","og_url":"https:\/\/everydaychemshop.com\/da\/product\/kob-nembutal-kapsler-online\/","og_site_name":"Everyday Chem Shop","article_modified_time":"2023-04-08T07:49:02+00:00","og_image":[{"width":600,"height":600,"url":"https:\/\/everydaychemshop.com\/da\/wp-content\/uploads\/sites\/2\/2022\/11\/nembutal-capsules.jpg","type":"image\/jpeg"}],"twitter_card":"summary_large_image","twitter_misc":{"Est. reading time":"3 minutes"},"schema":{"@context":"https:\/\/schema.org","@graph":[{"@type":"WebPage","@id":"https:\/\/everydaychemshop.com\/da\/product\/kob-nembutal-kapsler-online\/","url":"https:\/\/everydaychemshop.com\/da\/product\/kob-nembutal-kapsler-online\/","name":"K\u00f8b Nembutal kapsler online - Everyday Chem Shop","isPartOf":{"@id":"https:\/\/everydaychemshop.com\/da\/#website"},"primaryImageOfPage":{"@id":"https:\/\/everydaychemshop.com\/da\/product\/kob-nembutal-kapsler-online\/#primaryimage"},"image":{"@id":"https:\/\/everydaychemshop.com\/da\/product\/kob-nembutal-kapsler-online\/#primaryimage"},"thumbnailUrl":"https:\/\/everydaychemshop.com\/da\/wp-content\/uploads\/sites\/2\/2022\/11\/nembutal-capsules.jpg","datePublished":"2022-11-16T09:42:04+00:00","dateModified":"2023-04-08T07:49:02+00:00","description":"K\u00f8b Nembutal kapsler online. Hvis du leder efter, hvordan du k\u00f8ber Nembutal kapsler, s\u00e5 er du p\u00e5 det rigtige sted at k\u00f8be Nembutal kapsler online.","breadcrumb":{"@id":"https:\/\/everydaychemshop.com\/da\/product\/kob-nembutal-kapsler-online\/#breadcrumb"},"inLanguage":"en-US","potentialAction":[{"@type":"ReadAction","target":["https:\/\/everydaychemshop.com\/da\/product\/kob-nembutal-kapsler-online\/"]}]},{"@type":"ImageObject","inLanguage":"en-US","@id":"https:\/\/everydaychemshop.com\/da\/product\/kob-nembutal-kapsler-online\/#primaryimage","url":"https:\/\/everydaychemshop.com\/da\/wp-content\/uploads\/sites\/2\/2022\/11\/nembutal-capsules.jpg","contentUrl":"https:\/\/everydaychemshop.com\/da\/wp-content\/uploads\/sites\/2\/2022\/11\/nembutal-capsules.jpg","width":600,"height":600,"caption":"K\u00f8b Nembutal kapsler online"},{"@type":"BreadcrumbList","@id":"https:\/\/everydaychemshop.com\/da\/product\/kob-nembutal-kapsler-online\/#breadcrumb","itemListElement":[{"@type":"ListItem","position":1,"name":"Home","item":"https:\/\/everydaychemshop.com\/da\/"},{"@type":"ListItem","position":2,"name":"Produkter","item":"https:\/\/everydaychemshop.com\/da\/produkter\/"},{"@type":"ListItem","position":3,"name":"Nembutal kapsler"}]},{"@type":"WebSite","@id":"https:\/\/everydaychemshop.com\/da\/#website","url":"https:\/\/everydaychemshop.com\/da\/","name":"Everyday Chem Shop","description":"","potentialAction":[{"@type":"SearchAction","target":{"@type":"EntryPoint","urlTemplate":"https:\/\/everydaychemshop.com\/da\/?s={search_term_string}"},"query-input":{"@type":"PropertyValueSpecification","valueRequired":true,"valueName":"search_term_string"}}],"inLanguage":"en-US"}]}},"_links":{"self":[{"href":"https:\/\/everydaychemshop.com\/da\/wp-json\/wp\/v2\/product\/7587","targetHints":{"allow":["GET"]}}],"collection":[{"href":"https:\/\/everydaychemshop.com\/da\/wp-json\/wp\/v2\/product"}],"about":[{"href":"https:\/\/everydaychemshop.com\/da\/wp-json\/wp\/v2\/types\/product"}],"replies":[{"embeddable":true,"href":"https:\/\/everydaychemshop.com\/da\/wp-json\/wp\/v2\/comments?post=7587"}],"wp:featuredmedia":[{"embeddable":true,"href":"https:\/\/everydaychemshop.com\/da\/wp-json\/wp\/v2\/media\/7617"}],"wp:attachment":[{"href":"https:\/\/everydaychemshop.com\/da\/wp-json\/wp\/v2\/media?parent=7587"}],"wp:term":[{"taxonomy":"product_brand","embeddable":true,"href":"https:\/\/everydaychemshop.com\/da\/wp-json\/wp\/v2\/product_brand?post=7587"},{"taxonomy":"product_cat","embeddable":true,"href":"https:\/\/everydaychemshop.com\/da\/wp-json\/wp\/v2\/product_cat?post=7587"},{"taxonomy":"product_tag","embeddable":true,"href":"https:\/\/everydaychemshop.com\/da\/wp-json\/wp\/v2\/product_tag?post=7587"}],"curies":[{"name":"wp","href":"https:\/\/api.w.org\/{rel}","templated":true}]}}