{"id":7588,"date":"2022-11-16T09:42:04","date_gmt":"2022-11-16T09:42:04","guid":{"rendered":"https:\/\/everydaychemshop.com\/da\/?post_type=product&#038;p=7588"},"modified":"2023-04-08T07:50:29","modified_gmt":"2023-04-08T07:50:29","slug":"kob-nembutal-piller-online","status":"publish","type":"product","link":"https:\/\/everydaychemshop.com\/da\/product\/kob-nembutal-piller-online\/","title":{"rendered":"K\u00f8b Nembutal piller online"},"content":{"rendered":"<h1 class=\"tt\">K\u00f8b Nembutal piller online<\/h1>\n<p><a href=\"https:\/\/everydaychemshop.com\/da\/product\/kob-nembutal-piller-online\/\">K\u00f8b Nembutal piller online<\/a>. Hos Everyday Chem Shop kan du nu f\u00e5 en ordre om at k\u00f8be Nembutal-piller og udnytte dem bedst muligt for dine sundhedsm\u00e6ssige fordele. Vi vil tage dine ordreoplysninger i betragtning og sende dem til din n\u00e6vnte destination p\u00e5 en ordentlig m\u00e5de. Kontakt os i dag og k\u00f8b Nembutal-piller til salg til overkommelige priser.<\/p>\n<p>Med vores fremragende ry i branchen tilbyder vi Nembutal-piller p\u00e5 en pr\u00e6cis m\u00e5de. Vi f\u00f8lger et hurtigt og nemt leveringssystem for vores kunder for at sikre, at de modtager ordren s\u00e5 hurtigt som muligt. Vi g\u00f8r altid vores bedste for ikke at f\u00e5 vores kunder til at vente p\u00e5 deres produktlevering.<\/p>\n<p>Da er et specialiseret onlineapotek, efterlader vi n\u00e6sten ikke noget aspekt eller element involveret i den glatte produktlevering. Vores team overv\u00e5ger alt hver dag for ikke at g\u00e5 glip af noget. Vi \u00f8nsker, at vores v\u00e6rdifulde <a href=\"https:\/\/da.wikipedia.org\/wiki\/Pentobarbital\">kunder<\/a> f\u00e5r det bedste for deres helbred.<\/p>\n<h3 class=\"tt\">Hvad er Nembutal-pillers rolle i folks liv?<\/h3>\n<p>Nembutal-piller er ikke bare tilf\u00e6ldige medicin, der kan k\u00f8bes p\u00e5 et lokalt apotek eller apotek. Det er en premium medicin, der bruges som et narkotikum til behandling af s\u00f8vnmangel hos mennesker. P\u00e5 hospitalerne og medicinske klinikker bruger l\u00e6ger og kirurger Nembutal-piller til at fremkalde s\u00f8vn hos patienterne, s\u00e5 de kan g\u00e5 videre med den medicinske procedure. Hvis du har brug for Nembutal-piller, kan du oprette forbindelse til den bedste online-apotek i onlineverdenen, nemlig Online Nembutal-apotek. Her f\u00e5r du det bedste af alt. Kommuniker med os nu!<\/p>\n<p>&nbsp;<\/p>\n<h3 class=\"tt\">K\u00f8b Nembutal-tabletter online til den bedste pris fra vores bedste onlineapotek<\/h3>\n<p>P\u00e5 onlineplatformen, k\u00f8bet af Nembutal tabletter er blevet nemt og bekvemt for alle. Hvis du ogs\u00e5 \u00f8nsker at k\u00f8be Nembutal tabletter online, s\u00e5 kontakt Online Nembutal Apotek. Vores apotek er et dedikeret, p\u00e5lideligt og \u00f8konomisk overkommeligt sted, hvor du kan opfylde dine krav vedr\u00f8rende Nembutal.<\/p>\n<p>Vi tror p\u00e5 kvalitetsprodukter og leverer det samme til vores kunder. Ordren om at k\u00f8be Nembutal tabletter online til den bedste pris vil blive opfyldt af os inden for en kort tidsramme. Vi f\u00e5r dig ikke til at vente l\u00e6ngere. Forvent levering af dine produkter inden l\u00e6nge fra vores onlineapotek. Vi har et diskret og sikkert leveringssystem. Vi giver ikke plads til fejl. Alle ordrer udf\u00f8res professionelt her. K\u00f8b nu!<\/p>\n<h3>Nembutal-tabletter &#8211; F\u00e5 mere at vide om dens sikre anvendelser med hj\u00e6lp fra vores professionelle team<\/h3>\n<p>Nembutal-tabletter bruges i vid udstr\u00e6kning som medicin til behandling af s\u00f8vnl\u00f8shed, sedation og anfaldstilstande. Vi har leveret Nembutal-tabletter over hele verden i lang tid. I flere tilf\u00e6lde bruger l\u00e6ger dette produkt som bed\u00f8velse hos patienterne, f\u00f8r de udf\u00f8rer nogen operation p\u00e5 dem. For at teste disse tabletter foretager vi lejlighedsvise tests for at sikre deres effektivitet fra tid til anden.<\/p>\n<p>Vi leverer Nembutal-tabletter. med en medicinvejledning. Dette hj\u00e6lper vores kunder med korrekt administration og forst\u00e5else af den korrekte dosis af denne medicin i henhold til deres v\u00e6gt, alder og medicinske tilstand. Vi betragter ogs\u00e5 Nembutal-tabletter som de enkleste og bedste l\u00e6gemidler til mennesker, der lider af s\u00f8vnproblemer.<\/p>\n<p>Vores eksperter er tilg\u00e6ngelige d\u00f8gnet rundt, alle ugens dage for at hj\u00e6lpe dig med at forst\u00e5 alt om Nembutal-tabletternes anvendelse. Priserne p\u00e5 vores Nembutal-tabletter er overkommelige for alle. Du skal dog ikke stresse over priserne p\u00e5 dette produkt. Bestil dine krav lige nu!<\/p>\n<p>&nbsp;<\/p>\n<h3 class=\"tt\">K\u00f8b Nembutal Pentobarbital online fra The Expert Pharmacy<\/h3>\n<p>Online Nembutal Pharmacy er den eneste p\u00e5lidelige destination hvorfra du kan k\u00f8be Nembutal Pentobarbital online til de bedste tilg\u00e6ngelige priser. I det \u00f8jeblik vi modtager ordreoplysningerne fra dig, vil de blive lagt ind i forberedelsesprocessen efterfulgt af leveringen. Vores teammedlemmer vil pakke din medicin sikkert og sende den til dig inden for en kort periode. Du kan forvente det bedste af alt fra os ang\u00e5ende kvaliteten og rettidig levering af Nembutal Pentobarbital.<\/p>\n<h3 class=\"tt\">Hvad skal du k\u00f8be Nembutal Pentobarbital? Hvilket er det rigtige sted at k\u00f8be det?<\/h3>\n<p>Nembutal Pentobarbital er en effektiv medicin, der for det meste bruges i kombination med andre recepter til at kontrollere anfald. Hvis du har problemer relateret til anfald, s\u00e5 er denne medicin det rigtige for dig. Du kan leve hele din dag med stor energi uden at bekymre dig om episoden med anfald. Det producerer sin indvirkning p\u00e5 forskellige dele af hjernen, der f\u00f8rer til ro i kroppen.<\/p>\n<p>Online Nembutal Apotek er det rigtige sted for dig at k\u00f8be Nembutal Pentobarbital online til den bedste pris. Denne medicin s\u00e6lges her i den bedste sundhed og m\u00e5de. Al vores medicin er laboratorietestet og gennemg\u00e5r flere tests. Vi har bundet op med de bedste medicinproducenter over hele verden. Hvis du k\u00f8ber medicin hos os, s\u00e5 er der ingen grund til at stresse over noget som helst. Du vil helt sikkert f\u00e5 det bedste for dit helbred!<\/p>\n<p><strong>Ved du, hvor man kan k\u00f8be nembutal piller online?<\/strong><\/p>\n<p>nembutal piller til salg, nembutal pills street v\u00e6rdi, nembutal pulver dosering, hvordan man laver nembutal piller , hvor kan jeg k\u00f8be nembutal piller online, hvor kan man f\u00e5 nembutal piller , hvad er nembutal piller , Nembutal piller i premium kvalitet til salg. Alle disse ubesvarede sp\u00f8rgsm\u00e5l kan f\u00e5 deres svar gennem os. Du skal blot gennem vores hjemmeside, og du vil f\u00e5 svar p\u00e5, hvordan og hvor du kan k\u00f8be nembutal piller online.<\/p>\n<p>Hvad med nembutal piller? Ved du ogs\u00e5 hvor man kan f\u00e5 nembutal piller til salg online? k\u00f8be nembutal piller til salg, hvordan laver man nembutal piller , hvordan ser nembutal piller ud, nembutal piller gadepris, nembutal pulver pris, hvor kan man k\u00f8be nembutal piller , ren nembutal pulver, hvor kan jeg k\u00f8be nembutal piller online, Seconal nembutal piller, k\u00f8b rene nembutal piller online.<\/p>\n<p>Nembutal piller af god kvalitet online: Det er fuldst\u00e6ndig forst\u00e5et, at folk ikke hurtigt stoler p\u00e5 kvaliteten af \u200b\u200bnembutal piller online, der s\u00e6lges online, fordi de ikke kan unders\u00f8ge det fysisk. Men det er ikke det samme med Online nembutal piller online leverand\u00f8rer. Produkterne her er tro mod deres beskrivelse med vedligeholdelse af h\u00f8j kvalitet udf\u00f8rt under opsyn af eksperter.<\/p>\n<p>Hurtigt &amp; Diskret forsendelse: Leveringen af \u200b\u200bnembutal-pillerne online efter modtagelse af ordren sker inden for den lovede tidsramme. Fragtteamet s\u00e6tter alle deres kr\u00e6fter i at g\u00f8re forsendelses- og leveringsproceduren glat og hurtig. Du kan ogs\u00e5 forvente fremragende service, n\u00e5r du k\u00f8ber nembutal piller online fra den professionelle p\u00e5 online platformen.<\/p>\n","protected":false},"excerpt":{"rendered":"<p><strong>Hvordan f\u00e5r du forbindelse til det bedste onlineapotek for at k\u00f8be Nembutal-piller online?<\/strong><\/p>\n<p>Hvis du vil vide, hvordan du f\u00e5r forbindelse til det bedste onlineapotek for at k\u00f8be Nembutal-piller online, s\u00e5 er Pentobarbital Group altid tilg\u00e6ngelig for at give dig komplet support. Vi er her for at hj\u00e6lpe dig med at k\u00f8be Nembutal piller online til den bedste pris. Du kan indsende ordren her og vente p\u00e5 dens udf\u00f8relse inden for et sp\u00f8rgsm\u00e5l om tid. Vi vil ikke foretage un\u00f8dvendige forsinkelser i leveringen. Kontakt i dag!<\/p>\n","protected":false},"featured_media":7619,"comment_status":"open","ping_status":"closed","template":"","meta":{"inline_featured_image":false},"product_brand":[],"product_cat":[58],"product_tag":[],"class_list":{"0":"post-7588","1":"product","2":"type-product","3":"status-publish","4":"has-post-thumbnail","6":"product_cat-nembutal-produkter","8":"first","9":"instock","10":"featured","11":"shipping-taxable","12":"purchasable","13":"product-type-variable","14":"has-default-attributes"},"yoast_head":"<!-- This site is optimized with the Yoast SEO Premium plugin v19.2 (Yoast SEO v27.3) - https:\/\/yoast.com\/product\/yoast-seo-premium-wordpress\/ -->\n<title>K\u00f8b Nembutal piller online - Everyday Chem Shop<\/title>\n<meta name=\"description\" content=\"K\u00f8b Nembutal piller online. Hos Everyday Chem Shop s\u00e6lger vi Nembutal-piller til en god og overkommelig pris. T\u00f8v ikke med at kontakte os, hvis du \u00f8nsker at k\u00f8be Nembutal piller online\" \/>\n<meta name=\"robots\" content=\"index, follow, max-snippet:-1, max-image-preview:large, max-video-preview:-1\" \/>\n<link rel=\"canonical\" href=\"https:\/\/everydaychemshop.com\/da\/product\/kob-nembutal-piller-online\/\" \/>\n<meta property=\"og:locale\" content=\"en_US\" \/>\n<meta property=\"og:type\" content=\"article\" \/>\n<meta property=\"og:title\" content=\"K\u00f8b Nembutal piller online\" \/>\n<meta property=\"og:description\" content=\"K\u00f8b Nembutal piller online. Hos Everyday Chem Shop s\u00e6lger vi Nembutal-piller til en god og overkommelig pris. T\u00f8v ikke med at kontakte os, hvis du \u00f8nsker at k\u00f8be Nembutal piller online\" \/>\n<meta property=\"og:url\" content=\"https:\/\/everydaychemshop.com\/da\/product\/kob-nembutal-piller-online\/\" \/>\n<meta property=\"og:site_name\" content=\"Everyday Chem Shop\" \/>\n<meta property=\"article:modified_time\" content=\"2023-04-08T07:50:29+00:00\" \/>\n<meta property=\"og:image\" content=\"https:\/\/everydaychemshop.com\/da\/wp-content\/uploads\/sites\/2\/2022\/11\/nembutal-pills.jpg\" \/>\n\t<meta property=\"og:image:width\" content=\"600\" \/>\n\t<meta property=\"og:image:height\" content=\"600\" \/>\n\t<meta property=\"og:image:type\" content=\"image\/jpeg\" \/>\n<meta name=\"twitter:card\" content=\"summary_large_image\" \/>\n<meta name=\"twitter:label1\" content=\"Est. reading time\" \/>\n\t<meta name=\"twitter:data1\" content=\"5 minutes\" \/>\n<script type=\"application\/ld+json\" class=\"yoast-schema-graph\">{\"@context\":\"https:\\\/\\\/schema.org\",\"@graph\":[{\"@type\":\"WebPage\",\"@id\":\"https:\\\/\\\/everydaychemshop.com\\\/da\\\/product\\\/kob-nembutal-piller-online\\\/\",\"url\":\"https:\\\/\\\/everydaychemshop.com\\\/da\\\/product\\\/kob-nembutal-piller-online\\\/\",\"name\":\"K\u00f8b Nembutal piller online - Everyday Chem Shop\",\"isPartOf\":{\"@id\":\"https:\\\/\\\/everydaychemshop.com\\\/da\\\/#website\"},\"primaryImageOfPage\":{\"@id\":\"https:\\\/\\\/everydaychemshop.com\\\/da\\\/product\\\/kob-nembutal-piller-online\\\/#primaryimage\"},\"image\":{\"@id\":\"https:\\\/\\\/everydaychemshop.com\\\/da\\\/product\\\/kob-nembutal-piller-online\\\/#primaryimage\"},\"thumbnailUrl\":\"https:\\\/\\\/everydaychemshop.com\\\/da\\\/wp-content\\\/uploads\\\/sites\\\/2\\\/2022\\\/11\\\/nembutal-pills.jpg\",\"datePublished\":\"2022-11-16T09:42:04+00:00\",\"dateModified\":\"2023-04-08T07:50:29+00:00\",\"description\":\"K\u00f8b Nembutal piller online. Hos Everyday Chem Shop s\u00e6lger vi Nembutal-piller til en god og overkommelig pris. T\u00f8v ikke med at kontakte os, hvis du \u00f8nsker at k\u00f8be Nembutal piller online\",\"breadcrumb\":{\"@id\":\"https:\\\/\\\/everydaychemshop.com\\\/da\\\/product\\\/kob-nembutal-piller-online\\\/#breadcrumb\"},\"inLanguage\":\"en-US\",\"potentialAction\":[{\"@type\":\"ReadAction\",\"target\":[\"https:\\\/\\\/everydaychemshop.com\\\/da\\\/product\\\/kob-nembutal-piller-online\\\/\"]}]},{\"@type\":\"ImageObject\",\"inLanguage\":\"en-US\",\"@id\":\"https:\\\/\\\/everydaychemshop.com\\\/da\\\/product\\\/kob-nembutal-piller-online\\\/#primaryimage\",\"url\":\"https:\\\/\\\/everydaychemshop.com\\\/da\\\/wp-content\\\/uploads\\\/sites\\\/2\\\/2022\\\/11\\\/nembutal-pills.jpg\",\"contentUrl\":\"https:\\\/\\\/everydaychemshop.com\\\/da\\\/wp-content\\\/uploads\\\/sites\\\/2\\\/2022\\\/11\\\/nembutal-pills.jpg\",\"width\":600,\"height\":600,\"caption\":\"K\u00f8b Nembutal piller online\"},{\"@type\":\"BreadcrumbList\",\"@id\":\"https:\\\/\\\/everydaychemshop.com\\\/da\\\/product\\\/kob-nembutal-piller-online\\\/#breadcrumb\",\"itemListElement\":[{\"@type\":\"ListItem\",\"position\":1,\"name\":\"Home\",\"item\":\"https:\\\/\\\/everydaychemshop.com\\\/da\\\/\"},{\"@type\":\"ListItem\",\"position\":2,\"name\":\"Produkter\",\"item\":\"https:\\\/\\\/everydaychemshop.com\\\/da\\\/produkter\\\/\"},{\"@type\":\"ListItem\",\"position\":3,\"name\":\"K\u00f8b Nembutal piller online\"}]},{\"@type\":\"WebSite\",\"@id\":\"https:\\\/\\\/everydaychemshop.com\\\/da\\\/#website\",\"url\":\"https:\\\/\\\/everydaychemshop.com\\\/da\\\/\",\"name\":\"Everyday Chem Shop\",\"description\":\"\",\"potentialAction\":[{\"@type\":\"SearchAction\",\"target\":{\"@type\":\"EntryPoint\",\"urlTemplate\":\"https:\\\/\\\/everydaychemshop.com\\\/da\\\/?s={search_term_string}\"},\"query-input\":{\"@type\":\"PropertyValueSpecification\",\"valueRequired\":true,\"valueName\":\"search_term_string\"}}],\"inLanguage\":\"en-US\"}]}<\/script>\n<!-- \/ Yoast SEO Premium plugin. -->","yoast_head_json":{"title":"K\u00f8b Nembutal piller online - Everyday Chem Shop","description":"K\u00f8b Nembutal piller online. Hos Everyday Chem Shop s\u00e6lger vi Nembutal-piller til en god og overkommelig pris. T\u00f8v ikke med at kontakte os, hvis du \u00f8nsker at k\u00f8be Nembutal piller online","robots":{"index":"index","follow":"follow","max-snippet":"max-snippet:-1","max-image-preview":"max-image-preview:large","max-video-preview":"max-video-preview:-1"},"canonical":"https:\/\/everydaychemshop.com\/da\/product\/kob-nembutal-piller-online\/","og_locale":"en_US","og_type":"article","og_title":"K\u00f8b Nembutal piller online","og_description":"K\u00f8b Nembutal piller online. Hos Everyday Chem Shop s\u00e6lger vi Nembutal-piller til en god og overkommelig pris. T\u00f8v ikke med at kontakte os, hvis du \u00f8nsker at k\u00f8be Nembutal piller online","og_url":"https:\/\/everydaychemshop.com\/da\/product\/kob-nembutal-piller-online\/","og_site_name":"Everyday Chem Shop","article_modified_time":"2023-04-08T07:50:29+00:00","og_image":[{"width":600,"height":600,"url":"https:\/\/everydaychemshop.com\/da\/wp-content\/uploads\/sites\/2\/2022\/11\/nembutal-pills.jpg","type":"image\/jpeg"}],"twitter_card":"summary_large_image","twitter_misc":{"Est. reading time":"5 minutes"},"schema":{"@context":"https:\/\/schema.org","@graph":[{"@type":"WebPage","@id":"https:\/\/everydaychemshop.com\/da\/product\/kob-nembutal-piller-online\/","url":"https:\/\/everydaychemshop.com\/da\/product\/kob-nembutal-piller-online\/","name":"K\u00f8b Nembutal piller online - Everyday Chem Shop","isPartOf":{"@id":"https:\/\/everydaychemshop.com\/da\/#website"},"primaryImageOfPage":{"@id":"https:\/\/everydaychemshop.com\/da\/product\/kob-nembutal-piller-online\/#primaryimage"},"image":{"@id":"https:\/\/everydaychemshop.com\/da\/product\/kob-nembutal-piller-online\/#primaryimage"},"thumbnailUrl":"https:\/\/everydaychemshop.com\/da\/wp-content\/uploads\/sites\/2\/2022\/11\/nembutal-pills.jpg","datePublished":"2022-11-16T09:42:04+00:00","dateModified":"2023-04-08T07:50:29+00:00","description":"K\u00f8b Nembutal piller online. Hos Everyday Chem Shop s\u00e6lger vi Nembutal-piller til en god og overkommelig pris. T\u00f8v ikke med at kontakte os, hvis du \u00f8nsker at k\u00f8be Nembutal piller online","breadcrumb":{"@id":"https:\/\/everydaychemshop.com\/da\/product\/kob-nembutal-piller-online\/#breadcrumb"},"inLanguage":"en-US","potentialAction":[{"@type":"ReadAction","target":["https:\/\/everydaychemshop.com\/da\/product\/kob-nembutal-piller-online\/"]}]},{"@type":"ImageObject","inLanguage":"en-US","@id":"https:\/\/everydaychemshop.com\/da\/product\/kob-nembutal-piller-online\/#primaryimage","url":"https:\/\/everydaychemshop.com\/da\/wp-content\/uploads\/sites\/2\/2022\/11\/nembutal-pills.jpg","contentUrl":"https:\/\/everydaychemshop.com\/da\/wp-content\/uploads\/sites\/2\/2022\/11\/nembutal-pills.jpg","width":600,"height":600,"caption":"K\u00f8b Nembutal piller online"},{"@type":"BreadcrumbList","@id":"https:\/\/everydaychemshop.com\/da\/product\/kob-nembutal-piller-online\/#breadcrumb","itemListElement":[{"@type":"ListItem","position":1,"name":"Home","item":"https:\/\/everydaychemshop.com\/da\/"},{"@type":"ListItem","position":2,"name":"Produkter","item":"https:\/\/everydaychemshop.com\/da\/produkter\/"},{"@type":"ListItem","position":3,"name":"K\u00f8b Nembutal piller online"}]},{"@type":"WebSite","@id":"https:\/\/everydaychemshop.com\/da\/#website","url":"https:\/\/everydaychemshop.com\/da\/","name":"Everyday Chem Shop","description":"","potentialAction":[{"@type":"SearchAction","target":{"@type":"EntryPoint","urlTemplate":"https:\/\/everydaychemshop.com\/da\/?s={search_term_string}"},"query-input":{"@type":"PropertyValueSpecification","valueRequired":true,"valueName":"search_term_string"}}],"inLanguage":"en-US"}]}},"_links":{"self":[{"href":"https:\/\/everydaychemshop.com\/da\/wp-json\/wp\/v2\/product\/7588","targetHints":{"allow":["GET"]}}],"collection":[{"href":"https:\/\/everydaychemshop.com\/da\/wp-json\/wp\/v2\/product"}],"about":[{"href":"https:\/\/everydaychemshop.com\/da\/wp-json\/wp\/v2\/types\/product"}],"replies":[{"embeddable":true,"href":"https:\/\/everydaychemshop.com\/da\/wp-json\/wp\/v2\/comments?post=7588"}],"wp:featuredmedia":[{"embeddable":true,"href":"https:\/\/everydaychemshop.com\/da\/wp-json\/wp\/v2\/media\/7619"}],"wp:attachment":[{"href":"https:\/\/everydaychemshop.com\/da\/wp-json\/wp\/v2\/media?parent=7588"}],"wp:term":[{"taxonomy":"product_brand","embeddable":true,"href":"https:\/\/everydaychemshop.com\/da\/wp-json\/wp\/v2\/product_brand?post=7588"},{"taxonomy":"product_cat","embeddable":true,"href":"https:\/\/everydaychemshop.com\/da\/wp-json\/wp\/v2\/product_cat?post=7588"},{"taxonomy":"product_tag","embeddable":true,"href":"https:\/\/everydaychemshop.com\/da\/wp-json\/wp\/v2\/product_tag?post=7588"}],"curies":[{"name":"wp","href":"https:\/\/api.w.org\/{rel}","templated":true}]}}