{"id":7589,"date":"2022-11-16T09:42:04","date_gmt":"2022-11-16T09:42:04","guid":{"rendered":"https:\/\/everydaychemshop.com\/da\/?post_type=product&#038;p=7589"},"modified":"2023-04-08T07:51:47","modified_gmt":"2023-04-08T07:51:47","slug":"kob-nembutal-pulver-online","status":"publish","type":"product","link":"https:\/\/everydaychemshop.com\/da\/product\/kob-nembutal-pulver-online\/","title":{"rendered":"K\u00f8b Nembutal Powder online"},"content":{"rendered":"<h1 class=\"tt\">K\u00f8b Nembutal pulver online<\/h1>\n<p><a href=\"https:\/\/everydaychemshop.com\/da\/product\/kob-nembutal-pulver-online\/\">K\u00f8b Nembutal pulver online<\/a>. Everyday Chem Shop er et professionelt apotek tilg\u00e6ngeligt med h\u00f8jkvalitetsmedicin og l\u00e6gemidler p\u00e5 onlinemarkedet. Hvis du er villig til at k\u00f8be Nembutal Powder online fra de bedste Nembutal Powder leverand\u00f8rer, s\u00e5 er vores apotek det rigtige sted at opn\u00e5 det. Kontakt os i dag, og f\u00e5 dine krav opfyldt <a href=\"https:\/\/en.wikipedia.org\/wiki\/Pentobarbital\">om kort tid<\/a>. Dit stof vil n\u00e5 dig p\u00e5 dit foretrukne sted. Bestil for at k\u00f8be Nembutal pulver online til den bedste pris nu!<\/p>\n<p class=\"tt\"><strong>Hvordan kan du drage fordel af at bruge Nembutal Powder?<\/strong><\/p>\n<p>Nembutal Powder er v\u00e6re kendt for at fremkalde s\u00f8vn hos patienter, der lider af s\u00f8vnproblemer som s\u00f8vnl\u00f8shed eller s\u00f8vnbesv\u00e6r. Det bruges ogs\u00e5 som en anti-nerv\u00f8s beroligende <a href=\"https:\/\/da.wikipedia.org\/wiki\/Pentobarbital\">middel<\/a> i mange tilf\u00e6lde. Hvis du tilf\u00e6ldigvis har de samme form\u00e5l, der skal opfyldes, s\u00e5 er det den rigtige beslutning at k\u00f8be Nembutal Powder online fra vores onlineapotek.<\/p>\n<p class=\"tt\"><strong>Hvilket er det rigtige sted at k\u00f8be Nembutal Powder Online?<\/strong><\/p>\n<p>Uanset om du k\u00f8ber Nembutal Powder for f\u00f8rste gang eller en tilbagevendende k\u00f8ber, Online Nembutal Apoteket vil altid v\u00e6re det rigtige sted for dig at gennemf\u00f8re k\u00f8bet. Med mange \u00e5rs erfaring forst\u00e5r vi kundens tankegang og leverer dem efter deres forventninger. Dine betalingsoplysninger og personoplysninger er helt sikre hos os. Vi videregiver ikke nogen af \u200b\u200bdetaljerne til nogen. Det betyder, at du nemt kan k\u00f8be Nembutal-pulver online til den bedste pris hos os.<\/p>\n<p>Du vil altid v\u00e6re foran andre, hvis du k\u00f8ber fra vores onlineapotek. Vi har f\u00e5et mange potentielle kunder over en periode. Hvis du \u00f8nsker at f\u00e5 det bedste, s\u00e5 g\u00e5 ikke glip af nogen chance for at komme i kontakt med os.<\/p>\n<p><strong>Ved du, hvor man kan k\u00f8be nembutal pulver online?<\/strong><\/p>\n<p>nembutal pulver til salg, nembutal pulver street value, nembutal pulver dosering, hvordan man laver nembutal pulver, hvor kan jeg k\u00f8be nembutal pulver online, hvor kan man f\u00e5 nembutal pulver, hvad er nembutal pulver, Nembutal pulver i premium kvalitet til salg. Alle disse ubesvarede sp\u00f8rgsm\u00e5l kan f\u00e5 deres svar gennem os. Du skal blot gennem vores hjemmeside, og du vil f\u00e5 svar p\u00e5, hvordan og hvor du kan k\u00f8be nembutal pulver online.<\/p>\n<p>Hvad med nembutal pulver? Ved du ogs\u00e5 hvor man kan f\u00e5 nembutal pulver til salg online? k\u00f8be nembutal pulver til salg, hvordan laver man nembutal pulver, hvordan ser nembutal pulver ud, nembutal pulver gadepris, nembutal pulver pris, hvor kan man k\u00f8be Seconal Sodium, rent nembutal pulver, hvor kan jeg k\u00f8be Seconal Sodium online, Seconal nembutal pulver, k\u00f8b ren nembutal pulver online.<\/p>\n<p>God kvalitet nembutal pulver online: Det er fuldst\u00e6ndig forst\u00e5et, at folk ikke hurtigt stoler p\u00e5 kvaliteten af \u200b\u200bnembutal pulver online, der s\u00e6lges online, fordi de ikke kan unders\u00f8ge det fysisk. Men det er ikke det samme med Online nembutal pulver online leverand\u00f8rer. Produkterne her er tro mod deres beskrivelse med vedligeholdelse af h\u00f8j kvalitet udf\u00f8rt under opsyn af eksperter.<\/p>\n<p>Hurtigt &amp; Diskret forsendelse: Leveringen af \u200b\u200bnembutal pulveret online efter modtagelse af ordren sker inden for den lovede tidsramme. Fragtteamet s\u00e6tter alle deres kr\u00e6fter i at g\u00f8re forsendelses- og leveringsproceduren glat og hurtig. Du kan ogs\u00e5 forvente fremragende tjenester, n\u00e5r du k\u00f8ber nembutal pulver online fra den professionelle p\u00e5 online platformen.<\/p>\n","protected":false},"excerpt":{"rendered":"<p>Online Nembutal Apotek kan nu n\u00e5s fra dit hjem selv. Send din ordre og Nembutal Powder til salg til de bedste tilg\u00e6ngelige priser her. Leveringen vil ske inden for et kort tidsrum.<\/p>\n","protected":false},"featured_media":7627,"comment_status":"open","ping_status":"closed","template":"","meta":{"inline_featured_image":false},"product_brand":[],"product_cat":[58],"product_tag":[],"class_list":{"0":"post-7589","1":"product","2":"type-product","3":"status-publish","4":"has-post-thumbnail","6":"product_cat-nembutal-produkter","8":"first","9":"instock","10":"featured","11":"shipping-taxable","12":"purchasable","13":"product-type-variable","14":"has-default-attributes"},"yoast_head":"<!-- This site is optimized with the Yoast SEO Premium plugin v19.2 (Yoast SEO v27.3) - https:\/\/yoast.com\/product\/yoast-seo-premium-wordpress\/ -->\n<title>K\u00f8b Nembutal pulver online - Everyday Chem Shop<\/title>\n<meta name=\"description\" content=\"K\u00f8b Nembutal pulver online. Hvis du leder efter, hvordan du k\u00f8ber Nembutal pulver, s\u00e5 er du det rigtige sted at k\u00f8be Nembutal pulver online.\" \/>\n<meta name=\"robots\" content=\"index, follow, max-snippet:-1, max-image-preview:large, max-video-preview:-1\" \/>\n<link rel=\"canonical\" href=\"https:\/\/everydaychemshop.com\/da\/product\/kob-nembutal-pulver-online\/\" \/>\n<meta property=\"og:locale\" content=\"en_US\" \/>\n<meta property=\"og:type\" content=\"article\" \/>\n<meta property=\"og:title\" content=\"K\u00f8b Nembutal Powder online\" \/>\n<meta property=\"og:description\" content=\"K\u00f8b Nembutal pulver online. Hvis du leder efter, hvordan du k\u00f8ber Nembutal pulver, s\u00e5 er du det rigtige sted at k\u00f8be Nembutal pulver online.\" \/>\n<meta property=\"og:url\" content=\"https:\/\/everydaychemshop.com\/da\/product\/kob-nembutal-pulver-online\/\" \/>\n<meta property=\"og:site_name\" content=\"Everyday Chem Shop\" \/>\n<meta property=\"article:modified_time\" content=\"2023-04-08T07:51:47+00:00\" \/>\n<meta property=\"og:image\" content=\"https:\/\/everydaychemshop.com\/da\/wp-content\/uploads\/sites\/2\/2022\/11\/nembutal-powder.jpg\" \/>\n\t<meta property=\"og:image:width\" content=\"600\" \/>\n\t<meta property=\"og:image:height\" content=\"600\" \/>\n\t<meta property=\"og:image:type\" content=\"image\/jpeg\" \/>\n<meta name=\"twitter:card\" content=\"summary_large_image\" \/>\n<meta name=\"twitter:label1\" content=\"Est. reading time\" \/>\n\t<meta name=\"twitter:data1\" content=\"3 minutes\" \/>\n<script type=\"application\/ld+json\" class=\"yoast-schema-graph\">{\"@context\":\"https:\\\/\\\/schema.org\",\"@graph\":[{\"@type\":\"WebPage\",\"@id\":\"https:\\\/\\\/everydaychemshop.com\\\/da\\\/product\\\/kob-nembutal-pulver-online\\\/\",\"url\":\"https:\\\/\\\/everydaychemshop.com\\\/da\\\/product\\\/kob-nembutal-pulver-online\\\/\",\"name\":\"K\u00f8b Nembutal pulver online - Everyday Chem Shop\",\"isPartOf\":{\"@id\":\"https:\\\/\\\/everydaychemshop.com\\\/da\\\/#website\"},\"primaryImageOfPage\":{\"@id\":\"https:\\\/\\\/everydaychemshop.com\\\/da\\\/product\\\/kob-nembutal-pulver-online\\\/#primaryimage\"},\"image\":{\"@id\":\"https:\\\/\\\/everydaychemshop.com\\\/da\\\/product\\\/kob-nembutal-pulver-online\\\/#primaryimage\"},\"thumbnailUrl\":\"https:\\\/\\\/everydaychemshop.com\\\/da\\\/wp-content\\\/uploads\\\/sites\\\/2\\\/2022\\\/11\\\/nembutal-powder.jpg\",\"datePublished\":\"2022-11-16T09:42:04+00:00\",\"dateModified\":\"2023-04-08T07:51:47+00:00\",\"description\":\"K\u00f8b Nembutal pulver online. Hvis du leder efter, hvordan du k\u00f8ber Nembutal pulver, s\u00e5 er du det rigtige sted at k\u00f8be Nembutal pulver online.\",\"breadcrumb\":{\"@id\":\"https:\\\/\\\/everydaychemshop.com\\\/da\\\/product\\\/kob-nembutal-pulver-online\\\/#breadcrumb\"},\"inLanguage\":\"en-US\",\"potentialAction\":[{\"@type\":\"ReadAction\",\"target\":[\"https:\\\/\\\/everydaychemshop.com\\\/da\\\/product\\\/kob-nembutal-pulver-online\\\/\"]}]},{\"@type\":\"ImageObject\",\"inLanguage\":\"en-US\",\"@id\":\"https:\\\/\\\/everydaychemshop.com\\\/da\\\/product\\\/kob-nembutal-pulver-online\\\/#primaryimage\",\"url\":\"https:\\\/\\\/everydaychemshop.com\\\/da\\\/wp-content\\\/uploads\\\/sites\\\/2\\\/2022\\\/11\\\/nembutal-powder.jpg\",\"contentUrl\":\"https:\\\/\\\/everydaychemshop.com\\\/da\\\/wp-content\\\/uploads\\\/sites\\\/2\\\/2022\\\/11\\\/nembutal-powder.jpg\",\"width\":600,\"height\":600,\"caption\":\"K\u00f8b Nembutal pulver online\"},{\"@type\":\"BreadcrumbList\",\"@id\":\"https:\\\/\\\/everydaychemshop.com\\\/da\\\/product\\\/kob-nembutal-pulver-online\\\/#breadcrumb\",\"itemListElement\":[{\"@type\":\"ListItem\",\"position\":1,\"name\":\"Home\",\"item\":\"https:\\\/\\\/everydaychemshop.com\\\/da\\\/\"},{\"@type\":\"ListItem\",\"position\":2,\"name\":\"Produkter\",\"item\":\"https:\\\/\\\/everydaychemshop.com\\\/da\\\/produkter\\\/\"},{\"@type\":\"ListItem\",\"position\":3,\"name\":\"K\u00f8b Nembutal Powder online\"}]},{\"@type\":\"WebSite\",\"@id\":\"https:\\\/\\\/everydaychemshop.com\\\/da\\\/#website\",\"url\":\"https:\\\/\\\/everydaychemshop.com\\\/da\\\/\",\"name\":\"Everyday Chem Shop\",\"description\":\"\",\"potentialAction\":[{\"@type\":\"SearchAction\",\"target\":{\"@type\":\"EntryPoint\",\"urlTemplate\":\"https:\\\/\\\/everydaychemshop.com\\\/da\\\/?s={search_term_string}\"},\"query-input\":{\"@type\":\"PropertyValueSpecification\",\"valueRequired\":true,\"valueName\":\"search_term_string\"}}],\"inLanguage\":\"en-US\"}]}<\/script>\n<!-- \/ Yoast SEO Premium plugin. -->","yoast_head_json":{"title":"K\u00f8b Nembutal pulver online - Everyday Chem Shop","description":"K\u00f8b Nembutal pulver online. Hvis du leder efter, hvordan du k\u00f8ber Nembutal pulver, s\u00e5 er du det rigtige sted at k\u00f8be Nembutal pulver online.","robots":{"index":"index","follow":"follow","max-snippet":"max-snippet:-1","max-image-preview":"max-image-preview:large","max-video-preview":"max-video-preview:-1"},"canonical":"https:\/\/everydaychemshop.com\/da\/product\/kob-nembutal-pulver-online\/","og_locale":"en_US","og_type":"article","og_title":"K\u00f8b Nembutal Powder online","og_description":"K\u00f8b Nembutal pulver online. Hvis du leder efter, hvordan du k\u00f8ber Nembutal pulver, s\u00e5 er du det rigtige sted at k\u00f8be Nembutal pulver online.","og_url":"https:\/\/everydaychemshop.com\/da\/product\/kob-nembutal-pulver-online\/","og_site_name":"Everyday Chem Shop","article_modified_time":"2023-04-08T07:51:47+00:00","og_image":[{"width":600,"height":600,"url":"https:\/\/everydaychemshop.com\/da\/wp-content\/uploads\/sites\/2\/2022\/11\/nembutal-powder.jpg","type":"image\/jpeg"}],"twitter_card":"summary_large_image","twitter_misc":{"Est. reading time":"3 minutes"},"schema":{"@context":"https:\/\/schema.org","@graph":[{"@type":"WebPage","@id":"https:\/\/everydaychemshop.com\/da\/product\/kob-nembutal-pulver-online\/","url":"https:\/\/everydaychemshop.com\/da\/product\/kob-nembutal-pulver-online\/","name":"K\u00f8b Nembutal pulver online - Everyday Chem Shop","isPartOf":{"@id":"https:\/\/everydaychemshop.com\/da\/#website"},"primaryImageOfPage":{"@id":"https:\/\/everydaychemshop.com\/da\/product\/kob-nembutal-pulver-online\/#primaryimage"},"image":{"@id":"https:\/\/everydaychemshop.com\/da\/product\/kob-nembutal-pulver-online\/#primaryimage"},"thumbnailUrl":"https:\/\/everydaychemshop.com\/da\/wp-content\/uploads\/sites\/2\/2022\/11\/nembutal-powder.jpg","datePublished":"2022-11-16T09:42:04+00:00","dateModified":"2023-04-08T07:51:47+00:00","description":"K\u00f8b Nembutal pulver online. Hvis du leder efter, hvordan du k\u00f8ber Nembutal pulver, s\u00e5 er du det rigtige sted at k\u00f8be Nembutal pulver online.","breadcrumb":{"@id":"https:\/\/everydaychemshop.com\/da\/product\/kob-nembutal-pulver-online\/#breadcrumb"},"inLanguage":"en-US","potentialAction":[{"@type":"ReadAction","target":["https:\/\/everydaychemshop.com\/da\/product\/kob-nembutal-pulver-online\/"]}]},{"@type":"ImageObject","inLanguage":"en-US","@id":"https:\/\/everydaychemshop.com\/da\/product\/kob-nembutal-pulver-online\/#primaryimage","url":"https:\/\/everydaychemshop.com\/da\/wp-content\/uploads\/sites\/2\/2022\/11\/nembutal-powder.jpg","contentUrl":"https:\/\/everydaychemshop.com\/da\/wp-content\/uploads\/sites\/2\/2022\/11\/nembutal-powder.jpg","width":600,"height":600,"caption":"K\u00f8b Nembutal pulver online"},{"@type":"BreadcrumbList","@id":"https:\/\/everydaychemshop.com\/da\/product\/kob-nembutal-pulver-online\/#breadcrumb","itemListElement":[{"@type":"ListItem","position":1,"name":"Home","item":"https:\/\/everydaychemshop.com\/da\/"},{"@type":"ListItem","position":2,"name":"Produkter","item":"https:\/\/everydaychemshop.com\/da\/produkter\/"},{"@type":"ListItem","position":3,"name":"K\u00f8b Nembutal Powder online"}]},{"@type":"WebSite","@id":"https:\/\/everydaychemshop.com\/da\/#website","url":"https:\/\/everydaychemshop.com\/da\/","name":"Everyday Chem Shop","description":"","potentialAction":[{"@type":"SearchAction","target":{"@type":"EntryPoint","urlTemplate":"https:\/\/everydaychemshop.com\/da\/?s={search_term_string}"},"query-input":{"@type":"PropertyValueSpecification","valueRequired":true,"valueName":"search_term_string"}}],"inLanguage":"en-US"}]}},"_links":{"self":[{"href":"https:\/\/everydaychemshop.com\/da\/wp-json\/wp\/v2\/product\/7589","targetHints":{"allow":["GET"]}}],"collection":[{"href":"https:\/\/everydaychemshop.com\/da\/wp-json\/wp\/v2\/product"}],"about":[{"href":"https:\/\/everydaychemshop.com\/da\/wp-json\/wp\/v2\/types\/product"}],"replies":[{"embeddable":true,"href":"https:\/\/everydaychemshop.com\/da\/wp-json\/wp\/v2\/comments?post=7589"}],"wp:featuredmedia":[{"embeddable":true,"href":"https:\/\/everydaychemshop.com\/da\/wp-json\/wp\/v2\/media\/7627"}],"wp:attachment":[{"href":"https:\/\/everydaychemshop.com\/da\/wp-json\/wp\/v2\/media?parent=7589"}],"wp:term":[{"taxonomy":"product_brand","embeddable":true,"href":"https:\/\/everydaychemshop.com\/da\/wp-json\/wp\/v2\/product_brand?post=7589"},{"taxonomy":"product_cat","embeddable":true,"href":"https:\/\/everydaychemshop.com\/da\/wp-json\/wp\/v2\/product_cat?post=7589"},{"taxonomy":"product_tag","embeddable":true,"href":"https:\/\/everydaychemshop.com\/da\/wp-json\/wp\/v2\/product_tag?post=7589"}],"curies":[{"name":"wp","href":"https:\/\/api.w.org\/{rel}","templated":true}]}}