{"id":7590,"date":"2022-11-16T09:42:05","date_gmt":"2022-11-16T09:42:05","guid":{"rendered":"https:\/\/everydaychemshop.com\/da\/?post_type=product&#038;p=7590"},"modified":"2023-04-08T07:46:39","modified_gmt":"2023-04-08T07:46:39","slug":"kob-pentobarbital-natrium-vaeske-oral-online","status":"publish","type":"product","link":"https:\/\/everydaychemshop.com\/da\/product\/kob-pentobarbital-natrium-vaeske-oral-online\/","title":{"rendered":"Pentobarbital Sodium (Flydende) (Oral)"},"content":{"rendered":"<h1 class=\"tt\">K\u00f8b Pentobarbital Sodium oral online<\/h1>\n<p><a href=\"https:\/\/everydaychemshop.com\/da\/product\/kob-pentobarbital-natrium-vaeske-oral-online\/\">K\u00f8b Pentobarbital Sodium oral online<\/a>. NEMBUTAL Natriumopl\u00f8sning (pentobarbitalnatriuminjektion) er en steril opl\u00f8sning til intraven\u00f8s eller intramuskul\u00e6r injektion. Hver ml indeholder pentobarbitalnatrium 50 mg, i en vehikel af propylenglycol, 40 %, alkohol, 10 % og vand til injektion, til volumen. pH-v\u00e6rdien justeres til cirka 9,5 med saltsyre <a href=\"https:\/\/en.wikipedia.org\/wiki\/Pentobarbital\">og<\/a>\/eller natriumhydroxid. Denne medicin er til injektion i en muskel eller en vene. K\u00f8b Pentobarbital Sodium Online, Pentobarbital til aflivning, Pentobarbital natrium gruppe, Pentobarbital natrium flydende, Sodium pentobarbital til dyreaflivning.<\/p>\n<p>Natrium pentobarbital k\u00f8b online er nu muligt hos Nembutal Group. Du kan nu bestille Pentobarbital Sodium Injection og f\u00e5 den leveret p\u00e5 din adresse inden for den lovede tidsramme. Kontakt os nu! Pentobarbital til aflivning, Pentobarbital natrium flydende, Natrium pentobarbital til aflivning af dyr,<\/p>\n<p class=\"tt\"><strong>Hvad er Pentobarbital og dets anvendelser?<\/strong><\/p>\n<p>Pentobarbital er en barbiturat, der virker som et depressivt middel eller beroligende <a href=\"https:\/\/da.wikipedia.org\/wiki\/Pentobarbital\">middel<\/a>, der bruges kortvarigt til behandling af s\u00f8vnl\u00f8shed. Pentobarbital bruges ogs\u00e5 som akut behandling af anfald og til at f\u00e5 patienter til at falde i s\u00f8vn til operation. K\u00f8b pentobarbitalnatrium online, Pentobarbital til aflivning, Natriumpentobarbital til aflivning af dyr.<\/p>\n<p>I h\u00f8je doser for\u00e5rsager pentobarbital d\u00f8d ved \u00e5ndedr\u00e6tsstop. Det bruges til veterin\u00e6r d\u00f8dshj\u00e6lp og bruges af nogle amerikanske stater og den amerikanske f\u00f8derale regering til henrettelser af d\u00f8mte kriminelle. K\u00f8b Pentobarbital Sodium Online<sup id=\"cite_ref-2\" class=\"reference\"><\/sup><\/p>\n<p>Pentobarbital kan for\u00e5rsage d\u00f8d, n\u00e5r det bruges i h\u00f8je doser. Det bruges til eutanasi for mennesker s\u00e5vel som dyr. Det bruges ogs\u00e5 alene eller i kombination med komplement\u00e6re midler s\u00e5som phenytoin i kommercielle aflivningsopl\u00f8sninger til dyr.<\/p>\n<p><strong>Pentobarbital til d\u00f8dshj\u00e6lp<\/strong><\/p>\n<p>Pentobarbital ( Nembutal) er et korttidsvirkende barbiturat beroligende-hypnotikum, der er meget udbredt i dyrl\u00e6gepraksis til an\u00e6stesi og eutanasi. Det anbefales ogs\u00e5 som et l\u00e6gemiddel til\u00a0eutanasi eller assisteret selvmord p\u00e5 grund af dets hurtige indtr\u00e6den af \u200b\u200bkoma og opfattelsen af \u200b\u200ben fredelig d\u00f8d. K\u00f8b pentobarbitalnatrium online<\/p>\n<p><strong>Hvordan administreres pentobarbitalnatrium?<\/strong><\/p>\n<div id=\"_joT9X9rQHMb1gQa08rz4CA32\" class=\"gy6Qzb oNjtBb V1sL5c\" aria-labelledby=\"_Q3bzrX4Q31BXG\">\n<p>Q31BXG&#8221;&gt;Q3100X4<\/p>\n<div>\n<div id=\"_joT9X9rQHMb1gQa08rz4CA34\" class=\"y8URue\" data-hveid=\"CBEQDA\" data-ved=\"2ahUKEwjaz5v_oZbuAhXGesAKHTQ5D48Qu04oAXoECBEQDA\">\n<div>data-md class=&#8221;6&#8243; LGOjhe&#8221; role=&#8221;heading&#8221; data-attrid=&#8221;wa:\/description&#8221; data-hveid=&#8221;CAsQAA&#8221;&gt;<span class=\"ILfuVd NA6bn\"><span class=\"hgKElc\">Pentobarbital\u00a0kan\u00a0indgives\u00a0intraperitonealt eller intraven\u00f8st. N\u00e5r det bruges som et generel an\u00e6stetikum, kan pentobarbital administreres som en bolus (Borkowski et al., 1990) eller CRI. Kommercielle opl\u00f8sninger indeholder almindeligvis propylenglycol, som kan for\u00e5rsage smerte ved injektion og tromboflebitis. K\u00f8b Pentobarbital Sodium Online<\/span><\/span><\/div>\n<\/div>\n<\/div>\n<\/div>\n<p>&nbsp;<\/p>\n","protected":false},"excerpt":{"rendered":"<p>Pentobarbitalnatriuminjektion er en steril opl\u00f8sning til intraven\u00f8s\u00a0eller\u00a0intramuskul\u00e6r\u00a0injektion. Hver ml indeholder pentobarbitalnatrium 50 mg, i en vehikel af propylenglycol, 40 %, alkohol, 10 % og vand til injektion, til volumen. pH-v\u00e6rdien justeres til ca. 9,5 med saltsyre og\/eller natriumhydroxid.<\/p>\n","protected":false},"featured_media":7628,"comment_status":"open","ping_status":"closed","template":"","meta":{"inline_featured_image":false},"product_brand":[],"product_cat":[58],"product_tag":[99,63,67,69,78,111,108,109,110,115,112,114,70,68,66,64,65,101,102,107,103,106,104,105,71,72,73,74,77,81,82,85,75,76,93,97,86,94,83,84,89,90,95,96,98,87,88,79,80,91,100,92],"class_list":{"0":"post-7590","1":"product","2":"type-product","3":"status-publish","4":"has-post-thumbnail","6":"product_cat-nembutal-produkter","7":"product_tag-pentobarbital-brug","8":"product_tag-buy-nembutal-pentobarbital-sodium","9":"product_tag-buy-sodium-pentobarbital-uk","10":"product_tag-can-you-buy-pentobarbital-sodium-over-the-counter","11":"product_tag-pentobarbital-natrium-dosering","12":"product_tag-hvor-kan-jeg-kbe-natrium-pentobarbital","13":"product_tag-hvor-kan-jeg-kbe-nembutal-natrium-pentobarbital","14":"product_tag-hvor-kan-jeg-kbe-pentobarbital-natrium","15":"product_tag-hvor-kan-jeg-kbe-pentobarbital-natrium-sovepiller","16":"product_tag-hvor-kan-hentes-pentobarbital-natrium","17":"product_tag-hvor-kan-du-kbe-pentobarbital-natrium","18":"product_tag-hvor-kan-kbes-pentobarbital-natrium-til-hunde","19":"product_tag-kan-du-kbe-natrium-pentobarbital","20":"product_tag-kan-jeg-kbe-pentobarbital","21":"product_tag-kb-pentobarbital-natrium-pentobarbital-natrium-salt","22":"product_tag-kb-pentobarbital-natrium","23":"product_tag-kb-pentobarbital-natrium-2021","24":"product_tag-natrium","25":"product_tag-natrium-pentobarbital-nembutal","26":"product_tag-natrium-pentobarbital-holdbarhed","27":"product_tag-natrium-pentobarbital-omkostninger","28":"product_tag-natrium-pentobarbital-producenter","29":"product_tag-natrium-pentobarbital-til-dyre-aflivning","30":"product_tag-natrium-pentobarbital-til-eutanasi","31":"product_tag-nembutal","32":"product_tag-pentobarbital","33":"product_tag-pentobarbital-de-natrium-dosis-letale","34":"product_tag-pentobarbital-natrium-anstesi","35":"product_tag-pentobarbital-natrium-dd","36":"product_tag-pentobarbital-natrium-gruppe","37":"product_tag-pentobarbital-natrium-injektion-til-hunde","38":"product_tag-pentobarbital-natrium-injektion-usp","39":"product_tag-pentobarbital-natrium-kb","40":"product_tag-pentobarbital-natrium-kina","41":"product_tag-pentobarbital-natrium-pris","42":"product_tag-pentobarbital-natrium-tabletter","43":"product_tag-pentobarbital-natrium-vske","44":"product_tag-pentobarbital-natrium-salt","45":"product_tag-pentobarbital-sodium-injection-for-humans","46":"product_tag-pentobarbital-sodium-injection-solution","47":"product_tag-pentobarbital-sodium-over-the-counter","48":"product_tag-pentobarbital-sodium-pills","49":"product_tag-pentobarbital-sodium-sleeping-pills","50":"product_tag-pentobarbital-sodium-sleeping-pills-over-the-counter","51":"product_tag-pentobarbital-natrium-hvor-kan-kbes","52":"product_tag-pentobarbital-natrium-nz","53":"product_tag-pentobarbital-natrium-oral","54":"product_tag-pentobarbital-natrium-til-hunde","55":"product_tag-pentobarbital-natrium-til-mennesker","56":"product_tag-pentobarbital-natrium-pulver","57":"product_tag-phenobarbital-natrium-intravens","58":"product_tag-pentobarbital-natrium-recept","60":"first","61":"instock","62":"shipping-taxable","63":"purchasable","64":"product-type-variable","65":"has-default-attributes"},"yoast_head":"<!-- This site is optimized with the Yoast SEO Premium plugin v19.2 (Yoast SEO v27.3) - https:\/\/yoast.com\/product\/yoast-seo-premium-wordpress\/ -->\n<title>K\u00f8b Pentobarbital Sodium oral online - Everyday Chem Shop<\/title>\n<meta name=\"description\" content=\"K\u00f8b Pentobarbital Sodium oral online. Hvis du leder efter, hvordan du k\u00f8ber Pentobarbital Sodium oral v\u00e6ske, s\u00e5 er du p\u00e5 det rigtige sted at k\u00f8be Pentobarbital Sodium oral v\u00e6ske online.\" \/>\n<meta name=\"robots\" content=\"index, follow, max-snippet:-1, max-image-preview:large, max-video-preview:-1\" \/>\n<link rel=\"canonical\" href=\"https:\/\/everydaychemshop.com\/da\/product\/kob-pentobarbital-natrium-vaeske-oral-online\/\" \/>\n<meta property=\"og:locale\" content=\"en_US\" \/>\n<meta property=\"og:type\" content=\"article\" \/>\n<meta property=\"og:title\" content=\"Pentobarbital Sodium (Flydende) (Oral)\" \/>\n<meta property=\"og:description\" content=\"K\u00f8b Pentobarbital Sodium oral online. Hvis du leder efter, hvordan du k\u00f8ber Pentobarbital Sodium oral v\u00e6ske, s\u00e5 er du p\u00e5 det rigtige sted at k\u00f8be Pentobarbital Sodium oral v\u00e6ske online.\" \/>\n<meta property=\"og:url\" content=\"https:\/\/everydaychemshop.com\/da\/product\/kob-pentobarbital-natrium-vaeske-oral-online\/\" \/>\n<meta property=\"og:site_name\" content=\"Everyday Chem Shop\" \/>\n<meta property=\"article:modified_time\" content=\"2023-04-08T07:46:39+00:00\" \/>\n<meta property=\"og:image\" content=\"https:\/\/everydaychemshop.com\/da\/wp-content\/uploads\/sites\/2\/2022\/11\/Pentobarbital-sodium.jpg\" \/>\n\t<meta property=\"og:image:width\" content=\"600\" \/>\n\t<meta property=\"og:image:height\" content=\"600\" \/>\n\t<meta property=\"og:image:type\" content=\"image\/jpeg\" \/>\n<meta name=\"twitter:card\" content=\"summary_large_image\" \/>\n<meta name=\"twitter:label1\" content=\"Est. reading time\" \/>\n\t<meta name=\"twitter:data1\" content=\"2 minutes\" \/>\n<script type=\"application\/ld+json\" class=\"yoast-schema-graph\">{\"@context\":\"https:\\\/\\\/schema.org\",\"@graph\":[{\"@type\":\"WebPage\",\"@id\":\"https:\\\/\\\/everydaychemshop.com\\\/da\\\/product\\\/kob-pentobarbital-natrium-vaeske-oral-online\\\/\",\"url\":\"https:\\\/\\\/everydaychemshop.com\\\/da\\\/product\\\/kob-pentobarbital-natrium-vaeske-oral-online\\\/\",\"name\":\"K\u00f8b Pentobarbital Sodium oral online - Everyday Chem Shop\",\"isPartOf\":{\"@id\":\"https:\\\/\\\/everydaychemshop.com\\\/da\\\/#website\"},\"primaryImageOfPage\":{\"@id\":\"https:\\\/\\\/everydaychemshop.com\\\/da\\\/product\\\/kob-pentobarbital-natrium-vaeske-oral-online\\\/#primaryimage\"},\"image\":{\"@id\":\"https:\\\/\\\/everydaychemshop.com\\\/da\\\/product\\\/kob-pentobarbital-natrium-vaeske-oral-online\\\/#primaryimage\"},\"thumbnailUrl\":\"https:\\\/\\\/everydaychemshop.com\\\/da\\\/wp-content\\\/uploads\\\/sites\\\/2\\\/2022\\\/11\\\/Pentobarbital-sodium.jpg\",\"datePublished\":\"2022-11-16T09:42:05+00:00\",\"dateModified\":\"2023-04-08T07:46:39+00:00\",\"description\":\"K\u00f8b Pentobarbital Sodium oral online. Hvis du leder efter, hvordan du k\u00f8ber Pentobarbital Sodium oral v\u00e6ske, s\u00e5 er du p\u00e5 det rigtige sted at k\u00f8be Pentobarbital Sodium oral v\u00e6ske online.\",\"breadcrumb\":{\"@id\":\"https:\\\/\\\/everydaychemshop.com\\\/da\\\/product\\\/kob-pentobarbital-natrium-vaeske-oral-online\\\/#breadcrumb\"},\"inLanguage\":\"en-US\",\"potentialAction\":[{\"@type\":\"ReadAction\",\"target\":[\"https:\\\/\\\/everydaychemshop.com\\\/da\\\/product\\\/kob-pentobarbital-natrium-vaeske-oral-online\\\/\"]}]},{\"@type\":\"ImageObject\",\"inLanguage\":\"en-US\",\"@id\":\"https:\\\/\\\/everydaychemshop.com\\\/da\\\/product\\\/kob-pentobarbital-natrium-vaeske-oral-online\\\/#primaryimage\",\"url\":\"https:\\\/\\\/everydaychemshop.com\\\/da\\\/wp-content\\\/uploads\\\/sites\\\/2\\\/2022\\\/11\\\/Pentobarbital-sodium.jpg\",\"contentUrl\":\"https:\\\/\\\/everydaychemshop.com\\\/da\\\/wp-content\\\/uploads\\\/sites\\\/2\\\/2022\\\/11\\\/Pentobarbital-sodium.jpg\",\"width\":600,\"height\":600,\"caption\":\"K\u00f8b Pentobarbital Sodium oral online\"},{\"@type\":\"BreadcrumbList\",\"@id\":\"https:\\\/\\\/everydaychemshop.com\\\/da\\\/product\\\/kob-pentobarbital-natrium-vaeske-oral-online\\\/#breadcrumb\",\"itemListElement\":[{\"@type\":\"ListItem\",\"position\":1,\"name\":\"Home\",\"item\":\"https:\\\/\\\/everydaychemshop.com\\\/da\\\/\"},{\"@type\":\"ListItem\",\"position\":2,\"name\":\"Produkter\",\"item\":\"https:\\\/\\\/everydaychemshop.com\\\/da\\\/produkter\\\/\"},{\"@type\":\"ListItem\",\"position\":3,\"name\":\"Pentobarbital Sodium (Flydende) (Oral)\"}]},{\"@type\":\"WebSite\",\"@id\":\"https:\\\/\\\/everydaychemshop.com\\\/da\\\/#website\",\"url\":\"https:\\\/\\\/everydaychemshop.com\\\/da\\\/\",\"name\":\"Everyday Chem Shop\",\"description\":\"\",\"potentialAction\":[{\"@type\":\"SearchAction\",\"target\":{\"@type\":\"EntryPoint\",\"urlTemplate\":\"https:\\\/\\\/everydaychemshop.com\\\/da\\\/?s={search_term_string}\"},\"query-input\":{\"@type\":\"PropertyValueSpecification\",\"valueRequired\":true,\"valueName\":\"search_term_string\"}}],\"inLanguage\":\"en-US\"}]}<\/script>\n<!-- \/ Yoast SEO Premium plugin. -->","yoast_head_json":{"title":"K\u00f8b Pentobarbital Sodium oral online - Everyday Chem Shop","description":"K\u00f8b Pentobarbital Sodium oral online. Hvis du leder efter, hvordan du k\u00f8ber Pentobarbital Sodium oral v\u00e6ske, s\u00e5 er du p\u00e5 det rigtige sted at k\u00f8be Pentobarbital Sodium oral v\u00e6ske online.","robots":{"index":"index","follow":"follow","max-snippet":"max-snippet:-1","max-image-preview":"max-image-preview:large","max-video-preview":"max-video-preview:-1"},"canonical":"https:\/\/everydaychemshop.com\/da\/product\/kob-pentobarbital-natrium-vaeske-oral-online\/","og_locale":"en_US","og_type":"article","og_title":"Pentobarbital Sodium (Flydende) (Oral)","og_description":"K\u00f8b Pentobarbital Sodium oral online. Hvis du leder efter, hvordan du k\u00f8ber Pentobarbital Sodium oral v\u00e6ske, s\u00e5 er du p\u00e5 det rigtige sted at k\u00f8be Pentobarbital Sodium oral v\u00e6ske online.","og_url":"https:\/\/everydaychemshop.com\/da\/product\/kob-pentobarbital-natrium-vaeske-oral-online\/","og_site_name":"Everyday Chem Shop","article_modified_time":"2023-04-08T07:46:39+00:00","og_image":[{"width":600,"height":600,"url":"https:\/\/everydaychemshop.com\/da\/wp-content\/uploads\/sites\/2\/2022\/11\/Pentobarbital-sodium.jpg","type":"image\/jpeg"}],"twitter_card":"summary_large_image","twitter_misc":{"Est. reading time":"2 minutes"},"schema":{"@context":"https:\/\/schema.org","@graph":[{"@type":"WebPage","@id":"https:\/\/everydaychemshop.com\/da\/product\/kob-pentobarbital-natrium-vaeske-oral-online\/","url":"https:\/\/everydaychemshop.com\/da\/product\/kob-pentobarbital-natrium-vaeske-oral-online\/","name":"K\u00f8b Pentobarbital Sodium oral online - Everyday Chem Shop","isPartOf":{"@id":"https:\/\/everydaychemshop.com\/da\/#website"},"primaryImageOfPage":{"@id":"https:\/\/everydaychemshop.com\/da\/product\/kob-pentobarbital-natrium-vaeske-oral-online\/#primaryimage"},"image":{"@id":"https:\/\/everydaychemshop.com\/da\/product\/kob-pentobarbital-natrium-vaeske-oral-online\/#primaryimage"},"thumbnailUrl":"https:\/\/everydaychemshop.com\/da\/wp-content\/uploads\/sites\/2\/2022\/11\/Pentobarbital-sodium.jpg","datePublished":"2022-11-16T09:42:05+00:00","dateModified":"2023-04-08T07:46:39+00:00","description":"K\u00f8b Pentobarbital Sodium oral online. Hvis du leder efter, hvordan du k\u00f8ber Pentobarbital Sodium oral v\u00e6ske, s\u00e5 er du p\u00e5 det rigtige sted at k\u00f8be Pentobarbital Sodium oral v\u00e6ske online.","breadcrumb":{"@id":"https:\/\/everydaychemshop.com\/da\/product\/kob-pentobarbital-natrium-vaeske-oral-online\/#breadcrumb"},"inLanguage":"en-US","potentialAction":[{"@type":"ReadAction","target":["https:\/\/everydaychemshop.com\/da\/product\/kob-pentobarbital-natrium-vaeske-oral-online\/"]}]},{"@type":"ImageObject","inLanguage":"en-US","@id":"https:\/\/everydaychemshop.com\/da\/product\/kob-pentobarbital-natrium-vaeske-oral-online\/#primaryimage","url":"https:\/\/everydaychemshop.com\/da\/wp-content\/uploads\/sites\/2\/2022\/11\/Pentobarbital-sodium.jpg","contentUrl":"https:\/\/everydaychemshop.com\/da\/wp-content\/uploads\/sites\/2\/2022\/11\/Pentobarbital-sodium.jpg","width":600,"height":600,"caption":"K\u00f8b Pentobarbital Sodium oral online"},{"@type":"BreadcrumbList","@id":"https:\/\/everydaychemshop.com\/da\/product\/kob-pentobarbital-natrium-vaeske-oral-online\/#breadcrumb","itemListElement":[{"@type":"ListItem","position":1,"name":"Home","item":"https:\/\/everydaychemshop.com\/da\/"},{"@type":"ListItem","position":2,"name":"Produkter","item":"https:\/\/everydaychemshop.com\/da\/produkter\/"},{"@type":"ListItem","position":3,"name":"Pentobarbital Sodium (Flydende) (Oral)"}]},{"@type":"WebSite","@id":"https:\/\/everydaychemshop.com\/da\/#website","url":"https:\/\/everydaychemshop.com\/da\/","name":"Everyday Chem Shop","description":"","potentialAction":[{"@type":"SearchAction","target":{"@type":"EntryPoint","urlTemplate":"https:\/\/everydaychemshop.com\/da\/?s={search_term_string}"},"query-input":{"@type":"PropertyValueSpecification","valueRequired":true,"valueName":"search_term_string"}}],"inLanguage":"en-US"}]}},"_links":{"self":[{"href":"https:\/\/everydaychemshop.com\/da\/wp-json\/wp\/v2\/product\/7590","targetHints":{"allow":["GET"]}}],"collection":[{"href":"https:\/\/everydaychemshop.com\/da\/wp-json\/wp\/v2\/product"}],"about":[{"href":"https:\/\/everydaychemshop.com\/da\/wp-json\/wp\/v2\/types\/product"}],"replies":[{"embeddable":true,"href":"https:\/\/everydaychemshop.com\/da\/wp-json\/wp\/v2\/comments?post=7590"}],"wp:featuredmedia":[{"embeddable":true,"href":"https:\/\/everydaychemshop.com\/da\/wp-json\/wp\/v2\/media\/7628"}],"wp:attachment":[{"href":"https:\/\/everydaychemshop.com\/da\/wp-json\/wp\/v2\/media?parent=7590"}],"wp:term":[{"taxonomy":"product_brand","embeddable":true,"href":"https:\/\/everydaychemshop.com\/da\/wp-json\/wp\/v2\/product_brand?post=7590"},{"taxonomy":"product_cat","embeddable":true,"href":"https:\/\/everydaychemshop.com\/da\/wp-json\/wp\/v2\/product_cat?post=7590"},{"taxonomy":"product_tag","embeddable":true,"href":"https:\/\/everydaychemshop.com\/da\/wp-json\/wp\/v2\/product_tag?post=7590"}],"curies":[{"name":"wp","href":"https:\/\/api.w.org\/{rel}","templated":true}]}}