{"id":7634,"date":"2022-11-16T09:43:11","date_gmt":"2022-11-16T09:43:11","guid":{"rendered":"https:\/\/everydaychemshop.com\/da\/?post_type=product&#038;p=7634"},"modified":"2023-04-08T07:43:41","modified_gmt":"2023-04-08T07:43:41","slug":"kob-phenobarbital-phenobarbital-luminal","status":"publish","type":"product","link":"https:\/\/everydaychemshop.com\/da\/product\/kob-phenobarbital-phenobarbital-luminal\/","title":{"rendered":"Phenobarbital (Phenobarbital) \/ Luminal"},"content":{"rendered":"<h1 class=\"tt\">K\u00f8b Phenobarbital piller online<\/h1>\n<p><a href=\"https:\/\/everydaychemshop.com\/da\/product\/kob-phenobarbital-phenobarbital-luminal\/\">K\u00f8b Phenobarbital piller online<\/a>. Everyday Chem Shop er et p\u00e5lideligt apotek, der <a href=\"https:\/\/en.wikipedia.org\/wiki\/Phenobarbital\">hj\u00e6lper<\/a> folk med at modtage deres medicin og medicin p\u00e5 en bekvem m\u00e5de. Hvis du er villig til at k\u00f8be Phenobarbital Luminal online, s\u00e5 g\u00e5 ikke glip af nogen chance for at bes\u00f8ge os online. Vi s\u00e6lger dette l\u00e6gemiddel til overkommelige priser her.<\/p>\n<p>Vores onlineapotek har v\u00e6ret konsekvent i at give kunderne f\u00f8rsteklasses kvalitetsmedicin. <a href=\"https:\/\/da.wikipedia.org\/wiki\/Pentobarbital\">Her<\/a> bliver al medicinen leveret inden for den tid, der er tildelt kunderne. Vi har ingen forsinkelser i vores arbejde og er hurtige med hver behandling. Hvis du leder efter et onlineapotek som os, s\u00e5 kontakt os i dag og bestil for at k\u00f8be Phenobarbital Luminal online til den bedste pris og f\u00e5 det leveret snart!<\/p>\n<h3 class=\"tt\">Hvordan kan vi hj\u00e6lpe dig sikkert Bruger du Phenobarbital Luminal?<\/h3>\n<p>Phenobarbital Luminal er et effektivt l\u00e6gemiddel, der er meget brugt til at kontrollere visse typer anfald. Du kan ogs\u00e5 bruge dette l\u00e6gemiddel til behandling af angst, s\u00f8vnproblemer og andre. Det er meget vigtigt at tale med din l\u00e6ge, f\u00f8r du bruger denne medicin. Tal med din l\u00e6ge for fuldst\u00e6ndige detaljer, og start derefter medicinen p\u00e5 Phenobarbital Luminal.<\/p>\n<p>Vores onlineapotek giver en medicinvejledning sammen med alle produkterne. Derfor kan du f\u00f8lge anvisningerne og g\u00f8re brug af denne medicin sikkert. Vi er her for at hj\u00e6lpe dig med at k\u00f8be Phenobarbital Luminal online p\u00e5 en nem m\u00e5de. Tag fat i os i dag og nyd fordelene ved dette l\u00e6gemiddel. Vi er her for at betjene dig med konsekvent st\u00f8tte.<\/p>\n<p><strong>Ved du, hvor man kan k\u00f8be Phenobarbital Luminal online?<\/strong><\/p>\n<p>Phenobarbital Luminal til salg, Phenobarbital Luminal street value , Phenobarbital Luminal dosering, hvordan man laver Phenobarbital Luminal, hvor kan jeg k\u00f8be Phenobarbital Luminal online, hvor kan man f\u00e5 Phenobarbital Luminal online, hvad er Phenobarbital Luminal, Premium kvalitet Phenobarbital Luminal til salg. Alle disse ubesvarede sp\u00f8rgsm\u00e5l kan f\u00e5 deres svar gennem os. Du skal bare gennem vores hjemmeside, og du vil f\u00e5 svar p\u00e5, hvordan og hvor du kan k\u00f8be Phenobarbital Luminal online.<\/p>\n<p>Hvad med Phenobarbital Luminal? Ved du ogs\u00e5, hvor man kan f\u00e5 Phenobarbital til salg online? k\u00f8b Phenobarbital Luminal Phenobarbital Luminal til salg, hvordan laver man Phenobarbital Luminal, hvordan ser Phenobarbital Luminal ud, Phenobarbital Luminal gadepris, Phenobarbital Luminal pris, hvor kan man k\u00f8be Phenobarbital Luminal , ren Phenobarbital pulver, cananbarbital pulver, buy Luminal online leverand\u00f8rer, k\u00f8b ren Phenobarbital Luminal online.<\/p>\n<p>God kvalitet Phenobarbital Luminal online online: Det er fuldst\u00e6ndig forst\u00e5et, at folk ikke hurtigt stoler p\u00e5 kvaliteten af \u200b\u200bPhenobarbital Luminal online, der s\u00e6lges online, fordi de ikke kan unders\u00f8ge det fysisk. Men det er ikke det samme med Online Phenobarbital Luminal online leverand\u00f8rer. Produkterne her er tro mod deres beskrivelse med vedligeholdelse af h\u00f8j kvalitet udf\u00f8rt under opsyn af eksperter.<\/p>\n<p>Hurtigt &amp; Diskret forsendelse: Leveringen af \u200b\u200bPhenobarbital Luminal online efter modtagelse af ordren sker inden for den lovede tidsramme. Fragtteamet s\u00e6tter alle deres kr\u00e6fter i at g\u00f8re forsendelses- og leveringsproceduren glat og hurtig. Du kan ogs\u00e5 forvente fremragende service, n\u00e5r du k\u00f8ber Phenobarbital Luminal online fra en professionel p\u00e5 onlineplatformen.<\/p>\n","protected":false},"excerpt":{"rendered":"<p><strong>Hvor kan jeg k\u00f8be Phenobarbital Luminal til den bedste pris?<\/strong><\/p>\n<p>Du kan nu k\u00f8be Phenobarbital Luminal p\u00e5 Nembutal Online Pharmacy. Din ordre til Phenobarbital Luminal til salg vil blive gennemf\u00f8rt p\u00e5 kortest mulig tid. Alt du skal g\u00f8re er at ringe til os, sende en sms eller e-mail i dag og f\u00e5 leveret dine stoffer snart. Tilslut nu!<\/p>\n","protected":false},"featured_media":7660,"comment_status":"closed","ping_status":"closed","template":"","meta":{"inline_featured_image":false},"product_brand":[],"product_cat":[58],"product_tag":[],"class_list":{"0":"post-7634","1":"product","2":"type-product","3":"status-publish","4":"has-post-thumbnail","6":"product_cat-nembutal-produkter","8":"first","9":"instock","10":"shipping-taxable","11":"purchasable","12":"product-type-variable","13":"has-default-attributes"},"yoast_head":"<!-- This site is optimized with the Yoast SEO Premium plugin v19.2 (Yoast SEO v27.3) - https:\/\/yoast.com\/product\/yoast-seo-premium-wordpress\/ -->\n<title>K\u00f8b Phenobarbital piller online - Everyday Chem Shop<\/title>\n<meta name=\"description\" content=\"K\u00f8b Phenobarbital piller online. Hvis du leder efter, hvordan du k\u00f8ber Phenobarbital Luminal online, s\u00e5 er du p\u00e5 det rigtige sted at k\u00f8be Phenobarbital Luminal online.\" \/>\n<meta name=\"robots\" content=\"index, follow, max-snippet:-1, max-image-preview:large, max-video-preview:-1\" \/>\n<link rel=\"canonical\" href=\"https:\/\/everydaychemshop.com\/da\/product\/kob-phenobarbital-phenobarbital-luminal\/\" \/>\n<meta property=\"og:locale\" content=\"en_US\" \/>\n<meta property=\"og:type\" content=\"article\" \/>\n<meta property=\"og:title\" content=\"Phenobarbital (Phenobarbital) \/ Luminal\" \/>\n<meta property=\"og:description\" content=\"K\u00f8b Phenobarbital piller online. Hvis du leder efter, hvordan du k\u00f8ber Phenobarbital Luminal online, s\u00e5 er du p\u00e5 det rigtige sted at k\u00f8be Phenobarbital Luminal online.\" \/>\n<meta property=\"og:url\" content=\"https:\/\/everydaychemshop.com\/da\/product\/kob-phenobarbital-phenobarbital-luminal\/\" \/>\n<meta property=\"og:site_name\" content=\"Everyday Chem Shop\" \/>\n<meta property=\"article:modified_time\" content=\"2023-04-08T07:43:41+00:00\" \/>\n<meta property=\"og:image\" content=\"https:\/\/everydaychemshop.com\/da\/wp-content\/uploads\/sites\/2\/2022\/11\/PhenobarbitalLuminal.jpg\" \/>\n\t<meta property=\"og:image:width\" content=\"600\" \/>\n\t<meta property=\"og:image:height\" content=\"600\" \/>\n\t<meta property=\"og:image:type\" content=\"image\/jpeg\" \/>\n<meta name=\"twitter:card\" content=\"summary_large_image\" \/>\n<meta name=\"twitter:label1\" content=\"Est. reading time\" \/>\n\t<meta name=\"twitter:data1\" content=\"3 minutes\" \/>\n<script type=\"application\/ld+json\" class=\"yoast-schema-graph\">{\"@context\":\"https:\\\/\\\/schema.org\",\"@graph\":[{\"@type\":\"WebPage\",\"@id\":\"https:\\\/\\\/everydaychemshop.com\\\/da\\\/product\\\/kob-phenobarbital-phenobarbital-luminal\\\/\",\"url\":\"https:\\\/\\\/everydaychemshop.com\\\/da\\\/product\\\/kob-phenobarbital-phenobarbital-luminal\\\/\",\"name\":\"K\u00f8b Phenobarbital piller online - Everyday Chem Shop\",\"isPartOf\":{\"@id\":\"https:\\\/\\\/everydaychemshop.com\\\/da\\\/#website\"},\"primaryImageOfPage\":{\"@id\":\"https:\\\/\\\/everydaychemshop.com\\\/da\\\/product\\\/kob-phenobarbital-phenobarbital-luminal\\\/#primaryimage\"},\"image\":{\"@id\":\"https:\\\/\\\/everydaychemshop.com\\\/da\\\/product\\\/kob-phenobarbital-phenobarbital-luminal\\\/#primaryimage\"},\"thumbnailUrl\":\"https:\\\/\\\/everydaychemshop.com\\\/da\\\/wp-content\\\/uploads\\\/sites\\\/2\\\/2022\\\/11\\\/PhenobarbitalLuminal.jpg\",\"datePublished\":\"2022-11-16T09:43:11+00:00\",\"dateModified\":\"2023-04-08T07:43:41+00:00\",\"description\":\"K\u00f8b Phenobarbital piller online. Hvis du leder efter, hvordan du k\u00f8ber Phenobarbital Luminal online, s\u00e5 er du p\u00e5 det rigtige sted at k\u00f8be Phenobarbital Luminal online.\",\"breadcrumb\":{\"@id\":\"https:\\\/\\\/everydaychemshop.com\\\/da\\\/product\\\/kob-phenobarbital-phenobarbital-luminal\\\/#breadcrumb\"},\"inLanguage\":\"en-US\",\"potentialAction\":[{\"@type\":\"ReadAction\",\"target\":[\"https:\\\/\\\/everydaychemshop.com\\\/da\\\/product\\\/kob-phenobarbital-phenobarbital-luminal\\\/\"]}]},{\"@type\":\"ImageObject\",\"inLanguage\":\"en-US\",\"@id\":\"https:\\\/\\\/everydaychemshop.com\\\/da\\\/product\\\/kob-phenobarbital-phenobarbital-luminal\\\/#primaryimage\",\"url\":\"https:\\\/\\\/everydaychemshop.com\\\/da\\\/wp-content\\\/uploads\\\/sites\\\/2\\\/2022\\\/11\\\/PhenobarbitalLuminal.jpg\",\"contentUrl\":\"https:\\\/\\\/everydaychemshop.com\\\/da\\\/wp-content\\\/uploads\\\/sites\\\/2\\\/2022\\\/11\\\/PhenobarbitalLuminal.jpg\",\"width\":600,\"height\":600,\"caption\":\"K\u00f8b Phenobarbital piller online\"},{\"@type\":\"BreadcrumbList\",\"@id\":\"https:\\\/\\\/everydaychemshop.com\\\/da\\\/product\\\/kob-phenobarbital-phenobarbital-luminal\\\/#breadcrumb\",\"itemListElement\":[{\"@type\":\"ListItem\",\"position\":1,\"name\":\"Home\",\"item\":\"https:\\\/\\\/everydaychemshop.com\\\/da\\\/\"},{\"@type\":\"ListItem\",\"position\":2,\"name\":\"Produkter\",\"item\":\"https:\\\/\\\/everydaychemshop.com\\\/da\\\/produkter\\\/\"},{\"@type\":\"ListItem\",\"position\":3,\"name\":\"Phenobarbital (Phenobarbital) \\\/ Luminal\"}]},{\"@type\":\"WebSite\",\"@id\":\"https:\\\/\\\/everydaychemshop.com\\\/da\\\/#website\",\"url\":\"https:\\\/\\\/everydaychemshop.com\\\/da\\\/\",\"name\":\"Everyday Chem Shop\",\"description\":\"\",\"potentialAction\":[{\"@type\":\"SearchAction\",\"target\":{\"@type\":\"EntryPoint\",\"urlTemplate\":\"https:\\\/\\\/everydaychemshop.com\\\/da\\\/?s={search_term_string}\"},\"query-input\":{\"@type\":\"PropertyValueSpecification\",\"valueRequired\":true,\"valueName\":\"search_term_string\"}}],\"inLanguage\":\"en-US\"}]}<\/script>\n<!-- \/ Yoast SEO Premium plugin. -->","yoast_head_json":{"title":"K\u00f8b Phenobarbital piller online - Everyday Chem Shop","description":"K\u00f8b Phenobarbital piller online. Hvis du leder efter, hvordan du k\u00f8ber Phenobarbital Luminal online, s\u00e5 er du p\u00e5 det rigtige sted at k\u00f8be Phenobarbital Luminal online.","robots":{"index":"index","follow":"follow","max-snippet":"max-snippet:-1","max-image-preview":"max-image-preview:large","max-video-preview":"max-video-preview:-1"},"canonical":"https:\/\/everydaychemshop.com\/da\/product\/kob-phenobarbital-phenobarbital-luminal\/","og_locale":"en_US","og_type":"article","og_title":"Phenobarbital (Phenobarbital) \/ Luminal","og_description":"K\u00f8b Phenobarbital piller online. Hvis du leder efter, hvordan du k\u00f8ber Phenobarbital Luminal online, s\u00e5 er du p\u00e5 det rigtige sted at k\u00f8be Phenobarbital Luminal online.","og_url":"https:\/\/everydaychemshop.com\/da\/product\/kob-phenobarbital-phenobarbital-luminal\/","og_site_name":"Everyday Chem Shop","article_modified_time":"2023-04-08T07:43:41+00:00","og_image":[{"width":600,"height":600,"url":"https:\/\/everydaychemshop.com\/da\/wp-content\/uploads\/sites\/2\/2022\/11\/PhenobarbitalLuminal.jpg","type":"image\/jpeg"}],"twitter_card":"summary_large_image","twitter_misc":{"Est. reading time":"3 minutes"},"schema":{"@context":"https:\/\/schema.org","@graph":[{"@type":"WebPage","@id":"https:\/\/everydaychemshop.com\/da\/product\/kob-phenobarbital-phenobarbital-luminal\/","url":"https:\/\/everydaychemshop.com\/da\/product\/kob-phenobarbital-phenobarbital-luminal\/","name":"K\u00f8b Phenobarbital piller online - Everyday Chem Shop","isPartOf":{"@id":"https:\/\/everydaychemshop.com\/da\/#website"},"primaryImageOfPage":{"@id":"https:\/\/everydaychemshop.com\/da\/product\/kob-phenobarbital-phenobarbital-luminal\/#primaryimage"},"image":{"@id":"https:\/\/everydaychemshop.com\/da\/product\/kob-phenobarbital-phenobarbital-luminal\/#primaryimage"},"thumbnailUrl":"https:\/\/everydaychemshop.com\/da\/wp-content\/uploads\/sites\/2\/2022\/11\/PhenobarbitalLuminal.jpg","datePublished":"2022-11-16T09:43:11+00:00","dateModified":"2023-04-08T07:43:41+00:00","description":"K\u00f8b Phenobarbital piller online. Hvis du leder efter, hvordan du k\u00f8ber Phenobarbital Luminal online, s\u00e5 er du p\u00e5 det rigtige sted at k\u00f8be Phenobarbital Luminal online.","breadcrumb":{"@id":"https:\/\/everydaychemshop.com\/da\/product\/kob-phenobarbital-phenobarbital-luminal\/#breadcrumb"},"inLanguage":"en-US","potentialAction":[{"@type":"ReadAction","target":["https:\/\/everydaychemshop.com\/da\/product\/kob-phenobarbital-phenobarbital-luminal\/"]}]},{"@type":"ImageObject","inLanguage":"en-US","@id":"https:\/\/everydaychemshop.com\/da\/product\/kob-phenobarbital-phenobarbital-luminal\/#primaryimage","url":"https:\/\/everydaychemshop.com\/da\/wp-content\/uploads\/sites\/2\/2022\/11\/PhenobarbitalLuminal.jpg","contentUrl":"https:\/\/everydaychemshop.com\/da\/wp-content\/uploads\/sites\/2\/2022\/11\/PhenobarbitalLuminal.jpg","width":600,"height":600,"caption":"K\u00f8b Phenobarbital piller online"},{"@type":"BreadcrumbList","@id":"https:\/\/everydaychemshop.com\/da\/product\/kob-phenobarbital-phenobarbital-luminal\/#breadcrumb","itemListElement":[{"@type":"ListItem","position":1,"name":"Home","item":"https:\/\/everydaychemshop.com\/da\/"},{"@type":"ListItem","position":2,"name":"Produkter","item":"https:\/\/everydaychemshop.com\/da\/produkter\/"},{"@type":"ListItem","position":3,"name":"Phenobarbital (Phenobarbital) \/ Luminal"}]},{"@type":"WebSite","@id":"https:\/\/everydaychemshop.com\/da\/#website","url":"https:\/\/everydaychemshop.com\/da\/","name":"Everyday Chem Shop","description":"","potentialAction":[{"@type":"SearchAction","target":{"@type":"EntryPoint","urlTemplate":"https:\/\/everydaychemshop.com\/da\/?s={search_term_string}"},"query-input":{"@type":"PropertyValueSpecification","valueRequired":true,"valueName":"search_term_string"}}],"inLanguage":"en-US"}]}},"_links":{"self":[{"href":"https:\/\/everydaychemshop.com\/da\/wp-json\/wp\/v2\/product\/7634","targetHints":{"allow":["GET"]}}],"collection":[{"href":"https:\/\/everydaychemshop.com\/da\/wp-json\/wp\/v2\/product"}],"about":[{"href":"https:\/\/everydaychemshop.com\/da\/wp-json\/wp\/v2\/types\/product"}],"replies":[{"embeddable":true,"href":"https:\/\/everydaychemshop.com\/da\/wp-json\/wp\/v2\/comments?post=7634"}],"wp:featuredmedia":[{"embeddable":true,"href":"https:\/\/everydaychemshop.com\/da\/wp-json\/wp\/v2\/media\/7660"}],"wp:attachment":[{"href":"https:\/\/everydaychemshop.com\/da\/wp-json\/wp\/v2\/media?parent=7634"}],"wp:term":[{"taxonomy":"product_brand","embeddable":true,"href":"https:\/\/everydaychemshop.com\/da\/wp-json\/wp\/v2\/product_brand?post=7634"},{"taxonomy":"product_cat","embeddable":true,"href":"https:\/\/everydaychemshop.com\/da\/wp-json\/wp\/v2\/product_cat?post=7634"},{"taxonomy":"product_tag","embeddable":true,"href":"https:\/\/everydaychemshop.com\/da\/wp-json\/wp\/v2\/product_tag?post=7634"}],"curies":[{"name":"wp","href":"https:\/\/api.w.org\/{rel}","templated":true}]}}