{"id":7639,"date":"2022-11-16T09:43:12","date_gmt":"2022-11-16T09:43:12","guid":{"rendered":"https:\/\/everydaychemshop.com\/da\/?post_type=product&#038;p=7639"},"modified":"2023-04-08T07:40:39","modified_gmt":"2023-04-08T07:40:39","slug":"pentobarbital-natrium-vaeske","status":"publish","type":"product","link":"https:\/\/everydaychemshop.com\/da\/product\/pentobarbital-natrium-vaeske\/","title":{"rendered":"Pentobarbitalnatrium (v\u00e6ske)"},"content":{"rendered":"<h1 class=\"tt\">K\u00f8b Pentobarbital Natrium v\u00e6ske online<\/h1>\n<p><a href=\"https:\/\/everydaychemshop.com\/da\/product\/pentobarbital-natrium-vaeske\/\">K\u00f8b Pentobarbital Natrium v\u00e6ske online<\/a>. NEMBUTAL Natriumopl\u00f8sning (pentobarbitalnatriuminjektion) er en steril opl\u00f8sning til intraven\u00f8s eller intramuskul\u00e6r injektion. Hver ml indeholder pentobarbitalnatrium 50 mg, i en vehikel af propylenglycol, 40 %, alkohol, 10 % og vand til injektion, til volumen. pH-v\u00e6rdien indstilles til ca. 9,5 med saltsyre og\/eller natriumhydroxid. Denne medicin er til injektion i en muskel eller en vene. K\u00f8b Pentobarbital Natrium Online, Pentobarbital til aflivning, Pentobarbital natrium gruppe, Pentobarbital natrium flydende, Natrium pentobarbital til aflivning af dyr.<\/p>\n<p>Natrium pentobarbital k\u00f8b online er nu muligt hos Everyday Chem Shop. Du kan nu s\u00e6tte for at k\u00f8be Pentobarbital Sodium Injection og f\u00e5 det leveret p\u00e5 din adresse inden for den lovede tidsramme. Kontakt os nu! Pentobarbital til aflivning, Pentobarbital natrium flydende, Sodium pentobarbital til aflivning af dyr,<\/p>\n<h3 class=\"tt\">Hvad er Pentobarbital og dets anvendelser?<\/h3>\n<p>Pentobarbital er et barbiturat, der virker som et depressivt middel, eller beroligende, brugt kortvarigt til behandling af s\u00f8vnl\u00f8shed. Pentobarbital bruges ogs\u00e5 som akut behandling af anfald og til at f\u00e5 patienter til at falde i s\u00f8vn til operation. K\u00f8b pentobarbitalnatrium online, Pentobarbital til aflivning, Natriumpentobarbital til aflivning af dyr.<\/p>\n<p>I h\u00f8je doser for\u00e5rsager pentobarbital d\u00f8d ved \u00e5ndedr\u00e6tsstop. Det bruges til veterin\u00e6r d\u00f8dshj\u00e6lp og bruges af nogle amerikanske stater og den amerikanske f\u00f8derale regering til henrettelser af d\u00f8mte kriminelle. K\u00f8b Pentobarbital Sodium Online<sup id=\"cite_ref-2\" class=\"reference\"><\/sup><\/p>\n<p>Pentobarbital kan for\u00e5rsage d\u00f8d, n\u00e5r det bruges i h\u00f8je doser. Det bruges til eutanasi for mennesker s\u00e5vel som dyr. Det bruges ogs\u00e5 alene eller i kombination med komplement\u00e6re midler s\u00e5som phenytoin, i kommercielle aflivningsopl\u00f8sninger til dyr.<\/p>\n<h3>Pentobarbital til d\u00f8dshj\u00e6lp<\/h3>\n<p>Pentobarbital (Nembutal) er en korttidsvirkende barbiturat beroligende-hypnotisk, der er meget brugt i dyrl\u00e6gepraksis til an\u00e6stesi og\u00a0eutanasi. Det anbefales ogs\u00e5 som et l\u00e6gemiddel til\u00a0eutanasi eller assisteret selvmord p\u00e5 grund af dets hurtige indtr\u00e6den af \u200b\u200bkoma og opfattelsen af \u200b\u200ben fredelig d\u00f8d. K\u00f8b pentobarbitalnatrium online<\/p>\n<h3>Hvordan administreres pentobarbitalnatrium?<\/h3>\n<div id=\"_joT9X9rQHMb1gQa08rz4CA32\" class=\"gy6Qzb oNjtBb V1sL5c\" aria-labelledby=\"_joT9X9r\">\n<p>a-labelledby=&#8221;_joT9X9divr&gt; <a> _joT9X9div3 &#8220;_joT9X9rQHMb1gQa08rz4CA34&#8243; class=&#8221;y8URue&#8221; data-hveid=&#8221;CBEQDA&#8221; data-ved=&#8221;2ahUKEwjaz5v_oZbuAhXGesAKHTQ5D48Qu04oAXoECBEQDA&#8221;&gt; <\/a><\/p>\n<div class=\"mod\" data-md=\"LGO\">\n<p>j&#8221; class=&#8221;LGO&#8221;&gt;&#8221;<\/p>\n<div>&#8221; data-attrid=&#8221;wa:\/description&#8221; data-hveid=&#8221;CAsQAA&#8221;&gt;<span class=\"ILfuVd NA6bn\"><span class=\"hgKElc\">Pentobarbital kan administreres intraperitonealt eller intraven\u00f8st. N\u00e5r det anvendes som et generel an\u00e6stetikum, kan pentobarbital administreres som en bolus (Borkowski et al., 1990) eller CRI. Kommercielle opl\u00f8sninger indeholder almindeligvis propylenglycol, som kan for\u00e5rsage smerte ved injektion og tromboflebitis. K\u00f8b Pentobarbital Sodium Online<\/span><\/span><\/div>\n<\/div>\n<div role=\"heading\" data-attrid=\"wa:\/description\" data-hveid=\"CAsQAA\">\n<p><strong>Hvordan kan jeg k\u00f8be Nembutal online?<\/strong><\/p>\n<p>At k\u00f8be Nembutal online er altid en god beslutning, da det hj\u00e6lper dig med at spare b\u00e5de penge og tid. Og den eneste p\u00e5lidelige m\u00e5de at k\u00f8be Nembutal online p\u00e5 er at oprette forbindelse til et onlineapotek. Ja, du l\u00e6ste rigtigt! Det b\u00f8r ikke v\u00e6re et hvilket som helst tilf\u00e6ldigt apotek, men et online Nembutal-apotek, der har et godt ry p\u00e5 onlineplatformen, s\u00e5 du kan forvente topkvalitetsprodukter og rettidig levering fra dem og ikke f\u00f8le nogen byrde af nogen art.<\/p>\n<p>Online Nembutal Apotek \u2013 Din eneste bedste m\u00e5de at k\u00f8be Nembutal Online<\/p>\n<p>Et Online Nembutal Apotek som vores er et perfekt valg, n\u00e5r det kommer til at k\u00f8be Nembutal online. Med assistance fra et p\u00e5lideligt og professionelt apotek kan du k\u00f8be bedste produkter og sikre deres effektivitet og sikkerhedsmuligheder.<\/p>\n<p>De professionelle apoteker f\u00f8lger altid deres pligter og ansvar over for kunder seri\u00f8st. Priserne p\u00e5 onlineapoteket for at k\u00f8be Nembutal eller andre relaterede produkter er rimelige og overkommelige af alle . Der er ingen grund til at bruge en formue p\u00e5 at k\u00f8be disse produkter.<\/p>\n<p>Du kan komme direkte i kontakt med Online Nembutal Pharmacy via dets officielle hjemmeside og dele dine ordreoplysninger for Nembutal, der f\u00f8lger med at betale for det samme ved at bruge de tilg\u00e6ngelige betalingsmuligheder.<\/p>\n<p>Teamet af ledere vil tage sig af dine ordreoplysninger og fors\u00f8ge at fuldf\u00f8re dem s\u00e5 hurtigt som muligt. Pakningsteamet vil pakke din ordre med den st\u00f8rste pr\u00e6cision for at sikre, at den ikke bliver beskadiget under transporten.<\/p>\n<p>Hvis du har truffet din beslutning om at k\u00f8be Nembutal online, s\u00e5 kontakt Nembutal Online-apoteket i dag og sted din bestilling. Din ordre vil snart blive gennemf\u00f8rt af teammedlemmerne.<\/p>\n<p>Selvmord med nembutal er det bedste uden smerte. Vi tilbyder ogs\u00e5 engros- og detailpriser, gratis diskret ekspres fra hele verdener. kr\u00e6ve os de produkter, du leder efter, s\u00e5 sender vi dig alle detaljerede priser og pakke.<\/p>\n<p>Opn\u00e5 en god afslutning p\u00e5 livet med natrium pentobarbital Nembutal K\u00f8b kun fra en legitim og lovlig nembutal pentobarbital natrium s\u00e6lgere nej Receptudbyder, vi er i fredelig beslutning om at give livsinformationskontaktmuligheder for flere detaljer om, hvordan man bestiller.<\/p>\n<p>Vi er lederne i valget ved livets afslutning D\u00f8dshj\u00e6lp\/assisteret selvmord af oplysningerne og forsvarssamfundet. Vi har andre l\u00e6gemidler, selvom de ikke er n\u00e6vnt i den tidligere liste.<\/p>\n<p>Hvor kan man f\u00e5 Nembutal? Finder du en passende butik eller apotek til at k\u00f8be Nembutal online? S\u00e5 vil denne blog hj\u00e6lpe dig med at vide alt om det!<\/p>\n<p>Siden Nembutal er blevet et diskutabelt produkt globalt, er eftersp\u00f8rgslen efter det samme steget. Det er et gennempr\u00f8vet og p\u00e5lideligt l\u00e6gemiddel, der bringer ro i patienterne. Det bruges i vid udstr\u00e6kning til an\u00e6stesiform\u00e5l i den medicinske industri. Det kommer i forskellige former, herunder pulver, kapsler, tabletter og v\u00e6ske. Og for at k\u00f8be alle former for Nembutal kan du kontakte et Online Nembutal-apotek direkte. Pentobarbital Natrium v\u00e6ske til salg online<\/p>\n<p>Fremkomsten af \u200b\u200ben r\u00e6kke butikker og apoteker har gjort k\u00f8bet af Nembutal nemt og bekvemt. Tiden var g\u00e5et, hvor man plejede at k\u00e6mpe h\u00e5rdt for at k\u00f8be Nembutal i butikkerne offline ved at rejse kilometer og kun hvis de var tilg\u00e6ngelige. Men med fremskridt inden for tid og teknologi er online-tilstanden kommet. Du kan nemt kontakte en online butik eller apotek ved hj\u00e6lp af dine enheder lige ved dit sted. Der er ingen grund til at rejse nogen steder l\u00e6ngere.<\/p>\n<p>Selvom der er flere butikker, der kan hj\u00e6lpe dig med at k\u00f8be Nembutal online, bliver det vigtigt at v\u00e6lge den p\u00e5lidelige og trov\u00e6rdige. Og det kan v\u00e6re noget af en opgave. Men du beh\u00f8ver ikke bekymre dig om det. Ankomsten af \u200b\u200bOnline Nembutal Pharmacy er erkl\u00e6ret for at v\u00e6re en enorm hj\u00e6lp for de mennesker, der \u00f8nsker at k\u00f8be Nembutal.<\/p>\n<p>Nembutal Apoteket p\u00e5 online platformen vil give dig <a href=\"https:\/\/da. wikipedia.org\/wiki\/Pentobarbital\">med<\/a> f\u00f8lgende<\/p>\n<p>Nembutal af god kvalitet: Det er fuldst\u00e6ndig forst\u00e5et, at folk ikke hurtigt stoler p\u00e5 kvaliteten af \u200b\u200bNembutal, der s\u00e6lges online, fordi de ikke kan unders\u00f8ge det fysisk. Men det er ikke det samme med Online Nembutal Apotek. Produkterne her er tro mod deres beskrivelse med vedligeholdelse af h\u00f8j kvalitet udf\u00f8rt under opsyn af eksperterne.<\/p>\n<p>Diskret forsendelse: Leveringen af \u200b\u200bNembutal efter modtagelse af ordren sker inden for den lovede tidsramme. Fragtteamet s\u00e6tter alle deres kr\u00e6fter i at g\u00f8re forsendelses- og leveringsproceduren glat og hurtig. Du kan ogs\u00e5 forvente fremragende service, n\u00e5r du k\u00f8ber Nembutal fra den professionelle p\u00e5 online platformen.<\/p>\n<\/div>\n<\/div>\n<p>&nbsp;<\/p>\n","protected":false},"excerpt":{"rendered":"<p>Pentobarbitalnatriuminjektion er en steril opl\u00f8sning til intraven\u00f8s\u00a0eller\u00a0intramuskul\u00e6r\u00a0injektion. Hver ml indeholder pentobarbitalnatrium 50 mg, i en vehikel af propylenglycol, 40 %, alkohol, 10 % og vand til injektion, til volumen. pH-v\u00e6rdien justeres til ca. 9,5 med saltsyre og\/eller natriumhydroxid.<\/p>\n","protected":false},"featured_media":7661,"comment_status":"closed","ping_status":"closed","template":"","meta":{"inline_featured_image":false},"product_brand":[],"product_cat":[58],"product_tag":[99,63,67,69,78,111,108,109,110,115,112,114,70,68,66,64,65,101,102,107,103,106,104,105,71,72,73,74,77,81,82,85,75,76,93,97,86,94,83,84,89,90,95,96,98,87,88,79,80,91,100,92],"class_list":{"0":"post-7639","1":"product","2":"type-product","3":"status-publish","4":"has-post-thumbnail","6":"product_cat-nembutal-produkter","7":"product_tag-pentobarbital-brug","8":"product_tag-buy-nembutal-pentobarbital-sodium","9":"product_tag-buy-sodium-pentobarbital-uk","10":"product_tag-can-you-buy-pentobarbital-sodium-over-the-counter","11":"product_tag-pentobarbital-natrium-dosering","12":"product_tag-hvor-kan-jeg-kbe-natrium-pentobarbital","13":"product_tag-hvor-kan-jeg-kbe-nembutal-natrium-pentobarbital","14":"product_tag-hvor-kan-jeg-kbe-pentobarbital-natrium","15":"product_tag-hvor-kan-jeg-kbe-pentobarbital-natrium-sovepiller","16":"product_tag-hvor-kan-hentes-pentobarbital-natrium","17":"product_tag-hvor-kan-du-kbe-pentobarbital-natrium","18":"product_tag-hvor-kan-kbes-pentobarbital-natrium-til-hunde","19":"product_tag-kan-du-kbe-natrium-pentobarbital","20":"product_tag-kan-jeg-kbe-pentobarbital","21":"product_tag-kb-pentobarbital-natrium-pentobarbital-natrium-salt","22":"product_tag-kb-pentobarbital-natrium","23":"product_tag-kb-pentobarbital-natrium-2021","24":"product_tag-natrium","25":"product_tag-natrium-pentobarbital-nembutal","26":"product_tag-natrium-pentobarbital-holdbarhed","27":"product_tag-natrium-pentobarbital-omkostninger","28":"product_tag-natrium-pentobarbital-producenter","29":"product_tag-natrium-pentobarbital-til-dyre-aflivning","30":"product_tag-natrium-pentobarbital-til-eutanasi","31":"product_tag-nembutal","32":"product_tag-pentobarbital","33":"product_tag-pentobarbital-de-natrium-dosis-letale","34":"product_tag-pentobarbital-natrium-anstesi","35":"product_tag-pentobarbital-natrium-dd","36":"product_tag-pentobarbital-natrium-gruppe","37":"product_tag-pentobarbital-natrium-injektion-til-hunde","38":"product_tag-pentobarbital-natrium-injektion-usp","39":"product_tag-pentobarbital-natrium-kb","40":"product_tag-pentobarbital-natrium-kina","41":"product_tag-pentobarbital-natrium-pris","42":"product_tag-pentobarbital-natrium-tabletter","43":"product_tag-pentobarbital-natrium-vske","44":"product_tag-pentobarbital-natrium-salt","45":"product_tag-pentobarbital-sodium-injection-for-humans","46":"product_tag-pentobarbital-sodium-injection-solution","47":"product_tag-pentobarbital-sodium-over-the-counter","48":"product_tag-pentobarbital-sodium-pills","49":"product_tag-pentobarbital-sodium-sleeping-pills","50":"product_tag-pentobarbital-sodium-sleeping-pills-over-the-counter","51":"product_tag-pentobarbital-natrium-hvor-kan-kbes","52":"product_tag-pentobarbital-natrium-nz","53":"product_tag-pentobarbital-natrium-oral","54":"product_tag-pentobarbital-natrium-til-hunde","55":"product_tag-pentobarbital-natrium-til-mennesker","56":"product_tag-pentobarbital-natrium-pulver","57":"product_tag-phenobarbital-natrium-intravens","58":"product_tag-pentobarbital-natrium-recept","60":"first","61":"instock","62":"shipping-taxable","63":"product-type-grouped"},"yoast_head":"<!-- This site is optimized with the Yoast SEO Premium plugin v19.2 (Yoast SEO v27.3) - https:\/\/yoast.com\/product\/yoast-seo-premium-wordpress\/ -->\n<title>K\u00f8b Pentobarbital Natrium v\u00e6ske online - Everyday Chem Shop<\/title>\n<meta name=\"description\" content=\"K\u00f8b Pentobarbital Natrium v\u00e6ske online. Hvis du leder efter, hvordan du k\u00f8ber Pentobarbital Natrium v\u00e6ske online, s\u00e5 er du p\u00e5 det rigtige sted at k\u00f8be Pentobarbital Natrium v\u00e6ske online.\" \/>\n<meta name=\"robots\" content=\"index, follow, max-snippet:-1, max-image-preview:large, max-video-preview:-1\" \/>\n<link rel=\"canonical\" href=\"https:\/\/everydaychemshop.com\/da\/product\/pentobarbital-natrium-vaeske\/\" \/>\n<meta property=\"og:locale\" content=\"en_US\" \/>\n<meta property=\"og:type\" content=\"article\" \/>\n<meta property=\"og:title\" content=\"Pentobarbitalnatrium (v\u00e6ske)\" \/>\n<meta property=\"og:description\" content=\"K\u00f8b Pentobarbital Natrium v\u00e6ske online. Hvis du leder efter, hvordan du k\u00f8ber Pentobarbital Natrium v\u00e6ske online, s\u00e5 er du p\u00e5 det rigtige sted at k\u00f8be Pentobarbital Natrium v\u00e6ske online.\" \/>\n<meta property=\"og:url\" content=\"https:\/\/everydaychemshop.com\/da\/product\/pentobarbital-natrium-vaeske\/\" \/>\n<meta property=\"og:site_name\" content=\"Everyday Chem Shop\" \/>\n<meta property=\"article:modified_time\" content=\"2023-04-08T07:40:39+00:00\" \/>\n<meta property=\"og:image\" content=\"https:\/\/everydaychemshop.com\/da\/wp-content\/uploads\/sites\/2\/2022\/11\/Buy-Pentobarbital-Sodium-Liquid-Injectable-Online-20210624231650.00.jpg\" \/>\n\t<meta property=\"og:image:width\" content=\"1200\" \/>\n\t<meta property=\"og:image:height\" content=\"1200\" \/>\n\t<meta property=\"og:image:type\" content=\"image\/jpeg\" \/>\n<meta name=\"twitter:card\" content=\"summary_large_image\" \/>\n<meta name=\"twitter:label1\" content=\"Est. reading time\" \/>\n\t<meta name=\"twitter:data1\" content=\"5 minutes\" \/>\n<script type=\"application\/ld+json\" class=\"yoast-schema-graph\">{\"@context\":\"https:\\\/\\\/schema.org\",\"@graph\":[{\"@type\":\"WebPage\",\"@id\":\"https:\\\/\\\/everydaychemshop.com\\\/da\\\/product\\\/pentobarbital-natrium-vaeske\\\/\",\"url\":\"https:\\\/\\\/everydaychemshop.com\\\/da\\\/product\\\/pentobarbital-natrium-vaeske\\\/\",\"name\":\"K\u00f8b Pentobarbital Natrium v\u00e6ske online - Everyday Chem Shop\",\"isPartOf\":{\"@id\":\"https:\\\/\\\/everydaychemshop.com\\\/da\\\/#website\"},\"primaryImageOfPage\":{\"@id\":\"https:\\\/\\\/everydaychemshop.com\\\/da\\\/product\\\/pentobarbital-natrium-vaeske\\\/#primaryimage\"},\"image\":{\"@id\":\"https:\\\/\\\/everydaychemshop.com\\\/da\\\/product\\\/pentobarbital-natrium-vaeske\\\/#primaryimage\"},\"thumbnailUrl\":\"https:\\\/\\\/everydaychemshop.com\\\/da\\\/wp-content\\\/uploads\\\/sites\\\/2\\\/2022\\\/11\\\/Buy-Pentobarbital-Sodium-Liquid-Injectable-Online-20210624231650.00.jpg\",\"datePublished\":\"2022-11-16T09:43:12+00:00\",\"dateModified\":\"2023-04-08T07:40:39+00:00\",\"description\":\"K\u00f8b Pentobarbital Natrium v\u00e6ske online. Hvis du leder efter, hvordan du k\u00f8ber Pentobarbital Natrium v\u00e6ske online, s\u00e5 er du p\u00e5 det rigtige sted at k\u00f8be Pentobarbital Natrium v\u00e6ske online.\",\"breadcrumb\":{\"@id\":\"https:\\\/\\\/everydaychemshop.com\\\/da\\\/product\\\/pentobarbital-natrium-vaeske\\\/#breadcrumb\"},\"inLanguage\":\"en-US\",\"potentialAction\":[{\"@type\":\"ReadAction\",\"target\":[\"https:\\\/\\\/everydaychemshop.com\\\/da\\\/product\\\/pentobarbital-natrium-vaeske\\\/\"]}]},{\"@type\":\"ImageObject\",\"inLanguage\":\"en-US\",\"@id\":\"https:\\\/\\\/everydaychemshop.com\\\/da\\\/product\\\/pentobarbital-natrium-vaeske\\\/#primaryimage\",\"url\":\"https:\\\/\\\/everydaychemshop.com\\\/da\\\/wp-content\\\/uploads\\\/sites\\\/2\\\/2022\\\/11\\\/Buy-Pentobarbital-Sodium-Liquid-Injectable-Online-20210624231650.00.jpg\",\"contentUrl\":\"https:\\\/\\\/everydaychemshop.com\\\/da\\\/wp-content\\\/uploads\\\/sites\\\/2\\\/2022\\\/11\\\/Buy-Pentobarbital-Sodium-Liquid-Injectable-Online-20210624231650.00.jpg\",\"width\":1200,\"height\":1200,\"caption\":\"K\u00f8b Pentobarbital Natrium v\u00e6ske online\"},{\"@type\":\"BreadcrumbList\",\"@id\":\"https:\\\/\\\/everydaychemshop.com\\\/da\\\/product\\\/pentobarbital-natrium-vaeske\\\/#breadcrumb\",\"itemListElement\":[{\"@type\":\"ListItem\",\"position\":1,\"name\":\"Home\",\"item\":\"https:\\\/\\\/everydaychemshop.com\\\/da\\\/\"},{\"@type\":\"ListItem\",\"position\":2,\"name\":\"Produkter\",\"item\":\"https:\\\/\\\/everydaychemshop.com\\\/da\\\/produkter\\\/\"},{\"@type\":\"ListItem\",\"position\":3,\"name\":\"Pentobarbitalnatrium (v\u00e6ske)\"}]},{\"@type\":\"WebSite\",\"@id\":\"https:\\\/\\\/everydaychemshop.com\\\/da\\\/#website\",\"url\":\"https:\\\/\\\/everydaychemshop.com\\\/da\\\/\",\"name\":\"Everyday Chem Shop\",\"description\":\"\",\"potentialAction\":[{\"@type\":\"SearchAction\",\"target\":{\"@type\":\"EntryPoint\",\"urlTemplate\":\"https:\\\/\\\/everydaychemshop.com\\\/da\\\/?s={search_term_string}\"},\"query-input\":{\"@type\":\"PropertyValueSpecification\",\"valueRequired\":true,\"valueName\":\"search_term_string\"}}],\"inLanguage\":\"en-US\"}]}<\/script>\n<!-- \/ Yoast SEO Premium plugin. -->","yoast_head_json":{"title":"K\u00f8b Pentobarbital Natrium v\u00e6ske online - Everyday Chem Shop","description":"K\u00f8b Pentobarbital Natrium v\u00e6ske online. Hvis du leder efter, hvordan du k\u00f8ber Pentobarbital Natrium v\u00e6ske online, s\u00e5 er du p\u00e5 det rigtige sted at k\u00f8be Pentobarbital Natrium v\u00e6ske online.","robots":{"index":"index","follow":"follow","max-snippet":"max-snippet:-1","max-image-preview":"max-image-preview:large","max-video-preview":"max-video-preview:-1"},"canonical":"https:\/\/everydaychemshop.com\/da\/product\/pentobarbital-natrium-vaeske\/","og_locale":"en_US","og_type":"article","og_title":"Pentobarbitalnatrium (v\u00e6ske)","og_description":"K\u00f8b Pentobarbital Natrium v\u00e6ske online. Hvis du leder efter, hvordan du k\u00f8ber Pentobarbital Natrium v\u00e6ske online, s\u00e5 er du p\u00e5 det rigtige sted at k\u00f8be Pentobarbital Natrium v\u00e6ske online.","og_url":"https:\/\/everydaychemshop.com\/da\/product\/pentobarbital-natrium-vaeske\/","og_site_name":"Everyday Chem Shop","article_modified_time":"2023-04-08T07:40:39+00:00","og_image":[{"width":1200,"height":1200,"url":"https:\/\/everydaychemshop.com\/da\/wp-content\/uploads\/sites\/2\/2022\/11\/Buy-Pentobarbital-Sodium-Liquid-Injectable-Online-20210624231650.00.jpg","type":"image\/jpeg"}],"twitter_card":"summary_large_image","twitter_misc":{"Est. reading time":"5 minutes"},"schema":{"@context":"https:\/\/schema.org","@graph":[{"@type":"WebPage","@id":"https:\/\/everydaychemshop.com\/da\/product\/pentobarbital-natrium-vaeske\/","url":"https:\/\/everydaychemshop.com\/da\/product\/pentobarbital-natrium-vaeske\/","name":"K\u00f8b Pentobarbital Natrium v\u00e6ske online - Everyday Chem Shop","isPartOf":{"@id":"https:\/\/everydaychemshop.com\/da\/#website"},"primaryImageOfPage":{"@id":"https:\/\/everydaychemshop.com\/da\/product\/pentobarbital-natrium-vaeske\/#primaryimage"},"image":{"@id":"https:\/\/everydaychemshop.com\/da\/product\/pentobarbital-natrium-vaeske\/#primaryimage"},"thumbnailUrl":"https:\/\/everydaychemshop.com\/da\/wp-content\/uploads\/sites\/2\/2022\/11\/Buy-Pentobarbital-Sodium-Liquid-Injectable-Online-20210624231650.00.jpg","datePublished":"2022-11-16T09:43:12+00:00","dateModified":"2023-04-08T07:40:39+00:00","description":"K\u00f8b Pentobarbital Natrium v\u00e6ske online. Hvis du leder efter, hvordan du k\u00f8ber Pentobarbital Natrium v\u00e6ske online, s\u00e5 er du p\u00e5 det rigtige sted at k\u00f8be Pentobarbital Natrium v\u00e6ske online.","breadcrumb":{"@id":"https:\/\/everydaychemshop.com\/da\/product\/pentobarbital-natrium-vaeske\/#breadcrumb"},"inLanguage":"en-US","potentialAction":[{"@type":"ReadAction","target":["https:\/\/everydaychemshop.com\/da\/product\/pentobarbital-natrium-vaeske\/"]}]},{"@type":"ImageObject","inLanguage":"en-US","@id":"https:\/\/everydaychemshop.com\/da\/product\/pentobarbital-natrium-vaeske\/#primaryimage","url":"https:\/\/everydaychemshop.com\/da\/wp-content\/uploads\/sites\/2\/2022\/11\/Buy-Pentobarbital-Sodium-Liquid-Injectable-Online-20210624231650.00.jpg","contentUrl":"https:\/\/everydaychemshop.com\/da\/wp-content\/uploads\/sites\/2\/2022\/11\/Buy-Pentobarbital-Sodium-Liquid-Injectable-Online-20210624231650.00.jpg","width":1200,"height":1200,"caption":"K\u00f8b Pentobarbital Natrium v\u00e6ske online"},{"@type":"BreadcrumbList","@id":"https:\/\/everydaychemshop.com\/da\/product\/pentobarbital-natrium-vaeske\/#breadcrumb","itemListElement":[{"@type":"ListItem","position":1,"name":"Home","item":"https:\/\/everydaychemshop.com\/da\/"},{"@type":"ListItem","position":2,"name":"Produkter","item":"https:\/\/everydaychemshop.com\/da\/produkter\/"},{"@type":"ListItem","position":3,"name":"Pentobarbitalnatrium (v\u00e6ske)"}]},{"@type":"WebSite","@id":"https:\/\/everydaychemshop.com\/da\/#website","url":"https:\/\/everydaychemshop.com\/da\/","name":"Everyday Chem Shop","description":"","potentialAction":[{"@type":"SearchAction","target":{"@type":"EntryPoint","urlTemplate":"https:\/\/everydaychemshop.com\/da\/?s={search_term_string}"},"query-input":{"@type":"PropertyValueSpecification","valueRequired":true,"valueName":"search_term_string"}}],"inLanguage":"en-US"}]}},"_links":{"self":[{"href":"https:\/\/everydaychemshop.com\/da\/wp-json\/wp\/v2\/product\/7639","targetHints":{"allow":["GET"]}}],"collection":[{"href":"https:\/\/everydaychemshop.com\/da\/wp-json\/wp\/v2\/product"}],"about":[{"href":"https:\/\/everydaychemshop.com\/da\/wp-json\/wp\/v2\/types\/product"}],"replies":[{"embeddable":true,"href":"https:\/\/everydaychemshop.com\/da\/wp-json\/wp\/v2\/comments?post=7639"}],"wp:featuredmedia":[{"embeddable":true,"href":"https:\/\/everydaychemshop.com\/da\/wp-json\/wp\/v2\/media\/7661"}],"wp:attachment":[{"href":"https:\/\/everydaychemshop.com\/da\/wp-json\/wp\/v2\/media?parent=7639"}],"wp:term":[{"taxonomy":"product_brand","embeddable":true,"href":"https:\/\/everydaychemshop.com\/da\/wp-json\/wp\/v2\/product_brand?post=7639"},{"taxonomy":"product_cat","embeddable":true,"href":"https:\/\/everydaychemshop.com\/da\/wp-json\/wp\/v2\/product_cat?post=7639"},{"taxonomy":"product_tag","embeddable":true,"href":"https:\/\/everydaychemshop.com\/da\/wp-json\/wp\/v2\/product_tag?post=7639"}],"curies":[{"name":"wp","href":"https:\/\/api.w.org\/{rel}","templated":true}]}}