{"id":7648,"date":"2022-11-16T09:43:14","date_gmt":"2022-11-16T09:43:14","guid":{"rendered":"https:\/\/everydaychemshop.com\/da\/?post_type=product&#038;p=7648"},"modified":"2023-04-08T07:39:13","modified_gmt":"2023-04-08T07:39:13","slug":"kob-xanax-piller-online","status":"publish","type":"product","link":"https:\/\/everydaychemshop.com\/da\/product\/kob-xanax-piller-online\/","title":{"rendered":"Xanax piller"},"content":{"rendered":"<h1>K\u00f8b Xanax piller online<\/h1>\n<p><a href=\"https:\/\/everydaychemshop.com\/da\/product\/kob-xanax-piller-online\/\">K\u00f8b Xanax piller online<\/a>. Xanax, ogs\u00e5 kaldet Aprazolam, er et l\u00e6gemiddel i benzodiazepinklassen <a href=\"https:\/\/en.wikipedia.org\/wiki\/Alprazolam\">brugt<\/a> til at lette manifestationer relateret til sp\u00e6ndinger og angstanfald blot som elendighed, PMS (pr\u00e6menstruel tilstand), visse frygt og anfald. XANAX er demonstreret til administration af nerv\u00f8sitetsproblemer og den \u00f8jeblikkelige hj\u00e6lp af bivirkninger af uro hos voksne. XANAX er ligeledes demonstreret til behandling af vanvid hos voksne med eller uden frygt for pletter og omst\u00e6ndigheder, der kan for\u00e5rsage vanvid, forsvarsl\u00f8shed eller skam (agorafobi). K\u00f8b Xanax-piller p\u00e5 nettet<\/p>\n<p>Er det korrekt at sige, at du oplever pinsler? i \u00f8jeblikket kan du f\u00e5 dine pine recepter fra tr\u00f8st i dit hjem eller kontor, vi s\u00e6lger top kliniske smerte piller til hj\u00e6lp med ubehag og adskillige andre sygdomme s\u00e5som Inkluder; xanax, oxycontin, oxycodon, dilaudid, demerol, metadon (dolophin, methadose), roxycodon, diazepam, ritalin, percocet, concerta, tramadol, adderall, hydrocodon, morfin. Vi har 100 % rekord i frugtbare forsendelser. K\u00f8b Xanax-piller p\u00e5 nettet<\/p>\n<p>Vi har l\u00e6gemidler til behandling af vedvarende rygpine, hack, nerv\u00f8sitet, alarmproblemer, modl\u00f8shed, erektil disfunktion, seksuel disfunktion, narkolepsi, korpulens, elendighed, tr\u00e6thed, v\u00e6gttabstilskud og <a href=\"https:\/\/da.wikipedia.org\/wiki\/Alprazolam\">mere<\/a> p\u00e5 nettet (ingen afhj\u00e6lpning p\u00e5kr\u00e6vet).<\/p>\n<p>&#8211; Ingen afhj\u00e6lpning p\u00e5kr\u00e6vet<\/p>\n<p>&#8211; ekspres tidligere i \u00f8jeblikket eller 24 timers forsendelse<\/p>\n<p>&#8211; Pakning er us\u00e6dvanligt taktfuldt fast, pakket ind i en aluminiumsfolie, fri for enhver fare<\/p>\n<p>&#8211; Ingen m\u00e6rke endel\u00f8s levering af pakke<\/p>\n<p>&#8211; 100 % kundepleje og opbakning.<\/p>\n<p>&#8211; Pengene tilbage sikre<\/p>\n<p>&#8211; Vi tilbyder hus-til-hus transportadministrationer<\/p>\n<p>&#8211; Fremragende og uovertrufne omkostninger.<\/p>\n<p>Vi pakker forsigtigt bundterne med wolfram og carbonpapir til undg\u00e5 gennem traditioner x-beam maskiner ved luftterminaler. Bunter er perfekt fyldt med velsignelsespapirer udefra. K\u00f8b Xanax-piller p\u00e5 nettet<\/p>\n<p>Leder du efter billige XANAX 2mg online? Bestil XANAX 2mg fra Global Home Med til overkommelige priser og levering direkte til dit hjem!<\/p>\n<p>K\u00f8b Alprazolam i Storbritannien \u2026 Alprazolam (Xanax) 2mg UK\/EU Brand \u2026 2 mg-tabletten er en mere potent version af denne effektive angstmedicin i Storbritannien<\/p>\n<p>K\u00f8b Xanax online \u2013 Xanax bar til salg \u2013K\u00f8b xanax 2mg online \u2013k\u00f8b xanax 1mg online \u2013 Xanax kan f\u00f8le sig beroligende og beroligende, s\u00e5 du f\u00f8ler dig afslappet og rolig<\/p>\n<p>K\u00f8b Xanax 2Mg Uk Materialiserende ergonomisk Bestil Xanax Overnight salified konveks? Fustier Wilburn fremtvinger K\u00f8b Xanax Online Reddit subtilizing tilbud<\/p>\n<p>K\u00f8b billigt, xanax online uden recept. Generisk zoloft bedste online apoteker billige xanax online k\u00f8b phentermin. Billeder af generiske xanax 2 mg barer<\/p>\n<p>K\u00f8b Xanax 2 mg Alprazolam 0,5 MG, 1MG, 2MG tablet bruges til at behandle panikangst og angst, s\u00e5som uventet ekstrem frygt og sp\u00e6ndinger p\u00e5 grund af stress. Det anbefales at starte med en lille dosis og \u00f8ge den gradvist. Stop ikke med at tage denne medicin pludseligt, da det kan for\u00e5rsage abstinenssymptomer som kramper, aggressiv adf\u00e6rd, sl\u00f8ret syn osv.<\/p>\n<p>Tag Alprazolam 0,5 MG tablet med eller uden mad. Indtag ikke st\u00f8rre m\u00e6ngder end anbefalet. Kontakt l\u00e6gen, hvis du oplever u\u00f8nskede virkninger. Stop ikke med at tage medicinen uden at konsultere din l\u00e6ge, da det kan for\u00e5rsage abstinenssymptomer.<\/p>\n<p>S\u00e5dan virker det<br \/>\nDenne medicin binder sig til kloridkanalerne og letter tilstr\u00f8mningen af \u200b\u200bkloridioner, hvilket for\u00e5rsager hyperpolarisering og stabilisering af den neuronale membran, hvilket forhindrer yderligere excitation af cellen.<\/p>\n<p><strong>Ved du, hvor man kan k\u00f8be Xanax-piller uden recept?<\/strong><\/p>\n<p>Xanax-piller til salg, Xanax pills street value, Xanax pills dosering, hvordan man laver Xanax piller , hvor kan jeg Xanax piller online, hvor kan man f\u00e5 Xanax piller, hvad er Xanax piller, Premium kvalitet Xanax piller til salg. Alle disse ubesvarede sp\u00f8rgsm\u00e5l kan f\u00e5 deres svar gennem os. Du skal bare gennem vores hjemmeside, og du vil f\u00e5 svar p\u00e5, hvordan og hvor du kan k\u00f8be Metadon-piller uden recept online.<\/p>\n<p>Hvad med Xanax-piller? Ved du ogs\u00e5, hvor man kan f\u00e5 Xanax-piller til salg online uden recept? k\u00f8b Xanax piller til salg, hvordan laver man Xanax piller, hvordan ser Xanax piller ud, Xanax piller gadepris, Xanax piller pris, hvor kan man k\u00f8be Xanax piller , rene Xanax piller , hvor kan jeg k\u00f8be Xanax piller online uden recept, k\u00f8b rene Xanax piller online uden recept.<\/p>\n<p>God kvalitet Xanax piller online: Det er fuldst\u00e6ndig forst\u00e5et, at folk ikke hurtigt stoler p\u00e5 kvaliteten af \u200b\u200bXanax piller online, der s\u00e6lges online, fordi de ikke kan unders\u00f8ge det fysisk. Men det er ikke det samme med online Xanax piller online leverand\u00f8rer. Produkterne her er tro mod deres beskrivelse med vedligeholdelse af h\u00f8j kvalitet udf\u00f8rt under opsyn af eksperter.<\/p>\n<p>Hurtigt &amp; Diskret forsendelse: Leveringen af \u200b\u200bXanax-pillerne online efter modtagelse af ordren sker inden for den lovede tidsramme. Fragtteamet s\u00e6tter alle deres kr\u00e6fter i at g\u00f8re forsendelses- og leveringsproceduren glat og hurtig. Du kan ogs\u00e5 forvente fremragende service, n\u00e5r du k\u00f8ber Xanax-piller online fra en professionel p\u00e5 onlineplatformen.<\/p>\n","protected":false},"excerpt":{"rendered":"<p>K\u00f8b Xanax 2 MG Tablet bruges til at behandle panikangst og angst, s\u00e5som uventet ekstrem frygt og sp\u00e6ndinger p\u00e5 grund af stress. Det anbefales at starte med en lille dosis og \u00f8ge den gradvist. Stop ikke med at tage denne medicin pludseligt, da det kan for\u00e5rsage abstinenssymptomer som kramper, aggressiv adf\u00e6rd, sl\u00f8ret syn osv.<\/p>\n","protected":false},"featured_media":7675,"comment_status":"open","ping_status":"closed","template":"","meta":{"inline_featured_image":false},"product_brand":[],"product_cat":[116],"product_tag":[117,118,121,119,124,135,120,125,122,123,126,127,128,132,133,134,129,130,131],"class_list":{"0":"post-7648","1":"product","2":"type-product","3":"status-publish","4":"has-post-thumbnail","6":"product_cat-smertestillende-midler","7":"product_tag-2mg-xanax-til-salg","8":"product_tag-alprazolam-til-salg","9":"product_tag-bestil-alprazolam-online","10":"product_tag-buy-alprazolam-online","11":"product_tag-det-bedste-sted-at-kbe-alprazolam-online","12":"product_tag-gule-xanax-stnger-til-salg","13":"product_tag-how-to-buy-alprazolam-online","14":"product_tag-hvor-kan-kbes-alprazolam-online","15":"product_tag-kb-alprazolam-online","16":"product_tag-kb-xanax-piller-p-nettet","17":"product_tag-xanax-2mg-til-salg","18":"product_tag-xanax-stnger-til-salg","19":"product_tag-xanax-barer-til-salg-online","20":"product_tag-xanax-piller-til-salg","21":"product_tag-xanax-pills-for-sale-online","22":"product_tag-xanax-tablets-for-sale","23":"product_tag-xanax-til-salg","24":"product_tag-xanax-til-salg-online","25":"product_tag-xanax-til-salg-uden-receptpligtig","27":"first","28":"instock","29":"featured","30":"shipping-taxable","31":"purchasable","32":"product-type-variable","33":"has-default-attributes"},"yoast_head":"<!-- This site is optimized with the Yoast SEO Premium plugin v19.2 (Yoast SEO v27.3) - https:\/\/yoast.com\/product\/yoast-seo-premium-wordpress\/ -->\n<title>K\u00f8b Xanax piller online - Everyday Chem Shop<\/title>\n<meta name=\"description\" content=\"K\u00f8b Xanax piller online. Hvis du leder efter, hvordan du k\u00f8ber Xanax piller online, s\u00e5 er du p\u00e5 det rigtige sted at k\u00f8be Xanax piller online.\" \/>\n<meta name=\"robots\" content=\"index, follow, max-snippet:-1, max-image-preview:large, max-video-preview:-1\" \/>\n<link rel=\"canonical\" href=\"https:\/\/everydaychemshop.com\/da\/product\/kob-xanax-piller-online\/\" \/>\n<meta property=\"og:locale\" content=\"en_US\" \/>\n<meta property=\"og:type\" content=\"article\" \/>\n<meta property=\"og:title\" content=\"Xanax piller\" \/>\n<meta property=\"og:description\" content=\"K\u00f8b Xanax piller online. Hvis du leder efter, hvordan du k\u00f8ber Xanax piller online, s\u00e5 er du p\u00e5 det rigtige sted at k\u00f8be Xanax piller online.\" \/>\n<meta property=\"og:url\" content=\"https:\/\/everydaychemshop.com\/da\/product\/kob-xanax-piller-online\/\" \/>\n<meta property=\"og:site_name\" content=\"Everyday Chem Shop\" \/>\n<meta property=\"article:modified_time\" content=\"2023-04-08T07:39:13+00:00\" \/>\n<meta property=\"og:image\" content=\"https:\/\/everydaychemshop.com\/da\/wp-content\/uploads\/sites\/2\/2022\/11\/Buy-XANAX-XR-ALPRAZOLAM-EXTENDED-RELEASE-TABLETS-2-Mg-50-TABLETS-RX-ONLY.jpg\" \/>\n\t<meta property=\"og:image:width\" content=\"1200\" \/>\n\t<meta property=\"og:image:height\" content=\"1200\" \/>\n\t<meta property=\"og:image:type\" content=\"image\/jpeg\" \/>\n<meta name=\"twitter:card\" content=\"summary_large_image\" \/>\n<meta name=\"twitter:label1\" content=\"Est. reading time\" \/>\n\t<meta name=\"twitter:data1\" content=\"4 minutes\" \/>\n<script type=\"application\/ld+json\" class=\"yoast-schema-graph\">{\"@context\":\"https:\\\/\\\/schema.org\",\"@graph\":[{\"@type\":\"WebPage\",\"@id\":\"https:\\\/\\\/everydaychemshop.com\\\/da\\\/product\\\/kob-xanax-piller-online\\\/\",\"url\":\"https:\\\/\\\/everydaychemshop.com\\\/da\\\/product\\\/kob-xanax-piller-online\\\/\",\"name\":\"K\u00f8b Xanax piller online - Everyday Chem Shop\",\"isPartOf\":{\"@id\":\"https:\\\/\\\/everydaychemshop.com\\\/da\\\/#website\"},\"primaryImageOfPage\":{\"@id\":\"https:\\\/\\\/everydaychemshop.com\\\/da\\\/product\\\/kob-xanax-piller-online\\\/#primaryimage\"},\"image\":{\"@id\":\"https:\\\/\\\/everydaychemshop.com\\\/da\\\/product\\\/kob-xanax-piller-online\\\/#primaryimage\"},\"thumbnailUrl\":\"https:\\\/\\\/everydaychemshop.com\\\/da\\\/wp-content\\\/uploads\\\/sites\\\/2\\\/2022\\\/11\\\/Buy-XANAX-XR-ALPRAZOLAM-EXTENDED-RELEASE-TABLETS-2-Mg-50-TABLETS-RX-ONLY.jpg\",\"datePublished\":\"2022-11-16T09:43:14+00:00\",\"dateModified\":\"2023-04-08T07:39:13+00:00\",\"description\":\"K\u00f8b Xanax piller online. Hvis du leder efter, hvordan du k\u00f8ber Xanax piller online, s\u00e5 er du p\u00e5 det rigtige sted at k\u00f8be Xanax piller online.\",\"breadcrumb\":{\"@id\":\"https:\\\/\\\/everydaychemshop.com\\\/da\\\/product\\\/kob-xanax-piller-online\\\/#breadcrumb\"},\"inLanguage\":\"en-US\",\"potentialAction\":[{\"@type\":\"ReadAction\",\"target\":[\"https:\\\/\\\/everydaychemshop.com\\\/da\\\/product\\\/kob-xanax-piller-online\\\/\"]}]},{\"@type\":\"ImageObject\",\"inLanguage\":\"en-US\",\"@id\":\"https:\\\/\\\/everydaychemshop.com\\\/da\\\/product\\\/kob-xanax-piller-online\\\/#primaryimage\",\"url\":\"https:\\\/\\\/everydaychemshop.com\\\/da\\\/wp-content\\\/uploads\\\/sites\\\/2\\\/2022\\\/11\\\/Buy-XANAX-XR-ALPRAZOLAM-EXTENDED-RELEASE-TABLETS-2-Mg-50-TABLETS-RX-ONLY.jpg\",\"contentUrl\":\"https:\\\/\\\/everydaychemshop.com\\\/da\\\/wp-content\\\/uploads\\\/sites\\\/2\\\/2022\\\/11\\\/Buy-XANAX-XR-ALPRAZOLAM-EXTENDED-RELEASE-TABLETS-2-Mg-50-TABLETS-RX-ONLY.jpg\",\"width\":1200,\"height\":1200,\"caption\":\"K\u00f8b Xanax piller online\"},{\"@type\":\"BreadcrumbList\",\"@id\":\"https:\\\/\\\/everydaychemshop.com\\\/da\\\/product\\\/kob-xanax-piller-online\\\/#breadcrumb\",\"itemListElement\":[{\"@type\":\"ListItem\",\"position\":1,\"name\":\"Home\",\"item\":\"https:\\\/\\\/everydaychemshop.com\\\/da\\\/\"},{\"@type\":\"ListItem\",\"position\":2,\"name\":\"Produkter\",\"item\":\"https:\\\/\\\/everydaychemshop.com\\\/da\\\/produkter\\\/\"},{\"@type\":\"ListItem\",\"position\":3,\"name\":\"Xanax piller\"}]},{\"@type\":\"WebSite\",\"@id\":\"https:\\\/\\\/everydaychemshop.com\\\/da\\\/#website\",\"url\":\"https:\\\/\\\/everydaychemshop.com\\\/da\\\/\",\"name\":\"Everyday Chem Shop\",\"description\":\"\",\"potentialAction\":[{\"@type\":\"SearchAction\",\"target\":{\"@type\":\"EntryPoint\",\"urlTemplate\":\"https:\\\/\\\/everydaychemshop.com\\\/da\\\/?s={search_term_string}\"},\"query-input\":{\"@type\":\"PropertyValueSpecification\",\"valueRequired\":true,\"valueName\":\"search_term_string\"}}],\"inLanguage\":\"en-US\"}]}<\/script>\n<!-- \/ Yoast SEO Premium plugin. -->","yoast_head_json":{"title":"K\u00f8b Xanax piller online - Everyday Chem Shop","description":"K\u00f8b Xanax piller online. Hvis du leder efter, hvordan du k\u00f8ber Xanax piller online, s\u00e5 er du p\u00e5 det rigtige sted at k\u00f8be Xanax piller online.","robots":{"index":"index","follow":"follow","max-snippet":"max-snippet:-1","max-image-preview":"max-image-preview:large","max-video-preview":"max-video-preview:-1"},"canonical":"https:\/\/everydaychemshop.com\/da\/product\/kob-xanax-piller-online\/","og_locale":"en_US","og_type":"article","og_title":"Xanax piller","og_description":"K\u00f8b Xanax piller online. Hvis du leder efter, hvordan du k\u00f8ber Xanax piller online, s\u00e5 er du p\u00e5 det rigtige sted at k\u00f8be Xanax piller online.","og_url":"https:\/\/everydaychemshop.com\/da\/product\/kob-xanax-piller-online\/","og_site_name":"Everyday Chem Shop","article_modified_time":"2023-04-08T07:39:13+00:00","og_image":[{"width":1200,"height":1200,"url":"https:\/\/everydaychemshop.com\/da\/wp-content\/uploads\/sites\/2\/2022\/11\/Buy-XANAX-XR-ALPRAZOLAM-EXTENDED-RELEASE-TABLETS-2-Mg-50-TABLETS-RX-ONLY.jpg","type":"image\/jpeg"}],"twitter_card":"summary_large_image","twitter_misc":{"Est. reading time":"4 minutes"},"schema":{"@context":"https:\/\/schema.org","@graph":[{"@type":"WebPage","@id":"https:\/\/everydaychemshop.com\/da\/product\/kob-xanax-piller-online\/","url":"https:\/\/everydaychemshop.com\/da\/product\/kob-xanax-piller-online\/","name":"K\u00f8b Xanax piller online - Everyday Chem Shop","isPartOf":{"@id":"https:\/\/everydaychemshop.com\/da\/#website"},"primaryImageOfPage":{"@id":"https:\/\/everydaychemshop.com\/da\/product\/kob-xanax-piller-online\/#primaryimage"},"image":{"@id":"https:\/\/everydaychemshop.com\/da\/product\/kob-xanax-piller-online\/#primaryimage"},"thumbnailUrl":"https:\/\/everydaychemshop.com\/da\/wp-content\/uploads\/sites\/2\/2022\/11\/Buy-XANAX-XR-ALPRAZOLAM-EXTENDED-RELEASE-TABLETS-2-Mg-50-TABLETS-RX-ONLY.jpg","datePublished":"2022-11-16T09:43:14+00:00","dateModified":"2023-04-08T07:39:13+00:00","description":"K\u00f8b Xanax piller online. Hvis du leder efter, hvordan du k\u00f8ber Xanax piller online, s\u00e5 er du p\u00e5 det rigtige sted at k\u00f8be Xanax piller online.","breadcrumb":{"@id":"https:\/\/everydaychemshop.com\/da\/product\/kob-xanax-piller-online\/#breadcrumb"},"inLanguage":"en-US","potentialAction":[{"@type":"ReadAction","target":["https:\/\/everydaychemshop.com\/da\/product\/kob-xanax-piller-online\/"]}]},{"@type":"ImageObject","inLanguage":"en-US","@id":"https:\/\/everydaychemshop.com\/da\/product\/kob-xanax-piller-online\/#primaryimage","url":"https:\/\/everydaychemshop.com\/da\/wp-content\/uploads\/sites\/2\/2022\/11\/Buy-XANAX-XR-ALPRAZOLAM-EXTENDED-RELEASE-TABLETS-2-Mg-50-TABLETS-RX-ONLY.jpg","contentUrl":"https:\/\/everydaychemshop.com\/da\/wp-content\/uploads\/sites\/2\/2022\/11\/Buy-XANAX-XR-ALPRAZOLAM-EXTENDED-RELEASE-TABLETS-2-Mg-50-TABLETS-RX-ONLY.jpg","width":1200,"height":1200,"caption":"K\u00f8b Xanax piller online"},{"@type":"BreadcrumbList","@id":"https:\/\/everydaychemshop.com\/da\/product\/kob-xanax-piller-online\/#breadcrumb","itemListElement":[{"@type":"ListItem","position":1,"name":"Home","item":"https:\/\/everydaychemshop.com\/da\/"},{"@type":"ListItem","position":2,"name":"Produkter","item":"https:\/\/everydaychemshop.com\/da\/produkter\/"},{"@type":"ListItem","position":3,"name":"Xanax piller"}]},{"@type":"WebSite","@id":"https:\/\/everydaychemshop.com\/da\/#website","url":"https:\/\/everydaychemshop.com\/da\/","name":"Everyday Chem Shop","description":"","potentialAction":[{"@type":"SearchAction","target":{"@type":"EntryPoint","urlTemplate":"https:\/\/everydaychemshop.com\/da\/?s={search_term_string}"},"query-input":{"@type":"PropertyValueSpecification","valueRequired":true,"valueName":"search_term_string"}}],"inLanguage":"en-US"}]}},"_links":{"self":[{"href":"https:\/\/everydaychemshop.com\/da\/wp-json\/wp\/v2\/product\/7648","targetHints":{"allow":["GET"]}}],"collection":[{"href":"https:\/\/everydaychemshop.com\/da\/wp-json\/wp\/v2\/product"}],"about":[{"href":"https:\/\/everydaychemshop.com\/da\/wp-json\/wp\/v2\/types\/product"}],"replies":[{"embeddable":true,"href":"https:\/\/everydaychemshop.com\/da\/wp-json\/wp\/v2\/comments?post=7648"}],"wp:featuredmedia":[{"embeddable":true,"href":"https:\/\/everydaychemshop.com\/da\/wp-json\/wp\/v2\/media\/7675"}],"wp:attachment":[{"href":"https:\/\/everydaychemshop.com\/da\/wp-json\/wp\/v2\/media?parent=7648"}],"wp:term":[{"taxonomy":"product_brand","embeddable":true,"href":"https:\/\/everydaychemshop.com\/da\/wp-json\/wp\/v2\/product_brand?post=7648"},{"taxonomy":"product_cat","embeddable":true,"href":"https:\/\/everydaychemshop.com\/da\/wp-json\/wp\/v2\/product_cat?post=7648"},{"taxonomy":"product_tag","embeddable":true,"href":"https:\/\/everydaychemshop.com\/da\/wp-json\/wp\/v2\/product_tag?post=7648"}],"curies":[{"name":"wp","href":"https:\/\/api.w.org\/{rel}","templated":true}]}}