{"id":7653,"date":"2022-11-16T09:43:15","date_gmt":"2022-11-16T09:43:15","guid":{"rendered":"https:\/\/everydaychemshop.com\/da\/?post_type=product&#038;p=7653"},"modified":"2023-04-08T07:38:00","modified_gmt":"2023-04-08T07:38:00","slug":"kob-oxycodon-piller-online","status":"publish","type":"product","link":"https:\/\/everydaychemshop.com\/da\/product\/kob-oxycodon-piller-online\/","title":{"rendered":"Oxycodone piller"},"content":{"rendered":"<h1>K\u00f8b Oxycodone piller online<\/h1>\n<p><a href=\"https:\/\/everydaychemshop.com\/da\/product\/kob-oxycodon-piller-online\/\">K\u00f8b Oxycodone piller online<\/a>. Oxycodon er den solide grundl\u00e6ggende <a href=\"https:\/\/en.wikipedia.org\/wiki\/Oxycodon\">fiksering<\/a> i adskillige smertestillende midler, der anbefales til personer med moderat til alvorlig smerte. Disse piller kommer i forskellige former, st\u00f8rrelser og nuancer afh\u00e6ngigt af portionen og m\u00e6rket. Oxycodon er desuden nu og igen godkendt i flydende struktur. Det er regelm\u00e6ssigt godkendt som et blandingsl\u00e6gemiddel med forskellige recepter, herunder acetaminophen, hovedpinemedicin og ibuprofen, med forskellige m\u00e6rkenavne, der er afh\u00e6ngige af blandingen. De absolut mest normale m\u00e6rkenavne for oxycodon-baserede medicin er: K\u00f8b Oxycodon-piller p\u00e5 nettet<\/p>\n<p>Er det korrekt at sige, at du oplever pine? i \u00f8jeblikket kan du f\u00e5 din smerte medicin fra tr\u00f8st i dit hjem eller kontor, vi s\u00e6lger top kliniske plage piller til hj\u00e6lp med ubehag og adskillige andre sygdomme som Inkluder; xanax, oxycontin, oxycodon, dilaudid, demerol, metadon (dolophin, methadose), roxycodon, diazepam, ritalin, percocet, concerta, tramadol, adderall, hydrocodon, morfin. Vi har 100 % rekord i frugtbare forsendelser. Vi leverer en bred <a href=\"https:\/\/da.wikipedia.org\/wiki\/Oxycodon\">vifte<\/a> af tjenester til vores kunder for at k\u00f8be oxycodon online uden problemer.<\/p>\n<p>Vi har medicin til behandling af konstant rygpine, hack, nerv\u00f8sitet, alarmproblemer, dysterhed, erektil brud, seksuel brud. , narkolepsi, korpulens, elendighed, svaghed, v\u00e6gttabstilskud og mere p\u00e5 nettet (ingen afhj\u00e6lpning p\u00e5kr\u00e6vet)<\/p>\n<p>&#8211; Ingen l\u00f8sning p\u00e5kr\u00e6vet<\/p>\n<p>&#8211; Express for \u00f8jeblikket eller 24 timers transport<\/p>\n<p>&#8211; Pakken er omhyggeligt fastgjort, pakket ind i en aluminiumsfolie, fri for enhver skade<\/p>\n<p>&#8211; Intet m\u00e6rke p\u00e5kr\u00e6vet, n\u00e5r bundtet dukker op<\/p>\n<p>&#8211; 100 % klient assistance og opbakning.<\/p>\n<p>&#8211; Pengene-tilbage-garanti<\/p>\n<p>&#8211; Vi tilbyder hus-til-hus transportadministration<\/p>\n<p>&#8211; Fremragende og utrolige omkostninger.<\/p>\n<p>Vi indpakker forsigtigt bundter med wolfram og carbonpapir for at springe told-x-beam-maskiner over ved luftterminaler. Bundter er dejligt pakket ind med indpakningspapir fra et eksternt perspektiv. Rolland Meds tilbyder forskellige tjenester og g\u00f8r det ogs\u00e5 tilg\u00e6ngeligt for at give kunderne kvalitetsmedicin. Vi har ogs\u00e5 klar og tilg\u00e6ngelig oxycodon klar til k\u00f8b online. T\u00f8v ikke med at kontakte os, n\u00e5r du vil bestille oxycodon online, s\u00e5 st\u00e5r vi til din r\u00e5dighed.<\/p>\n<p><strong>Ved du, hvor man kan k\u00f8be oxycodon-piller uden recept?<\/strong><\/p>\n<p>Oxycodon piller til salg, Oxycodon piller gadev\u00e6rdi, Oxycodon piller dosering, hvordan man laver oxycodon piller , hvor kan jeg Oxycodon piller online, hvor kan man f\u00e5 Oxycodon piller , hvad er Oxycodon piller , Premium kvalitet Oxycodon piller. Alle disse ubesvarede sp\u00f8rgsm\u00e5l kan f\u00e5 deres svar gennem os. Du skal bare gennem vores hjemmeside, og du vil f\u00e5 svar p\u00e5, hvordan og hvor du kan k\u00f8be Metadon-piller uden recept online.<\/p>\n<p>Hvad med Oxycodon-piller? Ved du ogs\u00e5, hvor man kan f\u00e5 Oxycodone piller til salg online uden recept? k\u00f8be Oxycodon piller til salg, hvordan laver man Oxycodon piller, hvordan ser Oxycodon piller ud, Oxycodon piller gadepris, Oxycodon piller pris, hvor kan man k\u00f8be Oxycodon piller , rene Oxycodon piller , hvor kan jeg k\u00f8be Oxycodone piller online uden recept Oxycodon piller online uden recept.<\/p>\n<p>God kvalitet Oxycodon piller online: Det er fuldst\u00e6ndig forst\u00e5et, at folk ikke hurtigt stoler p\u00e5 kvaliteten af \u200b\u200bOxycodon piller online, der s\u00e6lges online, fordi de ikke kan unders\u00f8ge det fysisk. Men det er ikke det samme med Online Oxycodone piller online leverand\u00f8rer. Produkterne her er tro mod deres beskrivelse med vedligeholdelse af h\u00f8j kvalitet udf\u00f8rt under opsyn af eksperter.<\/p>\n<p>Hurtigt &amp; Diskret forsendelse: Leveringen af \u200b\u200bOxycodone-pillerne online efter modtagelse af ordren sker inden for den lovede tidsramme. Det forsendelsesteamet s\u00e6tter alle deres kr\u00e6fter i at g\u00f8re forsendelses- og leveringsproceduren glat og hurtig. Du kan ogs\u00e5 forvente fremragende service, n\u00e5r du k\u00f8ber Oxycodone piller online fra den professionelle p\u00e5 online platformen.<\/p>\n","protected":false},"excerpt":{"rendered":"<p>Oxycodon er et middel til moderat pris, der bruges til at behandle moderate til sv\u00e6re smerter. Dette l\u00e6gemiddel er lidt mere popul\u00e6rt end sammenlignelige l\u00e6gemidler.<\/p>\n","protected":false},"featured_media":7676,"comment_status":"open","ping_status":"closed","template":"","meta":{"inline_featured_image":false},"product_brand":[],"product_cat":[116],"product_tag":[138,136,137,139,142,143,141,140,144,145,147,149,150,146,148,152,151],"class_list":{"0":"post-7653","1":"product","2":"type-product","3":"status-publish","4":"has-post-thumbnail","6":"product_cat-smertestillende-midler","7":"product_tag-ordre-roxycodon","8":"product_tag-buy-roxycodone-online","9":"product_tag-hvordan-man-fr-roxycodon","10":"product_tag-oxycodon-30mg-til-salg","11":"product_tag-oxycodon-piller-til-salg-online","12":"product_tag-oxycodon-pulver-til-salg","13":"product_tag-oxycodon-til-salg-i-udlandet","14":"product_tag-oxycodon-til-salg-uden-recept","15":"product_tag-oxycontin-80mg-til-salg","16":"product_tag-oxycontin-80mg-til-salg-online","17":"product_tag-oxycontin-for-sale-no-prescription","18":"product_tag-oxycontin-piller-til-salg","19":"product_tag-oxycontin-tabletter-til-salg","20":"product_tag-oxycontin-til-salg","21":"product_tag-oxycontin-til-salg-online","22":"product_tag-roxycodon-piller-til-salg-online","23":"product_tag-roxycodon-til-salg","25":"first","26":"instock","27":"shipping-taxable","28":"purchasable","29":"product-type-variable","30":"has-default-attributes"},"yoast_head":"<!-- This site is optimized with the Yoast SEO Premium plugin v19.2 (Yoast SEO v27.3) - https:\/\/yoast.com\/product\/yoast-seo-premium-wordpress\/ -->\n<title>K\u00f8b Oxycodone piller online - Everyday Chem Shop<\/title>\n<meta name=\"description\" content=\"K\u00f8b Oxycodone piller online. Hvis du leder efter, hvordan du k\u00f8ber Oxycodone piller online, s\u00e5 er du p\u00e5 det rigtige sted at k\u00f8be Oxycodone piller online.\" \/>\n<meta name=\"robots\" content=\"index, follow, max-snippet:-1, max-image-preview:large, max-video-preview:-1\" \/>\n<link rel=\"canonical\" href=\"https:\/\/everydaychemshop.com\/da\/product\/kob-oxycodon-piller-online\/\" \/>\n<meta property=\"og:locale\" content=\"en_US\" \/>\n<meta property=\"og:type\" content=\"article\" \/>\n<meta property=\"og:title\" content=\"Oxycodone piller\" \/>\n<meta property=\"og:description\" content=\"K\u00f8b Oxycodone piller online. Hvis du leder efter, hvordan du k\u00f8ber Oxycodone piller online, s\u00e5 er du p\u00e5 det rigtige sted at k\u00f8be Oxycodone piller online.\" \/>\n<meta property=\"og:url\" content=\"https:\/\/everydaychemshop.com\/da\/product\/kob-oxycodon-piller-online\/\" \/>\n<meta property=\"og:site_name\" content=\"Everyday Chem Shop\" \/>\n<meta property=\"article:modified_time\" content=\"2023-04-08T07:38:00+00:00\" \/>\n<meta property=\"og:image\" content=\"https:\/\/everydaychemshop.com\/da\/wp-content\/uploads\/sites\/2\/2022\/11\/OXYCODONE-30mg-15-MG-1.png\" \/>\n\t<meta property=\"og:image:width\" content=\"590\" \/>\n\t<meta property=\"og:image:height\" content=\"472\" \/>\n\t<meta property=\"og:image:type\" content=\"image\/png\" \/>\n<meta name=\"twitter:card\" content=\"summary_large_image\" \/>\n<meta name=\"twitter:label1\" content=\"Est. reading time\" \/>\n\t<meta name=\"twitter:data1\" content=\"3 minutes\" \/>\n<script type=\"application\/ld+json\" class=\"yoast-schema-graph\">{\"@context\":\"https:\\\/\\\/schema.org\",\"@graph\":[{\"@type\":\"WebPage\",\"@id\":\"https:\\\/\\\/everydaychemshop.com\\\/da\\\/product\\\/kob-oxycodon-piller-online\\\/\",\"url\":\"https:\\\/\\\/everydaychemshop.com\\\/da\\\/product\\\/kob-oxycodon-piller-online\\\/\",\"name\":\"K\u00f8b Oxycodone piller online - Everyday Chem Shop\",\"isPartOf\":{\"@id\":\"https:\\\/\\\/everydaychemshop.com\\\/da\\\/#website\"},\"primaryImageOfPage\":{\"@id\":\"https:\\\/\\\/everydaychemshop.com\\\/da\\\/product\\\/kob-oxycodon-piller-online\\\/#primaryimage\"},\"image\":{\"@id\":\"https:\\\/\\\/everydaychemshop.com\\\/da\\\/product\\\/kob-oxycodon-piller-online\\\/#primaryimage\"},\"thumbnailUrl\":\"https:\\\/\\\/everydaychemshop.com\\\/da\\\/wp-content\\\/uploads\\\/sites\\\/2\\\/2022\\\/11\\\/OXYCODONE-30mg-15-MG-1.png\",\"datePublished\":\"2022-11-16T09:43:15+00:00\",\"dateModified\":\"2023-04-08T07:38:00+00:00\",\"description\":\"K\u00f8b Oxycodone piller online. Hvis du leder efter, hvordan du k\u00f8ber Oxycodone piller online, s\u00e5 er du p\u00e5 det rigtige sted at k\u00f8be Oxycodone piller online.\",\"breadcrumb\":{\"@id\":\"https:\\\/\\\/everydaychemshop.com\\\/da\\\/product\\\/kob-oxycodon-piller-online\\\/#breadcrumb\"},\"inLanguage\":\"en-US\",\"potentialAction\":[{\"@type\":\"ReadAction\",\"target\":[\"https:\\\/\\\/everydaychemshop.com\\\/da\\\/product\\\/kob-oxycodon-piller-online\\\/\"]}]},{\"@type\":\"ImageObject\",\"inLanguage\":\"en-US\",\"@id\":\"https:\\\/\\\/everydaychemshop.com\\\/da\\\/product\\\/kob-oxycodon-piller-online\\\/#primaryimage\",\"url\":\"https:\\\/\\\/everydaychemshop.com\\\/da\\\/wp-content\\\/uploads\\\/sites\\\/2\\\/2022\\\/11\\\/OXYCODONE-30mg-15-MG-1.png\",\"contentUrl\":\"https:\\\/\\\/everydaychemshop.com\\\/da\\\/wp-content\\\/uploads\\\/sites\\\/2\\\/2022\\\/11\\\/OXYCODONE-30mg-15-MG-1.png\",\"width\":590,\"height\":472,\"caption\":\"K\u00f8b Oxycodone piller online\"},{\"@type\":\"BreadcrumbList\",\"@id\":\"https:\\\/\\\/everydaychemshop.com\\\/da\\\/product\\\/kob-oxycodon-piller-online\\\/#breadcrumb\",\"itemListElement\":[{\"@type\":\"ListItem\",\"position\":1,\"name\":\"Home\",\"item\":\"https:\\\/\\\/everydaychemshop.com\\\/da\\\/\"},{\"@type\":\"ListItem\",\"position\":2,\"name\":\"Produkter\",\"item\":\"https:\\\/\\\/everydaychemshop.com\\\/da\\\/produkter\\\/\"},{\"@type\":\"ListItem\",\"position\":3,\"name\":\"Oxycodone piller\"}]},{\"@type\":\"WebSite\",\"@id\":\"https:\\\/\\\/everydaychemshop.com\\\/da\\\/#website\",\"url\":\"https:\\\/\\\/everydaychemshop.com\\\/da\\\/\",\"name\":\"Everyday Chem Shop\",\"description\":\"\",\"potentialAction\":[{\"@type\":\"SearchAction\",\"target\":{\"@type\":\"EntryPoint\",\"urlTemplate\":\"https:\\\/\\\/everydaychemshop.com\\\/da\\\/?s={search_term_string}\"},\"query-input\":{\"@type\":\"PropertyValueSpecification\",\"valueRequired\":true,\"valueName\":\"search_term_string\"}}],\"inLanguage\":\"en-US\"}]}<\/script>\n<!-- \/ Yoast SEO Premium plugin. -->","yoast_head_json":{"title":"K\u00f8b Oxycodone piller online - Everyday Chem Shop","description":"K\u00f8b Oxycodone piller online. Hvis du leder efter, hvordan du k\u00f8ber Oxycodone piller online, s\u00e5 er du p\u00e5 det rigtige sted at k\u00f8be Oxycodone piller online.","robots":{"index":"index","follow":"follow","max-snippet":"max-snippet:-1","max-image-preview":"max-image-preview:large","max-video-preview":"max-video-preview:-1"},"canonical":"https:\/\/everydaychemshop.com\/da\/product\/kob-oxycodon-piller-online\/","og_locale":"en_US","og_type":"article","og_title":"Oxycodone piller","og_description":"K\u00f8b Oxycodone piller online. Hvis du leder efter, hvordan du k\u00f8ber Oxycodone piller online, s\u00e5 er du p\u00e5 det rigtige sted at k\u00f8be Oxycodone piller online.","og_url":"https:\/\/everydaychemshop.com\/da\/product\/kob-oxycodon-piller-online\/","og_site_name":"Everyday Chem Shop","article_modified_time":"2023-04-08T07:38:00+00:00","og_image":[{"width":590,"height":472,"url":"https:\/\/everydaychemshop.com\/da\/wp-content\/uploads\/sites\/2\/2022\/11\/OXYCODONE-30mg-15-MG-1.png","type":"image\/png"}],"twitter_card":"summary_large_image","twitter_misc":{"Est. reading time":"3 minutes"},"schema":{"@context":"https:\/\/schema.org","@graph":[{"@type":"WebPage","@id":"https:\/\/everydaychemshop.com\/da\/product\/kob-oxycodon-piller-online\/","url":"https:\/\/everydaychemshop.com\/da\/product\/kob-oxycodon-piller-online\/","name":"K\u00f8b Oxycodone piller online - Everyday Chem Shop","isPartOf":{"@id":"https:\/\/everydaychemshop.com\/da\/#website"},"primaryImageOfPage":{"@id":"https:\/\/everydaychemshop.com\/da\/product\/kob-oxycodon-piller-online\/#primaryimage"},"image":{"@id":"https:\/\/everydaychemshop.com\/da\/product\/kob-oxycodon-piller-online\/#primaryimage"},"thumbnailUrl":"https:\/\/everydaychemshop.com\/da\/wp-content\/uploads\/sites\/2\/2022\/11\/OXYCODONE-30mg-15-MG-1.png","datePublished":"2022-11-16T09:43:15+00:00","dateModified":"2023-04-08T07:38:00+00:00","description":"K\u00f8b Oxycodone piller online. Hvis du leder efter, hvordan du k\u00f8ber Oxycodone piller online, s\u00e5 er du p\u00e5 det rigtige sted at k\u00f8be Oxycodone piller online.","breadcrumb":{"@id":"https:\/\/everydaychemshop.com\/da\/product\/kob-oxycodon-piller-online\/#breadcrumb"},"inLanguage":"en-US","potentialAction":[{"@type":"ReadAction","target":["https:\/\/everydaychemshop.com\/da\/product\/kob-oxycodon-piller-online\/"]}]},{"@type":"ImageObject","inLanguage":"en-US","@id":"https:\/\/everydaychemshop.com\/da\/product\/kob-oxycodon-piller-online\/#primaryimage","url":"https:\/\/everydaychemshop.com\/da\/wp-content\/uploads\/sites\/2\/2022\/11\/OXYCODONE-30mg-15-MG-1.png","contentUrl":"https:\/\/everydaychemshop.com\/da\/wp-content\/uploads\/sites\/2\/2022\/11\/OXYCODONE-30mg-15-MG-1.png","width":590,"height":472,"caption":"K\u00f8b Oxycodone piller online"},{"@type":"BreadcrumbList","@id":"https:\/\/everydaychemshop.com\/da\/product\/kob-oxycodon-piller-online\/#breadcrumb","itemListElement":[{"@type":"ListItem","position":1,"name":"Home","item":"https:\/\/everydaychemshop.com\/da\/"},{"@type":"ListItem","position":2,"name":"Produkter","item":"https:\/\/everydaychemshop.com\/da\/produkter\/"},{"@type":"ListItem","position":3,"name":"Oxycodone piller"}]},{"@type":"WebSite","@id":"https:\/\/everydaychemshop.com\/da\/#website","url":"https:\/\/everydaychemshop.com\/da\/","name":"Everyday Chem Shop","description":"","potentialAction":[{"@type":"SearchAction","target":{"@type":"EntryPoint","urlTemplate":"https:\/\/everydaychemshop.com\/da\/?s={search_term_string}"},"query-input":{"@type":"PropertyValueSpecification","valueRequired":true,"valueName":"search_term_string"}}],"inLanguage":"en-US"}]}},"_links":{"self":[{"href":"https:\/\/everydaychemshop.com\/da\/wp-json\/wp\/v2\/product\/7653","targetHints":{"allow":["GET"]}}],"collection":[{"href":"https:\/\/everydaychemshop.com\/da\/wp-json\/wp\/v2\/product"}],"about":[{"href":"https:\/\/everydaychemshop.com\/da\/wp-json\/wp\/v2\/types\/product"}],"replies":[{"embeddable":true,"href":"https:\/\/everydaychemshop.com\/da\/wp-json\/wp\/v2\/comments?post=7653"}],"wp:featuredmedia":[{"embeddable":true,"href":"https:\/\/everydaychemshop.com\/da\/wp-json\/wp\/v2\/media\/7676"}],"wp:attachment":[{"href":"https:\/\/everydaychemshop.com\/da\/wp-json\/wp\/v2\/media?parent=7653"}],"wp:term":[{"taxonomy":"product_brand","embeddable":true,"href":"https:\/\/everydaychemshop.com\/da\/wp-json\/wp\/v2\/product_brand?post=7653"},{"taxonomy":"product_cat","embeddable":true,"href":"https:\/\/everydaychemshop.com\/da\/wp-json\/wp\/v2\/product_cat?post=7653"},{"taxonomy":"product_tag","embeddable":true,"href":"https:\/\/everydaychemshop.com\/da\/wp-json\/wp\/v2\/product_tag?post=7653"}],"curies":[{"name":"wp","href":"https:\/\/api.w.org\/{rel}","templated":true}]}}