{"id":7666,"date":"2022-11-16T09:43:44","date_gmt":"2022-11-16T09:43:44","guid":{"rendered":"https:\/\/everydaychemshop.com\/da\/?post_type=product&#038;p=7666"},"modified":"2023-04-08T07:36:44","modified_gmt":"2023-04-08T07:36:44","slug":"kob-adderall-piller-online","status":"publish","type":"product","link":"https:\/\/everydaychemshop.com\/da\/product\/kob-adderall-piller-online\/","title":{"rendered":"Adderall piller"},"content":{"rendered":"<h1>K\u00f8b Adderall piller online<\/h1>\n<p><a href=\"https:\/\/everydaychemshop.com\/da\/product\/kob-adderall-piller-online\/\">K\u00f8b Adderall piller online<\/a>. Adderall 30 MG er en slags l\u00e6gemiddel, som dannes ved at kombinere og dextroamphetamin. Disse to komponenter tjener som prim\u00e6re stimulanser i et nervesystem. Derudover p\u00e5virker disse stimulanser hjernekemikalier og nerver for at kontrollere impulser og hyperaktivitet. L\u00e6gemidlet bruges grundl\u00e6ggende til at helbrede narkolepsi og hyperaktivitetsforstyrrelse (ADHD). Det er tilladt at forbruge i specifikke lande, overvejende Canada og USA.<\/p>\n<p>Det st\u00f8rste problem i\u00a0<em>K\u00f8b Adderall 30Mg<\/em>\u00a0online kommer ned til dette ord, der starter med WE Hver datter eller s\u00f8n er f\u00f8dt med en anst\u00e6ndig hukommelse<\/p>\n<p><em>K\u00f8b Adderall 30mg<\/em>. Ingen recept p\u00e5kr\u00e6vet. 100 % sikker og diskret forsendelse. Levering natten over er tilg\u00e6ngelig. Pengetilbage-garanti.<\/p>\n<p>Du kan\u00a0<em>k\u00f8be Adderall<\/em>\u00a0piller online uden recept, adderall p\u00e5 computeren \u00e5ben, kan jeg\u00a0<em>k\u00f8be Adderall<\/em>\u00a0online?<\/p>\n<h4><strong>Forholdsregler vedr\u00f8rende dosering:<\/strong><\/h4>\n<p>Der kan v\u00e6re behov for at tage Adderall XR<strong><em>\u00a0<\/em><\/strong> hos en person, men man skal konsultere en l\u00e6ge f\u00f8r den f\u00f8rste dosis, hvis han\/hun har overaktiv skjoldbruskkirtel, moderat til alvorligt forh\u00f8jet blodtryk, gr\u00f8n st\u00e6r, enhver hjertesygdom eller endda hvis en person tidligere har v\u00e6ret stof- eller alkoholmisbruger. Folk r\u00e5des <a href=\"https:\/\/da.wikipedia.org\/wiki\/ADHD\">ogs\u00e5<\/a> til ikke at misbruge dens dosering, da det kan for\u00e5rsage alvorlige bivirkninger p\u00e5 hjertet eller endnu v\u00e6rre, d\u00f8d.<\/p>\n<h4><strong>Positivt resultat:<\/strong><\/h4>\n<p>Som indtagelse af stoffer af enhver art har virkninger, uanset om de er negative eller positive. Adderall 30 MG<strong><em>\u00a0<\/em><\/strong>har ogs\u00e5. Dette er blevet observeret, at brug af det i kortere tidsrum som anvist af l\u00e6gen, p\u00e5virker personens helbred positivt p\u00e5 grund af forebyggelse af ADHD-symptomer. Det sker fordi:<\/p>\n<ul>\n<li>Det \u00f8ger tilstedev\u00e6relsen af \u200b\u200bneurotransmittere i vores hjerner, s\u00e5som dopamin og noradrenalin. Disse specifikke kemikalier i hjernen fungerer ogs\u00e5 for at \u00f8ge energiniveauer, \u00e5rv\u00e5genhed og opm\u00e6rksomhed.<\/li>\n<li>Medikamentet kan \u00f8ge hjertefrekvensen og opretholder blodgennemstr\u00f8mningen til musklerne.<\/li>\n<li>Konstant brug af det if\u00f8lge l\u00e6gens anvisninger kan generere h\u00f8jere energi og opkvikkning, som siges at svare til kokainforbruget.<\/li>\n<\/ul>\n<h4><strong>Negativt resultat:<\/strong><\/h4>\n<p>Da det er et af de f\u00f8lsomme l\u00e6gemidler og indtagelse af Adderall 30 MG<strong><em>\u00a0<\/em><\/strong>selv efter eksperts ordination kan det have en negativ indvirkning p\u00e5 helbredet.<\/p>\n<ul>\n<li>Irritabilitet<\/li>\n<li>Usundt v\u00e6gttab p\u00e5 grund af appetitundertrykkelse<\/li>\n<li>Rustl\u00f8shed og forstyrret s\u00f8vnm\u00f8nster<\/li>\n<li>Sv\u00e6re hjerteproblemer<\/li>\n<\/ul>\n<h4><strong> I tilf\u00e6lde af misbrug:<\/strong><\/h4>\n<p>L\u00e6ger advarede altid patienterne om at tage medicin skarpt, og selv om de modvilligt blev misbrugt, ville indtagelsen af \u200b\u200bAdderall 30 MG\u00a0blev misbrugt, det ville resultere i \u00f8gede energiniveauer sammen med intens genoplivning. Desuden kan misbrug af sidstn\u00e6vnte l\u00e6gemiddel generere ubehagelige symptomer som:<\/p>\n<ul>\n<li>Mindre koncentration over tingene<\/li>\n<li>Depression og sl\u00f8vhed<\/li>\n<li>Tr\u00e6thed<\/li>\n<\/ul>\n<h4><strong>Punkter at huske p\u00e5:<\/strong><\/h4>\n<p>Yderligere, f\u00f8r du tager Adderall 30 MG<strong><em>\u00a0<\/em><\/strong>er der f\u00e5 punkter at overveje.<\/p>\n<p>Forskere foreslog folk ikke at indtage det, hvis de har brugt MAO-h\u00e6mmere inklusive linezoild, methylenbl\u00e5t injektion, isocarboxazid, rasagilin og andet i de sidste 14 dage, da det kan resultere i intens l\u00e6gemiddelinteraktion hvilket utvivlsomt ikke er sundt.<\/p>\n<p>Derudover b\u00f8r en person med stimulerende medicinallergi undg\u00e5 det, eller hvis hun\/han allerede har at g\u00f8re med:<\/p>\n<ul>\n<li>Enhver alvorlig hjerte- eller kranspuls\u00e5re sygdom<\/li>\n<li>Blodtryk (normalt til h\u00f8jt)<\/li>\n<li>Intens angst og sp\u00e6ndinger<\/li>\n<li>Narkotika- eller alkoholafh\u00e6ngighed<\/li>\n<\/ul>\n<h4><strong>Hvad hvis en person er afh\u00e6ngig af Adderall XR?<\/strong><\/h4>\n<p>Afh\u00e6ngighed af en s\u00e5dan stof ville have to slags udfald, nemlig psykologisk og fysisk.<\/p>\n<p>A person ville finde ham psykologisk afh\u00e6ngig eller afh\u00e6ngig af det, hvis han tager det p\u00e5 daglig basis, og det bliver en del af hans liv. Plus, mindre adgang til det af en eller anden grund kan v\u00e6re forstyrrende, og stress eller hovedpine vil ofte forekomme for psykologisk vanedannende mennesker.<\/p>\n<p>Desuden, for det f\u00f8rste, tog det for psykologisk afh\u00e6ngige mennesker, der indtager det, ofte til et farligt niveau, og de har at forts\u00e6tte indtaget, selvom det betyder at s\u00e6tte deres liv p\u00e5 spil. Men i et s\u00e5dant tilf\u00e6lde er en kur tilg\u00e6ngelig. Denne vane kan forbedres ved psykologisk behandling for at \u00e6ndre adf\u00e6rdsm\u00f8nstre. En terapi kaldet kognitiv adf\u00e6rdsterapi kan if\u00f8lge eksperter v\u00e6re nyttig.<\/p>\n<p>For det andet, n\u00e5r en person er vant til tilg\u00e6ngeligheden af \u200b\u200bh\u00f8jere niveauer af dopamin i sin hjerne og begr\u00e6nser Adderall XR<em><strong>\u00a0<\/strong> <\/em>kan i s\u00e5 fald falde dopaminniveauet, og personen st\u00e5r derefter over for:<\/p>\n<p>&nbsp;<\/p>\n<ul>\n<li>Depression eller tr\u00e6thed<\/li>\n<li>S\u00f8vn unormalt eller forbliver v\u00e5gen i us\u00e6dvanlige timer<\/li>\n<\/ul>\n<p>Det er relevant at n\u00e6vne det her, at denne fysiske afh\u00e6ngighed kan <a href=\"https:\/\/cs.wikipedia.org\/wiki\/Adderall\">v\u00e6kke<\/a> trang til at indtage det mere for at forblive tilfreds, hvilket kan f\u00f8re en person i retning af flere virkninger og overdosis.<\/p>\n<p>Men indtagelse af dem kun efter ekspertr\u00e5dgivning eller m\u00e5ling af alle mulige forholdsregler kan forhindre folk i negative resultater<\/p>\n<p>line fra den professionelle p\u00e5 online platformen.<\/p>\n","protected":false},"excerpt":{"rendered":"<p>Adderall 30 MG er en slags l\u00e6gemiddel, der dannes ved at kombinere og dextroamphetamin. Disse to komponenter tjener som prim\u00e6re stimulanser i et nervesystem. Derudover p\u00e5virker disse stimulanter hjernekemikalier og nerver for at kontrollere impulser og hyperaktivitet<\/p>\n","protected":false},"featured_media":7692,"comment_status":"open","ping_status":"closed","template":"","meta":{"inline_featured_image":false},"product_brand":[],"product_cat":[116],"product_tag":[153,156,154,158,155,159,157],"class_list":{"0":"post-7666","1":"product","2":"type-product","3":"status-publish","4":"has-post-thumbnail","6":"product_cat-smertestillende-midler","7":"product_tag-adderall-30-mg-for-sale","8":"product_tag-bestil-adderall-30-mg-online","9":"product_tag-buy-adderall-30-mg-online","10":"product_tag-det-bedste-sted-at-kbe-adderall-30-mg-online","11":"product_tag-how-to-buy-adderall-30-mg-online","12":"product_tag-hvor-kan-kbes-adderall-30-mg-online","13":"product_tag-purchase-adderall-30-mg-online","15":"first","16":"instock","17":"shipping-taxable","18":"purchasable","19":"product-type-variable","20":"has-default-attributes"},"yoast_head":"<!-- This site is optimized with the Yoast SEO Premium plugin v19.2 (Yoast SEO v27.3) - https:\/\/yoast.com\/product\/yoast-seo-premium-wordpress\/ -->\n<title>K\u00f8b Adderall piller online - Everyday Chem Shop<\/title>\n<meta name=\"description\" content=\"K\u00f8b Adderall piller online. Hvis du leder efter, hvordan du k\u00f8ber Adderall piller online, s\u00e5 er du p\u00e5 det rigtige sted at k\u00f8be Adderall piller online.\" \/>\n<meta name=\"robots\" content=\"index, follow, max-snippet:-1, max-image-preview:large, max-video-preview:-1\" \/>\n<link rel=\"canonical\" href=\"https:\/\/everydaychemshop.com\/da\/product\/kob-adderall-piller-online\/\" \/>\n<meta property=\"og:locale\" content=\"en_US\" \/>\n<meta property=\"og:type\" content=\"article\" \/>\n<meta property=\"og:title\" content=\"Adderall piller\" \/>\n<meta property=\"og:description\" content=\"K\u00f8b Adderall piller online. Hvis du leder efter, hvordan du k\u00f8ber Adderall piller online, s\u00e5 er du p\u00e5 det rigtige sted at k\u00f8be Adderall piller online.\" \/>\n<meta property=\"og:url\" content=\"https:\/\/everydaychemshop.com\/da\/product\/kob-adderall-piller-online\/\" \/>\n<meta property=\"og:site_name\" content=\"Everyday Chem Shop\" \/>\n<meta property=\"article:modified_time\" content=\"2023-04-08T07:36:44+00:00\" \/>\n<meta property=\"og:image\" content=\"https:\/\/everydaychemshop.com\/da\/wp-content\/uploads\/sites\/2\/2022\/11\/Buy-Adderall-30-MG.jpg\" \/>\n\t<meta property=\"og:image:width\" content=\"1200\" \/>\n\t<meta property=\"og:image:height\" content=\"1200\" \/>\n\t<meta property=\"og:image:type\" content=\"image\/jpeg\" \/>\n<meta name=\"twitter:card\" content=\"summary_large_image\" \/>\n<meta name=\"twitter:label1\" content=\"Est. reading time\" \/>\n\t<meta name=\"twitter:data1\" content=\"4 minutes\" \/>\n<script type=\"application\/ld+json\" class=\"yoast-schema-graph\">{\"@context\":\"https:\\\/\\\/schema.org\",\"@graph\":[{\"@type\":\"WebPage\",\"@id\":\"https:\\\/\\\/everydaychemshop.com\\\/da\\\/product\\\/kob-adderall-piller-online\\\/\",\"url\":\"https:\\\/\\\/everydaychemshop.com\\\/da\\\/product\\\/kob-adderall-piller-online\\\/\",\"name\":\"K\u00f8b Adderall piller online - Everyday Chem Shop\",\"isPartOf\":{\"@id\":\"https:\\\/\\\/everydaychemshop.com\\\/da\\\/#website\"},\"primaryImageOfPage\":{\"@id\":\"https:\\\/\\\/everydaychemshop.com\\\/da\\\/product\\\/kob-adderall-piller-online\\\/#primaryimage\"},\"image\":{\"@id\":\"https:\\\/\\\/everydaychemshop.com\\\/da\\\/product\\\/kob-adderall-piller-online\\\/#primaryimage\"},\"thumbnailUrl\":\"https:\\\/\\\/everydaychemshop.com\\\/da\\\/wp-content\\\/uploads\\\/sites\\\/2\\\/2022\\\/11\\\/Buy-Adderall-30-MG.jpg\",\"datePublished\":\"2022-11-16T09:43:44+00:00\",\"dateModified\":\"2023-04-08T07:36:44+00:00\",\"description\":\"K\u00f8b Adderall piller online. Hvis du leder efter, hvordan du k\u00f8ber Adderall piller online, s\u00e5 er du p\u00e5 det rigtige sted at k\u00f8be Adderall piller online.\",\"breadcrumb\":{\"@id\":\"https:\\\/\\\/everydaychemshop.com\\\/da\\\/product\\\/kob-adderall-piller-online\\\/#breadcrumb\"},\"inLanguage\":\"en-US\",\"potentialAction\":[{\"@type\":\"ReadAction\",\"target\":[\"https:\\\/\\\/everydaychemshop.com\\\/da\\\/product\\\/kob-adderall-piller-online\\\/\"]}]},{\"@type\":\"ImageObject\",\"inLanguage\":\"en-US\",\"@id\":\"https:\\\/\\\/everydaychemshop.com\\\/da\\\/product\\\/kob-adderall-piller-online\\\/#primaryimage\",\"url\":\"https:\\\/\\\/everydaychemshop.com\\\/da\\\/wp-content\\\/uploads\\\/sites\\\/2\\\/2022\\\/11\\\/Buy-Adderall-30-MG.jpg\",\"contentUrl\":\"https:\\\/\\\/everydaychemshop.com\\\/da\\\/wp-content\\\/uploads\\\/sites\\\/2\\\/2022\\\/11\\\/Buy-Adderall-30-MG.jpg\",\"width\":1200,\"height\":1200,\"caption\":\"K\u00f8b Adderall piller online\"},{\"@type\":\"BreadcrumbList\",\"@id\":\"https:\\\/\\\/everydaychemshop.com\\\/da\\\/product\\\/kob-adderall-piller-online\\\/#breadcrumb\",\"itemListElement\":[{\"@type\":\"ListItem\",\"position\":1,\"name\":\"Home\",\"item\":\"https:\\\/\\\/everydaychemshop.com\\\/da\\\/\"},{\"@type\":\"ListItem\",\"position\":2,\"name\":\"Produkter\",\"item\":\"https:\\\/\\\/everydaychemshop.com\\\/da\\\/produkter\\\/\"},{\"@type\":\"ListItem\",\"position\":3,\"name\":\"Adderall piller\"}]},{\"@type\":\"WebSite\",\"@id\":\"https:\\\/\\\/everydaychemshop.com\\\/da\\\/#website\",\"url\":\"https:\\\/\\\/everydaychemshop.com\\\/da\\\/\",\"name\":\"Everyday Chem Shop\",\"description\":\"\",\"potentialAction\":[{\"@type\":\"SearchAction\",\"target\":{\"@type\":\"EntryPoint\",\"urlTemplate\":\"https:\\\/\\\/everydaychemshop.com\\\/da\\\/?s={search_term_string}\"},\"query-input\":{\"@type\":\"PropertyValueSpecification\",\"valueRequired\":true,\"valueName\":\"search_term_string\"}}],\"inLanguage\":\"en-US\"}]}<\/script>\n<!-- \/ Yoast SEO Premium plugin. -->","yoast_head_json":{"title":"K\u00f8b Adderall piller online - Everyday Chem Shop","description":"K\u00f8b Adderall piller online. Hvis du leder efter, hvordan du k\u00f8ber Adderall piller online, s\u00e5 er du p\u00e5 det rigtige sted at k\u00f8be Adderall piller online.","robots":{"index":"index","follow":"follow","max-snippet":"max-snippet:-1","max-image-preview":"max-image-preview:large","max-video-preview":"max-video-preview:-1"},"canonical":"https:\/\/everydaychemshop.com\/da\/product\/kob-adderall-piller-online\/","og_locale":"en_US","og_type":"article","og_title":"Adderall piller","og_description":"K\u00f8b Adderall piller online. Hvis du leder efter, hvordan du k\u00f8ber Adderall piller online, s\u00e5 er du p\u00e5 det rigtige sted at k\u00f8be Adderall piller online.","og_url":"https:\/\/everydaychemshop.com\/da\/product\/kob-adderall-piller-online\/","og_site_name":"Everyday Chem Shop","article_modified_time":"2023-04-08T07:36:44+00:00","og_image":[{"width":1200,"height":1200,"url":"https:\/\/everydaychemshop.com\/da\/wp-content\/uploads\/sites\/2\/2022\/11\/Buy-Adderall-30-MG.jpg","type":"image\/jpeg"}],"twitter_card":"summary_large_image","twitter_misc":{"Est. reading time":"4 minutes"},"schema":{"@context":"https:\/\/schema.org","@graph":[{"@type":"WebPage","@id":"https:\/\/everydaychemshop.com\/da\/product\/kob-adderall-piller-online\/","url":"https:\/\/everydaychemshop.com\/da\/product\/kob-adderall-piller-online\/","name":"K\u00f8b Adderall piller online - Everyday Chem Shop","isPartOf":{"@id":"https:\/\/everydaychemshop.com\/da\/#website"},"primaryImageOfPage":{"@id":"https:\/\/everydaychemshop.com\/da\/product\/kob-adderall-piller-online\/#primaryimage"},"image":{"@id":"https:\/\/everydaychemshop.com\/da\/product\/kob-adderall-piller-online\/#primaryimage"},"thumbnailUrl":"https:\/\/everydaychemshop.com\/da\/wp-content\/uploads\/sites\/2\/2022\/11\/Buy-Adderall-30-MG.jpg","datePublished":"2022-11-16T09:43:44+00:00","dateModified":"2023-04-08T07:36:44+00:00","description":"K\u00f8b Adderall piller online. Hvis du leder efter, hvordan du k\u00f8ber Adderall piller online, s\u00e5 er du p\u00e5 det rigtige sted at k\u00f8be Adderall piller online.","breadcrumb":{"@id":"https:\/\/everydaychemshop.com\/da\/product\/kob-adderall-piller-online\/#breadcrumb"},"inLanguage":"en-US","potentialAction":[{"@type":"ReadAction","target":["https:\/\/everydaychemshop.com\/da\/product\/kob-adderall-piller-online\/"]}]},{"@type":"ImageObject","inLanguage":"en-US","@id":"https:\/\/everydaychemshop.com\/da\/product\/kob-adderall-piller-online\/#primaryimage","url":"https:\/\/everydaychemshop.com\/da\/wp-content\/uploads\/sites\/2\/2022\/11\/Buy-Adderall-30-MG.jpg","contentUrl":"https:\/\/everydaychemshop.com\/da\/wp-content\/uploads\/sites\/2\/2022\/11\/Buy-Adderall-30-MG.jpg","width":1200,"height":1200,"caption":"K\u00f8b Adderall piller online"},{"@type":"BreadcrumbList","@id":"https:\/\/everydaychemshop.com\/da\/product\/kob-adderall-piller-online\/#breadcrumb","itemListElement":[{"@type":"ListItem","position":1,"name":"Home","item":"https:\/\/everydaychemshop.com\/da\/"},{"@type":"ListItem","position":2,"name":"Produkter","item":"https:\/\/everydaychemshop.com\/da\/produkter\/"},{"@type":"ListItem","position":3,"name":"Adderall piller"}]},{"@type":"WebSite","@id":"https:\/\/everydaychemshop.com\/da\/#website","url":"https:\/\/everydaychemshop.com\/da\/","name":"Everyday Chem Shop","description":"","potentialAction":[{"@type":"SearchAction","target":{"@type":"EntryPoint","urlTemplate":"https:\/\/everydaychemshop.com\/da\/?s={search_term_string}"},"query-input":{"@type":"PropertyValueSpecification","valueRequired":true,"valueName":"search_term_string"}}],"inLanguage":"en-US"}]}},"_links":{"self":[{"href":"https:\/\/everydaychemshop.com\/da\/wp-json\/wp\/v2\/product\/7666","targetHints":{"allow":["GET"]}}],"collection":[{"href":"https:\/\/everydaychemshop.com\/da\/wp-json\/wp\/v2\/product"}],"about":[{"href":"https:\/\/everydaychemshop.com\/da\/wp-json\/wp\/v2\/types\/product"}],"replies":[{"embeddable":true,"href":"https:\/\/everydaychemshop.com\/da\/wp-json\/wp\/v2\/comments?post=7666"}],"wp:featuredmedia":[{"embeddable":true,"href":"https:\/\/everydaychemshop.com\/da\/wp-json\/wp\/v2\/media\/7692"}],"wp:attachment":[{"href":"https:\/\/everydaychemshop.com\/da\/wp-json\/wp\/v2\/media?parent=7666"}],"wp:term":[{"taxonomy":"product_brand","embeddable":true,"href":"https:\/\/everydaychemshop.com\/da\/wp-json\/wp\/v2\/product_brand?post=7666"},{"taxonomy":"product_cat","embeddable":true,"href":"https:\/\/everydaychemshop.com\/da\/wp-json\/wp\/v2\/product_cat?post=7666"},{"taxonomy":"product_tag","embeddable":true,"href":"https:\/\/everydaychemshop.com\/da\/wp-json\/wp\/v2\/product_tag?post=7666"}],"curies":[{"name":"wp","href":"https:\/\/api.w.org\/{rel}","templated":true}]}}