{"id":7672,"date":"2022-11-16T09:43:46","date_gmt":"2022-11-16T09:43:46","guid":{"rendered":"https:\/\/everydaychemshop.com\/da\/?post_type=product&#038;p=7672"},"modified":"2023-01-03T14:56:58","modified_gmt":"2023-01-03T14:56:58","slug":"kob-metadon-piller-online","status":"publish","type":"product","link":"https:\/\/everydaychemshop.com\/da\/product\/kob-metadon-piller-online\/","title":{"rendered":"K\u00f8b Metadon piller online"},"content":{"rendered":"<h2>Metadonpiller til salg online uden recept<\/h2>\n<p><a href=\"https:\/\/globalmedsonlineinc.com\/product\/pain-killers\/methadone\/\">Metadonpiller til salg online<\/a> uden recept, Metadon er en langtidsvirkende opioidmedicin, der bruges til at erstatte de kortere virkende opioider, som nogen kan v\u00e6re afh\u00e6ngige af, s\u00e5som heroin, oxycodon, fentanyl eller hydromorfon. Langtidsvirkende betyder, at stoffet virker langsommere i kroppen og over l\u00e6ngere tid. Virkningerne af metadon varer i 24 til 36 timer. I mods\u00e6tning hertil skal en person, der bruger korttidsvirkende opioider for at undg\u00e5 abstinenser, tage tre til fire gange om dagen. K\u00f8b metadonpiller p\u00e5 nettet<\/p>\n<p>N\u00e5r metadon tages i den rigtige dosis, forhindrer det abstinenssymptomer og mindsker trangen til stoffet uden at f\u00e5 personen til at f\u00f8le sig h\u00f8j (euforisk) eller s\u00f8vnig. Dette mindsker skaderne forbundet med opioidmisbrug og giver mennesker, der er afh\u00e6ngige af opioider, en chance for at stabilisere deres liv. Denne behandling er kendt som metadon vedligeholdelsesterapi, som er en type opioid agonist terapi. Metadonbehandling til opioidafh\u00e6ngighed virker p\u00e5 samme m\u00e5de som buprenorphin, <a href=\"https:\/\/en.wikipedia.org\/wiki\/Methadon\">en anden<\/a> opioidagonistbehandling. K\u00f8b metadonpiller online<\/p>\n<p>D\u00f8jer du med smerter? nu kan du f\u00e5 din smertestillende medicin hjemmefra eller p\u00e5 kontoret, vi s\u00e6lger topmedicinske smertestillende piller til smertelindring og mange andre tilstande s\u00e5som; Xanax, Oxycontin, Oxycodon, Dilaudid, Demerol, Metadon (Dolophine, Methadose), Roxycodon, Diazepam, Ritalin, Percocet, Concerta, Tramadol, Adderall, Hydrocodon, Morfin. Vi har en 100 % registrering af vellykkede leveringer.<\/p>\n<p>Vi har medicin til behandling af kroniske rygsmerter, hoste, angst, panikangst, depression, erektil dysfunktion, seksuel dysfunktion, narkolepsi, fedme, depression, tr\u00e6thed , v\u00e6gttabstilskud og mere online (ingen recept n\u00f8dvendig) k\u00f8b metadonpiller online<\/p>\n<p>&#8211; Ingen recept n\u00f8dvendig<br \/> &#8211; Ekspres levering natten over eller n\u00e6ste dag<br \/> &#8211; Pakken er meget diskret forseglet, pakket ind med en aluminiumsfolie, sikkert og sikkert<br \/> &#8211; Ingen underskrift p\u00e5kr\u00e6vet, n\u00e5r pakken ankommer<br \/> &#8211; 100 % kundeservice og support.<br \/> &#8211; Pengene tilbage-garanti<br \/> &#8211; Vi tilbyder d\u00f8r til d\u00f8r levering service<br \/> &#8211; Fremragende og uovertrufne priser.<\/p>\n<p>Vi pakker omhyggeligt pakker ind med wolfram og karbonpapir for at springe toldr\u00f8ntgenmaskiner over i lufthavne. Pakkerne er smukt pakket ind med indpakningspapir udefra.<\/p>\n<h4>Dolophin (metadon)<\/h4>\n<p>Dolophine metadon 10MG,\u00a0denne\u00a0medicin\u00a0anvendes til at behandle alvorlige vedvarende smerter (som f.eks. p\u00e5 grund af kr\u00e6ft). Metadon\u00a0tilh\u00f8rer en klasse af l\u00e6gemidler kendt som opiod (narkotiske) analgetika. Det virker i hjernen for at \u00e6ndre, hvordan din krop f\u00f8les og reagerer p\u00e5 smerte.<\/p>\n<p>Dolophin Metadon 10MG, Brug ikke denne medicin til at lindre smerter, der er milde, eller som vil forsvinde i l\u00f8bet af f\u00e5 dage (f.eks. smerter fra operation). Denne medicin er ikke til lejlighedsvis (\u201cefter behov\u201d) brug.<\/p>\n<p>Dolophine Methadon 10MG, denne medicin bruges ogs\u00e5 til at behandle afh\u00e6ngighed af opiod (s\u00e5som heriod) som en del af et godkendt behandlingsprogram. Det hj\u00e6lper med at forhindre abstinenssymptomer for\u00e5rsaget af at stoppe med andre opioider.<\/p>\n<h4>S\u00e5dan bruger du Dolophine (Methadon) 10MG<\/h4>\n<p>Se ogs\u00e5 Advarselsafsnittet.<\/p>\n<p>L\u00e6s\u00a0Dolophine Methadone 10MG Vejledning og patientinformationsfolder, hvis tilg\u00e6ngelig fra din\u00a0apoteker\u00a0inden du begynder at bruge\u00a0metadon\u00a0og hver gang du f\u00e5r en genopfyldning. Sp\u00f8rg din l\u00e6ge eller apotekspersonalet, hvis du har sp\u00f8rgsm\u00e5l.<\/p>\n<p>Dolophine Metadon 10MG, Tag denne medicin gennem munden efter en regelm\u00e6ssig tidsplan som anvist af din l\u00e6ge og ikke efter behov for pludselige (gennembruds-)smerter. Du kan tage dette l\u00e6gemiddel med eller uden mad. Hvis du har kvalme, kan det hj\u00e6lpe at tage dette l\u00e6gemiddel sammen med mad. Sp\u00f8rg din l\u00e6ge eller apoteket om andre m\u00e5der at mindske kvalme p\u00e5 (s\u00e5som at ligge ned i 1 til 2 timer med s\u00e5 lidt hovedbev\u00e6gelse som muligt).<\/p>\n<p>Hvis du bruger den flydende form af denne medicin, skal du m\u00e5le dosis forsigtigt ved hj\u00e6lp af et specielt m\u00e5leapparat\/ske. Brug ikke en husholdningsske, da du muligvis ikke f\u00e5r den korrekte dosis.<\/p>\n<p>Dosis er baseret p\u00e5 din medicinske tilstand og respons p\u00e5 behandlingen.<\/p>\n<p>Dolophine Metadon 10MG,\u00a0denne\u00a0medicin\u00a0anvendes til behandling af alvorlige vedvarende smerter (s\u00e5som p\u00e5 grund af kr\u00e6ft). Metadon\u00a0tilh\u00f8rer en klasse af l\u00e6gemidler kendt som opiod (narkotiske) analgetika. Det virker i hjernen for at \u00e6ndre, hvordan din krop f\u00f8les og reagerer p\u00e5 smerte. Denne medicin kan for\u00e5rsage abstinensreaktioner, is\u00e6r hvis den har v\u00e6ret brugt regelm\u00e6ssigt i lang tid eller i h\u00f8je doser. I s\u00e5danne tilf\u00e6lde kan abstinenssymptomer (s\u00e5som rastl\u00f8shed, vandrende \u00f8jne, l\u00f8best\u00f8j, kvalme, svedtendens, muskelsmerter) opst\u00e5, hvis du pludselig holder op med at bruge denne medicin. For at forhindre abstinensreaktioner kan din l\u00e6ge reducere din dosis gradvist. Kontakt din l\u00e6ge eller apoteket for at f\u00e5 flere detaljer, og rapporter alle abstinensreaktioner med det samme.<\/p>\n<p>Selvom det hj\u00e6lper mange mennesker, kan denne medicin nogle gange for\u00e5rsage tils\u00e6tning. Denne risiko kan v\u00e6re h\u00f8jere, hvis du har en stofmisbrugsforstyrrelse (s\u00e5som overforbrug af eller afh\u00e6ngighed af stoffer\/alkohol). Tag denne medicin n\u00f8jagtigt som foreskrevet for at mindske risikoen for afh\u00e6ngighed. Stop med vedligeholdelsesbehandling med metadon har en h\u00f8j risiko for tilbagevenden til\u00a0Dolophine Methadon 10MG\u00a0misbrug. Sp\u00f8rg din l\u00e6ge eller apoteket for flere detaljer.<\/p>\n<p>Fort\u00e6l din l\u00e6ge, hvis din tilstand forts\u00e6tter eller forv\u00e6rres. Dolophine (Methadon) 10MG.<\/p>\n<p>metadon piller til salg, metadon til salg, metadon til salg online, metadon tabletter til salg, metadon til salg uden recept, metadon street value, k\u00f8b metadon piller p\u00e5 nettet.<\/p>\n<p><strong>Ved du, hvor man kan k\u00f8be metadon piller uden recept?<\/strong><\/p>\n<p>Metadon piller til salg, Metadon piller gadev\u00e6rdi, Metadon piller dosering, hvordan man laver Metadon piller , hvor kan jeg Metadon piller online, hvor kan man f\u00e5 Metadon piller , hvad er Metadon piller , Premium kvalitet Metadon piller til salg. Alle disse ubesvarede sp\u00f8rgsm\u00e5l kan f\u00e5 deres svar gennem os. Du skal blot gennem vores hjemmeside, og du vil f\u00e5 svar p\u00e5, hvordan og hvor du kan k\u00f8be metadonpiller uden recept online.<\/p>\n<p>Hvad med metadonpiller? Ved du ogs\u00e5, hvor man kan f\u00e5 metadon-piller til salg online uden recept? k\u00f8be Metadon piller til salg, hvordan laver man Metadon piller, hvordan ser Metadon piller ud, Metadon piller gadepris, Metadon piller pris, hvor kan man k\u00f8be Metadon piller , rene Metadon piller , hvor kan jeg k\u00f8be Metadon piller online uden recept, k\u00f8b pure Metadon piller online uden recept.<\/p>\n<p>God kvalitet Metadon piller online: Det er fuldst\u00e6ndig forst\u00e5et, at folk ikke hurtigt stoler p\u00e5 kvaliteten af \u200b\u200bmetadon piller online, der s\u00e6lges online, fordi de ikke kan unders\u00f8ge det fysisk. Men det er ikke det samme med Online Metadon piller online leverand\u00f8rer. Produkterne her er tro mod deres beskrivelse med vedligeholdelse af h\u00f8j kvalitet udf\u00f8rt under opsyn af eksperter.<\/p>\n<p>Hurtigt &amp; Diskret forsendelse: Leveringen af \u200b\u200bMetadon-pillerne online efter modtagelse af ordren sker inden for den lovede tidsramme. Fragtteamet s\u00e6tter alle deres kr\u00e6fter i at g\u00f8re forsendelses- og leveringsproceduren glat og hurtig. Du kan ogs\u00e5 forvente fremragende service, n\u00e5r du k\u00f8ber metadonpiller online fra en professionel p\u00e5 onlineplatformen.<\/p>\n","protected":false},"excerpt":{"rendered":"<p>METHADONE er et smertestillende middel. Det bruges til at behandle st\u00e6rke smerter. Medicinen bruges ogs\u00e5 til at forebygge abstinenssymptomer hos personer, der er afh\u00e6ngige af andre stoffer<\/p>\n","protected":false},"featured_media":7693,"comment_status":"open","ping_status":"closed","template":"","meta":{"inline_featured_image":false},"product_brand":[],"product_cat":[116],"product_tag":[160,161,166,165,167,162,164,163],"class_list":{"0":"post-7672","1":"product","2":"type-product","3":"status-publish","4":"has-post-thumbnail","6":"product_cat-smertestillende-midler","7":"product_tag-hvordan-fr-man-metadon","8":"product_tag-metadon-10mg-piller","9":"product_tag-metadon-gade-vrdi","10":"product_tag-metadon-piller-til-salg","11":"product_tag-metadon-tabletter-til-salg","12":"product_tag-metadon-til-salg","13":"product_tag-metadon-til-salg-online","14":"product_tag-metadon-til-salg-uden-recept","16":"first","17":"instock","18":"shipping-taxable","19":"purchasable","20":"product-type-variable","21":"has-default-attributes"},"yoast_head":"<!-- This site is optimized with the Yoast SEO Premium plugin v19.2 (Yoast SEO v27.3) - https:\/\/yoast.com\/product\/yoast-seo-premium-wordpress\/ -->\n<title>Metadon piller til salg online uden recept | Global Meds Inc.<\/title>\n<meta name=\"description\" content=\"Metadon piller til salg online uden recept. Hvis du leder efter, hvordan du k\u00f8ber Metadon piller online, s\u00e5 er du p\u00e5 det rigtige sted at k\u00f8be Metadon piller online.\" \/>\n<meta name=\"robots\" content=\"index, follow, max-snippet:-1, max-image-preview:large, max-video-preview:-1\" \/>\n<link rel=\"canonical\" href=\"https:\/\/everydaychemshop.com\/da\/product\/kob-metadon-piller-online\/\" \/>\n<meta property=\"og:locale\" content=\"en_US\" \/>\n<meta property=\"og:type\" content=\"article\" \/>\n<meta property=\"og:title\" content=\"K\u00f8b Metadon piller online\" \/>\n<meta property=\"og:description\" content=\"Metadon piller til salg online uden recept. Hvis du leder efter, hvordan du k\u00f8ber Metadon piller online, s\u00e5 er du p\u00e5 det rigtige sted at k\u00f8be Metadon piller online.\" \/>\n<meta property=\"og:url\" content=\"https:\/\/everydaychemshop.com\/da\/product\/kob-metadon-piller-online\/\" \/>\n<meta property=\"og:site_name\" content=\"Everyday Chem Shop\" \/>\n<meta property=\"article:modified_time\" content=\"2023-01-03T14:56:58+00:00\" \/>\n<meta property=\"og:image\" content=\"https:\/\/everydaychemshop.com\/da\/wp-content\/uploads\/sites\/2\/2022\/11\/Dolophine-Methadone-10-MG.jpg\" \/>\n\t<meta property=\"og:image:width\" content=\"1200\" \/>\n\t<meta property=\"og:image:height\" content=\"1200\" \/>\n\t<meta property=\"og:image:type\" content=\"image\/jpeg\" \/>\n<meta name=\"twitter:card\" content=\"summary_large_image\" \/>\n<meta name=\"twitter:label1\" content=\"Est. reading time\" \/>\n\t<meta name=\"twitter:data1\" content=\"5 minutes\" \/>\n<script type=\"application\/ld+json\" class=\"yoast-schema-graph\">{\"@context\":\"https:\\\/\\\/schema.org\",\"@graph\":[{\"@type\":\"WebPage\",\"@id\":\"https:\\\/\\\/everydaychemshop.com\\\/da\\\/product\\\/kob-metadon-piller-online\\\/\",\"url\":\"https:\\\/\\\/everydaychemshop.com\\\/da\\\/product\\\/kob-metadon-piller-online\\\/\",\"name\":\"Metadon piller til salg online uden recept | Global Meds Inc.\",\"isPartOf\":{\"@id\":\"https:\\\/\\\/everydaychemshop.com\\\/da\\\/#website\"},\"primaryImageOfPage\":{\"@id\":\"https:\\\/\\\/everydaychemshop.com\\\/da\\\/product\\\/kob-metadon-piller-online\\\/#primaryimage\"},\"image\":{\"@id\":\"https:\\\/\\\/everydaychemshop.com\\\/da\\\/product\\\/kob-metadon-piller-online\\\/#primaryimage\"},\"thumbnailUrl\":\"https:\\\/\\\/everydaychemshop.com\\\/da\\\/wp-content\\\/uploads\\\/sites\\\/2\\\/2022\\\/11\\\/Dolophine-Methadone-10-MG.jpg\",\"datePublished\":\"2022-11-16T09:43:46+00:00\",\"dateModified\":\"2023-01-03T14:56:58+00:00\",\"description\":\"Metadon piller til salg online uden recept. Hvis du leder efter, hvordan du k\u00f8ber Metadon piller online, s\u00e5 er du p\u00e5 det rigtige sted at k\u00f8be Metadon piller online.\",\"breadcrumb\":{\"@id\":\"https:\\\/\\\/everydaychemshop.com\\\/da\\\/product\\\/kob-metadon-piller-online\\\/#breadcrumb\"},\"inLanguage\":\"en-US\",\"potentialAction\":[{\"@type\":\"ReadAction\",\"target\":[\"https:\\\/\\\/everydaychemshop.com\\\/da\\\/product\\\/kob-metadon-piller-online\\\/\"]}]},{\"@type\":\"ImageObject\",\"inLanguage\":\"en-US\",\"@id\":\"https:\\\/\\\/everydaychemshop.com\\\/da\\\/product\\\/kob-metadon-piller-online\\\/#primaryimage\",\"url\":\"https:\\\/\\\/everydaychemshop.com\\\/da\\\/wp-content\\\/uploads\\\/sites\\\/2\\\/2022\\\/11\\\/Dolophine-Methadone-10-MG.jpg\",\"contentUrl\":\"https:\\\/\\\/everydaychemshop.com\\\/da\\\/wp-content\\\/uploads\\\/sites\\\/2\\\/2022\\\/11\\\/Dolophine-Methadone-10-MG.jpg\",\"width\":1200,\"height\":1200,\"caption\":\"K\u00f8b Metadon piller online\"},{\"@type\":\"BreadcrumbList\",\"@id\":\"https:\\\/\\\/everydaychemshop.com\\\/da\\\/product\\\/kob-metadon-piller-online\\\/#breadcrumb\",\"itemListElement\":[{\"@type\":\"ListItem\",\"position\":1,\"name\":\"Home\",\"item\":\"https:\\\/\\\/everydaychemshop.com\\\/da\\\/\"},{\"@type\":\"ListItem\",\"position\":2,\"name\":\"Produkter\",\"item\":\"https:\\\/\\\/everydaychemshop.com\\\/da\\\/produkter\\\/\"},{\"@type\":\"ListItem\",\"position\":3,\"name\":\"K\u00f8b Metadon piller online\"}]},{\"@type\":\"WebSite\",\"@id\":\"https:\\\/\\\/everydaychemshop.com\\\/da\\\/#website\",\"url\":\"https:\\\/\\\/everydaychemshop.com\\\/da\\\/\",\"name\":\"Everyday Chem Shop\",\"description\":\"\",\"potentialAction\":[{\"@type\":\"SearchAction\",\"target\":{\"@type\":\"EntryPoint\",\"urlTemplate\":\"https:\\\/\\\/everydaychemshop.com\\\/da\\\/?s={search_term_string}\"},\"query-input\":{\"@type\":\"PropertyValueSpecification\",\"valueRequired\":true,\"valueName\":\"search_term_string\"}}],\"inLanguage\":\"en-US\"}]}<\/script>\n<!-- \/ Yoast SEO Premium plugin. -->","yoast_head_json":{"title":"Metadon piller til salg online uden recept | Global Meds Inc.","description":"Metadon piller til salg online uden recept. Hvis du leder efter, hvordan du k\u00f8ber Metadon piller online, s\u00e5 er du p\u00e5 det rigtige sted at k\u00f8be Metadon piller online.","robots":{"index":"index","follow":"follow","max-snippet":"max-snippet:-1","max-image-preview":"max-image-preview:large","max-video-preview":"max-video-preview:-1"},"canonical":"https:\/\/everydaychemshop.com\/da\/product\/kob-metadon-piller-online\/","og_locale":"en_US","og_type":"article","og_title":"K\u00f8b Metadon piller online","og_description":"Metadon piller til salg online uden recept. Hvis du leder efter, hvordan du k\u00f8ber Metadon piller online, s\u00e5 er du p\u00e5 det rigtige sted at k\u00f8be Metadon piller online.","og_url":"https:\/\/everydaychemshop.com\/da\/product\/kob-metadon-piller-online\/","og_site_name":"Everyday Chem Shop","article_modified_time":"2023-01-03T14:56:58+00:00","og_image":[{"width":1200,"height":1200,"url":"https:\/\/everydaychemshop.com\/da\/wp-content\/uploads\/sites\/2\/2022\/11\/Dolophine-Methadone-10-MG.jpg","type":"image\/jpeg"}],"twitter_card":"summary_large_image","twitter_misc":{"Est. reading time":"5 minutes"},"schema":{"@context":"https:\/\/schema.org","@graph":[{"@type":"WebPage","@id":"https:\/\/everydaychemshop.com\/da\/product\/kob-metadon-piller-online\/","url":"https:\/\/everydaychemshop.com\/da\/product\/kob-metadon-piller-online\/","name":"Metadon piller til salg online uden recept | Global Meds Inc.","isPartOf":{"@id":"https:\/\/everydaychemshop.com\/da\/#website"},"primaryImageOfPage":{"@id":"https:\/\/everydaychemshop.com\/da\/product\/kob-metadon-piller-online\/#primaryimage"},"image":{"@id":"https:\/\/everydaychemshop.com\/da\/product\/kob-metadon-piller-online\/#primaryimage"},"thumbnailUrl":"https:\/\/everydaychemshop.com\/da\/wp-content\/uploads\/sites\/2\/2022\/11\/Dolophine-Methadone-10-MG.jpg","datePublished":"2022-11-16T09:43:46+00:00","dateModified":"2023-01-03T14:56:58+00:00","description":"Metadon piller til salg online uden recept. Hvis du leder efter, hvordan du k\u00f8ber Metadon piller online, s\u00e5 er du p\u00e5 det rigtige sted at k\u00f8be Metadon piller online.","breadcrumb":{"@id":"https:\/\/everydaychemshop.com\/da\/product\/kob-metadon-piller-online\/#breadcrumb"},"inLanguage":"en-US","potentialAction":[{"@type":"ReadAction","target":["https:\/\/everydaychemshop.com\/da\/product\/kob-metadon-piller-online\/"]}]},{"@type":"ImageObject","inLanguage":"en-US","@id":"https:\/\/everydaychemshop.com\/da\/product\/kob-metadon-piller-online\/#primaryimage","url":"https:\/\/everydaychemshop.com\/da\/wp-content\/uploads\/sites\/2\/2022\/11\/Dolophine-Methadone-10-MG.jpg","contentUrl":"https:\/\/everydaychemshop.com\/da\/wp-content\/uploads\/sites\/2\/2022\/11\/Dolophine-Methadone-10-MG.jpg","width":1200,"height":1200,"caption":"K\u00f8b Metadon piller online"},{"@type":"BreadcrumbList","@id":"https:\/\/everydaychemshop.com\/da\/product\/kob-metadon-piller-online\/#breadcrumb","itemListElement":[{"@type":"ListItem","position":1,"name":"Home","item":"https:\/\/everydaychemshop.com\/da\/"},{"@type":"ListItem","position":2,"name":"Produkter","item":"https:\/\/everydaychemshop.com\/da\/produkter\/"},{"@type":"ListItem","position":3,"name":"K\u00f8b Metadon piller online"}]},{"@type":"WebSite","@id":"https:\/\/everydaychemshop.com\/da\/#website","url":"https:\/\/everydaychemshop.com\/da\/","name":"Everyday Chem Shop","description":"","potentialAction":[{"@type":"SearchAction","target":{"@type":"EntryPoint","urlTemplate":"https:\/\/everydaychemshop.com\/da\/?s={search_term_string}"},"query-input":{"@type":"PropertyValueSpecification","valueRequired":true,"valueName":"search_term_string"}}],"inLanguage":"en-US"}]}},"_links":{"self":[{"href":"https:\/\/everydaychemshop.com\/da\/wp-json\/wp\/v2\/product\/7672","targetHints":{"allow":["GET"]}}],"collection":[{"href":"https:\/\/everydaychemshop.com\/da\/wp-json\/wp\/v2\/product"}],"about":[{"href":"https:\/\/everydaychemshop.com\/da\/wp-json\/wp\/v2\/types\/product"}],"replies":[{"embeddable":true,"href":"https:\/\/everydaychemshop.com\/da\/wp-json\/wp\/v2\/comments?post=7672"}],"wp:featuredmedia":[{"embeddable":true,"href":"https:\/\/everydaychemshop.com\/da\/wp-json\/wp\/v2\/media\/7693"}],"wp:attachment":[{"href":"https:\/\/everydaychemshop.com\/da\/wp-json\/wp\/v2\/media?parent=7672"}],"wp:term":[{"taxonomy":"product_brand","embeddable":true,"href":"https:\/\/everydaychemshop.com\/da\/wp-json\/wp\/v2\/product_brand?post=7672"},{"taxonomy":"product_cat","embeddable":true,"href":"https:\/\/everydaychemshop.com\/da\/wp-json\/wp\/v2\/product_cat?post=7672"},{"taxonomy":"product_tag","embeddable":true,"href":"https:\/\/everydaychemshop.com\/da\/wp-json\/wp\/v2\/product_tag?post=7672"}],"curies":[{"name":"wp","href":"https:\/\/api.w.org\/{rel}","templated":true}]}}