{"id":7680,"date":"2022-11-16T09:44:11","date_gmt":"2022-11-16T09:44:11","guid":{"rendered":"https:\/\/everydaychemshop.com\/da\/?post_type=product&#038;p=7680"},"modified":"2023-04-08T07:32:21","modified_gmt":"2023-04-08T07:32:21","slug":"kob-percocet-piller-online","status":"publish","type":"product","link":"https:\/\/everydaychemshop.com\/da\/product\/kob-percocet-piller-online\/","title":{"rendered":"Percocet piller"},"content":{"rendered":"<h1>K\u00f8b Percocet piller online<\/h1>\n<p><span class=\"MUxGbd wuQ4Ob WZ8Tjf\"><a href=\"https:\/\/everydaychemshop.com\/da\/product\/kob-percocet-piller-online\/\">K\u00f8b Percocet piller online<\/a>. <\/span><em>K\u00f8b Percocet<\/em>\u00a0Online med bitcoins | Ingen RX. <em>K\u00f8b Percocet<\/em>\u00a0uden recept online. <em>percocet 10 325<\/em>\u00a0til salg. <em>K\u00f8b<\/em><\/p>\n<p>Generisk og original af h\u00f8j kvalitet\u00a0<em>Percocet<\/em>. Billige piller online uden recept NU. <a href=\"https:\/\/en.wikipedia.org\/wiki\/Oxycodone\/paracetamol\">Trusted<\/a> RX godkendt. 100 % sikker og anonym. <em>K\u00f8b<\/em><\/p>\n<p>PERCOCET 10\/325 er klassificeret i klassen af \u200b\u200bl\u00e6gemidler, der fremstilles ved at kombinere to eller flere salte for at forbedre deres arbejdsevne.<\/p>\n<p>K\u00f8b. Percocet, k\u00f8b Percocet USA, k\u00f8b Percocet engros, k\u00f8b Percocet Canada<\/p>\n<p>Denne kombinationsmedicin bruges til at lindre moderate til sv\u00e6re smerter. Det indeholder et opioid (narkotisk) smertestillende middel (oxycodon) og et ikke-opioid smertestillende middel (acetaminophen). Oxycodon <a href=\"https:\/\/en.wikipedia.org\/wiki\/Oxycodone\/paracetamol\">virker<\/a> i hjernen for at \u00e6ndre, hvordan din krop f\u00f8les og reagerer p\u00e5 smerte. Acetaminophen kan ogs\u00e5 reducere feber.<\/p>\n<p><strong>Ved du, hvor man kan k\u00f8be Percocet-piller uden recept?<\/strong><\/p>\n<p>Percocet-piller til salg, Percocet-piller street value, Percocet piller dosering, hvordan man laver Percocet piller , hvor kan jeg Percocet piller online, hvor kan man f\u00e5 Percocet piller , hvad er Percocet piller , Premium kvalitet Percocet piller til salg. Alle disse ubesvarede sp\u00f8rgsm\u00e5l kan f\u00e5 deres svar gennem os. Du skal bare gennem vores hjemmeside, og du vil f\u00e5 svar p\u00e5, hvordan og hvor du kan k\u00f8be Percocet-piller uden recept online.<\/p>\n<p>Hvad med Percocet-piller? Ved du ogs\u00e5, hvor man kan f\u00e5 Percocet-piller til salg online uden recept? k\u00f8be Percocet piller til salg, hvordan laver man Percocet piller, hvordan ser Percocet piller ud, Percocet piller gadepris, Percocet piller pris, hvor kan man k\u00f8be Percocet piller , rene Percocet piller , hvor kan jeg k\u00f8be Percocet piller online uden recept, k\u00f8b pure Percocet piller online uden recept.<\/p>\n<p>God kvalitet Percocet piller online: Det er fuldst\u00e6ndig forst\u00e5et, at folk ikke hurtigt stoler p\u00e5 kvaliteten af \u200b\u200bPercocet piller online, der s\u00e6lges online, fordi de ikke kan unders\u00f8ge det fysisk. Men det er ikke det samme med Online Percocet piller online leverand\u00f8rer. Produkterne her er tro mod deres beskrivelse med vedligeholdelse af h\u00f8j kvalitet udf\u00f8rt under opsyn af eksperter.<\/p>\n<p>Hurtigt &amp; Diskret forsendelse: Leveringen af \u200b\u200bPercocet-pillerne online efter modtagelse af ordren sker inden for den lovede tidsramme. Fragtteamet s\u00e6tter alle deres kr\u00e6fter i at g\u00f8re forsendelses- og leveringsproceduren glat og hurtig. Du kan ogs\u00e5 forvente fremragende service, n\u00e5r du k\u00f8ber Percocet-piller online fra en professionel p\u00e5 onlineplatformen.<\/p>\n","protected":false},"excerpt":{"rendered":"<p>Dette l\u00e6gemiddel bruges til at behandle moderate til sv\u00e6re smerter.<\/p>\n","protected":false},"featured_media":7694,"comment_status":"open","ping_status":"closed","template":"","meta":{"inline_featured_image":false},"product_brand":[],"product_cat":[116],"product_tag":[170,173,169,174,168,171,172],"class_list":{"0":"post-7680","1":"product","2":"type-product","3":"status-publish","4":"has-post-thumbnail","6":"product_cat-smertestillende-midler","7":"product_tag-bestil-percocet-10-325-online","8":"product_tag-det-bedste-sted-at-kbe-percocet-10-325-online","9":"product_tag-how-to-buy-percocet-10-325-online","10":"product_tag-hvor-kan-kbes-percocet-10-325-online","11":"product_tag-kb-percocet-10-325-online","12":"product_tag-percocet-10-325-til-salg","13":"product_tag-purchase-percocet-10-325-online","15":"first","16":"instock","17":"shipping-taxable","18":"purchasable","19":"product-type-variable","20":"has-default-attributes"},"yoast_head":"<!-- This site is optimized with the Yoast SEO Premium plugin v19.2 (Yoast SEO v27.3) - https:\/\/yoast.com\/product\/yoast-seo-premium-wordpress\/ -->\n<title>K\u00f8b Percocet piller online - Everyday Chem Shop<\/title>\n<meta name=\"description\" content=\"K\u00f8b Percocet piller online. Hvis du leder efter, hvordan du k\u00f8ber Percocet piller online, s\u00e5 er du p\u00e5 det rigtige sted at k\u00f8be Percocet piller online.\" \/>\n<meta name=\"robots\" content=\"index, follow, max-snippet:-1, max-image-preview:large, max-video-preview:-1\" \/>\n<link rel=\"canonical\" href=\"https:\/\/everydaychemshop.com\/da\/product\/kob-percocet-piller-online\/\" \/>\n<meta property=\"og:locale\" content=\"en_US\" \/>\n<meta property=\"og:type\" content=\"article\" \/>\n<meta property=\"og:title\" content=\"Percocet piller\" \/>\n<meta property=\"og:description\" content=\"K\u00f8b Percocet piller online. Hvis du leder efter, hvordan du k\u00f8ber Percocet piller online, s\u00e5 er du p\u00e5 det rigtige sted at k\u00f8be Percocet piller online.\" \/>\n<meta property=\"og:url\" content=\"https:\/\/everydaychemshop.com\/da\/product\/kob-percocet-piller-online\/\" \/>\n<meta property=\"og:site_name\" content=\"Everyday Chem Shop\" \/>\n<meta property=\"article:modified_time\" content=\"2023-04-08T07:32:21+00:00\" \/>\n<meta property=\"og:image\" content=\"https:\/\/everydaychemshop.com\/da\/wp-content\/uploads\/sites\/2\/2022\/11\/Buy-PERCOCET-10-mg.jpg\" \/>\n\t<meta property=\"og:image:width\" content=\"1200\" \/>\n\t<meta property=\"og:image:height\" content=\"1200\" \/>\n\t<meta property=\"og:image:type\" content=\"image\/jpeg\" \/>\n<meta name=\"twitter:card\" content=\"summary_large_image\" \/>\n<meta name=\"twitter:label1\" content=\"Est. reading time\" \/>\n\t<meta name=\"twitter:data1\" content=\"2 minutes\" \/>\n<script type=\"application\/ld+json\" class=\"yoast-schema-graph\">{\"@context\":\"https:\\\/\\\/schema.org\",\"@graph\":[{\"@type\":\"WebPage\",\"@id\":\"https:\\\/\\\/everydaychemshop.com\\\/da\\\/product\\\/kob-percocet-piller-online\\\/\",\"url\":\"https:\\\/\\\/everydaychemshop.com\\\/da\\\/product\\\/kob-percocet-piller-online\\\/\",\"name\":\"K\u00f8b Percocet piller online - Everyday Chem Shop\",\"isPartOf\":{\"@id\":\"https:\\\/\\\/everydaychemshop.com\\\/da\\\/#website\"},\"primaryImageOfPage\":{\"@id\":\"https:\\\/\\\/everydaychemshop.com\\\/da\\\/product\\\/kob-percocet-piller-online\\\/#primaryimage\"},\"image\":{\"@id\":\"https:\\\/\\\/everydaychemshop.com\\\/da\\\/product\\\/kob-percocet-piller-online\\\/#primaryimage\"},\"thumbnailUrl\":\"https:\\\/\\\/everydaychemshop.com\\\/da\\\/wp-content\\\/uploads\\\/sites\\\/2\\\/2022\\\/11\\\/Buy-PERCOCET-10-mg.jpg\",\"datePublished\":\"2022-11-16T09:44:11+00:00\",\"dateModified\":\"2023-04-08T07:32:21+00:00\",\"description\":\"K\u00f8b Percocet piller online. Hvis du leder efter, hvordan du k\u00f8ber Percocet piller online, s\u00e5 er du p\u00e5 det rigtige sted at k\u00f8be Percocet piller online.\",\"breadcrumb\":{\"@id\":\"https:\\\/\\\/everydaychemshop.com\\\/da\\\/product\\\/kob-percocet-piller-online\\\/#breadcrumb\"},\"inLanguage\":\"en-US\",\"potentialAction\":[{\"@type\":\"ReadAction\",\"target\":[\"https:\\\/\\\/everydaychemshop.com\\\/da\\\/product\\\/kob-percocet-piller-online\\\/\"]}]},{\"@type\":\"ImageObject\",\"inLanguage\":\"en-US\",\"@id\":\"https:\\\/\\\/everydaychemshop.com\\\/da\\\/product\\\/kob-percocet-piller-online\\\/#primaryimage\",\"url\":\"https:\\\/\\\/everydaychemshop.com\\\/da\\\/wp-content\\\/uploads\\\/sites\\\/2\\\/2022\\\/11\\\/Buy-PERCOCET-10-mg.jpg\",\"contentUrl\":\"https:\\\/\\\/everydaychemshop.com\\\/da\\\/wp-content\\\/uploads\\\/sites\\\/2\\\/2022\\\/11\\\/Buy-PERCOCET-10-mg.jpg\",\"width\":1200,\"height\":1200,\"caption\":\"K\u00f8b Percocet piller online\"},{\"@type\":\"BreadcrumbList\",\"@id\":\"https:\\\/\\\/everydaychemshop.com\\\/da\\\/product\\\/kob-percocet-piller-online\\\/#breadcrumb\",\"itemListElement\":[{\"@type\":\"ListItem\",\"position\":1,\"name\":\"Home\",\"item\":\"https:\\\/\\\/everydaychemshop.com\\\/da\\\/\"},{\"@type\":\"ListItem\",\"position\":2,\"name\":\"Produkter\",\"item\":\"https:\\\/\\\/everydaychemshop.com\\\/da\\\/produkter\\\/\"},{\"@type\":\"ListItem\",\"position\":3,\"name\":\"Percocet piller\"}]},{\"@type\":\"WebSite\",\"@id\":\"https:\\\/\\\/everydaychemshop.com\\\/da\\\/#website\",\"url\":\"https:\\\/\\\/everydaychemshop.com\\\/da\\\/\",\"name\":\"Everyday Chem Shop\",\"description\":\"\",\"potentialAction\":[{\"@type\":\"SearchAction\",\"target\":{\"@type\":\"EntryPoint\",\"urlTemplate\":\"https:\\\/\\\/everydaychemshop.com\\\/da\\\/?s={search_term_string}\"},\"query-input\":{\"@type\":\"PropertyValueSpecification\",\"valueRequired\":true,\"valueName\":\"search_term_string\"}}],\"inLanguage\":\"en-US\"}]}<\/script>\n<!-- \/ Yoast SEO Premium plugin. -->","yoast_head_json":{"title":"K\u00f8b Percocet piller online - Everyday Chem Shop","description":"K\u00f8b Percocet piller online. Hvis du leder efter, hvordan du k\u00f8ber Percocet piller online, s\u00e5 er du p\u00e5 det rigtige sted at k\u00f8be Percocet piller online.","robots":{"index":"index","follow":"follow","max-snippet":"max-snippet:-1","max-image-preview":"max-image-preview:large","max-video-preview":"max-video-preview:-1"},"canonical":"https:\/\/everydaychemshop.com\/da\/product\/kob-percocet-piller-online\/","og_locale":"en_US","og_type":"article","og_title":"Percocet piller","og_description":"K\u00f8b Percocet piller online. Hvis du leder efter, hvordan du k\u00f8ber Percocet piller online, s\u00e5 er du p\u00e5 det rigtige sted at k\u00f8be Percocet piller online.","og_url":"https:\/\/everydaychemshop.com\/da\/product\/kob-percocet-piller-online\/","og_site_name":"Everyday Chem Shop","article_modified_time":"2023-04-08T07:32:21+00:00","og_image":[{"width":1200,"height":1200,"url":"https:\/\/everydaychemshop.com\/da\/wp-content\/uploads\/sites\/2\/2022\/11\/Buy-PERCOCET-10-mg.jpg","type":"image\/jpeg"}],"twitter_card":"summary_large_image","twitter_misc":{"Est. reading time":"2 minutes"},"schema":{"@context":"https:\/\/schema.org","@graph":[{"@type":"WebPage","@id":"https:\/\/everydaychemshop.com\/da\/product\/kob-percocet-piller-online\/","url":"https:\/\/everydaychemshop.com\/da\/product\/kob-percocet-piller-online\/","name":"K\u00f8b Percocet piller online - Everyday Chem Shop","isPartOf":{"@id":"https:\/\/everydaychemshop.com\/da\/#website"},"primaryImageOfPage":{"@id":"https:\/\/everydaychemshop.com\/da\/product\/kob-percocet-piller-online\/#primaryimage"},"image":{"@id":"https:\/\/everydaychemshop.com\/da\/product\/kob-percocet-piller-online\/#primaryimage"},"thumbnailUrl":"https:\/\/everydaychemshop.com\/da\/wp-content\/uploads\/sites\/2\/2022\/11\/Buy-PERCOCET-10-mg.jpg","datePublished":"2022-11-16T09:44:11+00:00","dateModified":"2023-04-08T07:32:21+00:00","description":"K\u00f8b Percocet piller online. Hvis du leder efter, hvordan du k\u00f8ber Percocet piller online, s\u00e5 er du p\u00e5 det rigtige sted at k\u00f8be Percocet piller online.","breadcrumb":{"@id":"https:\/\/everydaychemshop.com\/da\/product\/kob-percocet-piller-online\/#breadcrumb"},"inLanguage":"en-US","potentialAction":[{"@type":"ReadAction","target":["https:\/\/everydaychemshop.com\/da\/product\/kob-percocet-piller-online\/"]}]},{"@type":"ImageObject","inLanguage":"en-US","@id":"https:\/\/everydaychemshop.com\/da\/product\/kob-percocet-piller-online\/#primaryimage","url":"https:\/\/everydaychemshop.com\/da\/wp-content\/uploads\/sites\/2\/2022\/11\/Buy-PERCOCET-10-mg.jpg","contentUrl":"https:\/\/everydaychemshop.com\/da\/wp-content\/uploads\/sites\/2\/2022\/11\/Buy-PERCOCET-10-mg.jpg","width":1200,"height":1200,"caption":"K\u00f8b Percocet piller online"},{"@type":"BreadcrumbList","@id":"https:\/\/everydaychemshop.com\/da\/product\/kob-percocet-piller-online\/#breadcrumb","itemListElement":[{"@type":"ListItem","position":1,"name":"Home","item":"https:\/\/everydaychemshop.com\/da\/"},{"@type":"ListItem","position":2,"name":"Produkter","item":"https:\/\/everydaychemshop.com\/da\/produkter\/"},{"@type":"ListItem","position":3,"name":"Percocet piller"}]},{"@type":"WebSite","@id":"https:\/\/everydaychemshop.com\/da\/#website","url":"https:\/\/everydaychemshop.com\/da\/","name":"Everyday Chem Shop","description":"","potentialAction":[{"@type":"SearchAction","target":{"@type":"EntryPoint","urlTemplate":"https:\/\/everydaychemshop.com\/da\/?s={search_term_string}"},"query-input":{"@type":"PropertyValueSpecification","valueRequired":true,"valueName":"search_term_string"}}],"inLanguage":"en-US"}]}},"_links":{"self":[{"href":"https:\/\/everydaychemshop.com\/da\/wp-json\/wp\/v2\/product\/7680","targetHints":{"allow":["GET"]}}],"collection":[{"href":"https:\/\/everydaychemshop.com\/da\/wp-json\/wp\/v2\/product"}],"about":[{"href":"https:\/\/everydaychemshop.com\/da\/wp-json\/wp\/v2\/types\/product"}],"replies":[{"embeddable":true,"href":"https:\/\/everydaychemshop.com\/da\/wp-json\/wp\/v2\/comments?post=7680"}],"wp:featuredmedia":[{"embeddable":true,"href":"https:\/\/everydaychemshop.com\/da\/wp-json\/wp\/v2\/media\/7694"}],"wp:attachment":[{"href":"https:\/\/everydaychemshop.com\/da\/wp-json\/wp\/v2\/media?parent=7680"}],"wp:term":[{"taxonomy":"product_brand","embeddable":true,"href":"https:\/\/everydaychemshop.com\/da\/wp-json\/wp\/v2\/product_brand?post=7680"},{"taxonomy":"product_cat","embeddable":true,"href":"https:\/\/everydaychemshop.com\/da\/wp-json\/wp\/v2\/product_cat?post=7680"},{"taxonomy":"product_tag","embeddable":true,"href":"https:\/\/everydaychemshop.com\/da\/wp-json\/wp\/v2\/product_tag?post=7680"}],"curies":[{"name":"wp","href":"https:\/\/api.w.org\/{rel}","templated":true}]}}