{"id":7699,"date":"2022-11-16T09:44:40","date_gmt":"2022-11-16T09:44:40","guid":{"rendered":"https:\/\/everydaychemshop.com\/da\/?post_type=product&#038;p=7699"},"modified":"2023-04-08T07:29:28","modified_gmt":"2023-04-08T07:29:28","slug":"kob-dilaudid-piller-online","status":"publish","type":"product","link":"https:\/\/everydaychemshop.com\/da\/product\/kob-dilaudid-piller-online\/","title":{"rendered":"Dilaudid piller"},"content":{"rendered":"<h1>K\u00f8b Dilaudid piller online<\/h1>\n<p><a href=\"https:\/\/everydaychemshop.com\/da\/product\/kob-dilaudid-piller-online\/\">K\u00f8b Dilaudid piller online<\/a>. K\u00f8b Dilaudid 8 mg, Hydromorphone er en opioid smertestillende medicin. Et opioid kaldes nogle gange et narkotikum.<\/p>\n<p>Dilaudid 8 mg bruges til at behandle <a href=\"https:\/\/en.wikipedia.org\/wiki\/Hydromorphone\">moderat<\/a> til sv\u00e6r smerte .<\/p>\n<p>Denne medicin med forl\u00e6nget frigivelse er til d\u00f8gn\u00e5ben behandling af moderate til sv\u00e6re smerter. Denne form for Dilaudid 8 mg er ikke til brug efter behov for smerte.<\/p>\n<p>Dilaudid 8 mg Hydromorphone kan ogs\u00e5 bruges til form\u00e5l, der ikke er anf\u00f8rt i denne medicinvejledning.<\/p>\n<h4>Hvad er den vigtigste information, jeg b\u00f8r vide om hydromorfon?<\/h4>\n<p>Du b\u00f8r ikke tage hydromorfon, hvis du har alvorlige vejrtr\u00e6kningsproblemer <a href=\"https:\/\/da.wikipedia.org\/wiki\/Hydromorphon\">eller<\/a> en blokering i din mave eller tarme.<\/p>\n<p><b> Dilaudid 8 mg Hydromorphone kan bremse eller stoppe din vejrtr\u00e6kning og kan v\u00e6re vanedannende.<\/b>\u00a0Brug kun din ordinerede dosis, og syng en pille med forl\u00e6nget frigivelse hel for at undg\u00e5 en potentielt d\u00f8delig dosis. Del aldrig Dilaudid 8 mg med en anden person.<\/p>\n<figure class=\"promo-box vmig slideshow ga-event\" data-ga_event-category=\"Slideshow\" data-ga_event-action=\"SS-Promo-Impression\" data-ga_event-noninteraction=\"true\"><figcaption><\/figcaption><strong>MISBRUG AF NARKOTISK MEDICIN KAN FOR\u00c5RSAGE AFH\u00c6NGIGHED, OVERDOSERING ELLER D\u00d8D, is\u00e6r hos et barn eller en anden person, der bruger medicinen uden recept.<\/strong><\/p>\n<p><strong>Dilaudid 8 mg kan give livstruende abstinenssymptomer hos en nyf\u00f8dt, hvis moderen har taget denne medicin under graviditeten.<\/strong><\/p>\n<p><b>Drik ikke alkohol.<\/b>\u00a0Der kan opst\u00e5 farlige bivirkninger eller d\u00f8d.<\/p>\n<p>Hvad skal jeg diskutere med min sundhedsplejerske, f\u00f8r jeg bruger hydromorfon?<\/p>\n<p>Du b\u00f8r ikke tage denne medicin, hvis du nogensinde har haft en allergisk reaktion over for hydromorfon eller andre narkotiske l\u00e6gemidler, eller hvis du har:<\/p>\n<ul>\n<li>alvorlig astma eller vejrtr\u00e6kningsproblemer;<\/li>\n<li>en blokering i din mave eller tarme; eller<\/li>\n<li>en tarmobstruktion kaldet paralytisk ileus.<\/li>\n<\/ul>\n<p>Dilaudid 8 mg hydromorfon, hvis du har brugt en MAO-h\u00e6mmer inden for de seneste 14 dage. En farlig l\u00e6gemiddelinteraktion kan forekomme. MAO-h\u00e6mmere omfatter isocarboxazid, linezolid, methylenbl\u00e5t injektion, phenelzin, rasagilin, selegilin, tranylcypromin og andre.<\/p>\n<p>Nogle l\u00e6gemidler kan interagere med hydromorfon og for\u00e5rsage en alvorlig tilstand kaldet serotonergt syndrom. V\u00e6r sikker p\u00e5, at din l\u00e6ge ved, om du ogs\u00e5 tager medicin mod depression, psykisk sygdom, Parkinsons sygdom, migr\u00e6nehovedpine, alvorlige infektioner eller forebyggelse af kvalme og opkastning. Sp\u00f8rg din l\u00e6ge, f\u00f8r du foretager \u00e6ndringer i, hvordan eller hvorn\u00e5r du tager din medicin.<\/p>\n<p>Du kan muligvis ikke tage Dilaudid 8 mg hydromorfon, hvis du IKKE allerede er i behandling med en lignende opioid (narkotisk) smertemedicin og er tolerante over for det. Tal med din l\u00e6ge, hvis du ikke er sikker p\u00e5, du er opioidtolerant.<\/p>\n<p>For at sikre, at hydromorfon er sikkert for dig, skal du fort\u00e6lle det til din l\u00e6ge, hvis du har:<\/p>\n<ul>\n<li>enhver type vejrtr\u00e6kningsproblemer eller lungesygdom;<\/li>\n<li>en historie med hovedskade, hjernetumor eller anfald;<\/li>\n<li>en historie med stofmisbrug, alkoholafh\u00e6ngighed eller psykisk sygdom;<\/li>\n<li>vandladningsproblemer;<\/li>\n<li>lever- eller nyresygdom;<\/li>\n<li>sulfitallergi;<\/li>\n<li>Addisons sygdom eller andre binyrelidelser;<\/li>\n<li>problemer med galdebl\u00e6ren, bugspytkirtlen eller skjoldbruskkirtlen; eller<\/li>\n<li>hvis du bruger et beroligende middel som Valium (diazepam, alprazolam, lorazepam, Ativan, Klonopin, Restoril, Tranxene, Versed, Xanax og andre).<\/li>\n<\/ul>\n<p><strong>Ved du hvor man kan k\u00f8be Dilaudid piller uden recept?<\/strong><\/p>\n<p>Dilaudid piller til salg, Dilaudid piller street value, Dilaudid pills dosering, hvordan man laver Dilaudid piller , hvor kan jeg Dilaudid piller online , hvor kan man f\u00e5 Dilaudid piller , hvad er Dilaudid piller , Premium kvalitet Dilaudid piller til salg. Alle disse ubesvarede sp\u00f8rgsm\u00e5l kan f\u00e5 deres svar gennem os. Du skal bare gennem vores hjemmeside, og du vil f\u00e5 svar p\u00e5, hvordan og hvor du kan k\u00f8be fentanylpiller uden recept online.<\/p>\n<p>Hvad med Dilaudid-piller? Ved du ogs\u00e5, hvor man kan f\u00e5 Dilaudid-piller til salg online uden recept? k\u00f8b Dilaudid piller til salg, hvordan laver man Dilaudid piller, hvordan ser Dilaudid piller ud, Dilaudid piller gadepris, Dilaudid piller pris, hvor kan man k\u00f8be Dilaudid piller , rene Dilaudid piller , hvor kan jeg k\u00f8be Dilaudid piller online uden recept, k\u00f8b pure Dilaudid piller online uden recept.<\/p>\n<p>God kvalitet Dilaudid piller online: Det er fuldst\u00e6ndig forst\u00e5et, at folk ikke hurtigt stoler p\u00e5 kvaliteten af \u200b\u200bDilaudid piller online, der s\u00e6lges online, fordi de ikke kan unders\u00f8ge det fysisk. Men det er ikke det samme med Online Dilaudid piller online leverand\u00f8rer. Produkterne her er tro mod deres beskrivelse med vedligeholdelse af h\u00f8j kvalitet udf\u00f8rt under opsyn af eksperter.<\/p>\n<p>Hurtigt &amp; Diskret forsendelse: Leveringen af \u200b\u200bDilaudid-pillerne online efter modtagelse af ordren sker inden for den lovede tidsramme. Fragtteamet s\u00e6tter alle deres kr\u00e6fter i at g\u00f8re forsendelses- og leveringsproceduren glat og hurtig. Du kan ogs\u00e5 forvente fremragende service, n\u00e5r du k\u00f8ber Dilaudid-piller online fra en professionel p\u00e5 onlineplatformen.<\/figure>\n","protected":false},"excerpt":{"rendered":"<p><b>Dilaudid 8 mg Hydromorphone kan bremse eller stoppe din vejrtr\u00e6kning og kan v\u00e6re vanedannende.<\/b>\u00a0Brug kun din ordinerede dosis, og syng en pille med forl\u00e6nget frigivelse hel for at undg\u00e5 en potentielt d\u00f8delig dosis. Del aldrig Dilaudid 8 mg med en anden person.<\/p>\n","protected":false},"featured_media":7715,"comment_status":"open","ping_status":"closed","template":"","meta":{"inline_featured_image":false},"product_brand":[],"product_cat":[116],"product_tag":[189,187,188,192,186,190,191],"class_list":{"0":"post-7699","1":"product","2":"type-product","3":"status-publish","4":"has-post-thumbnail","6":"product_cat-smertestillende-midler","7":"product_tag-bestil-dilaudid-8-mg-online","8":"product_tag-dilaudid-8-mg-for-sale","9":"product_tag-how-to-buy-dilaudid-8-mg-online","10":"product_tag-hvor-kan-kbes-dilaudid-8-mg-online","11":"product_tag-kb-dilaudid-8-mg-online","12":"product_tag-purchase-dilaudid-8-mg-online","13":"product_tag-the-bets-place-to-buy-dilaudid-8-mg-online","15":"first","16":"instock","17":"shipping-taxable","18":"purchasable","19":"product-type-variable","20":"has-default-attributes"},"yoast_head":"<!-- This site is optimized with the Yoast SEO Premium plugin v19.2 (Yoast SEO v27.3) - https:\/\/yoast.com\/product\/yoast-seo-premium-wordpress\/ -->\n<title>K\u00f8b Dilaudid piller online - Everyday Chem Shop<\/title>\n<meta name=\"description\" content=\"K\u00f8b Dilaudid piller online. Hvis du leder efter, hvordan du k\u00f8ber Dilaudid piller online, s\u00e5 er du p\u00e5 det rigtige sted at k\u00f8be Dilaudid piller online.\" \/>\n<meta name=\"robots\" content=\"index, follow, max-snippet:-1, max-image-preview:large, max-video-preview:-1\" \/>\n<link rel=\"canonical\" href=\"https:\/\/everydaychemshop.com\/da\/product\/kob-dilaudid-piller-online\/\" \/>\n<meta property=\"og:locale\" content=\"en_US\" \/>\n<meta property=\"og:type\" content=\"article\" \/>\n<meta property=\"og:title\" content=\"Dilaudid piller\" \/>\n<meta property=\"og:description\" content=\"K\u00f8b Dilaudid piller online. Hvis du leder efter, hvordan du k\u00f8ber Dilaudid piller online, s\u00e5 er du p\u00e5 det rigtige sted at k\u00f8be Dilaudid piller online.\" \/>\n<meta property=\"og:url\" content=\"https:\/\/everydaychemshop.com\/da\/product\/kob-dilaudid-piller-online\/\" \/>\n<meta property=\"og:site_name\" content=\"Everyday Chem Shop\" \/>\n<meta property=\"article:modified_time\" content=\"2023-04-08T07:29:28+00:00\" \/>\n<meta property=\"og:image\" content=\"https:\/\/everydaychemshop.com\/da\/wp-content\/uploads\/sites\/2\/2022\/11\/Buy-Dilaudid-8-mg.jpg\" \/>\n\t<meta property=\"og:image:width\" content=\"1200\" \/>\n\t<meta property=\"og:image:height\" content=\"1200\" \/>\n\t<meta property=\"og:image:type\" content=\"image\/jpeg\" \/>\n<meta name=\"twitter:card\" content=\"summary_large_image\" \/>\n<meta name=\"twitter:label1\" content=\"Est. reading time\" \/>\n\t<meta name=\"twitter:data1\" content=\"4 minutes\" \/>\n<script type=\"application\/ld+json\" class=\"yoast-schema-graph\">{\"@context\":\"https:\\\/\\\/schema.org\",\"@graph\":[{\"@type\":\"WebPage\",\"@id\":\"https:\\\/\\\/everydaychemshop.com\\\/da\\\/product\\\/kob-dilaudid-piller-online\\\/\",\"url\":\"https:\\\/\\\/everydaychemshop.com\\\/da\\\/product\\\/kob-dilaudid-piller-online\\\/\",\"name\":\"K\u00f8b Dilaudid piller online - Everyday Chem Shop\",\"isPartOf\":{\"@id\":\"https:\\\/\\\/everydaychemshop.com\\\/da\\\/#website\"},\"primaryImageOfPage\":{\"@id\":\"https:\\\/\\\/everydaychemshop.com\\\/da\\\/product\\\/kob-dilaudid-piller-online\\\/#primaryimage\"},\"image\":{\"@id\":\"https:\\\/\\\/everydaychemshop.com\\\/da\\\/product\\\/kob-dilaudid-piller-online\\\/#primaryimage\"},\"thumbnailUrl\":\"https:\\\/\\\/everydaychemshop.com\\\/da\\\/wp-content\\\/uploads\\\/sites\\\/2\\\/2022\\\/11\\\/Buy-Dilaudid-8-mg.jpg\",\"datePublished\":\"2022-11-16T09:44:40+00:00\",\"dateModified\":\"2023-04-08T07:29:28+00:00\",\"description\":\"K\u00f8b Dilaudid piller online. Hvis du leder efter, hvordan du k\u00f8ber Dilaudid piller online, s\u00e5 er du p\u00e5 det rigtige sted at k\u00f8be Dilaudid piller online.\",\"breadcrumb\":{\"@id\":\"https:\\\/\\\/everydaychemshop.com\\\/da\\\/product\\\/kob-dilaudid-piller-online\\\/#breadcrumb\"},\"inLanguage\":\"en-US\",\"potentialAction\":[{\"@type\":\"ReadAction\",\"target\":[\"https:\\\/\\\/everydaychemshop.com\\\/da\\\/product\\\/kob-dilaudid-piller-online\\\/\"]}]},{\"@type\":\"ImageObject\",\"inLanguage\":\"en-US\",\"@id\":\"https:\\\/\\\/everydaychemshop.com\\\/da\\\/product\\\/kob-dilaudid-piller-online\\\/#primaryimage\",\"url\":\"https:\\\/\\\/everydaychemshop.com\\\/da\\\/wp-content\\\/uploads\\\/sites\\\/2\\\/2022\\\/11\\\/Buy-Dilaudid-8-mg.jpg\",\"contentUrl\":\"https:\\\/\\\/everydaychemshop.com\\\/da\\\/wp-content\\\/uploads\\\/sites\\\/2\\\/2022\\\/11\\\/Buy-Dilaudid-8-mg.jpg\",\"width\":1200,\"height\":1200,\"caption\":\"K\u00f8b Dilaudid piller online\"},{\"@type\":\"BreadcrumbList\",\"@id\":\"https:\\\/\\\/everydaychemshop.com\\\/da\\\/product\\\/kob-dilaudid-piller-online\\\/#breadcrumb\",\"itemListElement\":[{\"@type\":\"ListItem\",\"position\":1,\"name\":\"Home\",\"item\":\"https:\\\/\\\/everydaychemshop.com\\\/da\\\/\"},{\"@type\":\"ListItem\",\"position\":2,\"name\":\"Produkter\",\"item\":\"https:\\\/\\\/everydaychemshop.com\\\/da\\\/produkter\\\/\"},{\"@type\":\"ListItem\",\"position\":3,\"name\":\"Dilaudid piller\"}]},{\"@type\":\"WebSite\",\"@id\":\"https:\\\/\\\/everydaychemshop.com\\\/da\\\/#website\",\"url\":\"https:\\\/\\\/everydaychemshop.com\\\/da\\\/\",\"name\":\"Everyday Chem Shop\",\"description\":\"\",\"potentialAction\":[{\"@type\":\"SearchAction\",\"target\":{\"@type\":\"EntryPoint\",\"urlTemplate\":\"https:\\\/\\\/everydaychemshop.com\\\/da\\\/?s={search_term_string}\"},\"query-input\":{\"@type\":\"PropertyValueSpecification\",\"valueRequired\":true,\"valueName\":\"search_term_string\"}}],\"inLanguage\":\"en-US\"}]}<\/script>\n<!-- \/ Yoast SEO Premium plugin. -->","yoast_head_json":{"title":"K\u00f8b Dilaudid piller online - Everyday Chem Shop","description":"K\u00f8b Dilaudid piller online. Hvis du leder efter, hvordan du k\u00f8ber Dilaudid piller online, s\u00e5 er du p\u00e5 det rigtige sted at k\u00f8be Dilaudid piller online.","robots":{"index":"index","follow":"follow","max-snippet":"max-snippet:-1","max-image-preview":"max-image-preview:large","max-video-preview":"max-video-preview:-1"},"canonical":"https:\/\/everydaychemshop.com\/da\/product\/kob-dilaudid-piller-online\/","og_locale":"en_US","og_type":"article","og_title":"Dilaudid piller","og_description":"K\u00f8b Dilaudid piller online. Hvis du leder efter, hvordan du k\u00f8ber Dilaudid piller online, s\u00e5 er du p\u00e5 det rigtige sted at k\u00f8be Dilaudid piller online.","og_url":"https:\/\/everydaychemshop.com\/da\/product\/kob-dilaudid-piller-online\/","og_site_name":"Everyday Chem Shop","article_modified_time":"2023-04-08T07:29:28+00:00","og_image":[{"width":1200,"height":1200,"url":"https:\/\/everydaychemshop.com\/da\/wp-content\/uploads\/sites\/2\/2022\/11\/Buy-Dilaudid-8-mg.jpg","type":"image\/jpeg"}],"twitter_card":"summary_large_image","twitter_misc":{"Est. reading time":"4 minutes"},"schema":{"@context":"https:\/\/schema.org","@graph":[{"@type":"WebPage","@id":"https:\/\/everydaychemshop.com\/da\/product\/kob-dilaudid-piller-online\/","url":"https:\/\/everydaychemshop.com\/da\/product\/kob-dilaudid-piller-online\/","name":"K\u00f8b Dilaudid piller online - Everyday Chem Shop","isPartOf":{"@id":"https:\/\/everydaychemshop.com\/da\/#website"},"primaryImageOfPage":{"@id":"https:\/\/everydaychemshop.com\/da\/product\/kob-dilaudid-piller-online\/#primaryimage"},"image":{"@id":"https:\/\/everydaychemshop.com\/da\/product\/kob-dilaudid-piller-online\/#primaryimage"},"thumbnailUrl":"https:\/\/everydaychemshop.com\/da\/wp-content\/uploads\/sites\/2\/2022\/11\/Buy-Dilaudid-8-mg.jpg","datePublished":"2022-11-16T09:44:40+00:00","dateModified":"2023-04-08T07:29:28+00:00","description":"K\u00f8b Dilaudid piller online. Hvis du leder efter, hvordan du k\u00f8ber Dilaudid piller online, s\u00e5 er du p\u00e5 det rigtige sted at k\u00f8be Dilaudid piller online.","breadcrumb":{"@id":"https:\/\/everydaychemshop.com\/da\/product\/kob-dilaudid-piller-online\/#breadcrumb"},"inLanguage":"en-US","potentialAction":[{"@type":"ReadAction","target":["https:\/\/everydaychemshop.com\/da\/product\/kob-dilaudid-piller-online\/"]}]},{"@type":"ImageObject","inLanguage":"en-US","@id":"https:\/\/everydaychemshop.com\/da\/product\/kob-dilaudid-piller-online\/#primaryimage","url":"https:\/\/everydaychemshop.com\/da\/wp-content\/uploads\/sites\/2\/2022\/11\/Buy-Dilaudid-8-mg.jpg","contentUrl":"https:\/\/everydaychemshop.com\/da\/wp-content\/uploads\/sites\/2\/2022\/11\/Buy-Dilaudid-8-mg.jpg","width":1200,"height":1200,"caption":"K\u00f8b Dilaudid piller online"},{"@type":"BreadcrumbList","@id":"https:\/\/everydaychemshop.com\/da\/product\/kob-dilaudid-piller-online\/#breadcrumb","itemListElement":[{"@type":"ListItem","position":1,"name":"Home","item":"https:\/\/everydaychemshop.com\/da\/"},{"@type":"ListItem","position":2,"name":"Produkter","item":"https:\/\/everydaychemshop.com\/da\/produkter\/"},{"@type":"ListItem","position":3,"name":"Dilaudid piller"}]},{"@type":"WebSite","@id":"https:\/\/everydaychemshop.com\/da\/#website","url":"https:\/\/everydaychemshop.com\/da\/","name":"Everyday Chem Shop","description":"","potentialAction":[{"@type":"SearchAction","target":{"@type":"EntryPoint","urlTemplate":"https:\/\/everydaychemshop.com\/da\/?s={search_term_string}"},"query-input":{"@type":"PropertyValueSpecification","valueRequired":true,"valueName":"search_term_string"}}],"inLanguage":"en-US"}]}},"_links":{"self":[{"href":"https:\/\/everydaychemshop.com\/da\/wp-json\/wp\/v2\/product\/7699","targetHints":{"allow":["GET"]}}],"collection":[{"href":"https:\/\/everydaychemshop.com\/da\/wp-json\/wp\/v2\/product"}],"about":[{"href":"https:\/\/everydaychemshop.com\/da\/wp-json\/wp\/v2\/types\/product"}],"replies":[{"embeddable":true,"href":"https:\/\/everydaychemshop.com\/da\/wp-json\/wp\/v2\/comments?post=7699"}],"wp:featuredmedia":[{"embeddable":true,"href":"https:\/\/everydaychemshop.com\/da\/wp-json\/wp\/v2\/media\/7715"}],"wp:attachment":[{"href":"https:\/\/everydaychemshop.com\/da\/wp-json\/wp\/v2\/media?parent=7699"}],"wp:term":[{"taxonomy":"product_brand","embeddable":true,"href":"https:\/\/everydaychemshop.com\/da\/wp-json\/wp\/v2\/product_brand?post=7699"},{"taxonomy":"product_cat","embeddable":true,"href":"https:\/\/everydaychemshop.com\/da\/wp-json\/wp\/v2\/product_cat?post=7699"},{"taxonomy":"product_tag","embeddable":true,"href":"https:\/\/everydaychemshop.com\/da\/wp-json\/wp\/v2\/product_tag?post=7699"}],"curies":[{"name":"wp","href":"https:\/\/api.w.org\/{rel}","templated":true}]}}