{"id":7704,"date":"2022-11-16T09:44:41","date_gmt":"2022-11-16T09:44:41","guid":{"rendered":"https:\/\/everydaychemshop.com\/da\/?post_type=product&#038;p=7704"},"modified":"2023-04-08T07:27:54","modified_gmt":"2023-04-08T07:27:54","slug":"kob-fentanyl-piller-online","status":"publish","type":"product","link":"https:\/\/everydaychemshop.com\/da\/product\/kob-fentanyl-piller-online\/","title":{"rendered":"K\u00f8b Fentanyl piller online"},"content":{"rendered":"<h1>K\u00f8b Fentanyl piller online<\/h1>\n<p><a href=\"https:\/\/everydaychemshop.com\/da\/product\/kob-fentanyl-piller-online\/\">K\u00f8b Fentanyl piller online<\/a>. Fentanyl-piller (ellers kaldet fentanil) er en kraftfuld, <a href=\"https:\/\/en.wikipedia.org\/wiki\/Fentanyl\">fremstillet<\/a> narkotisk smertelindring med en hurtig begyndelse og kort aktivitet. Det er en kraftig agonist ved de \u03bc-narkotiske receptorer. Fentanyl vurderes til at v\u00e6re 50 til flere gange mere intens end morfin.<\/p>\n<p>Fentanylpiller blev f\u00f8rst produceret af Paul Janssen i 1960, efter at pethidin (ellers kaldet meperidin, fremvist som Demerol) var blevet indf\u00f8rt i medicin ganske l\u00e6nge f\u00f8r. Janssen skabte fentanyl ved at screene analoger af den fundamentalt besl\u00e6gtede medicin pethidin for narkotisk virkning. Den brede anvendelse af fentanyl satte gang i skabelsen af \u200b\u200bfentanylcitrat (saltet indrammet ved at forbinde fentanyl og citrusekstrakt i en 1:1 st\u00f8kiometri), som kom i klinisk brug som et generelt beroligende middel i l\u00f8bet af 1960&#8217;erne under erhvervsvarem\u00e6rket Sublimaze. Derfor <a href=\"https:\/\/da.wikipedia.org\/wiki\/Fentanyl\">blev<\/a> adskillige andre fentanylanaloger dannet og bragt i klinisk arbejde med, herunder sufentanil, alfentanil, remifentanil og lofentanil. K\u00f8b fentanylpiller online<\/p>\n<p>Fentanylpiller i l\u00f8bet af 1990&#8217;erne, fentanyl blev pr\u00e6senteret til palliativ brug med fentanyl-fixet, fortsatte i det f\u00f8lgende \u00e5rti med pr\u00e6sentationen af \u200b\u200bfentanyl-slik, opl\u00f8sningstabletter og sublingualt spr\u00f8jt, som er indtaget gennem huden i munden.I 2012 var fentanyl det mest almindeligt anvendte manipulerede narkotikum i medicin.I 2013 blev 1700 kg brugt rundt om i verden.<\/p>\n<p>Fentanyl online bruges desuden som sportsmedicin, og denne udnyttelse har medf\u00f8rt mange overskydende passeringer hvert \u00e5r p\u00e5 det seneste. Passager er desuden opst\u00e5et p\u00e5 grund af uhensigtsm\u00e6ssig klinisk brug. Fentanyl har en moderat bred afhj\u00e6lpende fil (270), der g\u00f8r det til et us\u00e6dvanligt beskyttet omhyggeligt beroligende middel med omhyggelig observation; under alle omst\u00e6ndigheder kr\u00e6ver dets gr\u00e6nsestyrke forsigtige vurderinger af dybt sv\u00e6kket fentanyl i arrangementet; Det er urimeligt at bestr\u00e6be sig p\u00e5 at m\u00e5le en portion uforfalsket fentanylpulver pr\u00e6cist uden banebrydende logisk hardware, da en levedygtig del og en d\u00f8dbringende portion fentanylpulver lagt ved siden af \u200b\u200bhinanden ville v\u00e6re besv\u00e6rligt eller vanskeligt at genkende med det blotte \u00f8je.<\/p>\n<p><strong>Ved du, hvor man kan k\u00f8be Fentanyl piller uden recept?<\/strong><\/p>\n<p>Fentanyl piller til salg, Fentanyl pills street value, Fentanyl pills dosering, hvordan man laver Fentanyl piller , hvor kan jeg Fentanyl piller online, hvor kan man f\u00e5 Fentanyl piller , hvad er Fentanyl piller , Premium kvalitet Fentanyl piller til salg. Alle disse ubesvarede sp\u00f8rgsm\u00e5l kan f\u00e5 deres svar gennem os. Du skal bare gennem vores hjemmeside, og du vil f\u00e5 svar p\u00e5, hvordan og hvor du kan k\u00f8be fentanylpiller uden recept online.<\/p>\n<p>Hvad med fentanylpiller? Ved du ogs\u00e5, hvor man kan f\u00e5 Fentanyl-piller til salg online uden recept? k\u00f8b Fentanyl piller til salg, hvordan laver man Fentanyl piller, hvordan ser Fentanyl piller ud, Fentanyl piller gadepris, Fentanyl piller pris, hvor kan man k\u00f8be Fentanyl piller , rene Fentanyl piller , hvor kan jeg k\u00f8be Fentanyl piller online uden recept, k\u00f8b pure Fentanyl piller online uden recept.<\/p>\n<p>God kvalitet Fentanyl piller online: Det er fuldst\u00e6ndig forst\u00e5et, at folk ikke hurtigt stoler p\u00e5 kvaliteten af \u200b\u200bFentanyl piller online, der s\u00e6lges online, fordi de ikke kan unders\u00f8ge det fysisk. Men det er ikke det samme med Online Fentanyl piller online leverand\u00f8rer. Produkterne her er tro mod deres beskrivelse med vedligeholdelse af h\u00f8j kvalitet udf\u00f8rt under opsyn af eksperter.<\/p>\n<p>Hurtigt &amp; Diskret forsendelse: Leveringen af \u200b\u200bFentanyl-pillerne online efter modtagelse af ordren sker inden for den lovede tidsramme. Fragtteamet s\u00e6tter alle deres kr\u00e6fter i at g\u00f8re forsendelses- og leveringsproceduren glat og hurtig. Du kan Forvent ogs\u00e5 fremragende service, n\u00e5r du k\u00f8ber Fentanyl piller online fra den professionelle p\u00e5 online platformen.<\/p>\n","protected":false},"excerpt":{"rendered":"<p>Fentanylpiller I midten af \u200b\u200b1990&#8217;erne blev fentanyl introduceret til palliativ brug med fentanylplasteret, efterfulgt i det n\u00e6ste \u00e5rti af introduktionen af \u200b\u200bfentanyl slikkepinden, opl\u00f8sende tabletter og sublingual spray, som resorberes gennem huden inde i munden .<\/p>\n","protected":false},"featured_media":7716,"comment_status":"open","ping_status":"closed","template":"","meta":{"inline_featured_image":false},"product_brand":[],"product_cat":[116],"product_tag":[214,215,194,220,195,219,207,208,204,205,206,201,202,203,209,200,193,211,212,221,222,223,224,210,213,198,199,217,197,196,218,216],"class_list":{"0":"post-7704","1":"product","2":"type-product","3":"status-publish","4":"has-post-thumbnail","6":"product_cat-smertestillende-midler","7":"product_tag-bestil-fentanyl-vske-online","8":"product_tag-billeder-af-fentanyl-piller","9":"product_tag-brands-of-fentanyl-pills","10":"product_tag-anvendelser-af-fentanyl-piller","11":"product_tag-buy-fentanyl-liquid-online","12":"product_tag-det-bedste-sted-at-kbe-fentanyl-vske-online","13":"product_tag-fentanyl-piller-forhandlere","14":"product_tag-fentanyl-piller-gade-vrdi","15":"product_tag-fentanyl-piller-hj","16":"product_tag-fentanyl-piller-hvor-lang-tid-tager-det-at-arbejde","17":"product_tag-fentanyl-piller-mg","18":"product_tag-fentanyl-pills-canada","19":"product_tag-fentanyl-pills-contact","20":"product_tag-fentanyl-pills-for-sale","21":"product_tag-fentanyl-uden-recept","22":"product_tag-fentanyl-vske-til-salg","23":"product_tag-flaske-fentanyl-piller","24":"product_tag-how-to-buy-fentanyl-liquid-online","25":"product_tag-how-to-buy-fentanyl-pills-online","26":"product_tag-hvad-er-fentanyl-piller","27":"product_tag-hvor-kan-kbes-fentanyl-vske-online","28":"product_tag-hvor-kan-kbes-fentanyl-piller-online","29":"product_tag-hvor-kan-f-fentanyl-piller","30":"product_tag-hvordan-fentanyl-piller-virker","31":"product_tag-hvordan-man-laver-fentanyl-piller","32":"product_tag-kan-du-ryge-fentanyl-piller","33":"product_tag-kan-du-tage-fentanyl-piller-og-hydrocodon-sammen","34":"product_tag-kb-fentanyl-vske-online","35":"product_tag-kb-fentanyl-piller-online","36":"product_tag-kb-fentanyl-piller","37":"product_tag-kvalitets-fentanyl-piller-til-billig-pris","38":"product_tag-receptpligtige-p-fentanylpiller","40":"first","41":"instock","42":"sale","43":"shipping-taxable","44":"purchasable","45":"product-type-variable","46":"has-default-attributes"},"yoast_head":"<!-- This site is optimized with the Yoast SEO Premium plugin v19.2 (Yoast SEO v27.3) - https:\/\/yoast.com\/product\/yoast-seo-premium-wordpress\/ -->\n<title>Fentanyl piller til salg online uden recept | Global Meds Inc.<\/title>\n<meta name=\"description\" content=\"Fentanyl piller til salg online uden recept. Hvis du leder efter, hvordan du k\u00f8ber Fentanyl piller online, s\u00e5 er du p\u00e5 det rigtige sted at k\u00f8be Fentanyl piller online.\" \/>\n<meta name=\"robots\" content=\"index, follow, max-snippet:-1, max-image-preview:large, max-video-preview:-1\" \/>\n<link rel=\"canonical\" href=\"https:\/\/everydaychemshop.com\/da\/product\/kob-fentanyl-piller-online\/\" \/>\n<meta property=\"og:locale\" content=\"en_US\" \/>\n<meta property=\"og:type\" content=\"article\" \/>\n<meta property=\"og:title\" content=\"K\u00f8b Fentanyl piller online\" \/>\n<meta property=\"og:description\" content=\"Fentanyl piller til salg online uden recept. Hvis du leder efter, hvordan du k\u00f8ber Fentanyl piller online, s\u00e5 er du p\u00e5 det rigtige sted at k\u00f8be Fentanyl piller online.\" \/>\n<meta property=\"og:url\" content=\"https:\/\/everydaychemshop.com\/da\/product\/kob-fentanyl-piller-online\/\" \/>\n<meta property=\"og:site_name\" content=\"Everyday Chem Shop\" \/>\n<meta property=\"article:modified_time\" content=\"2023-04-08T07:27:54+00:00\" \/>\n<meta property=\"og:image\" content=\"https:\/\/everydaychemshop.com\/da\/wp-content\/uploads\/sites\/2\/2022\/11\/FENTANYL-Pills.jpg\" \/>\n\t<meta property=\"og:image:width\" content=\"1200\" \/>\n\t<meta property=\"og:image:height\" content=\"1200\" \/>\n\t<meta property=\"og:image:type\" content=\"image\/jpeg\" \/>\n<meta name=\"twitter:card\" content=\"summary_large_image\" \/>\n<meta name=\"twitter:label1\" content=\"Est. reading time\" \/>\n\t<meta name=\"twitter:data1\" content=\"3 minutes\" \/>\n<script type=\"application\/ld+json\" class=\"yoast-schema-graph\">{\"@context\":\"https:\\\/\\\/schema.org\",\"@graph\":[{\"@type\":\"WebPage\",\"@id\":\"https:\\\/\\\/everydaychemshop.com\\\/da\\\/product\\\/kob-fentanyl-piller-online\\\/\",\"url\":\"https:\\\/\\\/everydaychemshop.com\\\/da\\\/product\\\/kob-fentanyl-piller-online\\\/\",\"name\":\"Fentanyl piller til salg online uden recept | Global Meds Inc.\",\"isPartOf\":{\"@id\":\"https:\\\/\\\/everydaychemshop.com\\\/da\\\/#website\"},\"primaryImageOfPage\":{\"@id\":\"https:\\\/\\\/everydaychemshop.com\\\/da\\\/product\\\/kob-fentanyl-piller-online\\\/#primaryimage\"},\"image\":{\"@id\":\"https:\\\/\\\/everydaychemshop.com\\\/da\\\/product\\\/kob-fentanyl-piller-online\\\/#primaryimage\"},\"thumbnailUrl\":\"https:\\\/\\\/everydaychemshop.com\\\/da\\\/wp-content\\\/uploads\\\/sites\\\/2\\\/2022\\\/11\\\/FENTANYL-Pills.jpg\",\"datePublished\":\"2022-11-16T09:44:41+00:00\",\"dateModified\":\"2023-04-08T07:27:54+00:00\",\"description\":\"Fentanyl piller til salg online uden recept. Hvis du leder efter, hvordan du k\u00f8ber Fentanyl piller online, s\u00e5 er du p\u00e5 det rigtige sted at k\u00f8be Fentanyl piller online.\",\"breadcrumb\":{\"@id\":\"https:\\\/\\\/everydaychemshop.com\\\/da\\\/product\\\/kob-fentanyl-piller-online\\\/#breadcrumb\"},\"inLanguage\":\"en-US\",\"potentialAction\":[{\"@type\":\"ReadAction\",\"target\":[\"https:\\\/\\\/everydaychemshop.com\\\/da\\\/product\\\/kob-fentanyl-piller-online\\\/\"]}]},{\"@type\":\"ImageObject\",\"inLanguage\":\"en-US\",\"@id\":\"https:\\\/\\\/everydaychemshop.com\\\/da\\\/product\\\/kob-fentanyl-piller-online\\\/#primaryimage\",\"url\":\"https:\\\/\\\/everydaychemshop.com\\\/da\\\/wp-content\\\/uploads\\\/sites\\\/2\\\/2022\\\/11\\\/FENTANYL-Pills.jpg\",\"contentUrl\":\"https:\\\/\\\/everydaychemshop.com\\\/da\\\/wp-content\\\/uploads\\\/sites\\\/2\\\/2022\\\/11\\\/FENTANYL-Pills.jpg\",\"width\":1200,\"height\":1200},{\"@type\":\"BreadcrumbList\",\"@id\":\"https:\\\/\\\/everydaychemshop.com\\\/da\\\/product\\\/kob-fentanyl-piller-online\\\/#breadcrumb\",\"itemListElement\":[{\"@type\":\"ListItem\",\"position\":1,\"name\":\"Home\",\"item\":\"https:\\\/\\\/everydaychemshop.com\\\/da\\\/\"},{\"@type\":\"ListItem\",\"position\":2,\"name\":\"Produkter\",\"item\":\"https:\\\/\\\/everydaychemshop.com\\\/da\\\/produkter\\\/\"},{\"@type\":\"ListItem\",\"position\":3,\"name\":\"K\u00f8b Fentanyl piller online\"}]},{\"@type\":\"WebSite\",\"@id\":\"https:\\\/\\\/everydaychemshop.com\\\/da\\\/#website\",\"url\":\"https:\\\/\\\/everydaychemshop.com\\\/da\\\/\",\"name\":\"Everyday Chem Shop\",\"description\":\"\",\"potentialAction\":[{\"@type\":\"SearchAction\",\"target\":{\"@type\":\"EntryPoint\",\"urlTemplate\":\"https:\\\/\\\/everydaychemshop.com\\\/da\\\/?s={search_term_string}\"},\"query-input\":{\"@type\":\"PropertyValueSpecification\",\"valueRequired\":true,\"valueName\":\"search_term_string\"}}],\"inLanguage\":\"en-US\"}]}<\/script>\n<!-- \/ Yoast SEO Premium plugin. -->","yoast_head_json":{"title":"Fentanyl piller til salg online uden recept | Global Meds Inc.","description":"Fentanyl piller til salg online uden recept. Hvis du leder efter, hvordan du k\u00f8ber Fentanyl piller online, s\u00e5 er du p\u00e5 det rigtige sted at k\u00f8be Fentanyl piller online.","robots":{"index":"index","follow":"follow","max-snippet":"max-snippet:-1","max-image-preview":"max-image-preview:large","max-video-preview":"max-video-preview:-1"},"canonical":"https:\/\/everydaychemshop.com\/da\/product\/kob-fentanyl-piller-online\/","og_locale":"en_US","og_type":"article","og_title":"K\u00f8b Fentanyl piller online","og_description":"Fentanyl piller til salg online uden recept. Hvis du leder efter, hvordan du k\u00f8ber Fentanyl piller online, s\u00e5 er du p\u00e5 det rigtige sted at k\u00f8be Fentanyl piller online.","og_url":"https:\/\/everydaychemshop.com\/da\/product\/kob-fentanyl-piller-online\/","og_site_name":"Everyday Chem Shop","article_modified_time":"2023-04-08T07:27:54+00:00","og_image":[{"width":1200,"height":1200,"url":"https:\/\/everydaychemshop.com\/da\/wp-content\/uploads\/sites\/2\/2022\/11\/FENTANYL-Pills.jpg","type":"image\/jpeg"}],"twitter_card":"summary_large_image","twitter_misc":{"Est. reading time":"3 minutes"},"schema":{"@context":"https:\/\/schema.org","@graph":[{"@type":"WebPage","@id":"https:\/\/everydaychemshop.com\/da\/product\/kob-fentanyl-piller-online\/","url":"https:\/\/everydaychemshop.com\/da\/product\/kob-fentanyl-piller-online\/","name":"Fentanyl piller til salg online uden recept | Global Meds Inc.","isPartOf":{"@id":"https:\/\/everydaychemshop.com\/da\/#website"},"primaryImageOfPage":{"@id":"https:\/\/everydaychemshop.com\/da\/product\/kob-fentanyl-piller-online\/#primaryimage"},"image":{"@id":"https:\/\/everydaychemshop.com\/da\/product\/kob-fentanyl-piller-online\/#primaryimage"},"thumbnailUrl":"https:\/\/everydaychemshop.com\/da\/wp-content\/uploads\/sites\/2\/2022\/11\/FENTANYL-Pills.jpg","datePublished":"2022-11-16T09:44:41+00:00","dateModified":"2023-04-08T07:27:54+00:00","description":"Fentanyl piller til salg online uden recept. Hvis du leder efter, hvordan du k\u00f8ber Fentanyl piller online, s\u00e5 er du p\u00e5 det rigtige sted at k\u00f8be Fentanyl piller online.","breadcrumb":{"@id":"https:\/\/everydaychemshop.com\/da\/product\/kob-fentanyl-piller-online\/#breadcrumb"},"inLanguage":"en-US","potentialAction":[{"@type":"ReadAction","target":["https:\/\/everydaychemshop.com\/da\/product\/kob-fentanyl-piller-online\/"]}]},{"@type":"ImageObject","inLanguage":"en-US","@id":"https:\/\/everydaychemshop.com\/da\/product\/kob-fentanyl-piller-online\/#primaryimage","url":"https:\/\/everydaychemshop.com\/da\/wp-content\/uploads\/sites\/2\/2022\/11\/FENTANYL-Pills.jpg","contentUrl":"https:\/\/everydaychemshop.com\/da\/wp-content\/uploads\/sites\/2\/2022\/11\/FENTANYL-Pills.jpg","width":1200,"height":1200},{"@type":"BreadcrumbList","@id":"https:\/\/everydaychemshop.com\/da\/product\/kob-fentanyl-piller-online\/#breadcrumb","itemListElement":[{"@type":"ListItem","position":1,"name":"Home","item":"https:\/\/everydaychemshop.com\/da\/"},{"@type":"ListItem","position":2,"name":"Produkter","item":"https:\/\/everydaychemshop.com\/da\/produkter\/"},{"@type":"ListItem","position":3,"name":"K\u00f8b Fentanyl piller online"}]},{"@type":"WebSite","@id":"https:\/\/everydaychemshop.com\/da\/#website","url":"https:\/\/everydaychemshop.com\/da\/","name":"Everyday Chem Shop","description":"","potentialAction":[{"@type":"SearchAction","target":{"@type":"EntryPoint","urlTemplate":"https:\/\/everydaychemshop.com\/da\/?s={search_term_string}"},"query-input":{"@type":"PropertyValueSpecification","valueRequired":true,"valueName":"search_term_string"}}],"inLanguage":"en-US"}]}},"_links":{"self":[{"href":"https:\/\/everydaychemshop.com\/da\/wp-json\/wp\/v2\/product\/7704","targetHints":{"allow":["GET"]}}],"collection":[{"href":"https:\/\/everydaychemshop.com\/da\/wp-json\/wp\/v2\/product"}],"about":[{"href":"https:\/\/everydaychemshop.com\/da\/wp-json\/wp\/v2\/types\/product"}],"replies":[{"embeddable":true,"href":"https:\/\/everydaychemshop.com\/da\/wp-json\/wp\/v2\/comments?post=7704"}],"wp:featuredmedia":[{"embeddable":true,"href":"https:\/\/everydaychemshop.com\/da\/wp-json\/wp\/v2\/media\/7716"}],"wp:attachment":[{"href":"https:\/\/everydaychemshop.com\/da\/wp-json\/wp\/v2\/media?parent=7704"}],"wp:term":[{"taxonomy":"product_brand","embeddable":true,"href":"https:\/\/everydaychemshop.com\/da\/wp-json\/wp\/v2\/product_brand?post=7704"},{"taxonomy":"product_cat","embeddable":true,"href":"https:\/\/everydaychemshop.com\/da\/wp-json\/wp\/v2\/product_cat?post=7704"},{"taxonomy":"product_tag","embeddable":true,"href":"https:\/\/everydaychemshop.com\/da\/wp-json\/wp\/v2\/product_tag?post=7704"}],"curies":[{"name":"wp","href":"https:\/\/api.w.org\/{rel}","templated":true}]}}