{"id":7709,"date":"2022-11-16T09:44:43","date_gmt":"2022-11-16T09:44:43","guid":{"rendered":"https:\/\/everydaychemshop.com\/da\/?post_type=product&#038;p=7709"},"modified":"2023-04-08T07:26:00","modified_gmt":"2023-04-08T07:26:00","slug":"kob-fentanyl-plastre-online","status":"publish","type":"product","link":"https:\/\/everydaychemshop.com\/da\/product\/kob-fentanyl-plastre-online\/","title":{"rendered":"K\u00f8b Fentanyl Patches online"},"content":{"rendered":"<h1>K\u00f8b Fentanyl plastre online<\/h1>\n<p><a href=\"https:\/\/everydaychemshop.com\/da\/product\/kob-fentanyl-plastre-online\/\">K\u00f8b Fentanyl plastre online<\/a>. Fentanyl er et potent syntetisk opioidanalgetikum med hurtig indtr\u00e6den og kort virkningsvarighed. Det er en potent agonist ved \u00b5-opioidreceptorerne. Historisk set er det blevet <a href=\"https:\/\/en.wikipedia.org\/wiki\/Fentanyl\">brugt<\/a> til at behandle gennembrudssmerter og er almindeligt brugt som et smertestillende middel i forbehandlingsmilj\u00f8er og som et bed\u00f8velsesmiddel i kombination med et benzodiazepin. Da forskellige producenter bruger fentanyl som hovedingrediensen i deres brand-navn smertestillende medicin, kommer dette l\u00e6gemiddel i b\u00e5de lang- og korttidsvirkende former. I dag kan du bestille billige fentanylplastre, piller og endda injicerbare pakninger afh\u00e6ngigt af din tilstand og den mest passende form.<\/p>\n<p>Der er visse situationer, som alle st\u00e5r over for, n\u00e5r operation er n\u00f8dvendig. For at holde smertefulde fornemmelser p\u00e5 et minimum vil din l\u00e6ge anbefale brugen af \u200b\u200bspecifikke bed\u00f8velsesmidler, normalt opiater, for at blokere visse signaler i CNS i en kort periode under operationen. Fentanyl er et af disse l\u00e6gemidler, der ogs\u00e5 er almindeligt anvendt som et effektivt smertestillende middel. I kombination med natriumpenthanol anvendes fentanyl til patienter f\u00f8r operationer, til kvinder for at lindre smerter under f\u00f8dslen og i andre tilf\u00e6lde, n\u00e5r det er n\u00f8dvendigt for at lindre smerter i kortere perioder. Du kan bestille billig fentanyl uden recept online i forskellige former og doser og ogs\u00e5 bruge det derhjemme som et kraftfuldt bed\u00f8velses- og smertestillende middel. Hos os kan du altid nemt k\u00f8be fentanylplastre online.<\/p>\n<p>Du kan komme direkte i kontakt med onlineapoteket via dets officielle hjemmeside og dele dine ordreoplysninger for fentanylplastre, efterfulgt af betalingen for det samme ved at bruge tilg\u00e6ngelige betalingsmuligheder.<\/p>\n<p>Teamet af ledere vil tage sig af dine ordreoplysninger og fors\u00f8ge at fuldf\u00f8re dem s\u00e5 hurtigt som muligt. Pakningsteamet vil pakke din ordre med den st\u00f8rste pr\u00e6cision for at sikre, at den ikke bliver beskadiget under transporten.<\/p>\n<p>Hvis du har truffet din beslutning om at k\u00f8be Fentanyl-plastre online, s\u00e5 kontakt onlineapoteket i dag og sted din bestilling. Din bestilling vil snart blive gennemf\u00f8rt af teammedlemmerne.<\/p>\n<p>fentanyl 100mcg plaster (ogs\u00e5 kendt som fentanil) er en potent, syntetisk opioid smertestillende medicin med hurtig indtr\u00e6den og kort virkningsvarighed. Det er en st\u00e6rk agonist ved \u03bc-opioidreceptorerne. Fentanyl ansl\u00e5s at v\u00e6re mellem 50 og 100 gange s\u00e5 potent som morfin.<\/p>\n<p>Fentanyl 100mcg plaster blev f\u00f8rst fremstillet af Paul Janssen i 1960, efter den medicinske begyndelse af pethidin (ogs\u00e5 kendt som meperidin, markedsf\u00f8rt som Demerol) flere \u00e5r tidligere. Janssen udviklede fentanyl ved at analysere analoger af det strukturelt besl\u00e6gtede l\u00e6gemiddel pethidin for opioidaktivitet.<\/p>\n<p>Den udbredte brug af fentanyl udl\u00f8ste produktionen af \u200b\u200bfentanylcitrat (saltet dannet ved at kombinere fentanyl og citronsyre i en 1:1 st\u00f8kiometri). ), som kom ind i medicinsk brug som generel an\u00e6stesi under handelsnavnet Sublimaze i 1960&#8217;erne. Efter dette blev mange andre fentanylanaloger udviklet og introduceret i medicinsk praksis, herunder sufentanil, alfentanil, remifentanil og lofentanil.<\/p>\n<p>Fentanyl 100mcg plaster I midten af \u200b\u200b1990&#8217;erne blev fentanyl introduceret til palliativ brug med fentanylen. plaster, efterfulgt i det n\u00e6ste \u00e5rti af introduktionen af \u200b\u200bfentanyl slikkepinden, opl\u00f8sende tabletter og sublingual spray, som resorberes gennem huden inde i munden. Fra 2012 var fentanyl det mest udbredte syntetiske opioid i medicin.I 2013, blev brugt globalt.<\/p>\n<p>Fentanyl bruges ogs\u00e5 som et rekreativt stof, og denne brug har f\u00f8rt til tusindvis af overdosisd\u00f8dsfald hvert \u00e5r i de seneste \u00e5r. D\u00f8dsfald er ogs\u00e5 et resultat af ukorrekt medicinsk brug. Fentanyl har et relativt bredt terapeutisk indeks (270), hvilket g\u00f8r det til et meget sikkert kirurgisk bed\u00f8velsesmiddel, n\u00e5r det overv\u00e5ges n\u00f8je; dens ekstreme styrke kr\u00e6ver dog omhyggelige m\u00e5linger af st\u00e6rkt fortyndet fentanyl i opl\u00f8sning; fors\u00f8ger at m\u00e5le en dosis ren n\u00f8jagtigt fentanylpulver er upraktisk uden avanceret videnskabeligt udstyr, da en effektiv dosis og en d\u00f8delig dosis af fentanylpulver placeret ved siden af \u200b\u200bhinanden ville v\u00e6re sv\u00e6r eller umulig at skelne mellem med det blotte \u00f8je<\/p>\n<p>Fentanylpiller, pulver, plastre , v\u00e6ske , alt tilg\u00e6ngeligt, Bestil nu online hos os.<\/p>\n<p><strong>Ved du, hvor man kan k\u00f8be fentanylplastre?<\/strong><\/p>\n<p>Fentanylplastre til salg, <a href=\"https:\/\/globalmedsonlineinc.com\/product\/pain-killers\/fentanyl-patches\/\">Fentanyl Patches<\/a> street value, Fentanyl Patches dosering, hvordan man laver Fentanyl Patches, hvor kan jeg Fentanyl Patches online, hvor kan man f\u00e5 Fentanyl Patches Patches, hvad er Fentanyl Patches, Premium kvalitet Fentanyl Patches til salg. Alle disse ubesvarede sp\u00f8rgsm\u00e5l kan f\u00e5 deres svar gennem os. Du skal blot gennem vores hjemmeside, og du vil f\u00e5 svar p\u00e5, hvordan og hvor du kan k\u00f8be amfetaminpulver online.<\/p>\n<p>Hvad med fentanylplastre? Ved du ogs\u00e5 hvor man kan f\u00e5 Fentanyl Patches til salg online? k\u00f8b Fentanyl Patches til salg, hvordan laver man Fentanyl Patches, hvordan ser Fentanyl Patches ud, Fentanyl Patches gadepris, Fentanyl Patches pris, hvor kan man k\u00f8be Fentanyl Patches, rene Fentanyl Patches, hvor kan jeg k\u00f8be Fentanyl Patches online, k\u00f8b rene Fentanyl Patches online.<\/p>\n<p>Fentanylplastre af god kvalitet online: Det er fuldst\u00e6ndig forst\u00e5et, at folk ikke hurtigt stoler p\u00e5 kvaliteten af \u200b\u200bFentanylplastre online, der s\u00e6lges online, fordi de ikke kan unders\u00f8ge det fysisk. Men det er ikke det samme med Online Fentanyl Patches online leverand\u00f8rer. Produkterne her er tro mod deres beskrivelse med vedligeholdelse af h\u00f8j kvalitet udf\u00f8rt under opsyn af eksperter.<\/p>\n<p>Hurtigt &amp; Diskret forsendelse: Leveringen af \u200b\u200bFentanyl-plastrene online efter modtagelse af ordren sker inden for den lovede tidsramme. Fragtteamet s\u00e6tter alle deres kr\u00e6fter i at g\u00f8re forsendelses- og leveringsproceduren glat og hurtig. Du kan ogs\u00e5 forvente fremragende service, n\u00e5r du k\u00f8ber Fentanyl Patches online fra en professionel p\u00e5 online platformen.<\/p>\n","protected":false},"excerpt":{"rendered":"<p>Fentanyl er et l\u00e6gemiddel, der bruges til lindring af kroniske smerter. Plastret indeholder et reservoir af medicinen, der langsomt frigives for at give smertekontrol d\u00f8gnet rundt.<\/p>\n","protected":false},"featured_media":7738,"comment_status":"open","ping_status":"closed","template":"","meta":{"inline_featured_image":false},"product_brand":[],"product_cat":[116],"product_tag":[225,226,687,688,228,230,252,254,255,231,238,239,240,241,246,245,236,244,243,234,242,235,248,249,250,259,260,261,263,262,247,237,251,229,253,256,257,232,233,258],"class_list":{"0":"post-7709","1":"product","2":"type-product","3":"status-publish","4":"has-post-thumbnail","6":"product_cat-smertestillende-midler","7":"product_tag-100-mg-fentanyl-plastre","8":"product_tag-100-mikrogram-fentanyl-plastre","9":"product_tag-687","10":"product_tag-5-mcg-fentanylplastre","11":"product_tag-apotex-fentanyl-plastre","12":"product_tag-bedste-mde-til-misbrug-fentanyl-plastre","13":"product_tag-billeder-af-fentanyl-plastre","14":"product_tag-bivirkninger-af-fentanyl-plastre","15":"product_tag-bivirkninger-af-fentanyl-plastre-hos-ldre","16":"product_tag-buy-fentanyl-patches","17":"product_tag-fentanyl-plastre-doser","18":"product_tag-fentanyl-patches-for-pain","19":"product_tag-fentanyl-patches-overdose","20":"product_tag-fentanyl-patches-provide-immediate-relief-of-pain-and-do-not-require-adjuvant-medications","21":"product_tag-fentanyl-patches-withdrawal","22":"product_tag-fentanyl-plastre-styrke","23":"product_tag-fentanylplaster-50-mg","24":"product_tag-fentanyl-plaster-gade-pris","25":"product_tag-fentanyl-plastre-tilbagekaldt","26":"product_tag-forskellige-typer-fentanyl-plastre","27":"product_tag-fentanyl-plastre-tilbagekaldelse","28":"product_tag-gr-fentanyl-plastre-gr-dig-hj","29":"product_tag-how-to-dispose-of-fentanyl-patches","30":"product_tag-how-to-shoot-fentanyl-patches","31":"product_tag-how-to-smoke-fentanyl-patches","32":"product_tag-hvad-bruges-fentanylplastre-til","33":"product_tag-hvad-er-fentanyl-plastre","34":"product_tag-hvad-mg-kommer-fentanyl-plastre-ind","35":"product_tag-hvilken-styrke-kommer-fentanyl-plastre-ind","36":"product_tag-hvad-skema-er-fentanyl-plastre","37":"product_tag-hvordan-fungerer-fentanyl-plastre","38":"product_tag-fentanyl-plastre-mrker","39":"product_tag-manufacturers-of-fentanyl-patches","40":"product_tag-pfring-af-fentanylplastre","41":"product_tag-sandoz-fentanyl-patches","42":"product_tag-teva-fentanyl-plastre","43":"product_tag-transdermale-fentanyl-plastre","44":"product_tag-tygge-fentanyl-plastre","45":"product_tag-tygge-ikke-gel-fentanyl-plastre","46":"product_tag-watson-fentanyl-plastre","48":"first","49":"instock","50":"featured","51":"shipping-taxable","52":"purchasable","53":"product-type-variable","54":"has-default-attributes"},"yoast_head":"<!-- This site is optimized with the Yoast SEO Premium plugin v19.2 (Yoast SEO v27.3) - https:\/\/yoast.com\/product\/yoast-seo-premium-wordpress\/ -->\n<title>K\u00f8b Fentanyl plastre online - Everyday Chem Shop<\/title>\n<meta name=\"description\" content=\"K\u00f8b Fentanyl plastre online. Hvis du leder efter, hvordan du k\u00f8ber Fentanyl Patches online, s\u00e5 er du p\u00e5 det rigtige sted at k\u00f8be Fentanyl Patches online.\" \/>\n<meta name=\"robots\" content=\"index, follow, max-snippet:-1, max-image-preview:large, max-video-preview:-1\" \/>\n<link rel=\"canonical\" href=\"https:\/\/everydaychemshop.com\/da\/product\/kob-fentanyl-plastre-online\/\" \/>\n<meta property=\"og:locale\" content=\"en_US\" \/>\n<meta property=\"og:type\" content=\"article\" \/>\n<meta property=\"og:title\" content=\"K\u00f8b Fentanyl Patches online\" \/>\n<meta property=\"og:description\" content=\"K\u00f8b Fentanyl plastre online. Hvis du leder efter, hvordan du k\u00f8ber Fentanyl Patches online, s\u00e5 er du p\u00e5 det rigtige sted at k\u00f8be Fentanyl Patches online.\" \/>\n<meta property=\"og:url\" content=\"https:\/\/everydaychemshop.com\/da\/product\/kob-fentanyl-plastre-online\/\" \/>\n<meta property=\"og:site_name\" content=\"Everyday Chem Shop\" \/>\n<meta property=\"article:modified_time\" content=\"2023-04-08T07:26:00+00:00\" \/>\n<meta property=\"og:image\" content=\"https:\/\/everydaychemshop.com\/da\/wp-content\/uploads\/sites\/2\/2022\/11\/Fentanyl-100mcg-patch.jpg\" \/>\n\t<meta property=\"og:image:width\" content=\"1200\" \/>\n\t<meta property=\"og:image:height\" content=\"1200\" \/>\n\t<meta property=\"og:image:type\" content=\"image\/jpeg\" \/>\n<meta name=\"twitter:card\" content=\"summary_large_image\" \/>\n<meta name=\"twitter:label1\" content=\"Est. reading time\" \/>\n\t<meta name=\"twitter:data1\" content=\"4 minutes\" \/>\n<script type=\"application\/ld+json\" class=\"yoast-schema-graph\">{\"@context\":\"https:\\\/\\\/schema.org\",\"@graph\":[{\"@type\":\"WebPage\",\"@id\":\"https:\\\/\\\/everydaychemshop.com\\\/da\\\/product\\\/kob-fentanyl-plastre-online\\\/\",\"url\":\"https:\\\/\\\/everydaychemshop.com\\\/da\\\/product\\\/kob-fentanyl-plastre-online\\\/\",\"name\":\"K\u00f8b Fentanyl plastre online - Everyday Chem Shop\",\"isPartOf\":{\"@id\":\"https:\\\/\\\/everydaychemshop.com\\\/da\\\/#website\"},\"primaryImageOfPage\":{\"@id\":\"https:\\\/\\\/everydaychemshop.com\\\/da\\\/product\\\/kob-fentanyl-plastre-online\\\/#primaryimage\"},\"image\":{\"@id\":\"https:\\\/\\\/everydaychemshop.com\\\/da\\\/product\\\/kob-fentanyl-plastre-online\\\/#primaryimage\"},\"thumbnailUrl\":\"https:\\\/\\\/everydaychemshop.com\\\/da\\\/wp-content\\\/uploads\\\/sites\\\/2\\\/2022\\\/11\\\/Fentanyl-100mcg-patch.jpg\",\"datePublished\":\"2022-11-16T09:44:43+00:00\",\"dateModified\":\"2023-04-08T07:26:00+00:00\",\"description\":\"K\u00f8b Fentanyl plastre online. Hvis du leder efter, hvordan du k\u00f8ber Fentanyl Patches online, s\u00e5 er du p\u00e5 det rigtige sted at k\u00f8be Fentanyl Patches online.\",\"breadcrumb\":{\"@id\":\"https:\\\/\\\/everydaychemshop.com\\\/da\\\/product\\\/kob-fentanyl-plastre-online\\\/#breadcrumb\"},\"inLanguage\":\"en-US\",\"potentialAction\":[{\"@type\":\"ReadAction\",\"target\":[\"https:\\\/\\\/everydaychemshop.com\\\/da\\\/product\\\/kob-fentanyl-plastre-online\\\/\"]}]},{\"@type\":\"ImageObject\",\"inLanguage\":\"en-US\",\"@id\":\"https:\\\/\\\/everydaychemshop.com\\\/da\\\/product\\\/kob-fentanyl-plastre-online\\\/#primaryimage\",\"url\":\"https:\\\/\\\/everydaychemshop.com\\\/da\\\/wp-content\\\/uploads\\\/sites\\\/2\\\/2022\\\/11\\\/Fentanyl-100mcg-patch.jpg\",\"contentUrl\":\"https:\\\/\\\/everydaychemshop.com\\\/da\\\/wp-content\\\/uploads\\\/sites\\\/2\\\/2022\\\/11\\\/Fentanyl-100mcg-patch.jpg\",\"width\":1200,\"height\":1200,\"caption\":\"K\u00f8b Fentanyl plastre online\"},{\"@type\":\"BreadcrumbList\",\"@id\":\"https:\\\/\\\/everydaychemshop.com\\\/da\\\/product\\\/kob-fentanyl-plastre-online\\\/#breadcrumb\",\"itemListElement\":[{\"@type\":\"ListItem\",\"position\":1,\"name\":\"Home\",\"item\":\"https:\\\/\\\/everydaychemshop.com\\\/da\\\/\"},{\"@type\":\"ListItem\",\"position\":2,\"name\":\"Produkter\",\"item\":\"https:\\\/\\\/everydaychemshop.com\\\/da\\\/produkter\\\/\"},{\"@type\":\"ListItem\",\"position\":3,\"name\":\"K\u00f8b Fentanyl Patches online\"}]},{\"@type\":\"WebSite\",\"@id\":\"https:\\\/\\\/everydaychemshop.com\\\/da\\\/#website\",\"url\":\"https:\\\/\\\/everydaychemshop.com\\\/da\\\/\",\"name\":\"Everyday Chem Shop\",\"description\":\"\",\"potentialAction\":[{\"@type\":\"SearchAction\",\"target\":{\"@type\":\"EntryPoint\",\"urlTemplate\":\"https:\\\/\\\/everydaychemshop.com\\\/da\\\/?s={search_term_string}\"},\"query-input\":{\"@type\":\"PropertyValueSpecification\",\"valueRequired\":true,\"valueName\":\"search_term_string\"}}],\"inLanguage\":\"en-US\"}]}<\/script>\n<!-- \/ Yoast SEO Premium plugin. -->","yoast_head_json":{"title":"K\u00f8b Fentanyl plastre online - Everyday Chem Shop","description":"K\u00f8b Fentanyl plastre online. Hvis du leder efter, hvordan du k\u00f8ber Fentanyl Patches online, s\u00e5 er du p\u00e5 det rigtige sted at k\u00f8be Fentanyl Patches online.","robots":{"index":"index","follow":"follow","max-snippet":"max-snippet:-1","max-image-preview":"max-image-preview:large","max-video-preview":"max-video-preview:-1"},"canonical":"https:\/\/everydaychemshop.com\/da\/product\/kob-fentanyl-plastre-online\/","og_locale":"en_US","og_type":"article","og_title":"K\u00f8b Fentanyl Patches online","og_description":"K\u00f8b Fentanyl plastre online. Hvis du leder efter, hvordan du k\u00f8ber Fentanyl Patches online, s\u00e5 er du p\u00e5 det rigtige sted at k\u00f8be Fentanyl Patches online.","og_url":"https:\/\/everydaychemshop.com\/da\/product\/kob-fentanyl-plastre-online\/","og_site_name":"Everyday Chem Shop","article_modified_time":"2023-04-08T07:26:00+00:00","og_image":[{"width":1200,"height":1200,"url":"https:\/\/everydaychemshop.com\/da\/wp-content\/uploads\/sites\/2\/2022\/11\/Fentanyl-100mcg-patch.jpg","type":"image\/jpeg"}],"twitter_card":"summary_large_image","twitter_misc":{"Est. reading time":"4 minutes"},"schema":{"@context":"https:\/\/schema.org","@graph":[{"@type":"WebPage","@id":"https:\/\/everydaychemshop.com\/da\/product\/kob-fentanyl-plastre-online\/","url":"https:\/\/everydaychemshop.com\/da\/product\/kob-fentanyl-plastre-online\/","name":"K\u00f8b Fentanyl plastre online - Everyday Chem Shop","isPartOf":{"@id":"https:\/\/everydaychemshop.com\/da\/#website"},"primaryImageOfPage":{"@id":"https:\/\/everydaychemshop.com\/da\/product\/kob-fentanyl-plastre-online\/#primaryimage"},"image":{"@id":"https:\/\/everydaychemshop.com\/da\/product\/kob-fentanyl-plastre-online\/#primaryimage"},"thumbnailUrl":"https:\/\/everydaychemshop.com\/da\/wp-content\/uploads\/sites\/2\/2022\/11\/Fentanyl-100mcg-patch.jpg","datePublished":"2022-11-16T09:44:43+00:00","dateModified":"2023-04-08T07:26:00+00:00","description":"K\u00f8b Fentanyl plastre online. Hvis du leder efter, hvordan du k\u00f8ber Fentanyl Patches online, s\u00e5 er du p\u00e5 det rigtige sted at k\u00f8be Fentanyl Patches online.","breadcrumb":{"@id":"https:\/\/everydaychemshop.com\/da\/product\/kob-fentanyl-plastre-online\/#breadcrumb"},"inLanguage":"en-US","potentialAction":[{"@type":"ReadAction","target":["https:\/\/everydaychemshop.com\/da\/product\/kob-fentanyl-plastre-online\/"]}]},{"@type":"ImageObject","inLanguage":"en-US","@id":"https:\/\/everydaychemshop.com\/da\/product\/kob-fentanyl-plastre-online\/#primaryimage","url":"https:\/\/everydaychemshop.com\/da\/wp-content\/uploads\/sites\/2\/2022\/11\/Fentanyl-100mcg-patch.jpg","contentUrl":"https:\/\/everydaychemshop.com\/da\/wp-content\/uploads\/sites\/2\/2022\/11\/Fentanyl-100mcg-patch.jpg","width":1200,"height":1200,"caption":"K\u00f8b Fentanyl plastre online"},{"@type":"BreadcrumbList","@id":"https:\/\/everydaychemshop.com\/da\/product\/kob-fentanyl-plastre-online\/#breadcrumb","itemListElement":[{"@type":"ListItem","position":1,"name":"Home","item":"https:\/\/everydaychemshop.com\/da\/"},{"@type":"ListItem","position":2,"name":"Produkter","item":"https:\/\/everydaychemshop.com\/da\/produkter\/"},{"@type":"ListItem","position":3,"name":"K\u00f8b Fentanyl Patches online"}]},{"@type":"WebSite","@id":"https:\/\/everydaychemshop.com\/da\/#website","url":"https:\/\/everydaychemshop.com\/da\/","name":"Everyday Chem Shop","description":"","potentialAction":[{"@type":"SearchAction","target":{"@type":"EntryPoint","urlTemplate":"https:\/\/everydaychemshop.com\/da\/?s={search_term_string}"},"query-input":{"@type":"PropertyValueSpecification","valueRequired":true,"valueName":"search_term_string"}}],"inLanguage":"en-US"}]}},"_links":{"self":[{"href":"https:\/\/everydaychemshop.com\/da\/wp-json\/wp\/v2\/product\/7709","targetHints":{"allow":["GET"]}}],"collection":[{"href":"https:\/\/everydaychemshop.com\/da\/wp-json\/wp\/v2\/product"}],"about":[{"href":"https:\/\/everydaychemshop.com\/da\/wp-json\/wp\/v2\/types\/product"}],"replies":[{"embeddable":true,"href":"https:\/\/everydaychemshop.com\/da\/wp-json\/wp\/v2\/comments?post=7709"}],"wp:featuredmedia":[{"embeddable":true,"href":"https:\/\/everydaychemshop.com\/da\/wp-json\/wp\/v2\/media\/7738"}],"wp:attachment":[{"href":"https:\/\/everydaychemshop.com\/da\/wp-json\/wp\/v2\/media?parent=7709"}],"wp:term":[{"taxonomy":"product_brand","embeddable":true,"href":"https:\/\/everydaychemshop.com\/da\/wp-json\/wp\/v2\/product_brand?post=7709"},{"taxonomy":"product_cat","embeddable":true,"href":"https:\/\/everydaychemshop.com\/da\/wp-json\/wp\/v2\/product_cat?post=7709"},{"taxonomy":"product_tag","embeddable":true,"href":"https:\/\/everydaychemshop.com\/da\/wp-json\/wp\/v2\/product_tag?post=7709"}],"curies":[{"name":"wp","href":"https:\/\/api.w.org\/{rel}","templated":true}]}}