{"id":7721,"date":"2022-11-16T09:45:17","date_gmt":"2022-11-16T09:45:17","guid":{"rendered":"https:\/\/everydaychemshop.com\/da\/?post_type=product&#038;p=7721"},"modified":"2023-04-08T07:24:50","modified_gmt":"2023-04-08T07:24:50","slug":"kob-mephedrone-4-mmc-online","status":"publish","type":"product","link":"https:\/\/everydaychemshop.com\/da\/product\/kob-mephedrone-4-mmc-online\/","title":{"rendered":"K\u00f8b Mephedrone (4-MMC) online"},"content":{"rendered":"<h1>K\u00f8b Mephedrone (4-MMC) online<\/h1>\n<p><a href=\"https:\/\/everydaychemshop.com\/da\/product\/kob-mephedrone-4-mmc-online\/\">K\u00f8b Mephedrone (4-MMC) online<\/a>. Mephedrone er en monoaminleverende specialist. Det er en chiral forbindelse, og begge dens enantiomerer viser sammenlignende intensitet som substrater ved dopaminb\u00e6rere. R-mephedron <a href=\"https:\/\/en.wikipedia.org\/wiki\/Mephedrone\">er<\/a> v\u00e6sentligt mindre kraftfuld end S-mephedron som et substrat ved serotonin-b\u00e6rere.<\/p>\n<p>Keto-ilt g\u00f8r\u00a0mephedron\u00a0(4-MMC) mere hydrofilt end de sammenlignende methylamfetaminer, hvilket kan tydeligg\u00f8re de h\u00f8jere doser, der er n\u00f8dvendige for at opn\u00e5 en komparativ effekt, da Mephedrone (4-MMC) er <a href=\"https:\/\/en.wikipedia.org\/wiki\/Mephedrone\">mindre<\/a> klar til at krydse blod-sind-obstruktionen. k\u00f8b mephedron p\u00e5 nettet<\/p>\n<p>Mephedron (4-MMC) br\u00e6ndes ofte igennem sammen med spiritus. En unders\u00f8gelse p\u00e5 mus analyserede samarbejdet mellem disse to stoffer og nulstillede de psykostimulerende egenskaber og pr\u00e6mieegenskaberne ved 4-MMC. Det blev opdaget, at spiritus i lave (ikke-energigivende) portioner fundamentalt forbedrede de psykostimulerende virkninger af 4-MMC. Denne p\u00e5virkning blev afbrudt af en stigning i synaptisk dopamin, da haloperidol, dog ikke ketanserin, havde mulighed for at forhindre potensering med spiritus. Desuden blev 4-MMC&#8217;s l\u00f8nnende egenskaber opgraderet med en lav, ikke-kompenserende del af spiritus. M-CAT-anmodning online, hvor man kan k\u00f8be beskedne 4-MMC p\u00e5 nettet, k\u00f8be mephedrone p\u00e5 nettet<\/p>\n<p>Mephedrone (4-MMC) Online\u00a0er et af mange moderigtige stoffer eller legitime h\u00f8jder, der har st\u00e5et for p\u00e5 det seneste , herunder menneskeskabte syntetiske stoffer som konstrueret cannabis og halvfabrikata som methylhexanamin. Disse medikamenter er prim\u00e6rt udviklet for at komme v\u00e6k fra kontrol af love mod ulovlig medicin, som skaffede dem navnet p\u00e5 arkitektmedicin. Som angivet af European Monitoring Center for Drugs and Drug Addiction, blev sammenslutningen af \u200b\u200bmephedron f\u00f8rste gang portr\u00e6tteret i 1929 af Saem de Burnaga Sanchez i Bulletin de la Soci\u00e9t\u00e9 Chimique de France under navnet &#8220;Toluyl-alpha-monomethylaminoethylcetone&#8221;, men alligevel forblev forbindelsen et m\u00f8rkt resultat af den l\u00e6rde verden indtil 2003, hvor det blev &#8220;genopdaget&#8221; og distribueret af en undergrundsfysiker p\u00e5 webstedet The Hive under nom de plume. &#8220;Motor skrev p\u00e5 websiden: &#8220;Jeg har v\u00e6ret udmattet de seneste par dage og havde det fantastisk med reagenser liggende, s\u00e5 jeg t\u00e6nkte, at jeg ville pr\u00f8ve at lave noget 1-(4-methylphenyl)-2- methylaminopropanonhydrochlorid eller 4-methylmethcathinon,&#8221; f\u00f8r han skildrede, at efter at have taget det, havde klienten en &#8220;fantastisk fornemmelse af velstand, som jeg aldrig har f\u00e5et af nogen medicin med undtagelse af min elskede Ecstasy.&#8221; I interviews blev Kinetic afbildet som en &#8220;matematiker, der plejede at fostre d\u00f8sende piller for en st\u00f8rre narkotikaorganisation&#8221;, og han gav udtryk for, at han boede i Israel, da han genopdagede mefedron.<\/p>\n<p><strong>Hvordan kan jeg bestille Mephedrone (4-MMC) Online?<\/strong><\/p>\n<p>At bestille Mephedrone (4-MMC) online er altid en god beslutning, da det hj\u00e6lper dig med at spare b\u00e5de penge og tid. Og den eneste p\u00e5lidelige m\u00e5de at k\u00f8be Mephedrone (4-MMC) online p\u00e5 er at oprette forbindelse til et onlineapotek. Ja, du l\u00e6ste rigtigt! Det b\u00f8r ikke v\u00e6re et hvilket som helst tilf\u00e6ldigt apotek, men en online Mephedrone (4-MMC) leverand\u00f8r, der har et godt ry p\u00e5 online platformen, s\u00e5 du kan forvente topkvalitetsprodukter og rettidig levering fra dem og ikke f\u00f8le nogen byrde af nogen art.<\/p>\n<p>Online Mephedrone (4-MMC) Leverand\u00f8r \u2013 Du forst\u00e5r, at det er din eneste bedste m\u00e5de at k\u00f8be Mephedrone (4-MMC) online<\/p>\n<p>Et online Mephedrone (4-MMC) apotek som vores er et perfekt valg, n\u00e5r det kommer til at k\u00f8be Mephedrone (4-MMC) online. Med assistance fra et trov\u00e6rdigt og professionelt apotek kan du k\u00f8be de bedste produkter og sikre deres effektivitet og sikkerhedsudsigter.<\/p>\n<p>De professionelle leverand\u00f8rer f\u00f8lger altid deres pligter og ansvar over for kunderne seri\u00f8st. Priserne p\u00e5 onlineapoteket til k\u00f8b Mephedrone (4-MMC) eller en hvilken som helst anden relaterede produkter er rimelige og overkommelige for alle. Der er ingen grund til at bruge en formue p\u00e5 at k\u00f8be disse produkter.<\/p>\n<p><strong>Ved du, hvor man kan k\u00f8be Mephedrone (4-MMC)?<\/strong><\/p>\n<p>Mephedrone (4) -MMC) til salg, Mephedrone (4-MMC) gadev\u00e6rdi, Mephedrone (4-MMC) dosering, hvordan man laver Mephedrone (4-MMC) , hvor kan jeg Mephedrone (4-MMC) online, hvor kan man f\u00e5 Mephedrone (4) -MMC), hvad er Mephedrone (4-MMC), Premium kvalitet Mephedrone (4-MMC) til salg. Alle disse ubesvarede sp\u00f8rgsm\u00e5l kan f\u00e5 deres svar gennem os. Du skal bare gennem vores hjemmeside, og du vil f\u00e5 svar p\u00e5, hvordan og hvor du kan k\u00f8be amfetaminpulver online.<\/p>\n<p>Hvad med Mephedrone (4-MMC)? Ved du ogs\u00e5, hvor man kan f\u00e5 Mephedrone (4-MMC) til salg online? k\u00f8b Mephedrone (4-MMC) til salg, hvordan laver man Mephedrone (4-MMC), hvordan ser Mephedrone (4-MMC) ud, Mephedrone (4-MMC) gadepris, Mephedrone (4-MMC) pris, hvor k\u00f8b Mephedrone (4-MMC), ren Mephedrone (4-MMC), hvor kan jeg k\u00f8be Mephedrone (4-MMC) online, k\u00f8b ren Mephedrone (4-MMC) online.<\/p>\n<p>Mephedrone af god kvalitet (4) -MMC) pulver online: Det er fuldst\u00e6ndig forst\u00e5et, at folk ikke hurtigt stoler p\u00e5 kvaliteten af \u200b\u200bMephedrone (4-MMC) pulver, der s\u00e6lges online, fordi de ikke kan unders\u00f8ge det fysisk. Men det er ikke det samme med Online Mephedrone (4-MMC) pulver online leverand\u00f8rer. Produkterne her er tro mod deres beskrivelse med vedligeholdelse af h\u00f8j kvalitet udf\u00f8rt under opsyn af eksperter.<\/p>\n<p>Hurtigt &amp; Diskret forsendelse: Leveringen af \u200b\u200bMephedrone (4-MMC) online efter modtagelse af ordren sker inden for den lovede tidsramme. Fragtteamet s\u00e6tter alle deres kr\u00e6fter i at g\u00f8re forsendelses- og leveringsproceduren glat og hurtig. Du kan ogs\u00e5 forvente fremragende tjenester, n\u00e5r du k\u00f8ber Mephedrone (4-MMC) online fra professionelle p\u00e5 onlineplatformen.<\/p>\n","protected":false},"excerpt":{"rendered":"<p>Mephedron kan komme i form af kapsler, tabletter eller hvidt pulver, som brugere kan sluge, pruste, injicere, ryge eller bruge rektalt. N\u00e5r det indtages oralt, rapporterede brugerne, at de kunne m\u00e6rke virkningerne inden for 15-45 minutter; ved fnysning<\/p>\n<p>Mephedron er et af hundredvis af designerstoffer eller lovlige h\u00f8jdepunkter, der er blevet rapporteret i de senere \u00e5r, herunder kunstige kemikalier s\u00e5som syntetisk cannabis og semisyntetiske stoffer s\u00e5som methylhexanamin.<\/p>\n","protected":false},"featured_media":7740,"comment_status":"open","ping_status":"closed","template":"","meta":{"inline_featured_image":false},"product_brand":[],"product_cat":[264],"product_tag":[299,300,276,266,267,270,271,272,277,278,279,280,281,282,303,304,309,306,305,307,308,265,275,268,269,273,274,297,293,294,291,286,287,284,295,296,298,292,289,285,290,288,283,301,302],"class_list":{"0":"post-7721","1":"product","2":"type-product","3":"status-publish","4":"has-post-thumbnail","6":"product_cat-forskningskemisk","7":"product_tag-bestil-m-cat-online","8":"product_tag-bestil-mefedron-online","9":"product_tag-billig-4-mmc-online","10":"product_tag-buy-cheap-4-mmc-for-personal-use","11":"product_tag-buy-cheap-4-mmc-online","12":"product_tag-buy-mephedrone-for-different-uses","13":"product_tag-buy-mephedrone-for-plant-use","14":"product_tag-buy-mephedrone-online-canada","15":"product_tag-definere-mephedron","16":"product_tag-hj-kvalitet-mephedrone-online","17":"product_tag-how-to-make-mephedrone","18":"product_tag-how-to-make-mephedrone-at-home","19":"product_tag-how-to-make-mephedrone-plant-food","20":"product_tag-how-to-make-mephedrone-step-by-step","21":"product_tag-hvad-er-mefedron","22":"product_tag-hvad-er-mefedron-fundet-i","23":"product_tag-hvilket-badesalt-indeholder-mefedron","24":"product_tag-hvor-kan-kbes-billig-mephedrone-online","25":"product_tag-hvor-kan-kbes-billigt-4-mmc-online","26":"product_tag-hvor-kan-kbes-mefedron","27":"product_tag-hvor-kan-kbes-mefedron-til-personligt-brug","28":"product_tag-kb-4-mmc-online","29":"product_tag-kb-mephedrone-online","30":"product_tag-kb-billig-mefedron-online","31":"product_tag-kb-m-cat-online","32":"product_tag-kb-mephedrone-online-levering-nste-dag","33":"product_tag-kb-mephedrone-pulver-online","34":"product_tag-mefedron-gadenavne","35":"product_tag-mefedron-lov","36":"product_tag-mefedron-lovlig","37":"product_tag-mefedron-til-salg-online","38":"product_tag-mefedron-bllys","39":"product_tag-mephedron-coronavirus","40":"product_tag-mefedron-drlig-oplevelse","41":"product_tag-mefedron-plante-mad","42":"product_tag-mefedron-plante-mad-til-salg","43":"product_tag-mephedron-syntese","44":"product_tag-mefedron-til-salg-usa","45":"product_tag-mephedron-effekter","46":"product_tag-mephedrone-bath-salts-where-to-buy","47":"product_tag-mephedrone-for-personal-use","48":"product_tag-mephedrone-krystaller-vs-pulver","49":"product_tag-mefedron-misbrug","50":"product_tag-plante-fde-mefedron","51":"product_tag-products-containing-mephedrone","53":"first","54":"instock","55":"sale","56":"featured","57":"shipping-taxable","58":"purchasable","59":"product-type-variable","60":"has-default-attributes"},"yoast_head":"<!-- This site is optimized with the Yoast SEO Premium plugin v19.2 (Yoast SEO v27.3) - https:\/\/yoast.com\/product\/yoast-seo-premium-wordpress\/ -->\n<title>K\u00f8b Mephedrone (4-MMC) online - Everyday Chem Shop<\/title>\n<meta name=\"description\" content=\"K\u00f8b Mephedrone (4-MMC) online. Hvis du leder efter, hvordan du k\u00f8ber Mephedrone (4-MMC) online, s\u00e5 er du p\u00e5 det rigtige sted at k\u00f8be Mephedrone (4-MMC) online.\" \/>\n<meta name=\"robots\" content=\"index, follow, max-snippet:-1, max-image-preview:large, max-video-preview:-1\" \/>\n<link rel=\"canonical\" href=\"https:\/\/everydaychemshop.com\/da\/product\/kob-mephedrone-4-mmc-online\/\" \/>\n<meta property=\"og:locale\" content=\"en_US\" \/>\n<meta property=\"og:type\" content=\"article\" \/>\n<meta property=\"og:title\" content=\"K\u00f8b Mephedrone (4-MMC) online\" \/>\n<meta property=\"og:description\" content=\"K\u00f8b Mephedrone (4-MMC) online. Hvis du leder efter, hvordan du k\u00f8ber Mephedrone (4-MMC) online, s\u00e5 er du p\u00e5 det rigtige sted at k\u00f8be Mephedrone (4-MMC) online.\" \/>\n<meta property=\"og:url\" content=\"https:\/\/everydaychemshop.com\/da\/product\/kob-mephedrone-4-mmc-online\/\" \/>\n<meta property=\"og:site_name\" content=\"Everyday Chem Shop\" \/>\n<meta property=\"article:modified_time\" content=\"2023-04-08T07:24:50+00:00\" \/>\n<meta property=\"og:image\" content=\"https:\/\/everydaychemshop.com\/da\/wp-content\/uploads\/sites\/2\/2022\/11\/MEPHEDRONE-PILLS.jpg\" \/>\n\t<meta property=\"og:image:width\" content=\"1200\" \/>\n\t<meta property=\"og:image:height\" content=\"1200\" \/>\n\t<meta property=\"og:image:type\" content=\"image\/jpeg\" \/>\n<meta name=\"twitter:card\" content=\"summary_large_image\" \/>\n<meta name=\"twitter:label1\" content=\"Est. reading time\" \/>\n\t<meta name=\"twitter:data1\" content=\"4 minutes\" \/>\n<script type=\"application\/ld+json\" class=\"yoast-schema-graph\">{\"@context\":\"https:\\\/\\\/schema.org\",\"@graph\":[{\"@type\":\"WebPage\",\"@id\":\"https:\\\/\\\/everydaychemshop.com\\\/da\\\/product\\\/kob-mephedrone-4-mmc-online\\\/\",\"url\":\"https:\\\/\\\/everydaychemshop.com\\\/da\\\/product\\\/kob-mephedrone-4-mmc-online\\\/\",\"name\":\"K\u00f8b Mephedrone (4-MMC) online - Everyday Chem Shop\",\"isPartOf\":{\"@id\":\"https:\\\/\\\/everydaychemshop.com\\\/da\\\/#website\"},\"primaryImageOfPage\":{\"@id\":\"https:\\\/\\\/everydaychemshop.com\\\/da\\\/product\\\/kob-mephedrone-4-mmc-online\\\/#primaryimage\"},\"image\":{\"@id\":\"https:\\\/\\\/everydaychemshop.com\\\/da\\\/product\\\/kob-mephedrone-4-mmc-online\\\/#primaryimage\"},\"thumbnailUrl\":\"https:\\\/\\\/everydaychemshop.com\\\/da\\\/wp-content\\\/uploads\\\/sites\\\/2\\\/2022\\\/11\\\/MEPHEDRONE-PILLS.jpg\",\"datePublished\":\"2022-11-16T09:45:17+00:00\",\"dateModified\":\"2023-04-08T07:24:50+00:00\",\"description\":\"K\u00f8b Mephedrone (4-MMC) online. Hvis du leder efter, hvordan du k\u00f8ber Mephedrone (4-MMC) online, s\u00e5 er du p\u00e5 det rigtige sted at k\u00f8be Mephedrone (4-MMC) online.\",\"breadcrumb\":{\"@id\":\"https:\\\/\\\/everydaychemshop.com\\\/da\\\/product\\\/kob-mephedrone-4-mmc-online\\\/#breadcrumb\"},\"inLanguage\":\"en-US\",\"potentialAction\":[{\"@type\":\"ReadAction\",\"target\":[\"https:\\\/\\\/everydaychemshop.com\\\/da\\\/product\\\/kob-mephedrone-4-mmc-online\\\/\"]}]},{\"@type\":\"ImageObject\",\"inLanguage\":\"en-US\",\"@id\":\"https:\\\/\\\/everydaychemshop.com\\\/da\\\/product\\\/kob-mephedrone-4-mmc-online\\\/#primaryimage\",\"url\":\"https:\\\/\\\/everydaychemshop.com\\\/da\\\/wp-content\\\/uploads\\\/sites\\\/2\\\/2022\\\/11\\\/MEPHEDRONE-PILLS.jpg\",\"contentUrl\":\"https:\\\/\\\/everydaychemshop.com\\\/da\\\/wp-content\\\/uploads\\\/sites\\\/2\\\/2022\\\/11\\\/MEPHEDRONE-PILLS.jpg\",\"width\":1200,\"height\":1200,\"caption\":\"K\u00f8b Mephedrone (4-MMC) online\"},{\"@type\":\"BreadcrumbList\",\"@id\":\"https:\\\/\\\/everydaychemshop.com\\\/da\\\/product\\\/kob-mephedrone-4-mmc-online\\\/#breadcrumb\",\"itemListElement\":[{\"@type\":\"ListItem\",\"position\":1,\"name\":\"Home\",\"item\":\"https:\\\/\\\/everydaychemshop.com\\\/da\\\/\"},{\"@type\":\"ListItem\",\"position\":2,\"name\":\"Produkter\",\"item\":\"https:\\\/\\\/everydaychemshop.com\\\/da\\\/produkter\\\/\"},{\"@type\":\"ListItem\",\"position\":3,\"name\":\"K\u00f8b Mephedrone (4-MMC) online\"}]},{\"@type\":\"WebSite\",\"@id\":\"https:\\\/\\\/everydaychemshop.com\\\/da\\\/#website\",\"url\":\"https:\\\/\\\/everydaychemshop.com\\\/da\\\/\",\"name\":\"Everyday Chem Shop\",\"description\":\"\",\"potentialAction\":[{\"@type\":\"SearchAction\",\"target\":{\"@type\":\"EntryPoint\",\"urlTemplate\":\"https:\\\/\\\/everydaychemshop.com\\\/da\\\/?s={search_term_string}\"},\"query-input\":{\"@type\":\"PropertyValueSpecification\",\"valueRequired\":true,\"valueName\":\"search_term_string\"}}],\"inLanguage\":\"en-US\"}]}<\/script>\n<!-- \/ Yoast SEO Premium plugin. -->","yoast_head_json":{"title":"K\u00f8b Mephedrone (4-MMC) online - Everyday Chem Shop","description":"K\u00f8b Mephedrone (4-MMC) online. Hvis du leder efter, hvordan du k\u00f8ber Mephedrone (4-MMC) online, s\u00e5 er du p\u00e5 det rigtige sted at k\u00f8be Mephedrone (4-MMC) online.","robots":{"index":"index","follow":"follow","max-snippet":"max-snippet:-1","max-image-preview":"max-image-preview:large","max-video-preview":"max-video-preview:-1"},"canonical":"https:\/\/everydaychemshop.com\/da\/product\/kob-mephedrone-4-mmc-online\/","og_locale":"en_US","og_type":"article","og_title":"K\u00f8b Mephedrone (4-MMC) online","og_description":"K\u00f8b Mephedrone (4-MMC) online. Hvis du leder efter, hvordan du k\u00f8ber Mephedrone (4-MMC) online, s\u00e5 er du p\u00e5 det rigtige sted at k\u00f8be Mephedrone (4-MMC) online.","og_url":"https:\/\/everydaychemshop.com\/da\/product\/kob-mephedrone-4-mmc-online\/","og_site_name":"Everyday Chem Shop","article_modified_time":"2023-04-08T07:24:50+00:00","og_image":[{"width":1200,"height":1200,"url":"https:\/\/everydaychemshop.com\/da\/wp-content\/uploads\/sites\/2\/2022\/11\/MEPHEDRONE-PILLS.jpg","type":"image\/jpeg"}],"twitter_card":"summary_large_image","twitter_misc":{"Est. reading time":"4 minutes"},"schema":{"@context":"https:\/\/schema.org","@graph":[{"@type":"WebPage","@id":"https:\/\/everydaychemshop.com\/da\/product\/kob-mephedrone-4-mmc-online\/","url":"https:\/\/everydaychemshop.com\/da\/product\/kob-mephedrone-4-mmc-online\/","name":"K\u00f8b Mephedrone (4-MMC) online - Everyday Chem Shop","isPartOf":{"@id":"https:\/\/everydaychemshop.com\/da\/#website"},"primaryImageOfPage":{"@id":"https:\/\/everydaychemshop.com\/da\/product\/kob-mephedrone-4-mmc-online\/#primaryimage"},"image":{"@id":"https:\/\/everydaychemshop.com\/da\/product\/kob-mephedrone-4-mmc-online\/#primaryimage"},"thumbnailUrl":"https:\/\/everydaychemshop.com\/da\/wp-content\/uploads\/sites\/2\/2022\/11\/MEPHEDRONE-PILLS.jpg","datePublished":"2022-11-16T09:45:17+00:00","dateModified":"2023-04-08T07:24:50+00:00","description":"K\u00f8b Mephedrone (4-MMC) online. Hvis du leder efter, hvordan du k\u00f8ber Mephedrone (4-MMC) online, s\u00e5 er du p\u00e5 det rigtige sted at k\u00f8be Mephedrone (4-MMC) online.","breadcrumb":{"@id":"https:\/\/everydaychemshop.com\/da\/product\/kob-mephedrone-4-mmc-online\/#breadcrumb"},"inLanguage":"en-US","potentialAction":[{"@type":"ReadAction","target":["https:\/\/everydaychemshop.com\/da\/product\/kob-mephedrone-4-mmc-online\/"]}]},{"@type":"ImageObject","inLanguage":"en-US","@id":"https:\/\/everydaychemshop.com\/da\/product\/kob-mephedrone-4-mmc-online\/#primaryimage","url":"https:\/\/everydaychemshop.com\/da\/wp-content\/uploads\/sites\/2\/2022\/11\/MEPHEDRONE-PILLS.jpg","contentUrl":"https:\/\/everydaychemshop.com\/da\/wp-content\/uploads\/sites\/2\/2022\/11\/MEPHEDRONE-PILLS.jpg","width":1200,"height":1200,"caption":"K\u00f8b Mephedrone (4-MMC) online"},{"@type":"BreadcrumbList","@id":"https:\/\/everydaychemshop.com\/da\/product\/kob-mephedrone-4-mmc-online\/#breadcrumb","itemListElement":[{"@type":"ListItem","position":1,"name":"Home","item":"https:\/\/everydaychemshop.com\/da\/"},{"@type":"ListItem","position":2,"name":"Produkter","item":"https:\/\/everydaychemshop.com\/da\/produkter\/"},{"@type":"ListItem","position":3,"name":"K\u00f8b Mephedrone (4-MMC) online"}]},{"@type":"WebSite","@id":"https:\/\/everydaychemshop.com\/da\/#website","url":"https:\/\/everydaychemshop.com\/da\/","name":"Everyday Chem Shop","description":"","potentialAction":[{"@type":"SearchAction","target":{"@type":"EntryPoint","urlTemplate":"https:\/\/everydaychemshop.com\/da\/?s={search_term_string}"},"query-input":{"@type":"PropertyValueSpecification","valueRequired":true,"valueName":"search_term_string"}}],"inLanguage":"en-US"}]}},"_links":{"self":[{"href":"https:\/\/everydaychemshop.com\/da\/wp-json\/wp\/v2\/product\/7721","targetHints":{"allow":["GET"]}}],"collection":[{"href":"https:\/\/everydaychemshop.com\/da\/wp-json\/wp\/v2\/product"}],"about":[{"href":"https:\/\/everydaychemshop.com\/da\/wp-json\/wp\/v2\/types\/product"}],"replies":[{"embeddable":true,"href":"https:\/\/everydaychemshop.com\/da\/wp-json\/wp\/v2\/comments?post=7721"}],"wp:featuredmedia":[{"embeddable":true,"href":"https:\/\/everydaychemshop.com\/da\/wp-json\/wp\/v2\/media\/7740"}],"wp:attachment":[{"href":"https:\/\/everydaychemshop.com\/da\/wp-json\/wp\/v2\/media?parent=7721"}],"wp:term":[{"taxonomy":"product_brand","embeddable":true,"href":"https:\/\/everydaychemshop.com\/da\/wp-json\/wp\/v2\/product_brand?post=7721"},{"taxonomy":"product_cat","embeddable":true,"href":"https:\/\/everydaychemshop.com\/da\/wp-json\/wp\/v2\/product_cat?post=7721"},{"taxonomy":"product_tag","embeddable":true,"href":"https:\/\/everydaychemshop.com\/da\/wp-json\/wp\/v2\/product_tag?post=7721"}],"curies":[{"name":"wp","href":"https:\/\/api.w.org\/{rel}","templated":true}]}}