{"id":7728,"date":"2022-11-16T09:45:20","date_gmt":"2022-11-16T09:45:20","guid":{"rendered":"https:\/\/everydaychemshop.com\/da\/?post_type=product&#038;p=7728"},"modified":"2023-04-08T07:23:27","modified_gmt":"2023-04-08T07:23:27","slug":"kob-amfetamin-pulver-online","status":"publish","type":"product","link":"https:\/\/everydaychemshop.com\/da\/product\/kob-amfetamin-pulver-online\/","title":{"rendered":"K\u00f8b amfetaminpulver online"},"content":{"rendered":"<h1>K\u00f8b amfetaminpulver online<\/h1>\n<p><a href=\"https:\/\/everydaychemshop.com\/da\/product\/kob-amfetamin-pulver-online\/\">K\u00f8b amfetaminpulver online<\/a>. K\u00f8b amfetaminpulver online i Storbritannien, Europa, EU, postordre Amfetaminpulver, amfetamin er stimulerende stoffer, hvilket betyder, at de fremskynder de beskeder, der g\u00e5r mellem hjernen og kroppen.<\/p>\n<p><em>Amfetamin<\/em>\u00a0er stimulerende stoffer, hvilket betyder, at de fremskynder meddelelserne, der bev\u00e6ger sig mellem hjernen og kroppen.<\/p>\n<p>Du er muligvis ogs\u00e5 interesseret i information om virkningerne og sundhedsvirkningerne af\u00a0<em>amfetaminpulver<\/em> . Det kan opst\u00e5 p\u00e5 samme m\u00e5de som mange forskellige stoffer g\u00f8r<\/p>\n<p>Nogle typer amfetamin ordineres lovligt af l\u00e6ger til behandling af tilstande som ADHD og narkolepsi (hvor en person har en ukontrollerbar trang at sove). Andre typer amfetamin s\u00e5som speed produceres og s\u00e6lges ulovligt. Den mere potente form,\u00a0krystalmetamfetamin (is), er d\u00e6kket af et separat faktaark.<\/p>\n<p>Udseendet af amfetamin varierer. Disse l\u00e6gemidler kan v\u00e6re i form af et pulver, tabletter, krystaller\u00a0og kapsler. De kan v\u00e6re pakket i &#8220;folier&#8221; (aluminiumsfolie), plastikposer eller sm\u00e5 balloner, n\u00e5r de s\u00e6lges ulovligt.<\/p>\n<p>Amfetaminpulver kan variere i farve fra hvid til brun, nogle gange kan det have spor af gr\u00e5t eller pink . Den har en st\u00e6rk lugt og bitter smag. Amfetaminkapsler og -tabletter varierer betydeligt i st\u00f8rrelse og\u00a0farve.<\/p>\n<p>Amfetamin \u2013 Ulovligt producerede amfetaminer kan v\u00e6re en <a href=\"https:\/\/en.wikipedia.org\/wiki\/Amphetamine\">blanding<\/a> af l\u00e6gemidler, bindemidler, koffein og sukker. Nye psykoaktive stoffer\u00a0kan ogs\u00e5 tilf\u00f8jes.<\/p>\n<h3>Slangnavne<\/h3>\n<p>Speed, fast, up, uppers, louee, goey, whiz.<\/p>\n<h3>Hvordan bruges de?<\/h3>\n<p>Amfetamin sluges, injiceres eller ryges generelt. De prustes ogs\u00e5.<\/p>\n<h2>Effekter af amfetamin<\/h2>\n<p>Amfetamin p\u00e5virker alle forskelligt, baseret p\u00e5:<\/p>\n<ul>\n<li>St\u00f8rrelse, v\u00e6gt og helbred<\/li>\n<li>Om personen er vant til at tage det<\/li>\n<li>Om andre l\u00e6gemidler tages omkring samme tid<\/li>\n<li>M\u00e6ngden, der tages<\/li>\n<li>L\u00e6gemidlets styrke (varierer) fra batch til batch med ulovligt producerede stoffer)<\/li>\n<\/ul>\n<p>Effekten af \u200b\u200bamfetamin kan m\u00e6rkes med det samme (hvis den injiceres eller ryges) eller inden for 30 minutter (hvis den prustes eller sluges).<\/p>\n<p>F\u00f8lgende virkninger kan opleves:<\/p>\n<ul>\n<li style=\"list-style-type: none\">\n<ul>\n<li>Gl\u00e6de og selvtillid<\/li>\n<li>Snakke mere og f\u00f8le sig energisk<\/li>\n<li>Gentagelse af simple ting som kl\u00f8e og kl\u00f8e<\/li>\n<\/ul>\n<\/li>\n<\/ul>\n<p>li&gt;<\/p>\n<ul>\n<li>Store pupiller og t\u00f8r mund<\/li>\n<li>Hurtig hjerterytme og vejrtr\u00e6kning<\/li>\n<li>Tandsk\u00e6ren<\/li>\n<li>Reduceret appetit<\/li>\n<li>Overdreven svedtendens<\/li>\n<li>\u00d8get sexlyst<\/li>\n<\/ul>\n<h3>Overdosis<\/h3>\n<p>Hvis der tages en stor m\u00e6ngde eller en st\u00e6rk batch, kan det ogs\u00e5 for\u00e5rsage en overdosis e. Hvis nogen af \u200b\u200bf\u00f8lgende virkninger opleves, skal en ambulance tilkaldes med det samme ved at taste tredobbelt nul (000). Ambulancebetjente beh\u00f8ver ikke at involvere politiet.<\/p>\n<ul>\n<li>Racely heartbeat<\/li>\n<li>Passer<\/li>\n<li>Besvimer<\/li>\n<li>Slagtilf\u00e6lde, hjerte angreb og d\u00f8d<\/li>\n<\/ul>\n<p>Snorten af \u200b\u200bamfetamin kan beskadige n\u00e6sepassagen og for\u00e5rsage n\u00e6seblod.<\/p>\n<p>Injektion af amfetamin og deling af n\u00e5le kan \u00f8ge risikoen for:<\/p>\n<ul>\n<li>Hepatitis B<\/li>\n<li>Hepatitis C<\/li>\n<li>HIV\/AIDS<\/li>\n<li>Stivkrampe<\/li>\n<\/ul>\n<h3>Kommer ned<\/h3>\n<p>I l\u00f8bet af 2 til 4 dage efter\u00a0amfetaminbrug\u00a0kan f\u00f8lgende virkninger opleves:<\/p>\n<ul>\n<li>Rastl\u00f8s s\u00f8vn og udmattelse<\/li>\n<li>Hovedpine<\/li>\n<li>Svimmelhed og sl\u00f8ret syn<\/li>\n<li>Paranoia, hallucinationer og forvirring<\/li>\n<li>Irritabilitet, hum\u00f8rsvingninger og depression<\/li>\n<\/ul>\n<p>Brug af et depressivt stof s\u00e5som alkohol, benzodiazepiner eller cannabis for at hj\u00e6lpe med &#8220;come down&#8221;-effekterne kan det resultere i en cyklus af afh\u00e6ngighed af begge typer stoffer.<\/p>\n<h3>Langtidsvirkninger<\/h3>\n<p>Regelm\u00e6ssig brug af amfetamin kan i sidste ende for\u00e5rsage:<\/p>\n<ul>\n<li>R\u00f8d stor appetit og ekstremt v\u00e6gttab<\/li>\n<li>Rastl\u00f8s s\u00f8vn<\/li>\n<li>Mundt\u00f8rhed og tandproblemer<\/li>\n<li>Almindelig fork\u00f8lelse og influenza<\/li>\n<li>Koncentrationsbesv\u00e6r<\/li>\n<li>\u00c5ndedr\u00e6tsbesv\u00e6r<\/li>\n<li>Muskel stivhed<\/li>\n<li>Angst og paranoia<\/li>\n<li>Depression<\/li>\n<li>Hjerte- og nyreproblemer<\/li>\n<li>\u00d8get risiko for slagtilf\u00e6lde<\/li>\n<li>Behov for at bruge mere for at f\u00e5 samme effekt<\/li>\n<li>Afh\u00e6ngighed af amfetamin<\/li>\n<li>\u00d8konomiske, arbejdsm\u00e6ssige og sociale problemer<\/li>\n<\/ul>\n<h3>Amfetaminpsykose<\/h3>\n<p>H\u00f8je doser og hyppigt tungt brug kan ogs\u00e5 skabe en &#8216;amfetaminpsykose&#8217;, karakteriseret ved paranoide vrangforestillinger, hallucinationer og ude af karakter aggressiv eller voldelig adf\u00e6rd. Disse symptomer forsvinder normalt et par dage efter, at personen holder op med at bruge amfetamin.<\/p>\n<h3>Blanding af amfetamin med andre stoffer<\/h3>\n<p>Effekten af \u200b\u200bat tage amfetamin sammen med andre stoffer \u2212 inklusive h\u00e5ndk\u00f8b eller ordineret medicin medicin \u2212 kan v\u00e6re uforudsigelige og farlige og kan for\u00e5rsage:<\/p>\n<p><strong>Amfetamin + nogle antidepressiva:<\/strong>\u00a0forh\u00f8jet blodtryk, som kan f\u00f8re til uregelm\u00e6ssig hjerterytme, hjertesvigt og slagtilf\u00e6lde.<a href=\"http:\/\/www.druginfo.adf.org.au\/drug-facts\/amphetamines#references\"><sup>4<\/sup><\/a><\/p>\n<p><strong>Amfetamin + alkohol , cannabis eller benzodiazepiner:<\/strong>\u00a0Kroppen er udsat for en h\u00f8j grad af stress, da den fors\u00f8ger at h\u00e5ndtere de modstridende virkninger af begge typer stoffer, hvilket kan f\u00f8re til en overdosis.<\/p>\n<h2>Tilbagetr\u00e6kning<\/h2>\n<p>At opgive amfetamin efter at have brugt dem i lang tid er udfordrende, fordi kroppen skal v\u00e6nne sig til at fungere uden dem. Abstinenssymptomer b\u00f8r aftage efter en uge og vil for det meste forsvinde efter en m\u00e5ned. Symptomerne omfatter:<\/p>\n<ul>\n<li>Trang til amfetamin<\/li>\n<li>\u00d8get appetit<\/li>\n<li>Forvirring og irritabilitet<\/li>\n<li>Smerter og smerter<\/li>\n<li>Udmattelse<\/li>\n<li>Rastl\u00f8s s\u00f8vn og mareridt<\/li>\n<li>Angst, depression og paranoia<\/li>\n<li><strong>Ved du, hvor man kan k\u00f8be amfetaminpulver?<\/strong>amfetamin pulver til salg, amfetaminpulver street value, amfetamin pulver dosering, hvordan man laver amfetamin pulver , hvor kan jeg amfetamin pulver online, hvor kan man f\u00e5 amfetamin pulver, hvad er amfetamin pulver, Premium kvalitet amfetamin pulver til salg. Alle disse ubesvarede sp\u00f8rgsm\u00e5l kan f\u00e5 deres svar gennem os. Du skal blot gennem vores hjemmeside, og du vil f\u00e5 svar p\u00e5, hvordan og hvor du kan k\u00f8be amfetaminpulver online. Hvad med amfetaminpulver? Ved du ogs\u00e5 hvor man kan f\u00e5 amfetaminpulver til salg online? k\u00f8be amfetaminpulver til salg, hvordan laver man amfetaminpulver, hvordan ser amfetaminpulver ud, amfetaminpulver gadepris, amfetaminpulverpris, hvor kan man k\u00f8be amfetaminpulver, ren crystal meth, hvor kan jeg k\u00f8be campfetaminpulver online, k\u00f8be rent amfetaminpulver online .God kvalitet amfetaminpulver online: Det er fuldst\u00e6ndigt forst\u00e5et, at folk ikke hurtigt stoler p\u00e5 kvaliteten af \u200b\u200bamfetaminpulver, der s\u00e6lges online, fordi de ikke kan unders\u00f8ge det fysisk. Men det er ikke det samme med online-leverand\u00f8rer af amfetaminpulver. Produkterne her er tro mod deres beskrivelse med vedligeholdelse af h\u00f8j kvalitet udf\u00f8rt under opsyn af eksperter.\n<p>Hurtigt &amp; Diskret forsendelse: Leveringen af \u200b\u200bamfetaminpulveret online efter modtagelse af ordren sker inden for den lovede tidsramme. Fragtteamet s\u00e6tter alle deres kr\u00e6fter i at g\u00f8re forsendelses- og leveringsproceduren glat og hurtig. Du kan ogs\u00e5 forvente fremragende tjenester, n\u00e5r du k\u00f8ber amfetaminpulver online fra en professionel p\u00e5 onlineplatformen.<\/li>\n<\/ul>\n","protected":false},"excerpt":{"rendered":"<p>Amfetaminpulver\u00a0er en potent stimulator af centralnervesystemet (hjerne og nerver i rygmarven) og har en medicinsk rolle i en r\u00e6kke sygdomme. Det er ogs\u00e5 st\u00e6rkt vanedannende og har en historie med misbrug.<\/p>\n<p>Amfetaminpulver bruges medicinsk til behandling af opm\u00e6rksomhedsunderskudshyperaktivitetsforstyrrelser<\/p>\n","protected":false},"featured_media":7757,"comment_status":"open","ping_status":"closed","template":"","meta":{"inline_featured_image":false},"product_brand":[],"product_cat":[264],"product_tag":[310,311,313,312,315,316,314],"class_list":{"0":"post-7728","1":"product","2":"type-product","3":"status-publish","4":"has-post-thumbnail","6":"product_cat-forskningskemisk","7":"product_tag-amfetamin-pulver","8":"product_tag-amfetamin-pulver-til-salg","9":"product_tag-bestille-amfetamin-pulver-online","10":"product_tag-buy-amphetamine-powder-online","11":"product_tag-det-bedste-sted-at-kbe-amfetamin-pulver-online","12":"product_tag-hvor-kan-kbes-amfetamin-pulver-online","13":"product_tag-kb-amfetamin-pulver-online","15":"first","16":"instock","17":"shipping-taxable","18":"purchasable","19":"product-type-variable","20":"has-default-attributes"},"yoast_head":"<!-- This site is optimized with the Yoast SEO Premium plugin v19.2 (Yoast SEO v27.3) - https:\/\/yoast.com\/product\/yoast-seo-premium-wordpress\/ -->\n<title>K\u00f8b amfetaminpulver online - Everyday Chem Shop<\/title>\n<meta name=\"description\" content=\"K\u00f8b amfetaminpulver online. Hvis du leder efter, hvordan du k\u00f8ber amfetaminpulver online, s\u00e5 er du p\u00e5 det rigtige sted at k\u00f8be amfetaminpulver online.\" \/>\n<meta name=\"robots\" content=\"index, follow, max-snippet:-1, max-image-preview:large, max-video-preview:-1\" \/>\n<link rel=\"canonical\" href=\"https:\/\/everydaychemshop.com\/da\/product\/kob-amfetamin-pulver-online\/\" \/>\n<meta property=\"og:locale\" content=\"en_US\" \/>\n<meta property=\"og:type\" content=\"article\" \/>\n<meta property=\"og:title\" content=\"K\u00f8b amfetaminpulver online\" \/>\n<meta property=\"og:description\" content=\"K\u00f8b amfetaminpulver online. Hvis du leder efter, hvordan du k\u00f8ber amfetaminpulver online, s\u00e5 er du p\u00e5 det rigtige sted at k\u00f8be amfetaminpulver online.\" \/>\n<meta property=\"og:url\" content=\"https:\/\/everydaychemshop.com\/da\/product\/kob-amfetamin-pulver-online\/\" \/>\n<meta property=\"og:site_name\" content=\"Everyday Chem Shop\" \/>\n<meta property=\"article:modified_time\" content=\"2023-04-08T07:23:27+00:00\" \/>\n<meta property=\"og:image\" content=\"https:\/\/everydaychemshop.com\/da\/wp-content\/uploads\/sites\/2\/2022\/11\/Buy-Amphetamine-Powder.jpg\" \/>\n\t<meta property=\"og:image:width\" content=\"1200\" \/>\n\t<meta property=\"og:image:height\" content=\"1200\" \/>\n\t<meta property=\"og:image:type\" content=\"image\/jpeg\" \/>\n<meta name=\"twitter:card\" content=\"summary_large_image\" \/>\n<meta name=\"twitter:label1\" content=\"Est. reading time\" \/>\n\t<meta name=\"twitter:data1\" content=\"5 minutes\" \/>\n<script type=\"application\/ld+json\" class=\"yoast-schema-graph\">{\"@context\":\"https:\\\/\\\/schema.org\",\"@graph\":[{\"@type\":\"WebPage\",\"@id\":\"https:\\\/\\\/everydaychemshop.com\\\/da\\\/product\\\/kob-amfetamin-pulver-online\\\/\",\"url\":\"https:\\\/\\\/everydaychemshop.com\\\/da\\\/product\\\/kob-amfetamin-pulver-online\\\/\",\"name\":\"K\u00f8b amfetaminpulver online - Everyday Chem Shop\",\"isPartOf\":{\"@id\":\"https:\\\/\\\/everydaychemshop.com\\\/da\\\/#website\"},\"primaryImageOfPage\":{\"@id\":\"https:\\\/\\\/everydaychemshop.com\\\/da\\\/product\\\/kob-amfetamin-pulver-online\\\/#primaryimage\"},\"image\":{\"@id\":\"https:\\\/\\\/everydaychemshop.com\\\/da\\\/product\\\/kob-amfetamin-pulver-online\\\/#primaryimage\"},\"thumbnailUrl\":\"https:\\\/\\\/everydaychemshop.com\\\/da\\\/wp-content\\\/uploads\\\/sites\\\/2\\\/2022\\\/11\\\/Buy-Amphetamine-Powder.jpg\",\"datePublished\":\"2022-11-16T09:45:20+00:00\",\"dateModified\":\"2023-04-08T07:23:27+00:00\",\"description\":\"K\u00f8b amfetaminpulver online. Hvis du leder efter, hvordan du k\u00f8ber amfetaminpulver online, s\u00e5 er du p\u00e5 det rigtige sted at k\u00f8be amfetaminpulver online.\",\"breadcrumb\":{\"@id\":\"https:\\\/\\\/everydaychemshop.com\\\/da\\\/product\\\/kob-amfetamin-pulver-online\\\/#breadcrumb\"},\"inLanguage\":\"en-US\",\"potentialAction\":[{\"@type\":\"ReadAction\",\"target\":[\"https:\\\/\\\/everydaychemshop.com\\\/da\\\/product\\\/kob-amfetamin-pulver-online\\\/\"]}]},{\"@type\":\"ImageObject\",\"inLanguage\":\"en-US\",\"@id\":\"https:\\\/\\\/everydaychemshop.com\\\/da\\\/product\\\/kob-amfetamin-pulver-online\\\/#primaryimage\",\"url\":\"https:\\\/\\\/everydaychemshop.com\\\/da\\\/wp-content\\\/uploads\\\/sites\\\/2\\\/2022\\\/11\\\/Buy-Amphetamine-Powder.jpg\",\"contentUrl\":\"https:\\\/\\\/everydaychemshop.com\\\/da\\\/wp-content\\\/uploads\\\/sites\\\/2\\\/2022\\\/11\\\/Buy-Amphetamine-Powder.jpg\",\"width\":1200,\"height\":1200,\"caption\":\"K\u00f8b amfetaminpulver online\"},{\"@type\":\"BreadcrumbList\",\"@id\":\"https:\\\/\\\/everydaychemshop.com\\\/da\\\/product\\\/kob-amfetamin-pulver-online\\\/#breadcrumb\",\"itemListElement\":[{\"@type\":\"ListItem\",\"position\":1,\"name\":\"Home\",\"item\":\"https:\\\/\\\/everydaychemshop.com\\\/da\\\/\"},{\"@type\":\"ListItem\",\"position\":2,\"name\":\"Produkter\",\"item\":\"https:\\\/\\\/everydaychemshop.com\\\/da\\\/produkter\\\/\"},{\"@type\":\"ListItem\",\"position\":3,\"name\":\"K\u00f8b amfetaminpulver online\"}]},{\"@type\":\"WebSite\",\"@id\":\"https:\\\/\\\/everydaychemshop.com\\\/da\\\/#website\",\"url\":\"https:\\\/\\\/everydaychemshop.com\\\/da\\\/\",\"name\":\"Everyday Chem Shop\",\"description\":\"\",\"potentialAction\":[{\"@type\":\"SearchAction\",\"target\":{\"@type\":\"EntryPoint\",\"urlTemplate\":\"https:\\\/\\\/everydaychemshop.com\\\/da\\\/?s={search_term_string}\"},\"query-input\":{\"@type\":\"PropertyValueSpecification\",\"valueRequired\":true,\"valueName\":\"search_term_string\"}}],\"inLanguage\":\"en-US\"}]}<\/script>\n<!-- \/ Yoast SEO Premium plugin. -->","yoast_head_json":{"title":"K\u00f8b amfetaminpulver online - Everyday Chem Shop","description":"K\u00f8b amfetaminpulver online. Hvis du leder efter, hvordan du k\u00f8ber amfetaminpulver online, s\u00e5 er du p\u00e5 det rigtige sted at k\u00f8be amfetaminpulver online.","robots":{"index":"index","follow":"follow","max-snippet":"max-snippet:-1","max-image-preview":"max-image-preview:large","max-video-preview":"max-video-preview:-1"},"canonical":"https:\/\/everydaychemshop.com\/da\/product\/kob-amfetamin-pulver-online\/","og_locale":"en_US","og_type":"article","og_title":"K\u00f8b amfetaminpulver online","og_description":"K\u00f8b amfetaminpulver online. Hvis du leder efter, hvordan du k\u00f8ber amfetaminpulver online, s\u00e5 er du p\u00e5 det rigtige sted at k\u00f8be amfetaminpulver online.","og_url":"https:\/\/everydaychemshop.com\/da\/product\/kob-amfetamin-pulver-online\/","og_site_name":"Everyday Chem Shop","article_modified_time":"2023-04-08T07:23:27+00:00","og_image":[{"width":1200,"height":1200,"url":"https:\/\/everydaychemshop.com\/da\/wp-content\/uploads\/sites\/2\/2022\/11\/Buy-Amphetamine-Powder.jpg","type":"image\/jpeg"}],"twitter_card":"summary_large_image","twitter_misc":{"Est. reading time":"5 minutes"},"schema":{"@context":"https:\/\/schema.org","@graph":[{"@type":"WebPage","@id":"https:\/\/everydaychemshop.com\/da\/product\/kob-amfetamin-pulver-online\/","url":"https:\/\/everydaychemshop.com\/da\/product\/kob-amfetamin-pulver-online\/","name":"K\u00f8b amfetaminpulver online - Everyday Chem Shop","isPartOf":{"@id":"https:\/\/everydaychemshop.com\/da\/#website"},"primaryImageOfPage":{"@id":"https:\/\/everydaychemshop.com\/da\/product\/kob-amfetamin-pulver-online\/#primaryimage"},"image":{"@id":"https:\/\/everydaychemshop.com\/da\/product\/kob-amfetamin-pulver-online\/#primaryimage"},"thumbnailUrl":"https:\/\/everydaychemshop.com\/da\/wp-content\/uploads\/sites\/2\/2022\/11\/Buy-Amphetamine-Powder.jpg","datePublished":"2022-11-16T09:45:20+00:00","dateModified":"2023-04-08T07:23:27+00:00","description":"K\u00f8b amfetaminpulver online. Hvis du leder efter, hvordan du k\u00f8ber amfetaminpulver online, s\u00e5 er du p\u00e5 det rigtige sted at k\u00f8be amfetaminpulver online.","breadcrumb":{"@id":"https:\/\/everydaychemshop.com\/da\/product\/kob-amfetamin-pulver-online\/#breadcrumb"},"inLanguage":"en-US","potentialAction":[{"@type":"ReadAction","target":["https:\/\/everydaychemshop.com\/da\/product\/kob-amfetamin-pulver-online\/"]}]},{"@type":"ImageObject","inLanguage":"en-US","@id":"https:\/\/everydaychemshop.com\/da\/product\/kob-amfetamin-pulver-online\/#primaryimage","url":"https:\/\/everydaychemshop.com\/da\/wp-content\/uploads\/sites\/2\/2022\/11\/Buy-Amphetamine-Powder.jpg","contentUrl":"https:\/\/everydaychemshop.com\/da\/wp-content\/uploads\/sites\/2\/2022\/11\/Buy-Amphetamine-Powder.jpg","width":1200,"height":1200,"caption":"K\u00f8b amfetaminpulver online"},{"@type":"BreadcrumbList","@id":"https:\/\/everydaychemshop.com\/da\/product\/kob-amfetamin-pulver-online\/#breadcrumb","itemListElement":[{"@type":"ListItem","position":1,"name":"Home","item":"https:\/\/everydaychemshop.com\/da\/"},{"@type":"ListItem","position":2,"name":"Produkter","item":"https:\/\/everydaychemshop.com\/da\/produkter\/"},{"@type":"ListItem","position":3,"name":"K\u00f8b amfetaminpulver online"}]},{"@type":"WebSite","@id":"https:\/\/everydaychemshop.com\/da\/#website","url":"https:\/\/everydaychemshop.com\/da\/","name":"Everyday Chem Shop","description":"","potentialAction":[{"@type":"SearchAction","target":{"@type":"EntryPoint","urlTemplate":"https:\/\/everydaychemshop.com\/da\/?s={search_term_string}"},"query-input":{"@type":"PropertyValueSpecification","valueRequired":true,"valueName":"search_term_string"}}],"inLanguage":"en-US"}]}},"_links":{"self":[{"href":"https:\/\/everydaychemshop.com\/da\/wp-json\/wp\/v2\/product\/7728","targetHints":{"allow":["GET"]}}],"collection":[{"href":"https:\/\/everydaychemshop.com\/da\/wp-json\/wp\/v2\/product"}],"about":[{"href":"https:\/\/everydaychemshop.com\/da\/wp-json\/wp\/v2\/types\/product"}],"replies":[{"embeddable":true,"href":"https:\/\/everydaychemshop.com\/da\/wp-json\/wp\/v2\/comments?post=7728"}],"wp:featuredmedia":[{"embeddable":true,"href":"https:\/\/everydaychemshop.com\/da\/wp-json\/wp\/v2\/media\/7757"}],"wp:attachment":[{"href":"https:\/\/everydaychemshop.com\/da\/wp-json\/wp\/v2\/media?parent=7728"}],"wp:term":[{"taxonomy":"product_brand","embeddable":true,"href":"https:\/\/everydaychemshop.com\/da\/wp-json\/wp\/v2\/product_brand?post=7728"},{"taxonomy":"product_cat","embeddable":true,"href":"https:\/\/everydaychemshop.com\/da\/wp-json\/wp\/v2\/product_cat?post=7728"},{"taxonomy":"product_tag","embeddable":true,"href":"https:\/\/everydaychemshop.com\/da\/wp-json\/wp\/v2\/product_tag?post=7728"}],"curies":[{"name":"wp","href":"https:\/\/api.w.org\/{rel}","templated":true}]}}