{"id":7733,"date":"2022-11-16T09:45:22","date_gmt":"2022-11-16T09:45:22","guid":{"rendered":"https:\/\/everydaychemshop.com\/da\/?post_type=product&#038;p=7733"},"modified":"2023-04-08T07:20:47","modified_gmt":"2023-04-08T07:20:47","slug":"kob-krystal-meth-online","status":"publish","type":"product","link":"https:\/\/everydaychemshop.com\/da\/product\/kob-krystal-meth-online\/","title":{"rendered":"Crystal Meth"},"content":{"rendered":"<h1>K\u00f8b Crystal Meth online<\/h1>\n<p><a href=\"https:\/\/everydaychemshop.com\/da\/product\/kob-krystal-meth-online\/\">K\u00f8b Crystal Meth online<\/a>. Crystal Meth er et kraftfuldt, st\u00e6rkt vanedannende stimulans, der p\u00e5virker centralnervesystemet. Ogs\u00e5 kendt som meth, kridt, is og krystal, blandt mange andre udtryk, har det form af et hvidt, lugtfrit, bittert smagende krystallinsk pulver, der let opl\u00f8ses i vand eller alkohol. blev udviklet tidligt i det 20. \u00e5rhundrede fra dets modermiddel, amfetamin, og blev oprindeligt brugt i nasale dekongestanter og bronkial inhalatorer. Ligesom amfetamin for\u00e5rsager metamfetamin \u00f8get aktivitet og snakkesalighed, nedsat appetit og en behagelig f\u00f8lelse af velv\u00e6re eller eufori. Metamfetamin adskiller sig dog fra amfetamin ved, at der ved sammenlignelige doser kommer meget st\u00f8rre m\u00e6ngder af stoffet ind i hjernen, hvilket g\u00f8r det til et mere potent stimulerende middel. Det har ogs\u00e5 l\u00e6ngerevarende <a href=\"https:\/\/everydaychemshop.com\/da\/product\/kob-krystal-meth-online\/\">og<\/a> mere skadelige virkninger p\u00e5 centralnervesystemet. Disse egenskaber g\u00f8r det til et l\u00e6gemiddel med stort potentiale for udbredt misbrug.<\/p>\n<p>Crystal Meth 97% Pure er meget kraftfuldt og st\u00e6rkt vanedannende, som p\u00e5virker c.nervesystemet. Crystal meth er et stof med et glasfragmenteret udseende. Som du ved, er Pure Chem her for at give dig den fineste og reneste i sin bedste form,<\/p>\n<p><strong>Ved du, hvor man kan k\u00f8be Crystal Meth?<\/strong><\/p>\n<p>Crystal Meth til salg, Crystal Meth gadev\u00e6rdi, Crystal Meth dosering, hvordan laver man Crystal Meth, hvor kan jeg Crystal Meth online, hvor kan man f\u00e5 Crystal Meth, hvad er Crystal Meth, Premium kvalitet Crystal Meth til salg. Alle disse ubesvarede sp\u00f8rgsm\u00e5l kan f\u00e5 deres svar gennem os. Du skal bare gennem vores hjemmeside, og du vil f\u00e5 svar p\u00e5, hvordan og hvor du kan k\u00f8be Crystal Meth online.<\/p>\n<p>Hvad med Crystal Meth? Ved du ogs\u00e5, hvor man kan f\u00e5 Crystal Meth til salg online? k\u00f8b Crystal Meth til salg, hvordan laver man Crystal Meth, hvordan ser Crystal Meth ud, Crystal Meth gadepris, Crystal Meth pris, hvor kan man k\u00f8be Crystal Meth, ren Crystal Meth, hvor kan jeg k\u00f8be Crystal Meth online, k\u00f8b ren Crystal Meth online.<\/p>\n<p>God kvalitet Crystal Meth online: Det er fuldst\u00e6ndig forst\u00e5et, at <a href=\"https:\/\/en.wikipedia.org\/wiki\/Methamphetamine\">folk<\/a> ikke hurtigt stoler p\u00e5 kvaliteten af \u200b\u200bCrystal Meth online, der s\u00e6lges online, fordi de ikke kan unders\u00f8ge det fysisk. Men det er ikke det samme med Online Crystal Meth online leverand\u00f8rer. Produkterne her er tro mod deres beskrivelse med vedligeholdelse af h\u00f8j kvalitet udf\u00f8rt under opsyn af eksperter.<\/p>\n<p>Hurtigt &amp; Diskret forsendelse: Leveringen af \u200b\u200bCrystal Meth online efter modtagelse af ordren sker inden for den lovede tidsramme. Fragtteamet s\u00e6tter alle deres kr\u00e6fter i at g\u00f8re forsendelses- og leveringsproceduren glat og hurtig. Du kan ogs\u00e5 forvente fremragende tjenester, n\u00e5r du k\u00f8ber Crystal Meth online fra en professionel p\u00e5 onlineplatformen.<\/p>\n","protected":false},"excerpt":{"rendered":"<p>Blue crystal meths 98 % renhed\u00a0 for 1 kg eller mere kontakt os venligst indbakke<br \/>\ncrystal meths 97 % renhed\u00a0 for 1 kg eller mere kontakt os venligst indbakke<\/p>\n","protected":false},"featured_media":7758,"comment_status":"open","ping_status":"closed","template":"","meta":{"inline_featured_image":false},"product_brand":[],"product_cat":[264],"product_tag":[],"class_list":{"0":"post-7733","1":"product","2":"type-product","3":"status-publish","4":"has-post-thumbnail","6":"product_cat-forskningskemisk","8":"first","9":"instock","10":"featured","11":"shipping-taxable","12":"purchasable","13":"product-type-variable","14":"has-default-attributes"},"yoast_head":"<!-- This site is optimized with the Yoast SEO Premium plugin v19.2 (Yoast SEO v27.3) - https:\/\/yoast.com\/product\/yoast-seo-premium-wordpress\/ -->\n<title>K\u00f8b Crystal Meth online - Everyday Chem Shop<\/title>\n<meta name=\"description\" content=\"K\u00f8b Crystal Meth online. Hvis du leder efter, hvordan du k\u00f8ber Crystal Meth online, s\u00e5 er du det rigtige sted at k\u00f8be Crystal Meth online.\" \/>\n<meta name=\"robots\" content=\"index, follow, max-snippet:-1, max-image-preview:large, max-video-preview:-1\" \/>\n<link rel=\"canonical\" href=\"https:\/\/everydaychemshop.com\/da\/product\/kob-krystal-meth-online\/\" \/>\n<meta property=\"og:locale\" content=\"en_US\" \/>\n<meta property=\"og:type\" content=\"article\" \/>\n<meta property=\"og:title\" content=\"Crystal Meth\" \/>\n<meta property=\"og:description\" content=\"K\u00f8b Crystal Meth online. Hvis du leder efter, hvordan du k\u00f8ber Crystal Meth online, s\u00e5 er du det rigtige sted at k\u00f8be Crystal Meth online.\" \/>\n<meta property=\"og:url\" content=\"https:\/\/everydaychemshop.com\/da\/product\/kob-krystal-meth-online\/\" \/>\n<meta property=\"og:site_name\" content=\"Everyday Chem Shop\" \/>\n<meta property=\"article:modified_time\" content=\"2023-04-08T07:20:47+00:00\" \/>\n<meta property=\"og:image\" content=\"https:\/\/everydaychemshop.com\/da\/wp-content\/uploads\/sites\/2\/2022\/11\/Blue-crystal-meths.jpg\" \/>\n\t<meta property=\"og:image:width\" content=\"1200\" \/>\n\t<meta property=\"og:image:height\" content=\"1200\" \/>\n\t<meta property=\"og:image:type\" content=\"image\/jpeg\" \/>\n<meta name=\"twitter:card\" content=\"summary_large_image\" \/>\n<meta name=\"twitter:label1\" content=\"Est. reading time\" \/>\n\t<meta name=\"twitter:data1\" content=\"2 minutes\" \/>\n<script type=\"application\/ld+json\" class=\"yoast-schema-graph\">{\"@context\":\"https:\\\/\\\/schema.org\",\"@graph\":[{\"@type\":\"WebPage\",\"@id\":\"https:\\\/\\\/everydaychemshop.com\\\/da\\\/product\\\/kob-krystal-meth-online\\\/\",\"url\":\"https:\\\/\\\/everydaychemshop.com\\\/da\\\/product\\\/kob-krystal-meth-online\\\/\",\"name\":\"K\u00f8b Crystal Meth online - Everyday Chem Shop\",\"isPartOf\":{\"@id\":\"https:\\\/\\\/everydaychemshop.com\\\/da\\\/#website\"},\"primaryImageOfPage\":{\"@id\":\"https:\\\/\\\/everydaychemshop.com\\\/da\\\/product\\\/kob-krystal-meth-online\\\/#primaryimage\"},\"image\":{\"@id\":\"https:\\\/\\\/everydaychemshop.com\\\/da\\\/product\\\/kob-krystal-meth-online\\\/#primaryimage\"},\"thumbnailUrl\":\"https:\\\/\\\/everydaychemshop.com\\\/da\\\/wp-content\\\/uploads\\\/sites\\\/2\\\/2022\\\/11\\\/Blue-crystal-meths.jpg\",\"datePublished\":\"2022-11-16T09:45:22+00:00\",\"dateModified\":\"2023-04-08T07:20:47+00:00\",\"description\":\"K\u00f8b Crystal Meth online. Hvis du leder efter, hvordan du k\u00f8ber Crystal Meth online, s\u00e5 er du det rigtige sted at k\u00f8be Crystal Meth online.\",\"breadcrumb\":{\"@id\":\"https:\\\/\\\/everydaychemshop.com\\\/da\\\/product\\\/kob-krystal-meth-online\\\/#breadcrumb\"},\"inLanguage\":\"en-US\",\"potentialAction\":[{\"@type\":\"ReadAction\",\"target\":[\"https:\\\/\\\/everydaychemshop.com\\\/da\\\/product\\\/kob-krystal-meth-online\\\/\"]}]},{\"@type\":\"ImageObject\",\"inLanguage\":\"en-US\",\"@id\":\"https:\\\/\\\/everydaychemshop.com\\\/da\\\/product\\\/kob-krystal-meth-online\\\/#primaryimage\",\"url\":\"https:\\\/\\\/everydaychemshop.com\\\/da\\\/wp-content\\\/uploads\\\/sites\\\/2\\\/2022\\\/11\\\/Blue-crystal-meths.jpg\",\"contentUrl\":\"https:\\\/\\\/everydaychemshop.com\\\/da\\\/wp-content\\\/uploads\\\/sites\\\/2\\\/2022\\\/11\\\/Blue-crystal-meths.jpg\",\"width\":1200,\"height\":1200,\"caption\":\"K\u00f8b Crystal Meth online\"},{\"@type\":\"BreadcrumbList\",\"@id\":\"https:\\\/\\\/everydaychemshop.com\\\/da\\\/product\\\/kob-krystal-meth-online\\\/#breadcrumb\",\"itemListElement\":[{\"@type\":\"ListItem\",\"position\":1,\"name\":\"Home\",\"item\":\"https:\\\/\\\/everydaychemshop.com\\\/da\\\/\"},{\"@type\":\"ListItem\",\"position\":2,\"name\":\"Produkter\",\"item\":\"https:\\\/\\\/everydaychemshop.com\\\/da\\\/produkter\\\/\"},{\"@type\":\"ListItem\",\"position\":3,\"name\":\"Crystal Meth\"}]},{\"@type\":\"WebSite\",\"@id\":\"https:\\\/\\\/everydaychemshop.com\\\/da\\\/#website\",\"url\":\"https:\\\/\\\/everydaychemshop.com\\\/da\\\/\",\"name\":\"Everyday Chem Shop\",\"description\":\"\",\"potentialAction\":[{\"@type\":\"SearchAction\",\"target\":{\"@type\":\"EntryPoint\",\"urlTemplate\":\"https:\\\/\\\/everydaychemshop.com\\\/da\\\/?s={search_term_string}\"},\"query-input\":{\"@type\":\"PropertyValueSpecification\",\"valueRequired\":true,\"valueName\":\"search_term_string\"}}],\"inLanguage\":\"en-US\"}]}<\/script>\n<!-- \/ Yoast SEO Premium plugin. -->","yoast_head_json":{"title":"K\u00f8b Crystal Meth online - Everyday Chem Shop","description":"K\u00f8b Crystal Meth online. Hvis du leder efter, hvordan du k\u00f8ber Crystal Meth online, s\u00e5 er du det rigtige sted at k\u00f8be Crystal Meth online.","robots":{"index":"index","follow":"follow","max-snippet":"max-snippet:-1","max-image-preview":"max-image-preview:large","max-video-preview":"max-video-preview:-1"},"canonical":"https:\/\/everydaychemshop.com\/da\/product\/kob-krystal-meth-online\/","og_locale":"en_US","og_type":"article","og_title":"Crystal Meth","og_description":"K\u00f8b Crystal Meth online. Hvis du leder efter, hvordan du k\u00f8ber Crystal Meth online, s\u00e5 er du det rigtige sted at k\u00f8be Crystal Meth online.","og_url":"https:\/\/everydaychemshop.com\/da\/product\/kob-krystal-meth-online\/","og_site_name":"Everyday Chem Shop","article_modified_time":"2023-04-08T07:20:47+00:00","og_image":[{"width":1200,"height":1200,"url":"https:\/\/everydaychemshop.com\/da\/wp-content\/uploads\/sites\/2\/2022\/11\/Blue-crystal-meths.jpg","type":"image\/jpeg"}],"twitter_card":"summary_large_image","twitter_misc":{"Est. reading time":"2 minutes"},"schema":{"@context":"https:\/\/schema.org","@graph":[{"@type":"WebPage","@id":"https:\/\/everydaychemshop.com\/da\/product\/kob-krystal-meth-online\/","url":"https:\/\/everydaychemshop.com\/da\/product\/kob-krystal-meth-online\/","name":"K\u00f8b Crystal Meth online - Everyday Chem Shop","isPartOf":{"@id":"https:\/\/everydaychemshop.com\/da\/#website"},"primaryImageOfPage":{"@id":"https:\/\/everydaychemshop.com\/da\/product\/kob-krystal-meth-online\/#primaryimage"},"image":{"@id":"https:\/\/everydaychemshop.com\/da\/product\/kob-krystal-meth-online\/#primaryimage"},"thumbnailUrl":"https:\/\/everydaychemshop.com\/da\/wp-content\/uploads\/sites\/2\/2022\/11\/Blue-crystal-meths.jpg","datePublished":"2022-11-16T09:45:22+00:00","dateModified":"2023-04-08T07:20:47+00:00","description":"K\u00f8b Crystal Meth online. Hvis du leder efter, hvordan du k\u00f8ber Crystal Meth online, s\u00e5 er du det rigtige sted at k\u00f8be Crystal Meth online.","breadcrumb":{"@id":"https:\/\/everydaychemshop.com\/da\/product\/kob-krystal-meth-online\/#breadcrumb"},"inLanguage":"en-US","potentialAction":[{"@type":"ReadAction","target":["https:\/\/everydaychemshop.com\/da\/product\/kob-krystal-meth-online\/"]}]},{"@type":"ImageObject","inLanguage":"en-US","@id":"https:\/\/everydaychemshop.com\/da\/product\/kob-krystal-meth-online\/#primaryimage","url":"https:\/\/everydaychemshop.com\/da\/wp-content\/uploads\/sites\/2\/2022\/11\/Blue-crystal-meths.jpg","contentUrl":"https:\/\/everydaychemshop.com\/da\/wp-content\/uploads\/sites\/2\/2022\/11\/Blue-crystal-meths.jpg","width":1200,"height":1200,"caption":"K\u00f8b Crystal Meth online"},{"@type":"BreadcrumbList","@id":"https:\/\/everydaychemshop.com\/da\/product\/kob-krystal-meth-online\/#breadcrumb","itemListElement":[{"@type":"ListItem","position":1,"name":"Home","item":"https:\/\/everydaychemshop.com\/da\/"},{"@type":"ListItem","position":2,"name":"Produkter","item":"https:\/\/everydaychemshop.com\/da\/produkter\/"},{"@type":"ListItem","position":3,"name":"Crystal Meth"}]},{"@type":"WebSite","@id":"https:\/\/everydaychemshop.com\/da\/#website","url":"https:\/\/everydaychemshop.com\/da\/","name":"Everyday Chem Shop","description":"","potentialAction":[{"@type":"SearchAction","target":{"@type":"EntryPoint","urlTemplate":"https:\/\/everydaychemshop.com\/da\/?s={search_term_string}"},"query-input":{"@type":"PropertyValueSpecification","valueRequired":true,"valueName":"search_term_string"}}],"inLanguage":"en-US"}]}},"_links":{"self":[{"href":"https:\/\/everydaychemshop.com\/da\/wp-json\/wp\/v2\/product\/7733","targetHints":{"allow":["GET"]}}],"collection":[{"href":"https:\/\/everydaychemshop.com\/da\/wp-json\/wp\/v2\/product"}],"about":[{"href":"https:\/\/everydaychemshop.com\/da\/wp-json\/wp\/v2\/types\/product"}],"replies":[{"embeddable":true,"href":"https:\/\/everydaychemshop.com\/da\/wp-json\/wp\/v2\/comments?post=7733"}],"wp:featuredmedia":[{"embeddable":true,"href":"https:\/\/everydaychemshop.com\/da\/wp-json\/wp\/v2\/media\/7758"}],"wp:attachment":[{"href":"https:\/\/everydaychemshop.com\/da\/wp-json\/wp\/v2\/media?parent=7733"}],"wp:term":[{"taxonomy":"product_brand","embeddable":true,"href":"https:\/\/everydaychemshop.com\/da\/wp-json\/wp\/v2\/product_brand?post=7733"},{"taxonomy":"product_cat","embeddable":true,"href":"https:\/\/everydaychemshop.com\/da\/wp-json\/wp\/v2\/product_cat?post=7733"},{"taxonomy":"product_tag","embeddable":true,"href":"https:\/\/everydaychemshop.com\/da\/wp-json\/wp\/v2\/product_tag?post=7733"}],"curies":[{"name":"wp","href":"https:\/\/api.w.org\/{rel}","templated":true}]}}