{"id":7736,"date":"2022-11-16T09:45:22","date_gmt":"2022-11-16T09:45:22","guid":{"rendered":"https:\/\/everydaychemshop.com\/da\/?post_type=product&#038;p=7736"},"modified":"2023-04-08T07:22:08","modified_gmt":"2023-04-08T07:22:08","slug":"kob-ketamin-injektion-online","status":"publish","type":"product","link":"https:\/\/everydaychemshop.com\/da\/product\/kob-ketamin-injektion-online\/","title":{"rendered":"K\u00f8b Ketamin Injection online"},"content":{"rendered":"<h1>K\u00f8b Ketamin Injection online<\/h1>\n<p><a href=\"https:\/\/everydaychemshop.com\/da\/product\/kob-ketamin-injektion-online\/\">K\u00f8b Ketamin Injection online<\/a>. Ketamin HCl, NMIAD686, fra Hallucinogens. Certificerede referencematerialer af h\u00f8j kvalitet, der kan\u00a0k\u00f8bes\u00a0online hos Global Home Med<\/p>\n<p>K\u00f8b Ketamine HCL\u00a0Crystal, ketamine Liquid til\u00a0salg\u00a0ketamin til\u00a0salg\u00a0ketaminpulverdosering ketaminl\u00e6gemiddel bestil ketamin online.<\/p>\n<p>k\u00f8b Ketamin HCL\u00a0Krystalpulver\u00a0k\u00f8b\u00a0ketamin krystal | k\u00f8b\u00a0ketaminv\u00e6ske | flydende ketamin | k\u00f8b\u00a0ketaminpulver online alt p\u00e5 lager.<\/p>\n<p>K\u00f8b ketamin online; ketamin har det solgte m\u00e6rke Ketalar. Ketalar medicin er for det meste brugt til at tilgive og passe p\u00e5 an\u00e6stesi. det bruges ogs\u00e5 til hj\u00e6lp med ubehag og hukommelsesulykke. Det er desuden inkorporeret af evig pine og til sedation i koncentreret overvejelse. Hjertearbejde, vejrtr\u00e6kning og flyrute-reflekser forbliver for det meste praktiske under dets ejendele.<\/p>\n<h2>ketamin til salg<\/h2>\n<p>P\u00e5virkningerne starter n\u00e6ppe inden for 5 minutter, n\u00e5r infusionen gives med det grundl\u00e6ggende p\u00e5virkninger, der varer op til femogtyve minutter. Det har regelm\u00e6ssige symptomer, som er mentale reaktioner, <a href=\"https:\/\/da.wikipedia.org\/wiki\/Ketamin\">da<\/a> recepten er slukket. reaktioner kan v\u00e6re forstyrrelser, forvirring, mentale trips, kredsl\u00f8bsbelastninger og muskelrystelser.<\/p>\n<h2>K\u00f8b lovlig ketamin online<\/h2>\n<p>H\u00f8jere doser kan give stadig mere alvorlige virkninger, hvor kunderne angiver total og ekspres adskillelse fra deres kroppe. P\u00e5virkningerne er som dem, der er portr\u00e6tteret af personer, der har haft t\u00e6tte d\u00f8dsm\u00f8der, og det er afbildet som v\u00e6rende i\u00a0&#8220;K-\u00e5bningen&#8221;.<\/p>\n<h2>Flydende ketamin til salg<\/h2>\n<p>ketamin vil blive brugt for postoperativ smerte lederne. Lave m\u00e5linger af ketamin kan reducere morfinbrug, sygdom og h\u00e6velse efter en medicinsk procedure. Derfor er ketamin med lave m\u00e5linger brugt til behandling af kompleks provinsiel pinelidelse.<\/p>\n<h2>ketamin HCL-pulver til salg<\/h2>\n<p>Ketamin bruges til: Fremkaldelse af an\u00e6stesi (frav\u00e6r af fornemmelse eller f\u00f8lelse) f\u00f8r en medicinsk procedure eller bestemt metode. Det kr\u00e6ver s\u00e5ledes ikke ketaminklinikker til at afvikle skeletmuskulaturen. Det kan ogs\u00e5 bruges til forskellige tilstande, som kontrolleres af din prim\u00e6re l\u00e6ge. Ketamin er et beroligende middel. Det virker i storhjernen for at begr\u00e6nse sv\u00e6re fornemmelser, k\u00f8b ketamin lovligt.<\/p>\n<h2>K\u00f8b ketamin lovligt online<\/h2>\n<p>Den prim\u00e6re f\u00f8lelse af det h\u00f8je klienten vil f\u00e5 en forbl\u00f8ffende f\u00f8lelse af at slappe af, en gang i et stykke tid afbildet hele kroppen buzz intranasal ketamin. Nogle f\u00e5 klienter f\u00f8ler, at de glider, og nogle beskriver det endda som v\u00e6rende ude af deres kroppe. Mange oplever r\u00f8rdr\u00f8mme, der kan vare l\u00e6ngere end de soporiske p\u00e5virkninger. Derfor ved at vide, hvor l\u00e6nge ketamin varer ketamininfusion.<\/p>\n<h2>Hvor kan man k\u00f8be ketamin online<\/h2>\n<p>Ketamin (Ketalar) Pulver\u00a0producerer en\u00a0brat h\u00f8j\u00a0der varer i omkring 60 minutter. Det begynder omkring 2 til 5 minutter efter, at portionen er r\u00f8get eller slugt. Med infusion sker det omkring 30 sekunder efter infusionen er sket.<\/p>\n<h2>K\u00f8b ketamin online uden opl\u00f8sning<\/h2>\n<p>Den prim\u00e6re f\u00f8lelse af det h\u00f8je, klienten vil f\u00e5 en forbl\u00f8ffende f\u00f8lelse af at slappe af , i nogle tilf\u00e6lde portr\u00e6tteret hele kroppen buzz. Nogle f\u00e5 klienter f\u00f8ler, at de glider, og nogle beskriver det endda som v\u00e6rende ude af deres kroppe. Mange oplever visualiseringer, der kan vare l\u00e6ngere end de soporiske p\u00e5virkninger af ketamin depression.<\/p>\n<p>&nbsp;<\/p>\n<p>Den mest diskrete butik online, du kan k\u00f8be\u00a0jwh 122 online,\u00a0k\u00f8be jwh 018 online,\u00a0k\u00f8be Nembutal online,\u00a0K\u00f8b Ketamin Online,\u00a0K\u00f8b Nembutal Sodium Pentobarbital,\u00a0K\u00f8b TUSSIONEX HOSTESIRUP ONLINE,\u00a0K\u00f8b Actimmune Online,\u00a0K\u00f8b Cinryze Online,\u00a0K\u00f8b Crack-kokain online,\u00a0K\u00f8b Kokain online,\u00a0K\u00f8b Heroin Online,\u00a0K\u00f8b lsd online,\u00a0Buy-lsd online,\u00a0Buy&#8217;s ,\u00a0K\u00f8b Phenazepam,\u00a0K\u00f8b MDPV online,\u00a0K\u00f8b A-PVP-krystaller,\u00a0K\u00f8b JWH-200,\u00a0K\u00f8b Dilaudid online,\u00a0K\u00f8b Adderall Online,\u00a0K\u00f8b oxycontin,\u00a0K\u00f8b Xanax Online,\u00a0K\u00f8b vicodin online,\u00a0K\u00f8b Mephedrone online,\u00a0K\u00f8b Pure Crystal Meth Online,\u00a0k\u00f8b fentanyl online<\/p>\n<p>&nbsp;<\/p>\n<h2>ketaminpiller til salg<\/h2>\n<p>H\u00f8jere doser kan give stadig mere ekstreme p\u00e5virkninger, hvor klienter annoncerer total og udtrykkelig adskillelse fra deres kroppe. Virkningerne er som dem, der er portr\u00e6tteret af personer, der har haft t\u00e6tte d\u00f8dsm\u00f8der, og afbildet i &#8220;K-gap&#8221; ketamin til angst.<\/p>\n<h2>K\u00f8b ketaminpulver online<\/h2>\n<p>Ketamin (Ketalar) Pulver har naturligvis reaktioner, og disse kan v\u00e6re meget betydelige. \u00d8jeblikkelige reaktioner inkorporerer forf\u00e6rdelige mentale trips. Ligeledes med hver eneste psykotrope medicin. Derfor er forn\u00f8jelsen af \u200b\u200bden mentale tur afh\u00e6ngig af klientens perspektiv. S\u00e5ledes, hvis klienten fors\u00f8ger at undslippe modl\u00f8shed. Derfor vil fantasierne sandsynligvis blive ubehagelige. Ketamin (Ketalar) pulver<\/p>\n<h2>Hvor kan man k\u00f8be ketamin<\/h2>\n<p>Normalt omfatter bivirkningerne forvirring og generel forvirring p\u00e5 grund af medicinens beroligende karakter. S\u00e5ledes\u00a0 S\u00f8vnighed, udvidet puls, \u00f8get kredsl\u00f8bsbelastning ketamininjektion.<\/p>\n<h2>K\u00f8b ketaminpulver online<\/h2>\n<p>Ketamin (ketalar) pulver producerer et brat h\u00f8jt niveau, der <a href=\"https:\/\/ en.wikipedia.org\/wiki\/Ketamine\">forts\u00e6tter<\/a> i omkring 60 minutter. Det begynder omkring 2 til 5 minutter efter, at portionen er r\u00f8get eller slugt. Ketamincreme k\u00f8b online, med infusion, det sker omkring 30 sekunder efter infusionen er sket lovligt ketamink\u00f8b.<\/p>\n<h2>K\u00f8b flydende ketamin<\/h2>\n<p>Korme doser af ketamin (Ketalar) Pulver kan medf\u00f8re hvad nogle skildrer som &#8220;K-\u00e5bningen&#8221;, som kan inkorporere seri\u00f8se og ubehagelige visuelle og lydrelaterede visualiseringer kombineret med stemplet derealisering og en overraskende adskillelse fra den virkelige verden.<\/p>\n<h2>S\u00e5dan k\u00f8ber du ketamin online<\/h2>\n<p>h2&gt;<\/p>\n<p>Ketamin (Ketalar) Powder-brugere, m\u00e5ske mere intenst problematisk, kan ligeledes bev\u00e6ge sig hen imod at blive ret kvalme. Hvis dette udvikler sig til opkastning, kan det v\u00e6re us\u00e6dvanligt farligt, da de er midt i en tilstand af adskilt uorden s\u00e5 ofte. S\u00e5ledes kan det ende med at ligge i liggende &#8211; udviser en \u00e6gte kv\u00e6lende risiko. (Ketalar) Pulver, hold pause i et minut for at folde dem p\u00e5 siden eller ind i rekreationspositionen, hvis det er muligt, for at forhindre, at dette sker. Ring straks 911 for at f\u00e5 krisemedicinsk hj\u00e6lp, hvor kan jeg k\u00f8be ketamin onlile.<\/p>\n<p><strong>Ved du, hvor man kan k\u00f8be ketamin?<\/strong><\/p>\n<p>Methylon til salg, Ketamingade v\u00e6rdi, Ketamin dosering, hvordan man laver Ketamin , hvor kan jeg Ketamin online, hvor kan man f\u00e5 Ketamin , hvad er Ketamin , Ketamin i premium kvalitet til salg. Alle disse ubesvarede sp\u00f8rgsm\u00e5l kan f\u00e5 deres svar gennem os. Du skal blot gennem vores hjemmeside, og du vil f\u00e5 svar p\u00e5, hvordan og hvor du kan k\u00f8be ketamin online.<\/p>\n<p>Hvad med ketamin? Ved du ogs\u00e5 hvor man kan f\u00e5 Ketamin til salg online? k\u00f8be ketamin til salg, hvordan man laver ketamin, hvordan ser ketamin ud, ketamin gadepris, ketamin pris, hvor kan man k\u00f8be ketamin, ren ketamin, hvor kan jeg k\u00f8be ketamin online, k\u00f8b ren ketamin online.<\/p>\n<p>Ketamin af god kvalitet online: Det er fuldst\u00e6ndig forst\u00e5et, at folk ikke hurtigt stoler p\u00e5 kvaliteten af \u200b\u200bketamin, der s\u00e6lges online, fordi de ikke kan unders\u00f8ge det fysisk. Men det er ikke det samme med online ketamin-leverand\u00f8rer. Produkterne her er tro mod deres beskrivelse med vedligeholdelse af h\u00f8j kvalitet udf\u00f8rt under opsyn af eksperter.<\/p>\n<p>Hurtigt &amp; Diskret forsendelse: Leveringen af \u200b\u200bketaminen online efter modtagelse af ordren sker inden for den lovede tidsramme. Fragtteamet s\u00e6tter alle deres kr\u00e6fter i at g\u00f8re forsendelses- og leveringsproceduren glat og hurtig. Du kan ogs\u00e5 forvente fremragende tjenester, n\u00e5r du k\u00f8ber ketamin online fra en professionel p\u00e5 online platformen.<\/p>\n","protected":false},"excerpt":{"rendered":"<p>Ketamin har vist sig at v\u00e6re tilstr\u00e6kkelig til at behandle modl\u00f8shed hos patienter med bipolar problemer, som ikke har reageret p\u00e5 antidepressiva.<\/p>\n","protected":false},"featured_media":7772,"comment_status":"open","ping_status":"closed","template":"","meta":{"inline_featured_image":false},"product_brand":[],"product_cat":[264,116],"product_tag":[320,317,322,323,319,321,318],"class_list":{"0":"post-7736","1":"product","2":"type-product","3":"status-publish","4":"has-post-thumbnail","6":"product_cat-forskningskemisk","7":"product_cat-smertestillende-midler","8":"product_tag-bestil-ketamin-hcl-online","9":"product_tag-buy-ketamine-hcl-online","10":"product_tag-det-bedste-sted-at-kbe-ketamin-hcl-online","11":"product_tag-hvor-kan-kbes-ketamin-hcl-online","12":"product_tag-ketamin-hcl-til-salg","13":"product_tag-kb-ketamin-hcl-online","14":"product_tag-hvordan-man-kber-ketamin-hcl-online","16":"first","17":"instock","18":"featured","19":"shipping-taxable","20":"purchasable","21":"product-type-variable","22":"has-default-attributes"},"yoast_head":"<!-- This site is optimized with the Yoast SEO Premium plugin v19.2 (Yoast SEO v27.3) - https:\/\/yoast.com\/product\/yoast-seo-premium-wordpress\/ -->\n<title>K\u00f8b Ketamin Injection online - Everyday Chem Shop<\/title>\n<meta name=\"description\" content=\"K\u00f8b Ketamin Injection online. Hvis du leder efter, hvordan du k\u00f8ber ketamin online, s\u00e5 er du det rigtige sted at k\u00f8be ketamin online.\" \/>\n<meta name=\"robots\" content=\"index, follow, max-snippet:-1, max-image-preview:large, max-video-preview:-1\" \/>\n<link rel=\"canonical\" href=\"https:\/\/everydaychemshop.com\/da\/product\/kob-ketamin-injektion-online\/\" \/>\n<meta property=\"og:locale\" content=\"en_US\" \/>\n<meta property=\"og:type\" content=\"article\" \/>\n<meta property=\"og:title\" content=\"K\u00f8b Ketamin Injection online\" \/>\n<meta property=\"og:description\" content=\"K\u00f8b Ketamin Injection online. Hvis du leder efter, hvordan du k\u00f8ber ketamin online, s\u00e5 er du det rigtige sted at k\u00f8be ketamin online.\" \/>\n<meta property=\"og:url\" content=\"https:\/\/everydaychemshop.com\/da\/product\/kob-ketamin-injektion-online\/\" \/>\n<meta property=\"og:site_name\" content=\"Everyday Chem Shop\" \/>\n<meta property=\"article:modified_time\" content=\"2023-04-08T07:22:08+00:00\" \/>\n<meta property=\"og:image\" content=\"https:\/\/everydaychemshop.com\/da\/wp-content\/uploads\/sites\/2\/2022\/11\/Ketamine-HCL-for-Sale.jpg\" \/>\n\t<meta property=\"og:image:width\" content=\"1200\" \/>\n\t<meta property=\"og:image:height\" content=\"1200\" \/>\n\t<meta property=\"og:image:type\" content=\"image\/jpeg\" \/>\n<meta name=\"twitter:card\" content=\"summary_large_image\" \/>\n<meta name=\"twitter:label1\" content=\"Est. reading time\" \/>\n\t<meta name=\"twitter:data1\" content=\"5 minutes\" \/>\n<script type=\"application\/ld+json\" class=\"yoast-schema-graph\">{\"@context\":\"https:\\\/\\\/schema.org\",\"@graph\":[{\"@type\":\"WebPage\",\"@id\":\"https:\\\/\\\/everydaychemshop.com\\\/da\\\/product\\\/kob-ketamin-injektion-online\\\/\",\"url\":\"https:\\\/\\\/everydaychemshop.com\\\/da\\\/product\\\/kob-ketamin-injektion-online\\\/\",\"name\":\"K\u00f8b Ketamin Injection online - Everyday Chem Shop\",\"isPartOf\":{\"@id\":\"https:\\\/\\\/everydaychemshop.com\\\/da\\\/#website\"},\"primaryImageOfPage\":{\"@id\":\"https:\\\/\\\/everydaychemshop.com\\\/da\\\/product\\\/kob-ketamin-injektion-online\\\/#primaryimage\"},\"image\":{\"@id\":\"https:\\\/\\\/everydaychemshop.com\\\/da\\\/product\\\/kob-ketamin-injektion-online\\\/#primaryimage\"},\"thumbnailUrl\":\"https:\\\/\\\/everydaychemshop.com\\\/da\\\/wp-content\\\/uploads\\\/sites\\\/2\\\/2022\\\/11\\\/Ketamine-HCL-for-Sale.jpg\",\"datePublished\":\"2022-11-16T09:45:22+00:00\",\"dateModified\":\"2023-04-08T07:22:08+00:00\",\"description\":\"K\u00f8b Ketamin Injection online. Hvis du leder efter, hvordan du k\u00f8ber ketamin online, s\u00e5 er du det rigtige sted at k\u00f8be ketamin online.\",\"breadcrumb\":{\"@id\":\"https:\\\/\\\/everydaychemshop.com\\\/da\\\/product\\\/kob-ketamin-injektion-online\\\/#breadcrumb\"},\"inLanguage\":\"en-US\",\"potentialAction\":[{\"@type\":\"ReadAction\",\"target\":[\"https:\\\/\\\/everydaychemshop.com\\\/da\\\/product\\\/kob-ketamin-injektion-online\\\/\"]}]},{\"@type\":\"ImageObject\",\"inLanguage\":\"en-US\",\"@id\":\"https:\\\/\\\/everydaychemshop.com\\\/da\\\/product\\\/kob-ketamin-injektion-online\\\/#primaryimage\",\"url\":\"https:\\\/\\\/everydaychemshop.com\\\/da\\\/wp-content\\\/uploads\\\/sites\\\/2\\\/2022\\\/11\\\/Ketamine-HCL-for-Sale.jpg\",\"contentUrl\":\"https:\\\/\\\/everydaychemshop.com\\\/da\\\/wp-content\\\/uploads\\\/sites\\\/2\\\/2022\\\/11\\\/Ketamine-HCL-for-Sale.jpg\",\"width\":1200,\"height\":1200,\"caption\":\"K\u00f8b Ketamin Injection online\"},{\"@type\":\"BreadcrumbList\",\"@id\":\"https:\\\/\\\/everydaychemshop.com\\\/da\\\/product\\\/kob-ketamin-injektion-online\\\/#breadcrumb\",\"itemListElement\":[{\"@type\":\"ListItem\",\"position\":1,\"name\":\"Home\",\"item\":\"https:\\\/\\\/everydaychemshop.com\\\/da\\\/\"},{\"@type\":\"ListItem\",\"position\":2,\"name\":\"Produkter\",\"item\":\"https:\\\/\\\/everydaychemshop.com\\\/da\\\/produkter\\\/\"},{\"@type\":\"ListItem\",\"position\":3,\"name\":\"K\u00f8b Ketamin Injection online\"}]},{\"@type\":\"WebSite\",\"@id\":\"https:\\\/\\\/everydaychemshop.com\\\/da\\\/#website\",\"url\":\"https:\\\/\\\/everydaychemshop.com\\\/da\\\/\",\"name\":\"Everyday Chem Shop\",\"description\":\"\",\"potentialAction\":[{\"@type\":\"SearchAction\",\"target\":{\"@type\":\"EntryPoint\",\"urlTemplate\":\"https:\\\/\\\/everydaychemshop.com\\\/da\\\/?s={search_term_string}\"},\"query-input\":{\"@type\":\"PropertyValueSpecification\",\"valueRequired\":true,\"valueName\":\"search_term_string\"}}],\"inLanguage\":\"en-US\"}]}<\/script>\n<!-- \/ Yoast SEO Premium plugin. -->","yoast_head_json":{"title":"K\u00f8b Ketamin Injection online - Everyday Chem Shop","description":"K\u00f8b Ketamin Injection online. Hvis du leder efter, hvordan du k\u00f8ber ketamin online, s\u00e5 er du det rigtige sted at k\u00f8be ketamin online.","robots":{"index":"index","follow":"follow","max-snippet":"max-snippet:-1","max-image-preview":"max-image-preview:large","max-video-preview":"max-video-preview:-1"},"canonical":"https:\/\/everydaychemshop.com\/da\/product\/kob-ketamin-injektion-online\/","og_locale":"en_US","og_type":"article","og_title":"K\u00f8b Ketamin Injection online","og_description":"K\u00f8b Ketamin Injection online. Hvis du leder efter, hvordan du k\u00f8ber ketamin online, s\u00e5 er du det rigtige sted at k\u00f8be ketamin online.","og_url":"https:\/\/everydaychemshop.com\/da\/product\/kob-ketamin-injektion-online\/","og_site_name":"Everyday Chem Shop","article_modified_time":"2023-04-08T07:22:08+00:00","og_image":[{"width":1200,"height":1200,"url":"https:\/\/everydaychemshop.com\/da\/wp-content\/uploads\/sites\/2\/2022\/11\/Ketamine-HCL-for-Sale.jpg","type":"image\/jpeg"}],"twitter_card":"summary_large_image","twitter_misc":{"Est. reading time":"5 minutes"},"schema":{"@context":"https:\/\/schema.org","@graph":[{"@type":"WebPage","@id":"https:\/\/everydaychemshop.com\/da\/product\/kob-ketamin-injektion-online\/","url":"https:\/\/everydaychemshop.com\/da\/product\/kob-ketamin-injektion-online\/","name":"K\u00f8b Ketamin Injection online - Everyday Chem Shop","isPartOf":{"@id":"https:\/\/everydaychemshop.com\/da\/#website"},"primaryImageOfPage":{"@id":"https:\/\/everydaychemshop.com\/da\/product\/kob-ketamin-injektion-online\/#primaryimage"},"image":{"@id":"https:\/\/everydaychemshop.com\/da\/product\/kob-ketamin-injektion-online\/#primaryimage"},"thumbnailUrl":"https:\/\/everydaychemshop.com\/da\/wp-content\/uploads\/sites\/2\/2022\/11\/Ketamine-HCL-for-Sale.jpg","datePublished":"2022-11-16T09:45:22+00:00","dateModified":"2023-04-08T07:22:08+00:00","description":"K\u00f8b Ketamin Injection online. Hvis du leder efter, hvordan du k\u00f8ber ketamin online, s\u00e5 er du det rigtige sted at k\u00f8be ketamin online.","breadcrumb":{"@id":"https:\/\/everydaychemshop.com\/da\/product\/kob-ketamin-injektion-online\/#breadcrumb"},"inLanguage":"en-US","potentialAction":[{"@type":"ReadAction","target":["https:\/\/everydaychemshop.com\/da\/product\/kob-ketamin-injektion-online\/"]}]},{"@type":"ImageObject","inLanguage":"en-US","@id":"https:\/\/everydaychemshop.com\/da\/product\/kob-ketamin-injektion-online\/#primaryimage","url":"https:\/\/everydaychemshop.com\/da\/wp-content\/uploads\/sites\/2\/2022\/11\/Ketamine-HCL-for-Sale.jpg","contentUrl":"https:\/\/everydaychemshop.com\/da\/wp-content\/uploads\/sites\/2\/2022\/11\/Ketamine-HCL-for-Sale.jpg","width":1200,"height":1200,"caption":"K\u00f8b Ketamin Injection online"},{"@type":"BreadcrumbList","@id":"https:\/\/everydaychemshop.com\/da\/product\/kob-ketamin-injektion-online\/#breadcrumb","itemListElement":[{"@type":"ListItem","position":1,"name":"Home","item":"https:\/\/everydaychemshop.com\/da\/"},{"@type":"ListItem","position":2,"name":"Produkter","item":"https:\/\/everydaychemshop.com\/da\/produkter\/"},{"@type":"ListItem","position":3,"name":"K\u00f8b Ketamin Injection online"}]},{"@type":"WebSite","@id":"https:\/\/everydaychemshop.com\/da\/#website","url":"https:\/\/everydaychemshop.com\/da\/","name":"Everyday Chem Shop","description":"","potentialAction":[{"@type":"SearchAction","target":{"@type":"EntryPoint","urlTemplate":"https:\/\/everydaychemshop.com\/da\/?s={search_term_string}"},"query-input":{"@type":"PropertyValueSpecification","valueRequired":true,"valueName":"search_term_string"}}],"inLanguage":"en-US"}]}},"_links":{"self":[{"href":"https:\/\/everydaychemshop.com\/da\/wp-json\/wp\/v2\/product\/7736","targetHints":{"allow":["GET"]}}],"collection":[{"href":"https:\/\/everydaychemshop.com\/da\/wp-json\/wp\/v2\/product"}],"about":[{"href":"https:\/\/everydaychemshop.com\/da\/wp-json\/wp\/v2\/types\/product"}],"replies":[{"embeddable":true,"href":"https:\/\/everydaychemshop.com\/da\/wp-json\/wp\/v2\/comments?post=7736"}],"wp:featuredmedia":[{"embeddable":true,"href":"https:\/\/everydaychemshop.com\/da\/wp-json\/wp\/v2\/media\/7772"}],"wp:attachment":[{"href":"https:\/\/everydaychemshop.com\/da\/wp-json\/wp\/v2\/media?parent=7736"}],"wp:term":[{"taxonomy":"product_brand","embeddable":true,"href":"https:\/\/everydaychemshop.com\/da\/wp-json\/wp\/v2\/product_brand?post=7736"},{"taxonomy":"product_cat","embeddable":true,"href":"https:\/\/everydaychemshop.com\/da\/wp-json\/wp\/v2\/product_cat?post=7736"},{"taxonomy":"product_tag","embeddable":true,"href":"https:\/\/everydaychemshop.com\/da\/wp-json\/wp\/v2\/product_tag?post=7736"}],"curies":[{"name":"wp","href":"https:\/\/api.w.org\/{rel}","templated":true}]}}