{"id":7746,"date":"2022-11-16T09:45:59","date_gmt":"2022-11-16T09:45:59","guid":{"rendered":"https:\/\/everydaychemshop.com\/da\/?post_type=product&#038;p=7746"},"modified":"2023-04-08T07:19:07","modified_gmt":"2023-04-08T07:19:07","slug":"kob-methylone-online","status":"publish","type":"product","link":"https:\/\/everydaychemshop.com\/da\/product\/kob-methylone-online\/","title":{"rendered":"K\u00f8b Methylone online"},"content":{"rendered":"<h1>Kaufen Sie Methylone-Kristalle online<\/h1>\n<p><a href=\"https:\/\/everydaychemshop.com\/da\/product\/kob-methylone-online\/\">Kaufen Sie Methylone-Kristalle online<\/a>. K\u00f8b billig methylon (Bk-MDMA) online \u2013 Globalt l\u00e6gemiddel Vi tilbyder billigt Bk-MDMA-pulver og <em>krystaller<\/em>\u00a0i Storbritannien,<br \/>\nEuropa, Tyskland, Rusland, USA, med meget h\u00f8j kvalitet.<\/p>\n<p>Ethylon\u00a0<em>Crystal<\/em>\u00a0BK-ebdp 4-CMC\u00a0<em>Crystal<\/em>\u00a03-CMC\u00a0<em>Crystal<\/em>\u00a04CMC\u00a0<em>Crystal<\/em>\u00a04- BMC,\u00a0<em>krystal<\/em>\u00a0Mephedrone 4mmc MDPV\u00a0<em>Methylone<\/em>\u00a0(bk-MDMA)<\/p>\n<p>Methylon er et kemisk l\u00e6gemiddel, der i struktur minder meget om MDMA og har sammenlignelige virkninger .<\/p>\n<p>Methylon er et stimulerende middel med en mild hallucinogen effekt. Fordi det er et relativt nyt stof, kaldes det et forskningskemikalie. Det anbefales at behandle methylon med forsigtighed: p\u00e5 grund af dets korte eksistens er der ikke udf\u00f8rt meget forskning, og man ved ikke meget om langsigtede virkninger eller afh\u00e6ngighedsrater.<\/p>\n<p>Som regel tilbydes det som pulver, men piller er ogs\u00e5 i oml\u00f8b. Som med XTC kan disse tabletter variere i st\u00f8rrelse, farve og styrke.<\/p>\n<p>Methylone kan k\u00f8bes hos\u00a0First Trust Chemical\u00a0i en hvilken som helst af tre\u00a0former: store krystaller (vores mest popul\u00e6re), fint farmaceutisk pulver eller sm\u00e5 krystaller . Se venligst vores liste over andre fine produkter, der er tilg\u00e6ngelige for dig nu. First Trust Chemical er din leverand\u00f8r af produkter af h\u00f8j kvalitet, og du kan\u00a0k\u00f8be nu.<\/p>\n<h3>DIN KONTO BLIVER BEHANDLET MED OMHYGGELIGHED FOR AT K\u00d8BE METHYLONE<\/h3>\n<p>Alle salgsforesp\u00f8rgsler holdes fortrolige. N\u00e5r du bliver kunde, bliver dine kontooplysninger aldrig delt eller distribueret. Vi kan stille dig sp\u00f8rgsm\u00e5l, f\u00f8r vi forts\u00e6tter med det salg, du anmoder om, men dette er for din egen sikkerhed. First Trust Chemical \u00f8nsker ikke at v\u00e6re kendt for andet end h\u00f8j kvalitet og kundetilfredshed.<\/p>\n<p>N\u00e5r dit k\u00f8b er godkendt af First Trust Chemical til at k\u00f8be . Din levering er garanteret. Vi vil ikke love salg af nogen ordre, som vi ikke kan levere.<\/p>\n<p>Methylone er et kemisk l\u00e6gemiddel, som i struktur minder meget om MDMA og har sammenlignelige virkninger. det er et stimulerende middel med en mild hallucinogen effekt. Fordi det er et relativt nyt stof, kaldes det et forskningskemikalie. Det anbefales at behandle methylon med forsigtighed: p\u00e5 grund af dets korte eksistens er der ikke udf\u00f8rt meget forskning, og man ved ikke meget om langtidsvirkninger eller afh\u00e6ngighedsrater.<\/p>\n<p>Som regel tilbydes det som pulver, men piller er ogs\u00e5 i <a href=\"https:\/\/en.wikipedia.org\/wiki\/Methylone\">cirkulation<\/a>. Som med XTC kan disse tabletter variere i st\u00f8rrelse, farve og styrke.<\/p>\n<p><strong>Ved du, hvor man kan k\u00f8be Methylone?<\/strong><\/p>\n<p>Methylone til salg, Methylone street v\u00e6rdi, Methylone dosering, hvordan man laver Methylone, hvor kan jeg Methylone online, hvor kan man f\u00e5 Methylone, hvad er Methylone, Premium kvalitet Methylone til salg. Alle disse ubesvarede sp\u00f8rgsm\u00e5l kan f\u00e5 deres svar gennem os. Du skal bare gennem vores hjemmeside, og du vil f\u00e5 svar p\u00e5, hvordan og hvor du kan k\u00f8be Methylone online.<\/p>\n<p>Hvad med Methylone? Ved du ogs\u00e5, hvor man kan f\u00e5 Methylone til salg online? k\u00f8b Methylone til salg, hvordan man laver methylone, hvordan ser methylone ud, Methylone vejpris, Methylone pris, hvor kan man k\u00f8be Methylone, ren Methylone, hvor kan jeg k\u00f8be Methylone online, k\u00f8b ren Methylone online.<\/p>\n<p>Methylone af god kvalitet online: Det er fuldst\u00e6ndig forst\u00e5et, at folk ikke hurtigt stoler p\u00e5 kvaliteten af \u200b\u200bmethylon, der s\u00e6lges online, fordi de ikke kan unders\u00f8ge det fysisk. Men det er ikke det samme med Online Methylone online leverand\u00f8rer. Produkterne her er tro mod deres beskrivelse med vedligeholdelse af h\u00f8j kvalitet udf\u00f8rt under opsyn af eksperter.<\/p>\n<p>Hurtigt &amp; Diskret forsendelse: Leveringen af \u200b\u200bMethylone online efter modtagelse af ordren sker inden for den lovede tidsramme. Fragtteamet s\u00e6tter alle deres kr\u00e6fter i at g\u00f8re forsendelses- og leveringsproceduren glat og hurtig. Du kan ogs\u00e5 forvente fremragende service, n\u00e5r du k\u00f8ber Methylone online fra en professionel p\u00e5 onlineplatformen.<\/p>\n","protected":false},"excerpt":{"rendered":"<p>Methylon er et stimulerende middel med en mild hallucinogen effekt. Fordi det er et relativt nyt stof, kaldes det et forskningskemikalie. Det anbefales at behandle methylon med forsigtighed: P\u00e5 grund af dets korte eksistens er der ikke udf\u00f8rt meget forskning, og der er ikke meget kendt om langsigtede virkninger eller afh\u00e6ngighedsrater.<\/p>\n","protected":false},"featured_media":7773,"comment_status":"open","ping_status":"closed","template":"","meta":{"inline_featured_image":false},"product_brand":[],"product_cat":[264],"product_tag":[328,330,324,326,327,325],"class_list":{"0":"post-7746","1":"product","2":"type-product","3":"status-publish","4":"has-post-thumbnail","6":"product_cat-forskningskemisk","7":"product_tag-bestil-methylone-online","8":"product_tag-hvor-kan-kbes-methylone-online","9":"product_tag-kb-methylon-online","10":"product_tag-methylon","11":"product_tag-methylon-til-salg","12":"product_tag-hvordan-man-kber-methylone-online","14":"first","15":"instock","16":"shipping-taxable","17":"purchasable","18":"product-type-variable","19":"has-default-attributes"},"yoast_head":"<!-- This site is optimized with the Yoast SEO Premium plugin v19.2 (Yoast SEO v27.3) - https:\/\/yoast.com\/product\/yoast-seo-premium-wordpress\/ -->\n<title>Kaufen Sie Methylone-Kristalle online - Everyday Chem Shop<\/title>\n<meta name=\"description\" content=\"Kaufen Sie Methylone-Kristalle online. Hvis du leder efter, hvordan du k\u00f8ber Methylone online, s\u00e5 er du det rigtige sted at k\u00f8be Methylone online.\" \/>\n<meta name=\"robots\" content=\"index, follow, max-snippet:-1, max-image-preview:large, max-video-preview:-1\" \/>\n<link rel=\"canonical\" href=\"https:\/\/everydaychemshop.com\/da\/product\/kob-methylone-online\/\" \/>\n<meta property=\"og:locale\" content=\"en_US\" \/>\n<meta property=\"og:type\" content=\"article\" \/>\n<meta property=\"og:title\" content=\"K\u00f8b Methylone online\" \/>\n<meta property=\"og:description\" content=\"Kaufen Sie Methylone-Kristalle online. Hvis du leder efter, hvordan du k\u00f8ber Methylone online, s\u00e5 er du det rigtige sted at k\u00f8be Methylone online.\" \/>\n<meta property=\"og:url\" content=\"https:\/\/everydaychemshop.com\/da\/product\/kob-methylone-online\/\" \/>\n<meta property=\"og:site_name\" content=\"Everyday Chem Shop\" \/>\n<meta property=\"article:modified_time\" content=\"2023-04-08T07:19:07+00:00\" \/>\n<meta property=\"og:image\" content=\"https:\/\/everydaychemshop.com\/da\/wp-content\/uploads\/sites\/2\/2022\/11\/Buy-METHYLONE-CRYSTAL.jpg\" \/>\n\t<meta property=\"og:image:width\" content=\"1200\" \/>\n\t<meta property=\"og:image:height\" content=\"1200\" \/>\n\t<meta property=\"og:image:type\" content=\"image\/jpeg\" \/>\n<meta name=\"twitter:card\" content=\"summary_large_image\" \/>\n<meta name=\"twitter:label1\" content=\"Est. reading time\" \/>\n\t<meta name=\"twitter:data1\" content=\"3 minutes\" \/>\n<script type=\"application\/ld+json\" class=\"yoast-schema-graph\">{\"@context\":\"https:\\\/\\\/schema.org\",\"@graph\":[{\"@type\":\"WebPage\",\"@id\":\"https:\\\/\\\/everydaychemshop.com\\\/da\\\/product\\\/kob-methylone-online\\\/\",\"url\":\"https:\\\/\\\/everydaychemshop.com\\\/da\\\/product\\\/kob-methylone-online\\\/\",\"name\":\"Kaufen Sie Methylone-Kristalle online - Everyday Chem Shop\",\"isPartOf\":{\"@id\":\"https:\\\/\\\/everydaychemshop.com\\\/da\\\/#website\"},\"primaryImageOfPage\":{\"@id\":\"https:\\\/\\\/everydaychemshop.com\\\/da\\\/product\\\/kob-methylone-online\\\/#primaryimage\"},\"image\":{\"@id\":\"https:\\\/\\\/everydaychemshop.com\\\/da\\\/product\\\/kob-methylone-online\\\/#primaryimage\"},\"thumbnailUrl\":\"https:\\\/\\\/everydaychemshop.com\\\/da\\\/wp-content\\\/uploads\\\/sites\\\/2\\\/2022\\\/11\\\/Buy-METHYLONE-CRYSTAL.jpg\",\"datePublished\":\"2022-11-16T09:45:59+00:00\",\"dateModified\":\"2023-04-08T07:19:07+00:00\",\"description\":\"Kaufen Sie Methylone-Kristalle online. Hvis du leder efter, hvordan du k\u00f8ber Methylone online, s\u00e5 er du det rigtige sted at k\u00f8be Methylone online.\",\"breadcrumb\":{\"@id\":\"https:\\\/\\\/everydaychemshop.com\\\/da\\\/product\\\/kob-methylone-online\\\/#breadcrumb\"},\"inLanguage\":\"en-US\",\"potentialAction\":[{\"@type\":\"ReadAction\",\"target\":[\"https:\\\/\\\/everydaychemshop.com\\\/da\\\/product\\\/kob-methylone-online\\\/\"]}]},{\"@type\":\"ImageObject\",\"inLanguage\":\"en-US\",\"@id\":\"https:\\\/\\\/everydaychemshop.com\\\/da\\\/product\\\/kob-methylone-online\\\/#primaryimage\",\"url\":\"https:\\\/\\\/everydaychemshop.com\\\/da\\\/wp-content\\\/uploads\\\/sites\\\/2\\\/2022\\\/11\\\/Buy-METHYLONE-CRYSTAL.jpg\",\"contentUrl\":\"https:\\\/\\\/everydaychemshop.com\\\/da\\\/wp-content\\\/uploads\\\/sites\\\/2\\\/2022\\\/11\\\/Buy-METHYLONE-CRYSTAL.jpg\",\"width\":1200,\"height\":1200,\"caption\":\"Kaufen Sie Methylone-Kristalle online\"},{\"@type\":\"BreadcrumbList\",\"@id\":\"https:\\\/\\\/everydaychemshop.com\\\/da\\\/product\\\/kob-methylone-online\\\/#breadcrumb\",\"itemListElement\":[{\"@type\":\"ListItem\",\"position\":1,\"name\":\"Home\",\"item\":\"https:\\\/\\\/everydaychemshop.com\\\/da\\\/\"},{\"@type\":\"ListItem\",\"position\":2,\"name\":\"Produkter\",\"item\":\"https:\\\/\\\/everydaychemshop.com\\\/da\\\/produkter\\\/\"},{\"@type\":\"ListItem\",\"position\":3,\"name\":\"K\u00f8b Methylone online\"}]},{\"@type\":\"WebSite\",\"@id\":\"https:\\\/\\\/everydaychemshop.com\\\/da\\\/#website\",\"url\":\"https:\\\/\\\/everydaychemshop.com\\\/da\\\/\",\"name\":\"Everyday Chem Shop\",\"description\":\"\",\"potentialAction\":[{\"@type\":\"SearchAction\",\"target\":{\"@type\":\"EntryPoint\",\"urlTemplate\":\"https:\\\/\\\/everydaychemshop.com\\\/da\\\/?s={search_term_string}\"},\"query-input\":{\"@type\":\"PropertyValueSpecification\",\"valueRequired\":true,\"valueName\":\"search_term_string\"}}],\"inLanguage\":\"en-US\"}]}<\/script>\n<!-- \/ Yoast SEO Premium plugin. -->","yoast_head_json":{"title":"Kaufen Sie Methylone-Kristalle online - Everyday Chem Shop","description":"Kaufen Sie Methylone-Kristalle online. Hvis du leder efter, hvordan du k\u00f8ber Methylone online, s\u00e5 er du det rigtige sted at k\u00f8be Methylone online.","robots":{"index":"index","follow":"follow","max-snippet":"max-snippet:-1","max-image-preview":"max-image-preview:large","max-video-preview":"max-video-preview:-1"},"canonical":"https:\/\/everydaychemshop.com\/da\/product\/kob-methylone-online\/","og_locale":"en_US","og_type":"article","og_title":"K\u00f8b Methylone online","og_description":"Kaufen Sie Methylone-Kristalle online. Hvis du leder efter, hvordan du k\u00f8ber Methylone online, s\u00e5 er du det rigtige sted at k\u00f8be Methylone online.","og_url":"https:\/\/everydaychemshop.com\/da\/product\/kob-methylone-online\/","og_site_name":"Everyday Chem Shop","article_modified_time":"2023-04-08T07:19:07+00:00","og_image":[{"width":1200,"height":1200,"url":"https:\/\/everydaychemshop.com\/da\/wp-content\/uploads\/sites\/2\/2022\/11\/Buy-METHYLONE-CRYSTAL.jpg","type":"image\/jpeg"}],"twitter_card":"summary_large_image","twitter_misc":{"Est. reading time":"3 minutes"},"schema":{"@context":"https:\/\/schema.org","@graph":[{"@type":"WebPage","@id":"https:\/\/everydaychemshop.com\/da\/product\/kob-methylone-online\/","url":"https:\/\/everydaychemshop.com\/da\/product\/kob-methylone-online\/","name":"Kaufen Sie Methylone-Kristalle online - Everyday Chem Shop","isPartOf":{"@id":"https:\/\/everydaychemshop.com\/da\/#website"},"primaryImageOfPage":{"@id":"https:\/\/everydaychemshop.com\/da\/product\/kob-methylone-online\/#primaryimage"},"image":{"@id":"https:\/\/everydaychemshop.com\/da\/product\/kob-methylone-online\/#primaryimage"},"thumbnailUrl":"https:\/\/everydaychemshop.com\/da\/wp-content\/uploads\/sites\/2\/2022\/11\/Buy-METHYLONE-CRYSTAL.jpg","datePublished":"2022-11-16T09:45:59+00:00","dateModified":"2023-04-08T07:19:07+00:00","description":"Kaufen Sie Methylone-Kristalle online. Hvis du leder efter, hvordan du k\u00f8ber Methylone online, s\u00e5 er du det rigtige sted at k\u00f8be Methylone online.","breadcrumb":{"@id":"https:\/\/everydaychemshop.com\/da\/product\/kob-methylone-online\/#breadcrumb"},"inLanguage":"en-US","potentialAction":[{"@type":"ReadAction","target":["https:\/\/everydaychemshop.com\/da\/product\/kob-methylone-online\/"]}]},{"@type":"ImageObject","inLanguage":"en-US","@id":"https:\/\/everydaychemshop.com\/da\/product\/kob-methylone-online\/#primaryimage","url":"https:\/\/everydaychemshop.com\/da\/wp-content\/uploads\/sites\/2\/2022\/11\/Buy-METHYLONE-CRYSTAL.jpg","contentUrl":"https:\/\/everydaychemshop.com\/da\/wp-content\/uploads\/sites\/2\/2022\/11\/Buy-METHYLONE-CRYSTAL.jpg","width":1200,"height":1200,"caption":"Kaufen Sie Methylone-Kristalle online"},{"@type":"BreadcrumbList","@id":"https:\/\/everydaychemshop.com\/da\/product\/kob-methylone-online\/#breadcrumb","itemListElement":[{"@type":"ListItem","position":1,"name":"Home","item":"https:\/\/everydaychemshop.com\/da\/"},{"@type":"ListItem","position":2,"name":"Produkter","item":"https:\/\/everydaychemshop.com\/da\/produkter\/"},{"@type":"ListItem","position":3,"name":"K\u00f8b Methylone online"}]},{"@type":"WebSite","@id":"https:\/\/everydaychemshop.com\/da\/#website","url":"https:\/\/everydaychemshop.com\/da\/","name":"Everyday Chem Shop","description":"","potentialAction":[{"@type":"SearchAction","target":{"@type":"EntryPoint","urlTemplate":"https:\/\/everydaychemshop.com\/da\/?s={search_term_string}"},"query-input":{"@type":"PropertyValueSpecification","valueRequired":true,"valueName":"search_term_string"}}],"inLanguage":"en-US"}]}},"_links":{"self":[{"href":"https:\/\/everydaychemshop.com\/da\/wp-json\/wp\/v2\/product\/7746","targetHints":{"allow":["GET"]}}],"collection":[{"href":"https:\/\/everydaychemshop.com\/da\/wp-json\/wp\/v2\/product"}],"about":[{"href":"https:\/\/everydaychemshop.com\/da\/wp-json\/wp\/v2\/types\/product"}],"replies":[{"embeddable":true,"href":"https:\/\/everydaychemshop.com\/da\/wp-json\/wp\/v2\/comments?post=7746"}],"wp:featuredmedia":[{"embeddable":true,"href":"https:\/\/everydaychemshop.com\/da\/wp-json\/wp\/v2\/media\/7773"}],"wp:attachment":[{"href":"https:\/\/everydaychemshop.com\/da\/wp-json\/wp\/v2\/media?parent=7746"}],"wp:term":[{"taxonomy":"product_brand","embeddable":true,"href":"https:\/\/everydaychemshop.com\/da\/wp-json\/wp\/v2\/product_brand?post=7746"},{"taxonomy":"product_cat","embeddable":true,"href":"https:\/\/everydaychemshop.com\/da\/wp-json\/wp\/v2\/product_cat?post=7746"},{"taxonomy":"product_tag","embeddable":true,"href":"https:\/\/everydaychemshop.com\/da\/wp-json\/wp\/v2\/product_tag?post=7746"}],"curies":[{"name":"wp","href":"https:\/\/api.w.org\/{rel}","templated":true}]}}