{"id":7754,"date":"2022-11-16T09:46:02","date_gmt":"2022-11-16T09:46:02","guid":{"rendered":"https:\/\/everydaychemshop.com\/da\/?post_type=product&#038;p=7754"},"modified":"2023-04-08T07:16:41","modified_gmt":"2023-04-08T07:16:41","slug":"kob-jwh-018-online","status":"publish","type":"product","link":"https:\/\/everydaychemshop.com\/da\/product\/kob-jwh-018-online\/","title":{"rendered":"K\u00f8b JWH-018 online"},"content":{"rendered":"<h1>Kaufen Sie JWH-018 Pulver online<\/h1>\n<p><a href=\"https:\/\/everydaychemshop.com\/da\/product\/kob-jwh-018-online\/\">Kaufen Sie JWH-018 Pulver online<\/a>.\u00a0 JWH-018 er en fremstillet cannabinoid, der findes i forskellige former for den hjemmedyrkede blanding &#8220;Zest&#8221;. Den ulovlige udnyttelse af denne Spice-cannabinoid er centreret omkring dens psykoaktive p\u00e5virkninger, som efterligner virkningerne af \u03949-THC i cannabis. P\u00e5 trods af det faktum, at JWH-018 i det v\u00e6sentlige er kraftigere end praktisk talt identiske m\u00e5linger af cannabis, pr\u00e6senterer den desuden en enorm test for genkendelse ved almindelig \u03949-THC-test.<\/p>\n<p>I juli 2009, US Drug Enforcement Agency ( DEA) f\u00f8jede\u00a0JWH-018\u00a0til sin oversigt over l\u00e6gemidler og syntetiske stoffer, der giver anledning til bekymring. P\u00e5 trods af afsl\u00f8rede fangster af Spice i Ohio og Florida <a href=\"https:\/\/en.wikipedia.org\/wiki\/JWH-018\">har<\/a> nogle f\u00e5 stater etableret autoritative foranstaltninger, der begr\u00e6nser aftalen eller ejerskabet af JWH-018, herunder Alabama, Arkansas, Georgia, Kansas, Kentucky, North Dakota og Tennessee.<\/p>\n<p>I hvert fald har <a href=\"https:\/\/en.wikipedia.org\/wiki\/JWH-018\">mediet<\/a> redegjort for \u00e9t tilf\u00e6lde af JWH-018-afh\u00e6ngighed. Klienten gennembr\u00e6ndte JWH-018 dag for dag i meget lang tid. Abstinensbivirkninger var mere alvorlige end dem, der blev opn\u00e5et p\u00e5 grund af cannabisafh\u00e6ngighed. JWH-018 til salg online har vist sig at for\u00e5rsage betydelige \u00e6ndringer i CB1-receptortykkelse efter organisation, hvilket g\u00f8r desensibilisering til dets ejendele hurtigere end relaterede cannabinoider.<\/p>\n<p>Den 15. oktober 2011 krediterede Anderson County retsmediciner Greg Shore videregivelse af en South Carolina skoleboldspiller til &#8220;narkogift og organskuffelse&#8221; for\u00e5rsaget af JWH-018. En e-mail dateret den 4. november 2011 vedr\u00f8rende sagen blev endelig leveret af byen Anderson S.C. den 16. december 2011 i henhold til Freedom of Information Act efter forskellige krav fra medierne om at se dataene var blevet afvist.<\/p>\n<p>I mods\u00e6tning til THC, som er en ufuldst\u00e6ndig <a href=\"https:\/\/en.wikipedia.org\/wiki\/JWH-018\">agonist<\/a> ved CB1-receptorer, ved k\u00f8b af JWH-018 online, og talrige konstruerede cannabinoider, er fulde agonister. THC har vist sig at hindre GABA-receptor neurotransmission i storhjernen ved hj\u00e6lp af nogle f\u00e5 veje. JWH-018 kan for\u00e5rsage ekstrem uro, ophidselse, og i ualmindelige tilf\u00e6lde (for det meste med ikke-standard JWH-klienter) forventes det at have v\u00e6ret \u00e5rsagen til anfald og spasmer ved at begr\u00e6nse GABA neurotransmission mere tilstr\u00e6kkeligt end THC. Cannabinoid-receptor-agonister kan medf\u00f8re \u00e6gte farer for klienten, n\u00e5r de bruges ekstravagant.<\/p>\n<p>Forskellige fysiske og mentale uvenlige p\u00e5virkninger er blevet forklaret ved brug af JWH-018 k\u00f8bt online. En unders\u00f8gelse detaljerede vanvittige tilbageskridt og urolige bivirkninger hos alle omkring behandlede patienter med psykologisk sygdom efter JWH-018-inhalation.[21] P\u00e5 grund af bekymringer om evnen af \u200b\u200bJWH-018 og andre fremstillede cannabinoider til at for\u00e5rsage psykose hos svage mennesker, er det blevet foresl\u00e5et, at personer med farefaktorer for maniske sygdomme (som en tidligere eller familiem\u00e6ssig baggrund af psykose) ikke bruger disse stoffer.<\/p>\n<p>I \u00f8jeblikket er det blevet gjort nemt at k\u00f8be JWH-018 online p\u00e5 flere websteder, der leverer tjenesterne, og du kan bestille JWH-018 online uden at spilde s\u00e5 meget tid. Rolland Meds giver dig den bedste service, og du kan bestille JWH-018 online hos dem og f\u00e5 din levering til tiden b\u00e5de sikkert og forsvarligt.<\/p>\n<p><strong>Ved du, hvor man kan k\u00f8be JWH-018?<\/strong><\/p>\n<p>JWH-018 til salg, JWH-018 gadev\u00e6rdi, JWH-018 dosering, hvordan man laver JWH-018, hvor kan jeg JWH-018 online, hvor kan man f\u00e5 JWH-018, hvad er JWH-018, JWH-018 i premium kvalitet til salg. Alle disse ubesvarede sp\u00f8rgsm\u00e5l kan f\u00e5 deres svar gennem os. Du skal bare gennem vores hjemmeside, og du vil f\u00e5 svar p\u00e5, hvordan og hvor du kan k\u00f8be JWH-018 online.<\/p>\n<p>Hvad med JWH-018? Ved du ogs\u00e5, hvor man kan f\u00e5 JWH-018 til salg online? k\u00f8b JWH-018 til salg, hvordan laver man JWH-018 , hvordan ser JWH-018 ud, JWH-018 vejpris, JWH-018 pris, hvor kan man k\u00f8be JWH-018 , ren JWH-018 , hvor kan jeg k\u00f8be JWH-018 online, k\u00f8b ren JWH-018 online.<\/p>\n<p>God kvalitet JWH-018 online: Det er fuldst\u00e6ndig forst\u00e5et, at folk ikke hurtigt stoler p\u00e5 kvaliteten af \u200b\u200bJWH-018 online, der s\u00e6lges online fordi de ikke kan unders\u00f8ge det fysisk. Men det er ikke det samme med Online JWH-018 online leverand\u00f8rer. Produkterne her er tro mod deres beskrivelse med vedligeholdelse af h\u00f8j kvalitet udf\u00f8rt under opsyn af eksperter.<\/p>\n<p>Hurtigt &amp; Diskret forsendelse: Leveringen af \u200b\u200bJWH-018 online efter modtagelse af ordren sker inden for den lovede tidsramme. Fragtteamet s\u00e6tter alle deres kr\u00e6fter i at g\u00f8re forsendelses- og leveringsproceduren glat og hurtig. Du kan ogs\u00e5 forvente fremragende service, n\u00e5r du k\u00f8ber JWH-018 online fra en professionel p\u00e5 onlineplatformen.<\/p>\n","protected":false},"excerpt":{"rendered":"<p>K\u00f8b\u00a0<a href=\"https:\/\/en.wikipedia.org\/wiki\/JWH-018\">JWH-018\u00a0<\/a>online. JWH-018 er en fremstillet cannabinoid, der findes i forskellige former for den hjemmedyrkede blanding &#8220;Zest&#8221;. Den ulovlige brug af denne Spice-cannabinoid er centreret omkring dens psykoaktive virkninger, som efterligner virkningerne af \u03949-THC i cannabis.<\/p>\n","protected":false},"featured_media":7789,"comment_status":"open","ping_status":"closed","template":"","meta":{"inline_featured_image":false},"product_brand":[],"product_cat":[264],"product_tag":[337,343,344,339,340,342,341,338],"class_list":{"0":"post-7754","1":"product","2":"type-product","3":"status-publish","4":"has-post-thumbnail","6":"product_cat-forskningskemisk","7":"product_tag-99-renhed-jwh-018-online","8":"product_tag-ordre-jwh-018","9":"product_tag-bestil-jwh-018-online","10":"product_tag-how-to-get-jwh-018","11":"product_tag-jwh-018","12":"product_tag-jwh-018-street-value","13":"product_tag-jwh-018-til-salg","14":"product_tag-kb-jwh-018-online","16":"first","17":"instock","18":"shipping-taxable","19":"purchasable","20":"product-type-variable","21":"has-default-attributes"},"yoast_head":"<!-- This site is optimized with the Yoast SEO Premium plugin v19.2 (Yoast SEO v27.3) - https:\/\/yoast.com\/product\/yoast-seo-premium-wordpress\/ -->\n<title>Kaufen Sie JWH-018 Pulver online - Everyday Chem Shop<\/title>\n<meta name=\"description\" content=\"Kaufen Sie JWH-018 Pulver online. Hvis du leder efter, hvordan du k\u00f8ber JWH-018 online, s\u00e5 er du p\u00e5 det rigtige sted at k\u00f8be JWH-018 online.\" \/>\n<meta name=\"robots\" content=\"index, follow, max-snippet:-1, max-image-preview:large, max-video-preview:-1\" \/>\n<link rel=\"canonical\" href=\"https:\/\/everydaychemshop.com\/da\/product\/kob-jwh-018-online\/\" \/>\n<meta property=\"og:locale\" content=\"en_US\" \/>\n<meta property=\"og:type\" content=\"article\" \/>\n<meta property=\"og:title\" content=\"K\u00f8b JWH-018 online\" \/>\n<meta property=\"og:description\" content=\"Kaufen Sie JWH-018 Pulver online. Hvis du leder efter, hvordan du k\u00f8ber JWH-018 online, s\u00e5 er du p\u00e5 det rigtige sted at k\u00f8be JWH-018 online.\" \/>\n<meta property=\"og:url\" content=\"https:\/\/everydaychemshop.com\/da\/product\/kob-jwh-018-online\/\" \/>\n<meta property=\"og:site_name\" content=\"Everyday Chem Shop\" \/>\n<meta property=\"article:modified_time\" content=\"2023-04-08T07:16:41+00:00\" \/>\n<meta property=\"og:image\" content=\"https:\/\/everydaychemshop.com\/da\/wp-content\/uploads\/sites\/2\/2022\/11\/Jwh018.jpg\" \/>\n\t<meta property=\"og:image:width\" content=\"1200\" \/>\n\t<meta property=\"og:image:height\" content=\"1200\" \/>\n\t<meta property=\"og:image:type\" content=\"image\/jpeg\" \/>\n<meta name=\"twitter:card\" content=\"summary_large_image\" \/>\n<meta name=\"twitter:label1\" content=\"Est. reading time\" \/>\n\t<meta name=\"twitter:data1\" content=\"3 minutes\" \/>\n<script type=\"application\/ld+json\" class=\"yoast-schema-graph\">{\"@context\":\"https:\\\/\\\/schema.org\",\"@graph\":[{\"@type\":\"WebPage\",\"@id\":\"https:\\\/\\\/everydaychemshop.com\\\/da\\\/product\\\/kob-jwh-018-online\\\/\",\"url\":\"https:\\\/\\\/everydaychemshop.com\\\/da\\\/product\\\/kob-jwh-018-online\\\/\",\"name\":\"Kaufen Sie JWH-018 Pulver online - Everyday Chem Shop\",\"isPartOf\":{\"@id\":\"https:\\\/\\\/everydaychemshop.com\\\/da\\\/#website\"},\"primaryImageOfPage\":{\"@id\":\"https:\\\/\\\/everydaychemshop.com\\\/da\\\/product\\\/kob-jwh-018-online\\\/#primaryimage\"},\"image\":{\"@id\":\"https:\\\/\\\/everydaychemshop.com\\\/da\\\/product\\\/kob-jwh-018-online\\\/#primaryimage\"},\"thumbnailUrl\":\"https:\\\/\\\/everydaychemshop.com\\\/da\\\/wp-content\\\/uploads\\\/sites\\\/2\\\/2022\\\/11\\\/Jwh018.jpg\",\"datePublished\":\"2022-11-16T09:46:02+00:00\",\"dateModified\":\"2023-04-08T07:16:41+00:00\",\"description\":\"Kaufen Sie JWH-018 Pulver online. Hvis du leder efter, hvordan du k\u00f8ber JWH-018 online, s\u00e5 er du p\u00e5 det rigtige sted at k\u00f8be JWH-018 online.\",\"breadcrumb\":{\"@id\":\"https:\\\/\\\/everydaychemshop.com\\\/da\\\/product\\\/kob-jwh-018-online\\\/#breadcrumb\"},\"inLanguage\":\"en-US\",\"potentialAction\":[{\"@type\":\"ReadAction\",\"target\":[\"https:\\\/\\\/everydaychemshop.com\\\/da\\\/product\\\/kob-jwh-018-online\\\/\"]}]},{\"@type\":\"ImageObject\",\"inLanguage\":\"en-US\",\"@id\":\"https:\\\/\\\/everydaychemshop.com\\\/da\\\/product\\\/kob-jwh-018-online\\\/#primaryimage\",\"url\":\"https:\\\/\\\/everydaychemshop.com\\\/da\\\/wp-content\\\/uploads\\\/sites\\\/2\\\/2022\\\/11\\\/Jwh018.jpg\",\"contentUrl\":\"https:\\\/\\\/everydaychemshop.com\\\/da\\\/wp-content\\\/uploads\\\/sites\\\/2\\\/2022\\\/11\\\/Jwh018.jpg\",\"width\":1200,\"height\":1200,\"caption\":\"Kaufen Sie JWH-018 Pulver online\"},{\"@type\":\"BreadcrumbList\",\"@id\":\"https:\\\/\\\/everydaychemshop.com\\\/da\\\/product\\\/kob-jwh-018-online\\\/#breadcrumb\",\"itemListElement\":[{\"@type\":\"ListItem\",\"position\":1,\"name\":\"Home\",\"item\":\"https:\\\/\\\/everydaychemshop.com\\\/da\\\/\"},{\"@type\":\"ListItem\",\"position\":2,\"name\":\"Produkter\",\"item\":\"https:\\\/\\\/everydaychemshop.com\\\/da\\\/produkter\\\/\"},{\"@type\":\"ListItem\",\"position\":3,\"name\":\"K\u00f8b JWH-018 online\"}]},{\"@type\":\"WebSite\",\"@id\":\"https:\\\/\\\/everydaychemshop.com\\\/da\\\/#website\",\"url\":\"https:\\\/\\\/everydaychemshop.com\\\/da\\\/\",\"name\":\"Everyday Chem Shop\",\"description\":\"\",\"potentialAction\":[{\"@type\":\"SearchAction\",\"target\":{\"@type\":\"EntryPoint\",\"urlTemplate\":\"https:\\\/\\\/everydaychemshop.com\\\/da\\\/?s={search_term_string}\"},\"query-input\":{\"@type\":\"PropertyValueSpecification\",\"valueRequired\":true,\"valueName\":\"search_term_string\"}}],\"inLanguage\":\"en-US\"}]}<\/script>\n<!-- \/ Yoast SEO Premium plugin. -->","yoast_head_json":{"title":"Kaufen Sie JWH-018 Pulver online - Everyday Chem Shop","description":"Kaufen Sie JWH-018 Pulver online. Hvis du leder efter, hvordan du k\u00f8ber JWH-018 online, s\u00e5 er du p\u00e5 det rigtige sted at k\u00f8be JWH-018 online.","robots":{"index":"index","follow":"follow","max-snippet":"max-snippet:-1","max-image-preview":"max-image-preview:large","max-video-preview":"max-video-preview:-1"},"canonical":"https:\/\/everydaychemshop.com\/da\/product\/kob-jwh-018-online\/","og_locale":"en_US","og_type":"article","og_title":"K\u00f8b JWH-018 online","og_description":"Kaufen Sie JWH-018 Pulver online. Hvis du leder efter, hvordan du k\u00f8ber JWH-018 online, s\u00e5 er du p\u00e5 det rigtige sted at k\u00f8be JWH-018 online.","og_url":"https:\/\/everydaychemshop.com\/da\/product\/kob-jwh-018-online\/","og_site_name":"Everyday Chem Shop","article_modified_time":"2023-04-08T07:16:41+00:00","og_image":[{"width":1200,"height":1200,"url":"https:\/\/everydaychemshop.com\/da\/wp-content\/uploads\/sites\/2\/2022\/11\/Jwh018.jpg","type":"image\/jpeg"}],"twitter_card":"summary_large_image","twitter_misc":{"Est. reading time":"3 minutes"},"schema":{"@context":"https:\/\/schema.org","@graph":[{"@type":"WebPage","@id":"https:\/\/everydaychemshop.com\/da\/product\/kob-jwh-018-online\/","url":"https:\/\/everydaychemshop.com\/da\/product\/kob-jwh-018-online\/","name":"Kaufen Sie JWH-018 Pulver online - Everyday Chem Shop","isPartOf":{"@id":"https:\/\/everydaychemshop.com\/da\/#website"},"primaryImageOfPage":{"@id":"https:\/\/everydaychemshop.com\/da\/product\/kob-jwh-018-online\/#primaryimage"},"image":{"@id":"https:\/\/everydaychemshop.com\/da\/product\/kob-jwh-018-online\/#primaryimage"},"thumbnailUrl":"https:\/\/everydaychemshop.com\/da\/wp-content\/uploads\/sites\/2\/2022\/11\/Jwh018.jpg","datePublished":"2022-11-16T09:46:02+00:00","dateModified":"2023-04-08T07:16:41+00:00","description":"Kaufen Sie JWH-018 Pulver online. Hvis du leder efter, hvordan du k\u00f8ber JWH-018 online, s\u00e5 er du p\u00e5 det rigtige sted at k\u00f8be JWH-018 online.","breadcrumb":{"@id":"https:\/\/everydaychemshop.com\/da\/product\/kob-jwh-018-online\/#breadcrumb"},"inLanguage":"en-US","potentialAction":[{"@type":"ReadAction","target":["https:\/\/everydaychemshop.com\/da\/product\/kob-jwh-018-online\/"]}]},{"@type":"ImageObject","inLanguage":"en-US","@id":"https:\/\/everydaychemshop.com\/da\/product\/kob-jwh-018-online\/#primaryimage","url":"https:\/\/everydaychemshop.com\/da\/wp-content\/uploads\/sites\/2\/2022\/11\/Jwh018.jpg","contentUrl":"https:\/\/everydaychemshop.com\/da\/wp-content\/uploads\/sites\/2\/2022\/11\/Jwh018.jpg","width":1200,"height":1200,"caption":"Kaufen Sie JWH-018 Pulver online"},{"@type":"BreadcrumbList","@id":"https:\/\/everydaychemshop.com\/da\/product\/kob-jwh-018-online\/#breadcrumb","itemListElement":[{"@type":"ListItem","position":1,"name":"Home","item":"https:\/\/everydaychemshop.com\/da\/"},{"@type":"ListItem","position":2,"name":"Produkter","item":"https:\/\/everydaychemshop.com\/da\/produkter\/"},{"@type":"ListItem","position":3,"name":"K\u00f8b JWH-018 online"}]},{"@type":"WebSite","@id":"https:\/\/everydaychemshop.com\/da\/#website","url":"https:\/\/everydaychemshop.com\/da\/","name":"Everyday Chem Shop","description":"","potentialAction":[{"@type":"SearchAction","target":{"@type":"EntryPoint","urlTemplate":"https:\/\/everydaychemshop.com\/da\/?s={search_term_string}"},"query-input":{"@type":"PropertyValueSpecification","valueRequired":true,"valueName":"search_term_string"}}],"inLanguage":"en-US"}]}},"_links":{"self":[{"href":"https:\/\/everydaychemshop.com\/da\/wp-json\/wp\/v2\/product\/7754","targetHints":{"allow":["GET"]}}],"collection":[{"href":"https:\/\/everydaychemshop.com\/da\/wp-json\/wp\/v2\/product"}],"about":[{"href":"https:\/\/everydaychemshop.com\/da\/wp-json\/wp\/v2\/types\/product"}],"replies":[{"embeddable":true,"href":"https:\/\/everydaychemshop.com\/da\/wp-json\/wp\/v2\/comments?post=7754"}],"wp:featuredmedia":[{"embeddable":true,"href":"https:\/\/everydaychemshop.com\/da\/wp-json\/wp\/v2\/media\/7789"}],"wp:attachment":[{"href":"https:\/\/everydaychemshop.com\/da\/wp-json\/wp\/v2\/media?parent=7754"}],"wp:term":[{"taxonomy":"product_brand","embeddable":true,"href":"https:\/\/everydaychemshop.com\/da\/wp-json\/wp\/v2\/product_brand?post=7754"},{"taxonomy":"product_cat","embeddable":true,"href":"https:\/\/everydaychemshop.com\/da\/wp-json\/wp\/v2\/product_cat?post=7754"},{"taxonomy":"product_tag","embeddable":true,"href":"https:\/\/everydaychemshop.com\/da\/wp-json\/wp\/v2\/product_tag?post=7754"}],"curies":[{"name":"wp","href":"https:\/\/api.w.org\/{rel}","templated":true}]}}