{"id":7762,"date":"2022-11-16T09:46:33","date_gmt":"2022-11-16T09:46:33","guid":{"rendered":"https:\/\/everydaychemshop.com\/da\/?post_type=product&#038;p=7762"},"modified":"2023-04-08T07:15:09","modified_gmt":"2023-04-08T07:15:09","slug":"kob-jwh-250-online","status":"publish","type":"product","link":"https:\/\/everydaychemshop.com\/da\/product\/kob-jwh-250-online\/","title":{"rendered":"JWH-250"},"content":{"rendered":"<h1>Kaufen Sie JWH-250 Pulver online<\/h1>\n<p><a href=\"https:\/\/everydaychemshop.com\/da\/product\/kob-jwh-250-online\/\">Kaufen Sie JWH-250 Pulver online<\/a>. JWH-250 er en fremstillet cannabinoid-receptoragonist, der er blevet identificeret i varer siden den sidste del af 2000&#8217;erne. Det blev skabt af Dr. John W. Huffman, og en rapport om det blev distribueret i 2005 af Huffman et al. K\u00f8b JWH-250 p\u00e5 nettet.<\/p>\n<p>Medikamentet er en phenylacetylindol, og det fungerer som en agonist ved CB1- og CB2-receptorer. Den har en partialitet p\u00e5 ~11 nM ved CB1 og ~33 nM ved CB2.<\/p>\n<p>Et par \u00e5r efter, den f\u00f8rste gang blev refereret til i <a href=\"https:\/\/en.wikipedia.org\/ wiki\/JWH-250\">skriver<\/a>, JWH-250 kom p\u00e5 markedet, og den prim\u00e6re identifikation kom fra tysk politi i maj 2009. De opdagede medicinen i en naturlig blanding til rygning. K\u00f8b JWH-250 p\u00e5 nettet<\/p>\n<p>Det blev ligeledes genkendt i pulvere og kombinationer, der blev solgt over nettet til analytikere i Japan. Disse eksempler indeholdt 77-165 mg for hver vare.<\/p>\n<p>P\u00e5 grund af den m\u00e5de, den blev solgt p\u00e5, er enkeltpersoner n\u00e6sten helt sikkert kommet i kontakt med JWH-250 uden at anerkende det.<\/p>\n<p>Molar masse: 335,439 g\/mol<\/p>\n<p>ChEMBL Id: 188031<\/p>\n<p>ChemSpider ID: 23256117<\/p>\n<p>PubChem CID: 44397540<\/p>\n<p>Opskrift: C22H25NO2<\/p>\n<p><strong>Ved du, hvor man kan k\u00f8be JWH-250?<\/strong><\/p>\n<p>JWH-250 til salg, JWH-250 gadev\u00e6rdi, JWH-250 dosering, hvordan at lave JWH-250, hvor kan jeg JWH-250 online, hvor kan man f\u00e5 JWH-250, hvad er JWH-250, Premium kvalitet JWH-250 til salg. Alle disse ubesvarede sp\u00f8rgsm\u00e5l kan f\u00e5 deres svar gennem os. Du skal bare gennem vores hjemmeside, og du vil f\u00e5 svar p\u00e5, hvordan og hvor du kan k\u00f8be JWH-250 online.<\/p>\n<p>Hvad med JWH-250? Ved du ogs\u00e5, hvor man kan f\u00e5 JWH-250 til salg online? k\u00f8b JWH-250 til salg, hvordan laver man JWH-250 , hvordan ser JWH-250 ud, JWH-250 vejpris, JWH-250 pris, hvor kan man k\u00f8be JWH-250 , ren JWH-250 , hvor kan jeg k\u00f8be JWH -250 online, k\u00f8b ren JWH-250 online.<\/p>\n<p>God kvalitet JWH-250 online: Det er fuldst\u00e6ndig forst\u00e5et, at folk ikke hurtigt stoler p\u00e5 kvaliteten af \u200b\u200bJWH-250 online, der s\u00e6lges online, fordi de ikke kan unders\u00f8ge det fysisk. Men det er ikke det samme med Online JWH-250 online leverand\u00f8rer. Produkterne her er tro mod deres beskrivelse med vedligeholdelse af h\u00f8j kvalitet udf\u00f8rt under opsyn af eksperter.<\/p>\n<p>Hurtigt &amp; Diskret forsendelse: Leveringen af \u200b\u200bJWH-250 online efter modtagelse af ordren sker inden for den lovede tidsramme. Fragtteamet s\u00e6tter alle deres kr\u00e6fter i at g\u00f8re forsendelses- og leveringsproceduren glat og hurtig. Du kan ogs\u00e5 forvente fremragende service, n\u00e5r du k\u00f8ber JWH-250 online fra en professionel p\u00e5 onlineplatformen.<\/p>\n","protected":false},"excerpt":{"rendered":"<p>K\u00f8b\u00a0<a href=\"https:\/\/en.wikipedia.org\/wiki\/JWH-250\">JWH-250<\/a>\u00a0p\u00e5 nettet. JWH-250 er en fremstillet cannabinoid-receptoragonist, der er blevet identificeret i varer siden den sidste del af 2000&#8217;erne. Den blev skabt af Dr. John W. Huffman, og en rapport om den blev distribueret i 2005 af Huffman et al. K\u00f8b JWH-250 p\u00e5 nettet.<\/p>\n","protected":false},"featured_media":7790,"comment_status":"open","ping_status":"closed","template":"","meta":{"inline_featured_image":false},"product_brand":[],"product_cat":[264],"product_tag":[345,380,348,349,352,353,355,383,384,382,385,386,354,357,364,365,366,368,359,367,356,358,360,361,363,370,351,377,346,373,375,372,374,347,350,376,369,371,378,379,381],"class_list":{"0":"post-7762","1":"product","2":"type-product","3":"status-publish","4":"has-post-thumbnail","6":"product_cat-forskningskemisk","7":"product_tag-bedste-sted-til-kb-jwh-250","8":"product_tag-shop-jwh-250","9":"product_tag-buy-jwh-250-for-personal-use","10":"product_tag-buy-jwh-250-online","11":"product_tag-buy-modest-jwh-250-online","12":"product_tag-buy-modest-mephedrone-online","13":"product_tag-how-to-purchase-modest-jwh-250-worlwide-dispatching","14":"product_tag-hvor-kan-kbes-jwh-250","15":"product_tag-hvor-kan-kbes-jwh-250til-individuel-brug","16":"product_tag-hvor-kan-f-jwh-250-tilgngelige-til-kbes","17":"product_tag-hvor-kan-kbes-beskeden-jwh-250-butik","18":"product_tag-hvor-ville-jeg-kunne-kbe-jwh-250","19":"product_tag-hvordan-kbes-billig-jwh-250-forsendelse-over-hele-verden","20":"product_tag-jwh-250-aftale","21":"product_tag-jwh-250-anmodning","22":"product_tag-jwh-250-bruse-salte-tilgngelige-til-kbes","23":"product_tag-jwh-250-butik","24":"product_tag-jwh-250-engros","25":"product_tag-jwh-250-for-sale","26":"product_tag-jwh-250-hvor-til-kb","27":"product_tag-jwh-250-tilgngelig-til-kbes","28":"product_tag-jwh-250-lgemiddel-til-salg","29":"product_tag-jwh-250-medicin-tilgngelig-til-kbes","30":"product_tag-jwh-250-plante-nring-til-salg","31":"product_tag-jwh-250-purchase-sites","32":"product_tag-kb-gte-jwh-250-tilgngelig-til-kbes-side","33":"product_tag-kb-beskeden-jwh-250-til-plantebrug","34":"product_tag-kb-beskedne-jwh-250","35":"product_tag-kb-jwh-250","36":"product_tag-kb-jwh-250-tilgngelig-til-kbes","37":"product_tag-kb-jwh-250-p-nettet","38":"product_tag-kb-jwh-250-til-beskeden-vrdi","39":"product_tag-kb-jwh-250-til-individuel-brug","40":"product_tag-kb-jwh-250-til-overkommelige-priser","41":"product_tag-kb-legit-jwh-250-til-salg-webside","42":"product_tag-kbsmasse-jwh-250","43":"product_tag-mjwh-250-udbydere","44":"product_tag-purchase-jwh-250","45":"product_tag-quality-jwh-250-available-to-be-purchased","46":"product_tag-quality-jwh-250-for-sale","47":"product_tag-uforfalsket-jwh-250","49":"first","50":"instock","51":"sale","52":"featured","53":"shipping-taxable","54":"purchasable","55":"product-type-variable","56":"has-default-attributes"},"yoast_head":"<!-- This site is optimized with the Yoast SEO Premium plugin v19.2 (Yoast SEO v27.3) - https:\/\/yoast.com\/product\/yoast-seo-premium-wordpress\/ -->\n<title>Kaufen Sie JWH-250 Pulver online - Everyday Chem Shop<\/title>\n<meta name=\"description\" content=\"JKaufen Sie JWH-250 Pulver online. Hvis du leder efter, hvordan du k\u00f8ber JWH-250 online, s\u00e5 er du det rigtige sted at k\u00f8be JWH-250 online.\" \/>\n<meta name=\"robots\" content=\"index, follow, max-snippet:-1, max-image-preview:large, max-video-preview:-1\" \/>\n<link rel=\"canonical\" href=\"https:\/\/everydaychemshop.com\/da\/product\/kob-jwh-250-online\/\" \/>\n<meta property=\"og:locale\" content=\"en_US\" \/>\n<meta property=\"og:type\" content=\"article\" \/>\n<meta property=\"og:title\" content=\"JWH-250\" \/>\n<meta property=\"og:description\" content=\"JKaufen Sie JWH-250 Pulver online. Hvis du leder efter, hvordan du k\u00f8ber JWH-250 online, s\u00e5 er du det rigtige sted at k\u00f8be JWH-250 online.\" \/>\n<meta property=\"og:url\" content=\"https:\/\/everydaychemshop.com\/da\/product\/kob-jwh-250-online\/\" \/>\n<meta property=\"og:site_name\" content=\"Everyday Chem Shop\" \/>\n<meta property=\"article:modified_time\" content=\"2023-04-08T07:15:09+00:00\" \/>\n<meta property=\"og:image\" content=\"https:\/\/everydaychemshop.com\/da\/wp-content\/uploads\/sites\/2\/2022\/11\/jwh-250.jpg\" \/>\n\t<meta property=\"og:image:width\" content=\"1200\" \/>\n\t<meta property=\"og:image:height\" content=\"1200\" \/>\n\t<meta property=\"og:image:type\" content=\"image\/jpeg\" \/>\n<meta name=\"twitter:card\" content=\"summary_large_image\" \/>\n<meta name=\"twitter:label1\" content=\"Est. reading time\" \/>\n\t<meta name=\"twitter:data1\" content=\"2 minutes\" \/>\n<script type=\"application\/ld+json\" class=\"yoast-schema-graph\">{\"@context\":\"https:\\\/\\\/schema.org\",\"@graph\":[{\"@type\":\"WebPage\",\"@id\":\"https:\\\/\\\/everydaychemshop.com\\\/da\\\/product\\\/kob-jwh-250-online\\\/\",\"url\":\"https:\\\/\\\/everydaychemshop.com\\\/da\\\/product\\\/kob-jwh-250-online\\\/\",\"name\":\"Kaufen Sie JWH-250 Pulver online - Everyday Chem Shop\",\"isPartOf\":{\"@id\":\"https:\\\/\\\/everydaychemshop.com\\\/da\\\/#website\"},\"primaryImageOfPage\":{\"@id\":\"https:\\\/\\\/everydaychemshop.com\\\/da\\\/product\\\/kob-jwh-250-online\\\/#primaryimage\"},\"image\":{\"@id\":\"https:\\\/\\\/everydaychemshop.com\\\/da\\\/product\\\/kob-jwh-250-online\\\/#primaryimage\"},\"thumbnailUrl\":\"https:\\\/\\\/everydaychemshop.com\\\/da\\\/wp-content\\\/uploads\\\/sites\\\/2\\\/2022\\\/11\\\/jwh-250.jpg\",\"datePublished\":\"2022-11-16T09:46:33+00:00\",\"dateModified\":\"2023-04-08T07:15:09+00:00\",\"description\":\"JKaufen Sie JWH-250 Pulver online. Hvis du leder efter, hvordan du k\u00f8ber JWH-250 online, s\u00e5 er du det rigtige sted at k\u00f8be JWH-250 online.\",\"breadcrumb\":{\"@id\":\"https:\\\/\\\/everydaychemshop.com\\\/da\\\/product\\\/kob-jwh-250-online\\\/#breadcrumb\"},\"inLanguage\":\"en-US\",\"potentialAction\":[{\"@type\":\"ReadAction\",\"target\":[\"https:\\\/\\\/everydaychemshop.com\\\/da\\\/product\\\/kob-jwh-250-online\\\/\"]}]},{\"@type\":\"ImageObject\",\"inLanguage\":\"en-US\",\"@id\":\"https:\\\/\\\/everydaychemshop.com\\\/da\\\/product\\\/kob-jwh-250-online\\\/#primaryimage\",\"url\":\"https:\\\/\\\/everydaychemshop.com\\\/da\\\/wp-content\\\/uploads\\\/sites\\\/2\\\/2022\\\/11\\\/jwh-250.jpg\",\"contentUrl\":\"https:\\\/\\\/everydaychemshop.com\\\/da\\\/wp-content\\\/uploads\\\/sites\\\/2\\\/2022\\\/11\\\/jwh-250.jpg\",\"width\":1200,\"height\":1200,\"caption\":\"Kaufen Sie JWH-250 Pulver online\"},{\"@type\":\"BreadcrumbList\",\"@id\":\"https:\\\/\\\/everydaychemshop.com\\\/da\\\/product\\\/kob-jwh-250-online\\\/#breadcrumb\",\"itemListElement\":[{\"@type\":\"ListItem\",\"position\":1,\"name\":\"Home\",\"item\":\"https:\\\/\\\/everydaychemshop.com\\\/da\\\/\"},{\"@type\":\"ListItem\",\"position\":2,\"name\":\"Produkter\",\"item\":\"https:\\\/\\\/everydaychemshop.com\\\/da\\\/produkter\\\/\"},{\"@type\":\"ListItem\",\"position\":3,\"name\":\"JWH-250\"}]},{\"@type\":\"WebSite\",\"@id\":\"https:\\\/\\\/everydaychemshop.com\\\/da\\\/#website\",\"url\":\"https:\\\/\\\/everydaychemshop.com\\\/da\\\/\",\"name\":\"Everyday Chem Shop\",\"description\":\"\",\"potentialAction\":[{\"@type\":\"SearchAction\",\"target\":{\"@type\":\"EntryPoint\",\"urlTemplate\":\"https:\\\/\\\/everydaychemshop.com\\\/da\\\/?s={search_term_string}\"},\"query-input\":{\"@type\":\"PropertyValueSpecification\",\"valueRequired\":true,\"valueName\":\"search_term_string\"}}],\"inLanguage\":\"en-US\"}]}<\/script>\n<!-- \/ Yoast SEO Premium plugin. -->","yoast_head_json":{"title":"Kaufen Sie JWH-250 Pulver online - Everyday Chem Shop","description":"JKaufen Sie JWH-250 Pulver online. Hvis du leder efter, hvordan du k\u00f8ber JWH-250 online, s\u00e5 er du det rigtige sted at k\u00f8be JWH-250 online.","robots":{"index":"index","follow":"follow","max-snippet":"max-snippet:-1","max-image-preview":"max-image-preview:large","max-video-preview":"max-video-preview:-1"},"canonical":"https:\/\/everydaychemshop.com\/da\/product\/kob-jwh-250-online\/","og_locale":"en_US","og_type":"article","og_title":"JWH-250","og_description":"JKaufen Sie JWH-250 Pulver online. Hvis du leder efter, hvordan du k\u00f8ber JWH-250 online, s\u00e5 er du det rigtige sted at k\u00f8be JWH-250 online.","og_url":"https:\/\/everydaychemshop.com\/da\/product\/kob-jwh-250-online\/","og_site_name":"Everyday Chem Shop","article_modified_time":"2023-04-08T07:15:09+00:00","og_image":[{"width":1200,"height":1200,"url":"https:\/\/everydaychemshop.com\/da\/wp-content\/uploads\/sites\/2\/2022\/11\/jwh-250.jpg","type":"image\/jpeg"}],"twitter_card":"summary_large_image","twitter_misc":{"Est. reading time":"2 minutes"},"schema":{"@context":"https:\/\/schema.org","@graph":[{"@type":"WebPage","@id":"https:\/\/everydaychemshop.com\/da\/product\/kob-jwh-250-online\/","url":"https:\/\/everydaychemshop.com\/da\/product\/kob-jwh-250-online\/","name":"Kaufen Sie JWH-250 Pulver online - Everyday Chem Shop","isPartOf":{"@id":"https:\/\/everydaychemshop.com\/da\/#website"},"primaryImageOfPage":{"@id":"https:\/\/everydaychemshop.com\/da\/product\/kob-jwh-250-online\/#primaryimage"},"image":{"@id":"https:\/\/everydaychemshop.com\/da\/product\/kob-jwh-250-online\/#primaryimage"},"thumbnailUrl":"https:\/\/everydaychemshop.com\/da\/wp-content\/uploads\/sites\/2\/2022\/11\/jwh-250.jpg","datePublished":"2022-11-16T09:46:33+00:00","dateModified":"2023-04-08T07:15:09+00:00","description":"JKaufen Sie JWH-250 Pulver online. Hvis du leder efter, hvordan du k\u00f8ber JWH-250 online, s\u00e5 er du det rigtige sted at k\u00f8be JWH-250 online.","breadcrumb":{"@id":"https:\/\/everydaychemshop.com\/da\/product\/kob-jwh-250-online\/#breadcrumb"},"inLanguage":"en-US","potentialAction":[{"@type":"ReadAction","target":["https:\/\/everydaychemshop.com\/da\/product\/kob-jwh-250-online\/"]}]},{"@type":"ImageObject","inLanguage":"en-US","@id":"https:\/\/everydaychemshop.com\/da\/product\/kob-jwh-250-online\/#primaryimage","url":"https:\/\/everydaychemshop.com\/da\/wp-content\/uploads\/sites\/2\/2022\/11\/jwh-250.jpg","contentUrl":"https:\/\/everydaychemshop.com\/da\/wp-content\/uploads\/sites\/2\/2022\/11\/jwh-250.jpg","width":1200,"height":1200,"caption":"Kaufen Sie JWH-250 Pulver online"},{"@type":"BreadcrumbList","@id":"https:\/\/everydaychemshop.com\/da\/product\/kob-jwh-250-online\/#breadcrumb","itemListElement":[{"@type":"ListItem","position":1,"name":"Home","item":"https:\/\/everydaychemshop.com\/da\/"},{"@type":"ListItem","position":2,"name":"Produkter","item":"https:\/\/everydaychemshop.com\/da\/produkter\/"},{"@type":"ListItem","position":3,"name":"JWH-250"}]},{"@type":"WebSite","@id":"https:\/\/everydaychemshop.com\/da\/#website","url":"https:\/\/everydaychemshop.com\/da\/","name":"Everyday Chem Shop","description":"","potentialAction":[{"@type":"SearchAction","target":{"@type":"EntryPoint","urlTemplate":"https:\/\/everydaychemshop.com\/da\/?s={search_term_string}"},"query-input":{"@type":"PropertyValueSpecification","valueRequired":true,"valueName":"search_term_string"}}],"inLanguage":"en-US"}]}},"_links":{"self":[{"href":"https:\/\/everydaychemshop.com\/da\/wp-json\/wp\/v2\/product\/7762","targetHints":{"allow":["GET"]}}],"collection":[{"href":"https:\/\/everydaychemshop.com\/da\/wp-json\/wp\/v2\/product"}],"about":[{"href":"https:\/\/everydaychemshop.com\/da\/wp-json\/wp\/v2\/types\/product"}],"replies":[{"embeddable":true,"href":"https:\/\/everydaychemshop.com\/da\/wp-json\/wp\/v2\/comments?post=7762"}],"wp:featuredmedia":[{"embeddable":true,"href":"https:\/\/everydaychemshop.com\/da\/wp-json\/wp\/v2\/media\/7790"}],"wp:attachment":[{"href":"https:\/\/everydaychemshop.com\/da\/wp-json\/wp\/v2\/media?parent=7762"}],"wp:term":[{"taxonomy":"product_brand","embeddable":true,"href":"https:\/\/everydaychemshop.com\/da\/wp-json\/wp\/v2\/product_brand?post=7762"},{"taxonomy":"product_cat","embeddable":true,"href":"https:\/\/everydaychemshop.com\/da\/wp-json\/wp\/v2\/product_cat?post=7762"},{"taxonomy":"product_tag","embeddable":true,"href":"https:\/\/everydaychemshop.com\/da\/wp-json\/wp\/v2\/product_tag?post=7762"}],"curies":[{"name":"wp","href":"https:\/\/api.w.org\/{rel}","templated":true}]}}