{"id":7767,"date":"2022-11-16T09:46:36","date_gmt":"2022-11-16T09:46:36","guid":{"rendered":"https:\/\/everydaychemshop.com\/da\/?post_type=product&#038;p=7767"},"modified":"2023-04-08T07:12:27","modified_gmt":"2023-04-08T07:12:27","slug":"kob-mdma-online","status":"publish","type":"product","link":"https:\/\/everydaychemshop.com\/da\/product\/kob-mdma-online\/","title":{"rendered":"K\u00f8b MDMA (Ecstasy\/Molly) piller online"},"content":{"rendered":"<h1><strong>Kaufen Sie MDMA-Kristallpulver online<\/strong><\/h1>\n<p><a href=\"https:\/\/everydaychemshop.com\/da\/product\/kob-mdma-online\/\">Kaufen Sie MDMA-Kristallpulver online<\/a>. MDMA Powder Crystals er en medicin, der fungerer som b\u00e5de energigivende og hallucinogen, der leverer en forfriskende effekt, tid og perceptuelle drejninger og udvidet gl\u00e6de ved materielle oplevelser. 1,2 Typisk tages MDMA (en forkortelse for det syntetiske navn 3,4-methylendioxymethamfetamin) oralt, for det meste som en tablet eller etui, og dets ejendele holder sig i omkring 3 til 6 timer. Den normale portion er en til to tabletter, hvor hver tablet s\u00e6dvanligvis indeholder et sted mellem 60 og 120 milligram MDMA.1 Det er ikke bem\u00e6rkelsesv\u00e6rdigt for klienter at kr\u00e6ve en anden portion af medicinen, n\u00e5r virkningerne af hoveddelen begynder. at slide af. K\u00f8b MDMA p\u00e5 nettet<\/p>\n<p>it Powder Crystals, 3,4-Methylenedioxy-methamphetamine (MDMA) er en fremstillet medicin, <a href=\"https:\/\/da.wikipedia.org\/wiki\/MDMA\">der<\/a> \u00e6ndrer temperament og d\u00f8mmekraft (opm\u00e6rksomhed p\u00e5 omfattende genstande og forhold). Det er kunstigt som de to energigivere og stimulanser og frembringer fornemmelser af udvidet energi, gl\u00e6de, lidenskabelig varme og fordrejet h\u00e5ndgribelig og verdslig indsigt. K\u00f8b MDMA p\u00e5 nettet<\/p>\n<p>it Powder Crystals var f\u00f8rst velkendt i danseklubscenen og til dansefester hele natten (&#8220;raves&#8221;), men medicinen p\u00e5virker i \u00f8jeblikket en mere omfattende masse af individer, hvem vil i almindelighed kalde medicinen rapture eller molly.<\/p>\n<p>Hvordan bruger individer det Powder Crystals?<\/p>\n<p>it Powder Crystals accepterer det normalt som en beholder eller tablet, men nogle sluger det i v\u00e6ske strukturere eller grynte pulveret. Den ber\u00f8mte moniker Molly (slang for &#8220;atomisk&#8221;) hentyder regelm\u00e6ssigt til den sandsynligvis &#8220;uforfalskede&#8221; glaslignende pulvertype, der normalt s\u00e6lges i etuier. Ikke desto mindre f\u00e5r personer, der k\u00f8ber pulvere eller etuier, der s\u00e6lges som Molly, ofte forskellig medicin alt andet lige, f.eks. konstruerede cathinoner (&#8220;brusesalte&#8221;) (se &#8220;Ekstra risiko for MDMA&#8221;).<\/p>\n<p>it Pulverkrystaller i blanding med forskellige medikamenter som spiritus eller maryjane. K\u00f8b MDMA p\u00e5 nettet<\/p>\n<p>det udvider bev\u00e6gelsen af \u200b\u200btre syntetiske cerebrum-stoffer:<\/p>\n<p>Dopamin-for\u00e5rsager en ekspansion i opstemthed og udvidet energi\/bev\u00e6gelse.<\/p>\n<p>noradrenalin -udvider puls og kredsl\u00f8bsbelastning, hvilket er <a href=\"https:\/\/en.wikipedia.org\/wiki\/MDMA\">is\u00e6r<\/a> usikkert for personer med kardiovaskul\u00e6re problemer<\/p>\n<p>Serotonin-p\u00e5virkninger tankegang, trang, hvile og forskellige kapaciteter. Det udl\u00f8ser ligeledes kemikalier, der p\u00e5virker seksuel ophidselse og sikkerhed. Ankomsten af \u200b\u200ben masse serotonin for\u00e5rsager sandsynligvis den lidenskabelige n\u00e6rhed, h\u00e6vede sindstilstand og sympati, som kunderne f\u00f8ler<\/p>\n<p><strong>Ved du, hvor man kan k\u00f8be MDMA?<\/strong><\/p>\n<p>MDMA til salg, MDMA street value, MDMA dosering, hvordan man laver MDMA, hvor kan jeg MDMA online, hvor kan man f\u00e5 MDMA, hvad er MDMA, Premium kvalitet MDMA til salg. Alle disse ubesvarede sp\u00f8rgsm\u00e5l kan f\u00e5 deres svar gennem os. Du skal blot gennem vores hjemmeside, og du vil f\u00e5 svar p\u00e5, hvordan og hvor du kan k\u00f8be MDMA online.<\/p>\n<p>Hvad med MDMA? Ved du ogs\u00e5, hvor man kan f\u00e5 MDMA til salg online? k\u00f8b MDMA til salg, hvordan laver man MDMA, hvordan ser MDMA ud, MDAI gadepris, MDAI pris, hvor kan man k\u00f8be MDMA, ren MDAI, hvor kan jeg k\u00f8be MDMA online, k\u00f8b ren MDMA online.<\/p>\n<p>God kvalitet MDMA online: Det er fuldst\u00e6ndig forst\u00e5et, at folk ikke hurtigt stoler p\u00e5 kvaliteten af \u200b\u200bMDMA online, der s\u00e6lges online, fordi de ikke kan unders\u00f8ge det fysisk. Men det er ikke det samme med Online MDMA online leverand\u00f8rer. Produkterne her er tro mod deres beskrivelse med vedligeholdelse af h\u00f8j kvalitet udf\u00f8rt under opsyn af eksperter.<\/p>\n<p>Hurtigt &amp; Diskret forsendelse: Levering af MDMA online efter modtagelse af ordren sker inden for den lovede tidsramme. Fragtteamet s\u00e6tter alle deres kr\u00e6fter i at g\u00f8re forsendelses- og leveringsproceduren glat og hurtig. Du kan ogs\u00e5 forvente fremragende service, n\u00e5r at k\u00f8be MDMA online fra den professionelle p\u00e5 onlineplatformen.<\/p>\n","protected":false},"excerpt":{"rendered":"<p>K\u00f8b MDMA p\u00e5 nettet. <a href=\"https:\/\/en.wikipedia.org\/wiki\/MDMA\">MDMA Powder<\/a> Krystaller er en medicin, der fungerer som b\u00e5de energigivende og hallucinogent og giver en forfriskende effekt, tid og perceptuelle drejninger , og udvidet gl\u00e6de ved materielle oplevelser.<\/p>\n","protected":false},"featured_media":7791,"comment_status":"open","ping_status":"closed","template":"","meta":{"inline_featured_image":false},"product_brand":[],"product_cat":[264,116],"product_tag":[413,388,391,396,416,390,418,393,417,414,415,387,397,398,400,404,399,403,401,402,405,410,408,409,407,406,411,412,394,392,395,389],"class_list":{"0":"post-7767","1":"product","2":"type-product","3":"status-publish","4":"has-post-thumbnail","6":"product_cat-forskningskemisk","7":"product_cat-smertestillende-midler","8":"product_tag-ordre-mdma","9":"product_tag-different-ways-to-take-molly","10":"product_tag-how-much-does-speed-cost-per-gram","11":"product_tag-how-to-purchase-lsd","12":"product_tag-hvad-gr-molly-ved-dig","13":"product_tag-hvor-lnge-gider-molly","14":"product_tag-hvor-kan-kbes-mdma-p-nettet","15":"product_tag-hvordan-man-kber-mdma","16":"product_tag-hvordan-ligner-ren-molly","17":"product_tag-kb-mdma-med-bitcoin","18":"product_tag-kb-beskeden-mdma-p-nettet","19":"product_tag-krystal-molly-effekter","20":"product_tag-lavpris-mdma","21":"product_tag-lav-rate-mdma","22":"product_tag-mda-krystaller","23":"product_tag-mdma-leverandrer","24":"product_tag-lavvrdi-mdma","25":"product_tag-mdma-perle-tilgngelig-til-kbes","26":"product_tag-mdma-rabat","27":"product_tag-mdma-til-salg","28":"product_tag-methylendioxyphenethylamin","29":"product_tag-molly-bivirkninger-nste-dag","30":"product_tag-molly-drug-effects","31":"product_tag-molly-drug-ingredients","32":"product_tag-molly-krystaller-bivirkninger","33":"product_tag-molly-krystaller-pris","34":"product_tag-molly-vs-ecstacy","35":"product_tag-online-kb-mdma","36":"product_tag-hvordan-du-fr-mest-ud-af-molly","37":"product_tag-hvordan-til-kber-lsd","38":"product_tag-hvordan-man-faldskrm-molly","39":"product_tag-effekter-af-molly","41":"first","42":"instock","43":"shipping-taxable","44":"purchasable","45":"product-type-variable","46":"has-default-attributes"},"yoast_head":"<!-- This site is optimized with the Yoast SEO Premium plugin v19.2 (Yoast SEO v27.3) - https:\/\/yoast.com\/product\/yoast-seo-premium-wordpress\/ -->\n<title>Kaufen Sie MDMA-Kristallpulver online - Everyday Chem Shop<\/title>\n<meta name=\"description\" content=\"Kaufen Sie MDMA-Kristallpulver online. Hvis du leder efter, hvordan du k\u00f8ber MDMA online, s\u00e5 er du det rigtige sted at k\u00f8be MDMA online.\" \/>\n<meta name=\"robots\" content=\"index, follow, max-snippet:-1, max-image-preview:large, max-video-preview:-1\" \/>\n<link rel=\"canonical\" href=\"https:\/\/everydaychemshop.com\/da\/product\/kob-mdma-online\/\" \/>\n<meta property=\"og:locale\" content=\"en_US\" \/>\n<meta property=\"og:type\" content=\"article\" \/>\n<meta property=\"og:title\" content=\"K\u00f8b MDMA (Ecstasy\/Molly) piller online\" \/>\n<meta property=\"og:description\" content=\"Kaufen Sie MDMA-Kristallpulver online. Hvis du leder efter, hvordan du k\u00f8ber MDMA online, s\u00e5 er du det rigtige sted at k\u00f8be MDMA online.\" \/>\n<meta property=\"og:url\" content=\"https:\/\/everydaychemshop.com\/da\/product\/kob-mdma-online\/\" \/>\n<meta property=\"og:site_name\" content=\"Everyday Chem Shop\" \/>\n<meta property=\"article:modified_time\" content=\"2023-04-08T07:12:27+00:00\" \/>\n<meta property=\"og:image\" content=\"https:\/\/everydaychemshop.com\/da\/wp-content\/uploads\/sites\/2\/2022\/11\/Buy-Mdma-pills.jpg\" \/>\n\t<meta property=\"og:image:width\" content=\"1200\" \/>\n\t<meta property=\"og:image:height\" content=\"1200\" \/>\n\t<meta property=\"og:image:type\" content=\"image\/jpeg\" \/>\n<meta name=\"twitter:card\" content=\"summary_large_image\" \/>\n<meta name=\"twitter:label1\" content=\"Est. reading time\" \/>\n\t<meta name=\"twitter:data1\" content=\"3 minutes\" \/>\n<script type=\"application\/ld+json\" class=\"yoast-schema-graph\">{\"@context\":\"https:\\\/\\\/schema.org\",\"@graph\":[{\"@type\":\"WebPage\",\"@id\":\"https:\\\/\\\/everydaychemshop.com\\\/da\\\/product\\\/kob-mdma-online\\\/\",\"url\":\"https:\\\/\\\/everydaychemshop.com\\\/da\\\/product\\\/kob-mdma-online\\\/\",\"name\":\"Kaufen Sie MDMA-Kristallpulver online - Everyday Chem Shop\",\"isPartOf\":{\"@id\":\"https:\\\/\\\/everydaychemshop.com\\\/da\\\/#website\"},\"primaryImageOfPage\":{\"@id\":\"https:\\\/\\\/everydaychemshop.com\\\/da\\\/product\\\/kob-mdma-online\\\/#primaryimage\"},\"image\":{\"@id\":\"https:\\\/\\\/everydaychemshop.com\\\/da\\\/product\\\/kob-mdma-online\\\/#primaryimage\"},\"thumbnailUrl\":\"https:\\\/\\\/everydaychemshop.com\\\/da\\\/wp-content\\\/uploads\\\/sites\\\/2\\\/2022\\\/11\\\/Buy-Mdma-pills.jpg\",\"datePublished\":\"2022-11-16T09:46:36+00:00\",\"dateModified\":\"2023-04-08T07:12:27+00:00\",\"description\":\"Kaufen Sie MDMA-Kristallpulver online. Hvis du leder efter, hvordan du k\u00f8ber MDMA online, s\u00e5 er du det rigtige sted at k\u00f8be MDMA online.\",\"breadcrumb\":{\"@id\":\"https:\\\/\\\/everydaychemshop.com\\\/da\\\/product\\\/kob-mdma-online\\\/#breadcrumb\"},\"inLanguage\":\"en-US\",\"potentialAction\":[{\"@type\":\"ReadAction\",\"target\":[\"https:\\\/\\\/everydaychemshop.com\\\/da\\\/product\\\/kob-mdma-online\\\/\"]}]},{\"@type\":\"ImageObject\",\"inLanguage\":\"en-US\",\"@id\":\"https:\\\/\\\/everydaychemshop.com\\\/da\\\/product\\\/kob-mdma-online\\\/#primaryimage\",\"url\":\"https:\\\/\\\/everydaychemshop.com\\\/da\\\/wp-content\\\/uploads\\\/sites\\\/2\\\/2022\\\/11\\\/Buy-Mdma-pills.jpg\",\"contentUrl\":\"https:\\\/\\\/everydaychemshop.com\\\/da\\\/wp-content\\\/uploads\\\/sites\\\/2\\\/2022\\\/11\\\/Buy-Mdma-pills.jpg\",\"width\":1200,\"height\":1200,\"caption\":\"Kaufen Sie MDMA-Kristallpulver online\"},{\"@type\":\"BreadcrumbList\",\"@id\":\"https:\\\/\\\/everydaychemshop.com\\\/da\\\/product\\\/kob-mdma-online\\\/#breadcrumb\",\"itemListElement\":[{\"@type\":\"ListItem\",\"position\":1,\"name\":\"Home\",\"item\":\"https:\\\/\\\/everydaychemshop.com\\\/da\\\/\"},{\"@type\":\"ListItem\",\"position\":2,\"name\":\"Produkter\",\"item\":\"https:\\\/\\\/everydaychemshop.com\\\/da\\\/produkter\\\/\"},{\"@type\":\"ListItem\",\"position\":3,\"name\":\"K\u00f8b MDMA (Ecstasy\\\/Molly) piller online\"}]},{\"@type\":\"WebSite\",\"@id\":\"https:\\\/\\\/everydaychemshop.com\\\/da\\\/#website\",\"url\":\"https:\\\/\\\/everydaychemshop.com\\\/da\\\/\",\"name\":\"Everyday Chem Shop\",\"description\":\"\",\"potentialAction\":[{\"@type\":\"SearchAction\",\"target\":{\"@type\":\"EntryPoint\",\"urlTemplate\":\"https:\\\/\\\/everydaychemshop.com\\\/da\\\/?s={search_term_string}\"},\"query-input\":{\"@type\":\"PropertyValueSpecification\",\"valueRequired\":true,\"valueName\":\"search_term_string\"}}],\"inLanguage\":\"en-US\"}]}<\/script>\n<!-- \/ Yoast SEO Premium plugin. -->","yoast_head_json":{"title":"Kaufen Sie MDMA-Kristallpulver online - Everyday Chem Shop","description":"Kaufen Sie MDMA-Kristallpulver online. Hvis du leder efter, hvordan du k\u00f8ber MDMA online, s\u00e5 er du det rigtige sted at k\u00f8be MDMA online.","robots":{"index":"index","follow":"follow","max-snippet":"max-snippet:-1","max-image-preview":"max-image-preview:large","max-video-preview":"max-video-preview:-1"},"canonical":"https:\/\/everydaychemshop.com\/da\/product\/kob-mdma-online\/","og_locale":"en_US","og_type":"article","og_title":"K\u00f8b MDMA (Ecstasy\/Molly) piller online","og_description":"Kaufen Sie MDMA-Kristallpulver online. Hvis du leder efter, hvordan du k\u00f8ber MDMA online, s\u00e5 er du det rigtige sted at k\u00f8be MDMA online.","og_url":"https:\/\/everydaychemshop.com\/da\/product\/kob-mdma-online\/","og_site_name":"Everyday Chem Shop","article_modified_time":"2023-04-08T07:12:27+00:00","og_image":[{"width":1200,"height":1200,"url":"https:\/\/everydaychemshop.com\/da\/wp-content\/uploads\/sites\/2\/2022\/11\/Buy-Mdma-pills.jpg","type":"image\/jpeg"}],"twitter_card":"summary_large_image","twitter_misc":{"Est. reading time":"3 minutes"},"schema":{"@context":"https:\/\/schema.org","@graph":[{"@type":"WebPage","@id":"https:\/\/everydaychemshop.com\/da\/product\/kob-mdma-online\/","url":"https:\/\/everydaychemshop.com\/da\/product\/kob-mdma-online\/","name":"Kaufen Sie MDMA-Kristallpulver online - Everyday Chem Shop","isPartOf":{"@id":"https:\/\/everydaychemshop.com\/da\/#website"},"primaryImageOfPage":{"@id":"https:\/\/everydaychemshop.com\/da\/product\/kob-mdma-online\/#primaryimage"},"image":{"@id":"https:\/\/everydaychemshop.com\/da\/product\/kob-mdma-online\/#primaryimage"},"thumbnailUrl":"https:\/\/everydaychemshop.com\/da\/wp-content\/uploads\/sites\/2\/2022\/11\/Buy-Mdma-pills.jpg","datePublished":"2022-11-16T09:46:36+00:00","dateModified":"2023-04-08T07:12:27+00:00","description":"Kaufen Sie MDMA-Kristallpulver online. Hvis du leder efter, hvordan du k\u00f8ber MDMA online, s\u00e5 er du det rigtige sted at k\u00f8be MDMA online.","breadcrumb":{"@id":"https:\/\/everydaychemshop.com\/da\/product\/kob-mdma-online\/#breadcrumb"},"inLanguage":"en-US","potentialAction":[{"@type":"ReadAction","target":["https:\/\/everydaychemshop.com\/da\/product\/kob-mdma-online\/"]}]},{"@type":"ImageObject","inLanguage":"en-US","@id":"https:\/\/everydaychemshop.com\/da\/product\/kob-mdma-online\/#primaryimage","url":"https:\/\/everydaychemshop.com\/da\/wp-content\/uploads\/sites\/2\/2022\/11\/Buy-Mdma-pills.jpg","contentUrl":"https:\/\/everydaychemshop.com\/da\/wp-content\/uploads\/sites\/2\/2022\/11\/Buy-Mdma-pills.jpg","width":1200,"height":1200,"caption":"Kaufen Sie MDMA-Kristallpulver online"},{"@type":"BreadcrumbList","@id":"https:\/\/everydaychemshop.com\/da\/product\/kob-mdma-online\/#breadcrumb","itemListElement":[{"@type":"ListItem","position":1,"name":"Home","item":"https:\/\/everydaychemshop.com\/da\/"},{"@type":"ListItem","position":2,"name":"Produkter","item":"https:\/\/everydaychemshop.com\/da\/produkter\/"},{"@type":"ListItem","position":3,"name":"K\u00f8b MDMA (Ecstasy\/Molly) piller online"}]},{"@type":"WebSite","@id":"https:\/\/everydaychemshop.com\/da\/#website","url":"https:\/\/everydaychemshop.com\/da\/","name":"Everyday Chem Shop","description":"","potentialAction":[{"@type":"SearchAction","target":{"@type":"EntryPoint","urlTemplate":"https:\/\/everydaychemshop.com\/da\/?s={search_term_string}"},"query-input":{"@type":"PropertyValueSpecification","valueRequired":true,"valueName":"search_term_string"}}],"inLanguage":"en-US"}]}},"_links":{"self":[{"href":"https:\/\/everydaychemshop.com\/da\/wp-json\/wp\/v2\/product\/7767","targetHints":{"allow":["GET"]}}],"collection":[{"href":"https:\/\/everydaychemshop.com\/da\/wp-json\/wp\/v2\/product"}],"about":[{"href":"https:\/\/everydaychemshop.com\/da\/wp-json\/wp\/v2\/types\/product"}],"replies":[{"embeddable":true,"href":"https:\/\/everydaychemshop.com\/da\/wp-json\/wp\/v2\/comments?post=7767"}],"wp:featuredmedia":[{"embeddable":true,"href":"https:\/\/everydaychemshop.com\/da\/wp-json\/wp\/v2\/media\/7791"}],"wp:attachment":[{"href":"https:\/\/everydaychemshop.com\/da\/wp-json\/wp\/v2\/media?parent=7767"}],"wp:term":[{"taxonomy":"product_brand","embeddable":true,"href":"https:\/\/everydaychemshop.com\/da\/wp-json\/wp\/v2\/product_brand?post=7767"},{"taxonomy":"product_cat","embeddable":true,"href":"https:\/\/everydaychemshop.com\/da\/wp-json\/wp\/v2\/product_cat?post=7767"},{"taxonomy":"product_tag","embeddable":true,"href":"https:\/\/everydaychemshop.com\/da\/wp-json\/wp\/v2\/product_tag?post=7767"}],"curies":[{"name":"wp","href":"https:\/\/api.w.org\/{rel}","templated":true}]}}