{"id":7776,"date":"2022-11-16T09:47:01","date_gmt":"2022-11-16T09:47:01","guid":{"rendered":"https:\/\/everydaychemshop.com\/da\/?post_type=product&#038;p=7776"},"modified":"2023-04-08T07:11:03","modified_gmt":"2023-04-08T07:11:03","slug":"kob-mdai-online","status":"publish","type":"product","link":"https:\/\/everydaychemshop.com\/da\/product\/kob-mdai-online\/","title":{"rendered":"K\u00f8b MDAI online"},"content":{"rendered":"<h1>Kaufen Sie MDAI-Kristalle online<\/h1>\n<p><a href=\"https:\/\/everydaychemshop.com\/da\/product\/kob-mdai-online\/\">Kaufen Sie MDAI-Kristalle online<\/a>. MDAI og eventuelle resterende phenethylaminer, der s\u00e6lges p\u00e5 dette websted, foresl\u00e5s til forskning og videnskabelige anvendelser. Unders\u00f8gelsen syntetisk kaldet MDA.I er et arkitektl\u00e6gemiddel med mulige fysiologiske og psykoaktive p\u00e5virkninger og har den subatomare ligning C10H11NO2 &#8211; HCl. Ligningsv\u00e6gten <a href=\"https:\/\/en.wikipedia.org\/wiki\/MDAI\">har<\/a> en v\u00e6rdi p\u00e5 213,7 g\/mol. K\u00f8b MDAI p\u00e5 nettet.<\/p>\n<p>Dette stof er virkelig nyt, s\u00e5 de toksikologiske og fysiologiske egenskaber ved MDAI kendes ikke. Phenethylamin-datterselskaber, f.eks. 5,6-methylendioxy-2-aminoindan, kan have energizer og entaktogene egenskaber. K\u00f8b MDAI p\u00e5 nettet.<\/p>\n<p>6,7-Dihydro-5H-indeno[5,6-d]-1,3-dioxol-6-amin, monohydrochlorid og eventuelle resterende skabermedicin, der s\u00e6lges p\u00e5 dette websted er foresl\u00e5et til forskning og m\u00e5lbare anvendelser.<\/p>\n<p>Opbevar denne phenethylamin p\u00e5 et k\u00f8ligt og t\u00f8rt sted. Sikkerheden for phenethylaminforbindelse MDA.I er s\u00e5 lang som 2 \u00e5r under lovlige kapacitetsforhold. K\u00f8b MDA.I p\u00e5 nettet.<\/p>\n<p>Hvorfor k\u00f8be MDA.I hos os?<\/p>\n<p>\u2605 Vi har en lang udvekslingshistorie p\u00e5 markedet, s\u00e5 du vil drage fordel af vores erfaring.<\/p>\n<p>\u2605 MDAI er blevet pr\u00f8vet og tjekket.<\/p>\n<p>\u2605 Du kan k\u00f8be MDAI ved at bruge Bitcoin, MoneyGram og Western Union eller bankoverf\u00f8rsel.<\/p>\n<p>Hvad f\u00e5r du, n\u00e5r du k\u00f8ber MDA.I fra os?<\/p>\n<p>&#8211; En fast aluminiumsfolielomme indeholdende 6,7-dihydro-5H-indeno[5,6-d]-1,3-dioxol-6-amin, monohydrochlorid forskningssyntetisk af h\u00f8jeste kvalitet<\/p>\n<p>&#8211; Ren glasagtig st\u00e6rk opskrift<\/p>\n<p>&#8211; \u226598 % pletfri<\/p>\n<p>MDAI-anmodning p\u00e5 nettet, MDAI tilg\u00e6ngelig til k\u00f8b, MDAI-middel, MDAI 10mg, MDAI-piller til r\u00e5dighed for k\u00f8b p\u00e5 nettet, hvordan man f\u00e5r MDAI-opl\u00f8sning, hvordan man f\u00e5r MDAI, MDAI, MDAI-dosis, MDAI 60 mg kan k\u00f8bes, MDAI 15 mg road esteem, MDAI-piller kan k\u00f8bes, MDAI kan k\u00f8bes uden afhj\u00e6lpning, MDAI-sulfattabletter kan k\u00f8bes, MDAI kan k\u00f8bes, MD AI tilg\u00e6ngelig til k\u00f8b, MDAI 30mg tilg\u00e6ngelig til k\u00f8b, MDAI piller tilg\u00e6ngelig til k\u00f8b p\u00e5 nettet, MDAI pulver tilg\u00e6ngelig til k\u00f8b, MDAI tilg\u00e6ngelig til k\u00f8b, MDAI tilg\u00e6ngelig til k\u00f8b uden afhj\u00e6lpning, MDAI tilg\u00e6ngelig til k\u00f8b i udlandet , k\u00f8b MDAI p\u00e5 nettet, MDAI tilg\u00e6ngelig for k\u00f8b, hvordan f\u00e5r du MDAI, anmod om MDAI .<\/p>\n<p>Vi tilbyder hurtig service mellem 1-2 dage universelt. Vores forsendelser er 100 % forsigtige og sikrer p\u00e5 denne m\u00e5de alle kunder og bundter til transport, hvilket g\u00f8r forretningen konsekvent til en triumf.<\/p>\n<p><strong>Ved du, hvor man kan k\u00f8be MDAI?<\/strong><\/p>\n<p>MDAI til salg, MDAI street value, MDAI dosering, hvordan man laver MDAI , hvor kan jeg MDAI online, hvor kan man f\u00e5 MDAI , hvad er MDAI , Premium kvalitet MDAI til salg. Alle disse ubesvarede sp\u00f8rgsm\u00e5l kan f\u00e5 deres svar gennem os Du skal bare gennem vores hjemmeside, og du vil f\u00e5 svar p\u00e5, hvordan og hvor du kan k\u00f8be MDAI online.<\/p>\n<p>Hvad med MDAI? Ved du ogs\u00e5, hvor du kan f\u00e5 MDAI til salg online? k\u00f8b MDAI til salg, hvordan laver man MDAI , hvordan ser MDAI ud, MDAI gadepris, MDAI pris, hvor kan man k\u00f8be MDAI , ren MDAI, hvor kan jeg k\u00f8be MDAI online, k\u00f8b ren MDAI online.<\/p>\n<p>God kvalitet MDAI online: Det er fuldst\u00e6ndig forst\u00e5et, at folk d p\u00e5 ikke hurtigt stole p\u00e5 kvaliteten af \u200b\u200bMDAI online, der s\u00e6lges online, fordi de ikke kan unders\u00f8ge det fysisk. Men det er ikke det samme med Online MDAI online leverand\u00f8rer. Produkterne her er tro mod deres beskrivelse med vedligeholdelse af h\u00f8j kvalitet udf\u00f8rt under opsyn af eksperter.<\/p>\n<p>Hurtigt &amp; Diskret forsendelse: Leveringen af \u200b\u200bMDAIonline efter modtagelse af ordren sker inden for den lovede tidsramme. Fragtteamet s\u00e6tter alle deres kr\u00e6fter i at g\u00f8re forsendelses- og leveringsproceduren glat og hurtig. Du kan ogs\u00e5 forvente fremragende tjenester, n\u00e5r du k\u00f8ber MDAI online fra den professionelle p\u00e5 onlineplatformen.<\/p>\n","protected":false},"excerpt":{"rendered":"<p>MDAI, der s\u00e6lges online\u00a0har det fulde IUPAC-navn\u00a06,7-dihydro-5H-indeno[5,6-d]-1,3-dioxol-6-amin, monohydrochlorid, som tilh\u00f8rer en klasse af\u00a0phenethylamin-forskningskemikalier.<br \/>\nMDAI\u00a0\u00a0kan have entaktogen og stimulerende egenskaber.<\/p>\n","protected":false},"featured_media":7806,"comment_status":"open","ping_status":"closed","template":"","meta":{"inline_featured_image":false},"product_brand":[],"product_cat":[264],"product_tag":[426,425,419,420,424,421,423,422],"class_list":{"0":"post-7776","1":"product","2":"type-product","3":"status-publish","4":"has-post-thumbnail","6":"product_cat-forskningskemisk","7":"product_tag-bestil-mdai-online","8":"product_tag-ordreansger","9":"product_tag-buy-mdai-online","10":"product_tag-how-to-get-mdai","11":"product_tag-mdai-street-value","12":"product_tag-mdai-til-salg","13":"product_tag-mdai-til-salg-i-udlandet","14":"product_tag-mdai-til-salg-uden-recept","16":"first","17":"instock","18":"shipping-taxable","19":"purchasable","20":"product-type-variable","21":"has-default-attributes"},"yoast_head":"<!-- This site is optimized with the Yoast SEO Premium plugin v19.2 (Yoast SEO v27.3) - https:\/\/yoast.com\/product\/yoast-seo-premium-wordpress\/ -->\n<title>Kaufen Sie MDAI-Kristalle online - Everyday Chem Shop<\/title>\n<meta name=\"description\" content=\"Kaufen Sie MDAI-Kristalle online. Hvis du leder efter, hvordan du k\u00f8ber MDAI online, s\u00e5 er du det rigtige sted at k\u00f8be MDAI online.\" \/>\n<meta name=\"robots\" content=\"index, follow, max-snippet:-1, max-image-preview:large, max-video-preview:-1\" \/>\n<link rel=\"canonical\" href=\"https:\/\/everydaychemshop.com\/da\/product\/kob-mdai-online\/\" \/>\n<meta property=\"og:locale\" content=\"en_US\" \/>\n<meta property=\"og:type\" content=\"article\" \/>\n<meta property=\"og:title\" content=\"K\u00f8b MDAI online\" \/>\n<meta property=\"og:description\" content=\"Kaufen Sie MDAI-Kristalle online. Hvis du leder efter, hvordan du k\u00f8ber MDAI online, s\u00e5 er du det rigtige sted at k\u00f8be MDAI online.\" \/>\n<meta property=\"og:url\" content=\"https:\/\/everydaychemshop.com\/da\/product\/kob-mdai-online\/\" \/>\n<meta property=\"og:site_name\" content=\"Everyday Chem Shop\" \/>\n<meta property=\"article:modified_time\" content=\"2023-04-08T07:11:03+00:00\" \/>\n<meta property=\"og:image\" content=\"https:\/\/everydaychemshop.com\/da\/wp-content\/uploads\/sites\/2\/2022\/11\/MDAI.jpg\" \/>\n\t<meta property=\"og:image:width\" content=\"1200\" \/>\n\t<meta property=\"og:image:height\" content=\"1200\" \/>\n\t<meta property=\"og:image:type\" content=\"image\/jpeg\" \/>\n<meta name=\"twitter:card\" content=\"summary_large_image\" \/>\n<meta name=\"twitter:label1\" content=\"Est. reading time\" \/>\n\t<meta name=\"twitter:data1\" content=\"3 minutes\" \/>\n<script type=\"application\/ld+json\" class=\"yoast-schema-graph\">{\"@context\":\"https:\\\/\\\/schema.org\",\"@graph\":[{\"@type\":\"WebPage\",\"@id\":\"https:\\\/\\\/everydaychemshop.com\\\/da\\\/product\\\/kob-mdai-online\\\/\",\"url\":\"https:\\\/\\\/everydaychemshop.com\\\/da\\\/product\\\/kob-mdai-online\\\/\",\"name\":\"Kaufen Sie MDAI-Kristalle online - Everyday Chem Shop\",\"isPartOf\":{\"@id\":\"https:\\\/\\\/everydaychemshop.com\\\/da\\\/#website\"},\"primaryImageOfPage\":{\"@id\":\"https:\\\/\\\/everydaychemshop.com\\\/da\\\/product\\\/kob-mdai-online\\\/#primaryimage\"},\"image\":{\"@id\":\"https:\\\/\\\/everydaychemshop.com\\\/da\\\/product\\\/kob-mdai-online\\\/#primaryimage\"},\"thumbnailUrl\":\"https:\\\/\\\/everydaychemshop.com\\\/da\\\/wp-content\\\/uploads\\\/sites\\\/2\\\/2022\\\/11\\\/MDAI.jpg\",\"datePublished\":\"2022-11-16T09:47:01+00:00\",\"dateModified\":\"2023-04-08T07:11:03+00:00\",\"description\":\"Kaufen Sie MDAI-Kristalle online. Hvis du leder efter, hvordan du k\u00f8ber MDAI online, s\u00e5 er du det rigtige sted at k\u00f8be MDAI online.\",\"breadcrumb\":{\"@id\":\"https:\\\/\\\/everydaychemshop.com\\\/da\\\/product\\\/kob-mdai-online\\\/#breadcrumb\"},\"inLanguage\":\"en-US\",\"potentialAction\":[{\"@type\":\"ReadAction\",\"target\":[\"https:\\\/\\\/everydaychemshop.com\\\/da\\\/product\\\/kob-mdai-online\\\/\"]}]},{\"@type\":\"ImageObject\",\"inLanguage\":\"en-US\",\"@id\":\"https:\\\/\\\/everydaychemshop.com\\\/da\\\/product\\\/kob-mdai-online\\\/#primaryimage\",\"url\":\"https:\\\/\\\/everydaychemshop.com\\\/da\\\/wp-content\\\/uploads\\\/sites\\\/2\\\/2022\\\/11\\\/MDAI.jpg\",\"contentUrl\":\"https:\\\/\\\/everydaychemshop.com\\\/da\\\/wp-content\\\/uploads\\\/sites\\\/2\\\/2022\\\/11\\\/MDAI.jpg\",\"width\":1200,\"height\":1200,\"caption\":\"Kaufen Sie MDAI-Kristalle online\"},{\"@type\":\"BreadcrumbList\",\"@id\":\"https:\\\/\\\/everydaychemshop.com\\\/da\\\/product\\\/kob-mdai-online\\\/#breadcrumb\",\"itemListElement\":[{\"@type\":\"ListItem\",\"position\":1,\"name\":\"Home\",\"item\":\"https:\\\/\\\/everydaychemshop.com\\\/da\\\/\"},{\"@type\":\"ListItem\",\"position\":2,\"name\":\"Produkter\",\"item\":\"https:\\\/\\\/everydaychemshop.com\\\/da\\\/produkter\\\/\"},{\"@type\":\"ListItem\",\"position\":3,\"name\":\"K\u00f8b MDAI online\"}]},{\"@type\":\"WebSite\",\"@id\":\"https:\\\/\\\/everydaychemshop.com\\\/da\\\/#website\",\"url\":\"https:\\\/\\\/everydaychemshop.com\\\/da\\\/\",\"name\":\"Everyday Chem Shop\",\"description\":\"\",\"potentialAction\":[{\"@type\":\"SearchAction\",\"target\":{\"@type\":\"EntryPoint\",\"urlTemplate\":\"https:\\\/\\\/everydaychemshop.com\\\/da\\\/?s={search_term_string}\"},\"query-input\":{\"@type\":\"PropertyValueSpecification\",\"valueRequired\":true,\"valueName\":\"search_term_string\"}}],\"inLanguage\":\"en-US\"}]}<\/script>\n<!-- \/ Yoast SEO Premium plugin. -->","yoast_head_json":{"title":"Kaufen Sie MDAI-Kristalle online - Everyday Chem Shop","description":"Kaufen Sie MDAI-Kristalle online. Hvis du leder efter, hvordan du k\u00f8ber MDAI online, s\u00e5 er du det rigtige sted at k\u00f8be MDAI online.","robots":{"index":"index","follow":"follow","max-snippet":"max-snippet:-1","max-image-preview":"max-image-preview:large","max-video-preview":"max-video-preview:-1"},"canonical":"https:\/\/everydaychemshop.com\/da\/product\/kob-mdai-online\/","og_locale":"en_US","og_type":"article","og_title":"K\u00f8b MDAI online","og_description":"Kaufen Sie MDAI-Kristalle online. Hvis du leder efter, hvordan du k\u00f8ber MDAI online, s\u00e5 er du det rigtige sted at k\u00f8be MDAI online.","og_url":"https:\/\/everydaychemshop.com\/da\/product\/kob-mdai-online\/","og_site_name":"Everyday Chem Shop","article_modified_time":"2023-04-08T07:11:03+00:00","og_image":[{"width":1200,"height":1200,"url":"https:\/\/everydaychemshop.com\/da\/wp-content\/uploads\/sites\/2\/2022\/11\/MDAI.jpg","type":"image\/jpeg"}],"twitter_card":"summary_large_image","twitter_misc":{"Est. reading time":"3 minutes"},"schema":{"@context":"https:\/\/schema.org","@graph":[{"@type":"WebPage","@id":"https:\/\/everydaychemshop.com\/da\/product\/kob-mdai-online\/","url":"https:\/\/everydaychemshop.com\/da\/product\/kob-mdai-online\/","name":"Kaufen Sie MDAI-Kristalle online - Everyday Chem Shop","isPartOf":{"@id":"https:\/\/everydaychemshop.com\/da\/#website"},"primaryImageOfPage":{"@id":"https:\/\/everydaychemshop.com\/da\/product\/kob-mdai-online\/#primaryimage"},"image":{"@id":"https:\/\/everydaychemshop.com\/da\/product\/kob-mdai-online\/#primaryimage"},"thumbnailUrl":"https:\/\/everydaychemshop.com\/da\/wp-content\/uploads\/sites\/2\/2022\/11\/MDAI.jpg","datePublished":"2022-11-16T09:47:01+00:00","dateModified":"2023-04-08T07:11:03+00:00","description":"Kaufen Sie MDAI-Kristalle online. Hvis du leder efter, hvordan du k\u00f8ber MDAI online, s\u00e5 er du det rigtige sted at k\u00f8be MDAI online.","breadcrumb":{"@id":"https:\/\/everydaychemshop.com\/da\/product\/kob-mdai-online\/#breadcrumb"},"inLanguage":"en-US","potentialAction":[{"@type":"ReadAction","target":["https:\/\/everydaychemshop.com\/da\/product\/kob-mdai-online\/"]}]},{"@type":"ImageObject","inLanguage":"en-US","@id":"https:\/\/everydaychemshop.com\/da\/product\/kob-mdai-online\/#primaryimage","url":"https:\/\/everydaychemshop.com\/da\/wp-content\/uploads\/sites\/2\/2022\/11\/MDAI.jpg","contentUrl":"https:\/\/everydaychemshop.com\/da\/wp-content\/uploads\/sites\/2\/2022\/11\/MDAI.jpg","width":1200,"height":1200,"caption":"Kaufen Sie MDAI-Kristalle online"},{"@type":"BreadcrumbList","@id":"https:\/\/everydaychemshop.com\/da\/product\/kob-mdai-online\/#breadcrumb","itemListElement":[{"@type":"ListItem","position":1,"name":"Home","item":"https:\/\/everydaychemshop.com\/da\/"},{"@type":"ListItem","position":2,"name":"Produkter","item":"https:\/\/everydaychemshop.com\/da\/produkter\/"},{"@type":"ListItem","position":3,"name":"K\u00f8b MDAI online"}]},{"@type":"WebSite","@id":"https:\/\/everydaychemshop.com\/da\/#website","url":"https:\/\/everydaychemshop.com\/da\/","name":"Everyday Chem Shop","description":"","potentialAction":[{"@type":"SearchAction","target":{"@type":"EntryPoint","urlTemplate":"https:\/\/everydaychemshop.com\/da\/?s={search_term_string}"},"query-input":{"@type":"PropertyValueSpecification","valueRequired":true,"valueName":"search_term_string"}}],"inLanguage":"en-US"}]}},"_links":{"self":[{"href":"https:\/\/everydaychemshop.com\/da\/wp-json\/wp\/v2\/product\/7776","targetHints":{"allow":["GET"]}}],"collection":[{"href":"https:\/\/everydaychemshop.com\/da\/wp-json\/wp\/v2\/product"}],"about":[{"href":"https:\/\/everydaychemshop.com\/da\/wp-json\/wp\/v2\/types\/product"}],"replies":[{"embeddable":true,"href":"https:\/\/everydaychemshop.com\/da\/wp-json\/wp\/v2\/comments?post=7776"}],"wp:featuredmedia":[{"embeddable":true,"href":"https:\/\/everydaychemshop.com\/da\/wp-json\/wp\/v2\/media\/7806"}],"wp:attachment":[{"href":"https:\/\/everydaychemshop.com\/da\/wp-json\/wp\/v2\/media?parent=7776"}],"wp:term":[{"taxonomy":"product_brand","embeddable":true,"href":"https:\/\/everydaychemshop.com\/da\/wp-json\/wp\/v2\/product_brand?post=7776"},{"taxonomy":"product_cat","embeddable":true,"href":"https:\/\/everydaychemshop.com\/da\/wp-json\/wp\/v2\/product_cat?post=7776"},{"taxonomy":"product_tag","embeddable":true,"href":"https:\/\/everydaychemshop.com\/da\/wp-json\/wp\/v2\/product_tag?post=7776"}],"curies":[{"name":"wp","href":"https:\/\/api.w.org\/{rel}","templated":true}]}}