{"id":7782,"date":"2022-11-16T09:47:02","date_gmt":"2022-11-16T09:47:02","guid":{"rendered":"https:\/\/everydaychemshop.com\/da\/?post_type=product&#038;p=7782"},"modified":"2023-04-08T07:09:46","modified_gmt":"2023-04-08T07:09:46","slug":"kob-fentanyl-pulver-online","status":"publish","type":"product","link":"https:\/\/everydaychemshop.com\/da\/product\/kob-fentanyl-pulver-online\/","title":{"rendered":"K\u00f8b Fentanyl pulver online"},"content":{"rendered":"<h1>Kaufen Sie Fentanylpulver online<\/h1>\n<p><a href=\"https:\/\/everydaychemshop.com\/da\/product\/kob-fentanyl-pulver-online\/\">Kaufen Sie Fentanylpulver online<\/a>. Fentanylpulver \u00a0er et fantastisk syntetisk opioidanalgetikum, der ligner morfin, men er 50 til flere gange mere potent.1,2 Det er et l\u00e6gemiddel, der er ordineret af en l\u00e6ge,3 og det bruges normalt til at behandle patienter med ekstrem pine eller til at overv\u00e5ge pine efter operationen.4 Det bruges desuden hist og her til at behandle patienter med konstant smerte <a href=\"https:\/\/en.wikipedia.org\/wiki\/Fentanyl\">som<\/a> virkelig er milde over for andre opioider.5 I sin medicinstruktur omtales fentanyl med navne som Actiq, Duragesic og Sublimaze.5,6 Gadenavne for fentanyl eller for fentanylbundet heroin omfatter Apache, China Girl, China White, Dance Fever, Friend, Goodfella, Jackpot , Murder 8, TNT og Tango and Cash.<\/p>\n<p>Hvordan bruger personer fentanyl?<\/p>\n<p>N\u00e5r det er godkendt af en l\u00e6ge, er fentanyl <a href=\"https:\/\/en.wikipedia.org\/wiki\/Fentanyl\">regelm\u00e6ssigt<\/a> ved hj\u00e6lp af infusion, transdermal fiksering eller i sugetabletter.6 Fentanyl- og fentanylanaloger, der er relateret til sene overskud, leveres dog i snigende laboratorier. 7 Dette ikke-l\u00e6gemiddel fentanyl s\u00e6lges i de medf\u00f8lgende strukturer: som et pulver; spidset p\u00e5 duppepapir; blandet med eller udfyld heroin; eller som tabletter, der efterligner andre, mindre intense opioider.8 Folk kan sluge, grynte <a href=\"https:\/\/da.wikipedia.org\/wiki\/Fentanyl\">eller<\/a> infundere fentanyl, eller de kan putte strygende overfladepapir i munden, s\u00e5 fentanyl tilbageholdes gennem slimlaget.<\/p>\n<p>Hvordan virker fentanyl p\u00e5virker storhjernen?<\/p>\n<p>Ligesom heroin, morfin og andre narkotiske l\u00e6gemidler, virker fentanyl ved at begr\u00e6nse til kroppens narkotiske receptorer, som findes i rum i sindet, der kontrollerer pine og f\u00f8lelser.9 N\u00e5r narkotiske l\u00e6gemidler bindes til disse receptorer, kan de drive dopaminniveauet op i storhjernens prisomr\u00e5der og skabe en tilstand af henrykkelse og afslapning.9 Fentanyls ejendele ligner heroins ejendele og inkorporerer opstemthed, tr\u00e6thed, kvalme, uorden, obstruktion, sedation, modstandskraft, fiksering , respiratorisk elendighed og indfangning, selvf\u00f8lgelighed, trance-lignende tilstand og d\u00f8d.<\/p>\n<p><strong>Ved du, hvor man kan k\u00f8be fentanyl online?<\/strong><\/p>\n<p>Fentanylpulver til salg, Fentanyl pulver gadev\u00e6rdi, Fentanyl dosering , hvordan man laver Fentanyl pulver, hvor kan jeg k\u00f8be Fentanyl pulver online, hvor kan man f\u00e5 Fentanyl online, hvad er Fentanyl , Fentanyl pulver i premium kvalitet til salg. Alle disse ubesvarede sp\u00f8rgsm\u00e5l kan f\u00e5 deres svar gennem os. Du skal bare gennem vores hjemmeside, og du vil f\u00e5 svar p\u00e5, hvordan og hvor du kan k\u00f8be Fentanyl pulver online.<\/p>\n<p>Hvad med Fentanyl pulver? Ved du ogs\u00e5, hvor man kan f\u00e5 Fentanyl til salg online? k\u00f8b Fentanyl pulver, Fentanyl pulver til salg, hvordan laver man Fentanyl pulver, hvordan ser Fentanyl pulver ud, Fentanyl pulver gadepris, Fentanyl pulver pris, hvor kan man k\u00f8be Fentanyl pulver , rent Fentanyl pulver, hvor kan jeg k\u00f8be Fentanyl pulver online, Fentanyl pulver pulver leverand\u00f8rer, Fentanyl pulver pulver form, k\u00f8b rent Fentanyl pulver pulver, pris Fentanyl pulver pulver<\/p>\n<p>God kvalitet Fentanyl pulver online: Det er fuldst\u00e6ndig forst\u00e5et, at folk ikke hurtigt stoler p\u00e5 kvaliteten af \u200b\u200bFentanyl pulver solgt online fordi de ikke kan unders\u00f8ge det fysisk. Men det er ikke det samme med Online Fentanyl pulver leverand\u00f8rer. Produkterne her er tro mod deres beskrivelse med vedligeholdelse af h\u00f8j kvalitet udf\u00f8rt under opsyn af eksperter.<\/p>\n<p>Hurtigt &amp; Diskret forsendelse: Leveringen af \u200b\u200bFentanylpulveret efter modtagelse af ordren sker inden for den lovede tidsramme. Fragtteamet s\u00e6tter alle deres kr\u00e6fter i at g\u00f8re forsendelses- og leveringsproceduren glat og hurtig. Du kan ogs\u00e5 forvente fremragende service, n\u00e5r du k\u00f8ber fentanylpulver fra en professionel p\u00e5 onlineplatformen.<\/p>\n<p>&nbsp;<\/p>\n<p>&nbsp;<\/p>\n","protected":false},"excerpt":{"rendered":"<p>Fentanyl\u00a0<a href=\"\/product\/research-chemicals\/fentanyl-powder\/\">er et kraftfuldt syntetisk opioidanalgetikum, der ligner<\/a>\u00a0morfin, men er 50 til 100 gange mere potent.1,2 Det er et skema II-receptpligtigt l\u00e6gemiddel3, og det bruges typisk til at behandle patienter med st\u00e6rke smerter eller til at h\u00e5ndtere smerter efter operation.<\/p>\n","protected":false},"featured_media":7807,"comment_status":"open","ping_status":"closed","template":"","meta":{"inline_featured_image":false},"product_brand":[],"product_cat":[264],"product_tag":[427],"class_list":{"0":"post-7782","1":"product","2":"type-product","3":"status-publish","4":"has-post-thumbnail","6":"product_cat-forskningskemisk","7":"product_tag-kb-fentanyl-pulver-online","9":"first","10":"instock","11":"sale","12":"shipping-taxable","13":"purchasable","14":"product-type-variable","15":"has-default-attributes"},"yoast_head":"<!-- This site is optimized with the Yoast SEO Premium plugin v19.2 (Yoast SEO v27.3) - https:\/\/yoast.com\/product\/yoast-seo-premium-wordpress\/ -->\n<title>Kaufen Sie Fentanylpulver online - Everyday Chem Shop<\/title>\n<meta name=\"description\" content=\"Kaufen Sie Fentanylpulver online. Hvis du leder efter, hvordan du k\u00f8ber Fentanyl pulver online, s\u00e5 er du p\u00e5 det rigtige sted at k\u00f8be Fentanyl pulver online.\" \/>\n<meta name=\"robots\" content=\"index, follow, max-snippet:-1, max-image-preview:large, max-video-preview:-1\" \/>\n<link rel=\"canonical\" href=\"https:\/\/everydaychemshop.com\/da\/product\/kob-fentanyl-pulver-online\/\" \/>\n<meta property=\"og:locale\" content=\"en_US\" \/>\n<meta property=\"og:type\" content=\"article\" \/>\n<meta property=\"og:title\" content=\"K\u00f8b Fentanyl pulver online\" \/>\n<meta property=\"og:description\" content=\"Kaufen Sie Fentanylpulver online. Hvis du leder efter, hvordan du k\u00f8ber Fentanyl pulver online, s\u00e5 er du p\u00e5 det rigtige sted at k\u00f8be Fentanyl pulver online.\" \/>\n<meta property=\"og:url\" content=\"https:\/\/everydaychemshop.com\/da\/product\/kob-fentanyl-pulver-online\/\" \/>\n<meta property=\"og:site_name\" content=\"Everyday Chem Shop\" \/>\n<meta property=\"article:modified_time\" content=\"2023-04-08T07:09:46+00:00\" \/>\n<meta property=\"og:image\" content=\"https:\/\/everydaychemshop.com\/da\/wp-content\/uploads\/sites\/2\/2022\/11\/FENTANYL-POWDER-for-Sale.jpg\" \/>\n\t<meta property=\"og:image:width\" content=\"1200\" \/>\n\t<meta property=\"og:image:height\" content=\"1200\" \/>\n\t<meta property=\"og:image:type\" content=\"image\/jpeg\" \/>\n<meta name=\"twitter:card\" content=\"summary_large_image\" \/>\n<meta name=\"twitter:label1\" content=\"Est. reading time\" \/>\n\t<meta name=\"twitter:data1\" content=\"3 minutes\" \/>\n<script type=\"application\/ld+json\" class=\"yoast-schema-graph\">{\"@context\":\"https:\\\/\\\/schema.org\",\"@graph\":[{\"@type\":\"WebPage\",\"@id\":\"https:\\\/\\\/everydaychemshop.com\\\/da\\\/product\\\/kob-fentanyl-pulver-online\\\/\",\"url\":\"https:\\\/\\\/everydaychemshop.com\\\/da\\\/product\\\/kob-fentanyl-pulver-online\\\/\",\"name\":\"Kaufen Sie Fentanylpulver online - Everyday Chem Shop\",\"isPartOf\":{\"@id\":\"https:\\\/\\\/everydaychemshop.com\\\/da\\\/#website\"},\"primaryImageOfPage\":{\"@id\":\"https:\\\/\\\/everydaychemshop.com\\\/da\\\/product\\\/kob-fentanyl-pulver-online\\\/#primaryimage\"},\"image\":{\"@id\":\"https:\\\/\\\/everydaychemshop.com\\\/da\\\/product\\\/kob-fentanyl-pulver-online\\\/#primaryimage\"},\"thumbnailUrl\":\"https:\\\/\\\/everydaychemshop.com\\\/da\\\/wp-content\\\/uploads\\\/sites\\\/2\\\/2022\\\/11\\\/FENTANYL-POWDER-for-Sale.jpg\",\"datePublished\":\"2022-11-16T09:47:02+00:00\",\"dateModified\":\"2023-04-08T07:09:46+00:00\",\"description\":\"Kaufen Sie Fentanylpulver online. Hvis du leder efter, hvordan du k\u00f8ber Fentanyl pulver online, s\u00e5 er du p\u00e5 det rigtige sted at k\u00f8be Fentanyl pulver online.\",\"breadcrumb\":{\"@id\":\"https:\\\/\\\/everydaychemshop.com\\\/da\\\/product\\\/kob-fentanyl-pulver-online\\\/#breadcrumb\"},\"inLanguage\":\"en-US\",\"potentialAction\":[{\"@type\":\"ReadAction\",\"target\":[\"https:\\\/\\\/everydaychemshop.com\\\/da\\\/product\\\/kob-fentanyl-pulver-online\\\/\"]}]},{\"@type\":\"ImageObject\",\"inLanguage\":\"en-US\",\"@id\":\"https:\\\/\\\/everydaychemshop.com\\\/da\\\/product\\\/kob-fentanyl-pulver-online\\\/#primaryimage\",\"url\":\"https:\\\/\\\/everydaychemshop.com\\\/da\\\/wp-content\\\/uploads\\\/sites\\\/2\\\/2022\\\/11\\\/FENTANYL-POWDER-for-Sale.jpg\",\"contentUrl\":\"https:\\\/\\\/everydaychemshop.com\\\/da\\\/wp-content\\\/uploads\\\/sites\\\/2\\\/2022\\\/11\\\/FENTANYL-POWDER-for-Sale.jpg\",\"width\":1200,\"height\":1200,\"caption\":\"Kaufen Sie Fentanylpulver online\"},{\"@type\":\"BreadcrumbList\",\"@id\":\"https:\\\/\\\/everydaychemshop.com\\\/da\\\/product\\\/kob-fentanyl-pulver-online\\\/#breadcrumb\",\"itemListElement\":[{\"@type\":\"ListItem\",\"position\":1,\"name\":\"Home\",\"item\":\"https:\\\/\\\/everydaychemshop.com\\\/da\\\/\"},{\"@type\":\"ListItem\",\"position\":2,\"name\":\"Produkter\",\"item\":\"https:\\\/\\\/everydaychemshop.com\\\/da\\\/produkter\\\/\"},{\"@type\":\"ListItem\",\"position\":3,\"name\":\"K\u00f8b Fentanyl pulver online\"}]},{\"@type\":\"WebSite\",\"@id\":\"https:\\\/\\\/everydaychemshop.com\\\/da\\\/#website\",\"url\":\"https:\\\/\\\/everydaychemshop.com\\\/da\\\/\",\"name\":\"Everyday Chem Shop\",\"description\":\"\",\"potentialAction\":[{\"@type\":\"SearchAction\",\"target\":{\"@type\":\"EntryPoint\",\"urlTemplate\":\"https:\\\/\\\/everydaychemshop.com\\\/da\\\/?s={search_term_string}\"},\"query-input\":{\"@type\":\"PropertyValueSpecification\",\"valueRequired\":true,\"valueName\":\"search_term_string\"}}],\"inLanguage\":\"en-US\"}]}<\/script>\n<!-- \/ Yoast SEO Premium plugin. -->","yoast_head_json":{"title":"Kaufen Sie Fentanylpulver online - Everyday Chem Shop","description":"Kaufen Sie Fentanylpulver online. Hvis du leder efter, hvordan du k\u00f8ber Fentanyl pulver online, s\u00e5 er du p\u00e5 det rigtige sted at k\u00f8be Fentanyl pulver online.","robots":{"index":"index","follow":"follow","max-snippet":"max-snippet:-1","max-image-preview":"max-image-preview:large","max-video-preview":"max-video-preview:-1"},"canonical":"https:\/\/everydaychemshop.com\/da\/product\/kob-fentanyl-pulver-online\/","og_locale":"en_US","og_type":"article","og_title":"K\u00f8b Fentanyl pulver online","og_description":"Kaufen Sie Fentanylpulver online. Hvis du leder efter, hvordan du k\u00f8ber Fentanyl pulver online, s\u00e5 er du p\u00e5 det rigtige sted at k\u00f8be Fentanyl pulver online.","og_url":"https:\/\/everydaychemshop.com\/da\/product\/kob-fentanyl-pulver-online\/","og_site_name":"Everyday Chem Shop","article_modified_time":"2023-04-08T07:09:46+00:00","og_image":[{"width":1200,"height":1200,"url":"https:\/\/everydaychemshop.com\/da\/wp-content\/uploads\/sites\/2\/2022\/11\/FENTANYL-POWDER-for-Sale.jpg","type":"image\/jpeg"}],"twitter_card":"summary_large_image","twitter_misc":{"Est. reading time":"3 minutes"},"schema":{"@context":"https:\/\/schema.org","@graph":[{"@type":"WebPage","@id":"https:\/\/everydaychemshop.com\/da\/product\/kob-fentanyl-pulver-online\/","url":"https:\/\/everydaychemshop.com\/da\/product\/kob-fentanyl-pulver-online\/","name":"Kaufen Sie Fentanylpulver online - Everyday Chem Shop","isPartOf":{"@id":"https:\/\/everydaychemshop.com\/da\/#website"},"primaryImageOfPage":{"@id":"https:\/\/everydaychemshop.com\/da\/product\/kob-fentanyl-pulver-online\/#primaryimage"},"image":{"@id":"https:\/\/everydaychemshop.com\/da\/product\/kob-fentanyl-pulver-online\/#primaryimage"},"thumbnailUrl":"https:\/\/everydaychemshop.com\/da\/wp-content\/uploads\/sites\/2\/2022\/11\/FENTANYL-POWDER-for-Sale.jpg","datePublished":"2022-11-16T09:47:02+00:00","dateModified":"2023-04-08T07:09:46+00:00","description":"Kaufen Sie Fentanylpulver online. Hvis du leder efter, hvordan du k\u00f8ber Fentanyl pulver online, s\u00e5 er du p\u00e5 det rigtige sted at k\u00f8be Fentanyl pulver online.","breadcrumb":{"@id":"https:\/\/everydaychemshop.com\/da\/product\/kob-fentanyl-pulver-online\/#breadcrumb"},"inLanguage":"en-US","potentialAction":[{"@type":"ReadAction","target":["https:\/\/everydaychemshop.com\/da\/product\/kob-fentanyl-pulver-online\/"]}]},{"@type":"ImageObject","inLanguage":"en-US","@id":"https:\/\/everydaychemshop.com\/da\/product\/kob-fentanyl-pulver-online\/#primaryimage","url":"https:\/\/everydaychemshop.com\/da\/wp-content\/uploads\/sites\/2\/2022\/11\/FENTANYL-POWDER-for-Sale.jpg","contentUrl":"https:\/\/everydaychemshop.com\/da\/wp-content\/uploads\/sites\/2\/2022\/11\/FENTANYL-POWDER-for-Sale.jpg","width":1200,"height":1200,"caption":"Kaufen Sie Fentanylpulver online"},{"@type":"BreadcrumbList","@id":"https:\/\/everydaychemshop.com\/da\/product\/kob-fentanyl-pulver-online\/#breadcrumb","itemListElement":[{"@type":"ListItem","position":1,"name":"Home","item":"https:\/\/everydaychemshop.com\/da\/"},{"@type":"ListItem","position":2,"name":"Produkter","item":"https:\/\/everydaychemshop.com\/da\/produkter\/"},{"@type":"ListItem","position":3,"name":"K\u00f8b Fentanyl pulver online"}]},{"@type":"WebSite","@id":"https:\/\/everydaychemshop.com\/da\/#website","url":"https:\/\/everydaychemshop.com\/da\/","name":"Everyday Chem Shop","description":"","potentialAction":[{"@type":"SearchAction","target":{"@type":"EntryPoint","urlTemplate":"https:\/\/everydaychemshop.com\/da\/?s={search_term_string}"},"query-input":{"@type":"PropertyValueSpecification","valueRequired":true,"valueName":"search_term_string"}}],"inLanguage":"en-US"}]}},"_links":{"self":[{"href":"https:\/\/everydaychemshop.com\/da\/wp-json\/wp\/v2\/product\/7782","targetHints":{"allow":["GET"]}}],"collection":[{"href":"https:\/\/everydaychemshop.com\/da\/wp-json\/wp\/v2\/product"}],"about":[{"href":"https:\/\/everydaychemshop.com\/da\/wp-json\/wp\/v2\/types\/product"}],"replies":[{"embeddable":true,"href":"https:\/\/everydaychemshop.com\/da\/wp-json\/wp\/v2\/comments?post=7782"}],"wp:featuredmedia":[{"embeddable":true,"href":"https:\/\/everydaychemshop.com\/da\/wp-json\/wp\/v2\/media\/7807"}],"wp:attachment":[{"href":"https:\/\/everydaychemshop.com\/da\/wp-json\/wp\/v2\/media?parent=7782"}],"wp:term":[{"taxonomy":"product_brand","embeddable":true,"href":"https:\/\/everydaychemshop.com\/da\/wp-json\/wp\/v2\/product_brand?post=7782"},{"taxonomy":"product_cat","embeddable":true,"href":"https:\/\/everydaychemshop.com\/da\/wp-json\/wp\/v2\/product_cat?post=7782"},{"taxonomy":"product_tag","embeddable":true,"href":"https:\/\/everydaychemshop.com\/da\/wp-json\/wp\/v2\/product_tag?post=7782"}],"curies":[{"name":"wp","href":"https:\/\/api.w.org\/{rel}","templated":true}]}}