{"id":7794,"date":"2022-11-16T09:47:42","date_gmt":"2022-11-16T09:47:42","guid":{"rendered":"https:\/\/everydaychemshop.com\/da\/?post_type=product&#038;p=7794"},"modified":"2023-04-08T07:08:31","modified_gmt":"2023-04-08T07:08:31","slug":"kob-butylon-online","status":"publish","type":"product","link":"https:\/\/everydaychemshop.com\/da\/product\/kob-butylon-online\/","title":{"rendered":"K\u00f8b Butylone online"},"content":{"rendered":"<h1>Kaufen Sie Butylonpulver online<\/h1>\n<p><a href=\"https:\/\/everydaychemshop.com\/da\/product\/kob-butylon-online\/\">Kaufen Sie Butylonpulver online<\/a>. Butylon (ogs\u00e5 kendt som \u03b2-keto-N-methylbenzodioxolylbutanamin, \u03b2k-MBDB eller B1) er et syntetisk entactogen og stimulerende af phenethylamin- og cathinon-klasserne. Butylon er \u03b2-keto-analogen af \u200b\u200bMBDB og den substituerede methylendioxyanalog af buphedron.<\/p>\n<p>Som et designerl\u00e6gemiddel s\u00e6lges det almindeligvis p\u00e5 gaden sammen med ethylon som en erstatning eller forfalskning for MDMA og methylon (alle hvoraf tilsammen er blevet omtalt som &#8220;Molly&#8221;) p\u00e5 grund af methylons faldende tilg\u00e6ngelighed p\u00e5 det kemiske forskningsmarked.<\/p>\n<p>Men p\u00e5 trods af adf\u00e6rdsm\u00e6ssige og <a href=\"https:\/\/en. wikipedia.org\/wiki\/Butylon\">farmakologiske<\/a> ligheder mellem butylon og MDMA, de observerede subjektive virkninger af begge stoffer er ikke fuldst\u00e6ndig identiske.<\/p>\n<p>Butylon har kun en kort historie med menneskelig brug og er rapporteret at v\u00e6re mindre potent end dens sl\u00e6gtninge methylon og ethylon samt besidde mere klassiske stimulerende i mods\u00e6tning til entaktogene virkninger.<\/p>\n<p>Ogs\u00e5 kaldet \u03b2-keto-N-methylbenzodioxolylbutanamin, er et syntetisk molekyle af cathinon-familien. Cathinoner ligner strukturelt amfetaminer, idet de indeholder en phenethylaminkerne med en phenylring bundet til en aminogruppe (NH2) gennem en ethylk\u00e6de med en yderligere ethylsubstitution ved Ra. Cathinoner s\u00e5som butylon er alfa-methylerede phenethylaminer (dvs. amfetaminer), men adskiller sig fra dem ved tilf\u00f8jelse af en funktionel ketongruppe (en carbonylgruppe ved R\u03b2). Butylon indeholder en methylsubstitution ved RN, en substitution som deles med MDEA, ethylon, 4-MEC og visse andre stimulanser og entactogener. Derudover indeholder butylon substitutioner ved R3 og R4 i phenylringen med oxygengrupper. Disse oxygengrupper er inkorporeret i en methylendioxyring gennem en methylenk\u00e6de. Butylon deler denne methylendioxyring med MDA, MDAI og MDMA.<\/p>\n<p>det virker som en blandet genoptagelsesh\u00e6mmer\/frig\u00f8rende middel af serotonin, noradrenalin og dopamin. Disse er de neurotransmittere, der har ansvaret for gl\u00e6de, bel\u00f8nning, motivation og fokus. Dette g\u00f8res ved at h\u00e6mme genoptagelsen og reabsorptionen af \u200b\u200bneurotransmitterne, efter at de har udf\u00f8rt deres funktion med at transmittere en neural impuls, hvilket i det v\u00e6sentlige giver dem mulighed for at akkumulere og genbruges, hvilket for\u00e5rsager fysisk stimulerende og euforiske effekter.<\/p>\n<p><strong> Ved du hvor man kan k\u00f8be Butylone online?<\/strong><\/p>\n<p>Butylon til salg, Butylone street value, Butylone dosering, hvordan man laver Butylone pulver, hvor kan jeg k\u00f8be Butylone online, hvor kan man f\u00e5 Butylone online, hvad er Butylone , Butylonepulver i premium kvalitet til salg. Alle disse ubesvarede sp\u00f8rgsm\u00e5l kan f\u00e5 deres svar gennem os. Du skal bare gennem vores hjemmeside, og du vil f\u00e5 svar p\u00e5, hvordan og hvor du kan k\u00f8be fentanylpiller online.<\/p>\n<p>Hvad med butylonpulver? Ved du ogs\u00e5, hvor man kan f\u00e5 Butylone til salg online? k\u00f8b Butylone pulver, Butylone pulver til salg, hvordan laver man Butylone pulver, hvordan ser Butylone pulver ud, Butylone pulver gadepris, Butylone pulver pris, hvor kan man k\u00f8be Butylone pulver, rent Butylone pulver, hvor kan jeg k\u00f8be Butylone pulver online, Butylone pulver leverand\u00f8rer, Butylone pulver form, k\u00f8b rent Butylone pulver, pris Butylone pulver<\/p>\n<p>God kvalitet Butylone online: Det er fuldst\u00e6ndig forst\u00e5et, at folk ikke hurtigt stoler p\u00e5 kvaliteten af \u200b\u200bButylone solgt online, fordi de ikke kan unders\u00f8ge det fysisk. Men det er ikke det samme med Online Butylone-leverand\u00f8rer. Produkterne her er tro mod deres beskrivelse med vedligeholdelse af h\u00f8j kvalitet udf\u00f8rt under opsyn af eksperter.<\/p>\n<p>Hurtigt &amp; Diskret forsendelse: Leveringen af \u200b\u200bButylone efter modtagelse af ordren sker inden for den lovede tidsramme. Fragtteamet s\u00e6tter alle deres kr\u00e6fter i at g\u00f8re forsendelses- og leveringsproceduren glat og hurtig. Du kan ogs\u00e5 forvente fremragende service, n\u00e5r du k\u00f8ber Butylone fra den professionelle p\u00e5 onlineplatformen.<\/p>\n","protected":false},"excerpt":{"rendered":"<p>Butylon (ogs\u00e5 kendt som \u03b2-keto-N-methylbenzodioxolylbutanamin, \u03b2k-MBDB eller B1) er et syntetisk entactogen og stimulerende af phenethylamin- og cathinonklasserne. Butylon er \u03b2-keto-analogen af \u200b\u200bMBDB og den substituerede methylendioxy-analog af buphedron.<\/p>\n","protected":false},"featured_media":7808,"comment_status":"open","ping_status":"closed","template":"","meta":{"inline_featured_image":false},"product_brand":[],"product_cat":[264],"product_tag":[428,443,444,439,429,430,431,432,433,434,435,436,438,448,440,449,450,451,437,445,447,446,441,442],"class_list":{"0":"post-7794","1":"product","2":"type-product","3":"status-publish","4":"has-post-thumbnail","6":"product_cat-forskningskemisk","7":"product_tag-99-renhed-butylon-online","8":"product_tag-bestil-butylon-krystal-online","9":"product_tag-bestil-butylon-online","10":"product_tag-billig-butylon-til-salg","11":"product_tag-butylon","12":"product_tag-butylone-bk-mbdb-for-sale","13":"product_tag-butylone-bk-mbdb-til-salg-over-hele-verden","14":"product_tag-butylon-krystal-til-salg","15":"product_tag-butylon-til-salg","16":"product_tag-buy-butylone-crystal-online","17":"product_tag-buy-butylone-online","18":"product_tag-buy-butylone-powder-and-crystals-online-buy-methylone-powder-and-crystal-online","19":"product_tag-buy-ethylone-powder-and-crystal-online","20":"product_tag-det-bedste-sted-at-kbe-butylon-online","21":"product_tag-fast-delivery-research-chemical","22":"product_tag-hvor-kan-kbes-butylone-bk-mbdb","23":"product_tag-hvor-kan-kbes-butylon-krystal-online","24":"product_tag-hvor-kan-kbes-butylon-online","25":"product_tag-kb-billigt-butylon-online","26":"product_tag-kb-butylon-krystal-online","27":"product_tag-kb-butylon-med-bitcoin","28":"product_tag-kb-butylon-online","29":"product_tag-hvordan-kbes-butylon-krystal-online","30":"product_tag-hvordan-kbes-butylon-onlinel","32":"first","33":"instock","34":"sale","35":"shipping-taxable","36":"purchasable","37":"product-type-variable","38":"has-default-attributes"},"yoast_head":"<!-- This site is optimized with the Yoast SEO Premium plugin v19.2 (Yoast SEO v27.3) - https:\/\/yoast.com\/product\/yoast-seo-premium-wordpress\/ -->\n<title>Kaufen Sie Butylonpulver online - Everyday Chem Shop<\/title>\n<meta name=\"description\" content=\"Kaufen Sie Butylonpulver online. Hvis du leder efter, hvordan du k\u00f8ber Butylone online, s\u00e5 er du det rigtige sted at k\u00f8be Butylone online.\" \/>\n<meta name=\"robots\" content=\"index, follow, max-snippet:-1, max-image-preview:large, max-video-preview:-1\" \/>\n<link rel=\"canonical\" href=\"https:\/\/everydaychemshop.com\/da\/product\/kob-butylon-online\/\" \/>\n<meta property=\"og:locale\" content=\"en_US\" \/>\n<meta property=\"og:type\" content=\"article\" \/>\n<meta property=\"og:title\" content=\"K\u00f8b Butylone online\" \/>\n<meta property=\"og:description\" content=\"Kaufen Sie Butylonpulver online. Hvis du leder efter, hvordan du k\u00f8ber Butylone online, s\u00e5 er du det rigtige sted at k\u00f8be Butylone online.\" \/>\n<meta property=\"og:url\" content=\"https:\/\/everydaychemshop.com\/da\/product\/kob-butylon-online\/\" \/>\n<meta property=\"og:site_name\" content=\"Everyday Chem Shop\" \/>\n<meta property=\"article:modified_time\" content=\"2023-04-08T07:08:31+00:00\" \/>\n<meta property=\"og:image\" content=\"https:\/\/everydaychemshop.com\/da\/wp-content\/uploads\/sites\/2\/2022\/11\/Buy-Butylone-powder.jpg\" \/>\n\t<meta property=\"og:image:width\" content=\"1200\" \/>\n\t<meta property=\"og:image:height\" content=\"1200\" \/>\n\t<meta property=\"og:image:type\" content=\"image\/jpeg\" \/>\n<meta name=\"twitter:card\" content=\"summary_large_image\" \/>\n<meta name=\"twitter:label1\" content=\"Est. reading time\" \/>\n\t<meta name=\"twitter:data1\" content=\"3 minutes\" \/>\n<script type=\"application\/ld+json\" class=\"yoast-schema-graph\">{\"@context\":\"https:\\\/\\\/schema.org\",\"@graph\":[{\"@type\":\"WebPage\",\"@id\":\"https:\\\/\\\/everydaychemshop.com\\\/da\\\/product\\\/kob-butylon-online\\\/\",\"url\":\"https:\\\/\\\/everydaychemshop.com\\\/da\\\/product\\\/kob-butylon-online\\\/\",\"name\":\"Kaufen Sie Butylonpulver online - Everyday Chem Shop\",\"isPartOf\":{\"@id\":\"https:\\\/\\\/everydaychemshop.com\\\/da\\\/#website\"},\"primaryImageOfPage\":{\"@id\":\"https:\\\/\\\/everydaychemshop.com\\\/da\\\/product\\\/kob-butylon-online\\\/#primaryimage\"},\"image\":{\"@id\":\"https:\\\/\\\/everydaychemshop.com\\\/da\\\/product\\\/kob-butylon-online\\\/#primaryimage\"},\"thumbnailUrl\":\"https:\\\/\\\/everydaychemshop.com\\\/da\\\/wp-content\\\/uploads\\\/sites\\\/2\\\/2022\\\/11\\\/Buy-Butylone-powder.jpg\",\"datePublished\":\"2022-11-16T09:47:42+00:00\",\"dateModified\":\"2023-04-08T07:08:31+00:00\",\"description\":\"Kaufen Sie Butylonpulver online. Hvis du leder efter, hvordan du k\u00f8ber Butylone online, s\u00e5 er du det rigtige sted at k\u00f8be Butylone online.\",\"breadcrumb\":{\"@id\":\"https:\\\/\\\/everydaychemshop.com\\\/da\\\/product\\\/kob-butylon-online\\\/#breadcrumb\"},\"inLanguage\":\"en-US\",\"potentialAction\":[{\"@type\":\"ReadAction\",\"target\":[\"https:\\\/\\\/everydaychemshop.com\\\/da\\\/product\\\/kob-butylon-online\\\/\"]}]},{\"@type\":\"ImageObject\",\"inLanguage\":\"en-US\",\"@id\":\"https:\\\/\\\/everydaychemshop.com\\\/da\\\/product\\\/kob-butylon-online\\\/#primaryimage\",\"url\":\"https:\\\/\\\/everydaychemshop.com\\\/da\\\/wp-content\\\/uploads\\\/sites\\\/2\\\/2022\\\/11\\\/Buy-Butylone-powder.jpg\",\"contentUrl\":\"https:\\\/\\\/everydaychemshop.com\\\/da\\\/wp-content\\\/uploads\\\/sites\\\/2\\\/2022\\\/11\\\/Buy-Butylone-powder.jpg\",\"width\":1200,\"height\":1200,\"caption\":\"Kaufen Sie Butylonpulver online\"},{\"@type\":\"BreadcrumbList\",\"@id\":\"https:\\\/\\\/everydaychemshop.com\\\/da\\\/product\\\/kob-butylon-online\\\/#breadcrumb\",\"itemListElement\":[{\"@type\":\"ListItem\",\"position\":1,\"name\":\"Home\",\"item\":\"https:\\\/\\\/everydaychemshop.com\\\/da\\\/\"},{\"@type\":\"ListItem\",\"position\":2,\"name\":\"Produkter\",\"item\":\"https:\\\/\\\/everydaychemshop.com\\\/da\\\/produkter\\\/\"},{\"@type\":\"ListItem\",\"position\":3,\"name\":\"K\u00f8b Butylone online\"}]},{\"@type\":\"WebSite\",\"@id\":\"https:\\\/\\\/everydaychemshop.com\\\/da\\\/#website\",\"url\":\"https:\\\/\\\/everydaychemshop.com\\\/da\\\/\",\"name\":\"Everyday Chem Shop\",\"description\":\"\",\"potentialAction\":[{\"@type\":\"SearchAction\",\"target\":{\"@type\":\"EntryPoint\",\"urlTemplate\":\"https:\\\/\\\/everydaychemshop.com\\\/da\\\/?s={search_term_string}\"},\"query-input\":{\"@type\":\"PropertyValueSpecification\",\"valueRequired\":true,\"valueName\":\"search_term_string\"}}],\"inLanguage\":\"en-US\"}]}<\/script>\n<!-- \/ Yoast SEO Premium plugin. -->","yoast_head_json":{"title":"Kaufen Sie Butylonpulver online - Everyday Chem Shop","description":"Kaufen Sie Butylonpulver online. Hvis du leder efter, hvordan du k\u00f8ber Butylone online, s\u00e5 er du det rigtige sted at k\u00f8be Butylone online.","robots":{"index":"index","follow":"follow","max-snippet":"max-snippet:-1","max-image-preview":"max-image-preview:large","max-video-preview":"max-video-preview:-1"},"canonical":"https:\/\/everydaychemshop.com\/da\/product\/kob-butylon-online\/","og_locale":"en_US","og_type":"article","og_title":"K\u00f8b Butylone online","og_description":"Kaufen Sie Butylonpulver online. Hvis du leder efter, hvordan du k\u00f8ber Butylone online, s\u00e5 er du det rigtige sted at k\u00f8be Butylone online.","og_url":"https:\/\/everydaychemshop.com\/da\/product\/kob-butylon-online\/","og_site_name":"Everyday Chem Shop","article_modified_time":"2023-04-08T07:08:31+00:00","og_image":[{"width":1200,"height":1200,"url":"https:\/\/everydaychemshop.com\/da\/wp-content\/uploads\/sites\/2\/2022\/11\/Buy-Butylone-powder.jpg","type":"image\/jpeg"}],"twitter_card":"summary_large_image","twitter_misc":{"Est. reading time":"3 minutes"},"schema":{"@context":"https:\/\/schema.org","@graph":[{"@type":"WebPage","@id":"https:\/\/everydaychemshop.com\/da\/product\/kob-butylon-online\/","url":"https:\/\/everydaychemshop.com\/da\/product\/kob-butylon-online\/","name":"Kaufen Sie Butylonpulver online - Everyday Chem Shop","isPartOf":{"@id":"https:\/\/everydaychemshop.com\/da\/#website"},"primaryImageOfPage":{"@id":"https:\/\/everydaychemshop.com\/da\/product\/kob-butylon-online\/#primaryimage"},"image":{"@id":"https:\/\/everydaychemshop.com\/da\/product\/kob-butylon-online\/#primaryimage"},"thumbnailUrl":"https:\/\/everydaychemshop.com\/da\/wp-content\/uploads\/sites\/2\/2022\/11\/Buy-Butylone-powder.jpg","datePublished":"2022-11-16T09:47:42+00:00","dateModified":"2023-04-08T07:08:31+00:00","description":"Kaufen Sie Butylonpulver online. Hvis du leder efter, hvordan du k\u00f8ber Butylone online, s\u00e5 er du det rigtige sted at k\u00f8be Butylone online.","breadcrumb":{"@id":"https:\/\/everydaychemshop.com\/da\/product\/kob-butylon-online\/#breadcrumb"},"inLanguage":"en-US","potentialAction":[{"@type":"ReadAction","target":["https:\/\/everydaychemshop.com\/da\/product\/kob-butylon-online\/"]}]},{"@type":"ImageObject","inLanguage":"en-US","@id":"https:\/\/everydaychemshop.com\/da\/product\/kob-butylon-online\/#primaryimage","url":"https:\/\/everydaychemshop.com\/da\/wp-content\/uploads\/sites\/2\/2022\/11\/Buy-Butylone-powder.jpg","contentUrl":"https:\/\/everydaychemshop.com\/da\/wp-content\/uploads\/sites\/2\/2022\/11\/Buy-Butylone-powder.jpg","width":1200,"height":1200,"caption":"Kaufen Sie Butylonpulver online"},{"@type":"BreadcrumbList","@id":"https:\/\/everydaychemshop.com\/da\/product\/kob-butylon-online\/#breadcrumb","itemListElement":[{"@type":"ListItem","position":1,"name":"Home","item":"https:\/\/everydaychemshop.com\/da\/"},{"@type":"ListItem","position":2,"name":"Produkter","item":"https:\/\/everydaychemshop.com\/da\/produkter\/"},{"@type":"ListItem","position":3,"name":"K\u00f8b Butylone online"}]},{"@type":"WebSite","@id":"https:\/\/everydaychemshop.com\/da\/#website","url":"https:\/\/everydaychemshop.com\/da\/","name":"Everyday Chem Shop","description":"","potentialAction":[{"@type":"SearchAction","target":{"@type":"EntryPoint","urlTemplate":"https:\/\/everydaychemshop.com\/da\/?s={search_term_string}"},"query-input":{"@type":"PropertyValueSpecification","valueRequired":true,"valueName":"search_term_string"}}],"inLanguage":"en-US"}]}},"_links":{"self":[{"href":"https:\/\/everydaychemshop.com\/da\/wp-json\/wp\/v2\/product\/7794","targetHints":{"allow":["GET"]}}],"collection":[{"href":"https:\/\/everydaychemshop.com\/da\/wp-json\/wp\/v2\/product"}],"about":[{"href":"https:\/\/everydaychemshop.com\/da\/wp-json\/wp\/v2\/types\/product"}],"replies":[{"embeddable":true,"href":"https:\/\/everydaychemshop.com\/da\/wp-json\/wp\/v2\/comments?post=7794"}],"wp:featuredmedia":[{"embeddable":true,"href":"https:\/\/everydaychemshop.com\/da\/wp-json\/wp\/v2\/media\/7808"}],"wp:attachment":[{"href":"https:\/\/everydaychemshop.com\/da\/wp-json\/wp\/v2\/media?parent=7794"}],"wp:term":[{"taxonomy":"product_brand","embeddable":true,"href":"https:\/\/everydaychemshop.com\/da\/wp-json\/wp\/v2\/product_brand?post=7794"},{"taxonomy":"product_cat","embeddable":true,"href":"https:\/\/everydaychemshop.com\/da\/wp-json\/wp\/v2\/product_cat?post=7794"},{"taxonomy":"product_tag","embeddable":true,"href":"https:\/\/everydaychemshop.com\/da\/wp-json\/wp\/v2\/product_tag?post=7794"}],"curies":[{"name":"wp","href":"https:\/\/api.w.org\/{rel}","templated":true}]}}