{"id":7800,"date":"2022-11-16T09:47:44","date_gmt":"2022-11-16T09:47:44","guid":{"rendered":"https:\/\/everydaychemshop.com\/da\/?post_type=product&#038;p=7800"},"modified":"2023-04-08T07:07:28","modified_gmt":"2023-04-08T07:07:28","slug":"kob-bufedron-online","status":"publish","type":"product","link":"https:\/\/everydaychemshop.com\/da\/product\/kob-bufedron-online\/","title":{"rendered":"K\u00f8b Buphedrone online"},"content":{"rendered":"<h1>K\u00f8b Buphedrone pulver online<\/h1>\n<p><a href=\"https:\/\/everydaychemshop.com\/da\/product\/kob-bufedron-online\/\">K\u00f8b Buphedrone pulver online<\/a>. Buphedron-historien starter i 1928. Da forskningskemikaliet f\u00f8rst blev syntetiseret, blev det inkluderet i klassen\u00a0phenethylaminer og\u00a0cathinoner. Det er forbudt at forbruge bufedron til salg, men det er tilg\u00e6ngeligt p\u00e5 det kemiske forskningsmarked til forskning og retsmedicinske form\u00e5l. I vores buphedrone-onlinebutik finder du Buphedrone til salg s\u00e5vel som mange andre stimulanser til salg, der ligner Buphedrone.<\/p>\n<p>Kendt som MABP er dette designerl\u00e6gemiddel en beta-keton. Hvis du skal k\u00f8be metamfetaminanaloger, vil MABP v\u00e6re et godt valg.<\/p>\n<p>Du kan k\u00f8be MABP online med levering til hele verden. Vores virksomhed er engageret i MABP <a href=\"https:\/\/en.wikipedia.org\/wiki\/Buphedrone\">engros<\/a>. At blive inkluderet i gr\u00e5zoneforskningskemikaliet MABP er meget brugt blandt forskere og videnskabsm\u00e6nd i forskellige tests og eksperimenter. N\u00e5r du har brug for MABP K\u00f8b KUN online fra betroede leverand\u00f8rer. P\u00e5 denne m\u00e5de f\u00e5r du rene stoffer til en overkommelig pris.<\/p>\n<p>F\u00f8r kunder bestiller MABP online, anbefaler vi at l\u00e6se MABP-effekter og bivirkninger for at vide, hvad de kan forvente af MABP-oplevelsen. Det er ogs\u00e5 muligt at blive bekendt med MABP-turrapporter og MABP-d\u00f8dssager samt MABP d\u00e5rlig tur og skader fra udtalelser fra tidligere brugere, der bes\u00f8ger MABP Erowid-siden.<\/p>\n<p>F\u00f8lelse af eufori blev angivet af alle MABP-brugere. De indr\u00f8mmede ogs\u00e5, at det er meget vigtigt, hvordan man tager og bruger MABP. Det f\u00f8rer ikke kun til forh\u00f8jet hum\u00f8r, men folk blev mere snakkesalige, deres puls stiger. Deres tale blev sl\u00f8ret, og de kan ikke falde i s\u00f8vn. De f\u00f8lte sig rastl\u00f8se og havde \u00f8gede kommunikationsevner samt motivation.<\/p>\n<p>MABP er en kraftfuld frigiver af dopamin. At sammenligne MABP og metamfetamin MABP er mere euforisk og mindre stimulerende.<\/p>\n<p>F\u00f8lelse af eufori blev udtalt af alle Buphedrone-brugere. De indr\u00f8mmede ogs\u00e5, at det er meget vigtigt, hvordan man tager og bruger Buphedrone. Det f\u00f8rer ikke kun til forh\u00f8jet hum\u00f8r, men folk blev mere snakkesalige, deres puls stiger. Deres tale blev sl\u00f8ret, og de kan ikke falde i s\u00f8vn. De f\u00f8lte sig rastl\u00f8se og havde \u00f8gede kommunikationsevner samt motivation.<\/p>\n<p>Ved du, hvor man kan k\u00f8be Buphedron online?<\/p>\n<p>Buphedrone til salg, Buphedrone street value, Buphedrone dosering, hvordan man laver Buphedrone pulver, hvor kan jeg k\u00f8be Buphedrone online, hvor kan man f\u00e5 Buphedrone online, hvad er Buphedrone, Premium kvalitet Buphedrone pulver til salg. Alle disse ubesvarede sp\u00f8rgsm\u00e5l kan f\u00e5 deres svar gennem os. Du skal bare gennem vores hjemmeside, og du vil f\u00e5 svar p\u00e5, hvordan og hvor du kan k\u00f8be fentanylpiller online.<\/p>\n<p>Hvad med Buphedrone-pulver? Ved du ogs\u00e5, hvor man kan f\u00e5 Buphedrone til salg online? k\u00f8b buphedronpulver, bufedronpulver til salg, hvordan laver man bufedronpulver, hvordan ser bufedronpulver ud, bufedronpulver gadepris, bufedronpulverpris, hvor kan man k\u00f8be bufedronpulver, rent bufedronpulver, hvor kan jeg k\u00f8be bufedronpulver online, bufedronpulver pulverleverand\u00f8rer, Buphedronpulverform, k\u00f8b rent Buphedronpulver, pris Buphedronpulver<\/p>\n<p>Buphedronpulver af god kvalitet online: Det er fuldst\u00e6ndig forst\u00e5et, at folk ikke hurtigt stoler p\u00e5 kvaliteten af \u200b\u200bBuphedron, der s\u00e6lges online, fordi de ikke kan unders\u00f8ge det fysisk. Men det er ikke det samme med Online Buphedrone leverand\u00f8rer. Produkterne her er tro mod deres beskrivelse med vedligeholdelse af h\u00f8j kvalitet udf\u00f8rt under opsyn af eksperter.<\/p>\n<p>Hurtigt &amp; Diskret forsendelse: Leveringen af \u200b\u200bBuphedronen efter modtagelse af ordren sker inden for den lovede tidsramme. Fragtteamet s\u00e6tter alle deres kr\u00e6fter i at g\u00f8re forsendelses- og leveringsproceduren glat og hurtig. Du kan ogs\u00e5 forvente fremragende tjenester, n\u00e5r du k\u00f8ber Buphedrone fra den professionelle p\u00e5 onlineplatformen.<\/p>\n","protected":false},"excerpt":{"rendered":"<p>K\u00f8b Buphedrone online<a href=\"https:\/\/en.wikipedia.org\/wiki\/Buphedrone\">. Buphedron<\/a>-historien starter i 1928. Da forskningskemikaliet f\u00f8rst blev syntetiseret, blev det inkluderet i klassen\u00a0phenethylaminer og\u00a0cathinoner. Det er forbudt at forbruge bufedron til salg, men det er tilg\u00e6ngeligt p\u00e5 det kemiske forskningsmarked til forskning og retsmedicinske form\u00e5l. I vores buphedrone-onlinebutik finder du Buphedrone til salg s\u00e5vel som mange andre stimulanser til salg, der ligner Buphedrone.<\/p>\n","protected":false},"featured_media":7824,"comment_status":"open","ping_status":"closed","template":"","meta":{"inline_featured_image":false},"product_brand":[],"product_cat":[264],"product_tag":[460,455,454,452,453,456,457,458,459],"class_list":{"0":"post-7800","1":"product","2":"type-product","3":"status-publish","4":"has-post-thumbnail","6":"product_cat-forskningskemisk","7":"product_tag-ordre-bufedron","8":"product_tag-bufedron-pris","9":"product_tag-bufedron-til-salg","10":"product_tag-buphedrone","11":"product_tag-bufedron-kb","12":"product_tag-kb-bufedron-online","13":"product_tag-kb-mabp","14":"product_tag-kb-mabp-online","15":"product_tag-mabp-til-salg","17":"first","18":"instock","19":"shipping-taxable","20":"purchasable","21":"product-type-variable","22":"has-default-attributes"},"yoast_head":"<!-- This site is optimized with the Yoast SEO Premium plugin v19.2 (Yoast SEO v27.3) - https:\/\/yoast.com\/product\/yoast-seo-premium-wordpress\/ -->\n<title>K\u00f8b Buphedrone pulver online - Everyday Chem Shop<\/title>\n<meta name=\"description\" content=\"K\u00f8b Buphedrone pulver online. Hvis du leder efter, hvordan du k\u00f8ber Buphedrone online, s\u00e5 er du p\u00e5 det rigtige sted at k\u00f8be Buphedrone online.\" \/>\n<meta name=\"robots\" content=\"index, follow, max-snippet:-1, max-image-preview:large, max-video-preview:-1\" \/>\n<link rel=\"canonical\" href=\"https:\/\/everydaychemshop.com\/da\/product\/kob-bufedron-online\/\" \/>\n<meta property=\"og:locale\" content=\"en_US\" \/>\n<meta property=\"og:type\" content=\"article\" \/>\n<meta property=\"og:title\" content=\"K\u00f8b Buphedrone online\" \/>\n<meta property=\"og:description\" content=\"K\u00f8b Buphedrone pulver online. Hvis du leder efter, hvordan du k\u00f8ber Buphedrone online, s\u00e5 er du p\u00e5 det rigtige sted at k\u00f8be Buphedrone online.\" \/>\n<meta property=\"og:url\" content=\"https:\/\/everydaychemshop.com\/da\/product\/kob-bufedron-online\/\" \/>\n<meta property=\"og:site_name\" content=\"Everyday Chem Shop\" \/>\n<meta property=\"article:modified_time\" content=\"2023-04-08T07:07:28+00:00\" \/>\n<meta property=\"og:image\" content=\"https:\/\/everydaychemshop.com\/da\/wp-content\/uploads\/sites\/2\/2022\/11\/Buphedrone.jpg\" \/>\n\t<meta property=\"og:image:width\" content=\"1200\" \/>\n\t<meta property=\"og:image:height\" content=\"1200\" \/>\n\t<meta property=\"og:image:type\" content=\"image\/jpeg\" \/>\n<meta name=\"twitter:card\" content=\"summary_large_image\" \/>\n<meta name=\"twitter:label1\" content=\"Est. reading time\" \/>\n\t<meta name=\"twitter:data1\" content=\"3 minutes\" \/>\n<script type=\"application\/ld+json\" class=\"yoast-schema-graph\">{\"@context\":\"https:\\\/\\\/schema.org\",\"@graph\":[{\"@type\":\"WebPage\",\"@id\":\"https:\\\/\\\/everydaychemshop.com\\\/da\\\/product\\\/kob-bufedron-online\\\/\",\"url\":\"https:\\\/\\\/everydaychemshop.com\\\/da\\\/product\\\/kob-bufedron-online\\\/\",\"name\":\"K\u00f8b Buphedrone pulver online - Everyday Chem Shop\",\"isPartOf\":{\"@id\":\"https:\\\/\\\/everydaychemshop.com\\\/da\\\/#website\"},\"primaryImageOfPage\":{\"@id\":\"https:\\\/\\\/everydaychemshop.com\\\/da\\\/product\\\/kob-bufedron-online\\\/#primaryimage\"},\"image\":{\"@id\":\"https:\\\/\\\/everydaychemshop.com\\\/da\\\/product\\\/kob-bufedron-online\\\/#primaryimage\"},\"thumbnailUrl\":\"https:\\\/\\\/everydaychemshop.com\\\/da\\\/wp-content\\\/uploads\\\/sites\\\/2\\\/2022\\\/11\\\/Buphedrone.jpg\",\"datePublished\":\"2022-11-16T09:47:44+00:00\",\"dateModified\":\"2023-04-08T07:07:28+00:00\",\"description\":\"K\u00f8b Buphedrone pulver online. Hvis du leder efter, hvordan du k\u00f8ber Buphedrone online, s\u00e5 er du p\u00e5 det rigtige sted at k\u00f8be Buphedrone online.\",\"breadcrumb\":{\"@id\":\"https:\\\/\\\/everydaychemshop.com\\\/da\\\/product\\\/kob-bufedron-online\\\/#breadcrumb\"},\"inLanguage\":\"en-US\",\"potentialAction\":[{\"@type\":\"ReadAction\",\"target\":[\"https:\\\/\\\/everydaychemshop.com\\\/da\\\/product\\\/kob-bufedron-online\\\/\"]}]},{\"@type\":\"ImageObject\",\"inLanguage\":\"en-US\",\"@id\":\"https:\\\/\\\/everydaychemshop.com\\\/da\\\/product\\\/kob-bufedron-online\\\/#primaryimage\",\"url\":\"https:\\\/\\\/everydaychemshop.com\\\/da\\\/wp-content\\\/uploads\\\/sites\\\/2\\\/2022\\\/11\\\/Buphedrone.jpg\",\"contentUrl\":\"https:\\\/\\\/everydaychemshop.com\\\/da\\\/wp-content\\\/uploads\\\/sites\\\/2\\\/2022\\\/11\\\/Buphedrone.jpg\",\"width\":1200,\"height\":1200,\"caption\":\"K\u00f8b Buphedrone pulver online\"},{\"@type\":\"BreadcrumbList\",\"@id\":\"https:\\\/\\\/everydaychemshop.com\\\/da\\\/product\\\/kob-bufedron-online\\\/#breadcrumb\",\"itemListElement\":[{\"@type\":\"ListItem\",\"position\":1,\"name\":\"Home\",\"item\":\"https:\\\/\\\/everydaychemshop.com\\\/da\\\/\"},{\"@type\":\"ListItem\",\"position\":2,\"name\":\"Produkter\",\"item\":\"https:\\\/\\\/everydaychemshop.com\\\/da\\\/produkter\\\/\"},{\"@type\":\"ListItem\",\"position\":3,\"name\":\"K\u00f8b Buphedrone online\"}]},{\"@type\":\"WebSite\",\"@id\":\"https:\\\/\\\/everydaychemshop.com\\\/da\\\/#website\",\"url\":\"https:\\\/\\\/everydaychemshop.com\\\/da\\\/\",\"name\":\"Everyday Chem Shop\",\"description\":\"\",\"potentialAction\":[{\"@type\":\"SearchAction\",\"target\":{\"@type\":\"EntryPoint\",\"urlTemplate\":\"https:\\\/\\\/everydaychemshop.com\\\/da\\\/?s={search_term_string}\"},\"query-input\":{\"@type\":\"PropertyValueSpecification\",\"valueRequired\":true,\"valueName\":\"search_term_string\"}}],\"inLanguage\":\"en-US\"}]}<\/script>\n<!-- \/ Yoast SEO Premium plugin. -->","yoast_head_json":{"title":"K\u00f8b Buphedrone pulver online - Everyday Chem Shop","description":"K\u00f8b Buphedrone pulver online. Hvis du leder efter, hvordan du k\u00f8ber Buphedrone online, s\u00e5 er du p\u00e5 det rigtige sted at k\u00f8be Buphedrone online.","robots":{"index":"index","follow":"follow","max-snippet":"max-snippet:-1","max-image-preview":"max-image-preview:large","max-video-preview":"max-video-preview:-1"},"canonical":"https:\/\/everydaychemshop.com\/da\/product\/kob-bufedron-online\/","og_locale":"en_US","og_type":"article","og_title":"K\u00f8b Buphedrone online","og_description":"K\u00f8b Buphedrone pulver online. Hvis du leder efter, hvordan du k\u00f8ber Buphedrone online, s\u00e5 er du p\u00e5 det rigtige sted at k\u00f8be Buphedrone online.","og_url":"https:\/\/everydaychemshop.com\/da\/product\/kob-bufedron-online\/","og_site_name":"Everyday Chem Shop","article_modified_time":"2023-04-08T07:07:28+00:00","og_image":[{"width":1200,"height":1200,"url":"https:\/\/everydaychemshop.com\/da\/wp-content\/uploads\/sites\/2\/2022\/11\/Buphedrone.jpg","type":"image\/jpeg"}],"twitter_card":"summary_large_image","twitter_misc":{"Est. reading time":"3 minutes"},"schema":{"@context":"https:\/\/schema.org","@graph":[{"@type":"WebPage","@id":"https:\/\/everydaychemshop.com\/da\/product\/kob-bufedron-online\/","url":"https:\/\/everydaychemshop.com\/da\/product\/kob-bufedron-online\/","name":"K\u00f8b Buphedrone pulver online - Everyday Chem Shop","isPartOf":{"@id":"https:\/\/everydaychemshop.com\/da\/#website"},"primaryImageOfPage":{"@id":"https:\/\/everydaychemshop.com\/da\/product\/kob-bufedron-online\/#primaryimage"},"image":{"@id":"https:\/\/everydaychemshop.com\/da\/product\/kob-bufedron-online\/#primaryimage"},"thumbnailUrl":"https:\/\/everydaychemshop.com\/da\/wp-content\/uploads\/sites\/2\/2022\/11\/Buphedrone.jpg","datePublished":"2022-11-16T09:47:44+00:00","dateModified":"2023-04-08T07:07:28+00:00","description":"K\u00f8b Buphedrone pulver online. Hvis du leder efter, hvordan du k\u00f8ber Buphedrone online, s\u00e5 er du p\u00e5 det rigtige sted at k\u00f8be Buphedrone online.","breadcrumb":{"@id":"https:\/\/everydaychemshop.com\/da\/product\/kob-bufedron-online\/#breadcrumb"},"inLanguage":"en-US","potentialAction":[{"@type":"ReadAction","target":["https:\/\/everydaychemshop.com\/da\/product\/kob-bufedron-online\/"]}]},{"@type":"ImageObject","inLanguage":"en-US","@id":"https:\/\/everydaychemshop.com\/da\/product\/kob-bufedron-online\/#primaryimage","url":"https:\/\/everydaychemshop.com\/da\/wp-content\/uploads\/sites\/2\/2022\/11\/Buphedrone.jpg","contentUrl":"https:\/\/everydaychemshop.com\/da\/wp-content\/uploads\/sites\/2\/2022\/11\/Buphedrone.jpg","width":1200,"height":1200,"caption":"K\u00f8b Buphedrone pulver online"},{"@type":"BreadcrumbList","@id":"https:\/\/everydaychemshop.com\/da\/product\/kob-bufedron-online\/#breadcrumb","itemListElement":[{"@type":"ListItem","position":1,"name":"Home","item":"https:\/\/everydaychemshop.com\/da\/"},{"@type":"ListItem","position":2,"name":"Produkter","item":"https:\/\/everydaychemshop.com\/da\/produkter\/"},{"@type":"ListItem","position":3,"name":"K\u00f8b Buphedrone online"}]},{"@type":"WebSite","@id":"https:\/\/everydaychemshop.com\/da\/#website","url":"https:\/\/everydaychemshop.com\/da\/","name":"Everyday Chem Shop","description":"","potentialAction":[{"@type":"SearchAction","target":{"@type":"EntryPoint","urlTemplate":"https:\/\/everydaychemshop.com\/da\/?s={search_term_string}"},"query-input":{"@type":"PropertyValueSpecification","valueRequired":true,"valueName":"search_term_string"}}],"inLanguage":"en-US"}]}},"_links":{"self":[{"href":"https:\/\/everydaychemshop.com\/da\/wp-json\/wp\/v2\/product\/7800","targetHints":{"allow":["GET"]}}],"collection":[{"href":"https:\/\/everydaychemshop.com\/da\/wp-json\/wp\/v2\/product"}],"about":[{"href":"https:\/\/everydaychemshop.com\/da\/wp-json\/wp\/v2\/types\/product"}],"replies":[{"embeddable":true,"href":"https:\/\/everydaychemshop.com\/da\/wp-json\/wp\/v2\/comments?post=7800"}],"wp:featuredmedia":[{"embeddable":true,"href":"https:\/\/everydaychemshop.com\/da\/wp-json\/wp\/v2\/media\/7824"}],"wp:attachment":[{"href":"https:\/\/everydaychemshop.com\/da\/wp-json\/wp\/v2\/media?parent=7800"}],"wp:term":[{"taxonomy":"product_brand","embeddable":true,"href":"https:\/\/everydaychemshop.com\/da\/wp-json\/wp\/v2\/product_brand?post=7800"},{"taxonomy":"product_cat","embeddable":true,"href":"https:\/\/everydaychemshop.com\/da\/wp-json\/wp\/v2\/product_cat?post=7800"},{"taxonomy":"product_tag","embeddable":true,"href":"https:\/\/everydaychemshop.com\/da\/wp-json\/wp\/v2\/product_tag?post=7800"}],"curies":[{"name":"wp","href":"https:\/\/api.w.org\/{rel}","templated":true}]}}