{"id":7811,"date":"2022-11-16T09:48:19","date_gmt":"2022-11-16T09:48:19","guid":{"rendered":"https:\/\/everydaychemshop.com\/da\/?post_type=product&#038;p=7811"},"modified":"2023-04-08T06:52:01","modified_gmt":"2023-04-08T06:52:01","slug":"kob-mdpv-online","status":"publish","type":"product","link":"https:\/\/everydaychemshop.com\/da\/product\/kob-mdpv-online\/","title":{"rendered":"MDPV"},"content":{"rendered":"<h1>K\u00f8b MDPV krystaller online<\/h1>\n<p><a href=\"https:\/\/everydaychemshop.com\/da\/product\/kob-mdpv-online\/\">K\u00f8b MDPV krystaller online<\/a>. Methylenedioxypyrovalerone (MDPV) er et stimulerende middel af cathinon-klassen, som virker som en Norepinephrin-dopamin-genoptagelsesh\u00e6mmer.<br \/>\nDet blev f\u00f8rst udviklet i 1960&#8217;erne af et team hos Boehringer Ingelheim.<br \/>\nDens aktivitet ved dopamintransporteren er seks gange st\u00e6rkere end ved noradrenalintransporteren, og den er praktisk talt inaktiv ved serotonintransporteren.<\/p>\n<p>forblev et obskurt stimulans indtil omkring 2004, hvor det efter sigende blev solgt som et designerl\u00e6gemiddel. . Indtil det blev forbudt i 2011, blev produkter, der indeholdt methylendioxypyrovaleron og m\u00e6rket som badesalte, solgt som rekreative stoffer p\u00e5 tankstationer og dagligvarebutikker i USA, svarende til markedsf\u00f8ringen for Spice og K2 som r\u00f8gelse.<\/p>\n<p>Udseende af MDPV<br \/>\nHydrochloridsaltet eksisterer som et meget fint krystallinsk pulver, <a href=\"https:\/\/en.wikipedia.org\/wiki\/Methylenedioxypyrovalerone\">som<\/a> er hygroskopisk.<\/p>\n<p>S\u00e5ledes , det har en tendens til at danne klumper, der ligner noget som pulveriseret sukker.<br \/>\nDens farve kan ogs\u00e5 variere fra ren hvid til en gullig-tan og har en let lugt, der styrker, n\u00e5r den farves.<\/p>\n<p>Farmakologi af MDPV<br \/>\nMethylenedioxypyrovalerone har en registrering af FDA godkendt medicinsk brug.<\/p>\n<p>Det har vist sig at give robuste forst\u00e6rkende effekter og tvangsm\u00e6ssig selvadministration hos rotter, selvom dette allerede var blevet forel\u00f8bigt fastsl\u00e5et af en r\u00e6kke af dokumenterede tilf\u00e6lde af misbrug og afh\u00e6ngighed hos mennesker f\u00f8r dyrefors\u00f8gene blev gennemf\u00f8rt o ut.<\/p>\n<p>MDPV er den 3,4-methylendioxy-ringsubstituerede analog af forbindelsen pyrovaleron, udviklet i 1960&#8217;erne, som er blevet brugt til behandling af kronisk tr\u00e6thed og som anorektikum.<\/p>\n<p>Effekter af MDPV<br \/>\nMDPV virker som et stimulerende middel og er blevet rapporteret at fremkalde virkninger svarende til virkningerne af kokain, methylphenidat og amfetamin.<\/p>\n<p>De prim\u00e6re psykologiske virkninger har en varighed p\u00e5 ca. til 4 timer med eftervirkninger s\u00e5som takykardi, hypertension og mild stimulation, der varer fra 6 til 8 timer. H\u00f8je doser er blevet observeret at for\u00e5rsage intense, langvarige panikanfald hos stimulant-intolerante brugere.<\/p>\n<p>Ogs\u00e5, er anekdotiske rapporter om psykose fra s\u00f8vnabstinenser og afh\u00e6ngighed ved h\u00f8jere doser eller hyppigere doseringsintervaller. Det er ogs\u00e5 gentagne gange blevet bem\u00e6rket at fremkalde uimodst\u00e5elige trang til at genindtage.<\/p>\n<p>Rapporterede indtagelsesm\u00e5der omfatter oral indtagelse, insufflation , rygning, rektal og intraven\u00f8s brug.<\/p>\n<p>Det er vel aktivt ved 3-5 mg, med typiske doser p\u00e5 mellem 5-20 mg.<\/p>\n<p><strong>Ved du, hvor man kan k\u00f8be MDPV online?<\/strong><\/p>\n<p>MDPV for udsalg, MDPV gadev\u00e6rdi, MDPV dosering, hvordan man laver MDPV pulver, hvor kan jeg k\u00f8be MDPV online, hvor kan man f\u00e5 MDPV online, hvad er MDPV, Premium kvalitet MDPV pulver til salg. Alle disse ubesvarede sp\u00f8rgsm\u00e5l kan f\u00e5 deres svar gennem os. Du skal bare gennem vores hjemmeside, og du vil f\u00e5 svar p\u00e5, hvordan og hvor du kan k\u00f8be fentanylpiller online.<\/p>\n<p>Hvad med MDPV-pulver? Ved du ogs\u00e5, hvor man kan f\u00e5 MDPV til salg online? k\u00f8b MDPV-pulver, MDPV-pulver til salg, hvordan man laver MDPV-pulver, hvordan ser MDPV-pulver ud, MDPV-pulver-gadepris, MDPV-pulverpris, hvor kan man k\u00f8be MDPV-pulver, rent MDPV-pulver, hvor kan jeg k\u00f8be MDPV-pulver online, MDPV pulverleverand\u00f8rer, MDPV-pulverform, k\u00f8b rent MDPV-pulver, pris MDPV-pulver<\/p>\n<p>God kvalitet MDPV online: Det er fuldst\u00e6ndig forst\u00e5et, at folk ikke hurtigt stoler p\u00e5 kvaliteten af \u200b\u200bMDPV, der s\u00e6lges online, fordi de ikke kan unders\u00f8ge det fysisk. Men det er ikke det samme med Online MDPV-leverand\u00f8rer. Produkterne her er tro mod deres beskrivelse med vedligeholdelse af h\u00f8j kvalitet udf\u00f8rt under opsyn af eksperter.<\/p>\n<p>Hurtigt &amp; Diskret forsendelse: Leveringen af \u200b\u200bMDPV&#8217;en efter modtagelse af ordren sker inden for den lovede tidsramme. Fragtteamet s\u00e6tter alle deres kr\u00e6fter i at g\u00f8re forsendelse og leveringsprocedure glat og hurtig. Du kan ogs\u00e5 forvente fremragende service, n\u00e5r du k\u00f8ber Fentany fra den professionelle p\u00e5 online platformen.<\/p>\n","protected":false},"excerpt":{"rendered":"<p>K\u00f8b Pure MDPV online.<\/p>\n<p>bestil mindst 10 gram. for nogle steder accepterer vi kun 25 gram mindste ordrebel\u00f8b. h\u00e5ber du nyder kvaliteten af \u200b\u200bvores produkt. Kontakt os direkte for enhver info.<\/p>\n<p>Vi har MDPV af den bedste kvalitet til salg i vores online butik, vi tilbyder ogs\u00e5 diskret levering og betaling er sikker med 100 % privatliv garanteret til enhver tid. pr\u00f8v os og se resultatet. da vi har MDPV til salg online, anser vi privatlivets fred og sikkerhed for vores brugere og os meget vigtigt, og som s\u00e5dan har vi lavet et sikkert betalingssystem til jer alle. nyd at k\u00f8be MDPV online fra vores butik<\/p>\n","protected":false},"featured_media":7825,"comment_status":"open","ping_status":"closed","template":"","meta":{"inline_featured_image":false},"product_brand":[],"product_cat":[264],"product_tag":[],"class_list":{"0":"post-7811","1":"product","2":"type-product","3":"status-publish","4":"has-post-thumbnail","6":"product_cat-forskningskemisk","8":"first","9":"instock","10":"sale","11":"shipping-taxable","12":"purchasable","13":"product-type-variable","14":"has-default-attributes"},"yoast_head":"<!-- This site is optimized with the Yoast SEO Premium plugin v19.2 (Yoast SEO v27.3) - https:\/\/yoast.com\/product\/yoast-seo-premium-wordpress\/ -->\n<title>K\u00f8b MDPV krystaller online - Everyday Chem Shop<\/title>\n<meta name=\"description\" content=\"K\u00f8b MDPV krystaller online. Hvis du leder efter, hvordan du k\u00f8ber MDPV online, s\u00e5 er du det rigtige sted at k\u00f8be MDPV online.\" \/>\n<meta name=\"robots\" content=\"index, follow, max-snippet:-1, max-image-preview:large, max-video-preview:-1\" \/>\n<link rel=\"canonical\" href=\"https:\/\/everydaychemshop.com\/da\/product\/kob-mdpv-online\/\" \/>\n<meta property=\"og:locale\" content=\"en_US\" \/>\n<meta property=\"og:type\" content=\"article\" \/>\n<meta property=\"og:title\" content=\"MDPV\" \/>\n<meta property=\"og:description\" content=\"K\u00f8b MDPV krystaller online. Hvis du leder efter, hvordan du k\u00f8ber MDPV online, s\u00e5 er du det rigtige sted at k\u00f8be MDPV online.\" \/>\n<meta property=\"og:url\" content=\"https:\/\/everydaychemshop.com\/da\/product\/kob-mdpv-online\/\" \/>\n<meta property=\"og:site_name\" content=\"Everyday Chem Shop\" \/>\n<meta property=\"article:modified_time\" content=\"2023-04-08T06:52:01+00:00\" \/>\n<meta property=\"og:image\" content=\"https:\/\/everydaychemshop.com\/da\/wp-content\/uploads\/sites\/2\/2022\/11\/MDPV.jpg\" \/>\n\t<meta property=\"og:image:width\" content=\"1200\" \/>\n\t<meta property=\"og:image:height\" content=\"1200\" \/>\n\t<meta property=\"og:image:type\" content=\"image\/jpeg\" \/>\n<meta name=\"twitter:card\" content=\"summary_large_image\" \/>\n<meta name=\"twitter:label1\" content=\"Est. reading time\" \/>\n\t<meta name=\"twitter:data1\" content=\"3 minutes\" \/>\n<script type=\"application\/ld+json\" class=\"yoast-schema-graph\">{\"@context\":\"https:\\\/\\\/schema.org\",\"@graph\":[{\"@type\":\"WebPage\",\"@id\":\"https:\\\/\\\/everydaychemshop.com\\\/da\\\/product\\\/kob-mdpv-online\\\/\",\"url\":\"https:\\\/\\\/everydaychemshop.com\\\/da\\\/product\\\/kob-mdpv-online\\\/\",\"name\":\"K\u00f8b MDPV krystaller online - Everyday Chem Shop\",\"isPartOf\":{\"@id\":\"https:\\\/\\\/everydaychemshop.com\\\/da\\\/#website\"},\"primaryImageOfPage\":{\"@id\":\"https:\\\/\\\/everydaychemshop.com\\\/da\\\/product\\\/kob-mdpv-online\\\/#primaryimage\"},\"image\":{\"@id\":\"https:\\\/\\\/everydaychemshop.com\\\/da\\\/product\\\/kob-mdpv-online\\\/#primaryimage\"},\"thumbnailUrl\":\"https:\\\/\\\/everydaychemshop.com\\\/da\\\/wp-content\\\/uploads\\\/sites\\\/2\\\/2022\\\/11\\\/MDPV.jpg\",\"datePublished\":\"2022-11-16T09:48:19+00:00\",\"dateModified\":\"2023-04-08T06:52:01+00:00\",\"description\":\"K\u00f8b MDPV krystaller online. Hvis du leder efter, hvordan du k\u00f8ber MDPV online, s\u00e5 er du det rigtige sted at k\u00f8be MDPV online.\",\"breadcrumb\":{\"@id\":\"https:\\\/\\\/everydaychemshop.com\\\/da\\\/product\\\/kob-mdpv-online\\\/#breadcrumb\"},\"inLanguage\":\"en-US\",\"potentialAction\":[{\"@type\":\"ReadAction\",\"target\":[\"https:\\\/\\\/everydaychemshop.com\\\/da\\\/product\\\/kob-mdpv-online\\\/\"]}]},{\"@type\":\"ImageObject\",\"inLanguage\":\"en-US\",\"@id\":\"https:\\\/\\\/everydaychemshop.com\\\/da\\\/product\\\/kob-mdpv-online\\\/#primaryimage\",\"url\":\"https:\\\/\\\/everydaychemshop.com\\\/da\\\/wp-content\\\/uploads\\\/sites\\\/2\\\/2022\\\/11\\\/MDPV.jpg\",\"contentUrl\":\"https:\\\/\\\/everydaychemshop.com\\\/da\\\/wp-content\\\/uploads\\\/sites\\\/2\\\/2022\\\/11\\\/MDPV.jpg\",\"width\":1200,\"height\":1200,\"caption\":\"K\u00f8b MDPV krystaller online\"},{\"@type\":\"BreadcrumbList\",\"@id\":\"https:\\\/\\\/everydaychemshop.com\\\/da\\\/product\\\/kob-mdpv-online\\\/#breadcrumb\",\"itemListElement\":[{\"@type\":\"ListItem\",\"position\":1,\"name\":\"Home\",\"item\":\"https:\\\/\\\/everydaychemshop.com\\\/da\\\/\"},{\"@type\":\"ListItem\",\"position\":2,\"name\":\"Produkter\",\"item\":\"https:\\\/\\\/everydaychemshop.com\\\/da\\\/produkter\\\/\"},{\"@type\":\"ListItem\",\"position\":3,\"name\":\"MDPV\"}]},{\"@type\":\"WebSite\",\"@id\":\"https:\\\/\\\/everydaychemshop.com\\\/da\\\/#website\",\"url\":\"https:\\\/\\\/everydaychemshop.com\\\/da\\\/\",\"name\":\"Everyday Chem Shop\",\"description\":\"\",\"potentialAction\":[{\"@type\":\"SearchAction\",\"target\":{\"@type\":\"EntryPoint\",\"urlTemplate\":\"https:\\\/\\\/everydaychemshop.com\\\/da\\\/?s={search_term_string}\"},\"query-input\":{\"@type\":\"PropertyValueSpecification\",\"valueRequired\":true,\"valueName\":\"search_term_string\"}}],\"inLanguage\":\"en-US\"}]}<\/script>\n<!-- \/ Yoast SEO Premium plugin. -->","yoast_head_json":{"title":"K\u00f8b MDPV krystaller online - Everyday Chem Shop","description":"K\u00f8b MDPV krystaller online. Hvis du leder efter, hvordan du k\u00f8ber MDPV online, s\u00e5 er du det rigtige sted at k\u00f8be MDPV online.","robots":{"index":"index","follow":"follow","max-snippet":"max-snippet:-1","max-image-preview":"max-image-preview:large","max-video-preview":"max-video-preview:-1"},"canonical":"https:\/\/everydaychemshop.com\/da\/product\/kob-mdpv-online\/","og_locale":"en_US","og_type":"article","og_title":"MDPV","og_description":"K\u00f8b MDPV krystaller online. Hvis du leder efter, hvordan du k\u00f8ber MDPV online, s\u00e5 er du det rigtige sted at k\u00f8be MDPV online.","og_url":"https:\/\/everydaychemshop.com\/da\/product\/kob-mdpv-online\/","og_site_name":"Everyday Chem Shop","article_modified_time":"2023-04-08T06:52:01+00:00","og_image":[{"width":1200,"height":1200,"url":"https:\/\/everydaychemshop.com\/da\/wp-content\/uploads\/sites\/2\/2022\/11\/MDPV.jpg","type":"image\/jpeg"}],"twitter_card":"summary_large_image","twitter_misc":{"Est. reading time":"3 minutes"},"schema":{"@context":"https:\/\/schema.org","@graph":[{"@type":"WebPage","@id":"https:\/\/everydaychemshop.com\/da\/product\/kob-mdpv-online\/","url":"https:\/\/everydaychemshop.com\/da\/product\/kob-mdpv-online\/","name":"K\u00f8b MDPV krystaller online - Everyday Chem Shop","isPartOf":{"@id":"https:\/\/everydaychemshop.com\/da\/#website"},"primaryImageOfPage":{"@id":"https:\/\/everydaychemshop.com\/da\/product\/kob-mdpv-online\/#primaryimage"},"image":{"@id":"https:\/\/everydaychemshop.com\/da\/product\/kob-mdpv-online\/#primaryimage"},"thumbnailUrl":"https:\/\/everydaychemshop.com\/da\/wp-content\/uploads\/sites\/2\/2022\/11\/MDPV.jpg","datePublished":"2022-11-16T09:48:19+00:00","dateModified":"2023-04-08T06:52:01+00:00","description":"K\u00f8b MDPV krystaller online. Hvis du leder efter, hvordan du k\u00f8ber MDPV online, s\u00e5 er du det rigtige sted at k\u00f8be MDPV online.","breadcrumb":{"@id":"https:\/\/everydaychemshop.com\/da\/product\/kob-mdpv-online\/#breadcrumb"},"inLanguage":"en-US","potentialAction":[{"@type":"ReadAction","target":["https:\/\/everydaychemshop.com\/da\/product\/kob-mdpv-online\/"]}]},{"@type":"ImageObject","inLanguage":"en-US","@id":"https:\/\/everydaychemshop.com\/da\/product\/kob-mdpv-online\/#primaryimage","url":"https:\/\/everydaychemshop.com\/da\/wp-content\/uploads\/sites\/2\/2022\/11\/MDPV.jpg","contentUrl":"https:\/\/everydaychemshop.com\/da\/wp-content\/uploads\/sites\/2\/2022\/11\/MDPV.jpg","width":1200,"height":1200,"caption":"K\u00f8b MDPV krystaller online"},{"@type":"BreadcrumbList","@id":"https:\/\/everydaychemshop.com\/da\/product\/kob-mdpv-online\/#breadcrumb","itemListElement":[{"@type":"ListItem","position":1,"name":"Home","item":"https:\/\/everydaychemshop.com\/da\/"},{"@type":"ListItem","position":2,"name":"Produkter","item":"https:\/\/everydaychemshop.com\/da\/produkter\/"},{"@type":"ListItem","position":3,"name":"MDPV"}]},{"@type":"WebSite","@id":"https:\/\/everydaychemshop.com\/da\/#website","url":"https:\/\/everydaychemshop.com\/da\/","name":"Everyday Chem Shop","description":"","potentialAction":[{"@type":"SearchAction","target":{"@type":"EntryPoint","urlTemplate":"https:\/\/everydaychemshop.com\/da\/?s={search_term_string}"},"query-input":{"@type":"PropertyValueSpecification","valueRequired":true,"valueName":"search_term_string"}}],"inLanguage":"en-US"}]}},"_links":{"self":[{"href":"https:\/\/everydaychemshop.com\/da\/wp-json\/wp\/v2\/product\/7811","targetHints":{"allow":["GET"]}}],"collection":[{"href":"https:\/\/everydaychemshop.com\/da\/wp-json\/wp\/v2\/product"}],"about":[{"href":"https:\/\/everydaychemshop.com\/da\/wp-json\/wp\/v2\/types\/product"}],"replies":[{"embeddable":true,"href":"https:\/\/everydaychemshop.com\/da\/wp-json\/wp\/v2\/comments?post=7811"}],"wp:featuredmedia":[{"embeddable":true,"href":"https:\/\/everydaychemshop.com\/da\/wp-json\/wp\/v2\/media\/7825"}],"wp:attachment":[{"href":"https:\/\/everydaychemshop.com\/da\/wp-json\/wp\/v2\/media?parent=7811"}],"wp:term":[{"taxonomy":"product_brand","embeddable":true,"href":"https:\/\/everydaychemshop.com\/da\/wp-json\/wp\/v2\/product_brand?post=7811"},{"taxonomy":"product_cat","embeddable":true,"href":"https:\/\/everydaychemshop.com\/da\/wp-json\/wp\/v2\/product_cat?post=7811"},{"taxonomy":"product_tag","embeddable":true,"href":"https:\/\/everydaychemshop.com\/da\/wp-json\/wp\/v2\/product_tag?post=7811"}],"curies":[{"name":"wp","href":"https:\/\/api.w.org\/{rel}","templated":true}]}}