{"id":7818,"date":"2022-11-16T09:48:20","date_gmt":"2022-11-16T09:48:20","guid":{"rendered":"https:\/\/everydaychemshop.com\/da\/?post_type=product&#038;p=7818"},"modified":"2023-04-08T06:50:21","modified_gmt":"2023-04-08T06:50:21","slug":"kob-ketamin-pulver-online","status":"publish","type":"product","link":"https:\/\/everydaychemshop.com\/da\/product\/kob-ketamin-pulver-online\/","title":{"rendered":"Ketaminpulver"},"content":{"rendered":"<h1>K\u00f8b ketaminpulver online<\/h1>\n<p dir=\"ltr\"><a href=\"https:\/\/everydaychemshop.com\/da\/product\/kob-ketamin-pulver-online\/\">K\u00f8b ketaminpulver online<\/a>. Depression er den f\u00f8rende \u00e5rsag til mentalt handicap p\u00e5 verdensplan, og det har en v\u00e6sentlig rolle at spille for at \u00f8ge selvmordsraten. Ketamin vinder frem som en effektiv behandling af <a href=\"https:\/\/globalmedsonlineinc.com\/product\/pain-killers\/ketamine-powder\/\">depression<\/a> p\u00e5 grund af den hurtige indtr\u00e6den. Det virker ved at binde sig til NMDA-receptorer i hjernen og \u00f8ge antallet af neurotransmittere kaldet glutamat. Dette efterf\u00f8lges af aktivering af AMPA-receptorer, der f\u00f8rer til frigivelse af andre molekyler, og hele processen p\u00e5virker kognition, hum\u00f8r og tankem\u00f8nstre. L\u00e6gemidlet letter ogs\u00e5 kommunikationen <a href=\"https:\/\/da.wikipedia.org\/wiki\/Ketamin\">inden<\/a> for bestemte omr\u00e5der i hjernen og reducerer signaler involveret i inflammation. Det er afg\u00f8rende at forst\u00e5 risici og fordele, f\u00f8r du bestiller ketaminpulver til personlig brug. Med korrekt administration er det et af de sikreste alternativer til stresslindring.<\/p>\n<h2>K\u00f8b ketaminpulver online fra en betroet leverand\u00f8r<\/h2>\n<p>Intet betyder mere end kvalitet, n\u00e5r det kommer til at tage Rx-medicin til medicinske form\u00e5l. Hos USpharma Shop har vi et ekspertteam til at udf\u00f8re kvalitetstjek p\u00e5 flere stadier for at sikre, at vi er i overensstemmelse med de globale standarder. Vores ketaminpulver til salg har gjort underv\u00e6rker for mange, og vi h\u00e5ber det samme for dig. Hvis der er nogen bekymringer, bedes du\u00a0kontakte\u00a0vores team, n\u00e5r det passer dig.<\/p>\n","protected":false},"excerpt":{"rendered":"<p>Ketamin har vist sig at v\u00e6re tilstr\u00e6kkelig til at behandle modl\u00f8shed hos patienter med bipolar problemer, som ikke har reageret p\u00e5 antidepressiva.<\/p>\n","protected":false},"featured_media":7826,"comment_status":"open","ping_status":"closed","template":"","meta":{"inline_featured_image":false},"product_brand":[],"product_cat":[264,116],"product_tag":[320,317,322,323,319,321,318],"class_list":{"0":"post-7818","1":"product","2":"type-product","3":"status-publish","4":"has-post-thumbnail","6":"product_cat-forskningskemisk","7":"product_cat-smertestillende-midler","8":"product_tag-bestil-ketamin-hcl-online","9":"product_tag-buy-ketamine-hcl-online","10":"product_tag-det-bedste-sted-at-kbe-ketamin-hcl-online","11":"product_tag-hvor-kan-kbes-ketamin-hcl-online","12":"product_tag-ketamin-hcl-til-salg","13":"product_tag-kb-ketamin-hcl-online","14":"product_tag-hvordan-man-kber-ketamin-hcl-online","16":"first","17":"instock","18":"featured","19":"shipping-taxable","20":"purchasable","21":"product-type-variable"},"yoast_head":"<!-- This site is optimized with the Yoast SEO Premium plugin v19.2 (Yoast SEO v27.3) - https:\/\/yoast.com\/product\/yoast-seo-premium-wordpress\/ -->\n<title>K\u00f8b ketaminpulver online - Everyday Chem Shop<\/title>\n<meta name=\"description\" content=\"K\u00f8b ketaminpulver online. Hvis du leder efter, hvordan du k\u00f8ber ketamin online, s\u00e5 er du det rigtige sted at k\u00f8be ketamin online.\" \/>\n<meta name=\"robots\" content=\"index, follow, max-snippet:-1, max-image-preview:large, max-video-preview:-1\" \/>\n<link rel=\"canonical\" href=\"https:\/\/everydaychemshop.com\/da\/product\/kob-ketamin-pulver-online\/\" \/>\n<meta property=\"og:locale\" content=\"en_US\" \/>\n<meta property=\"og:type\" content=\"article\" \/>\n<meta property=\"og:title\" content=\"Ketaminpulver\" \/>\n<meta property=\"og:description\" content=\"K\u00f8b ketaminpulver online. Hvis du leder efter, hvordan du k\u00f8ber ketamin online, s\u00e5 er du det rigtige sted at k\u00f8be ketamin online.\" \/>\n<meta property=\"og:url\" content=\"https:\/\/everydaychemshop.com\/da\/product\/kob-ketamin-pulver-online\/\" \/>\n<meta property=\"og:site_name\" content=\"Everyday Chem Shop\" \/>\n<meta property=\"article:modified_time\" content=\"2023-04-08T06:50:21+00:00\" \/>\n<meta property=\"og:image\" content=\"https:\/\/everydaychemshop.com\/da\/wp-content\/uploads\/sites\/2\/2022\/11\/Ketamine.jpg\" \/>\n\t<meta property=\"og:image:width\" content=\"225\" \/>\n\t<meta property=\"og:image:height\" content=\"225\" \/>\n\t<meta property=\"og:image:type\" content=\"image\/jpeg\" \/>\n<meta name=\"twitter:card\" content=\"summary_large_image\" \/>\n<meta name=\"twitter:label1\" content=\"Est. reading time\" \/>\n\t<meta name=\"twitter:data1\" content=\"1 minute\" \/>\n<script type=\"application\/ld+json\" class=\"yoast-schema-graph\">{\"@context\":\"https:\\\/\\\/schema.org\",\"@graph\":[{\"@type\":\"WebPage\",\"@id\":\"https:\\\/\\\/everydaychemshop.com\\\/da\\\/product\\\/kob-ketamin-pulver-online\\\/\",\"url\":\"https:\\\/\\\/everydaychemshop.com\\\/da\\\/product\\\/kob-ketamin-pulver-online\\\/\",\"name\":\"K\u00f8b ketaminpulver online - Everyday Chem Shop\",\"isPartOf\":{\"@id\":\"https:\\\/\\\/everydaychemshop.com\\\/da\\\/#website\"},\"primaryImageOfPage\":{\"@id\":\"https:\\\/\\\/everydaychemshop.com\\\/da\\\/product\\\/kob-ketamin-pulver-online\\\/#primaryimage\"},\"image\":{\"@id\":\"https:\\\/\\\/everydaychemshop.com\\\/da\\\/product\\\/kob-ketamin-pulver-online\\\/#primaryimage\"},\"thumbnailUrl\":\"https:\\\/\\\/everydaychemshop.com\\\/da\\\/wp-content\\\/uploads\\\/sites\\\/2\\\/2022\\\/11\\\/Ketamine.jpg\",\"datePublished\":\"2022-11-16T09:48:20+00:00\",\"dateModified\":\"2023-04-08T06:50:21+00:00\",\"description\":\"K\u00f8b ketaminpulver online. Hvis du leder efter, hvordan du k\u00f8ber ketamin online, s\u00e5 er du det rigtige sted at k\u00f8be ketamin online.\",\"breadcrumb\":{\"@id\":\"https:\\\/\\\/everydaychemshop.com\\\/da\\\/product\\\/kob-ketamin-pulver-online\\\/#breadcrumb\"},\"inLanguage\":\"en-US\",\"potentialAction\":[{\"@type\":\"ReadAction\",\"target\":[\"https:\\\/\\\/everydaychemshop.com\\\/da\\\/product\\\/kob-ketamin-pulver-online\\\/\"]}]},{\"@type\":\"ImageObject\",\"inLanguage\":\"en-US\",\"@id\":\"https:\\\/\\\/everydaychemshop.com\\\/da\\\/product\\\/kob-ketamin-pulver-online\\\/#primaryimage\",\"url\":\"https:\\\/\\\/everydaychemshop.com\\\/da\\\/wp-content\\\/uploads\\\/sites\\\/2\\\/2022\\\/11\\\/Ketamine.jpg\",\"contentUrl\":\"https:\\\/\\\/everydaychemshop.com\\\/da\\\/wp-content\\\/uploads\\\/sites\\\/2\\\/2022\\\/11\\\/Ketamine.jpg\",\"width\":225,\"height\":225,\"caption\":\"K\u00f8b ketaminpulver online\"},{\"@type\":\"BreadcrumbList\",\"@id\":\"https:\\\/\\\/everydaychemshop.com\\\/da\\\/product\\\/kob-ketamin-pulver-online\\\/#breadcrumb\",\"itemListElement\":[{\"@type\":\"ListItem\",\"position\":1,\"name\":\"Home\",\"item\":\"https:\\\/\\\/everydaychemshop.com\\\/da\\\/\"},{\"@type\":\"ListItem\",\"position\":2,\"name\":\"Produkter\",\"item\":\"https:\\\/\\\/everydaychemshop.com\\\/da\\\/produkter\\\/\"},{\"@type\":\"ListItem\",\"position\":3,\"name\":\"Ketaminpulver\"}]},{\"@type\":\"WebSite\",\"@id\":\"https:\\\/\\\/everydaychemshop.com\\\/da\\\/#website\",\"url\":\"https:\\\/\\\/everydaychemshop.com\\\/da\\\/\",\"name\":\"Everyday Chem Shop\",\"description\":\"\",\"potentialAction\":[{\"@type\":\"SearchAction\",\"target\":{\"@type\":\"EntryPoint\",\"urlTemplate\":\"https:\\\/\\\/everydaychemshop.com\\\/da\\\/?s={search_term_string}\"},\"query-input\":{\"@type\":\"PropertyValueSpecification\",\"valueRequired\":true,\"valueName\":\"search_term_string\"}}],\"inLanguage\":\"en-US\"}]}<\/script>\n<!-- \/ Yoast SEO Premium plugin. -->","yoast_head_json":{"title":"K\u00f8b ketaminpulver online - Everyday Chem Shop","description":"K\u00f8b ketaminpulver online. Hvis du leder efter, hvordan du k\u00f8ber ketamin online, s\u00e5 er du det rigtige sted at k\u00f8be ketamin online.","robots":{"index":"index","follow":"follow","max-snippet":"max-snippet:-1","max-image-preview":"max-image-preview:large","max-video-preview":"max-video-preview:-1"},"canonical":"https:\/\/everydaychemshop.com\/da\/product\/kob-ketamin-pulver-online\/","og_locale":"en_US","og_type":"article","og_title":"Ketaminpulver","og_description":"K\u00f8b ketaminpulver online. Hvis du leder efter, hvordan du k\u00f8ber ketamin online, s\u00e5 er du det rigtige sted at k\u00f8be ketamin online.","og_url":"https:\/\/everydaychemshop.com\/da\/product\/kob-ketamin-pulver-online\/","og_site_name":"Everyday Chem Shop","article_modified_time":"2023-04-08T06:50:21+00:00","og_image":[{"width":225,"height":225,"url":"https:\/\/everydaychemshop.com\/da\/wp-content\/uploads\/sites\/2\/2022\/11\/Ketamine.jpg","type":"image\/jpeg"}],"twitter_card":"summary_large_image","twitter_misc":{"Est. reading time":"1 minute"},"schema":{"@context":"https:\/\/schema.org","@graph":[{"@type":"WebPage","@id":"https:\/\/everydaychemshop.com\/da\/product\/kob-ketamin-pulver-online\/","url":"https:\/\/everydaychemshop.com\/da\/product\/kob-ketamin-pulver-online\/","name":"K\u00f8b ketaminpulver online - Everyday Chem Shop","isPartOf":{"@id":"https:\/\/everydaychemshop.com\/da\/#website"},"primaryImageOfPage":{"@id":"https:\/\/everydaychemshop.com\/da\/product\/kob-ketamin-pulver-online\/#primaryimage"},"image":{"@id":"https:\/\/everydaychemshop.com\/da\/product\/kob-ketamin-pulver-online\/#primaryimage"},"thumbnailUrl":"https:\/\/everydaychemshop.com\/da\/wp-content\/uploads\/sites\/2\/2022\/11\/Ketamine.jpg","datePublished":"2022-11-16T09:48:20+00:00","dateModified":"2023-04-08T06:50:21+00:00","description":"K\u00f8b ketaminpulver online. Hvis du leder efter, hvordan du k\u00f8ber ketamin online, s\u00e5 er du det rigtige sted at k\u00f8be ketamin online.","breadcrumb":{"@id":"https:\/\/everydaychemshop.com\/da\/product\/kob-ketamin-pulver-online\/#breadcrumb"},"inLanguage":"en-US","potentialAction":[{"@type":"ReadAction","target":["https:\/\/everydaychemshop.com\/da\/product\/kob-ketamin-pulver-online\/"]}]},{"@type":"ImageObject","inLanguage":"en-US","@id":"https:\/\/everydaychemshop.com\/da\/product\/kob-ketamin-pulver-online\/#primaryimage","url":"https:\/\/everydaychemshop.com\/da\/wp-content\/uploads\/sites\/2\/2022\/11\/Ketamine.jpg","contentUrl":"https:\/\/everydaychemshop.com\/da\/wp-content\/uploads\/sites\/2\/2022\/11\/Ketamine.jpg","width":225,"height":225,"caption":"K\u00f8b ketaminpulver online"},{"@type":"BreadcrumbList","@id":"https:\/\/everydaychemshop.com\/da\/product\/kob-ketamin-pulver-online\/#breadcrumb","itemListElement":[{"@type":"ListItem","position":1,"name":"Home","item":"https:\/\/everydaychemshop.com\/da\/"},{"@type":"ListItem","position":2,"name":"Produkter","item":"https:\/\/everydaychemshop.com\/da\/produkter\/"},{"@type":"ListItem","position":3,"name":"Ketaminpulver"}]},{"@type":"WebSite","@id":"https:\/\/everydaychemshop.com\/da\/#website","url":"https:\/\/everydaychemshop.com\/da\/","name":"Everyday Chem Shop","description":"","potentialAction":[{"@type":"SearchAction","target":{"@type":"EntryPoint","urlTemplate":"https:\/\/everydaychemshop.com\/da\/?s={search_term_string}"},"query-input":{"@type":"PropertyValueSpecification","valueRequired":true,"valueName":"search_term_string"}}],"inLanguage":"en-US"}]}},"_links":{"self":[{"href":"https:\/\/everydaychemshop.com\/da\/wp-json\/wp\/v2\/product\/7818","targetHints":{"allow":["GET"]}}],"collection":[{"href":"https:\/\/everydaychemshop.com\/da\/wp-json\/wp\/v2\/product"}],"about":[{"href":"https:\/\/everydaychemshop.com\/da\/wp-json\/wp\/v2\/types\/product"}],"replies":[{"embeddable":true,"href":"https:\/\/everydaychemshop.com\/da\/wp-json\/wp\/v2\/comments?post=7818"}],"wp:featuredmedia":[{"embeddable":true,"href":"https:\/\/everydaychemshop.com\/da\/wp-json\/wp\/v2\/media\/7826"}],"wp:attachment":[{"href":"https:\/\/everydaychemshop.com\/da\/wp-json\/wp\/v2\/media?parent=7818"}],"wp:term":[{"taxonomy":"product_brand","embeddable":true,"href":"https:\/\/everydaychemshop.com\/da\/wp-json\/wp\/v2\/product_brand?post=7818"},{"taxonomy":"product_cat","embeddable":true,"href":"https:\/\/everydaychemshop.com\/da\/wp-json\/wp\/v2\/product_cat?post=7818"},{"taxonomy":"product_tag","embeddable":true,"href":"https:\/\/everydaychemshop.com\/da\/wp-json\/wp\/v2\/product_tag?post=7818"}],"curies":[{"name":"wp","href":"https:\/\/api.w.org\/{rel}","templated":true}]}}