{"id":7823,"date":"2022-11-16T09:48:23","date_gmt":"2022-11-16T09:48:23","guid":{"rendered":"https:\/\/everydaychemshop.com\/da\/?post_type=product&#038;p=7823"},"modified":"2023-04-08T06:48:38","modified_gmt":"2023-04-08T06:48:38","slug":"kob-gamma-hydroxybutyrat-ghb-pulver-online","status":"publish","type":"product","link":"https:\/\/everydaychemshop.com\/da\/product\/kob-gamma-hydroxybutyrat-ghb-pulver-online\/","title":{"rendered":"K\u00f8b Gamma Hydroxybutyrate (GHB) Pulver online"},"content":{"rendered":"<h1><strong>K\u00f8b Gamma Hydroxybutyrate (GHB) Pulver online<\/strong><\/h1>\n<p><a href=\"https:\/\/everydaychemshop.com\/da\/product\/kob-gamma-hydroxybutyrat-ghb-pulver-online\/\">K\u00f8b Gamma Hydroxybutyrate (GHB) Pulver online<\/a>. gamma-hydroxysm\u00f8rsyre eller y-hydroxysm\u00f8rsyre (GHB), ogs\u00e5 kendt som 4-hydroxybutansyre, er en naturligt forekommende neurotransmitter og et psykoaktivt stof. Det er en forl\u00f8ber for GABA, glutamat og glycin i visse hjerneomr\u00e5der. Det virker p\u00e5 GHB-receptoren og er en svag agonist ved GABAB-receptoren. GHB er blevet brugt i medicinske omgivelser som et generel bed\u00f8velsesmiddel og som behandling for katapleksi, narkolepsi og alkoholisme. Det bruges ogs\u00e5 ulovligt som et rusmiddel, som en atletisk pr\u00e6stationsforst\u00e6rker, <a href=\"https:\/\/da.wikipedia.org\/wiki\/GHB\">som<\/a> et daddel-voldt\u00e6gtsstof og som et rekreativt stof.<\/p>\n<p>Det bruges almindeligvis i form af et salt, s\u00e5som natrium \u03b3-hydroxybutyrat (NaGHB, <a href=\"https:\/\/en.wikipedia.org\/wiki\/Gamma-Hydroxybutyric_acid\">natrium<\/a> oxybat eller Xyrem) eller kalium \u03b3-hydroxybutyrat (KGHB, kaliumoxybat). GHB produceres ogs\u00e5 som et resultat af g\u00e6ring, og findes i sm\u00e5 m\u00e6ngder i nogle \u00f8l og vine, oksek\u00f8d og sm\u00e5 citrusfrugter.<\/p>\n<p>Vi er professionelle leverand\u00f8rer, som altid f\u00f8lger deres pligter og ansvar over for kunder seri\u00f8st. Priserne hos onlineleverand\u00f8rerne for at k\u00f8be Gamma Hydroxybutyrate (GHB) Online eller andre relaterede produkter er rimelige og overkommelige for alle. Der er ingen grund til at bruge en formue p\u00e5 at k\u00f8be disse produkter.<\/p>\n<p>Teamet af ledere vil tage sig af dine ordreoplysninger og fors\u00f8ge at f\u00e6rdigg\u00f8re dem s\u00e5 hurtigt som muligt. Pakningsteamet vil pakke din ordre med den st\u00f8rste pr\u00e6cision for at sikre, at den ikke bliver beskadiget under transporten. S\u00e5 du kan se, hvor nemt det er hos os. Du kan bestille Gamma Hydroxybutyrate (GHB) online til USA, Europa, Australien, USA, KINA, Canada og hvorfor ikke i hele verden.<\/p>\n<p>Det er g\u00e5et tid, hvor man plejede at k\u00e6mpe h\u00e5rdt for at k\u00f8be Gamma Hydroxybutyrate ( GHB) Online i butikkerne offline ved at rejse kilometer og kun hvis de er tilg\u00e6ngelige. Men med fremskridt inden for tid og teknologi er online-tilstanden kommet. Du kan nemt kontakte en butik ved hj\u00e6lp af dine enheder lige hos dig og bestille Gamma Hydroxybutyrate (GHB) Online. Der er ingen grund til at rejse nogen steder l\u00e6ngere, du kan altid bestille Gamma Hydroxybutyrate (GHB) online hos os.<\/p>\n","protected":false},"excerpt":{"rendered":"<p>K\u00f8b Gamma Hydroxybutyrate (GHB) Pulver online. Vores GHB-pulver er 100% laboratorietestet. Vi sender vores GHB-pulver som diskret og ekspresforsendelse internationalt.<\/p>\n","protected":false},"featured_media":7828,"comment_status":"open","ping_status":"closed","template":"","meta":{"inline_featured_image":false},"product_brand":[],"product_cat":[264,59],"product_tag":[],"class_list":{"0":"post-7823","1":"product","2":"type-product","3":"status-publish","4":"has-post-thumbnail","6":"product_cat-forskningskemisk","7":"product_cat-kemikalier","9":"first","10":"instock","11":"shipping-taxable","12":"purchasable","13":"product-type-simple"},"yoast_head":"<!-- This site is optimized with the Yoast SEO Premium plugin v19.2 (Yoast SEO v27.3) - https:\/\/yoast.com\/product\/yoast-seo-premium-wordpress\/ -->\n<title>Gamma Hydroxybutyrate (GHB) Pulver - Everyday Chem Shop<\/title>\n<meta name=\"description\" content=\"K\u00f8b Gamma Hydroxybutyrate (GHB) Pulver online. Vores GHB-pulver er 100% laboratorietestet. Vi sender vores GHB-pulver som diskret og ekspresforsendelse internationalt.\" \/>\n<meta name=\"robots\" content=\"index, follow, max-snippet:-1, max-image-preview:large, max-video-preview:-1\" \/>\n<link rel=\"canonical\" href=\"https:\/\/everydaychemshop.com\/da\/product\/kob-gamma-hydroxybutyrat-ghb-pulver-online\/\" \/>\n<meta property=\"og:locale\" content=\"en_US\" \/>\n<meta property=\"og:type\" content=\"article\" \/>\n<meta property=\"og:title\" content=\"K\u00f8b Gamma Hydroxybutyrate (GHB) Pulver online\" \/>\n<meta property=\"og:description\" content=\"K\u00f8b Gamma Hydroxybutyrate (GHB) Pulver online. Vores GHB-pulver er 100% laboratorietestet. Vi sender vores GHB-pulver som diskret og ekspresforsendelse internationalt.\" \/>\n<meta property=\"og:url\" content=\"https:\/\/everydaychemshop.com\/da\/product\/kob-gamma-hydroxybutyrat-ghb-pulver-online\/\" \/>\n<meta property=\"og:site_name\" content=\"Everyday Chem Shop\" \/>\n<meta property=\"article:modified_time\" content=\"2023-04-08T06:48:38+00:00\" \/>\n<meta property=\"og:image\" content=\"https:\/\/everydaychemshop.com\/da\/wp-content\/uploads\/sites\/2\/2022\/11\/Gamma-hydroxybutyrate-powder.jpg\" \/>\n\t<meta property=\"og:image:width\" content=\"600\" \/>\n\t<meta property=\"og:image:height\" content=\"600\" \/>\n\t<meta property=\"og:image:type\" content=\"image\/jpeg\" \/>\n<meta name=\"twitter:card\" content=\"summary_large_image\" \/>\n<meta name=\"twitter:label1\" content=\"Est. reading time\" \/>\n\t<meta name=\"twitter:data1\" content=\"2 minutes\" \/>\n<script type=\"application\/ld+json\" class=\"yoast-schema-graph\">{\"@context\":\"https:\\\/\\\/schema.org\",\"@graph\":[{\"@type\":\"WebPage\",\"@id\":\"https:\\\/\\\/everydaychemshop.com\\\/da\\\/product\\\/kob-gamma-hydroxybutyrat-ghb-pulver-online\\\/\",\"url\":\"https:\\\/\\\/everydaychemshop.com\\\/da\\\/product\\\/kob-gamma-hydroxybutyrat-ghb-pulver-online\\\/\",\"name\":\"Gamma Hydroxybutyrate (GHB) Pulver - Everyday Chem Shop\",\"isPartOf\":{\"@id\":\"https:\\\/\\\/everydaychemshop.com\\\/da\\\/#website\"},\"primaryImageOfPage\":{\"@id\":\"https:\\\/\\\/everydaychemshop.com\\\/da\\\/product\\\/kob-gamma-hydroxybutyrat-ghb-pulver-online\\\/#primaryimage\"},\"image\":{\"@id\":\"https:\\\/\\\/everydaychemshop.com\\\/da\\\/product\\\/kob-gamma-hydroxybutyrat-ghb-pulver-online\\\/#primaryimage\"},\"thumbnailUrl\":\"https:\\\/\\\/everydaychemshop.com\\\/da\\\/wp-content\\\/uploads\\\/sites\\\/2\\\/2022\\\/11\\\/Gamma-hydroxybutyrate-powder.jpg\",\"datePublished\":\"2022-11-16T09:48:23+00:00\",\"dateModified\":\"2023-04-08T06:48:38+00:00\",\"description\":\"K\u00f8b Gamma Hydroxybutyrate (GHB) Pulver online. Vores GHB-pulver er 100% laboratorietestet. Vi sender vores GHB-pulver som diskret og ekspresforsendelse internationalt.\",\"breadcrumb\":{\"@id\":\"https:\\\/\\\/everydaychemshop.com\\\/da\\\/product\\\/kob-gamma-hydroxybutyrat-ghb-pulver-online\\\/#breadcrumb\"},\"inLanguage\":\"en-US\",\"potentialAction\":[{\"@type\":\"ReadAction\",\"target\":[\"https:\\\/\\\/everydaychemshop.com\\\/da\\\/product\\\/kob-gamma-hydroxybutyrat-ghb-pulver-online\\\/\"]}]},{\"@type\":\"ImageObject\",\"inLanguage\":\"en-US\",\"@id\":\"https:\\\/\\\/everydaychemshop.com\\\/da\\\/product\\\/kob-gamma-hydroxybutyrat-ghb-pulver-online\\\/#primaryimage\",\"url\":\"https:\\\/\\\/everydaychemshop.com\\\/da\\\/wp-content\\\/uploads\\\/sites\\\/2\\\/2022\\\/11\\\/Gamma-hydroxybutyrate-powder.jpg\",\"contentUrl\":\"https:\\\/\\\/everydaychemshop.com\\\/da\\\/wp-content\\\/uploads\\\/sites\\\/2\\\/2022\\\/11\\\/Gamma-hydroxybutyrate-powder.jpg\",\"width\":600,\"height\":600,\"caption\":\"K\u00f8b Gamma Hydroxybutyrate (GHB) Pulver online\"},{\"@type\":\"BreadcrumbList\",\"@id\":\"https:\\\/\\\/everydaychemshop.com\\\/da\\\/product\\\/kob-gamma-hydroxybutyrat-ghb-pulver-online\\\/#breadcrumb\",\"itemListElement\":[{\"@type\":\"ListItem\",\"position\":1,\"name\":\"Home\",\"item\":\"https:\\\/\\\/everydaychemshop.com\\\/da\\\/\"},{\"@type\":\"ListItem\",\"position\":2,\"name\":\"Produkter\",\"item\":\"https:\\\/\\\/everydaychemshop.com\\\/da\\\/produkter\\\/\"},{\"@type\":\"ListItem\",\"position\":3,\"name\":\"K\u00f8b Gamma Hydroxybutyrate (GHB) Pulver online\"}]},{\"@type\":\"WebSite\",\"@id\":\"https:\\\/\\\/everydaychemshop.com\\\/da\\\/#website\",\"url\":\"https:\\\/\\\/everydaychemshop.com\\\/da\\\/\",\"name\":\"Everyday Chem Shop\",\"description\":\"\",\"potentialAction\":[{\"@type\":\"SearchAction\",\"target\":{\"@type\":\"EntryPoint\",\"urlTemplate\":\"https:\\\/\\\/everydaychemshop.com\\\/da\\\/?s={search_term_string}\"},\"query-input\":{\"@type\":\"PropertyValueSpecification\",\"valueRequired\":true,\"valueName\":\"search_term_string\"}}],\"inLanguage\":\"en-US\"}]}<\/script>\n<!-- \/ Yoast SEO Premium plugin. -->","yoast_head_json":{"title":"Gamma Hydroxybutyrate (GHB) Pulver - Everyday Chem Shop","description":"K\u00f8b Gamma Hydroxybutyrate (GHB) Pulver online. Vores GHB-pulver er 100% laboratorietestet. Vi sender vores GHB-pulver som diskret og ekspresforsendelse internationalt.","robots":{"index":"index","follow":"follow","max-snippet":"max-snippet:-1","max-image-preview":"max-image-preview:large","max-video-preview":"max-video-preview:-1"},"canonical":"https:\/\/everydaychemshop.com\/da\/product\/kob-gamma-hydroxybutyrat-ghb-pulver-online\/","og_locale":"en_US","og_type":"article","og_title":"K\u00f8b Gamma Hydroxybutyrate (GHB) Pulver online","og_description":"K\u00f8b Gamma Hydroxybutyrate (GHB) Pulver online. Vores GHB-pulver er 100% laboratorietestet. Vi sender vores GHB-pulver som diskret og ekspresforsendelse internationalt.","og_url":"https:\/\/everydaychemshop.com\/da\/product\/kob-gamma-hydroxybutyrat-ghb-pulver-online\/","og_site_name":"Everyday Chem Shop","article_modified_time":"2023-04-08T06:48:38+00:00","og_image":[{"width":600,"height":600,"url":"https:\/\/everydaychemshop.com\/da\/wp-content\/uploads\/sites\/2\/2022\/11\/Gamma-hydroxybutyrate-powder.jpg","type":"image\/jpeg"}],"twitter_card":"summary_large_image","twitter_misc":{"Est. reading time":"2 minutes"},"schema":{"@context":"https:\/\/schema.org","@graph":[{"@type":"WebPage","@id":"https:\/\/everydaychemshop.com\/da\/product\/kob-gamma-hydroxybutyrat-ghb-pulver-online\/","url":"https:\/\/everydaychemshop.com\/da\/product\/kob-gamma-hydroxybutyrat-ghb-pulver-online\/","name":"Gamma Hydroxybutyrate (GHB) Pulver - Everyday Chem Shop","isPartOf":{"@id":"https:\/\/everydaychemshop.com\/da\/#website"},"primaryImageOfPage":{"@id":"https:\/\/everydaychemshop.com\/da\/product\/kob-gamma-hydroxybutyrat-ghb-pulver-online\/#primaryimage"},"image":{"@id":"https:\/\/everydaychemshop.com\/da\/product\/kob-gamma-hydroxybutyrat-ghb-pulver-online\/#primaryimage"},"thumbnailUrl":"https:\/\/everydaychemshop.com\/da\/wp-content\/uploads\/sites\/2\/2022\/11\/Gamma-hydroxybutyrate-powder.jpg","datePublished":"2022-11-16T09:48:23+00:00","dateModified":"2023-04-08T06:48:38+00:00","description":"K\u00f8b Gamma Hydroxybutyrate (GHB) Pulver online. Vores GHB-pulver er 100% laboratorietestet. Vi sender vores GHB-pulver som diskret og ekspresforsendelse internationalt.","breadcrumb":{"@id":"https:\/\/everydaychemshop.com\/da\/product\/kob-gamma-hydroxybutyrat-ghb-pulver-online\/#breadcrumb"},"inLanguage":"en-US","potentialAction":[{"@type":"ReadAction","target":["https:\/\/everydaychemshop.com\/da\/product\/kob-gamma-hydroxybutyrat-ghb-pulver-online\/"]}]},{"@type":"ImageObject","inLanguage":"en-US","@id":"https:\/\/everydaychemshop.com\/da\/product\/kob-gamma-hydroxybutyrat-ghb-pulver-online\/#primaryimage","url":"https:\/\/everydaychemshop.com\/da\/wp-content\/uploads\/sites\/2\/2022\/11\/Gamma-hydroxybutyrate-powder.jpg","contentUrl":"https:\/\/everydaychemshop.com\/da\/wp-content\/uploads\/sites\/2\/2022\/11\/Gamma-hydroxybutyrate-powder.jpg","width":600,"height":600,"caption":"K\u00f8b Gamma Hydroxybutyrate (GHB) Pulver online"},{"@type":"BreadcrumbList","@id":"https:\/\/everydaychemshop.com\/da\/product\/kob-gamma-hydroxybutyrat-ghb-pulver-online\/#breadcrumb","itemListElement":[{"@type":"ListItem","position":1,"name":"Home","item":"https:\/\/everydaychemshop.com\/da\/"},{"@type":"ListItem","position":2,"name":"Produkter","item":"https:\/\/everydaychemshop.com\/da\/produkter\/"},{"@type":"ListItem","position":3,"name":"K\u00f8b Gamma Hydroxybutyrate (GHB) Pulver online"}]},{"@type":"WebSite","@id":"https:\/\/everydaychemshop.com\/da\/#website","url":"https:\/\/everydaychemshop.com\/da\/","name":"Everyday Chem Shop","description":"","potentialAction":[{"@type":"SearchAction","target":{"@type":"EntryPoint","urlTemplate":"https:\/\/everydaychemshop.com\/da\/?s={search_term_string}"},"query-input":{"@type":"PropertyValueSpecification","valueRequired":true,"valueName":"search_term_string"}}],"inLanguage":"en-US"}]}},"_links":{"self":[{"href":"https:\/\/everydaychemshop.com\/da\/wp-json\/wp\/v2\/product\/7823","targetHints":{"allow":["GET"]}}],"collection":[{"href":"https:\/\/everydaychemshop.com\/da\/wp-json\/wp\/v2\/product"}],"about":[{"href":"https:\/\/everydaychemshop.com\/da\/wp-json\/wp\/v2\/types\/product"}],"replies":[{"embeddable":true,"href":"https:\/\/everydaychemshop.com\/da\/wp-json\/wp\/v2\/comments?post=7823"}],"wp:featuredmedia":[{"embeddable":true,"href":"https:\/\/everydaychemshop.com\/da\/wp-json\/wp\/v2\/media\/7828"}],"wp:attachment":[{"href":"https:\/\/everydaychemshop.com\/da\/wp-json\/wp\/v2\/media?parent=7823"}],"wp:term":[{"taxonomy":"product_brand","embeddable":true,"href":"https:\/\/everydaychemshop.com\/da\/wp-json\/wp\/v2\/product_brand?post=7823"},{"taxonomy":"product_cat","embeddable":true,"href":"https:\/\/everydaychemshop.com\/da\/wp-json\/wp\/v2\/product_cat?post=7823"},{"taxonomy":"product_tag","embeddable":true,"href":"https:\/\/everydaychemshop.com\/da\/wp-json\/wp\/v2\/product_tag?post=7823"}],"curies":[{"name":"wp","href":"https:\/\/api.w.org\/{rel}","templated":true}]}}