{"id":7830,"date":"2022-11-16T18:06:49","date_gmt":"2022-11-16T18:06:49","guid":{"rendered":"https:\/\/everydaychemshop.com\/da\/?post_type=product&#038;p=7830"},"modified":"2023-04-08T06:46:46","modified_gmt":"2023-04-08T06:46:46","slug":"k2-papir","status":"publish","type":"product","link":"https:\/\/everydaychemshop.com\/da\/product\/k2-papir\/","title":{"rendered":"K2 papir"},"content":{"rendered":"<h1>K\u00f8b K2 Papir online<\/h1>\n<p><a href=\"https:\/\/everydaychemshop.com\/da\/product\/k2-papir\/\">K\u00f8b K2 Papir online<\/a>. Velkommen til det bedste sted at k\u00f8be k2 papir til salg USA uden nogen komplikationer eller politi. Vi er specialiserede i at levere den bedste kvalitet k2 papir online. vi har fleksible betalingsmetoder, der ikke stresser dig, n\u00e5r du vil bestille k2 papirark. f\u00e5 en gratis r\u00f8gelse, k\u00f8b k2 engrospapir online,k2 papirark til salg. Vi sp\u00f8ger ikke, n\u00e5r det kommer til produktlevering, fordi det er den forretning, jeg bruger til at betale mine regninger, <a href=\"https:\/\/nida.nih.gov\/publications\/drugfacts\/synthetic-cannabinoids-k2spice\">og<\/a> derfor s\u00f8rger jeg altid for, at du modtager det bedste produkt, fordi en god forretning er mere forretning. vores levering er natten over, s\u00e5 du har ikke et problem, n\u00e5r du bestiller k2 papir til salg USA. Hvis du er baseret i USA og \u00f8nsker at k\u00f8be k2 papir til salg USA til en billig pris. <span class=\"css-a5m6co-text css-p8ym46-fontFamily css-11397xj-fontSize css-18j1nfb-display\">k2 papirark til salg .<\/span>flydende k2\u00a0papirark,<\/p>\n<p>&amp;nbsp ;<\/p>\n<p><img loading=\"lazy\" decoding=\"async\" class=\"alignnone size-medium wp-image-7833\" src=\"https:\/\/everydaychemshop.com\/da\/wp-content\/uploads\/sites\/2\/2022\/11\/ K2-Paper-spraying-300x169.jpg\" alt=\"\" width=\"300\" height=\"169\" \/><\/p>\n<p>K\u00f8b k2 papir til salg uden problemer, hvis du ikke forst\u00e5r hvordan du placere en ordre, skal du altid kontakte vores WhatsApp, e-mailadresse og ogs\u00e5 live chat.K2 papir til salg USA N\u00e5r det kommer til styrke, har vi et af de mest potente k2 papirer til salg.death grip potpourri\u00a0er tilg\u00e6ngelig,k2 papir ark til salg, og lovligt h\u00f8j k2 krydderipapir, Hvis du ikke ved hvordan du laver din ordre, s\u00e5 glem ikke at kontakte os. Vi er altid \u00e5bne for forretninger, s\u00e5 hvis du \u00f8nsker at bestille vores produkter i dag, f\u00e5r du 20% rabat p\u00e5 alle dine produkter. Grib denne mulighed nu og afgiv din ordre, fordi vi ikke leger med billige produkter.k2 spice spray p\u00e5 papir til salg.<\/p>\n<p>spice k2 flydende spray p\u00e5 papir, k\u00f8b spice liquid k2 p\u00e5 papir,\u00a0k\u00f8b k2 liquid spray p\u00e5 papir,\u00a0 k2 spray p\u00e5 papir til salg,\u00a0 krydderi spray til papir, flydende k2 p\u00e5 papir online,\u00a0flydende k2\u00a0spray p\u00e5 papir til salg i n\u00e6rheden af \u200b\u200bmig, spraying k2 p\u00e5 papir,<strong data-key=\"k2 infused paper for sale\">\u00a0<\/strong>legal high k2 spice paper<strong data-key=\"k2 infused paper for sale\">,<\/strong>\u00a0K2 papir til salg USA, st\u00e6rkeste k2 spray p\u00e5 papir, hvad er k2 spray p\u00e5 papir, k\u00f8b a4 gennembl\u00f8dt papir, billige k2 papirark,k\u00f8b k2 papir online<\/p>\n<h2>K\u00f8b K2 engros papir online USA n\u00e6ste dag levering<\/h2>\n<p>Vi forst\u00e5r, n\u00e5r du ikke har k2 papirer, det er derfor vi altid s\u00f8rg for, at vi n\u00e6ste nat sender for alle vores produkter, hvis du bestiller k2-papir til salg fra\u00a0vores butik, skal du altid s\u00f8rge for, at du er sikker, n\u00e5r du k\u00f8ber k2-papir online hos os. Hvis du vil have din pakke hurtigst muligt, b\u00f8r du pr\u00f8ve os og se, hvad jeg taler om, hvis du er i USA eller Europa, engros k2 papir online. papir til salg k\u00f8b k2, vores forsendelsesproces er den samme, s\u00e5 du ikke har problemer med at k\u00f8be k2 papir til salg til en billig pris. Vi vil gerne sikre os, at du altid er klar i tilf\u00e6lde af et spil.<\/p>\n<p>Det er altid tilr\u00e5deligt at v\u00e6re p\u00e5 dit sted under leveringen, s\u00e5 du ikke har problemer med politiet. Bes\u00f8g altid vores butik for din\u00a0urter\u00f8gelse\u00a0og ogs\u00e5 flydende papir. k2 infunderet papir, og K\u00f8b flydende k2 papir, n\u00e5r det kommer til produktkvalitet og diskret emballage, vi har gjort os fortjent til den bedste gave i \u00e5r.<span class=\"css-a5m6co-text css-p8ym46-fontFamily css-11397xj-fontSize css- 18j1nfb-display\">k2 papirark til salg,<\/span>\u00a0I hvert af vores papirer spr\u00f8jtes topkvalitet p\u00e5 begge sider af\u00a0papiret. Hvert A4-ark er infunderet med 25 ml=0,845351 fluid oz flydende K2<\/p>\n<p>Hvis du er i f\u00e6ngsel og vil bestille k2 papir online, er du ikke den bedste, fordi de fleste af vores kunder er i f\u00e6ngsel, vores produkter er bedst kendt for deres farvel\u00f8se og lugtfri lugt.billige k2 papirark,k\u00f8b k2 papir online. Vores produkter er meget rene, fordi de er fremstillet af laboratorieteknikere, der har v\u00e6ret i branchen i over 15 \u00e5r. Glem alt om f\u00f8lelser, vores bold er den bedste ting at g\u00f8re lige nu. Hvis du er en gammel kunde, kan du bestille vores produkter uden stress.<\/p>\n<h3>K\u00f8b K2 Sheets Online Billig pris<\/h3>\n<p>Billige priser vil spare dig meget, n\u00e5r du bestiller k2 krydderipapir online fra vores butik. det er ingen grund til at k\u00f8be k2 ark online til en billig pris med lav kvalitet. der er mange mennesker derude, der har brug for den bedste kvalitet k2 papir. Vi vil have dig til at nyde den bedste oplevelse online.k\u00f8b k2 engros papir online, k2 papirark til salg<br \/>\nK2 papir til salg USA, Vores priser er meget konkurrencedygtige, s\u00e5 hvis du ikke vil stresse dig selv ved at k\u00f8be k2 papir fra up\u00e5lidelige butikker, b\u00f8r du i stedet bestille hos os, fordi vi har d\u00e6kket dig.<\/p>\n<p>Vi tilbyder ogs\u00e5 gratis fragt over natten, n\u00e5r det er f\u00f8rste gang, du k\u00f8ber k2 spray online. Vi \u00f8nsker at forsyne dig med de bedste kvalitetsprodukter over hele kloden.K2 papir til salg USA\u00a0 Det bedste tilg\u00e6ngelige k2 papir til salg online er nu tilg\u00e6ngeligt i vores butik. billige k2 papirark, k\u00f8b k2 papir online, vi leverer til alle\u00a050 stater\u00a0i USA , hvis du vil bed\u00f8mme vores hospital, er alt hvad du beh\u00f8ver at bes\u00f8ge vores butik og foretage din ordre. K\u00f8b k2 papir til salg hos os, og f\u00e5 dit produkt leveret n\u00e6ste dag via FedEx eller\u00a0DHL . Hvis du synes det er sv\u00e6rt at bestille k2 papirer fra vores butik, s\u00e5 kontakt os, s\u00e5 vi kan behandle din ordre med det samme.<\/p>\n<h3>K2 papirark til salg i l\u00f8s v\u00e6gt<\/h3>\n<p>Hvis du er forhandler og du leder efter de bedste tilbud p\u00e5 k2 papir online, s\u00e5 overvej at bes\u00f8ge vores butik, s\u00e5 vi kan betjene dig med de bedste produkter og ogs\u00e5 meget billige.<span class=\"css-a5m6co-text css-p8ym46-fontFamily css-11397xj -fontSize css-18j1nfb-display\">k2 papirark til salg. <\/span>Du er sikker p\u00e5 at k\u00f8be hos os, fordi vores leveringsmetode er uovertruffen. Vi vil gerne sikre os, at de produkter, du modtager, kun er de bedste. Hvis du \u00f8nsker at k\u00f8be 10 k2 papirer og derover, b\u00f8r du overveje at bes\u00f8ge os, fordi vi giver dig en billig pris uden nogen komplikationer.<\/p>\n<p><img decoding=\"async\" class=\"alignnone size-medium wp-image-7832\" src=\"https:\/\/everydaychemshop.com\/da\/wp-content\/uploads\/sites\/2\/2022\/11\/K2-Paper-rolled-300x300.png\" alt=\"\" width=\"300\" height=\"300 \" srcset=\"https:\/\/everydaychemshop.com\/da\/wp-content\/uploads\/sites\/2\/2022\/11\/K2-Paper-rolled-300x300.png 300w, https:\/\/everydaychemshop.com\/da\/wp-content\/uploads\/sites\/2\/2022\/11\/K2-Paper-rolled-150x150.png 150w, https:\/\/everydaychemshop.com\/da\/wp-content\/uploads\/sites\/2\/2022\/11\/K2-Paper-rolled-320x320.png 320w, https:\/\/everydaychemshop.com\/da\/wp-content\/uploads\/sites\/2\/2022\/11\/K2-Paper-rolled.png 600w\" sizes=\"(max-width: 300px) 100vw, 300px\" \/><\/p>\n","protected":false},"excerpt":{"rendered":"<p>Bestil den bedste kvalitet af k2 papir til salg online i USA med garanteret levering n\u00e6ste dag fra den mest p\u00e5lidelige og p\u00e5lidelige online apotek uden nogen komplikationer, vi er her for at g\u00f8re dig glad og g\u00f8re det meget nemt for enhver at bestille k2 papir online uden problemer. engros k2 papir online, k\u00f8b k2 engros papir onlinek2 papirark til salg<\/p>\n","protected":false},"featured_media":7834,"comment_status":"open","ping_status":"closed","template":"","meta":{"inline_featured_image":false},"product_brand":[],"product_cat":[116],"product_tag":[],"class_list":{"0":"post-7830","1":"product","2":"type-product","3":"status-publish","4":"has-post-thumbnail","6":"product_cat-smertestillende-midler","8":"first","9":"instock","10":"shipping-taxable","11":"purchasable","12":"product-type-variable","13":"has-default-attributes"},"yoast_head":"<!-- This site is optimized with the Yoast SEO Premium plugin v19.2 (Yoast SEO v27.3) - https:\/\/yoast.com\/product\/yoast-seo-premium-wordpress\/ -->\n<title>K\u00f8b K2 Papir online- Everyday Chem Shop<\/title>\n<meta name=\"description\" content=\"K\u00f8b K2 Papir online. Vi s\u00e6lger K2 papir af den bedste kvalitet online. Kontakt os venligst for mere information og priser.\" \/>\n<meta name=\"robots\" content=\"index, follow, max-snippet:-1, max-image-preview:large, max-video-preview:-1\" \/>\n<link rel=\"canonical\" href=\"https:\/\/everydaychemshop.com\/da\/product\/k2-papir\/\" \/>\n<meta property=\"og:locale\" content=\"en_US\" \/>\n<meta property=\"og:type\" content=\"article\" \/>\n<meta property=\"og:title\" content=\"K2 papir\" \/>\n<meta property=\"og:description\" content=\"K\u00f8b K2 Papir online. Vi s\u00e6lger K2 papir af den bedste kvalitet online. Kontakt os venligst for mere information og priser.\" \/>\n<meta property=\"og:url\" content=\"https:\/\/everydaychemshop.com\/da\/product\/k2-papir\/\" \/>\n<meta property=\"og:site_name\" content=\"Everyday Chem Shop\" \/>\n<meta property=\"article:modified_time\" content=\"2023-04-08T06:46:46+00:00\" \/>\n<meta property=\"og:image\" content=\"https:\/\/everydaychemshop.com\/da\/wp-content\/uploads\/sites\/2\/2022\/11\/Legal-High-K2-Spice-Paper.jpg\" \/>\n\t<meta property=\"og:image:width\" content=\"225\" \/>\n\t<meta property=\"og:image:height\" content=\"225\" \/>\n\t<meta property=\"og:image:type\" content=\"image\/jpeg\" \/>\n<meta name=\"twitter:card\" content=\"summary_large_image\" \/>\n<meta name=\"twitter:label1\" content=\"Est. reading time\" \/>\n\t<meta name=\"twitter:data1\" content=\"5 minutes\" \/>\n<script type=\"application\/ld+json\" class=\"yoast-schema-graph\">{\"@context\":\"https:\\\/\\\/schema.org\",\"@graph\":[{\"@type\":\"WebPage\",\"@id\":\"https:\\\/\\\/everydaychemshop.com\\\/da\\\/product\\\/k2-papir\\\/\",\"url\":\"https:\\\/\\\/everydaychemshop.com\\\/da\\\/product\\\/k2-papir\\\/\",\"name\":\"K\u00f8b K2 Papir online- Everyday Chem Shop\",\"isPartOf\":{\"@id\":\"https:\\\/\\\/everydaychemshop.com\\\/da\\\/#website\"},\"primaryImageOfPage\":{\"@id\":\"https:\\\/\\\/everydaychemshop.com\\\/da\\\/product\\\/k2-papir\\\/#primaryimage\"},\"image\":{\"@id\":\"https:\\\/\\\/everydaychemshop.com\\\/da\\\/product\\\/k2-papir\\\/#primaryimage\"},\"thumbnailUrl\":\"https:\\\/\\\/everydaychemshop.com\\\/da\\\/wp-content\\\/uploads\\\/sites\\\/2\\\/2022\\\/11\\\/Legal-High-K2-Spice-Paper.jpg\",\"datePublished\":\"2022-11-16T18:06:49+00:00\",\"dateModified\":\"2023-04-08T06:46:46+00:00\",\"description\":\"K\u00f8b K2 Papir online. Vi s\u00e6lger K2 papir af den bedste kvalitet online. Kontakt os venligst for mere information og priser.\",\"breadcrumb\":{\"@id\":\"https:\\\/\\\/everydaychemshop.com\\\/da\\\/product\\\/k2-papir\\\/#breadcrumb\"},\"inLanguage\":\"en-US\",\"potentialAction\":[{\"@type\":\"ReadAction\",\"target\":[\"https:\\\/\\\/everydaychemshop.com\\\/da\\\/product\\\/k2-papir\\\/\"]}]},{\"@type\":\"ImageObject\",\"inLanguage\":\"en-US\",\"@id\":\"https:\\\/\\\/everydaychemshop.com\\\/da\\\/product\\\/k2-papir\\\/#primaryimage\",\"url\":\"https:\\\/\\\/everydaychemshop.com\\\/da\\\/wp-content\\\/uploads\\\/sites\\\/2\\\/2022\\\/11\\\/Legal-High-K2-Spice-Paper.jpg\",\"contentUrl\":\"https:\\\/\\\/everydaychemshop.com\\\/da\\\/wp-content\\\/uploads\\\/sites\\\/2\\\/2022\\\/11\\\/Legal-High-K2-Spice-Paper.jpg\",\"width\":225,\"height\":225,\"caption\":\"K\u00f8b K2 Papir online\"},{\"@type\":\"BreadcrumbList\",\"@id\":\"https:\\\/\\\/everydaychemshop.com\\\/da\\\/product\\\/k2-papir\\\/#breadcrumb\",\"itemListElement\":[{\"@type\":\"ListItem\",\"position\":1,\"name\":\"Home\",\"item\":\"https:\\\/\\\/everydaychemshop.com\\\/da\\\/\"},{\"@type\":\"ListItem\",\"position\":2,\"name\":\"Produkter\",\"item\":\"https:\\\/\\\/everydaychemshop.com\\\/da\\\/produkter\\\/\"},{\"@type\":\"ListItem\",\"position\":3,\"name\":\"K2 papir\"}]},{\"@type\":\"WebSite\",\"@id\":\"https:\\\/\\\/everydaychemshop.com\\\/da\\\/#website\",\"url\":\"https:\\\/\\\/everydaychemshop.com\\\/da\\\/\",\"name\":\"Everyday Chem Shop\",\"description\":\"\",\"potentialAction\":[{\"@type\":\"SearchAction\",\"target\":{\"@type\":\"EntryPoint\",\"urlTemplate\":\"https:\\\/\\\/everydaychemshop.com\\\/da\\\/?s={search_term_string}\"},\"query-input\":{\"@type\":\"PropertyValueSpecification\",\"valueRequired\":true,\"valueName\":\"search_term_string\"}}],\"inLanguage\":\"en-US\"}]}<\/script>\n<!-- \/ Yoast SEO Premium plugin. -->","yoast_head_json":{"title":"K\u00f8b K2 Papir online- Everyday Chem Shop","description":"K\u00f8b K2 Papir online. Vi s\u00e6lger K2 papir af den bedste kvalitet online. Kontakt os venligst for mere information og priser.","robots":{"index":"index","follow":"follow","max-snippet":"max-snippet:-1","max-image-preview":"max-image-preview:large","max-video-preview":"max-video-preview:-1"},"canonical":"https:\/\/everydaychemshop.com\/da\/product\/k2-papir\/","og_locale":"en_US","og_type":"article","og_title":"K2 papir","og_description":"K\u00f8b K2 Papir online. Vi s\u00e6lger K2 papir af den bedste kvalitet online. Kontakt os venligst for mere information og priser.","og_url":"https:\/\/everydaychemshop.com\/da\/product\/k2-papir\/","og_site_name":"Everyday Chem Shop","article_modified_time":"2023-04-08T06:46:46+00:00","og_image":[{"width":225,"height":225,"url":"https:\/\/everydaychemshop.com\/da\/wp-content\/uploads\/sites\/2\/2022\/11\/Legal-High-K2-Spice-Paper.jpg","type":"image\/jpeg"}],"twitter_card":"summary_large_image","twitter_misc":{"Est. reading time":"5 minutes"},"schema":{"@context":"https:\/\/schema.org","@graph":[{"@type":"WebPage","@id":"https:\/\/everydaychemshop.com\/da\/product\/k2-papir\/","url":"https:\/\/everydaychemshop.com\/da\/product\/k2-papir\/","name":"K\u00f8b K2 Papir online- Everyday Chem Shop","isPartOf":{"@id":"https:\/\/everydaychemshop.com\/da\/#website"},"primaryImageOfPage":{"@id":"https:\/\/everydaychemshop.com\/da\/product\/k2-papir\/#primaryimage"},"image":{"@id":"https:\/\/everydaychemshop.com\/da\/product\/k2-papir\/#primaryimage"},"thumbnailUrl":"https:\/\/everydaychemshop.com\/da\/wp-content\/uploads\/sites\/2\/2022\/11\/Legal-High-K2-Spice-Paper.jpg","datePublished":"2022-11-16T18:06:49+00:00","dateModified":"2023-04-08T06:46:46+00:00","description":"K\u00f8b K2 Papir online. Vi s\u00e6lger K2 papir af den bedste kvalitet online. Kontakt os venligst for mere information og priser.","breadcrumb":{"@id":"https:\/\/everydaychemshop.com\/da\/product\/k2-papir\/#breadcrumb"},"inLanguage":"en-US","potentialAction":[{"@type":"ReadAction","target":["https:\/\/everydaychemshop.com\/da\/product\/k2-papir\/"]}]},{"@type":"ImageObject","inLanguage":"en-US","@id":"https:\/\/everydaychemshop.com\/da\/product\/k2-papir\/#primaryimage","url":"https:\/\/everydaychemshop.com\/da\/wp-content\/uploads\/sites\/2\/2022\/11\/Legal-High-K2-Spice-Paper.jpg","contentUrl":"https:\/\/everydaychemshop.com\/da\/wp-content\/uploads\/sites\/2\/2022\/11\/Legal-High-K2-Spice-Paper.jpg","width":225,"height":225,"caption":"K\u00f8b K2 Papir online"},{"@type":"BreadcrumbList","@id":"https:\/\/everydaychemshop.com\/da\/product\/k2-papir\/#breadcrumb","itemListElement":[{"@type":"ListItem","position":1,"name":"Home","item":"https:\/\/everydaychemshop.com\/da\/"},{"@type":"ListItem","position":2,"name":"Produkter","item":"https:\/\/everydaychemshop.com\/da\/produkter\/"},{"@type":"ListItem","position":3,"name":"K2 papir"}]},{"@type":"WebSite","@id":"https:\/\/everydaychemshop.com\/da\/#website","url":"https:\/\/everydaychemshop.com\/da\/","name":"Everyday Chem Shop","description":"","potentialAction":[{"@type":"SearchAction","target":{"@type":"EntryPoint","urlTemplate":"https:\/\/everydaychemshop.com\/da\/?s={search_term_string}"},"query-input":{"@type":"PropertyValueSpecification","valueRequired":true,"valueName":"search_term_string"}}],"inLanguage":"en-US"}]}},"_links":{"self":[{"href":"https:\/\/everydaychemshop.com\/da\/wp-json\/wp\/v2\/product\/7830","targetHints":{"allow":["GET"]}}],"collection":[{"href":"https:\/\/everydaychemshop.com\/da\/wp-json\/wp\/v2\/product"}],"about":[{"href":"https:\/\/everydaychemshop.com\/da\/wp-json\/wp\/v2\/types\/product"}],"replies":[{"embeddable":true,"href":"https:\/\/everydaychemshop.com\/da\/wp-json\/wp\/v2\/comments?post=7830"}],"wp:featuredmedia":[{"embeddable":true,"href":"https:\/\/everydaychemshop.com\/da\/wp-json\/wp\/v2\/media\/7834"}],"wp:attachment":[{"href":"https:\/\/everydaychemshop.com\/da\/wp-json\/wp\/v2\/media?parent=7830"}],"wp:term":[{"taxonomy":"product_brand","embeddable":true,"href":"https:\/\/everydaychemshop.com\/da\/wp-json\/wp\/v2\/product_brand?post=7830"},{"taxonomy":"product_cat","embeddable":true,"href":"https:\/\/everydaychemshop.com\/da\/wp-json\/wp\/v2\/product_cat?post=7830"},{"taxonomy":"product_tag","embeddable":true,"href":"https:\/\/everydaychemshop.com\/da\/wp-json\/wp\/v2\/product_tag?post=7830"}],"curies":[{"name":"wp","href":"https:\/\/api.w.org\/{rel}","templated":true}]}}