{"id":7885,"date":"2022-11-16T19:26:10","date_gmt":"2022-11-16T19:26:10","guid":{"rendered":"https:\/\/everydaychemshop.com\/da\/?post_type=product&#038;p=7885"},"modified":"2023-04-08T06:45:17","modified_gmt":"2023-04-08T06:45:17","slug":"klar-k2-rogelse-spray","status":"publish","type":"product","link":"https:\/\/everydaychemshop.com\/da\/product\/klar-k2-rogelse-spray\/","title":{"rendered":"Klar K2 R\u00f8gelsespray"},"content":{"rendered":"<h1>K\u00f8b K2 R\u00f8gelsespray online<\/h1>\n<p><a href=\"https:\/\/everydaychemshop.com\/da\/product\/klar-k2-rogelse-spray\/\">K\u00f8b K2 R\u00f8gelsespray online<\/a>. Syntetiske cannabinoider betragtes gennem nogle af emblemnavnene, som inkluderer K2, Spice, Arizona, Black Mamba, Bombay Blue, Genie, Zohai, Banana Cream Nuke, Krypton, Lava Red og masser af ekstra.<\/p>\n<p>I nogle f\u00e5 spansktalende lande, inklusive Chile og Argentina,<\/p>\n<p>F.eks. ordninger bliver j\u00e6vnligt tjekket med som &#8220;kripy&#8221;.<\/p>\n<p>Nelson h\u00e6vder, at i forhold til marihuana er varer, der indeholder kunstige cannabinoider, &#8220;\u00e6rligt talt <a href=\"https:\/\/nida.nih.gov\/publications\/drugfacts\/synthetic-cannabinoids-k2spice\">ret<\/a> anderledes, og konsekvenserne er en hel del ekstra uforudsigelige<\/p>\n<p>Syntetiske cannabinoider betragtes gennem nogle af emblemnavnene, som inkluderer K2, Spice, Arizona, Black Mamba, Bombay Blue, Genie, Zohai, Banana Cream Nuke, Krypton, Lava Red og masser af ekstra.<\/p>\n<p>I en f\u00e5 spansktalende lande, inklusive Chile og Argentina,<\/p>\n<p>S\u00e5danne ordninger bliver j\u00e6vnligt kontrolleret som &#8220;spr\u00f8de&#8221;.<\/p>\n<p>De kaldes j\u00e6vnligt &#8220;kunstig marihuana&#8221;, &#8220;urte-urter&#8221;, &#8220;naturlig r\u00f8gelse&#8221;<\/p>\n<p>Flydende K2 p\u00e5 papir<\/p>\n<p>Vi introducerer dig for praktisk talt de perfekte produkter, som du kan k\u00f8be. Det er en perfekt e-v\u00e6ske variationer af naturlig r\u00f8gelse, vi til enhver tid har oplevet. Du kan h\u00f8ste nogle af de mest ber\u00f8mte navne i virksomheden eller f\u00e5 deres personlige levende blandinger, der giver dig nye m\u00e6ngder aroma, som du ikke f\u00f8lte havde v\u00e6ret levedygtig at f\u00e5 succes i. K\u00f8b forvalsede samlinger p\u00e5 din d\u00f8rbev\u00e6gelse hvor som helst i Det Forenede Kongerige. Pre-roll refererer til et par joint, som er blevet pre-rollet. Apoteker typisk markedsplads pre-rolls. Pre-roll samlinger har en tendens til at v\u00e6re fantastisk billige, mindre og diskrete. De er perfekte.<\/p>\n<p>K2 Liquid Spray<\/p>\n<p>Vid, hvad du f\u00e5r ved at v\u00e6lge denne blanding. De 100 % naturlige blandinger var blevet h\u00e5ndvalgt for at give dig den glatteste blanding. Vi lister elementerne i rent papirspray ovenfor, s\u00e5 du genkender, hvad du f\u00e5r p\u00e5 forsiden, fordi bunden af \u200b\u200bvores produkt.<\/p>\n<p>Det er glat at se, hvorfor k2 rent papirspray har v\u00e6ret en konstant international bedst s\u00e6lgende r\u00f8gelse for os i mere end 10 \u00e5r. K\u00f8b K2 R\u00f8gelse Spray Online<\/p>\n","protected":false},"excerpt":{"rendered":"<p>Lugtfri og farvel\u00f8s K2 r\u00f8gelsesspray tilg\u00e6ngelig p\u00e5 udsalg til billige bedste lave priser. Du skal bruge en 25 ml flaske til at spr\u00f8jte et komplet A4 papirark.<\/p>\n","protected":false},"featured_media":7892,"comment_status":"open","ping_status":"closed","template":"","meta":{"inline_featured_image":false},"product_brand":[],"product_cat":[116],"product_tag":[],"class_list":{"0":"post-7885","1":"product","2":"type-product","3":"status-publish","4":"has-post-thumbnail","6":"product_cat-smertestillende-midler","8":"first","9":"instock","10":"shipping-taxable","11":"purchasable","12":"product-type-variable","13":"has-default-attributes"},"yoast_head":"<!-- This site is optimized with the Yoast SEO Premium plugin v19.2 (Yoast SEO v27.3) - https:\/\/yoast.com\/product\/yoast-seo-premium-wordpress\/ -->\n<title>K\u00f8b K2 R\u00f8gelsespray online - Everyday Chem Shop<\/title>\n<meta name=\"description\" content=\"K\u00f8b K2 R\u00f8gelsespray online. Vi s\u00e6lger den bedste kvalitet K2 R\u00f8gelsespray online. Kontakt os venligst for mere information og priser.\" \/>\n<meta name=\"robots\" content=\"index, follow, max-snippet:-1, max-image-preview:large, max-video-preview:-1\" \/>\n<link rel=\"canonical\" href=\"https:\/\/everydaychemshop.com\/da\/product\/klar-k2-rogelse-spray\/\" \/>\n<meta property=\"og:locale\" content=\"en_US\" \/>\n<meta property=\"og:type\" content=\"article\" \/>\n<meta property=\"og:title\" content=\"Klar K2 R\u00f8gelsespray\" \/>\n<meta property=\"og:description\" content=\"K\u00f8b K2 R\u00f8gelsespray online. Vi s\u00e6lger den bedste kvalitet K2 R\u00f8gelsespray online. Kontakt os venligst for mere information og priser.\" \/>\n<meta property=\"og:url\" content=\"https:\/\/everydaychemshop.com\/da\/product\/klar-k2-rogelse-spray\/\" \/>\n<meta property=\"og:site_name\" content=\"Everyday Chem Shop\" \/>\n<meta property=\"article:modified_time\" content=\"2023-04-08T06:45:17+00:00\" \/>\n<meta property=\"og:image\" content=\"https:\/\/everydaychemshop.com\/da\/wp-content\/uploads\/sites\/2\/2022\/11\/fa7e91aea60b0795348e8f445e66ce46.jpg\" \/>\n\t<meta property=\"og:image:width\" content=\"280\" \/>\n\t<meta property=\"og:image:height\" content=\"280\" \/>\n\t<meta property=\"og:image:type\" content=\"image\/jpeg\" \/>\n<meta name=\"twitter:card\" content=\"summary_large_image\" \/>\n<meta name=\"twitter:label1\" content=\"Est. reading time\" \/>\n\t<meta name=\"twitter:data1\" content=\"2 minutes\" \/>\n<script type=\"application\/ld+json\" class=\"yoast-schema-graph\">{\"@context\":\"https:\\\/\\\/schema.org\",\"@graph\":[{\"@type\":\"WebPage\",\"@id\":\"https:\\\/\\\/everydaychemshop.com\\\/da\\\/product\\\/klar-k2-rogelse-spray\\\/\",\"url\":\"https:\\\/\\\/everydaychemshop.com\\\/da\\\/product\\\/klar-k2-rogelse-spray\\\/\",\"name\":\"K\u00f8b K2 R\u00f8gelsespray online - Everyday Chem Shop\",\"isPartOf\":{\"@id\":\"https:\\\/\\\/everydaychemshop.com\\\/da\\\/#website\"},\"primaryImageOfPage\":{\"@id\":\"https:\\\/\\\/everydaychemshop.com\\\/da\\\/product\\\/klar-k2-rogelse-spray\\\/#primaryimage\"},\"image\":{\"@id\":\"https:\\\/\\\/everydaychemshop.com\\\/da\\\/product\\\/klar-k2-rogelse-spray\\\/#primaryimage\"},\"thumbnailUrl\":\"https:\\\/\\\/everydaychemshop.com\\\/da\\\/wp-content\\\/uploads\\\/sites\\\/2\\\/2022\\\/11\\\/fa7e91aea60b0795348e8f445e66ce46.jpg\",\"datePublished\":\"2022-11-16T19:26:10+00:00\",\"dateModified\":\"2023-04-08T06:45:17+00:00\",\"description\":\"K\u00f8b K2 R\u00f8gelsespray online. Vi s\u00e6lger den bedste kvalitet K2 R\u00f8gelsespray online. Kontakt os venligst for mere information og priser.\",\"breadcrumb\":{\"@id\":\"https:\\\/\\\/everydaychemshop.com\\\/da\\\/product\\\/klar-k2-rogelse-spray\\\/#breadcrumb\"},\"inLanguage\":\"en-US\",\"potentialAction\":[{\"@type\":\"ReadAction\",\"target\":[\"https:\\\/\\\/everydaychemshop.com\\\/da\\\/product\\\/klar-k2-rogelse-spray\\\/\"]}]},{\"@type\":\"ImageObject\",\"inLanguage\":\"en-US\",\"@id\":\"https:\\\/\\\/everydaychemshop.com\\\/da\\\/product\\\/klar-k2-rogelse-spray\\\/#primaryimage\",\"url\":\"https:\\\/\\\/everydaychemshop.com\\\/da\\\/wp-content\\\/uploads\\\/sites\\\/2\\\/2022\\\/11\\\/fa7e91aea60b0795348e8f445e66ce46.jpg\",\"contentUrl\":\"https:\\\/\\\/everydaychemshop.com\\\/da\\\/wp-content\\\/uploads\\\/sites\\\/2\\\/2022\\\/11\\\/fa7e91aea60b0795348e8f445e66ce46.jpg\",\"width\":280,\"height\":280,\"caption\":\"K\u00f8b K2 R\u00f8gelsespray online\"},{\"@type\":\"BreadcrumbList\",\"@id\":\"https:\\\/\\\/everydaychemshop.com\\\/da\\\/product\\\/klar-k2-rogelse-spray\\\/#breadcrumb\",\"itemListElement\":[{\"@type\":\"ListItem\",\"position\":1,\"name\":\"Home\",\"item\":\"https:\\\/\\\/everydaychemshop.com\\\/da\\\/\"},{\"@type\":\"ListItem\",\"position\":2,\"name\":\"Produkter\",\"item\":\"https:\\\/\\\/everydaychemshop.com\\\/da\\\/produkter\\\/\"},{\"@type\":\"ListItem\",\"position\":3,\"name\":\"Klar K2 R\u00f8gelsespray\"}]},{\"@type\":\"WebSite\",\"@id\":\"https:\\\/\\\/everydaychemshop.com\\\/da\\\/#website\",\"url\":\"https:\\\/\\\/everydaychemshop.com\\\/da\\\/\",\"name\":\"Everyday Chem Shop\",\"description\":\"\",\"potentialAction\":[{\"@type\":\"SearchAction\",\"target\":{\"@type\":\"EntryPoint\",\"urlTemplate\":\"https:\\\/\\\/everydaychemshop.com\\\/da\\\/?s={search_term_string}\"},\"query-input\":{\"@type\":\"PropertyValueSpecification\",\"valueRequired\":true,\"valueName\":\"search_term_string\"}}],\"inLanguage\":\"en-US\"}]}<\/script>\n<!-- \/ Yoast SEO Premium plugin. -->","yoast_head_json":{"title":"K\u00f8b K2 R\u00f8gelsespray online - Everyday Chem Shop","description":"K\u00f8b K2 R\u00f8gelsespray online. Vi s\u00e6lger den bedste kvalitet K2 R\u00f8gelsespray online. Kontakt os venligst for mere information og priser.","robots":{"index":"index","follow":"follow","max-snippet":"max-snippet:-1","max-image-preview":"max-image-preview:large","max-video-preview":"max-video-preview:-1"},"canonical":"https:\/\/everydaychemshop.com\/da\/product\/klar-k2-rogelse-spray\/","og_locale":"en_US","og_type":"article","og_title":"Klar K2 R\u00f8gelsespray","og_description":"K\u00f8b K2 R\u00f8gelsespray online. Vi s\u00e6lger den bedste kvalitet K2 R\u00f8gelsespray online. Kontakt os venligst for mere information og priser.","og_url":"https:\/\/everydaychemshop.com\/da\/product\/klar-k2-rogelse-spray\/","og_site_name":"Everyday Chem Shop","article_modified_time":"2023-04-08T06:45:17+00:00","og_image":[{"width":280,"height":280,"url":"https:\/\/everydaychemshop.com\/da\/wp-content\/uploads\/sites\/2\/2022\/11\/fa7e91aea60b0795348e8f445e66ce46.jpg","type":"image\/jpeg"}],"twitter_card":"summary_large_image","twitter_misc":{"Est. reading time":"2 minutes"},"schema":{"@context":"https:\/\/schema.org","@graph":[{"@type":"WebPage","@id":"https:\/\/everydaychemshop.com\/da\/product\/klar-k2-rogelse-spray\/","url":"https:\/\/everydaychemshop.com\/da\/product\/klar-k2-rogelse-spray\/","name":"K\u00f8b K2 R\u00f8gelsespray online - Everyday Chem Shop","isPartOf":{"@id":"https:\/\/everydaychemshop.com\/da\/#website"},"primaryImageOfPage":{"@id":"https:\/\/everydaychemshop.com\/da\/product\/klar-k2-rogelse-spray\/#primaryimage"},"image":{"@id":"https:\/\/everydaychemshop.com\/da\/product\/klar-k2-rogelse-spray\/#primaryimage"},"thumbnailUrl":"https:\/\/everydaychemshop.com\/da\/wp-content\/uploads\/sites\/2\/2022\/11\/fa7e91aea60b0795348e8f445e66ce46.jpg","datePublished":"2022-11-16T19:26:10+00:00","dateModified":"2023-04-08T06:45:17+00:00","description":"K\u00f8b K2 R\u00f8gelsespray online. Vi s\u00e6lger den bedste kvalitet K2 R\u00f8gelsespray online. Kontakt os venligst for mere information og priser.","breadcrumb":{"@id":"https:\/\/everydaychemshop.com\/da\/product\/klar-k2-rogelse-spray\/#breadcrumb"},"inLanguage":"en-US","potentialAction":[{"@type":"ReadAction","target":["https:\/\/everydaychemshop.com\/da\/product\/klar-k2-rogelse-spray\/"]}]},{"@type":"ImageObject","inLanguage":"en-US","@id":"https:\/\/everydaychemshop.com\/da\/product\/klar-k2-rogelse-spray\/#primaryimage","url":"https:\/\/everydaychemshop.com\/da\/wp-content\/uploads\/sites\/2\/2022\/11\/fa7e91aea60b0795348e8f445e66ce46.jpg","contentUrl":"https:\/\/everydaychemshop.com\/da\/wp-content\/uploads\/sites\/2\/2022\/11\/fa7e91aea60b0795348e8f445e66ce46.jpg","width":280,"height":280,"caption":"K\u00f8b K2 R\u00f8gelsespray online"},{"@type":"BreadcrumbList","@id":"https:\/\/everydaychemshop.com\/da\/product\/klar-k2-rogelse-spray\/#breadcrumb","itemListElement":[{"@type":"ListItem","position":1,"name":"Home","item":"https:\/\/everydaychemshop.com\/da\/"},{"@type":"ListItem","position":2,"name":"Produkter","item":"https:\/\/everydaychemshop.com\/da\/produkter\/"},{"@type":"ListItem","position":3,"name":"Klar K2 R\u00f8gelsespray"}]},{"@type":"WebSite","@id":"https:\/\/everydaychemshop.com\/da\/#website","url":"https:\/\/everydaychemshop.com\/da\/","name":"Everyday Chem Shop","description":"","potentialAction":[{"@type":"SearchAction","target":{"@type":"EntryPoint","urlTemplate":"https:\/\/everydaychemshop.com\/da\/?s={search_term_string}"},"query-input":{"@type":"PropertyValueSpecification","valueRequired":true,"valueName":"search_term_string"}}],"inLanguage":"en-US"}]}},"_links":{"self":[{"href":"https:\/\/everydaychemshop.com\/da\/wp-json\/wp\/v2\/product\/7885","targetHints":{"allow":["GET"]}}],"collection":[{"href":"https:\/\/everydaychemshop.com\/da\/wp-json\/wp\/v2\/product"}],"about":[{"href":"https:\/\/everydaychemshop.com\/da\/wp-json\/wp\/v2\/types\/product"}],"replies":[{"embeddable":true,"href":"https:\/\/everydaychemshop.com\/da\/wp-json\/wp\/v2\/comments?post=7885"}],"wp:featuredmedia":[{"embeddable":true,"href":"https:\/\/everydaychemshop.com\/da\/wp-json\/wp\/v2\/media\/7892"}],"wp:attachment":[{"href":"https:\/\/everydaychemshop.com\/da\/wp-json\/wp\/v2\/media?parent=7885"}],"wp:term":[{"taxonomy":"product_brand","embeddable":true,"href":"https:\/\/everydaychemshop.com\/da\/wp-json\/wp\/v2\/product_brand?post=7885"},{"taxonomy":"product_cat","embeddable":true,"href":"https:\/\/everydaychemshop.com\/da\/wp-json\/wp\/v2\/product_cat?post=7885"},{"taxonomy":"product_tag","embeddable":true,"href":"https:\/\/everydaychemshop.com\/da\/wp-json\/wp\/v2\/product_tag?post=7885"}],"curies":[{"name":"wp","href":"https:\/\/api.w.org\/{rel}","templated":true}]}}