{"id":7916,"date":"2022-11-17T09:10:35","date_gmt":"2022-11-17T09:10:35","guid":{"rendered":"https:\/\/everydaychemshop.com\/da\/?post_type=product&#038;p=7916"},"modified":"2023-04-08T06:28:44","modified_gmt":"2023-04-08T06:28:44","slug":"kodein-sulfat","status":"publish","type":"product","link":"https:\/\/everydaychemshop.com\/da\/product\/kodein-sulfat\/","title":{"rendered":"Kodeinsulfat"},"content":{"rendered":"<h1>K\u00f8b kodeinsulfat piller online<\/h1>\n<p class=\"First\"><a href=\"https:\/\/everydaychemshop.com\/da\/product\/kodein-sulfat\/\">K\u00f8b kodeinsulfat piller online<\/a>. Kodeinsulfat-tabletter er indiceret til behandling af milde til moderate smerter, hvor behandling med et opioid er passende, og for hvilke alternative behandlinger er utilstr\u00e6kkelige.<\/p>\n<p><span class=\"Bold\">Anvendelsesbegr\u00e6nsninger:<\/span><\/p>\n<p>P\u00e5 grund af risikoen for afh\u00e6ngighed, misbrug og misbrug med opioider, selv ved anbefalede doser\u00a0<span class=\"Italics\">[se advarsler og forholdsregler ,<\/span>\u00a0reserve kodeinsulfat-tabletter til patienter, for hvem <a href=\"https:\/\/da.wikipedia.org\/wiki\/Kodein\">alternative<\/a> behandlingsmuligheder [f.eks. ikke-opioide analgetika eller opioide kombinationsprodukter]:<\/p>\n<dl>\n<dt>\u2022<\/dt>\n<dd>Er ikke blevet tolereret, eller forventes ikke at blive tolereret.<\/dd>\n<dt>\u2022<\/dt>\n<dd>Har ikke givet tilstr\u00e6kkelig analgesi, eller forventes ikke at give tilstr\u00e6kkelig analgesi.<\/dd>\n<\/dl>\n<h2>Dosering og administration af kodeinsulfat<\/h2>\n<h3>Vigtig dosering e og administrationsinstruktioner<\/h3>\n<p class=\"First\">Brug den laveste effektive dosis til den korteste varighed i overensstemmelse med individuelle patientbehandlingsm\u00e5l\u00a0<span class=\"Italics\">[se advarsler og forholdsregler .<\/span><\/p>\n<p>Start doseringsregime for hver patient individuelt under hensyntagen til patientens sv\u00e6rhedsgrad af smerte, patientrespons, tidligere erfaring med smertestillende behandling og risikofaktorer for afh\u00e6ngighed, misbrug og misbrug\u00a0<span class=\"Italics\">[se advarsler og forholdsregler.<\/span><\/p>\n<p>Overv\u00e5g patienter n\u00f8je for respirationsdepression, is\u00e6r inden for de f\u00f8rste 24 til 72 timer efter p\u00e5begyndelse af behandlingen og efter dosisstigninger med kodeinsulfattabletter, og juster dosis i overensstemmelse hermed\u00a0<span class=\"Italics\">[se advarsler og forholdsregler.<\/span><\/p>\n<h3>Patientadgang til Naloxon til akut behandling af opioidoverdosis<\/h3>\n<p class=\"First\"><span class=\"following_xmChange\">Diskuter tilg\u00e6ngeligheden af \u200b\u200bnaloxon til akutbehandling af opioidoverdosis med patienten og plejepersonalet og vurdere det potentielle behov for adgang til naloxon, b\u00e5de ved p\u00e5begyndelse og fornyelse af behandling med kodeinsulfattabletter.<\/span>aa63-8ef172523934&#8243;&gt;5.3<span class=\"following_xmChange\">), Patientr\u00e5dgivning Oplysninger<\/span><span class=\"following_xmChange\">.<\/span><\/p>\n<p><span class=\"following_xmChange\">Informer pa patienter og plejere om de forskellige m\u00e5der at opn\u00e5 naloxon p\u00e5, som det er tilladt i henhold til individuelle statslige krav til dispensering og ordinering af naloxon eller retningslinjer (f.eks. p\u00e5 recept, direkte fra en farmaceut eller som en del af et samfundsbaseret program).<\/span><\/p>\n<p><span class=\"following_xmChange\">Overvej at ordinere naloxon baseret p\u00e5 patientens risikofaktorer for overdosering, s\u00e5som samtidig brug af CNS-depressiva, en historie med opioidbrugsforstyrrelser eller tidligere opioidoverdosis. Tilstedev\u00e6relsen af \u200b\u200brisikofaktorer for overdosering b\u00f8r ikke forhindre korrekt smertebehandling hos en given patient\u00a0<span class=\"Italics\">[se advarsler og forholdsregler<\/span><\/span><span class=\"Italics\">.<\/span><\/p>\n<p><span class=\"following_xmChange\">Overvej ordinering af naloxon, hvis patienten har husstandsmedlemmer (inklusive b\u00f8rn) eller andre n\u00e6re kontakter med risiko for utilsigtet indtagelse eller overdosis<\/span>.<\/p>\n","protected":false},"excerpt":{"rendered":"<p>Kodein er medlem af klassen hostestillende l\u00e6gemidler og bruges almindeligvis mod hoste, diarr\u00e9 og smerter.<\/p>\n","protected":false},"featured_media":7921,"comment_status":"open","ping_status":"closed","template":"","meta":{"inline_featured_image":false},"product_brand":[],"product_cat":[116],"product_tag":[],"class_list":{"0":"post-7916","1":"product","2":"type-product","3":"status-publish","4":"has-post-thumbnail","6":"product_cat-smertestillende-midler","8":"first","9":"instock","10":"shipping-taxable","11":"purchasable","12":"product-type-variable","13":"has-default-attributes"},"yoast_head":"<!-- This site is optimized with the Yoast SEO Premium plugin v19.2 (Yoast SEO v27.3) - https:\/\/yoast.com\/product\/yoast-seo-premium-wordpress\/ -->\n<title>K\u00f8b kodeinsulfat piller online - Everyday Chem Shop<\/title>\n<meta name=\"description\" content=\"K\u00f8b kodeinsulfat piller online. Vi s\u00e6lger bedste kvalitet kodeinsulfat piller online. Kontakt venligst for mere information.\" \/>\n<meta name=\"robots\" content=\"index, follow, max-snippet:-1, max-image-preview:large, max-video-preview:-1\" \/>\n<link rel=\"canonical\" href=\"https:\/\/everydaychemshop.com\/da\/product\/kodein-sulfat\/\" \/>\n<meta property=\"og:locale\" content=\"en_US\" \/>\n<meta property=\"og:type\" content=\"article\" \/>\n<meta property=\"og:title\" content=\"Kodeinsulfat\" \/>\n<meta property=\"og:description\" content=\"K\u00f8b kodeinsulfat piller online. Vi s\u00e6lger bedste kvalitet kodeinsulfat piller online. Kontakt venligst for mere information.\" \/>\n<meta property=\"og:url\" content=\"https:\/\/everydaychemshop.com\/da\/product\/kodein-sulfat\/\" \/>\n<meta property=\"og:site_name\" content=\"Everyday Chem Shop\" \/>\n<meta property=\"article:modified_time\" content=\"2023-04-08T06:28:44+00:00\" \/>\n<meta property=\"og:image\" content=\"https:\/\/everydaychemshop.com\/da\/wp-content\/uploads\/sites\/2\/2022\/11\/Codeine-Sulfate-30-mg-ROX.jpg\" \/>\n\t<meta property=\"og:image:width\" content=\"300\" \/>\n\t<meta property=\"og:image:height\" content=\"225\" \/>\n\t<meta property=\"og:image:type\" content=\"image\/jpeg\" \/>\n<meta name=\"twitter:card\" content=\"summary_large_image\" \/>\n<meta name=\"twitter:label1\" content=\"Est. reading time\" \/>\n\t<meta name=\"twitter:data1\" content=\"2 minutes\" \/>\n<script type=\"application\/ld+json\" class=\"yoast-schema-graph\">{\"@context\":\"https:\\\/\\\/schema.org\",\"@graph\":[{\"@type\":\"WebPage\",\"@id\":\"https:\\\/\\\/everydaychemshop.com\\\/da\\\/product\\\/kodein-sulfat\\\/\",\"url\":\"https:\\\/\\\/everydaychemshop.com\\\/da\\\/product\\\/kodein-sulfat\\\/\",\"name\":\"K\u00f8b kodeinsulfat piller online - Everyday Chem Shop\",\"isPartOf\":{\"@id\":\"https:\\\/\\\/everydaychemshop.com\\\/da\\\/#website\"},\"primaryImageOfPage\":{\"@id\":\"https:\\\/\\\/everydaychemshop.com\\\/da\\\/product\\\/kodein-sulfat\\\/#primaryimage\"},\"image\":{\"@id\":\"https:\\\/\\\/everydaychemshop.com\\\/da\\\/product\\\/kodein-sulfat\\\/#primaryimage\"},\"thumbnailUrl\":\"https:\\\/\\\/everydaychemshop.com\\\/da\\\/wp-content\\\/uploads\\\/sites\\\/2\\\/2022\\\/11\\\/Codeine-Sulfate-30-mg-ROX.jpg\",\"datePublished\":\"2022-11-17T09:10:35+00:00\",\"dateModified\":\"2023-04-08T06:28:44+00:00\",\"description\":\"K\u00f8b kodeinsulfat piller online. Vi s\u00e6lger bedste kvalitet kodeinsulfat piller online. Kontakt venligst for mere information.\",\"breadcrumb\":{\"@id\":\"https:\\\/\\\/everydaychemshop.com\\\/da\\\/product\\\/kodein-sulfat\\\/#breadcrumb\"},\"inLanguage\":\"en-US\",\"potentialAction\":[{\"@type\":\"ReadAction\",\"target\":[\"https:\\\/\\\/everydaychemshop.com\\\/da\\\/product\\\/kodein-sulfat\\\/\"]}]},{\"@type\":\"ImageObject\",\"inLanguage\":\"en-US\",\"@id\":\"https:\\\/\\\/everydaychemshop.com\\\/da\\\/product\\\/kodein-sulfat\\\/#primaryimage\",\"url\":\"https:\\\/\\\/everydaychemshop.com\\\/da\\\/wp-content\\\/uploads\\\/sites\\\/2\\\/2022\\\/11\\\/Codeine-Sulfate-30-mg-ROX.jpg\",\"contentUrl\":\"https:\\\/\\\/everydaychemshop.com\\\/da\\\/wp-content\\\/uploads\\\/sites\\\/2\\\/2022\\\/11\\\/Codeine-Sulfate-30-mg-ROX.jpg\",\"width\":300,\"height\":225,\"caption\":\"K\u00f8b kodeinsulfat piller online\"},{\"@type\":\"BreadcrumbList\",\"@id\":\"https:\\\/\\\/everydaychemshop.com\\\/da\\\/product\\\/kodein-sulfat\\\/#breadcrumb\",\"itemListElement\":[{\"@type\":\"ListItem\",\"position\":1,\"name\":\"Home\",\"item\":\"https:\\\/\\\/everydaychemshop.com\\\/da\\\/\"},{\"@type\":\"ListItem\",\"position\":2,\"name\":\"Produkter\",\"item\":\"https:\\\/\\\/everydaychemshop.com\\\/da\\\/produkter\\\/\"},{\"@type\":\"ListItem\",\"position\":3,\"name\":\"Kodeinsulfat\"}]},{\"@type\":\"WebSite\",\"@id\":\"https:\\\/\\\/everydaychemshop.com\\\/da\\\/#website\",\"url\":\"https:\\\/\\\/everydaychemshop.com\\\/da\\\/\",\"name\":\"Everyday Chem Shop\",\"description\":\"\",\"potentialAction\":[{\"@type\":\"SearchAction\",\"target\":{\"@type\":\"EntryPoint\",\"urlTemplate\":\"https:\\\/\\\/everydaychemshop.com\\\/da\\\/?s={search_term_string}\"},\"query-input\":{\"@type\":\"PropertyValueSpecification\",\"valueRequired\":true,\"valueName\":\"search_term_string\"}}],\"inLanguage\":\"en-US\"}]}<\/script>\n<!-- \/ Yoast SEO Premium plugin. -->","yoast_head_json":{"title":"K\u00f8b kodeinsulfat piller online - Everyday Chem Shop","description":"K\u00f8b kodeinsulfat piller online. Vi s\u00e6lger bedste kvalitet kodeinsulfat piller online. Kontakt venligst for mere information.","robots":{"index":"index","follow":"follow","max-snippet":"max-snippet:-1","max-image-preview":"max-image-preview:large","max-video-preview":"max-video-preview:-1"},"canonical":"https:\/\/everydaychemshop.com\/da\/product\/kodein-sulfat\/","og_locale":"en_US","og_type":"article","og_title":"Kodeinsulfat","og_description":"K\u00f8b kodeinsulfat piller online. Vi s\u00e6lger bedste kvalitet kodeinsulfat piller online. Kontakt venligst for mere information.","og_url":"https:\/\/everydaychemshop.com\/da\/product\/kodein-sulfat\/","og_site_name":"Everyday Chem Shop","article_modified_time":"2023-04-08T06:28:44+00:00","og_image":[{"width":300,"height":225,"url":"https:\/\/everydaychemshop.com\/da\/wp-content\/uploads\/sites\/2\/2022\/11\/Codeine-Sulfate-30-mg-ROX.jpg","type":"image\/jpeg"}],"twitter_card":"summary_large_image","twitter_misc":{"Est. reading time":"2 minutes"},"schema":{"@context":"https:\/\/schema.org","@graph":[{"@type":"WebPage","@id":"https:\/\/everydaychemshop.com\/da\/product\/kodein-sulfat\/","url":"https:\/\/everydaychemshop.com\/da\/product\/kodein-sulfat\/","name":"K\u00f8b kodeinsulfat piller online - Everyday Chem Shop","isPartOf":{"@id":"https:\/\/everydaychemshop.com\/da\/#website"},"primaryImageOfPage":{"@id":"https:\/\/everydaychemshop.com\/da\/product\/kodein-sulfat\/#primaryimage"},"image":{"@id":"https:\/\/everydaychemshop.com\/da\/product\/kodein-sulfat\/#primaryimage"},"thumbnailUrl":"https:\/\/everydaychemshop.com\/da\/wp-content\/uploads\/sites\/2\/2022\/11\/Codeine-Sulfate-30-mg-ROX.jpg","datePublished":"2022-11-17T09:10:35+00:00","dateModified":"2023-04-08T06:28:44+00:00","description":"K\u00f8b kodeinsulfat piller online. Vi s\u00e6lger bedste kvalitet kodeinsulfat piller online. Kontakt venligst for mere information.","breadcrumb":{"@id":"https:\/\/everydaychemshop.com\/da\/product\/kodein-sulfat\/#breadcrumb"},"inLanguage":"en-US","potentialAction":[{"@type":"ReadAction","target":["https:\/\/everydaychemshop.com\/da\/product\/kodein-sulfat\/"]}]},{"@type":"ImageObject","inLanguage":"en-US","@id":"https:\/\/everydaychemshop.com\/da\/product\/kodein-sulfat\/#primaryimage","url":"https:\/\/everydaychemshop.com\/da\/wp-content\/uploads\/sites\/2\/2022\/11\/Codeine-Sulfate-30-mg-ROX.jpg","contentUrl":"https:\/\/everydaychemshop.com\/da\/wp-content\/uploads\/sites\/2\/2022\/11\/Codeine-Sulfate-30-mg-ROX.jpg","width":300,"height":225,"caption":"K\u00f8b kodeinsulfat piller online"},{"@type":"BreadcrumbList","@id":"https:\/\/everydaychemshop.com\/da\/product\/kodein-sulfat\/#breadcrumb","itemListElement":[{"@type":"ListItem","position":1,"name":"Home","item":"https:\/\/everydaychemshop.com\/da\/"},{"@type":"ListItem","position":2,"name":"Produkter","item":"https:\/\/everydaychemshop.com\/da\/produkter\/"},{"@type":"ListItem","position":3,"name":"Kodeinsulfat"}]},{"@type":"WebSite","@id":"https:\/\/everydaychemshop.com\/da\/#website","url":"https:\/\/everydaychemshop.com\/da\/","name":"Everyday Chem Shop","description":"","potentialAction":[{"@type":"SearchAction","target":{"@type":"EntryPoint","urlTemplate":"https:\/\/everydaychemshop.com\/da\/?s={search_term_string}"},"query-input":{"@type":"PropertyValueSpecification","valueRequired":true,"valueName":"search_term_string"}}],"inLanguage":"en-US"}]}},"_links":{"self":[{"href":"https:\/\/everydaychemshop.com\/da\/wp-json\/wp\/v2\/product\/7916","targetHints":{"allow":["GET"]}}],"collection":[{"href":"https:\/\/everydaychemshop.com\/da\/wp-json\/wp\/v2\/product"}],"about":[{"href":"https:\/\/everydaychemshop.com\/da\/wp-json\/wp\/v2\/types\/product"}],"replies":[{"embeddable":true,"href":"https:\/\/everydaychemshop.com\/da\/wp-json\/wp\/v2\/comments?post=7916"}],"wp:featuredmedia":[{"embeddable":true,"href":"https:\/\/everydaychemshop.com\/da\/wp-json\/wp\/v2\/media\/7921"}],"wp:attachment":[{"href":"https:\/\/everydaychemshop.com\/da\/wp-json\/wp\/v2\/media?parent=7916"}],"wp:term":[{"taxonomy":"product_brand","embeddable":true,"href":"https:\/\/everydaychemshop.com\/da\/wp-json\/wp\/v2\/product_brand?post=7916"},{"taxonomy":"product_cat","embeddable":true,"href":"https:\/\/everydaychemshop.com\/da\/wp-json\/wp\/v2\/product_cat?post=7916"},{"taxonomy":"product_tag","embeddable":true,"href":"https:\/\/everydaychemshop.com\/da\/wp-json\/wp\/v2\/product_tag?post=7916"}],"curies":[{"name":"wp","href":"https:\/\/api.w.org\/{rel}","templated":true}]}}