{"id":7922,"date":"2022-11-17T09:26:52","date_gmt":"2022-11-17T09:26:52","guid":{"rendered":"https:\/\/everydaychemshop.com\/da\/?post_type=product&#038;p=7922"},"modified":"2023-04-08T06:27:00","modified_gmt":"2023-04-08T06:27:00","slug":"klonopin-clonazepam","status":"publish","type":"product","link":"https:\/\/everydaychemshop.com\/da\/product\/klonopin-clonazepam\/","title":{"rendered":"Klonopin Clonazepam"},"content":{"rendered":"<h1>K\u00f8b Klonopin\u00a0piller online<\/h1>\n<p><a href=\"https:\/\/everydaychemshop.com\/da\/product\/klonopin-clonazepam\/\">K\u00f8b Klonopin\u00a0piller online<\/a>. Det menes, at benzodiazepiner virker ved at \u00f8ge aktiviteten af \u200b\u200bvisse neurotransmittere i hjernen.<\/p>\n<p>Klonopin bruges til at behandle visse anfaldsforstyrrelser (herunder absence-anfald eller Lennox-Gastaut syndrom) hos voksne og b\u00f8rn.<\/p>\n<p>Klonopin bruges ogs\u00e5 til at behandle panikangst (herunder agorafobi) hos <a href=\"https:\/\/en.wikipedia.org\/wiki\/Clonazepam\">voksne<\/a>.<\/p>\n<p>Advarsler<br \/>\nKlonopin kan bremse eller stoppe din vejrtr\u00e6kning, is\u00e6r hvis du for nylig har brugt opioidmedicin, alkohol , eller andre l\u00e6gemidler, der kan bremse dit \u00e5ndedr\u00e6t.<\/p>\n<p>MISBRUG AF CLONAZEPAM KAN FOR\u00c5RSAGE afh\u00e6ngighed, OVERDOSERING ELLER D\u00d8D. Opbevar medicinen et sted, hvor andre ikke kan komme til den. Del aldrig Klonopin med en anden person. At s\u00e6lge eller give v\u00e6k denne medicin er imod loven.<\/p>\n<p>Nogle mennesker har selvmordstanker, mens de tager Klonopin. Fort\u00e6l din l\u00e6ge med det samme, hvis du har pludselige \u00e6ndringer i hum\u00f8r eller adf\u00e6rd, eller tanker om selvmord.<\/p>\n<p>F\u00e5 l\u00e6gehj\u00e6lp med det samme, hvis du holder op med at bruge Klonopin og har symptomer som: us\u00e6dvanlige muskelbev\u00e6gelser, at v\u00e6re mere aktive eller snakkesalige, pludselige og alvorlige \u00e6ndringer i hum\u00f8r eller adf\u00e6rd, forvirring, hallucinationer, anfald eller tanker om selvmord.<\/p>\n<p>Du m\u00e5 ikke stoppe med at bruge Klonopin uden at sp\u00f8rge din l\u00e6ge. Du kan f\u00e5 livstruende abstinenssymptomer, hvis du pludselig stopper med at bruge medicinen efter l\u00e6ngere tids brug. Nogle abstinenssymptomer kan vare op til 12 m\u00e5neder eller l\u00e6ngere.<\/p>\n","protected":false},"excerpt":{"rendered":"<p>Klonopin (clonazepam) er medlem af benzodiazepin-antikonvulsiva l\u00e6gemiddelklassen og bruges almindeligvis til epilepsi, panikangst og forebyggelse af anfald.<\/p>\n","protected":false},"featured_media":7928,"comment_status":"open","ping_status":"closed","template":"","meta":{"inline_featured_image":false},"product_brand":[],"product_cat":[116],"product_tag":[],"class_list":{"0":"post-7922","1":"product","2":"type-product","3":"status-publish","4":"has-post-thumbnail","6":"product_cat-smertestillende-midler","8":"first","9":"instock","10":"shipping-taxable","11":"purchasable","12":"product-type-variable","13":"has-default-attributes"},"yoast_head":"<!-- This site is optimized with the Yoast SEO Premium plugin v19.2 (Yoast SEO v27.3) - https:\/\/yoast.com\/product\/yoast-seo-premium-wordpress\/ -->\n<title>K\u00f8b Klonopin\u00a0piller online - Everyday Chem Shop<\/title>\n<meta name=\"description\" content=\"K\u00f8b Klonopin\u00a0piller online. Vi s\u00e6lger Klonopin-piller af bedste kvalitet online. Kontakt venligst for mere information og priser.\" \/>\n<meta name=\"robots\" content=\"index, follow, max-snippet:-1, max-image-preview:large, max-video-preview:-1\" \/>\n<link rel=\"canonical\" href=\"https:\/\/everydaychemshop.com\/da\/product\/klonopin-clonazepam\/\" \/>\n<meta property=\"og:locale\" content=\"en_US\" \/>\n<meta property=\"og:type\" content=\"article\" \/>\n<meta property=\"og:title\" content=\"Klonopin Clonazepam\" \/>\n<meta property=\"og:description\" content=\"K\u00f8b Klonopin\u00a0piller online. Vi s\u00e6lger Klonopin-piller af bedste kvalitet online. Kontakt venligst for mere information og priser.\" \/>\n<meta property=\"og:url\" content=\"https:\/\/everydaychemshop.com\/da\/product\/klonopin-clonazepam\/\" \/>\n<meta property=\"og:site_name\" content=\"Everyday Chem Shop\" \/>\n<meta property=\"article:modified_time\" content=\"2023-04-08T06:27:00+00:00\" \/>\n<meta property=\"og:image\" content=\"https:\/\/everydaychemshop.com\/da\/wp-content\/uploads\/sites\/2\/2022\/11\/Klonopin-1-mg.jpg\" \/>\n\t<meta property=\"og:image:width\" content=\"300\" \/>\n\t<meta property=\"og:image:height\" content=\"225\" \/>\n\t<meta property=\"og:image:type\" content=\"image\/jpeg\" \/>\n<meta name=\"twitter:card\" content=\"summary_large_image\" \/>\n<meta name=\"twitter:label1\" content=\"Est. reading time\" \/>\n\t<meta name=\"twitter:data1\" content=\"1 minute\" \/>\n<script type=\"application\/ld+json\" class=\"yoast-schema-graph\">{\"@context\":\"https:\\\/\\\/schema.org\",\"@graph\":[{\"@type\":\"WebPage\",\"@id\":\"https:\\\/\\\/everydaychemshop.com\\\/da\\\/product\\\/klonopin-clonazepam\\\/\",\"url\":\"https:\\\/\\\/everydaychemshop.com\\\/da\\\/product\\\/klonopin-clonazepam\\\/\",\"name\":\"K\u00f8b Klonopin\u00a0piller online - Everyday Chem Shop\",\"isPartOf\":{\"@id\":\"https:\\\/\\\/everydaychemshop.com\\\/da\\\/#website\"},\"primaryImageOfPage\":{\"@id\":\"https:\\\/\\\/everydaychemshop.com\\\/da\\\/product\\\/klonopin-clonazepam\\\/#primaryimage\"},\"image\":{\"@id\":\"https:\\\/\\\/everydaychemshop.com\\\/da\\\/product\\\/klonopin-clonazepam\\\/#primaryimage\"},\"thumbnailUrl\":\"https:\\\/\\\/everydaychemshop.com\\\/da\\\/wp-content\\\/uploads\\\/sites\\\/2\\\/2022\\\/11\\\/Klonopin-1-mg.jpg\",\"datePublished\":\"2022-11-17T09:26:52+00:00\",\"dateModified\":\"2023-04-08T06:27:00+00:00\",\"description\":\"K\u00f8b Klonopin\u00a0piller online. Vi s\u00e6lger Klonopin-piller af bedste kvalitet online. Kontakt venligst for mere information og priser.\",\"breadcrumb\":{\"@id\":\"https:\\\/\\\/everydaychemshop.com\\\/da\\\/product\\\/klonopin-clonazepam\\\/#breadcrumb\"},\"inLanguage\":\"en-US\",\"potentialAction\":[{\"@type\":\"ReadAction\",\"target\":[\"https:\\\/\\\/everydaychemshop.com\\\/da\\\/product\\\/klonopin-clonazepam\\\/\"]}]},{\"@type\":\"ImageObject\",\"inLanguage\":\"en-US\",\"@id\":\"https:\\\/\\\/everydaychemshop.com\\\/da\\\/product\\\/klonopin-clonazepam\\\/#primaryimage\",\"url\":\"https:\\\/\\\/everydaychemshop.com\\\/da\\\/wp-content\\\/uploads\\\/sites\\\/2\\\/2022\\\/11\\\/Klonopin-1-mg.jpg\",\"contentUrl\":\"https:\\\/\\\/everydaychemshop.com\\\/da\\\/wp-content\\\/uploads\\\/sites\\\/2\\\/2022\\\/11\\\/Klonopin-1-mg.jpg\",\"width\":300,\"height\":225,\"caption\":\"K\u00f8b Klonopin\u00a0piller online\"},{\"@type\":\"BreadcrumbList\",\"@id\":\"https:\\\/\\\/everydaychemshop.com\\\/da\\\/product\\\/klonopin-clonazepam\\\/#breadcrumb\",\"itemListElement\":[{\"@type\":\"ListItem\",\"position\":1,\"name\":\"Home\",\"item\":\"https:\\\/\\\/everydaychemshop.com\\\/da\\\/\"},{\"@type\":\"ListItem\",\"position\":2,\"name\":\"Produkter\",\"item\":\"https:\\\/\\\/everydaychemshop.com\\\/da\\\/produkter\\\/\"},{\"@type\":\"ListItem\",\"position\":3,\"name\":\"Klonopin Clonazepam\"}]},{\"@type\":\"WebSite\",\"@id\":\"https:\\\/\\\/everydaychemshop.com\\\/da\\\/#website\",\"url\":\"https:\\\/\\\/everydaychemshop.com\\\/da\\\/\",\"name\":\"Everyday Chem Shop\",\"description\":\"\",\"potentialAction\":[{\"@type\":\"SearchAction\",\"target\":{\"@type\":\"EntryPoint\",\"urlTemplate\":\"https:\\\/\\\/everydaychemshop.com\\\/da\\\/?s={search_term_string}\"},\"query-input\":{\"@type\":\"PropertyValueSpecification\",\"valueRequired\":true,\"valueName\":\"search_term_string\"}}],\"inLanguage\":\"en-US\"}]}<\/script>\n<!-- \/ Yoast SEO Premium plugin. -->","yoast_head_json":{"title":"K\u00f8b Klonopin\u00a0piller online - Everyday Chem Shop","description":"K\u00f8b Klonopin\u00a0piller online. Vi s\u00e6lger Klonopin-piller af bedste kvalitet online. Kontakt venligst for mere information og priser.","robots":{"index":"index","follow":"follow","max-snippet":"max-snippet:-1","max-image-preview":"max-image-preview:large","max-video-preview":"max-video-preview:-1"},"canonical":"https:\/\/everydaychemshop.com\/da\/product\/klonopin-clonazepam\/","og_locale":"en_US","og_type":"article","og_title":"Klonopin Clonazepam","og_description":"K\u00f8b Klonopin\u00a0piller online. Vi s\u00e6lger Klonopin-piller af bedste kvalitet online. Kontakt venligst for mere information og priser.","og_url":"https:\/\/everydaychemshop.com\/da\/product\/klonopin-clonazepam\/","og_site_name":"Everyday Chem Shop","article_modified_time":"2023-04-08T06:27:00+00:00","og_image":[{"width":300,"height":225,"url":"https:\/\/everydaychemshop.com\/da\/wp-content\/uploads\/sites\/2\/2022\/11\/Klonopin-1-mg.jpg","type":"image\/jpeg"}],"twitter_card":"summary_large_image","twitter_misc":{"Est. reading time":"1 minute"},"schema":{"@context":"https:\/\/schema.org","@graph":[{"@type":"WebPage","@id":"https:\/\/everydaychemshop.com\/da\/product\/klonopin-clonazepam\/","url":"https:\/\/everydaychemshop.com\/da\/product\/klonopin-clonazepam\/","name":"K\u00f8b Klonopin\u00a0piller online - Everyday Chem Shop","isPartOf":{"@id":"https:\/\/everydaychemshop.com\/da\/#website"},"primaryImageOfPage":{"@id":"https:\/\/everydaychemshop.com\/da\/product\/klonopin-clonazepam\/#primaryimage"},"image":{"@id":"https:\/\/everydaychemshop.com\/da\/product\/klonopin-clonazepam\/#primaryimage"},"thumbnailUrl":"https:\/\/everydaychemshop.com\/da\/wp-content\/uploads\/sites\/2\/2022\/11\/Klonopin-1-mg.jpg","datePublished":"2022-11-17T09:26:52+00:00","dateModified":"2023-04-08T06:27:00+00:00","description":"K\u00f8b Klonopin\u00a0piller online. Vi s\u00e6lger Klonopin-piller af bedste kvalitet online. Kontakt venligst for mere information og priser.","breadcrumb":{"@id":"https:\/\/everydaychemshop.com\/da\/product\/klonopin-clonazepam\/#breadcrumb"},"inLanguage":"en-US","potentialAction":[{"@type":"ReadAction","target":["https:\/\/everydaychemshop.com\/da\/product\/klonopin-clonazepam\/"]}]},{"@type":"ImageObject","inLanguage":"en-US","@id":"https:\/\/everydaychemshop.com\/da\/product\/klonopin-clonazepam\/#primaryimage","url":"https:\/\/everydaychemshop.com\/da\/wp-content\/uploads\/sites\/2\/2022\/11\/Klonopin-1-mg.jpg","contentUrl":"https:\/\/everydaychemshop.com\/da\/wp-content\/uploads\/sites\/2\/2022\/11\/Klonopin-1-mg.jpg","width":300,"height":225,"caption":"K\u00f8b Klonopin\u00a0piller online"},{"@type":"BreadcrumbList","@id":"https:\/\/everydaychemshop.com\/da\/product\/klonopin-clonazepam\/#breadcrumb","itemListElement":[{"@type":"ListItem","position":1,"name":"Home","item":"https:\/\/everydaychemshop.com\/da\/"},{"@type":"ListItem","position":2,"name":"Produkter","item":"https:\/\/everydaychemshop.com\/da\/produkter\/"},{"@type":"ListItem","position":3,"name":"Klonopin Clonazepam"}]},{"@type":"WebSite","@id":"https:\/\/everydaychemshop.com\/da\/#website","url":"https:\/\/everydaychemshop.com\/da\/","name":"Everyday Chem Shop","description":"","potentialAction":[{"@type":"SearchAction","target":{"@type":"EntryPoint","urlTemplate":"https:\/\/everydaychemshop.com\/da\/?s={search_term_string}"},"query-input":{"@type":"PropertyValueSpecification","valueRequired":true,"valueName":"search_term_string"}}],"inLanguage":"en-US"}]}},"_links":{"self":[{"href":"https:\/\/everydaychemshop.com\/da\/wp-json\/wp\/v2\/product\/7922","targetHints":{"allow":["GET"]}}],"collection":[{"href":"https:\/\/everydaychemshop.com\/da\/wp-json\/wp\/v2\/product"}],"about":[{"href":"https:\/\/everydaychemshop.com\/da\/wp-json\/wp\/v2\/types\/product"}],"replies":[{"embeddable":true,"href":"https:\/\/everydaychemshop.com\/da\/wp-json\/wp\/v2\/comments?post=7922"}],"wp:featuredmedia":[{"embeddable":true,"href":"https:\/\/everydaychemshop.com\/da\/wp-json\/wp\/v2\/media\/7928"}],"wp:attachment":[{"href":"https:\/\/everydaychemshop.com\/da\/wp-json\/wp\/v2\/media?parent=7922"}],"wp:term":[{"taxonomy":"product_brand","embeddable":true,"href":"https:\/\/everydaychemshop.com\/da\/wp-json\/wp\/v2\/product_brand?post=7922"},{"taxonomy":"product_cat","embeddable":true,"href":"https:\/\/everydaychemshop.com\/da\/wp-json\/wp\/v2\/product_cat?post=7922"},{"taxonomy":"product_tag","embeddable":true,"href":"https:\/\/everydaychemshop.com\/da\/wp-json\/wp\/v2\/product_tag?post=7922"}],"curies":[{"name":"wp","href":"https:\/\/api.w.org\/{rel}","templated":true}]}}