{"id":7935,"date":"2022-11-17T10:00:02","date_gmt":"2022-11-17T10:00:02","guid":{"rendered":"https:\/\/everydaychemshop.com\/da\/?post_type=product&#038;p=7935"},"modified":"2023-04-08T06:24:05","modified_gmt":"2023-04-08T06:24:05","slug":"tramadol","status":"publish","type":"product","link":"https:\/\/everydaychemshop.com\/da\/product\/tramadol\/","title":{"rendered":"Tramadol"},"content":{"rendered":"<h1>K\u00f8b Tramadol piller online<\/h1>\n<p><a href=\"https:\/\/everydaychemshop.com\/da\/product\/tramadol\/\">K\u00f8b Tramadol piller online<\/a>. Tramadol er en st\u00e6rk smertestillende medicin, der bruges til at behandle moderat til sv\u00e6r smerte, som ikke lindres af andre typer smertestillende medicin. Tramadol er et syntetisk opioid og <a href=\"https:\/\/en.wikipedia.org\/wiki\/Tramadol\">virker<\/a> i hjernen og rygs\u00f8jlen (centralnervesystemet) for at reducere m\u00e6ngden af smerte, du f\u00f8ler.<\/p>\n<p>Den forl\u00e6ngede frigivelsesform af tramadol er til behandling af smerter d\u00f8gnet rundt. Denne form for tramadol er ikke til brug efter behov for smerte.<\/p>\n","protected":false},"excerpt":{"rendered":"<p>Tramadol er medlem af l\u00e6gemiddelklassen opioider (narkotiske analgetika) og bruges almindeligvis mod angst, rygsmerter, kroniske smerter og andre.<\/p>\n","protected":false},"featured_media":7962,"comment_status":"open","ping_status":"closed","template":"","meta":{"inline_featured_image":false},"product_brand":[],"product_cat":[116],"product_tag":[],"class_list":{"0":"post-7935","1":"product","2":"type-product","3":"status-publish","4":"has-post-thumbnail","6":"product_cat-smertestillende-midler","8":"first","9":"instock","10":"shipping-taxable","11":"purchasable","12":"product-type-variable","13":"has-default-attributes"},"yoast_head":"<!-- This site is optimized with the Yoast SEO Premium plugin v19.2 (Yoast SEO v27.3) - https:\/\/yoast.com\/product\/yoast-seo-premium-wordpress\/ -->\n<title>K\u00f8b Tramadol piller online- Everyday Chem Shop<\/title>\n<meta name=\"description\" content=\"K\u00f8b Tramadol piller online. Vi s\u00e6lger Tramadol piller af bedste kvalitet online. Kontakt venligst for mere information og priser p\u00e5 din ordre.\" \/>\n<meta name=\"robots\" content=\"index, follow, max-snippet:-1, max-image-preview:large, max-video-preview:-1\" \/>\n<link rel=\"canonical\" href=\"https:\/\/everydaychemshop.com\/da\/product\/tramadol\/\" \/>\n<meta property=\"og:locale\" content=\"en_US\" \/>\n<meta property=\"og:type\" content=\"article\" \/>\n<meta property=\"og:title\" content=\"Tramadol\" \/>\n<meta property=\"og:description\" content=\"K\u00f8b Tramadol piller online. Vi s\u00e6lger Tramadol piller af bedste kvalitet online. Kontakt venligst for mere information og priser p\u00e5 din ordre.\" \/>\n<meta property=\"og:url\" content=\"https:\/\/everydaychemshop.com\/da\/product\/tramadol\/\" \/>\n<meta property=\"og:site_name\" content=\"Everyday Chem Shop\" \/>\n<meta property=\"article:modified_time\" content=\"2023-04-08T06:24:05+00:00\" \/>\n<meta property=\"og:image\" content=\"https:\/\/everydaychemshop.com\/da\/wp-content\/uploads\/sites\/2\/2022\/11\/CCA03770.jpg\" \/>\n\t<meta property=\"og:image:width\" content=\"288\" \/>\n\t<meta property=\"og:image:height\" content=\"216\" \/>\n\t<meta property=\"og:image:type\" content=\"image\/jpeg\" \/>\n<meta name=\"twitter:card\" content=\"summary_large_image\" \/>\n<meta name=\"twitter:label1\" content=\"Est. reading time\" \/>\n\t<meta name=\"twitter:data1\" content=\"1 minute\" \/>\n<script type=\"application\/ld+json\" class=\"yoast-schema-graph\">{\"@context\":\"https:\\\/\\\/schema.org\",\"@graph\":[{\"@type\":\"WebPage\",\"@id\":\"https:\\\/\\\/everydaychemshop.com\\\/da\\\/product\\\/tramadol\\\/\",\"url\":\"https:\\\/\\\/everydaychemshop.com\\\/da\\\/product\\\/tramadol\\\/\",\"name\":\"K\u00f8b Tramadol piller online- Everyday Chem Shop\",\"isPartOf\":{\"@id\":\"https:\\\/\\\/everydaychemshop.com\\\/da\\\/#website\"},\"primaryImageOfPage\":{\"@id\":\"https:\\\/\\\/everydaychemshop.com\\\/da\\\/product\\\/tramadol\\\/#primaryimage\"},\"image\":{\"@id\":\"https:\\\/\\\/everydaychemshop.com\\\/da\\\/product\\\/tramadol\\\/#primaryimage\"},\"thumbnailUrl\":\"https:\\\/\\\/everydaychemshop.com\\\/da\\\/wp-content\\\/uploads\\\/sites\\\/2\\\/2022\\\/11\\\/CCA03770.jpg\",\"datePublished\":\"2022-11-17T10:00:02+00:00\",\"dateModified\":\"2023-04-08T06:24:05+00:00\",\"description\":\"K\u00f8b Tramadol piller online. Vi s\u00e6lger Tramadol piller af bedste kvalitet online. Kontakt venligst for mere information og priser p\u00e5 din ordre.\",\"breadcrumb\":{\"@id\":\"https:\\\/\\\/everydaychemshop.com\\\/da\\\/product\\\/tramadol\\\/#breadcrumb\"},\"inLanguage\":\"en-US\",\"potentialAction\":[{\"@type\":\"ReadAction\",\"target\":[\"https:\\\/\\\/everydaychemshop.com\\\/da\\\/product\\\/tramadol\\\/\"]}]},{\"@type\":\"ImageObject\",\"inLanguage\":\"en-US\",\"@id\":\"https:\\\/\\\/everydaychemshop.com\\\/da\\\/product\\\/tramadol\\\/#primaryimage\",\"url\":\"https:\\\/\\\/everydaychemshop.com\\\/da\\\/wp-content\\\/uploads\\\/sites\\\/2\\\/2022\\\/11\\\/CCA03770.jpg\",\"contentUrl\":\"https:\\\/\\\/everydaychemshop.com\\\/da\\\/wp-content\\\/uploads\\\/sites\\\/2\\\/2022\\\/11\\\/CCA03770.jpg\",\"width\":288,\"height\":216,\"caption\":\"K\u00f8b Tramadol piller online\"},{\"@type\":\"BreadcrumbList\",\"@id\":\"https:\\\/\\\/everydaychemshop.com\\\/da\\\/product\\\/tramadol\\\/#breadcrumb\",\"itemListElement\":[{\"@type\":\"ListItem\",\"position\":1,\"name\":\"Home\",\"item\":\"https:\\\/\\\/everydaychemshop.com\\\/da\\\/\"},{\"@type\":\"ListItem\",\"position\":2,\"name\":\"Produkter\",\"item\":\"https:\\\/\\\/everydaychemshop.com\\\/da\\\/produkter\\\/\"},{\"@type\":\"ListItem\",\"position\":3,\"name\":\"Tramadol\"}]},{\"@type\":\"WebSite\",\"@id\":\"https:\\\/\\\/everydaychemshop.com\\\/da\\\/#website\",\"url\":\"https:\\\/\\\/everydaychemshop.com\\\/da\\\/\",\"name\":\"Everyday Chem Shop\",\"description\":\"\",\"potentialAction\":[{\"@type\":\"SearchAction\",\"target\":{\"@type\":\"EntryPoint\",\"urlTemplate\":\"https:\\\/\\\/everydaychemshop.com\\\/da\\\/?s={search_term_string}\"},\"query-input\":{\"@type\":\"PropertyValueSpecification\",\"valueRequired\":true,\"valueName\":\"search_term_string\"}}],\"inLanguage\":\"en-US\"}]}<\/script>\n<!-- \/ Yoast SEO Premium plugin. -->","yoast_head_json":{"title":"K\u00f8b Tramadol piller online- Everyday Chem Shop","description":"K\u00f8b Tramadol piller online. Vi s\u00e6lger Tramadol piller af bedste kvalitet online. Kontakt venligst for mere information og priser p\u00e5 din ordre.","robots":{"index":"index","follow":"follow","max-snippet":"max-snippet:-1","max-image-preview":"max-image-preview:large","max-video-preview":"max-video-preview:-1"},"canonical":"https:\/\/everydaychemshop.com\/da\/product\/tramadol\/","og_locale":"en_US","og_type":"article","og_title":"Tramadol","og_description":"K\u00f8b Tramadol piller online. Vi s\u00e6lger Tramadol piller af bedste kvalitet online. Kontakt venligst for mere information og priser p\u00e5 din ordre.","og_url":"https:\/\/everydaychemshop.com\/da\/product\/tramadol\/","og_site_name":"Everyday Chem Shop","article_modified_time":"2023-04-08T06:24:05+00:00","og_image":[{"width":288,"height":216,"url":"https:\/\/everydaychemshop.com\/da\/wp-content\/uploads\/sites\/2\/2022\/11\/CCA03770.jpg","type":"image\/jpeg"}],"twitter_card":"summary_large_image","twitter_misc":{"Est. reading time":"1 minute"},"schema":{"@context":"https:\/\/schema.org","@graph":[{"@type":"WebPage","@id":"https:\/\/everydaychemshop.com\/da\/product\/tramadol\/","url":"https:\/\/everydaychemshop.com\/da\/product\/tramadol\/","name":"K\u00f8b Tramadol piller online- Everyday Chem Shop","isPartOf":{"@id":"https:\/\/everydaychemshop.com\/da\/#website"},"primaryImageOfPage":{"@id":"https:\/\/everydaychemshop.com\/da\/product\/tramadol\/#primaryimage"},"image":{"@id":"https:\/\/everydaychemshop.com\/da\/product\/tramadol\/#primaryimage"},"thumbnailUrl":"https:\/\/everydaychemshop.com\/da\/wp-content\/uploads\/sites\/2\/2022\/11\/CCA03770.jpg","datePublished":"2022-11-17T10:00:02+00:00","dateModified":"2023-04-08T06:24:05+00:00","description":"K\u00f8b Tramadol piller online. Vi s\u00e6lger Tramadol piller af bedste kvalitet online. Kontakt venligst for mere information og priser p\u00e5 din ordre.","breadcrumb":{"@id":"https:\/\/everydaychemshop.com\/da\/product\/tramadol\/#breadcrumb"},"inLanguage":"en-US","potentialAction":[{"@type":"ReadAction","target":["https:\/\/everydaychemshop.com\/da\/product\/tramadol\/"]}]},{"@type":"ImageObject","inLanguage":"en-US","@id":"https:\/\/everydaychemshop.com\/da\/product\/tramadol\/#primaryimage","url":"https:\/\/everydaychemshop.com\/da\/wp-content\/uploads\/sites\/2\/2022\/11\/CCA03770.jpg","contentUrl":"https:\/\/everydaychemshop.com\/da\/wp-content\/uploads\/sites\/2\/2022\/11\/CCA03770.jpg","width":288,"height":216,"caption":"K\u00f8b Tramadol piller online"},{"@type":"BreadcrumbList","@id":"https:\/\/everydaychemshop.com\/da\/product\/tramadol\/#breadcrumb","itemListElement":[{"@type":"ListItem","position":1,"name":"Home","item":"https:\/\/everydaychemshop.com\/da\/"},{"@type":"ListItem","position":2,"name":"Produkter","item":"https:\/\/everydaychemshop.com\/da\/produkter\/"},{"@type":"ListItem","position":3,"name":"Tramadol"}]},{"@type":"WebSite","@id":"https:\/\/everydaychemshop.com\/da\/#website","url":"https:\/\/everydaychemshop.com\/da\/","name":"Everyday Chem Shop","description":"","potentialAction":[{"@type":"SearchAction","target":{"@type":"EntryPoint","urlTemplate":"https:\/\/everydaychemshop.com\/da\/?s={search_term_string}"},"query-input":{"@type":"PropertyValueSpecification","valueRequired":true,"valueName":"search_term_string"}}],"inLanguage":"en-US"}]}},"_links":{"self":[{"href":"https:\/\/everydaychemshop.com\/da\/wp-json\/wp\/v2\/product\/7935","targetHints":{"allow":["GET"]}}],"collection":[{"href":"https:\/\/everydaychemshop.com\/da\/wp-json\/wp\/v2\/product"}],"about":[{"href":"https:\/\/everydaychemshop.com\/da\/wp-json\/wp\/v2\/types\/product"}],"replies":[{"embeddable":true,"href":"https:\/\/everydaychemshop.com\/da\/wp-json\/wp\/v2\/comments?post=7935"}],"wp:featuredmedia":[{"embeddable":true,"href":"https:\/\/everydaychemshop.com\/da\/wp-json\/wp\/v2\/media\/7962"}],"wp:attachment":[{"href":"https:\/\/everydaychemshop.com\/da\/wp-json\/wp\/v2\/media?parent=7935"}],"wp:term":[{"taxonomy":"product_brand","embeddable":true,"href":"https:\/\/everydaychemshop.com\/da\/wp-json\/wp\/v2\/product_brand?post=7935"},{"taxonomy":"product_cat","embeddable":true,"href":"https:\/\/everydaychemshop.com\/da\/wp-json\/wp\/v2\/product_cat?post=7935"},{"taxonomy":"product_tag","embeddable":true,"href":"https:\/\/everydaychemshop.com\/da\/wp-json\/wp\/v2\/product_tag?post=7935"}],"curies":[{"name":"wp","href":"https:\/\/api.w.org\/{rel}","templated":true}]}}