{"id":7964,"date":"2022-11-17T10:07:48","date_gmt":"2022-11-17T10:07:48","guid":{"rendered":"https:\/\/everydaychemshop.com\/da\/?post_type=product&#038;p=7964"},"modified":"2023-04-08T06:13:14","modified_gmt":"2023-04-08T06:13:14","slug":"kob-w-18-piller","status":"publish","type":"product","link":"https:\/\/everydaychemshop.com\/da\/product\/kob-w-18-piller\/","title":{"rendered":"K\u00f8b W-18 piller"},"content":{"rendered":"<h1>K\u00f8b W-18 piller online<\/h1>\n<p><a href=\"https:\/\/everydaychemshop.com\/da\/product\/kob-w-18-piller\/\">K\u00f8b W-18 piller online<\/a>. W-18 er en forbindelse i en serie p\u00e5 32 stoffer (navngivet W-1 til W-32), der f\u00f8rst blev syntetiseret i akademisk forskning om opdagelse af smertestillende l\u00e6gemidler i 1980&#8217;erne og dukkede op som et designerl\u00e6gemiddel i 2010&#8217;erne. K\u00f8b W-18-pulver til salg online.<\/p>\n<p>W-18 blev opfundet p\u00e5 University of Alberta af et laboratorium, der arbejdede p\u00e5 opdagelse af smertestillende l\u00e6gemidler i 1980&#8217;erne. Forel\u00f8bige unders\u00f8gelser af dyr viste, at det havde smerte-dr\u00e6bende aktivitet hos mus.<\/p>\n<p>I Europa og USA i 2013 blev molekylet opdaget i rekreativt stofbrug som erstatning <a href=\"https:\/\/en.wikipedia.org\/wiki\/W-18\">for<\/a> andre forbudte stoffer. I december 2015 opdagede Alberta Law Enforcement Response Teams (ALERT) fire kilo W-18 ved en narkotikaanholdelse i Edmonton. Health Canada fandt W-18 i mindst tre af 110 fentanyltabletter, der blev konfiskeret fra et hus i Calgary i august 2015.<\/p>\n<p>I 2010&#8217;erne blev W-18 bredt h\u00e6vdet at v\u00e6re et opioid i den popul\u00e6re presse. Dette blev dog senere afkr\u00e6ftet. B\u00e5de sigma-receptorer og translokatorproteinet viste sig at have d\u00e5rlig aktivitet, da W-18 blev testet (perifer benzodiazepinreceptor). Det har ogs\u00e5 en mikromol\u00e6r affinitet til hERG-kaliumkanalen, hvilket kan for\u00e5rsage hjertearytmi ved store doser.<br \/>\nW-18 Oprindeligt klassificeret som et kraftigt opioid<br \/>\nEfter n\u00e6sten tre \u00e5rtiers uklarhed dukkede W-18 op igen som et designer-gadel\u00e6gemiddel opdaget under forskning i smertestillende smertestillende medicin i 1980&#8217;erne. Under tidlig testning var stoffet hundrede gange mere potent end fentanyl. Det er et kraftigt opioid smertestillende middel, der er 50 gange st\u00e6rkere end heroin og 10.000 gange st\u00e6rkere end morfin. 1. Farmaceutiske virksomheder hentede aldrig medicinen. Ikke desto mindre er W-18 blevet tilg\u00e6ngelig for k\u00f8b over internettet i de senere \u00e5r, med forsyninger, der kommer fra lande uden for Canada, hvor medicinen f\u00f8rst blev produceret. W-18 har hurtigt vundet appel som et farligt og potentielt d\u00f8deligt gadestof i Nordamerika og Europa p\u00e5 grund af dets tilg\u00e6ngelighed.<\/p>\n<p>W-18 blev beskrevet som f\u00f8lgende nye medicin i den fortsatte opioidpandemi i mange historier tidligere i \u00e5r. W-18 blev d\u00f8bt en opioidmedicin med exceptionel d\u00f8delighed, da den blev udviklet under smertestillende forskning. Dets virkninger blev sammenlignet med virkningerne af opioider. 2 W-18 p\u00e5 den anden side var ulig opiatmedicin og andre opioide stoffer p\u00e5 flere m\u00e5der. For eksempel er medicinen uopdagelig i enhver standard l\u00e6gemiddelscreening, inklusive dem, der er designet specielt til at identificere smertestillende midler. Naloxon, der er beregnet til at vende en opioidoverdosis i en n\u00f8dsituation, har heller ingen indflydelse p\u00e5 W-18-overdosisramte. P\u00e5 trods af disse anomalier blev W-18 ikke desto mindre klassificeret som et opioid p\u00e5 grund af \u00f8gede overdosisd\u00f8dsfald forbundet med dets brug.<\/p>\n<p>D\u00f8dsfald af overdosis skyder i vejret p\u00e5 grund af W-18<br \/>\nTidligere ville heroinhandlere fortynde deres forsyninger med kemikalier s\u00e5som bagepulver for at maksimere m\u00e6ngden af \u200b\u200bheroin, de kunne s\u00e6lge. Men fordi dette ville mindske heroinets styrke, ville de tilf\u00f8je sm\u00e5 doser fentanyl for at \u00f8ge styrken af \u200b\u200bden betydeligt beskadigede blanding. Som et resultat af den fentanyl-sn\u00f8ret heroin, som stofmisbrugere tog, var der en stigning i overdosisd\u00f8dsfald, is\u00e6r langs den amerikanske \u00f8stkyst. Som f\u00f8lge heraf var det kun et sp\u00f8rgsm\u00e5l om tid, f\u00f8r W-18, som siges at skabe et heroinlignende high, samtidig med at det er mange gange farligere end fentanyl, blev brugt p\u00e5 samme m\u00e5de, hvilket f\u00f8rte til en stigning i overdosisd\u00f8dsfald. 3 W-18 kommer ogs\u00e5 i hvidt pulver, hvilket g\u00f8r det nemt at forveksle med heroin eller den pulveriserede version af fentanyl.<\/p>\n<p>Stoffet er et syntetisk opioid uden anerkendt klinisk anvendelse. Stoffet blev skabt af en gruppe canadiske videnskabsm\u00e6nd i 1980&#8217;erne som en del af en r\u00e6kke eksperimentelle smertestillende midler, men det blev aldrig testet p\u00e5 mennesker. Som f\u00f8lge heraf er de fleste af dets mulige negative virkninger p\u00e5 mennesker ukendte \u2013 W-18 er kun nogensinde blevet evalueret p\u00e5 laboratoriemus.<\/p>\n<p>W-18 er 100 gange mere potent end fentanyl mht. styrke. Fentanyl er et l\u00e6gemiddel, der er 100 gange st\u00e6rkere end morfin. W-18 er 10.000 gange st\u00e6rkere end traditionelle opiater.<\/p>\n","protected":false},"excerpt":{"rendered":"<p>K\u00f8b W-18 piller til salg USA, Canada, Storbritannien, Asien og Europa online Vores forsendelse og levering er 100 % sikker, sikker og diskret.<\/p>\n","protected":false},"featured_media":7969,"comment_status":"open","ping_status":"closed","template":"","meta":{"inline_featured_image":false},"product_brand":[],"product_cat":[116],"product_tag":[461,481,480,462,463,464,469,470,471,472,477,478,479,505,506,466,465,467,473,474,475,476,468,482,497,486,487,488,489,490,491,493,483,484,485,494,496,495,501,499,502,498,500,503,504,492],"class_list":{"0":"post-7964","1":"product","2":"type-product","3":"status-publish","4":"has-post-thumbnail","6":"product_cat-smertestillende-midler","7":"product_tag-best-place-to-buy-w-18-online","8":"product_tag-bestil-w-18-online","9":"product_tag-ordre-w-18-til-salg","10":"product_tag-buy-w-18","11":"product_tag-buy-w-18-2mg-online","12":"product_tag-buy-w-18-australia","13":"product_tag-buy-w-18-for-sale-usa-online","14":"product_tag-buy-w-18-germany-online","15":"product_tag-buy-w-18-in-australia","16":"product_tag-buy-w-18-in-canada","17":"product_tag-buy-w-18-uk","18":"product_tag-buy-w-18-usa","19":"product_tag-er-w-18-lovlig","20":"product_tag-hvor-kan-kbes-w-18-online","21":"product_tag-hvor-kan-kbes-w-18-piller","22":"product_tag-kb-w-18-stoffer","23":"product_tag-kb-w-18-drug-online","24":"product_tag-kb-w-18-europa","25":"product_tag-kb-w-18-i-dk","26":"product_tag-kb-w-18-i-us","27":"product_tag-kb-w-18-online","28":"product_tag-kb-w-18-piller","29":"product_tag-kb-w-18-til-salg","30":"product_tag-kvalitet-w-18-til-salg","31":"product_tag-w-18-orden","32":"product_tag-w-18-buy-uk","33":"product_tag-w-18-buy-usa","34":"product_tag-w-18-drug","35":"product_tag-w-18-stoffer","36":"product_tag-w-18-lgemidler-til-salg","37":"product_tag-w-18-effekt","38":"product_tag-w-18-for-sale-online","39":"product_tag-w-18-kb","40":"product_tag-w-18-kb-canada","41":"product_tag-w-18-kb-online","42":"product_tag-w-18-online","43":"product_tag-w-18-online-i-usa","44":"product_tag-w-18-online-kb","45":"product_tag-w-18-piller-ordre","46":"product_tag-w-18-piller-effekt","47":"product_tag-w-18-piller-engros","48":"product_tag-w-18-piller-kb","49":"product_tag-w-18-piller-til-salg","50":"product_tag-w-18-pris-online","51":"product_tag-w-18-reddit","52":"product_tag-w-18-til-salg","54":"first","55":"instock","56":"shipping-taxable","57":"purchasable","58":"product-type-variable","59":"has-default-attributes"},"yoast_head":"<!-- This site is optimized with the Yoast SEO Premium plugin v19.2 (Yoast SEO v27.3) - https:\/\/yoast.com\/product\/yoast-seo-premium-wordpress\/ -->\n<title>K\u00f8b W-18 piller online - Everyday Chem Shop<\/title>\n<meta name=\"description\" content=\"K\u00f8b W-18 piller online. Vi s\u00e6lger W-18 piller online. Kontakt os venligst for mere information for mere information og priser.\" \/>\n<meta name=\"robots\" content=\"index, follow, max-snippet:-1, max-image-preview:large, max-video-preview:-1\" \/>\n<link rel=\"canonical\" href=\"https:\/\/everydaychemshop.com\/da\/product\/kob-w-18-piller\/\" \/>\n<meta property=\"og:locale\" content=\"en_US\" \/>\n<meta property=\"og:type\" content=\"article\" \/>\n<meta property=\"og:title\" content=\"K\u00f8b W-18 piller\" \/>\n<meta property=\"og:description\" content=\"K\u00f8b W-18 piller online. Vi s\u00e6lger W-18 piller online. Kontakt os venligst for mere information for mere information og priser.\" \/>\n<meta property=\"og:url\" content=\"https:\/\/everydaychemshop.com\/da\/product\/kob-w-18-piller\/\" \/>\n<meta property=\"og:site_name\" content=\"Everyday Chem Shop\" \/>\n<meta property=\"article:modified_time\" content=\"2023-04-08T06:13:14+00:00\" \/>\n<meta property=\"og:image\" content=\"https:\/\/everydaychemshop.com\/da\/wp-content\/uploads\/sites\/2\/2022\/11\/Buy-W-18-Pills.jpg\" \/>\n\t<meta property=\"og:image:width\" content=\"840\" \/>\n\t<meta property=\"og:image:height\" content=\"781\" \/>\n\t<meta property=\"og:image:type\" content=\"image\/jpeg\" \/>\n<meta name=\"twitter:card\" content=\"summary_large_image\" \/>\n<meta name=\"twitter:label1\" content=\"Est. reading time\" \/>\n\t<meta name=\"twitter:data1\" content=\"3 minutes\" \/>\n<script type=\"application\/ld+json\" class=\"yoast-schema-graph\">{\"@context\":\"https:\\\/\\\/schema.org\",\"@graph\":[{\"@type\":\"WebPage\",\"@id\":\"https:\\\/\\\/everydaychemshop.com\\\/da\\\/product\\\/kob-w-18-piller\\\/\",\"url\":\"https:\\\/\\\/everydaychemshop.com\\\/da\\\/product\\\/kob-w-18-piller\\\/\",\"name\":\"K\u00f8b W-18 piller online - Everyday Chem Shop\",\"isPartOf\":{\"@id\":\"https:\\\/\\\/everydaychemshop.com\\\/da\\\/#website\"},\"primaryImageOfPage\":{\"@id\":\"https:\\\/\\\/everydaychemshop.com\\\/da\\\/product\\\/kob-w-18-piller\\\/#primaryimage\"},\"image\":{\"@id\":\"https:\\\/\\\/everydaychemshop.com\\\/da\\\/product\\\/kob-w-18-piller\\\/#primaryimage\"},\"thumbnailUrl\":\"https:\\\/\\\/everydaychemshop.com\\\/da\\\/wp-content\\\/uploads\\\/sites\\\/2\\\/2022\\\/11\\\/Buy-W-18-Pills.jpg\",\"datePublished\":\"2022-11-17T10:07:48+00:00\",\"dateModified\":\"2023-04-08T06:13:14+00:00\",\"description\":\"K\u00f8b W-18 piller online. Vi s\u00e6lger W-18 piller online. Kontakt os venligst for mere information for mere information og priser.\",\"breadcrumb\":{\"@id\":\"https:\\\/\\\/everydaychemshop.com\\\/da\\\/product\\\/kob-w-18-piller\\\/#breadcrumb\"},\"inLanguage\":\"en-US\",\"potentialAction\":[{\"@type\":\"ReadAction\",\"target\":[\"https:\\\/\\\/everydaychemshop.com\\\/da\\\/product\\\/kob-w-18-piller\\\/\"]}]},{\"@type\":\"ImageObject\",\"inLanguage\":\"en-US\",\"@id\":\"https:\\\/\\\/everydaychemshop.com\\\/da\\\/product\\\/kob-w-18-piller\\\/#primaryimage\",\"url\":\"https:\\\/\\\/everydaychemshop.com\\\/da\\\/wp-content\\\/uploads\\\/sites\\\/2\\\/2022\\\/11\\\/Buy-W-18-Pills.jpg\",\"contentUrl\":\"https:\\\/\\\/everydaychemshop.com\\\/da\\\/wp-content\\\/uploads\\\/sites\\\/2\\\/2022\\\/11\\\/Buy-W-18-Pills.jpg\",\"width\":840,\"height\":781,\"caption\":\"K\u00f8b W-18 piller online\"},{\"@type\":\"BreadcrumbList\",\"@id\":\"https:\\\/\\\/everydaychemshop.com\\\/da\\\/product\\\/kob-w-18-piller\\\/#breadcrumb\",\"itemListElement\":[{\"@type\":\"ListItem\",\"position\":1,\"name\":\"Home\",\"item\":\"https:\\\/\\\/everydaychemshop.com\\\/da\\\/\"},{\"@type\":\"ListItem\",\"position\":2,\"name\":\"Produkter\",\"item\":\"https:\\\/\\\/everydaychemshop.com\\\/da\\\/produkter\\\/\"},{\"@type\":\"ListItem\",\"position\":3,\"name\":\"K\u00f8b W-18 piller\"}]},{\"@type\":\"WebSite\",\"@id\":\"https:\\\/\\\/everydaychemshop.com\\\/da\\\/#website\",\"url\":\"https:\\\/\\\/everydaychemshop.com\\\/da\\\/\",\"name\":\"Everyday Chem Shop\",\"description\":\"\",\"potentialAction\":[{\"@type\":\"SearchAction\",\"target\":{\"@type\":\"EntryPoint\",\"urlTemplate\":\"https:\\\/\\\/everydaychemshop.com\\\/da\\\/?s={search_term_string}\"},\"query-input\":{\"@type\":\"PropertyValueSpecification\",\"valueRequired\":true,\"valueName\":\"search_term_string\"}}],\"inLanguage\":\"en-US\"}]}<\/script>\n<!-- \/ Yoast SEO Premium plugin. -->","yoast_head_json":{"title":"K\u00f8b W-18 piller online - Everyday Chem Shop","description":"K\u00f8b W-18 piller online. Vi s\u00e6lger W-18 piller online. Kontakt os venligst for mere information for mere information og priser.","robots":{"index":"index","follow":"follow","max-snippet":"max-snippet:-1","max-image-preview":"max-image-preview:large","max-video-preview":"max-video-preview:-1"},"canonical":"https:\/\/everydaychemshop.com\/da\/product\/kob-w-18-piller\/","og_locale":"en_US","og_type":"article","og_title":"K\u00f8b W-18 piller","og_description":"K\u00f8b W-18 piller online. Vi s\u00e6lger W-18 piller online. Kontakt os venligst for mere information for mere information og priser.","og_url":"https:\/\/everydaychemshop.com\/da\/product\/kob-w-18-piller\/","og_site_name":"Everyday Chem Shop","article_modified_time":"2023-04-08T06:13:14+00:00","og_image":[{"width":840,"height":781,"url":"https:\/\/everydaychemshop.com\/da\/wp-content\/uploads\/sites\/2\/2022\/11\/Buy-W-18-Pills.jpg","type":"image\/jpeg"}],"twitter_card":"summary_large_image","twitter_misc":{"Est. reading time":"3 minutes"},"schema":{"@context":"https:\/\/schema.org","@graph":[{"@type":"WebPage","@id":"https:\/\/everydaychemshop.com\/da\/product\/kob-w-18-piller\/","url":"https:\/\/everydaychemshop.com\/da\/product\/kob-w-18-piller\/","name":"K\u00f8b W-18 piller online - Everyday Chem Shop","isPartOf":{"@id":"https:\/\/everydaychemshop.com\/da\/#website"},"primaryImageOfPage":{"@id":"https:\/\/everydaychemshop.com\/da\/product\/kob-w-18-piller\/#primaryimage"},"image":{"@id":"https:\/\/everydaychemshop.com\/da\/product\/kob-w-18-piller\/#primaryimage"},"thumbnailUrl":"https:\/\/everydaychemshop.com\/da\/wp-content\/uploads\/sites\/2\/2022\/11\/Buy-W-18-Pills.jpg","datePublished":"2022-11-17T10:07:48+00:00","dateModified":"2023-04-08T06:13:14+00:00","description":"K\u00f8b W-18 piller online. Vi s\u00e6lger W-18 piller online. Kontakt os venligst for mere information for mere information og priser.","breadcrumb":{"@id":"https:\/\/everydaychemshop.com\/da\/product\/kob-w-18-piller\/#breadcrumb"},"inLanguage":"en-US","potentialAction":[{"@type":"ReadAction","target":["https:\/\/everydaychemshop.com\/da\/product\/kob-w-18-piller\/"]}]},{"@type":"ImageObject","inLanguage":"en-US","@id":"https:\/\/everydaychemshop.com\/da\/product\/kob-w-18-piller\/#primaryimage","url":"https:\/\/everydaychemshop.com\/da\/wp-content\/uploads\/sites\/2\/2022\/11\/Buy-W-18-Pills.jpg","contentUrl":"https:\/\/everydaychemshop.com\/da\/wp-content\/uploads\/sites\/2\/2022\/11\/Buy-W-18-Pills.jpg","width":840,"height":781,"caption":"K\u00f8b W-18 piller online"},{"@type":"BreadcrumbList","@id":"https:\/\/everydaychemshop.com\/da\/product\/kob-w-18-piller\/#breadcrumb","itemListElement":[{"@type":"ListItem","position":1,"name":"Home","item":"https:\/\/everydaychemshop.com\/da\/"},{"@type":"ListItem","position":2,"name":"Produkter","item":"https:\/\/everydaychemshop.com\/da\/produkter\/"},{"@type":"ListItem","position":3,"name":"K\u00f8b W-18 piller"}]},{"@type":"WebSite","@id":"https:\/\/everydaychemshop.com\/da\/#website","url":"https:\/\/everydaychemshop.com\/da\/","name":"Everyday Chem Shop","description":"","potentialAction":[{"@type":"SearchAction","target":{"@type":"EntryPoint","urlTemplate":"https:\/\/everydaychemshop.com\/da\/?s={search_term_string}"},"query-input":{"@type":"PropertyValueSpecification","valueRequired":true,"valueName":"search_term_string"}}],"inLanguage":"en-US"}]}},"_links":{"self":[{"href":"https:\/\/everydaychemshop.com\/da\/wp-json\/wp\/v2\/product\/7964","targetHints":{"allow":["GET"]}}],"collection":[{"href":"https:\/\/everydaychemshop.com\/da\/wp-json\/wp\/v2\/product"}],"about":[{"href":"https:\/\/everydaychemshop.com\/da\/wp-json\/wp\/v2\/types\/product"}],"replies":[{"embeddable":true,"href":"https:\/\/everydaychemshop.com\/da\/wp-json\/wp\/v2\/comments?post=7964"}],"wp:featuredmedia":[{"embeddable":true,"href":"https:\/\/everydaychemshop.com\/da\/wp-json\/wp\/v2\/media\/7969"}],"wp:attachment":[{"href":"https:\/\/everydaychemshop.com\/da\/wp-json\/wp\/v2\/media?parent=7964"}],"wp:term":[{"taxonomy":"product_brand","embeddable":true,"href":"https:\/\/everydaychemshop.com\/da\/wp-json\/wp\/v2\/product_brand?post=7964"},{"taxonomy":"product_cat","embeddable":true,"href":"https:\/\/everydaychemshop.com\/da\/wp-json\/wp\/v2\/product_cat?post=7964"},{"taxonomy":"product_tag","embeddable":true,"href":"https:\/\/everydaychemshop.com\/da\/wp-json\/wp\/v2\/product_tag?post=7964"}],"curies":[{"name":"wp","href":"https:\/\/api.w.org\/{rel}","templated":true}]}}