{"id":7970,"date":"2022-11-17T10:15:18","date_gmt":"2022-11-17T10:15:18","guid":{"rendered":"https:\/\/everydaychemshop.com\/da\/?post_type=product&#038;p=7970"},"modified":"2023-04-08T06:12:06","modified_gmt":"2023-04-08T06:12:06","slug":"buy-ald-52-blottere","status":"publish","type":"product","link":"https:\/\/everydaychemshop.com\/da\/product\/buy-ald-52-blottere\/","title":{"rendered":"K\u00f8b ALD-52 Blottere"},"content":{"rendered":"<h1>K\u00f8b ALD-52 Blotters online<\/h1>\n<p><a href=\"https:\/\/everydaychemshop.com\/da\/product\/buy-ald-52-blottere\/\">K\u00f8b ALD-52 Blotters online<\/a>. ALD-52 er et mere moderne l\u00e6gemiddel, der stikker ud konsolideret af forskellige res chems, der f\u00f8ler sig bundet til udskudt ALD-52 historie og forskellige andre ALD-52 navne. Forskere k\u00f8ber ALD-52 online til brug i medicindom\u00e6net, i rekreative og efterforskningsm\u00e5l. ALD-52 psykotropiske tilskrivninger gjorde det uomtvisteligt blandt laboratoriemedarbejdere og fageksperter. En lang r\u00e6kke typiske kunder v\u00e6lger at k\u00f8be tilg\u00e6ngelige <a href=\"https:\/\/en.wikipedia.org\/wiki\/ALD-52\">for<\/a> at blive k\u00f8bt for at f\u00e5 excitation, have tilfredshed, opretholde energihold, \u00f8ge seksuel aktivitet.<\/p>\n<p>Bem\u00e6rk at v\u00e6lge ALD-52 fremstillet gennem de bedste typer fremskridt efter metoder. til fuldst\u00e6ndig kontrolleret indsamlingsforanstaltning. Omfattende str\u00e6kninger af bidrag til unders\u00f8gelsesfremstillede blandinger, der er tilg\u00e6ngelige til at blive k\u00f8bt, er gjort muligt p\u00e5 markedet for at regulere forarbejdningstilstanden skabende foranstaltning i kinesiske laboratorier, hvor alle brusesalt fremstilles.<\/p>\n<p>Som en enest\u00e5ende leverand\u00f8r tager vores forening en interesse direkte med legitime kinesiske foreninger. Det giver licens til at forhandle brusesalt af h\u00f8jeste fejlfrihed og f\u00f8rsteklasses kvalitet. ALD-52 er blandet under fuld opsyn og som erkl\u00e6ret af alle principper. At l\u00e6gge de nutidige konsistente data til r\u00e5dighed for at give den mest bl\u00e6ndende udgift p\u00e5 det bedste sted at k\u00f8be forskningstekniske materialer. I kinesiske laboratorier transporteres ALD-52 pellets, ALD-52 pletoverflader, ALD-52 pulvere. ALD-52 afsender sender ALD-52 til ethvert land. T\u00e6t samarbejde med legitime ALD-52-leverand\u00f8rer garanterer betydningsfulde forsinkede konsekvenser af dine tests og unders\u00f8gelser.<\/p>\n<p>Leverand\u00f8ren har v\u00e6ret en p\u00e5lidelig skaber af vurderingskemikalier i meget lang tid. Sitet har givet kunderne et overv\u00e6ldende ry i hele res chems netv\u00e6rket. ald 52 til salg, ald 52 k\u00f8b, k\u00f8b ald 52, ald-52 k\u00f8b Som trov\u00e6rdige RC-leverand\u00f8rer giver i l\u00f8bet af hver eneste dag, hj\u00e6lper organisationen med erfarne ledere gennem live talk, som har betydelige data til at hj\u00e6lpe dig med enhver besv\u00e6rlig tilstand.<\/p>\n<p>P\u00e5 udest\u00e5ende unders\u00f8gelseskonstruerede forv\u00e6rringsmaterialer, der er tilg\u00e6ngelige til at blive k\u00f8bt, samtaler, der findes p\u00e5 nettet, kan du finde positive reaktioner fra vores k\u00f8bere, som i \u00f8jeblikket har v\u00e6ret glade for tilbudt slags hj\u00e6lp og de bedste ting k\u00f8bt fra denne online<\/p>\n","protected":false},"excerpt":{"rendered":"<p><em>ALD<\/em>\u2013<em>52<\/em>\u00a0til salg i Europa,\u00a0<em>k\u00f8b<\/em>\u00a0med Bitcoin, diskret forsendelse fra EU. <em>K\u00f8b ALD<\/em>\u2013<em>52 Blotters<\/em>,\u00a0<em>ALD<\/em>\u2013<em>52<\/em>\u00a0r\u00e5pulver, leverand\u00f8r af forskningskemikalier.<\/p>\n","protected":false},"featured_media":7979,"comment_status":"open","ping_status":"closed","template":"","meta":{"inline_featured_image":false},"product_brand":[],"product_cat":[116],"product_tag":[],"class_list":{"0":"post-7970","1":"product","2":"type-product","3":"status-publish","4":"has-post-thumbnail","6":"product_cat-smertestillende-midler","8":"first","9":"instock","10":"shipping-taxable","11":"purchasable","12":"product-type-variable","13":"has-default-attributes"},"yoast_head":"<!-- This site is optimized with the Yoast SEO Premium plugin v19.2 (Yoast SEO v27.3) - https:\/\/yoast.com\/product\/yoast-seo-premium-wordpress\/ -->\n<title>K\u00f8b ALD-52 Blotters online- Everyday Chem Shop<\/title>\n<meta name=\"description\" content=\"K\u00f8b ALD-52 Blotters online. Vi s\u00e6lger den bedste kvalitet ALD-52 Blottere online. Kontakt venligst for mere information og priser.\" \/>\n<meta name=\"robots\" content=\"index, follow, max-snippet:-1, max-image-preview:large, max-video-preview:-1\" \/>\n<link rel=\"canonical\" href=\"https:\/\/everydaychemshop.com\/da\/product\/buy-ald-52-blottere\/\" \/>\n<meta property=\"og:locale\" content=\"en_US\" \/>\n<meta property=\"og:type\" content=\"article\" \/>\n<meta property=\"og:title\" content=\"K\u00f8b ALD-52 Blottere\" \/>\n<meta property=\"og:description\" content=\"K\u00f8b ALD-52 Blotters online. Vi s\u00e6lger den bedste kvalitet ALD-52 Blottere online. Kontakt venligst for mere information og priser.\" \/>\n<meta property=\"og:url\" content=\"https:\/\/everydaychemshop.com\/da\/product\/buy-ald-52-blottere\/\" \/>\n<meta property=\"og:site_name\" content=\"Everyday Chem Shop\" \/>\n<meta property=\"article:modified_time\" content=\"2023-04-08T06:12:06+00:00\" \/>\n<meta property=\"og:image\" content=\"https:\/\/everydaychemshop.com\/da\/wp-content\/uploads\/sites\/2\/2022\/11\/Buy-ALD-52-Blotters.jpg\" \/>\n\t<meta property=\"og:image:width\" content=\"350\" \/>\n\t<meta property=\"og:image:height\" content=\"350\" \/>\n\t<meta property=\"og:image:type\" content=\"image\/jpeg\" \/>\n<meta name=\"twitter:card\" content=\"summary_large_image\" \/>\n<meta name=\"twitter:label1\" content=\"Est. reading time\" \/>\n\t<meta name=\"twitter:data1\" content=\"2 minutes\" \/>\n<script type=\"application\/ld+json\" class=\"yoast-schema-graph\">{\"@context\":\"https:\\\/\\\/schema.org\",\"@graph\":[{\"@type\":\"WebPage\",\"@id\":\"https:\\\/\\\/everydaychemshop.com\\\/da\\\/product\\\/buy-ald-52-blottere\\\/\",\"url\":\"https:\\\/\\\/everydaychemshop.com\\\/da\\\/product\\\/buy-ald-52-blottere\\\/\",\"name\":\"K\u00f8b ALD-52 Blotters online- Everyday Chem Shop\",\"isPartOf\":{\"@id\":\"https:\\\/\\\/everydaychemshop.com\\\/da\\\/#website\"},\"primaryImageOfPage\":{\"@id\":\"https:\\\/\\\/everydaychemshop.com\\\/da\\\/product\\\/buy-ald-52-blottere\\\/#primaryimage\"},\"image\":{\"@id\":\"https:\\\/\\\/everydaychemshop.com\\\/da\\\/product\\\/buy-ald-52-blottere\\\/#primaryimage\"},\"thumbnailUrl\":\"https:\\\/\\\/everydaychemshop.com\\\/da\\\/wp-content\\\/uploads\\\/sites\\\/2\\\/2022\\\/11\\\/Buy-ALD-52-Blotters.jpg\",\"datePublished\":\"2022-11-17T10:15:18+00:00\",\"dateModified\":\"2023-04-08T06:12:06+00:00\",\"description\":\"K\u00f8b ALD-52 Blotters online. Vi s\u00e6lger den bedste kvalitet ALD-52 Blottere online. Kontakt venligst for mere information og priser.\",\"breadcrumb\":{\"@id\":\"https:\\\/\\\/everydaychemshop.com\\\/da\\\/product\\\/buy-ald-52-blottere\\\/#breadcrumb\"},\"inLanguage\":\"en-US\",\"potentialAction\":[{\"@type\":\"ReadAction\",\"target\":[\"https:\\\/\\\/everydaychemshop.com\\\/da\\\/product\\\/buy-ald-52-blottere\\\/\"]}]},{\"@type\":\"ImageObject\",\"inLanguage\":\"en-US\",\"@id\":\"https:\\\/\\\/everydaychemshop.com\\\/da\\\/product\\\/buy-ald-52-blottere\\\/#primaryimage\",\"url\":\"https:\\\/\\\/everydaychemshop.com\\\/da\\\/wp-content\\\/uploads\\\/sites\\\/2\\\/2022\\\/11\\\/Buy-ALD-52-Blotters.jpg\",\"contentUrl\":\"https:\\\/\\\/everydaychemshop.com\\\/da\\\/wp-content\\\/uploads\\\/sites\\\/2\\\/2022\\\/11\\\/Buy-ALD-52-Blotters.jpg\",\"width\":350,\"height\":350,\"caption\":\"K\u00f8b ALD-52 Blotters online\"},{\"@type\":\"BreadcrumbList\",\"@id\":\"https:\\\/\\\/everydaychemshop.com\\\/da\\\/product\\\/buy-ald-52-blottere\\\/#breadcrumb\",\"itemListElement\":[{\"@type\":\"ListItem\",\"position\":1,\"name\":\"Home\",\"item\":\"https:\\\/\\\/everydaychemshop.com\\\/da\\\/\"},{\"@type\":\"ListItem\",\"position\":2,\"name\":\"Produkter\",\"item\":\"https:\\\/\\\/everydaychemshop.com\\\/da\\\/produkter\\\/\"},{\"@type\":\"ListItem\",\"position\":3,\"name\":\"K\u00f8b ALD-52 Blottere\"}]},{\"@type\":\"WebSite\",\"@id\":\"https:\\\/\\\/everydaychemshop.com\\\/da\\\/#website\",\"url\":\"https:\\\/\\\/everydaychemshop.com\\\/da\\\/\",\"name\":\"Everyday Chem Shop\",\"description\":\"\",\"potentialAction\":[{\"@type\":\"SearchAction\",\"target\":{\"@type\":\"EntryPoint\",\"urlTemplate\":\"https:\\\/\\\/everydaychemshop.com\\\/da\\\/?s={search_term_string}\"},\"query-input\":{\"@type\":\"PropertyValueSpecification\",\"valueRequired\":true,\"valueName\":\"search_term_string\"}}],\"inLanguage\":\"en-US\"}]}<\/script>\n<!-- \/ Yoast SEO Premium plugin. -->","yoast_head_json":{"title":"K\u00f8b ALD-52 Blotters online- Everyday Chem Shop","description":"K\u00f8b ALD-52 Blotters online. Vi s\u00e6lger den bedste kvalitet ALD-52 Blottere online. Kontakt venligst for mere information og priser.","robots":{"index":"index","follow":"follow","max-snippet":"max-snippet:-1","max-image-preview":"max-image-preview:large","max-video-preview":"max-video-preview:-1"},"canonical":"https:\/\/everydaychemshop.com\/da\/product\/buy-ald-52-blottere\/","og_locale":"en_US","og_type":"article","og_title":"K\u00f8b ALD-52 Blottere","og_description":"K\u00f8b ALD-52 Blotters online. Vi s\u00e6lger den bedste kvalitet ALD-52 Blottere online. Kontakt venligst for mere information og priser.","og_url":"https:\/\/everydaychemshop.com\/da\/product\/buy-ald-52-blottere\/","og_site_name":"Everyday Chem Shop","article_modified_time":"2023-04-08T06:12:06+00:00","og_image":[{"width":350,"height":350,"url":"https:\/\/everydaychemshop.com\/da\/wp-content\/uploads\/sites\/2\/2022\/11\/Buy-ALD-52-Blotters.jpg","type":"image\/jpeg"}],"twitter_card":"summary_large_image","twitter_misc":{"Est. reading time":"2 minutes"},"schema":{"@context":"https:\/\/schema.org","@graph":[{"@type":"WebPage","@id":"https:\/\/everydaychemshop.com\/da\/product\/buy-ald-52-blottere\/","url":"https:\/\/everydaychemshop.com\/da\/product\/buy-ald-52-blottere\/","name":"K\u00f8b ALD-52 Blotters online- Everyday Chem Shop","isPartOf":{"@id":"https:\/\/everydaychemshop.com\/da\/#website"},"primaryImageOfPage":{"@id":"https:\/\/everydaychemshop.com\/da\/product\/buy-ald-52-blottere\/#primaryimage"},"image":{"@id":"https:\/\/everydaychemshop.com\/da\/product\/buy-ald-52-blottere\/#primaryimage"},"thumbnailUrl":"https:\/\/everydaychemshop.com\/da\/wp-content\/uploads\/sites\/2\/2022\/11\/Buy-ALD-52-Blotters.jpg","datePublished":"2022-11-17T10:15:18+00:00","dateModified":"2023-04-08T06:12:06+00:00","description":"K\u00f8b ALD-52 Blotters online. Vi s\u00e6lger den bedste kvalitet ALD-52 Blottere online. Kontakt venligst for mere information og priser.","breadcrumb":{"@id":"https:\/\/everydaychemshop.com\/da\/product\/buy-ald-52-blottere\/#breadcrumb"},"inLanguage":"en-US","potentialAction":[{"@type":"ReadAction","target":["https:\/\/everydaychemshop.com\/da\/product\/buy-ald-52-blottere\/"]}]},{"@type":"ImageObject","inLanguage":"en-US","@id":"https:\/\/everydaychemshop.com\/da\/product\/buy-ald-52-blottere\/#primaryimage","url":"https:\/\/everydaychemshop.com\/da\/wp-content\/uploads\/sites\/2\/2022\/11\/Buy-ALD-52-Blotters.jpg","contentUrl":"https:\/\/everydaychemshop.com\/da\/wp-content\/uploads\/sites\/2\/2022\/11\/Buy-ALD-52-Blotters.jpg","width":350,"height":350,"caption":"K\u00f8b ALD-52 Blotters online"},{"@type":"BreadcrumbList","@id":"https:\/\/everydaychemshop.com\/da\/product\/buy-ald-52-blottere\/#breadcrumb","itemListElement":[{"@type":"ListItem","position":1,"name":"Home","item":"https:\/\/everydaychemshop.com\/da\/"},{"@type":"ListItem","position":2,"name":"Produkter","item":"https:\/\/everydaychemshop.com\/da\/produkter\/"},{"@type":"ListItem","position":3,"name":"K\u00f8b ALD-52 Blottere"}]},{"@type":"WebSite","@id":"https:\/\/everydaychemshop.com\/da\/#website","url":"https:\/\/everydaychemshop.com\/da\/","name":"Everyday Chem Shop","description":"","potentialAction":[{"@type":"SearchAction","target":{"@type":"EntryPoint","urlTemplate":"https:\/\/everydaychemshop.com\/da\/?s={search_term_string}"},"query-input":{"@type":"PropertyValueSpecification","valueRequired":true,"valueName":"search_term_string"}}],"inLanguage":"en-US"}]}},"_links":{"self":[{"href":"https:\/\/everydaychemshop.com\/da\/wp-json\/wp\/v2\/product\/7970","targetHints":{"allow":["GET"]}}],"collection":[{"href":"https:\/\/everydaychemshop.com\/da\/wp-json\/wp\/v2\/product"}],"about":[{"href":"https:\/\/everydaychemshop.com\/da\/wp-json\/wp\/v2\/types\/product"}],"replies":[{"embeddable":true,"href":"https:\/\/everydaychemshop.com\/da\/wp-json\/wp\/v2\/comments?post=7970"}],"wp:featuredmedia":[{"embeddable":true,"href":"https:\/\/everydaychemshop.com\/da\/wp-json\/wp\/v2\/media\/7979"}],"wp:attachment":[{"href":"https:\/\/everydaychemshop.com\/da\/wp-json\/wp\/v2\/media?parent=7970"}],"wp:term":[{"taxonomy":"product_brand","embeddable":true,"href":"https:\/\/everydaychemshop.com\/da\/wp-json\/wp\/v2\/product_brand?post=7970"},{"taxonomy":"product_cat","embeddable":true,"href":"https:\/\/everydaychemshop.com\/da\/wp-json\/wp\/v2\/product_cat?post=7970"},{"taxonomy":"product_tag","embeddable":true,"href":"https:\/\/everydaychemshop.com\/da\/wp-json\/wp\/v2\/product_tag?post=7970"}],"curies":[{"name":"wp","href":"https:\/\/api.w.org\/{rel}","templated":true}]}}