{"id":7988,"date":"2022-11-18T17:54:58","date_gmt":"2022-11-18T17:54:58","guid":{"rendered":"https:\/\/everydaychemshop.com\/da\/?post_type=product&#038;p=7988"},"modified":"2025-01-15T07:30:32","modified_gmt":"2025-01-15T07:30:32","slug":"2-fluormetamfetamin-2-fma-hcl","status":"publish","type":"product","link":"https:\/\/everydaychemshop.com\/da\/product\/2-fluormetamfetamin-2-fma-hcl\/","title":{"rendered":"2-fluormetamfetamin (2-FMA HCl)"},"content":{"rendered":"<h1>K\u00f8b 2-FMA HCl online<\/h1>\n<p><a href=\"https:\/\/everydaychemshop.com\/da\/product\/2-fluormetamfetamin-2-fma-hcl\/\">K\u00f8b 2-FMA HCl online<\/a>. 2-FMA er en forkortelse for 2-fluormetamfetamin. 2-FMA er et forskningskemikalie\u00a0der falder i amfetaminklassen. 2-FMA minder meget om andre stimulanser s\u00e5som 2-FA, 3-FA og 4-FMA. Det omtales almindeligvis som en erstatning for amfetamin. 2-FMA menes at producere sine forskningsresultater ved at virke p\u00e5 dopamin- og noradrenalin-receptorerne i hjernen. Det er ved at blive en favorit for laboratorieforskere, der foretr\u00e6kker at eksperimentere med stimulanser. Eksperimentelle resultater for 2-FMA omfatter ofte stimulering, fysisk eufori, taktil forbedring, drifting, \u00f8get libido, fokusforbedring, desinhibering, tankeacceleration, tidsforvr\u00e6ngning, \u00f8get musikp\u00e5sk\u00f8nnelse <a href=\"https:\/\/en.wikipedia.org\/wiki\/2-Fluoromethamphetamine\">og<\/a> udholdenhedsforbedring.<\/p>\n<p>&nbsp;<\/p>\n<h2><b>Hvor kan man k\u00f8be 2-FMA?<\/b><\/h2>\n<p>Her hos Chemical Planet s\u00e6lger vi 2-FMA af ekstrem h\u00f8j kvalitet, typisk i pulverform. Hvis du dog gerne vil have en anden formular, er du velkommen til at kontakte os for at se, om vi har en anden ledig, for det g\u00f8r vi ofte. Du skal v\u00e6re mindst 18 \u00e5r gammel for at k\u00f8be 2-FMA hos os, og du skal ogs\u00e5 v\u00e6re i fuld overensstemmelse med din nations forskningskemiske love. Vores kemikalier er ikke designet til menneske- eller dyreforbrug. De er kun beregnet til forskningsform\u00e5l.<\/p>\n<p>&nbsp;<\/p>\n<h2><b>2-FMA-lovlighed<\/b><\/h2>\n<p>2-FMA er ulovligt i Canada, Kina, Tyskland, New Zealand og Storbritannien. Det kan ogs\u00e5 potentielt v\u00e6re ulovligt i andre nationer med st\u00e6rke analoge love, s\u00e5som USA.<\/p>\n<p><strong>Opbevares altid p\u00e5 et k\u00f8ligt, t\u00f8rt sted for maksimal holdbarhed. Dette produkt er kun beregnet til retsmedicinske og forskningsapplikationer. Det er derfor IKKE beregnet til konsum eller in vivo-test af nogen art p\u00e5 dyr eller nogen levende organisme.<\/strong><\/p>\n","protected":false},"excerpt":{"rendered":"<p>Hvad er 2-FMA? 2-FMA er en forkortelse for 2-fluormetamfetamin. 2-FMA er et forskningskemikalie, der falder i amfetaminklassen.<\/p>\n","protected":false},"featured_media":7990,"comment_status":"open","ping_status":"closed","template":"","meta":{"inline_featured_image":false},"product_brand":[],"product_cat":[264],"product_tag":[],"class_list":{"0":"post-7988","1":"product","2":"type-product","3":"status-publish","4":"has-post-thumbnail","6":"product_cat-forskningskemisk","8":"first","9":"instock","10":"shipping-taxable","11":"purchasable","12":"product-type-variable","13":"has-default-attributes"},"yoast_head":"<!-- This site is optimized with the Yoast SEO Premium plugin v19.2 (Yoast SEO v27.3) - https:\/\/yoast.com\/product\/yoast-seo-premium-wordpress\/ -->\n<title>K\u00f8b 2-FMA HCl online- Everyday Chem Shop<\/title>\n<meta name=\"description\" content=\"K\u00f8b 2-FMA HCl online. Vi s\u00e6lger 2-FMA HCl af den bedste kvalitet online. Kontakt venligst for mere information og priser p\u00e5, hvordan du bestiller.\" \/>\n<meta name=\"robots\" content=\"index, follow, max-snippet:-1, max-image-preview:large, max-video-preview:-1\" \/>\n<link rel=\"canonical\" href=\"https:\/\/everydaychemshop.com\/da\/product\/2-fluormetamfetamin-2-fma-hcl\/\" \/>\n<meta property=\"og:locale\" content=\"en_US\" \/>\n<meta property=\"og:type\" content=\"article\" \/>\n<meta property=\"og:title\" content=\"2-fluormetamfetamin (2-FMA HCl)\" \/>\n<meta property=\"og:description\" content=\"K\u00f8b 2-FMA HCl online. Vi s\u00e6lger 2-FMA HCl af den bedste kvalitet online. Kontakt venligst for mere information og priser p\u00e5, hvordan du bestiller.\" \/>\n<meta property=\"og:url\" content=\"https:\/\/everydaychemshop.com\/da\/product\/2-fluormetamfetamin-2-fma-hcl\/\" \/>\n<meta property=\"og:site_name\" content=\"Everyday Chem Shop\" \/>\n<meta property=\"article:modified_time\" content=\"2025-01-15T07:30:32+00:00\" \/>\n<meta property=\"og:image\" content=\"https:\/\/everydaychemshop.com\/da\/wp-content\/uploads\/sites\/2\/2022\/11\/2-Fluoromethamphetamine-2-FMA-HCL.png\" \/>\n\t<meta property=\"og:image:width\" content=\"289\" \/>\n\t<meta property=\"og:image:height\" content=\"200\" \/>\n\t<meta property=\"og:image:type\" content=\"image\/png\" \/>\n<meta name=\"twitter:card\" content=\"summary_large_image\" \/>\n<meta name=\"twitter:label1\" content=\"Est. reading time\" \/>\n\t<meta name=\"twitter:data1\" content=\"2 minutes\" \/>\n<script type=\"application\/ld+json\" class=\"yoast-schema-graph\">{\"@context\":\"https:\\\/\\\/schema.org\",\"@graph\":[{\"@type\":\"WebPage\",\"@id\":\"https:\\\/\\\/everydaychemshop.com\\\/da\\\/product\\\/2-fluormetamfetamin-2-fma-hcl\\\/\",\"url\":\"https:\\\/\\\/everydaychemshop.com\\\/da\\\/product\\\/2-fluormetamfetamin-2-fma-hcl\\\/\",\"name\":\"K\u00f8b 2-FMA HCl online- Everyday Chem Shop\",\"isPartOf\":{\"@id\":\"https:\\\/\\\/everydaychemshop.com\\\/da\\\/#website\"},\"primaryImageOfPage\":{\"@id\":\"https:\\\/\\\/everydaychemshop.com\\\/da\\\/product\\\/2-fluormetamfetamin-2-fma-hcl\\\/#primaryimage\"},\"image\":{\"@id\":\"https:\\\/\\\/everydaychemshop.com\\\/da\\\/product\\\/2-fluormetamfetamin-2-fma-hcl\\\/#primaryimage\"},\"thumbnailUrl\":\"https:\\\/\\\/everydaychemshop.com\\\/da\\\/wp-content\\\/uploads\\\/sites\\\/2\\\/2022\\\/11\\\/2-Fluoromethamphetamine-2-FMA-HCL.png\",\"datePublished\":\"2022-11-18T17:54:58+00:00\",\"dateModified\":\"2025-01-15T07:30:32+00:00\",\"description\":\"K\u00f8b 2-FMA HCl online. Vi s\u00e6lger 2-FMA HCl af den bedste kvalitet online. Kontakt venligst for mere information og priser p\u00e5, hvordan du bestiller.\",\"breadcrumb\":{\"@id\":\"https:\\\/\\\/everydaychemshop.com\\\/da\\\/product\\\/2-fluormetamfetamin-2-fma-hcl\\\/#breadcrumb\"},\"inLanguage\":\"en-US\",\"potentialAction\":[{\"@type\":\"ReadAction\",\"target\":[\"https:\\\/\\\/everydaychemshop.com\\\/da\\\/product\\\/2-fluormetamfetamin-2-fma-hcl\\\/\"]}]},{\"@type\":\"ImageObject\",\"inLanguage\":\"en-US\",\"@id\":\"https:\\\/\\\/everydaychemshop.com\\\/da\\\/product\\\/2-fluormetamfetamin-2-fma-hcl\\\/#primaryimage\",\"url\":\"https:\\\/\\\/everydaychemshop.com\\\/da\\\/wp-content\\\/uploads\\\/sites\\\/2\\\/2022\\\/11\\\/2-Fluoromethamphetamine-2-FMA-HCL.png\",\"contentUrl\":\"https:\\\/\\\/everydaychemshop.com\\\/da\\\/wp-content\\\/uploads\\\/sites\\\/2\\\/2022\\\/11\\\/2-Fluoromethamphetamine-2-FMA-HCL.png\",\"width\":289,\"height\":200,\"caption\":\"K\u00f8b 2-FMA HCl online\"},{\"@type\":\"BreadcrumbList\",\"@id\":\"https:\\\/\\\/everydaychemshop.com\\\/da\\\/product\\\/2-fluormetamfetamin-2-fma-hcl\\\/#breadcrumb\",\"itemListElement\":[{\"@type\":\"ListItem\",\"position\":1,\"name\":\"Home\",\"item\":\"https:\\\/\\\/everydaychemshop.com\\\/da\\\/\"},{\"@type\":\"ListItem\",\"position\":2,\"name\":\"Produkter\",\"item\":\"https:\\\/\\\/everydaychemshop.com\\\/da\\\/produkter\\\/\"},{\"@type\":\"ListItem\",\"position\":3,\"name\":\"2-fluormetamfetamin (2-FMA HCl)\"}]},{\"@type\":\"WebSite\",\"@id\":\"https:\\\/\\\/everydaychemshop.com\\\/da\\\/#website\",\"url\":\"https:\\\/\\\/everydaychemshop.com\\\/da\\\/\",\"name\":\"Everyday Chem Shop\",\"description\":\"\",\"potentialAction\":[{\"@type\":\"SearchAction\",\"target\":{\"@type\":\"EntryPoint\",\"urlTemplate\":\"https:\\\/\\\/everydaychemshop.com\\\/da\\\/?s={search_term_string}\"},\"query-input\":{\"@type\":\"PropertyValueSpecification\",\"valueRequired\":true,\"valueName\":\"search_term_string\"}}],\"inLanguage\":\"en-US\"}]}<\/script>\n<!-- \/ Yoast SEO Premium plugin. -->","yoast_head_json":{"title":"K\u00f8b 2-FMA HCl online- Everyday Chem Shop","description":"K\u00f8b 2-FMA HCl online. Vi s\u00e6lger 2-FMA HCl af den bedste kvalitet online. Kontakt venligst for mere information og priser p\u00e5, hvordan du bestiller.","robots":{"index":"index","follow":"follow","max-snippet":"max-snippet:-1","max-image-preview":"max-image-preview:large","max-video-preview":"max-video-preview:-1"},"canonical":"https:\/\/everydaychemshop.com\/da\/product\/2-fluormetamfetamin-2-fma-hcl\/","og_locale":"en_US","og_type":"article","og_title":"2-fluormetamfetamin (2-FMA HCl)","og_description":"K\u00f8b 2-FMA HCl online. Vi s\u00e6lger 2-FMA HCl af den bedste kvalitet online. Kontakt venligst for mere information og priser p\u00e5, hvordan du bestiller.","og_url":"https:\/\/everydaychemshop.com\/da\/product\/2-fluormetamfetamin-2-fma-hcl\/","og_site_name":"Everyday Chem Shop","article_modified_time":"2025-01-15T07:30:32+00:00","og_image":[{"width":289,"height":200,"url":"https:\/\/everydaychemshop.com\/da\/wp-content\/uploads\/sites\/2\/2022\/11\/2-Fluoromethamphetamine-2-FMA-HCL.png","type":"image\/png"}],"twitter_card":"summary_large_image","twitter_misc":{"Est. reading time":"2 minutes"},"schema":{"@context":"https:\/\/schema.org","@graph":[{"@type":"WebPage","@id":"https:\/\/everydaychemshop.com\/da\/product\/2-fluormetamfetamin-2-fma-hcl\/","url":"https:\/\/everydaychemshop.com\/da\/product\/2-fluormetamfetamin-2-fma-hcl\/","name":"K\u00f8b 2-FMA HCl online- Everyday Chem Shop","isPartOf":{"@id":"https:\/\/everydaychemshop.com\/da\/#website"},"primaryImageOfPage":{"@id":"https:\/\/everydaychemshop.com\/da\/product\/2-fluormetamfetamin-2-fma-hcl\/#primaryimage"},"image":{"@id":"https:\/\/everydaychemshop.com\/da\/product\/2-fluormetamfetamin-2-fma-hcl\/#primaryimage"},"thumbnailUrl":"https:\/\/everydaychemshop.com\/da\/wp-content\/uploads\/sites\/2\/2022\/11\/2-Fluoromethamphetamine-2-FMA-HCL.png","datePublished":"2022-11-18T17:54:58+00:00","dateModified":"2025-01-15T07:30:32+00:00","description":"K\u00f8b 2-FMA HCl online. Vi s\u00e6lger 2-FMA HCl af den bedste kvalitet online. Kontakt venligst for mere information og priser p\u00e5, hvordan du bestiller.","breadcrumb":{"@id":"https:\/\/everydaychemshop.com\/da\/product\/2-fluormetamfetamin-2-fma-hcl\/#breadcrumb"},"inLanguage":"en-US","potentialAction":[{"@type":"ReadAction","target":["https:\/\/everydaychemshop.com\/da\/product\/2-fluormetamfetamin-2-fma-hcl\/"]}]},{"@type":"ImageObject","inLanguage":"en-US","@id":"https:\/\/everydaychemshop.com\/da\/product\/2-fluormetamfetamin-2-fma-hcl\/#primaryimage","url":"https:\/\/everydaychemshop.com\/da\/wp-content\/uploads\/sites\/2\/2022\/11\/2-Fluoromethamphetamine-2-FMA-HCL.png","contentUrl":"https:\/\/everydaychemshop.com\/da\/wp-content\/uploads\/sites\/2\/2022\/11\/2-Fluoromethamphetamine-2-FMA-HCL.png","width":289,"height":200,"caption":"K\u00f8b 2-FMA HCl online"},{"@type":"BreadcrumbList","@id":"https:\/\/everydaychemshop.com\/da\/product\/2-fluormetamfetamin-2-fma-hcl\/#breadcrumb","itemListElement":[{"@type":"ListItem","position":1,"name":"Home","item":"https:\/\/everydaychemshop.com\/da\/"},{"@type":"ListItem","position":2,"name":"Produkter","item":"https:\/\/everydaychemshop.com\/da\/produkter\/"},{"@type":"ListItem","position":3,"name":"2-fluormetamfetamin (2-FMA HCl)"}]},{"@type":"WebSite","@id":"https:\/\/everydaychemshop.com\/da\/#website","url":"https:\/\/everydaychemshop.com\/da\/","name":"Everyday Chem Shop","description":"","potentialAction":[{"@type":"SearchAction","target":{"@type":"EntryPoint","urlTemplate":"https:\/\/everydaychemshop.com\/da\/?s={search_term_string}"},"query-input":{"@type":"PropertyValueSpecification","valueRequired":true,"valueName":"search_term_string"}}],"inLanguage":"en-US"}]}},"_links":{"self":[{"href":"https:\/\/everydaychemshop.com\/da\/wp-json\/wp\/v2\/product\/7988","targetHints":{"allow":["GET"]}}],"collection":[{"href":"https:\/\/everydaychemshop.com\/da\/wp-json\/wp\/v2\/product"}],"about":[{"href":"https:\/\/everydaychemshop.com\/da\/wp-json\/wp\/v2\/types\/product"}],"replies":[{"embeddable":true,"href":"https:\/\/everydaychemshop.com\/da\/wp-json\/wp\/v2\/comments?post=7988"}],"wp:featuredmedia":[{"embeddable":true,"href":"https:\/\/everydaychemshop.com\/da\/wp-json\/wp\/v2\/media\/7990"}],"wp:attachment":[{"href":"https:\/\/everydaychemshop.com\/da\/wp-json\/wp\/v2\/media?parent=7988"}],"wp:term":[{"taxonomy":"product_brand","embeddable":true,"href":"https:\/\/everydaychemshop.com\/da\/wp-json\/wp\/v2\/product_brand?post=7988"},{"taxonomy":"product_cat","embeddable":true,"href":"https:\/\/everydaychemshop.com\/da\/wp-json\/wp\/v2\/product_cat?post=7988"},{"taxonomy":"product_tag","embeddable":true,"href":"https:\/\/everydaychemshop.com\/da\/wp-json\/wp\/v2\/product_tag?post=7988"}],"curies":[{"name":"wp","href":"https:\/\/api.w.org\/{rel}","templated":true}]}}