{"id":8010,"date":"2022-11-18T20:32:27","date_gmt":"2022-11-18T20:32:27","guid":{"rendered":"https:\/\/everydaychemshop.com\/da\/?post_type=product&#038;p=8010"},"modified":"2023-04-08T06:06:34","modified_gmt":"2023-04-08T06:06:34","slug":"buy-2c-e-research-chemical","status":"publish","type":"product","link":"https:\/\/everydaychemshop.com\/da\/product\/buy-2c-e-research-chemical\/","title":{"rendered":"K\u00f8b 2C-E Research Chemical"},"content":{"rendered":"<h1>K\u00f8b 2C-E forskningskemikalie online<\/h1>\n<p class=\"one\"><a href=\"https:\/\/everydaychemshop.com\/da\/product\/buy-2c-e-research-chemical\/\">K\u00f8b 2C-E forskningskemikalie online<\/a>. Det kemiske middel 2C-E (rejse) tilh\u00f8rer 2C-familien s\u00e5vel som 2C-I og 2C-H. 2C-E har\u00a0psykedeliske\u00a0effekter og er\u00a0phenylethylamin. Efter en r\u00e6kke forskningseksperimenter opdager vi nu, at mens vi modtager pulveret 2C-E intranasalt, b\u00f8r dets standarddosis ikke overstige mere end 5 milligram. Ikke desto mindre, mens du tager det oralt, b\u00f8r dosis ikke v\u00e6re mere end omkring 10-20 milligram. Det bem\u00e6rkes, at mens vi inhalerer gennem n\u00e6sen, observerer vi en st\u00e6rk forbr\u00e6nding p\u00e5 omkring 10 minutter. I bogen PiHKAL refererer Shulgin stoffet 2C-E til det \u00abmagiske halvt dusin\u00bb sammen med meskalin, 2C-T-2, 2C-B og 2C-T-7. <strong>K\u00f8b\u00a02C-E-forskningskemikalier online<\/strong><\/p>\n<p>Vi kan observere f\u00f8lgende effekter af 2C-E: et energiudbrud, \u00f8get kreativitet, visuelle effekter, \u00f8get takt. Desuden er der visse \u00e6ndringer i bevidstheden, vanskeligheder med at fokusere, pulsen hurtigere, og kropstemperaturen kan stige lidt. Blandt bivirkningerne ved 2C-E er der ogs\u00e5\u00a0svimmelhed,\u00a0kvalme, h\u00f8j f\u00f8lsomhed over for st\u00f8j og <a href=\"https:\/\/en.wikipedia.org\/wiki\/2C-E\">frygt<\/a>. 2C-E til salg online<\/p>\n<p>Aktionsvarigheden af \u200b\u200b2C-E er i gennemsnit fra 4 til 9 timer. Hvis vi sammenligner 2C-E med 2C-I, bem\u00e6rker vi i l\u00f8bet af testningen, at 2C-E fremkalder mere betydelige visuelle og lydeffekter.<\/p>\n<p>P\u00e5 vores hjemmeside kan du k\u00f8be 2C-E\u00a0(tur )\u00a0kun til kemiske unders\u00f8gelser og laboratorietests, men find f\u00f8rst ud af, om dette pr\u00e6parat er lovligt i dit boligomr\u00e5de. Vi tilbyder stoffer af h\u00f8j kvalitet.<\/p>\n","protected":false},"excerpt":{"rendered":"<p>1 \u2013 3 dage for USA\/CANADA<br \/>\n2 \u2013 10 dage for ALLE ANDRE LANDE<\/p>\n","protected":false},"featured_media":8023,"comment_status":"open","ping_status":"closed","template":"","meta":{"inline_featured_image":false},"product_brand":[],"product_cat":[264],"product_tag":[],"class_list":{"0":"post-8010","1":"product","2":"type-product","3":"status-publish","4":"has-post-thumbnail","6":"product_cat-forskningskemisk","8":"first","9":"instock","10":"sale","11":"shipping-taxable","12":"purchasable","13":"product-type-variable","14":"has-default-attributes"},"yoast_head":"<!-- This site is optimized with the Yoast SEO Premium plugin v19.2 (Yoast SEO v27.3) - https:\/\/yoast.com\/product\/yoast-seo-premium-wordpress\/ -->\n<title>K\u00f8b 2C-E forskningskemikalie online - Everyday Chem Shop<\/title>\n<meta name=\"description\" content=\"K\u00f8b 2C-E forskningskemikalie online. Vi s\u00e6lger 2C-E forskningskemikalie af den bedste kvalitet online. Kontakt venligst for mere information og priser.\" \/>\n<meta name=\"robots\" content=\"index, follow, max-snippet:-1, max-image-preview:large, max-video-preview:-1\" \/>\n<link rel=\"canonical\" href=\"https:\/\/everydaychemshop.com\/da\/product\/buy-2c-e-research-chemical\/\" \/>\n<meta property=\"og:locale\" content=\"en_US\" \/>\n<meta property=\"og:type\" content=\"article\" \/>\n<meta property=\"og:title\" content=\"K\u00f8b 2C-E Research Chemical\" \/>\n<meta property=\"og:description\" content=\"K\u00f8b 2C-E forskningskemikalie online. Vi s\u00e6lger 2C-E forskningskemikalie af den bedste kvalitet online. Kontakt venligst for mere information og priser.\" \/>\n<meta property=\"og:url\" content=\"https:\/\/everydaychemshop.com\/da\/product\/buy-2c-e-research-chemical\/\" \/>\n<meta property=\"og:site_name\" content=\"Everyday Chem Shop\" \/>\n<meta property=\"article:modified_time\" content=\"2023-04-08T06:06:34+00:00\" \/>\n<meta property=\"og:image\" content=\"https:\/\/everydaychemshop.com\/da\/wp-content\/uploads\/sites\/2\/2022\/11\/2ce.jpg\" \/>\n\t<meta property=\"og:image:width\" content=\"600\" \/>\n\t<meta property=\"og:image:height\" content=\"400\" \/>\n\t<meta property=\"og:image:type\" content=\"image\/jpeg\" \/>\n<meta name=\"twitter:card\" content=\"summary_large_image\" \/>\n<meta name=\"twitter:label1\" content=\"Est. reading time\" \/>\n\t<meta name=\"twitter:data1\" content=\"1 minute\" \/>\n<script type=\"application\/ld+json\" class=\"yoast-schema-graph\">{\"@context\":\"https:\\\/\\\/schema.org\",\"@graph\":[{\"@type\":\"WebPage\",\"@id\":\"https:\\\/\\\/everydaychemshop.com\\\/da\\\/product\\\/buy-2c-e-research-chemical\\\/\",\"url\":\"https:\\\/\\\/everydaychemshop.com\\\/da\\\/product\\\/buy-2c-e-research-chemical\\\/\",\"name\":\"K\u00f8b 2C-E forskningskemikalie online - Everyday Chem Shop\",\"isPartOf\":{\"@id\":\"https:\\\/\\\/everydaychemshop.com\\\/da\\\/#website\"},\"primaryImageOfPage\":{\"@id\":\"https:\\\/\\\/everydaychemshop.com\\\/da\\\/product\\\/buy-2c-e-research-chemical\\\/#primaryimage\"},\"image\":{\"@id\":\"https:\\\/\\\/everydaychemshop.com\\\/da\\\/product\\\/buy-2c-e-research-chemical\\\/#primaryimage\"},\"thumbnailUrl\":\"https:\\\/\\\/everydaychemshop.com\\\/da\\\/wp-content\\\/uploads\\\/sites\\\/2\\\/2022\\\/11\\\/2ce.jpg\",\"datePublished\":\"2022-11-18T20:32:27+00:00\",\"dateModified\":\"2023-04-08T06:06:34+00:00\",\"description\":\"K\u00f8b 2C-E forskningskemikalie online. Vi s\u00e6lger 2C-E forskningskemikalie af den bedste kvalitet online. Kontakt venligst for mere information og priser.\",\"breadcrumb\":{\"@id\":\"https:\\\/\\\/everydaychemshop.com\\\/da\\\/product\\\/buy-2c-e-research-chemical\\\/#breadcrumb\"},\"inLanguage\":\"en-US\",\"potentialAction\":[{\"@type\":\"ReadAction\",\"target\":[\"https:\\\/\\\/everydaychemshop.com\\\/da\\\/product\\\/buy-2c-e-research-chemical\\\/\"]}]},{\"@type\":\"ImageObject\",\"inLanguage\":\"en-US\",\"@id\":\"https:\\\/\\\/everydaychemshop.com\\\/da\\\/product\\\/buy-2c-e-research-chemical\\\/#primaryimage\",\"url\":\"https:\\\/\\\/everydaychemshop.com\\\/da\\\/wp-content\\\/uploads\\\/sites\\\/2\\\/2022\\\/11\\\/2ce.jpg\",\"contentUrl\":\"https:\\\/\\\/everydaychemshop.com\\\/da\\\/wp-content\\\/uploads\\\/sites\\\/2\\\/2022\\\/11\\\/2ce.jpg\",\"width\":600,\"height\":400,\"caption\":\"K\u00f8b 2C-E forskningskemikalie online\"},{\"@type\":\"BreadcrumbList\",\"@id\":\"https:\\\/\\\/everydaychemshop.com\\\/da\\\/product\\\/buy-2c-e-research-chemical\\\/#breadcrumb\",\"itemListElement\":[{\"@type\":\"ListItem\",\"position\":1,\"name\":\"Home\",\"item\":\"https:\\\/\\\/everydaychemshop.com\\\/da\\\/\"},{\"@type\":\"ListItem\",\"position\":2,\"name\":\"Produkter\",\"item\":\"https:\\\/\\\/everydaychemshop.com\\\/da\\\/produkter\\\/\"},{\"@type\":\"ListItem\",\"position\":3,\"name\":\"K\u00f8b 2C-E Research Chemical\"}]},{\"@type\":\"WebSite\",\"@id\":\"https:\\\/\\\/everydaychemshop.com\\\/da\\\/#website\",\"url\":\"https:\\\/\\\/everydaychemshop.com\\\/da\\\/\",\"name\":\"Everyday Chem Shop\",\"description\":\"\",\"potentialAction\":[{\"@type\":\"SearchAction\",\"target\":{\"@type\":\"EntryPoint\",\"urlTemplate\":\"https:\\\/\\\/everydaychemshop.com\\\/da\\\/?s={search_term_string}\"},\"query-input\":{\"@type\":\"PropertyValueSpecification\",\"valueRequired\":true,\"valueName\":\"search_term_string\"}}],\"inLanguage\":\"en-US\"}]}<\/script>\n<!-- \/ Yoast SEO Premium plugin. -->","yoast_head_json":{"title":"K\u00f8b 2C-E forskningskemikalie online - Everyday Chem Shop","description":"K\u00f8b 2C-E forskningskemikalie online. Vi s\u00e6lger 2C-E forskningskemikalie af den bedste kvalitet online. Kontakt venligst for mere information og priser.","robots":{"index":"index","follow":"follow","max-snippet":"max-snippet:-1","max-image-preview":"max-image-preview:large","max-video-preview":"max-video-preview:-1"},"canonical":"https:\/\/everydaychemshop.com\/da\/product\/buy-2c-e-research-chemical\/","og_locale":"en_US","og_type":"article","og_title":"K\u00f8b 2C-E Research Chemical","og_description":"K\u00f8b 2C-E forskningskemikalie online. Vi s\u00e6lger 2C-E forskningskemikalie af den bedste kvalitet online. Kontakt venligst for mere information og priser.","og_url":"https:\/\/everydaychemshop.com\/da\/product\/buy-2c-e-research-chemical\/","og_site_name":"Everyday Chem Shop","article_modified_time":"2023-04-08T06:06:34+00:00","og_image":[{"width":600,"height":400,"url":"https:\/\/everydaychemshop.com\/da\/wp-content\/uploads\/sites\/2\/2022\/11\/2ce.jpg","type":"image\/jpeg"}],"twitter_card":"summary_large_image","twitter_misc":{"Est. reading time":"1 minute"},"schema":{"@context":"https:\/\/schema.org","@graph":[{"@type":"WebPage","@id":"https:\/\/everydaychemshop.com\/da\/product\/buy-2c-e-research-chemical\/","url":"https:\/\/everydaychemshop.com\/da\/product\/buy-2c-e-research-chemical\/","name":"K\u00f8b 2C-E forskningskemikalie online - Everyday Chem Shop","isPartOf":{"@id":"https:\/\/everydaychemshop.com\/da\/#website"},"primaryImageOfPage":{"@id":"https:\/\/everydaychemshop.com\/da\/product\/buy-2c-e-research-chemical\/#primaryimage"},"image":{"@id":"https:\/\/everydaychemshop.com\/da\/product\/buy-2c-e-research-chemical\/#primaryimage"},"thumbnailUrl":"https:\/\/everydaychemshop.com\/da\/wp-content\/uploads\/sites\/2\/2022\/11\/2ce.jpg","datePublished":"2022-11-18T20:32:27+00:00","dateModified":"2023-04-08T06:06:34+00:00","description":"K\u00f8b 2C-E forskningskemikalie online. Vi s\u00e6lger 2C-E forskningskemikalie af den bedste kvalitet online. Kontakt venligst for mere information og priser.","breadcrumb":{"@id":"https:\/\/everydaychemshop.com\/da\/product\/buy-2c-e-research-chemical\/#breadcrumb"},"inLanguage":"en-US","potentialAction":[{"@type":"ReadAction","target":["https:\/\/everydaychemshop.com\/da\/product\/buy-2c-e-research-chemical\/"]}]},{"@type":"ImageObject","inLanguage":"en-US","@id":"https:\/\/everydaychemshop.com\/da\/product\/buy-2c-e-research-chemical\/#primaryimage","url":"https:\/\/everydaychemshop.com\/da\/wp-content\/uploads\/sites\/2\/2022\/11\/2ce.jpg","contentUrl":"https:\/\/everydaychemshop.com\/da\/wp-content\/uploads\/sites\/2\/2022\/11\/2ce.jpg","width":600,"height":400,"caption":"K\u00f8b 2C-E forskningskemikalie online"},{"@type":"BreadcrumbList","@id":"https:\/\/everydaychemshop.com\/da\/product\/buy-2c-e-research-chemical\/#breadcrumb","itemListElement":[{"@type":"ListItem","position":1,"name":"Home","item":"https:\/\/everydaychemshop.com\/da\/"},{"@type":"ListItem","position":2,"name":"Produkter","item":"https:\/\/everydaychemshop.com\/da\/produkter\/"},{"@type":"ListItem","position":3,"name":"K\u00f8b 2C-E Research Chemical"}]},{"@type":"WebSite","@id":"https:\/\/everydaychemshop.com\/da\/#website","url":"https:\/\/everydaychemshop.com\/da\/","name":"Everyday Chem Shop","description":"","potentialAction":[{"@type":"SearchAction","target":{"@type":"EntryPoint","urlTemplate":"https:\/\/everydaychemshop.com\/da\/?s={search_term_string}"},"query-input":{"@type":"PropertyValueSpecification","valueRequired":true,"valueName":"search_term_string"}}],"inLanguage":"en-US"}]}},"_links":{"self":[{"href":"https:\/\/everydaychemshop.com\/da\/wp-json\/wp\/v2\/product\/8010","targetHints":{"allow":["GET"]}}],"collection":[{"href":"https:\/\/everydaychemshop.com\/da\/wp-json\/wp\/v2\/product"}],"about":[{"href":"https:\/\/everydaychemshop.com\/da\/wp-json\/wp\/v2\/types\/product"}],"replies":[{"embeddable":true,"href":"https:\/\/everydaychemshop.com\/da\/wp-json\/wp\/v2\/comments?post=8010"}],"wp:featuredmedia":[{"embeddable":true,"href":"https:\/\/everydaychemshop.com\/da\/wp-json\/wp\/v2\/media\/8023"}],"wp:attachment":[{"href":"https:\/\/everydaychemshop.com\/da\/wp-json\/wp\/v2\/media?parent=8010"}],"wp:term":[{"taxonomy":"product_brand","embeddable":true,"href":"https:\/\/everydaychemshop.com\/da\/wp-json\/wp\/v2\/product_brand?post=8010"},{"taxonomy":"product_cat","embeddable":true,"href":"https:\/\/everydaychemshop.com\/da\/wp-json\/wp\/v2\/product_cat?post=8010"},{"taxonomy":"product_tag","embeddable":true,"href":"https:\/\/everydaychemshop.com\/da\/wp-json\/wp\/v2\/product_tag?post=8010"}],"curies":[{"name":"wp","href":"https:\/\/api.w.org\/{rel}","templated":true}]}}