{"id":8024,"date":"2022-11-18T20:42:56","date_gmt":"2022-11-18T20:42:56","guid":{"rendered":"https:\/\/everydaychemshop.com\/da\/?post_type=product&#038;p=8024"},"modified":"2023-04-08T06:05:13","modified_gmt":"2023-04-08T06:05:13","slug":"kob-3-fmc-3-fluormethcathinone","status":"publish","type":"product","link":"https:\/\/everydaychemshop.com\/da\/product\/kob-3-fmc-3-fluormethcathinone\/","title":{"rendered":"K\u00f8b 3-FMC | 3- Fluormethcathinon"},"content":{"rendered":"<h1 class=\"product_title entry-title\">K\u00f8b 3-FMC Powder online<\/h1>\n<p>K\u00f8b 3-FMC Powder online. 3-Fluoromethcathinone (ogs\u00e5 kendt som 3-FMC) er en kemisk forbindelse kemisk forbindelse af phenethylamin, amfetamin og cathinone klasser a title. Det er en strukturel isomer af flephedron (4-fluormethcathinone).<\/p>\n<p>3-Fluoro<i> iso<\/i>methcathinon produceres som et biprodukt, n\u00e5r 3-FMC syntetiseres.<\/p>\n<p>K\u00f8b 3-FMC Powder Chemical Engros i l\u00f8s v\u00e6gt. Garanteret billig <a href=\"https:\/\/en.wikipedia.org\/wiki\/3-Fluoromethcathinone\">bulkpris<\/a>.<\/p>\n<p>3-FMC-pulver er et stimulerende middel fra de kemiske klasser af phenethylamin, amfetamin og cathinon og er den strukturelle isomer af 4-FMC (Flephedron)<br \/>\n(RS)-1- (3-Fluorophenyl)-2-methylaminopropan-1-on<\/p>\n<p>Kun reagensbrug<\/p>\n<p>K\u00f8b 3-FMC Powder Europe, k\u00f8b 3-FMC Crystal i Canada, hvor kan man k\u00f8be 3- FMC FMC Online, K\u00f8b 3-FMC til salg, 3-FMC Online, K\u00f8b 3-FMC Online, 3-FMC K\u00f8b Canada, 3-FMC K\u00f8b Storbritannien, Kvalitet 3-FMC til salg, 3-FMC til salg online, 3- FMC til salg USA online, K\u00f8b 3-FMC online, 3-FMC Pulver til salg online, K\u00f8b 3-FPM pellets UK, 3-FPM k\u00f8b online, K\u00f8b 3-FMC krystal USA, K\u00f8b 3-FPM i Australien, 3-FMC Pulver online k\u00f8b, K\u00f8b 3-FMC Europa, K\u00f8b 3-FMC Crystal Canada, Hvor kan du k\u00f8be 3-FPM Crystal, K\u00f8b 3-FPM Pulver til salg, 3-FMC Online i USA, K\u00f8b 3-FMC Germnay Online, 3-FMC Pulver K\u00f8b Canada, 3FMC K\u00f8b UK, 3FMC K\u00f8b USA, 3FMC Pris online, Kvalitet 3FMC Til salg, 3FMC Pulver til salg, 3FMC Pulver til salg USA Online, 3FMC Crystal Til salg, Ice 3FMC Pulver Lovlig ,<\/p>\n<p>3-FMC Research Chemical, K\u00f8b 3-FMC Research Chemical, 3-FMC Research Chemical, K\u00f8b 3-FMC Research Chemical<\/p>\n<p>3- Fluoromethcathinone Til salg online, hvor kan man k\u00f8be 3-Fluoromethcathinone Online, 3-Fluoromethcathinone Research Chemical Til salg, 3-Fluoromethcathinone L\u00e6gemidler til salg, K\u00f8b 3-Fluoromethcathinone Online, 3-Fluoromethcathinone K\u00f8b UK, 3-Fluoromethcathinone Til salg USA, 3-Fluoromethcathinone til salg i Europa<\/p>\n","protected":false},"excerpt":{"rendered":"<p>\u00d8nsker du at k\u00f8be 3-FMC Powder Online til en god og overkommelig pris? Du har det her bedst med h\u00f8j kvalitet (99% renhed). Vores forsendelse og levering af 3-FMC Powder Research Chemicals er 100 % sikker, sikker og diskret. Fair Price er den f\u00f8rende distribut\u00f8r af 3-Fluoromethcathinone og andre relaterede produkter p\u00e5 verdensplan.<br \/>\nH\u00f8jkvalitets 3-Fluoromethcathinone (3-FMC)<\/p>\n","protected":false},"featured_media":8032,"comment_status":"open","ping_status":"closed","template":"","meta":{"inline_featured_image":false},"product_brand":[],"product_cat":[264],"product_tag":[],"class_list":{"0":"post-8024","1":"product","2":"type-product","3":"status-publish","4":"has-post-thumbnail","6":"product_cat-forskningskemisk","8":"first","9":"instock","10":"shipping-taxable","11":"purchasable","12":"product-type-variable","13":"has-default-attributes"},"yoast_head":"<!-- This site is optimized with the Yoast SEO Premium plugin v19.2 (Yoast SEO v27.3) - https:\/\/yoast.com\/product\/yoast-seo-premium-wordpress\/ -->\n<title>K\u00f8b 3-FMC Powder online - Everyday Chem Shop<\/title>\n<meta name=\"description\" content=\"K\u00f8b 3-FMC Powder online. Vi s\u00e6lger 3-FMC Powder af den bedste kvalitet online. Kontakt venligst for mere information og priser.\" \/>\n<meta name=\"robots\" content=\"index, follow, max-snippet:-1, max-image-preview:large, max-video-preview:-1\" \/>\n<link rel=\"canonical\" href=\"https:\/\/everydaychemshop.com\/da\/product\/kob-3-fmc-3-fluormethcathinone\/\" \/>\n<meta property=\"og:locale\" content=\"en_US\" \/>\n<meta property=\"og:type\" content=\"article\" \/>\n<meta property=\"og:title\" content=\"K\u00f8b 3-FMC | 3- Fluormethcathinon\" \/>\n<meta property=\"og:description\" content=\"K\u00f8b 3-FMC Powder online. Vi s\u00e6lger 3-FMC Powder af den bedste kvalitet online. Kontakt venligst for mere information og priser.\" \/>\n<meta property=\"og:url\" content=\"https:\/\/everydaychemshop.com\/da\/product\/kob-3-fmc-3-fluormethcathinone\/\" \/>\n<meta property=\"og:site_name\" content=\"Everyday Chem Shop\" \/>\n<meta property=\"article:modified_time\" content=\"2023-04-08T06:05:13+00:00\" \/>\n<meta property=\"og:image\" content=\"https:\/\/everydaychemshop.com\/da\/wp-content\/uploads\/sites\/2\/2022\/11\/buy-3-FMC.jpg\" \/>\n\t<meta property=\"og:image:width\" content=\"500\" \/>\n\t<meta property=\"og:image:height\" content=\"375\" \/>\n\t<meta property=\"og:image:type\" content=\"image\/jpeg\" \/>\n<meta name=\"twitter:card\" content=\"summary_large_image\" \/>\n<meta name=\"twitter:label1\" content=\"Est. reading time\" \/>\n\t<meta name=\"twitter:data1\" content=\"2 minutes\" \/>\n<script type=\"application\/ld+json\" class=\"yoast-schema-graph\">{\"@context\":\"https:\\\/\\\/schema.org\",\"@graph\":[{\"@type\":\"WebPage\",\"@id\":\"https:\\\/\\\/everydaychemshop.com\\\/da\\\/product\\\/kob-3-fmc-3-fluormethcathinone\\\/\",\"url\":\"https:\\\/\\\/everydaychemshop.com\\\/da\\\/product\\\/kob-3-fmc-3-fluormethcathinone\\\/\",\"name\":\"K\u00f8b 3-FMC Powder online - Everyday Chem Shop\",\"isPartOf\":{\"@id\":\"https:\\\/\\\/everydaychemshop.com\\\/da\\\/#website\"},\"primaryImageOfPage\":{\"@id\":\"https:\\\/\\\/everydaychemshop.com\\\/da\\\/product\\\/kob-3-fmc-3-fluormethcathinone\\\/#primaryimage\"},\"image\":{\"@id\":\"https:\\\/\\\/everydaychemshop.com\\\/da\\\/product\\\/kob-3-fmc-3-fluormethcathinone\\\/#primaryimage\"},\"thumbnailUrl\":\"https:\\\/\\\/everydaychemshop.com\\\/da\\\/wp-content\\\/uploads\\\/sites\\\/2\\\/2022\\\/11\\\/buy-3-FMC.jpg\",\"datePublished\":\"2022-11-18T20:42:56+00:00\",\"dateModified\":\"2023-04-08T06:05:13+00:00\",\"description\":\"K\u00f8b 3-FMC Powder online. Vi s\u00e6lger 3-FMC Powder af den bedste kvalitet online. Kontakt venligst for mere information og priser.\",\"breadcrumb\":{\"@id\":\"https:\\\/\\\/everydaychemshop.com\\\/da\\\/product\\\/kob-3-fmc-3-fluormethcathinone\\\/#breadcrumb\"},\"inLanguage\":\"en-US\",\"potentialAction\":[{\"@type\":\"ReadAction\",\"target\":[\"https:\\\/\\\/everydaychemshop.com\\\/da\\\/product\\\/kob-3-fmc-3-fluormethcathinone\\\/\"]}]},{\"@type\":\"ImageObject\",\"inLanguage\":\"en-US\",\"@id\":\"https:\\\/\\\/everydaychemshop.com\\\/da\\\/product\\\/kob-3-fmc-3-fluormethcathinone\\\/#primaryimage\",\"url\":\"https:\\\/\\\/everydaychemshop.com\\\/da\\\/wp-content\\\/uploads\\\/sites\\\/2\\\/2022\\\/11\\\/buy-3-FMC.jpg\",\"contentUrl\":\"https:\\\/\\\/everydaychemshop.com\\\/da\\\/wp-content\\\/uploads\\\/sites\\\/2\\\/2022\\\/11\\\/buy-3-FMC.jpg\",\"width\":500,\"height\":375,\"caption\":\"K\u00f8b 3-FMC Powder online\"},{\"@type\":\"BreadcrumbList\",\"@id\":\"https:\\\/\\\/everydaychemshop.com\\\/da\\\/product\\\/kob-3-fmc-3-fluormethcathinone\\\/#breadcrumb\",\"itemListElement\":[{\"@type\":\"ListItem\",\"position\":1,\"name\":\"Home\",\"item\":\"https:\\\/\\\/everydaychemshop.com\\\/da\\\/\"},{\"@type\":\"ListItem\",\"position\":2,\"name\":\"Produkter\",\"item\":\"https:\\\/\\\/everydaychemshop.com\\\/da\\\/produkter\\\/\"},{\"@type\":\"ListItem\",\"position\":3,\"name\":\"K\u00f8b 3-FMC | 3- Fluormethcathinon\"}]},{\"@type\":\"WebSite\",\"@id\":\"https:\\\/\\\/everydaychemshop.com\\\/da\\\/#website\",\"url\":\"https:\\\/\\\/everydaychemshop.com\\\/da\\\/\",\"name\":\"Everyday Chem Shop\",\"description\":\"\",\"potentialAction\":[{\"@type\":\"SearchAction\",\"target\":{\"@type\":\"EntryPoint\",\"urlTemplate\":\"https:\\\/\\\/everydaychemshop.com\\\/da\\\/?s={search_term_string}\"},\"query-input\":{\"@type\":\"PropertyValueSpecification\",\"valueRequired\":true,\"valueName\":\"search_term_string\"}}],\"inLanguage\":\"en-US\"}]}<\/script>\n<!-- \/ Yoast SEO Premium plugin. -->","yoast_head_json":{"title":"K\u00f8b 3-FMC Powder online - Everyday Chem Shop","description":"K\u00f8b 3-FMC Powder online. Vi s\u00e6lger 3-FMC Powder af den bedste kvalitet online. Kontakt venligst for mere information og priser.","robots":{"index":"index","follow":"follow","max-snippet":"max-snippet:-1","max-image-preview":"max-image-preview:large","max-video-preview":"max-video-preview:-1"},"canonical":"https:\/\/everydaychemshop.com\/da\/product\/kob-3-fmc-3-fluormethcathinone\/","og_locale":"en_US","og_type":"article","og_title":"K\u00f8b 3-FMC | 3- Fluormethcathinon","og_description":"K\u00f8b 3-FMC Powder online. Vi s\u00e6lger 3-FMC Powder af den bedste kvalitet online. Kontakt venligst for mere information og priser.","og_url":"https:\/\/everydaychemshop.com\/da\/product\/kob-3-fmc-3-fluormethcathinone\/","og_site_name":"Everyday Chem Shop","article_modified_time":"2023-04-08T06:05:13+00:00","og_image":[{"width":500,"height":375,"url":"https:\/\/everydaychemshop.com\/da\/wp-content\/uploads\/sites\/2\/2022\/11\/buy-3-FMC.jpg","type":"image\/jpeg"}],"twitter_card":"summary_large_image","twitter_misc":{"Est. reading time":"2 minutes"},"schema":{"@context":"https:\/\/schema.org","@graph":[{"@type":"WebPage","@id":"https:\/\/everydaychemshop.com\/da\/product\/kob-3-fmc-3-fluormethcathinone\/","url":"https:\/\/everydaychemshop.com\/da\/product\/kob-3-fmc-3-fluormethcathinone\/","name":"K\u00f8b 3-FMC Powder online - Everyday Chem Shop","isPartOf":{"@id":"https:\/\/everydaychemshop.com\/da\/#website"},"primaryImageOfPage":{"@id":"https:\/\/everydaychemshop.com\/da\/product\/kob-3-fmc-3-fluormethcathinone\/#primaryimage"},"image":{"@id":"https:\/\/everydaychemshop.com\/da\/product\/kob-3-fmc-3-fluormethcathinone\/#primaryimage"},"thumbnailUrl":"https:\/\/everydaychemshop.com\/da\/wp-content\/uploads\/sites\/2\/2022\/11\/buy-3-FMC.jpg","datePublished":"2022-11-18T20:42:56+00:00","dateModified":"2023-04-08T06:05:13+00:00","description":"K\u00f8b 3-FMC Powder online. Vi s\u00e6lger 3-FMC Powder af den bedste kvalitet online. Kontakt venligst for mere information og priser.","breadcrumb":{"@id":"https:\/\/everydaychemshop.com\/da\/product\/kob-3-fmc-3-fluormethcathinone\/#breadcrumb"},"inLanguage":"en-US","potentialAction":[{"@type":"ReadAction","target":["https:\/\/everydaychemshop.com\/da\/product\/kob-3-fmc-3-fluormethcathinone\/"]}]},{"@type":"ImageObject","inLanguage":"en-US","@id":"https:\/\/everydaychemshop.com\/da\/product\/kob-3-fmc-3-fluormethcathinone\/#primaryimage","url":"https:\/\/everydaychemshop.com\/da\/wp-content\/uploads\/sites\/2\/2022\/11\/buy-3-FMC.jpg","contentUrl":"https:\/\/everydaychemshop.com\/da\/wp-content\/uploads\/sites\/2\/2022\/11\/buy-3-FMC.jpg","width":500,"height":375,"caption":"K\u00f8b 3-FMC Powder online"},{"@type":"BreadcrumbList","@id":"https:\/\/everydaychemshop.com\/da\/product\/kob-3-fmc-3-fluormethcathinone\/#breadcrumb","itemListElement":[{"@type":"ListItem","position":1,"name":"Home","item":"https:\/\/everydaychemshop.com\/da\/"},{"@type":"ListItem","position":2,"name":"Produkter","item":"https:\/\/everydaychemshop.com\/da\/produkter\/"},{"@type":"ListItem","position":3,"name":"K\u00f8b 3-FMC | 3- Fluormethcathinon"}]},{"@type":"WebSite","@id":"https:\/\/everydaychemshop.com\/da\/#website","url":"https:\/\/everydaychemshop.com\/da\/","name":"Everyday Chem Shop","description":"","potentialAction":[{"@type":"SearchAction","target":{"@type":"EntryPoint","urlTemplate":"https:\/\/everydaychemshop.com\/da\/?s={search_term_string}"},"query-input":{"@type":"PropertyValueSpecification","valueRequired":true,"valueName":"search_term_string"}}],"inLanguage":"en-US"}]}},"_links":{"self":[{"href":"https:\/\/everydaychemshop.com\/da\/wp-json\/wp\/v2\/product\/8024","targetHints":{"allow":["GET"]}}],"collection":[{"href":"https:\/\/everydaychemshop.com\/da\/wp-json\/wp\/v2\/product"}],"about":[{"href":"https:\/\/everydaychemshop.com\/da\/wp-json\/wp\/v2\/types\/product"}],"replies":[{"embeddable":true,"href":"https:\/\/everydaychemshop.com\/da\/wp-json\/wp\/v2\/comments?post=8024"}],"wp:featuredmedia":[{"embeddable":true,"href":"https:\/\/everydaychemshop.com\/da\/wp-json\/wp\/v2\/media\/8032"}],"wp:attachment":[{"href":"https:\/\/everydaychemshop.com\/da\/wp-json\/wp\/v2\/media?parent=8024"}],"wp:term":[{"taxonomy":"product_brand","embeddable":true,"href":"https:\/\/everydaychemshop.com\/da\/wp-json\/wp\/v2\/product_brand?post=8024"},{"taxonomy":"product_cat","embeddable":true,"href":"https:\/\/everydaychemshop.com\/da\/wp-json\/wp\/v2\/product_cat?post=8024"},{"taxonomy":"product_tag","embeddable":true,"href":"https:\/\/everydaychemshop.com\/da\/wp-json\/wp\/v2\/product_tag?post=8024"}],"curies":[{"name":"wp","href":"https:\/\/api.w.org\/{rel}","templated":true}]}}