{"id":8033,"date":"2022-11-18T20:51:32","date_gmt":"2022-11-18T20:51:32","guid":{"rendered":"https:\/\/everydaychemshop.com\/da\/?post_type=product&#038;p=8033"},"modified":"2023-04-08T06:03:08","modified_gmt":"2023-04-08T06:03:08","slug":"3-fpm-3-fluorphenmetrazin","status":"publish","type":"product","link":"https:\/\/everydaychemshop.com\/da\/product\/3-fpm-3-fluorphenmetrazin\/","title":{"rendered":"3-FPM (3-fluorphenmetrazin)"},"content":{"rendered":"<h1>K\u00f8b 3-FPM pulver online<\/h1>\n<p><a href=\"https:\/\/everydaychemshop.com\/da\/product\/3-fpm-3-fluorphenmetrazin\/\">K\u00f8b 3-FPM pulver online<\/a>. 3-Fluorophenmetrazin (ogs\u00e5 kendt som\u00a03-FPM,\u00a03-FPH\u00a0og\u00a0PAL-593) er en\u00a0phenylmorpholin-baseret\u00a0stimulerende middel\u00a0og\u00a0fluorerede\u00a0analog\u00a0af\u00a0phenmetrazin\u00a0der er blevet solgt online som et\u00a0designer drug.<\/p>\n<p><strong><span data-preserver-spaces=\"true\">3-Fluorophenmetrazin<\/span><\/strong><span data-preserver-spaces=\"true\">\u00a0(ogs\u00e5 kendt som\u00a0<\/span><strong><span data-preserver-spaces=\"true\">3F-Phenmetrazin<\/span><\/strong><span data-preserver-spaces=\"true\">,\u00a0<\/span><strong><span data-preserver-spaces=\"true\">PAL-593<\/span><\/strong><span data-preserver-spaces=\"true\"> og\u00a0<\/span> <strong><span data-preserver-spaces=\"true\">3-FPM<\/span><\/strong><span data-preserver-spaces=\"true\">) er en roman\u00a0<\/span><span data-preserver-spaces=\"true\">stimulant<\/span><span data-preserver-spaces=\"true\">\u00a0stof af\u00a0<\/span><span data-preserver-spaces=\"true\">phenylmorpholin<\/span><span data-preserver-spaces=\" sand\">\u00a0klasse. 3-FPM er en afledt af\u00a0<\/span>phenmetrazin<span data-preserver-spaces=\"true\">, et engang s\u00e5 popul\u00e6rt stimulerende stof, der klinisk blev brugt som anorektikum i Europa i 1950&#8217;erne. Det producerer sin aktivitet ved at \u00f8ge\u00a0<\/span><span data-preserver=\"\">serotonin<\/span><span data-preserver-spaces=\"true\">,\u00a0<\/span><span data-preserver-spaces=\"true\">dopamin<\/span><span data-preserver-spaces=\"true\"> og\u00a0<\/span><span data-preserver-spaces=\"true\">noradrenalin<\/span><span data-preserver-spaces=\"true\">\u00a0niveauer i hjernen.<\/span><\/p>\n<p><span data-preserver-spaces=\" true\">Syntesen og\u00a0farmakologien af \u200b\u200b3-FPM blev\u00a0f\u00f8rst rapporteret i et patent indgivet i 2011. Rapporter om menneskelig brug dukkede f\u00f8rst op i begyndelsen af \u200b\u200b2015, efter at det var til salg p\u00e5 online\u00a0<\/span><span data-preserver-spaces=\"true\">forskningskemikalie<\/span><span data-preserver-spaces=\"true\">\u00a0marked. K\u00f8b 3-FPM Crystal Online<\/span><\/p>\n<p><span data-preserver-spaces=\"true\">3-FPM er en forkortelse for 3-Fluorophenmetrazin. 3-FPM er et forskningskemikalie, der <a href=\"https:\/\/en.wikipedia.org\/wiki\/3-Fluorophenmetrazine\">har<\/a> solide stimulerende egenskaber. 3-FPM falder ind under phenolmorpholin-klassen af \u200b\u200bkemikalier. De eksperimentelle resultater af 3-FPM anses normalt for meget ens og n\u00e6sten identiske med amfetamins. Eksperimenter med 3-FPM giver typisk \u00f8get fokus og motivation, tankeacceleration og eufori. Disse resultater beskrives dog ofte som mindre intense end amfetamin eller andre stimulanser. Nerv\u00f8sitet og s\u00f8vnl\u00f8shed er to fund, der generelt ses mindre eller ses ved reducerede hastigheder med 3-FPM. K\u00f8b 3-FPM pulver, 3-FPM til salg online, k\u00f8b 3-FPM pellets til salg, K\u00f8b 3-FPM Crystal Online<\/span><\/p>\n<h2><strong>Hvor kan man k\u00f8be 3-FPM?<\/strong><\/h2>\n<p><span data-preserver-spaces=\"true\">Her hos Best Globel Med har vi meget h\u00f8j -kvalitet 3-FPM til salg. Vores 3-FPM er tilg\u00e6ngelig i b\u00e5de pulver- og pelletform. S\u00e5 uanset hvilken kemisk tilstand du foretr\u00e6kker mellem disse to muligheder, har vi dig d\u00e6kket.<\/span><\/p>\n<p><span data-preserver-spaces=\"true\">Den 3-FPM, der er tilg\u00e6ngelig til salg, er kun beregnet til forskningsform\u00e5l. Det er ikke beregnet til internt brug. Du skal ogs\u00e5 v\u00e6re over 18 \u00e5r for at k\u00f8be 3-FPM hos os og v\u00e6re i fuld juridisk overensstemmelse med dit lands love.<\/span><\/p>\n<h2><strong><span data-preserver-spaces=\"true\">3-FPM juridisk status<\/span><\/strong><\/h2>\n<p><span data-preserver-spaces=\"true\">3-FPM er ulovligt at k\u00f8be, s\u00e6lge eller besidde i Israel, Schweiz og USA. I Det Forenede Kongerige betragtes det som en analog til phenmetrazin, et skema II-l\u00e6gemiddel, der bruges til konsum.<\/span><\/p>\n<p><span data-preserver-spaces=\"true\">Opbevares altid k\u00f8ligt , t\u00f8rt sted for maksimal holdbarhed. Dette produkt er kun beregnet til retsmedicinske og forskningsapplikationer. Derfor er den IKKE beregnet til konsum eller in vivo-test af nogen art p\u00e5 dyr eller nogen levende organisme.<\/span><\/p>\n","protected":false},"excerpt":{"rendered":"<p><span data-preserver-spaces=\"true\">K\u00f8b 3-FMP online. <b>3-Fluorophenmetrazin\u00a0<\/b>(ogs\u00e5 kendt som\u00a0<b>3-FPM<\/b>,\u00a0<b>3-FPH<\/b>\u00a0og\u00a0<b>PAL-593<\/b>) er tilg\u00e6ngelig for salg i Storbritannien, USA, Europa (EU). K\u00f8b det fra Fairpricemedical.com med h\u00f8j kvalitet.<\/span><\/p>\n<p><span data-preserver-spaces=\"true\">K\u00f8b 3-FMP Powder i komfort i dit hjem eller kontor, og vi vil f\u00e5 det leveret og leveret til din adresse.<\/span><\/p>\n","protected":false},"featured_media":8039,"comment_status":"open","ping_status":"closed","template":"","meta":{"inline_featured_image":false},"product_brand":[],"product_cat":[264],"product_tag":[],"class_list":{"0":"post-8033","1":"product","2":"type-product","3":"status-publish","4":"has-post-thumbnail","6":"product_cat-forskningskemisk","8":"first","9":"instock","10":"shipping-taxable","11":"purchasable","12":"product-type-variable","13":"has-default-attributes"},"yoast_head":"<!-- This site is optimized with the Yoast SEO Premium plugin v19.2 (Yoast SEO v27.3) - https:\/\/yoast.com\/product\/yoast-seo-premium-wordpress\/ -->\n<title>K\u00f8b 3-FPM pulver online - Everyday Chem Shop<\/title>\n<meta name=\"description\" content=\"K\u00f8b 3-FPM pulver online. Vi s\u00e6lger 3-FPM pulver af den bedste kvalitet online. Kontakt os venligst for mere information og priser.\" \/>\n<meta name=\"robots\" content=\"index, follow, max-snippet:-1, max-image-preview:large, max-video-preview:-1\" \/>\n<link rel=\"canonical\" href=\"https:\/\/everydaychemshop.com\/da\/product\/3-fpm-3-fluorphenmetrazin\/\" \/>\n<meta property=\"og:locale\" content=\"en_US\" \/>\n<meta property=\"og:type\" content=\"article\" \/>\n<meta property=\"og:title\" content=\"3-FPM (3-fluorphenmetrazin)\" \/>\n<meta property=\"og:description\" content=\"K\u00f8b 3-FPM pulver online. Vi s\u00e6lger 3-FPM pulver af den bedste kvalitet online. Kontakt os venligst for mere information og priser.\" \/>\n<meta property=\"og:url\" content=\"https:\/\/everydaychemshop.com\/da\/product\/3-fpm-3-fluorphenmetrazin\/\" \/>\n<meta property=\"og:site_name\" content=\"Everyday Chem Shop\" \/>\n<meta property=\"article:modified_time\" content=\"2023-04-08T06:03:08+00:00\" \/>\n<meta property=\"og:image\" content=\"https:\/\/everydaychemshop.com\/da\/wp-content\/uploads\/sites\/2\/2022\/11\/3fpm.jpg\" \/>\n\t<meta property=\"og:image:width\" content=\"600\" \/>\n\t<meta property=\"og:image:height\" content=\"600\" \/>\n\t<meta property=\"og:image:type\" content=\"image\/jpeg\" \/>\n<meta name=\"twitter:card\" content=\"summary_large_image\" \/>\n<meta name=\"twitter:label1\" content=\"Est. reading time\" \/>\n\t<meta name=\"twitter:data1\" content=\"2 minutes\" \/>\n<script type=\"application\/ld+json\" class=\"yoast-schema-graph\">{\"@context\":\"https:\\\/\\\/schema.org\",\"@graph\":[{\"@type\":\"WebPage\",\"@id\":\"https:\\\/\\\/everydaychemshop.com\\\/da\\\/product\\\/3-fpm-3-fluorphenmetrazin\\\/\",\"url\":\"https:\\\/\\\/everydaychemshop.com\\\/da\\\/product\\\/3-fpm-3-fluorphenmetrazin\\\/\",\"name\":\"K\u00f8b 3-FPM pulver online - Everyday Chem Shop\",\"isPartOf\":{\"@id\":\"https:\\\/\\\/everydaychemshop.com\\\/da\\\/#website\"},\"primaryImageOfPage\":{\"@id\":\"https:\\\/\\\/everydaychemshop.com\\\/da\\\/product\\\/3-fpm-3-fluorphenmetrazin\\\/#primaryimage\"},\"image\":{\"@id\":\"https:\\\/\\\/everydaychemshop.com\\\/da\\\/product\\\/3-fpm-3-fluorphenmetrazin\\\/#primaryimage\"},\"thumbnailUrl\":\"https:\\\/\\\/everydaychemshop.com\\\/da\\\/wp-content\\\/uploads\\\/sites\\\/2\\\/2022\\\/11\\\/3fpm.jpg\",\"datePublished\":\"2022-11-18T20:51:32+00:00\",\"dateModified\":\"2023-04-08T06:03:08+00:00\",\"description\":\"K\u00f8b 3-FPM pulver online. Vi s\u00e6lger 3-FPM pulver af den bedste kvalitet online. Kontakt os venligst for mere information og priser.\",\"breadcrumb\":{\"@id\":\"https:\\\/\\\/everydaychemshop.com\\\/da\\\/product\\\/3-fpm-3-fluorphenmetrazin\\\/#breadcrumb\"},\"inLanguage\":\"en-US\",\"potentialAction\":[{\"@type\":\"ReadAction\",\"target\":[\"https:\\\/\\\/everydaychemshop.com\\\/da\\\/product\\\/3-fpm-3-fluorphenmetrazin\\\/\"]}]},{\"@type\":\"ImageObject\",\"inLanguage\":\"en-US\",\"@id\":\"https:\\\/\\\/everydaychemshop.com\\\/da\\\/product\\\/3-fpm-3-fluorphenmetrazin\\\/#primaryimage\",\"url\":\"https:\\\/\\\/everydaychemshop.com\\\/da\\\/wp-content\\\/uploads\\\/sites\\\/2\\\/2022\\\/11\\\/3fpm.jpg\",\"contentUrl\":\"https:\\\/\\\/everydaychemshop.com\\\/da\\\/wp-content\\\/uploads\\\/sites\\\/2\\\/2022\\\/11\\\/3fpm.jpg\",\"width\":600,\"height\":600,\"caption\":\"K\u00f8b 3-FPM pulver online\"},{\"@type\":\"BreadcrumbList\",\"@id\":\"https:\\\/\\\/everydaychemshop.com\\\/da\\\/product\\\/3-fpm-3-fluorphenmetrazin\\\/#breadcrumb\",\"itemListElement\":[{\"@type\":\"ListItem\",\"position\":1,\"name\":\"Home\",\"item\":\"https:\\\/\\\/everydaychemshop.com\\\/da\\\/\"},{\"@type\":\"ListItem\",\"position\":2,\"name\":\"Produkter\",\"item\":\"https:\\\/\\\/everydaychemshop.com\\\/da\\\/produkter\\\/\"},{\"@type\":\"ListItem\",\"position\":3,\"name\":\"3-FPM (3-fluorphenmetrazin)\"}]},{\"@type\":\"WebSite\",\"@id\":\"https:\\\/\\\/everydaychemshop.com\\\/da\\\/#website\",\"url\":\"https:\\\/\\\/everydaychemshop.com\\\/da\\\/\",\"name\":\"Everyday Chem Shop\",\"description\":\"\",\"potentialAction\":[{\"@type\":\"SearchAction\",\"target\":{\"@type\":\"EntryPoint\",\"urlTemplate\":\"https:\\\/\\\/everydaychemshop.com\\\/da\\\/?s={search_term_string}\"},\"query-input\":{\"@type\":\"PropertyValueSpecification\",\"valueRequired\":true,\"valueName\":\"search_term_string\"}}],\"inLanguage\":\"en-US\"}]}<\/script>\n<!-- \/ Yoast SEO Premium plugin. -->","yoast_head_json":{"title":"K\u00f8b 3-FPM pulver online - Everyday Chem Shop","description":"K\u00f8b 3-FPM pulver online. Vi s\u00e6lger 3-FPM pulver af den bedste kvalitet online. Kontakt os venligst for mere information og priser.","robots":{"index":"index","follow":"follow","max-snippet":"max-snippet:-1","max-image-preview":"max-image-preview:large","max-video-preview":"max-video-preview:-1"},"canonical":"https:\/\/everydaychemshop.com\/da\/product\/3-fpm-3-fluorphenmetrazin\/","og_locale":"en_US","og_type":"article","og_title":"3-FPM (3-fluorphenmetrazin)","og_description":"K\u00f8b 3-FPM pulver online. Vi s\u00e6lger 3-FPM pulver af den bedste kvalitet online. Kontakt os venligst for mere information og priser.","og_url":"https:\/\/everydaychemshop.com\/da\/product\/3-fpm-3-fluorphenmetrazin\/","og_site_name":"Everyday Chem Shop","article_modified_time":"2023-04-08T06:03:08+00:00","og_image":[{"width":600,"height":600,"url":"https:\/\/everydaychemshop.com\/da\/wp-content\/uploads\/sites\/2\/2022\/11\/3fpm.jpg","type":"image\/jpeg"}],"twitter_card":"summary_large_image","twitter_misc":{"Est. reading time":"2 minutes"},"schema":{"@context":"https:\/\/schema.org","@graph":[{"@type":"WebPage","@id":"https:\/\/everydaychemshop.com\/da\/product\/3-fpm-3-fluorphenmetrazin\/","url":"https:\/\/everydaychemshop.com\/da\/product\/3-fpm-3-fluorphenmetrazin\/","name":"K\u00f8b 3-FPM pulver online - Everyday Chem Shop","isPartOf":{"@id":"https:\/\/everydaychemshop.com\/da\/#website"},"primaryImageOfPage":{"@id":"https:\/\/everydaychemshop.com\/da\/product\/3-fpm-3-fluorphenmetrazin\/#primaryimage"},"image":{"@id":"https:\/\/everydaychemshop.com\/da\/product\/3-fpm-3-fluorphenmetrazin\/#primaryimage"},"thumbnailUrl":"https:\/\/everydaychemshop.com\/da\/wp-content\/uploads\/sites\/2\/2022\/11\/3fpm.jpg","datePublished":"2022-11-18T20:51:32+00:00","dateModified":"2023-04-08T06:03:08+00:00","description":"K\u00f8b 3-FPM pulver online. Vi s\u00e6lger 3-FPM pulver af den bedste kvalitet online. Kontakt os venligst for mere information og priser.","breadcrumb":{"@id":"https:\/\/everydaychemshop.com\/da\/product\/3-fpm-3-fluorphenmetrazin\/#breadcrumb"},"inLanguage":"en-US","potentialAction":[{"@type":"ReadAction","target":["https:\/\/everydaychemshop.com\/da\/product\/3-fpm-3-fluorphenmetrazin\/"]}]},{"@type":"ImageObject","inLanguage":"en-US","@id":"https:\/\/everydaychemshop.com\/da\/product\/3-fpm-3-fluorphenmetrazin\/#primaryimage","url":"https:\/\/everydaychemshop.com\/da\/wp-content\/uploads\/sites\/2\/2022\/11\/3fpm.jpg","contentUrl":"https:\/\/everydaychemshop.com\/da\/wp-content\/uploads\/sites\/2\/2022\/11\/3fpm.jpg","width":600,"height":600,"caption":"K\u00f8b 3-FPM pulver online"},{"@type":"BreadcrumbList","@id":"https:\/\/everydaychemshop.com\/da\/product\/3-fpm-3-fluorphenmetrazin\/#breadcrumb","itemListElement":[{"@type":"ListItem","position":1,"name":"Home","item":"https:\/\/everydaychemshop.com\/da\/"},{"@type":"ListItem","position":2,"name":"Produkter","item":"https:\/\/everydaychemshop.com\/da\/produkter\/"},{"@type":"ListItem","position":3,"name":"3-FPM (3-fluorphenmetrazin)"}]},{"@type":"WebSite","@id":"https:\/\/everydaychemshop.com\/da\/#website","url":"https:\/\/everydaychemshop.com\/da\/","name":"Everyday Chem Shop","description":"","potentialAction":[{"@type":"SearchAction","target":{"@type":"EntryPoint","urlTemplate":"https:\/\/everydaychemshop.com\/da\/?s={search_term_string}"},"query-input":{"@type":"PropertyValueSpecification","valueRequired":true,"valueName":"search_term_string"}}],"inLanguage":"en-US"}]}},"_links":{"self":[{"href":"https:\/\/everydaychemshop.com\/da\/wp-json\/wp\/v2\/product\/8033","targetHints":{"allow":["GET"]}}],"collection":[{"href":"https:\/\/everydaychemshop.com\/da\/wp-json\/wp\/v2\/product"}],"about":[{"href":"https:\/\/everydaychemshop.com\/da\/wp-json\/wp\/v2\/types\/product"}],"replies":[{"embeddable":true,"href":"https:\/\/everydaychemshop.com\/da\/wp-json\/wp\/v2\/comments?post=8033"}],"wp:featuredmedia":[{"embeddable":true,"href":"https:\/\/everydaychemshop.com\/da\/wp-json\/wp\/v2\/media\/8039"}],"wp:attachment":[{"href":"https:\/\/everydaychemshop.com\/da\/wp-json\/wp\/v2\/media?parent=8033"}],"wp:term":[{"taxonomy":"product_brand","embeddable":true,"href":"https:\/\/everydaychemshop.com\/da\/wp-json\/wp\/v2\/product_brand?post=8033"},{"taxonomy":"product_cat","embeddable":true,"href":"https:\/\/everydaychemshop.com\/da\/wp-json\/wp\/v2\/product_cat?post=8033"},{"taxonomy":"product_tag","embeddable":true,"href":"https:\/\/everydaychemshop.com\/da\/wp-json\/wp\/v2\/product_tag?post=8033"}],"curies":[{"name":"wp","href":"https:\/\/api.w.org\/{rel}","templated":true}]}}