{"id":8040,"date":"2022-11-18T20:58:01","date_gmt":"2022-11-18T20:58:01","guid":{"rendered":"https:\/\/everydaychemshop.com\/da\/?post_type=product&#038;p=8040"},"modified":"2023-04-08T06:01:36","modified_gmt":"2023-04-08T06:01:36","slug":"3-mmc-pulver","status":"publish","type":"product","link":"https:\/\/everydaychemshop.com\/da\/product\/3-mmc-pulver\/","title":{"rendered":"3-MMC pulver"},"content":{"rendered":"<h1>K\u00f8b 3-MMC Powder online<\/h1>\n<p><a href=\"https:\/\/everydaychemshop.com\/da\/product\/3-mmc-pulver\/\">K\u00f8b 3-MMC Powder online<\/a>. 3-Methylmethcathinon\u00a0(ogs\u00e5 kendt som\u00a03-MMC\u00a0eller\u00a0metaphedron<sup id=\"cite_ref-1\" class=\"reference\"> a href=&#8221;https:\/\/psychonautwiki.org\/wiki\/3-MMC#cite_note-1&#8243;&gt;[1]<\/sup>) er en roman\u00a0stimulant\u2013entactogen\u00a0substans af\u00a0cathinone\u00a0klasse. Det er en strukturel analog til\u00a0mephedrone\u00a0(4-MMC). Virkningsmekanismen er ikke fuldt ud unders\u00f8gt, men\u00a0dopamin\u00a0og\u00a0serotonin\u00a0frigivelsesaktivitet menes at v\u00e6re involveret.<\/p>\n<p>3-MMC dukkede f\u00f8rst op p\u00e5 online\u00a0research chemical marked kort efter forbuddet mod den enormt popul\u00e6re mephedron. Det er en af \u200b\u200bmange kathinonanaloger, der blev udgivet i 2010&#8217;erne. Det er et fremtr\u00e6dende eksempel p\u00e5 en nutidig <a href=\"https:\/\/en.wikipedia.org\/wiki\/3-Methylmethcathinone\">designer<\/a> drug\u00a0specifikt valgt til at efterligne og\/eller erstatte de funktionelle og strukturelle tr\u00e6k ved dets nyligt kontrollerede forg\u00e6ngere.<\/p>\n<h2 class=\"substance__SectionHeader-sc-1qwbq7-3 Rbohd\">Dosis<\/h2>\n<p class=\"substance__DosageLegalText-sc-1qwbq7-4 hELxEm\">Denne doseringsinformation er indsamlet fra brugere og ressourcer kun til undervisningsform\u00e5l. Det er ikke en anbefaling og b\u00f8r verificeres med andre kilder for n\u00f8jagtighed.<\/p>\n<div class=\"substance__RoaTypeContainer-sc-1qwbq7-5 bRKGOf\">\n<h3 class=\"substance__RoaType-sc-1qwbq7-6 dyPHgN\">Oral<\/h3>\n<p class=\"substance__DosageAmountInfo-sc-1qwbq7-7 hpIFBj\">Lys: 25-75mg<\/p>\n<p class=\"substance__DosageAmountInfo-sc-1qwbq7-7 hpIFBj\">Almindelig: 75-150mg<\/p>\n<p>p&gt;<\/p>\n<p class=\"substance__DosageAmountInfo-sc-1qwbq7-7 hpIFBj\">St\u00e6rk: 150-300mg<\/p>\n<\/div>\n<h3 class=\"product_title entry-title\"><b><strong>K\u00f8b 3- MMC<\/strong><\/b><\/h3>\n<p><b><strong>3-MMC, eller 3-Methylmethcathinone<\/strong><\/b>, er et molekyle af den substituerede cathinon-klasse. Cathinoner er en underkategori af amfetaminer, der deler den centrale amfetaminstruktur af en phenylring bundet til en aminogruppe (NH2) gennem en ethylk\u00e6de og en yderligere methylsubstitution ved Ra. K\u00f8b 3MMC i USA UK Europa<\/p>\n<p>3-MMC og andre kathinoner er differentierede ved deres ketonsubstitution p\u00e5 beta-carbonet i amfetaminskelettet, hvilket betyder, at de er \u03b2-keto-amfetaminer. 3-MMC har to methylsubstitutioner p\u00e5 dets cathinonskelet, en ved R3 i phenylringen og en anden ved nitrogengruppen RN. 3-MMC er analog med mephedron; det er identisk i struktur forventer for placering af methylgruppen ved R3 i stedet for R4.<\/p>\n<p>Dette produkt s\u00e6lges kun til forskningsform\u00e5l og m\u00e5 ikke bruges til andre form\u00e5l, herunder, men ikke begr\u00e6nset til, in vivo diagnostiske form\u00e5l, i f\u00f8devarer , i l\u00e6gemidler, i medicinsk udstyr og\/eller kosmetik til mennesker og\/eller dyr.<\/p>\n<p>F\u00f8r du bestiller, skal du s\u00f8rge for, at du er ordentligt udstyret til forskningskemikalier, og at dit arbejdsomr\u00e5de er godt ventileret .<\/p>\n<p>Du skal v\u00e6re 18 \u00e5r eller derover for at bestille dette produkt.<\/p>\n<p>Det er dit ansvar at kende og overholde lovene i dit land\/amt\/region\/stat\/by . Vi p\u00e5tager os intet ansvar for handlinger eller konsekvenser, der er et resultat af din beslutning om at bestille. K\u00f8b 3MMC i USA UK Europa<\/p>\n<p>Ikke til konsum kun til kemisk forskning<\/p>\n<p>OPBEVAR ALLE FORSKNINGSKEMIKALIER UTILG\u00c6NGELIGT FOR B\u00d8RN.<\/p>\n<div class=\"product-next-previous\">\n<div class=\"product-prev\">\n<p>P\u00e5 grund af manglen p\u00e5 forskning vedr\u00f8rende stoffet, er al diskussion vedr\u00f8rende dets farmakologi rent spekulation baseret p\u00e5 dets struktur og subjektive virkningsligheder med andre\u00a0<span data-preserver-spaces=\"true\">entactogens<\/span>\u00a0og\u00a0<span data-preserver-spaces=\"true\">stimulanter<\/span><span data-preserver-spaces=\"true\">\u00a0s\u00e5som\u00a0<\/span><span data-preserver-spaces=\"true\">mephedrone<\/span>,\u00a0amfetamin<span data-preserver-spaces=\"true\"> og\u00a0<\/span><span data-preserver-spaces=\"true\">2-FMA<\/span><span data-preserver=\"\">. K\u00f8b 3mmc til salg online<\/span><\/p>\n<p><span data-preserver-spaces=\"true\">3-MMC fungerer h\u00f8jst sandsynligt b\u00e5de som\u00a0<\/span><span data-preserver-spaces=\"true\">dopamin<\/span>\u00a0og\u00a0<span data-preserver-spaces=\"true\">noradrenalin<\/span><span data-preserver-spaces=\"true\">\u00a0<\/span><span data-preserver-spaces=\"true\">releasing agent<\/span><span data-preserver-spaces=\"sand\">. Det betyder, at det kan v\u00e6re effektivt boost\u00a0<\/span><span data-preserver-spaces=\" true\">monoamin<\/span><span data-preserver-spaces=\"true\">\u00a0<\/span><span data-preserver-spaces=\"true\">neurotransmittere&#8217;<\/span><span data-preserver-spaces=\"true\">\u00a0<\/span><span data-preserver-spaces=\"true\">norepinephrin<\/span><span data-preserver-spaces=\"true\">\u00a0og\u00a0<\/span><span data-preserver-spaces=\"true\">dopam<\/span><span data-preserver-spaces=\"true\">i<\/span><span data-preserver-spaces=\"true\">n<\/span><span data-preserver-spaces=\"true\">\u00a0niveauer i hjernen ved at binde til og delvis blokering af transportproteinerne, der generelt fjerner dem fra den synaptiske kl\u00f8ft. Dette tillader dopamin og noradrenalin at akkumulere i hjernen, hvilket resulterer i\u00a0<\/span><span data-preserver-spaces=\"true\">stimulerende<\/span><span data-preserver-spaces=\"true\">\u00a0og\u00a0<\/span><span data-preserver-spaces=\"true\">euforisk<\/span>\u00a0effekter.<\/p>\n<div class=\"wWOJcd\" role=\"button\" aria-labelledby=\"exacc_oa3hYZO8HM-mptQPhria8A81\">\n<div id=\"exacc_oa3hYZO8HM-mptQPhria8A81\" class=\"iDjcJe IX9Lgd wwB5gf\">Hvad er Metaphedrone?<\/div>\n<div class=\"YsGUOb\"><\/div>\n<div class=\"r21Kzd\" data-hveid=\"CAwQAQ\" data-ved=\"2ahUKEwjTkJSd3bH1AhVPkBAv4kEHQ5\"><\/div>\n<\/div>\n<div id=\"exacc_oa3hYZO8HM-mptQPhria8A82\" class=\"MBtdbb\" data-ved=\"2ahUKEwjTkJSd3bH1AhVPk4kEHQacBv4Q7NUEegQIDBAD\">\n<div>\n<p>3divHY 8 HM-mptQPhria8A818&#8243; class=&#8221;t0bRye r2fjmd&#8221; data-hveid=&#8221;CAwQBA&#8221; data-ved=&#8221;2ahUKEwjTkJSd3bH1AhVPk4kEHQacBv4Qu04oAHoECAwQBA&#8221;&gt;<\/p>\n<div>\n<p>&lt;div id=&#8221;WEB_1_ANSWERS__6RES-QHMcDivc class=&#8221;WEB_1_03Divv class=&#8221;WEB_1_0200000000000000&#8243;<\/p>\n<div class=\"LGOjhe\" role=\"heading\" data-attrid=\"wa:\/description\" data-hveid=\"CAgQAA\"><span class=\"ILfuVd\"><span class=\"hgKElc\">3-Methylmethcathinone ( 3-MMC eller metaphedron) er\u00a0<b>en syntetisk cathinon<\/b>, der for nylig blev introduceret p\u00e5 markedet af de nye psykoaktive stoffer (NPS), oprindeligt for at erstatte mephedron (4-methylmethcathinon eller 4-MMC), og hurtigt udbredt blandt stofbrugere.<\/span><\/span><\/div>\n<div role=\"heading\" data-attrid=\"wa:\/description\" data-hveid=\"CAgQAA\">\n<h2><strong>Hvad er virkningerne af 3-MMC?<\/strong><\/h2>\n<p><span data-preserver-spaces=\"true\">3-MMC p\u00e5virker mennesker forskelligt baseret p\u00e5 en r\u00e6kke faktorer som dosering, alder, helbred og om andre stoffer blev taget samtidigt. K\u00f8b 3mmc til salg online, K\u00f8b 3MMC i USA UK Europa<\/span><\/p>\n<p><span data-preserver-spaces=\"true\">Det er et stimulans, der p\u00e5virker fysiske energiniveauer, og derfor er det ofte bruges til festivaler og raves. Nogle effekter kan omfatte:<\/span><\/p>\n<ul>\n<li><span data-preserver-spaces=\"true\">Energetisk og ekstrem stimulation<\/span><\/li>\n<li>Euforiske fornemmelser, herunder fysiske kropslige fornemmelser<\/li>\n<li><span data-preserver-spaces=\"true\">F\u00f8lsom over for ber\u00f8ring<\/span><\/li>\n<li><span data-preserver-spaces=\"true\">\u00d8get hengivenhed, empati<\/span><\/li>\n<li><span data-preserver-spaces=\"true\">\u00d8get musikp\u00e5sk\u00f8nnelse<\/span><\/li>\n<li><span data-preserver-spaces=\"true\">Forvr\u00e6nget tidsfornemmelse<\/span><\/li>\n<li><span data-preserver-spaces=\"true\">Delirium og forvirring<\/span><\/li>\n<li><span data-preserver-spaces=\"true\">\u00d8get puls<\/span><\/li>\n<li><span data-preserver-spaces=\"true\">Indvirkning p\u00e5 synet, inklusive farveforbedring eller sl\u00f8ret syn<\/span><\/li>\n<li><span data-preserver-spaces=\"true\">Kvalme<\/span><\/li>\n<li>Hovedpine<\/li>\n<li><span data-preserver-spaces=\"true\">Muskelsp\u00e6ndinger, is\u00e6r ansigt og k\u00e6be<\/span><\/li>\n<li><span data-preserver-spaces=\"true\">\u00d8get sved<\/span><\/li>\n<li><span data-preserver-spaces=\"true\">Dehydrering<\/span><\/li>\n<li>H\u00f8jt blodtryk<\/li>\n<li><span data-preserver-spaces=\"true\">Mundt\u00f8rhed<\/span><\/li>\n<li><span data-preserver-spaces=\"true\">\u00c5nden\u00f8d<\/span><\/li>\n<li><span data-preserver-spaces=\"true\">Sk\u00e6lven, anfald<\/span><\/li>\n<\/ul>\n<p><span data-preserver-spaces=\"true\">Comedown-effekterne efter at have taget 3-MMC ligner andre stimulanser. De kan omfatte angst, depression, irritabilitet, manglende motivation og s\u00f8vnbesv\u00e6r. K\u00f8b 3mmc til salg online<\/span><\/p>\n<h2><strong><span data-preserver-spaces=\"true\">Hvad er risikoen ved at tage 3-MMC?<\/span><\/strong><\/h2>\n<p><span data-preserver-spaces=\"true\">3-MMC har en st\u00e6rk gentagelsestvang, hvilket betyder intense trang til at bruge igen og binge. Dette \u00f8ger risikoen for overdosis, hjerteanfald, slagtilf\u00e6lde, organsvigt og anfald.<\/span><\/p>\n<p><span data-preserver-spaces=\"true\">Hvis du tror, \u200b\u200bat nogen lider af en overdosis. , ring straks 111 for at f\u00e5 en ambulance. St John&#8217;s har flere nyttige oplysninger om h\u00e5ndtering af en overdosis i deres\u00a0<\/span><span data-preserver-spaces=\"true\">f\u00f8rstehj\u00e6lpsvejledning<\/span><span data-preserver=\"\">.<\/span><\/p>\n<p><span data-preserver-spaces=\"true\">Det er muligt at blive afh\u00e6ngig af 3-MMC, og der har v\u00e6ret rapporter om en solid psykologisk afh\u00e6ngighed blandt nogle brugere. Tolerance er blevet rapporteret ved langvarig og gentagen brug, hvilket f\u00f8rer til, at nogle tager stigende m\u00e6ngder for at opn\u00e5 de samme virkninger. 3-MMC pr\u00e6senterer krydstolerance med alle dopaminerge stimulanser, hvilket betyder, at efter indtagelse af 3-MMC vil alle stimuli have en reduceret effekt. K\u00f8b 3mmc til salg online<\/span><\/p>\n<p><span data-preserver-spaces=\"true\">Regelm\u00e6ssig brug af 3-MMC kan have langsigtede virkninger p\u00e5 dit helbred, herunder:<\/span><\/p>\n<ul>\n<li><span data-preserver-spaces=\"true\">S\u00f8vnbesv\u00e6r<\/span><\/li>\n<li><span data-preserver-spaces=\"true\">Muskelspasmer<\/span><\/li>\n<li><span data-preserver-spaces=\"true\">Hallucinationer (visuelle og auditive)<\/span><\/li>\n<\/ul>\n<p><span data-preserver-spaces=\"true\">Kombinering af 3-MMC med visse stoffer s\u00e5som alkohol eller stimulanser \u00f8ger risikoen. At tage det sammen med serotoninfrig\u00f8rende midler som MDMA eller antidepressiva kan for\u00e5rsage\u00a0<\/span><span data-preserver-spaces=\"true\">farligt h\u00f8je serotoninniveauer<\/span><span data-preserver-spaces=\"true\">. <\/span><\/p>\n<p>Metaphedron til salg online, hvor kan man k\u00f8be Metaphedron online, Metaphedron-forskningskemikalie til salg, Metaphedron-l\u00e6gemidler til salg, k\u00f8b Metaphedron online, Metaphedron k\u00f8b Storbritannien, Metaphedron til salg USA, Metaphedron til salg i Europa, k\u00f8b 3MMC i USA UK Europa<\/p>\n<\/div>\n<\/div>\n<\/div>\n<\/div>\n<\/div>\n<\/div>\n","protected":false},"excerpt":{"rendered":"<p><span data-preserver-spaces=\"true\">K\u00f8b 3-MMC online. 3-Methylmethcathinone (3-MMC) er tilg\u00e6ngelig til salg i Storbritannien, USA, Europa (EU). Det ligner 4-MMC, Mephedrone, som h\u00f8rer til kategorien kathinon. K\u00f8b det fra Fairpricemedical.com med h\u00f8j kvalitet.<\/span><\/p>\n<p><span data-preserver-spaces=\"true\">K\u00f8b 3-MMC Crystal i komfort i dit hjem eller kontor, og vi vil f\u00e5 det leveret og leveret til din adresse.<\/span><\/p>\n","protected":false},"featured_media":8047,"comment_status":"open","ping_status":"closed","template":"","meta":{"inline_featured_image":false},"product_brand":[],"product_cat":[264],"product_tag":[],"class_list":{"0":"post-8040","1":"product","2":"type-product","3":"status-publish","4":"has-post-thumbnail","6":"product_cat-forskningskemisk","8":"first","9":"instock","10":"shipping-taxable","11":"purchasable","12":"product-type-variable","13":"has-default-attributes"},"yoast_head":"<!-- This site is optimized with the Yoast SEO Premium plugin v19.2 (Yoast SEO v27.3) - https:\/\/yoast.com\/product\/yoast-seo-premium-wordpress\/ -->\n<title>K\u00f8b 3-MMC Powder online - Everyday Chem Shop<\/title>\n<meta name=\"description\" content=\"K\u00f8b 3-MMC Powder online. Vi s\u00e6lger bedste kvalitet 3-MMC Powder online. Send venligst kontakt os for mere information og priser.\" \/>\n<meta name=\"robots\" content=\"index, follow, max-snippet:-1, max-image-preview:large, max-video-preview:-1\" \/>\n<link rel=\"canonical\" href=\"https:\/\/everydaychemshop.com\/da\/product\/3-mmc-pulver\/\" \/>\n<meta property=\"og:locale\" content=\"en_US\" \/>\n<meta property=\"og:type\" content=\"article\" \/>\n<meta property=\"og:title\" content=\"3-MMC pulver\" \/>\n<meta property=\"og:description\" content=\"K\u00f8b 3-MMC Powder online. Vi s\u00e6lger bedste kvalitet 3-MMC Powder online. Send venligst kontakt os for mere information og priser.\" \/>\n<meta property=\"og:url\" content=\"https:\/\/everydaychemshop.com\/da\/product\/3-mmc-pulver\/\" \/>\n<meta property=\"og:site_name\" content=\"Everyday Chem Shop\" \/>\n<meta property=\"article:modified_time\" content=\"2023-04-08T06:01:36+00:00\" \/>\n<meta property=\"og:image\" content=\"https:\/\/everydaychemshop.com\/da\/wp-content\/uploads\/sites\/2\/2022\/11\/Buy-3-MMC.jpg\" \/>\n\t<meta property=\"og:image:width\" content=\"469\" \/>\n\t<meta property=\"og:image:height\" content=\"534\" \/>\n\t<meta property=\"og:image:type\" content=\"image\/jpeg\" \/>\n<meta name=\"twitter:card\" content=\"summary_large_image\" \/>\n<meta name=\"twitter:label1\" content=\"Est. reading time\" \/>\n\t<meta name=\"twitter:data1\" content=\"4 minutes\" \/>\n<script type=\"application\/ld+json\" class=\"yoast-schema-graph\">{\"@context\":\"https:\\\/\\\/schema.org\",\"@graph\":[{\"@type\":\"WebPage\",\"@id\":\"https:\\\/\\\/everydaychemshop.com\\\/da\\\/product\\\/3-mmc-pulver\\\/\",\"url\":\"https:\\\/\\\/everydaychemshop.com\\\/da\\\/product\\\/3-mmc-pulver\\\/\",\"name\":\"K\u00f8b 3-MMC Powder online - Everyday Chem Shop\",\"isPartOf\":{\"@id\":\"https:\\\/\\\/everydaychemshop.com\\\/da\\\/#website\"},\"primaryImageOfPage\":{\"@id\":\"https:\\\/\\\/everydaychemshop.com\\\/da\\\/product\\\/3-mmc-pulver\\\/#primaryimage\"},\"image\":{\"@id\":\"https:\\\/\\\/everydaychemshop.com\\\/da\\\/product\\\/3-mmc-pulver\\\/#primaryimage\"},\"thumbnailUrl\":\"https:\\\/\\\/everydaychemshop.com\\\/da\\\/wp-content\\\/uploads\\\/sites\\\/2\\\/2022\\\/11\\\/Buy-3-MMC.jpg\",\"datePublished\":\"2022-11-18T20:58:01+00:00\",\"dateModified\":\"2023-04-08T06:01:36+00:00\",\"description\":\"K\u00f8b 3-MMC Powder online. Vi s\u00e6lger bedste kvalitet 3-MMC Powder online. Send venligst kontakt os for mere information og priser.\",\"breadcrumb\":{\"@id\":\"https:\\\/\\\/everydaychemshop.com\\\/da\\\/product\\\/3-mmc-pulver\\\/#breadcrumb\"},\"inLanguage\":\"en-US\",\"potentialAction\":[{\"@type\":\"ReadAction\",\"target\":[\"https:\\\/\\\/everydaychemshop.com\\\/da\\\/product\\\/3-mmc-pulver\\\/\"]}]},{\"@type\":\"ImageObject\",\"inLanguage\":\"en-US\",\"@id\":\"https:\\\/\\\/everydaychemshop.com\\\/da\\\/product\\\/3-mmc-pulver\\\/#primaryimage\",\"url\":\"https:\\\/\\\/everydaychemshop.com\\\/da\\\/wp-content\\\/uploads\\\/sites\\\/2\\\/2022\\\/11\\\/Buy-3-MMC.jpg\",\"contentUrl\":\"https:\\\/\\\/everydaychemshop.com\\\/da\\\/wp-content\\\/uploads\\\/sites\\\/2\\\/2022\\\/11\\\/Buy-3-MMC.jpg\",\"width\":469,\"height\":534,\"caption\":\"K\u00f8b 3-MMC Powder online\"},{\"@type\":\"BreadcrumbList\",\"@id\":\"https:\\\/\\\/everydaychemshop.com\\\/da\\\/product\\\/3-mmc-pulver\\\/#breadcrumb\",\"itemListElement\":[{\"@type\":\"ListItem\",\"position\":1,\"name\":\"Home\",\"item\":\"https:\\\/\\\/everydaychemshop.com\\\/da\\\/\"},{\"@type\":\"ListItem\",\"position\":2,\"name\":\"Produkter\",\"item\":\"https:\\\/\\\/everydaychemshop.com\\\/da\\\/produkter\\\/\"},{\"@type\":\"ListItem\",\"position\":3,\"name\":\"3-MMC pulver\"}]},{\"@type\":\"WebSite\",\"@id\":\"https:\\\/\\\/everydaychemshop.com\\\/da\\\/#website\",\"url\":\"https:\\\/\\\/everydaychemshop.com\\\/da\\\/\",\"name\":\"Everyday Chem Shop\",\"description\":\"\",\"potentialAction\":[{\"@type\":\"SearchAction\",\"target\":{\"@type\":\"EntryPoint\",\"urlTemplate\":\"https:\\\/\\\/everydaychemshop.com\\\/da\\\/?s={search_term_string}\"},\"query-input\":{\"@type\":\"PropertyValueSpecification\",\"valueRequired\":true,\"valueName\":\"search_term_string\"}}],\"inLanguage\":\"en-US\"}]}<\/script>\n<!-- \/ Yoast SEO Premium plugin. -->","yoast_head_json":{"title":"K\u00f8b 3-MMC Powder online - Everyday Chem Shop","description":"K\u00f8b 3-MMC Powder online. Vi s\u00e6lger bedste kvalitet 3-MMC Powder online. Send venligst kontakt os for mere information og priser.","robots":{"index":"index","follow":"follow","max-snippet":"max-snippet:-1","max-image-preview":"max-image-preview:large","max-video-preview":"max-video-preview:-1"},"canonical":"https:\/\/everydaychemshop.com\/da\/product\/3-mmc-pulver\/","og_locale":"en_US","og_type":"article","og_title":"3-MMC pulver","og_description":"K\u00f8b 3-MMC Powder online. Vi s\u00e6lger bedste kvalitet 3-MMC Powder online. Send venligst kontakt os for mere information og priser.","og_url":"https:\/\/everydaychemshop.com\/da\/product\/3-mmc-pulver\/","og_site_name":"Everyday Chem Shop","article_modified_time":"2023-04-08T06:01:36+00:00","og_image":[{"width":469,"height":534,"url":"https:\/\/everydaychemshop.com\/da\/wp-content\/uploads\/sites\/2\/2022\/11\/Buy-3-MMC.jpg","type":"image\/jpeg"}],"twitter_card":"summary_large_image","twitter_misc":{"Est. reading time":"4 minutes"},"schema":{"@context":"https:\/\/schema.org","@graph":[{"@type":"WebPage","@id":"https:\/\/everydaychemshop.com\/da\/product\/3-mmc-pulver\/","url":"https:\/\/everydaychemshop.com\/da\/product\/3-mmc-pulver\/","name":"K\u00f8b 3-MMC Powder online - Everyday Chem Shop","isPartOf":{"@id":"https:\/\/everydaychemshop.com\/da\/#website"},"primaryImageOfPage":{"@id":"https:\/\/everydaychemshop.com\/da\/product\/3-mmc-pulver\/#primaryimage"},"image":{"@id":"https:\/\/everydaychemshop.com\/da\/product\/3-mmc-pulver\/#primaryimage"},"thumbnailUrl":"https:\/\/everydaychemshop.com\/da\/wp-content\/uploads\/sites\/2\/2022\/11\/Buy-3-MMC.jpg","datePublished":"2022-11-18T20:58:01+00:00","dateModified":"2023-04-08T06:01:36+00:00","description":"K\u00f8b 3-MMC Powder online. Vi s\u00e6lger bedste kvalitet 3-MMC Powder online. Send venligst kontakt os for mere information og priser.","breadcrumb":{"@id":"https:\/\/everydaychemshop.com\/da\/product\/3-mmc-pulver\/#breadcrumb"},"inLanguage":"en-US","potentialAction":[{"@type":"ReadAction","target":["https:\/\/everydaychemshop.com\/da\/product\/3-mmc-pulver\/"]}]},{"@type":"ImageObject","inLanguage":"en-US","@id":"https:\/\/everydaychemshop.com\/da\/product\/3-mmc-pulver\/#primaryimage","url":"https:\/\/everydaychemshop.com\/da\/wp-content\/uploads\/sites\/2\/2022\/11\/Buy-3-MMC.jpg","contentUrl":"https:\/\/everydaychemshop.com\/da\/wp-content\/uploads\/sites\/2\/2022\/11\/Buy-3-MMC.jpg","width":469,"height":534,"caption":"K\u00f8b 3-MMC Powder online"},{"@type":"BreadcrumbList","@id":"https:\/\/everydaychemshop.com\/da\/product\/3-mmc-pulver\/#breadcrumb","itemListElement":[{"@type":"ListItem","position":1,"name":"Home","item":"https:\/\/everydaychemshop.com\/da\/"},{"@type":"ListItem","position":2,"name":"Produkter","item":"https:\/\/everydaychemshop.com\/da\/produkter\/"},{"@type":"ListItem","position":3,"name":"3-MMC pulver"}]},{"@type":"WebSite","@id":"https:\/\/everydaychemshop.com\/da\/#website","url":"https:\/\/everydaychemshop.com\/da\/","name":"Everyday Chem Shop","description":"","potentialAction":[{"@type":"SearchAction","target":{"@type":"EntryPoint","urlTemplate":"https:\/\/everydaychemshop.com\/da\/?s={search_term_string}"},"query-input":{"@type":"PropertyValueSpecification","valueRequired":true,"valueName":"search_term_string"}}],"inLanguage":"en-US"}]}},"_links":{"self":[{"href":"https:\/\/everydaychemshop.com\/da\/wp-json\/wp\/v2\/product\/8040","targetHints":{"allow":["GET"]}}],"collection":[{"href":"https:\/\/everydaychemshop.com\/da\/wp-json\/wp\/v2\/product"}],"about":[{"href":"https:\/\/everydaychemshop.com\/da\/wp-json\/wp\/v2\/types\/product"}],"replies":[{"embeddable":true,"href":"https:\/\/everydaychemshop.com\/da\/wp-json\/wp\/v2\/comments?post=8040"}],"wp:featuredmedia":[{"embeddable":true,"href":"https:\/\/everydaychemshop.com\/da\/wp-json\/wp\/v2\/media\/8047"}],"wp:attachment":[{"href":"https:\/\/everydaychemshop.com\/da\/wp-json\/wp\/v2\/media?parent=8040"}],"wp:term":[{"taxonomy":"product_brand","embeddable":true,"href":"https:\/\/everydaychemshop.com\/da\/wp-json\/wp\/v2\/product_brand?post=8040"},{"taxonomy":"product_cat","embeddable":true,"href":"https:\/\/everydaychemshop.com\/da\/wp-json\/wp\/v2\/product_cat?post=8040"},{"taxonomy":"product_tag","embeddable":true,"href":"https:\/\/everydaychemshop.com\/da\/wp-json\/wp\/v2\/product_tag?post=8040"}],"curies":[{"name":"wp","href":"https:\/\/api.w.org\/{rel}","templated":true}]}}