{"id":8048,"date":"2022-11-18T21:04:53","date_gmt":"2022-11-18T21:04:53","guid":{"rendered":"https:\/\/everydaychemshop.com\/da\/?post_type=product&#038;p=8048"},"modified":"2023-04-08T05:59:08","modified_gmt":"2023-04-08T05:59:08","slug":"3-mmc-hcl-3-methylmethcathinon-hydrochlorid","status":"publish","type":"product","link":"https:\/\/everydaychemshop.com\/da\/product\/3-mmc-hcl-3-methylmethcathinon-hydrochlorid\/","title":{"rendered":"3-MMC HCl (3-methylmethcathinonhydrochlorid)"},"content":{"rendered":"<h1>K\u00f8b 3-MMC HCl online<\/h1>\n<p><a href=\"https:\/\/everydaychemshop.com\/da\/product\/3-mmc-hcl-3-methylmethcathinon-hydrochlorid\/\">K\u00f8b 3-MMC HCl online<\/a>. 3-MMC st\u00e5r for 3-Methylmethcathinone. 3-MMC har vist sig at have st\u00e6rke stimulerende resultater under mange eksperimenter. St\u00e6rke energiniveauer, eufori, taktil forbedring, udholdenhedsforbedring og desinhibering er andre resultater, der almindeligvis forbindes med dette forskningskemikalie. 3-MMC er kendt for at v\u00e6re meget potent, s\u00e5 mindre m\u00e6ngder anbefales til uerfarne kemiske forskere. 3-MMC falder ind under Cathinone klassen af \u200b\u200bforskningskemikalier. 3-MMC omtales ogs\u00e5 almindeligvis som &#8220;4-MMC&#8217;s lilles\u00f8ster&#8221; p\u00e5 grund af lighederne mellem de to kemikalier.<\/p>\n<p>Som med mange lignende cathinoner som MDPV, a-PVP og a-PHP, 3 -MMC er et kraftigt entaktogent stof, der virker som en dopamingenoptagelsesh\u00e6mmer. Agonismen af \u200b\u200bdette s\u00e6t af receptorer f\u00f8rer til en \u00f8get affyringshastighed af postsynaptiske neuroner. Dette superstof kan testes med minimalt udstyr, hvilket g\u00f8r det til et must-have-middel <a href=\"https:\/\/en.wikipedia.org\/wiki\/3-Methylmethcathinone\">for<\/a> enhver forsker. Uanset om 3-MMC er det f\u00f8rste forskningskemikalie i dit laboratorium eller dit seneste teststof, vil 3-MMC give dig de resultater, du fortjener.<\/p>\n<h3><b>Hvor kan man k\u00f8be 3-MMC?<\/b><\/h3>\n<p>Her i\u00a0<span data-contrast=\"none\">vores kemikaliebutik<\/span> har vi 3-MMC af h\u00f8j kvalitet til salg i krystal-, pellet- og pulverform. S\u00e5 du har flere muligheder, hvis du gerne vil tilf\u00f8je dette kemikalie til din fors\u00f8gsliste.<\/p>\n<p>Den 3-MMC, som vi s\u00e6lger, er aldrig beregnet til menneskelig brug. Den er kun designet til eksperimentel brug. For at k\u00f8be 3-MMC fra Chemical Planet skal du v\u00e6re mindst 18 \u00e5r gammel og i fuld juridisk overensstemmelse med alle love i dit land relateret til kemikalier.<\/p>\n<h3><b>3-MMC juridisk status <\/b><\/h3>\n<p>3-MMC er ulovligt i \u00d8strig, Brasilien, Kina, Tjekkiet og Tyskland. I Storbritannien er 3-MMC et klasse B-stof. Der er dog mange nationer, hvor dette stof ikke er kontrolleret eller forbudt.<\/p>\n","protected":false},"excerpt":{"rendered":"<div class=\"woocommerce-product-details__short-description\">\n<p class=\"value sinle-short-description\">Hvad er 3-MMC? 3-MMC st\u00e5r for 3-Methylmethcathinone. 3-MMC har vist sig at have st\u00e6rke stimulerende resultater under mange eksperimenter.<\/p>\n<\/div>\n<div class=\"quantity\"><\/div>\n","protected":false},"featured_media":8051,"comment_status":"open","ping_status":"closed","template":"","meta":{"inline_featured_image":false},"product_brand":[],"product_cat":[264],"product_tag":[],"class_list":{"0":"post-8048","1":"product","2":"type-product","3":"status-publish","4":"has-post-thumbnail","6":"product_cat-forskningskemisk","8":"first","9":"instock","10":"shipping-taxable","11":"purchasable","12":"product-type-variable"},"yoast_head":"<!-- This site is optimized with the Yoast SEO Premium plugin v19.2 (Yoast SEO v27.3) - https:\/\/yoast.com\/product\/yoast-seo-premium-wordpress\/ -->\n<title>K\u00f8b 3-MMC HCl online - Everyday Chem Shop<\/title>\n<meta name=\"description\" content=\"K\u00f8b 3-MMC HCl online. Vi s\u00e6lger den bedste kvalitet 3-MMC HCl online. Kontakt venligst for mere information og priser.\" \/>\n<meta name=\"robots\" content=\"index, follow, max-snippet:-1, max-image-preview:large, max-video-preview:-1\" \/>\n<link rel=\"canonical\" href=\"https:\/\/everydaychemshop.com\/da\/product\/3-mmc-hcl-3-methylmethcathinon-hydrochlorid\/\" \/>\n<meta property=\"og:locale\" content=\"en_US\" \/>\n<meta property=\"og:type\" content=\"article\" \/>\n<meta property=\"og:title\" content=\"3-MMC HCl (3-methylmethcathinonhydrochlorid)\" \/>\n<meta property=\"og:description\" content=\"K\u00f8b 3-MMC HCl online. Vi s\u00e6lger den bedste kvalitet 3-MMC HCl online. Kontakt venligst for mere information og priser.\" \/>\n<meta property=\"og:url\" content=\"https:\/\/everydaychemshop.com\/da\/product\/3-mmc-hcl-3-methylmethcathinon-hydrochlorid\/\" \/>\n<meta property=\"og:site_name\" content=\"Everyday Chem Shop\" \/>\n<meta property=\"article:modified_time\" content=\"2023-04-08T05:59:08+00:00\" \/>\n<meta property=\"og:image\" content=\"https:\/\/everydaychemshop.com\/da\/wp-content\/uploads\/sites\/2\/2022\/11\/3-mmc.jpg\" \/>\n\t<meta property=\"og:image:width\" content=\"500\" \/>\n\t<meta property=\"og:image:height\" content=\"500\" \/>\n\t<meta property=\"og:image:type\" content=\"image\/jpeg\" \/>\n<meta name=\"twitter:card\" content=\"summary_large_image\" \/>\n<meta name=\"twitter:label1\" content=\"Est. reading time\" \/>\n\t<meta name=\"twitter:data1\" content=\"2 minutes\" \/>\n<script type=\"application\/ld+json\" class=\"yoast-schema-graph\">{\"@context\":\"https:\\\/\\\/schema.org\",\"@graph\":[{\"@type\":\"WebPage\",\"@id\":\"https:\\\/\\\/everydaychemshop.com\\\/da\\\/product\\\/3-mmc-hcl-3-methylmethcathinon-hydrochlorid\\\/\",\"url\":\"https:\\\/\\\/everydaychemshop.com\\\/da\\\/product\\\/3-mmc-hcl-3-methylmethcathinon-hydrochlorid\\\/\",\"name\":\"K\u00f8b 3-MMC HCl online - Everyday Chem Shop\",\"isPartOf\":{\"@id\":\"https:\\\/\\\/everydaychemshop.com\\\/da\\\/#website\"},\"primaryImageOfPage\":{\"@id\":\"https:\\\/\\\/everydaychemshop.com\\\/da\\\/product\\\/3-mmc-hcl-3-methylmethcathinon-hydrochlorid\\\/#primaryimage\"},\"image\":{\"@id\":\"https:\\\/\\\/everydaychemshop.com\\\/da\\\/product\\\/3-mmc-hcl-3-methylmethcathinon-hydrochlorid\\\/#primaryimage\"},\"thumbnailUrl\":\"https:\\\/\\\/everydaychemshop.com\\\/da\\\/wp-content\\\/uploads\\\/sites\\\/2\\\/2022\\\/11\\\/3-mmc.jpg\",\"datePublished\":\"2022-11-18T21:04:53+00:00\",\"dateModified\":\"2023-04-08T05:59:08+00:00\",\"description\":\"K\u00f8b 3-MMC HCl online. Vi s\u00e6lger den bedste kvalitet 3-MMC HCl online. Kontakt venligst for mere information og priser.\",\"breadcrumb\":{\"@id\":\"https:\\\/\\\/everydaychemshop.com\\\/da\\\/product\\\/3-mmc-hcl-3-methylmethcathinon-hydrochlorid\\\/#breadcrumb\"},\"inLanguage\":\"en-US\",\"potentialAction\":[{\"@type\":\"ReadAction\",\"target\":[\"https:\\\/\\\/everydaychemshop.com\\\/da\\\/product\\\/3-mmc-hcl-3-methylmethcathinon-hydrochlorid\\\/\"]}]},{\"@type\":\"ImageObject\",\"inLanguage\":\"en-US\",\"@id\":\"https:\\\/\\\/everydaychemshop.com\\\/da\\\/product\\\/3-mmc-hcl-3-methylmethcathinon-hydrochlorid\\\/#primaryimage\",\"url\":\"https:\\\/\\\/everydaychemshop.com\\\/da\\\/wp-content\\\/uploads\\\/sites\\\/2\\\/2022\\\/11\\\/3-mmc.jpg\",\"contentUrl\":\"https:\\\/\\\/everydaychemshop.com\\\/da\\\/wp-content\\\/uploads\\\/sites\\\/2\\\/2022\\\/11\\\/3-mmc.jpg\",\"width\":500,\"height\":500,\"caption\":\"K\u00f8b 3-MMC HCl online\"},{\"@type\":\"BreadcrumbList\",\"@id\":\"https:\\\/\\\/everydaychemshop.com\\\/da\\\/product\\\/3-mmc-hcl-3-methylmethcathinon-hydrochlorid\\\/#breadcrumb\",\"itemListElement\":[{\"@type\":\"ListItem\",\"position\":1,\"name\":\"Home\",\"item\":\"https:\\\/\\\/everydaychemshop.com\\\/da\\\/\"},{\"@type\":\"ListItem\",\"position\":2,\"name\":\"Produkter\",\"item\":\"https:\\\/\\\/everydaychemshop.com\\\/da\\\/produkter\\\/\"},{\"@type\":\"ListItem\",\"position\":3,\"name\":\"3-MMC HCl (3-methylmethcathinonhydrochlorid)\"}]},{\"@type\":\"WebSite\",\"@id\":\"https:\\\/\\\/everydaychemshop.com\\\/da\\\/#website\",\"url\":\"https:\\\/\\\/everydaychemshop.com\\\/da\\\/\",\"name\":\"Everyday Chem Shop\",\"description\":\"\",\"potentialAction\":[{\"@type\":\"SearchAction\",\"target\":{\"@type\":\"EntryPoint\",\"urlTemplate\":\"https:\\\/\\\/everydaychemshop.com\\\/da\\\/?s={search_term_string}\"},\"query-input\":{\"@type\":\"PropertyValueSpecification\",\"valueRequired\":true,\"valueName\":\"search_term_string\"}}],\"inLanguage\":\"en-US\"}]}<\/script>\n<!-- \/ Yoast SEO Premium plugin. -->","yoast_head_json":{"title":"K\u00f8b 3-MMC HCl online - Everyday Chem Shop","description":"K\u00f8b 3-MMC HCl online. Vi s\u00e6lger den bedste kvalitet 3-MMC HCl online. Kontakt venligst for mere information og priser.","robots":{"index":"index","follow":"follow","max-snippet":"max-snippet:-1","max-image-preview":"max-image-preview:large","max-video-preview":"max-video-preview:-1"},"canonical":"https:\/\/everydaychemshop.com\/da\/product\/3-mmc-hcl-3-methylmethcathinon-hydrochlorid\/","og_locale":"en_US","og_type":"article","og_title":"3-MMC HCl (3-methylmethcathinonhydrochlorid)","og_description":"K\u00f8b 3-MMC HCl online. Vi s\u00e6lger den bedste kvalitet 3-MMC HCl online. Kontakt venligst for mere information og priser.","og_url":"https:\/\/everydaychemshop.com\/da\/product\/3-mmc-hcl-3-methylmethcathinon-hydrochlorid\/","og_site_name":"Everyday Chem Shop","article_modified_time":"2023-04-08T05:59:08+00:00","og_image":[{"width":500,"height":500,"url":"https:\/\/everydaychemshop.com\/da\/wp-content\/uploads\/sites\/2\/2022\/11\/3-mmc.jpg","type":"image\/jpeg"}],"twitter_card":"summary_large_image","twitter_misc":{"Est. reading time":"2 minutes"},"schema":{"@context":"https:\/\/schema.org","@graph":[{"@type":"WebPage","@id":"https:\/\/everydaychemshop.com\/da\/product\/3-mmc-hcl-3-methylmethcathinon-hydrochlorid\/","url":"https:\/\/everydaychemshop.com\/da\/product\/3-mmc-hcl-3-methylmethcathinon-hydrochlorid\/","name":"K\u00f8b 3-MMC HCl online - Everyday Chem Shop","isPartOf":{"@id":"https:\/\/everydaychemshop.com\/da\/#website"},"primaryImageOfPage":{"@id":"https:\/\/everydaychemshop.com\/da\/product\/3-mmc-hcl-3-methylmethcathinon-hydrochlorid\/#primaryimage"},"image":{"@id":"https:\/\/everydaychemshop.com\/da\/product\/3-mmc-hcl-3-methylmethcathinon-hydrochlorid\/#primaryimage"},"thumbnailUrl":"https:\/\/everydaychemshop.com\/da\/wp-content\/uploads\/sites\/2\/2022\/11\/3-mmc.jpg","datePublished":"2022-11-18T21:04:53+00:00","dateModified":"2023-04-08T05:59:08+00:00","description":"K\u00f8b 3-MMC HCl online. Vi s\u00e6lger den bedste kvalitet 3-MMC HCl online. Kontakt venligst for mere information og priser.","breadcrumb":{"@id":"https:\/\/everydaychemshop.com\/da\/product\/3-mmc-hcl-3-methylmethcathinon-hydrochlorid\/#breadcrumb"},"inLanguage":"en-US","potentialAction":[{"@type":"ReadAction","target":["https:\/\/everydaychemshop.com\/da\/product\/3-mmc-hcl-3-methylmethcathinon-hydrochlorid\/"]}]},{"@type":"ImageObject","inLanguage":"en-US","@id":"https:\/\/everydaychemshop.com\/da\/product\/3-mmc-hcl-3-methylmethcathinon-hydrochlorid\/#primaryimage","url":"https:\/\/everydaychemshop.com\/da\/wp-content\/uploads\/sites\/2\/2022\/11\/3-mmc.jpg","contentUrl":"https:\/\/everydaychemshop.com\/da\/wp-content\/uploads\/sites\/2\/2022\/11\/3-mmc.jpg","width":500,"height":500,"caption":"K\u00f8b 3-MMC HCl online"},{"@type":"BreadcrumbList","@id":"https:\/\/everydaychemshop.com\/da\/product\/3-mmc-hcl-3-methylmethcathinon-hydrochlorid\/#breadcrumb","itemListElement":[{"@type":"ListItem","position":1,"name":"Home","item":"https:\/\/everydaychemshop.com\/da\/"},{"@type":"ListItem","position":2,"name":"Produkter","item":"https:\/\/everydaychemshop.com\/da\/produkter\/"},{"@type":"ListItem","position":3,"name":"3-MMC HCl (3-methylmethcathinonhydrochlorid)"}]},{"@type":"WebSite","@id":"https:\/\/everydaychemshop.com\/da\/#website","url":"https:\/\/everydaychemshop.com\/da\/","name":"Everyday Chem Shop","description":"","potentialAction":[{"@type":"SearchAction","target":{"@type":"EntryPoint","urlTemplate":"https:\/\/everydaychemshop.com\/da\/?s={search_term_string}"},"query-input":{"@type":"PropertyValueSpecification","valueRequired":true,"valueName":"search_term_string"}}],"inLanguage":"en-US"}]}},"_links":{"self":[{"href":"https:\/\/everydaychemshop.com\/da\/wp-json\/wp\/v2\/product\/8048","targetHints":{"allow":["GET"]}}],"collection":[{"href":"https:\/\/everydaychemshop.com\/da\/wp-json\/wp\/v2\/product"}],"about":[{"href":"https:\/\/everydaychemshop.com\/da\/wp-json\/wp\/v2\/types\/product"}],"replies":[{"embeddable":true,"href":"https:\/\/everydaychemshop.com\/da\/wp-json\/wp\/v2\/comments?post=8048"}],"wp:featuredmedia":[{"embeddable":true,"href":"https:\/\/everydaychemshop.com\/da\/wp-json\/wp\/v2\/media\/8051"}],"wp:attachment":[{"href":"https:\/\/everydaychemshop.com\/da\/wp-json\/wp\/v2\/media?parent=8048"}],"wp:term":[{"taxonomy":"product_brand","embeddable":true,"href":"https:\/\/everydaychemshop.com\/da\/wp-json\/wp\/v2\/product_brand?post=8048"},{"taxonomy":"product_cat","embeddable":true,"href":"https:\/\/everydaychemshop.com\/da\/wp-json\/wp\/v2\/product_cat?post=8048"},{"taxonomy":"product_tag","embeddable":true,"href":"https:\/\/everydaychemshop.com\/da\/wp-json\/wp\/v2\/product_tag?post=8048"}],"curies":[{"name":"wp","href":"https:\/\/api.w.org\/{rel}","templated":true}]}}