{"id":8052,"date":"2022-11-18T21:12:25","date_gmt":"2022-11-18T21:12:25","guid":{"rendered":"https:\/\/everydaychemshop.com\/da\/?post_type=product&#038;p=8052"},"modified":"2023-04-08T05:58:02","modified_gmt":"2023-04-08T05:58:02","slug":"4-chlormethcathinon-4-cmc-hcl-krystal","status":"publish","type":"product","link":"https:\/\/everydaychemshop.com\/da\/product\/4-chlormethcathinon-4-cmc-hcl-krystal\/","title":{"rendered":"4-chlormethcathinon (4-CMC HCI) krystal"},"content":{"rendered":"<h1 class=\"product_title entry-title\">K\u00f8b 4-CMC krystaller online<\/h1>\n<p><a href=\"https:\/\/everydaychemshop.com\/da\/product\/4-chlormethcathinon-4-cmc-hcl-krystal\/\">K\u00f8b 4-CMC krystaller online<\/a>. 4-CMC er en forkortelse for 4-Chloromethcathinone. 4-CMC falder ind under kathinonklassen af \u200b\u200bkemikalier. Det er et stimulerende middel. Dette forskningskemikalie er meget nyt p\u00e5 markedet. Det betyder, at der er mange forskere, der ikke har testet det endnu.<\/p>\n<p><em>K\u00f8b 4-CMC<\/em>\u00a0Crystals \u2713 4-Chloromethcathinone \u2713 Forskningskemikalie af h\u00f8jeste kvalitet \u2713 Hurtig levering, gode priser \u2713 Kun her p\u00e5 globalhomemed.com<\/p>\n<p>Men p\u00e5 trods af, at 4-CMC er nyt, blev de forel\u00f8bige eksperimenter med dette stof sagt at producere resultater af \u00f8gede f\u00f8lelser, acceleration af tankeprocesser og h\u00f8je energiniveauer. 4-CMC er meget lig 4-MMC, bk-MDMA og 3-MMC. S\u00e5 hvis du har eksperimenteret med nogen af \u200b\u200bdisse forskningskemikalier, s\u00e5 har du en god id\u00e9 <a href=\"https:\/\/en.wikipedia.org\/wiki\/4-Chloromethcathinone\">om<\/a>, hvad du kan forvente med 4-CMC forskningseksperimenter.<\/p>\n<p>&nbsp;<\/p>\n<h2><b>Hvor at k\u00f8be 4-CMC?<\/b><\/h2>\n<p>Her hos Chemical Planet har vi 4-CMC af ekstrem h\u00f8j kvalitet til salg. Vores 4-CMC f\u00e5s typisk i krystalform. Hvis du ikke kan se din \u00f8nskede formular, er du velkommen til at kontakte os for at se, hvorn\u00e5r den kan v\u00e6re tilbage.<\/p>\n<p>Hvis du planl\u00e6gger at k\u00f8be 4-CMC fra Chemical Planet, skal du v\u00e6re mindst 18 \u00e5r gammel. alder og v\u00e6re i fuld overensstemmelse med alle forskningskemiske love i dit land. Vores kemikalier er kun designet til forskning og er ikke beregnet til mennesker eller dyr.<\/p>\n<h2><b>4-CMC Lovlighed<\/b><\/h2>\n<p>4-CMC er ulovligt i Kina og Sverige. I Tyskland er det et &#8220;Anlage I&#8221;-kontrolleret l\u00e6gemiddel. Mange andre nationer har ikke planlagt dette kemikalie endnu. Det er i h\u00f8j grad, fordi det er s\u00e5 nyt.<\/p>\n<p><strong>Opbevar altid et k\u00f8ligt, t\u00f8rt sted for maksimal holdbarhed. Dette produkt er kun beregnet til retsmedicinske og forskningsapplikationer. Det er derfor IKKE beregnet til konsum eller in vivo-test af nogen art p\u00e5 dyr eller nogen levende organisme.<\/strong><\/p>\n","protected":false},"excerpt":{"rendered":"<p>K\u00f8b 4-CMC Crystal &amp; Pudder online billigt. K\u00f8b 4-CMC Crystal &amp; Pulver i l\u00f8s v\u00e6gt 99% renhed. Bestil 4-Chloromethcathinone til salg Storbritannien, Europa<\/p>\n<p>\u00d8nsker at\u00a0<em>k\u00f8be 4<\/em>-Chloromethcathinone (<em>4<\/em>\u2013<em>CMC<\/em>\u00a0HCl) hydrochlorid <em>krystal<\/em>\u00a0til de bedste priser, shop med hurtig levering over hele verden! Bestil\u00a0<em>4<\/em>\u2013<em>CMC<\/em>\u00a0UK, Europa.<\/p>\n<p>K\u00f8b 4-CMC Crystal &amp; Pudder online billigt. K\u00f8b 4-CMC Crystal &amp; Pulver i l\u00f8s v\u00e6gt 99% renhed.<\/p>\n","protected":false},"featured_media":8059,"comment_status":"open","ping_status":"closed","template":"","meta":{"inline_featured_image":false},"product_brand":[],"product_cat":[264],"product_tag":[],"class_list":{"0":"post-8052","1":"product","2":"type-product","3":"status-publish","4":"has-post-thumbnail","6":"product_cat-forskningskemisk","8":"first","9":"instock","10":"shipping-taxable","11":"purchasable","12":"product-type-variable","13":"has-default-attributes"},"yoast_head":"<!-- This site is optimized with the Yoast SEO Premium plugin v19.2 (Yoast SEO v27.3) - https:\/\/yoast.com\/product\/yoast-seo-premium-wordpress\/ -->\n<title>K\u00f8b 4-CMC krystaller online - Everyday Chem Shop<\/title>\n<meta name=\"description\" content=\"K\u00f8b 4-CMC krystaller online. Vi s\u00e6lger bedste kvalitet 4-CMC krystaller online. Kontakt venligst for mere information og priser.\" \/>\n<meta name=\"robots\" content=\"index, follow, max-snippet:-1, max-image-preview:large, max-video-preview:-1\" \/>\n<link rel=\"canonical\" href=\"https:\/\/everydaychemshop.com\/da\/product\/4-chlormethcathinon-4-cmc-hcl-krystal\/\" \/>\n<meta property=\"og:locale\" content=\"en_US\" \/>\n<meta property=\"og:type\" content=\"article\" \/>\n<meta property=\"og:title\" content=\"4-chlormethcathinon (4-CMC HCI) krystal\" \/>\n<meta property=\"og:description\" content=\"K\u00f8b 4-CMC krystaller online. Vi s\u00e6lger bedste kvalitet 4-CMC krystaller online. Kontakt venligst for mere information og priser.\" \/>\n<meta property=\"og:url\" content=\"https:\/\/everydaychemshop.com\/da\/product\/4-chlormethcathinon-4-cmc-hcl-krystal\/\" \/>\n<meta property=\"og:site_name\" content=\"Everyday Chem Shop\" \/>\n<meta property=\"article:modified_time\" content=\"2023-04-08T05:58:02+00:00\" \/>\n<meta property=\"og:image\" content=\"https:\/\/everydaychemshop.com\/da\/wp-content\/uploads\/sites\/2\/2022\/11\/buy-4-Chloromethcathinone.jpg\" \/>\n\t<meta property=\"og:image:width\" content=\"2560\" \/>\n\t<meta property=\"og:image:height\" content=\"1887\" \/>\n\t<meta property=\"og:image:type\" content=\"image\/jpeg\" \/>\n<meta name=\"twitter:card\" content=\"summary_large_image\" \/>\n<meta name=\"twitter:label1\" content=\"Est. reading time\" \/>\n\t<meta name=\"twitter:data1\" content=\"2 minutes\" \/>\n<script type=\"application\/ld+json\" class=\"yoast-schema-graph\">{\"@context\":\"https:\\\/\\\/schema.org\",\"@graph\":[{\"@type\":\"WebPage\",\"@id\":\"https:\\\/\\\/everydaychemshop.com\\\/da\\\/product\\\/4-chlormethcathinon-4-cmc-hcl-krystal\\\/\",\"url\":\"https:\\\/\\\/everydaychemshop.com\\\/da\\\/product\\\/4-chlormethcathinon-4-cmc-hcl-krystal\\\/\",\"name\":\"K\u00f8b 4-CMC krystaller online - Everyday Chem Shop\",\"isPartOf\":{\"@id\":\"https:\\\/\\\/everydaychemshop.com\\\/da\\\/#website\"},\"primaryImageOfPage\":{\"@id\":\"https:\\\/\\\/everydaychemshop.com\\\/da\\\/product\\\/4-chlormethcathinon-4-cmc-hcl-krystal\\\/#primaryimage\"},\"image\":{\"@id\":\"https:\\\/\\\/everydaychemshop.com\\\/da\\\/product\\\/4-chlormethcathinon-4-cmc-hcl-krystal\\\/#primaryimage\"},\"thumbnailUrl\":\"https:\\\/\\\/everydaychemshop.com\\\/da\\\/wp-content\\\/uploads\\\/sites\\\/2\\\/2022\\\/11\\\/buy-4-Chloromethcathinone.jpg\",\"datePublished\":\"2022-11-18T21:12:25+00:00\",\"dateModified\":\"2023-04-08T05:58:02+00:00\",\"description\":\"K\u00f8b 4-CMC krystaller online. Vi s\u00e6lger bedste kvalitet 4-CMC krystaller online. Kontakt venligst for mere information og priser.\",\"breadcrumb\":{\"@id\":\"https:\\\/\\\/everydaychemshop.com\\\/da\\\/product\\\/4-chlormethcathinon-4-cmc-hcl-krystal\\\/#breadcrumb\"},\"inLanguage\":\"en-US\",\"potentialAction\":[{\"@type\":\"ReadAction\",\"target\":[\"https:\\\/\\\/everydaychemshop.com\\\/da\\\/product\\\/4-chlormethcathinon-4-cmc-hcl-krystal\\\/\"]}]},{\"@type\":\"ImageObject\",\"inLanguage\":\"en-US\",\"@id\":\"https:\\\/\\\/everydaychemshop.com\\\/da\\\/product\\\/4-chlormethcathinon-4-cmc-hcl-krystal\\\/#primaryimage\",\"url\":\"https:\\\/\\\/everydaychemshop.com\\\/da\\\/wp-content\\\/uploads\\\/sites\\\/2\\\/2022\\\/11\\\/buy-4-Chloromethcathinone.jpg\",\"contentUrl\":\"https:\\\/\\\/everydaychemshop.com\\\/da\\\/wp-content\\\/uploads\\\/sites\\\/2\\\/2022\\\/11\\\/buy-4-Chloromethcathinone.jpg\",\"width\":2560,\"height\":1887,\"caption\":\"K\u00f8b 4-CMC krystaller online\"},{\"@type\":\"BreadcrumbList\",\"@id\":\"https:\\\/\\\/everydaychemshop.com\\\/da\\\/product\\\/4-chlormethcathinon-4-cmc-hcl-krystal\\\/#breadcrumb\",\"itemListElement\":[{\"@type\":\"ListItem\",\"position\":1,\"name\":\"Home\",\"item\":\"https:\\\/\\\/everydaychemshop.com\\\/da\\\/\"},{\"@type\":\"ListItem\",\"position\":2,\"name\":\"Produkter\",\"item\":\"https:\\\/\\\/everydaychemshop.com\\\/da\\\/produkter\\\/\"},{\"@type\":\"ListItem\",\"position\":3,\"name\":\"4-chlormethcathinon (4-CMC HCI) krystal\"}]},{\"@type\":\"WebSite\",\"@id\":\"https:\\\/\\\/everydaychemshop.com\\\/da\\\/#website\",\"url\":\"https:\\\/\\\/everydaychemshop.com\\\/da\\\/\",\"name\":\"Everyday Chem Shop\",\"description\":\"\",\"potentialAction\":[{\"@type\":\"SearchAction\",\"target\":{\"@type\":\"EntryPoint\",\"urlTemplate\":\"https:\\\/\\\/everydaychemshop.com\\\/da\\\/?s={search_term_string}\"},\"query-input\":{\"@type\":\"PropertyValueSpecification\",\"valueRequired\":true,\"valueName\":\"search_term_string\"}}],\"inLanguage\":\"en-US\"}]}<\/script>\n<!-- \/ Yoast SEO Premium plugin. -->","yoast_head_json":{"title":"K\u00f8b 4-CMC krystaller online - Everyday Chem Shop","description":"K\u00f8b 4-CMC krystaller online. Vi s\u00e6lger bedste kvalitet 4-CMC krystaller online. Kontakt venligst for mere information og priser.","robots":{"index":"index","follow":"follow","max-snippet":"max-snippet:-1","max-image-preview":"max-image-preview:large","max-video-preview":"max-video-preview:-1"},"canonical":"https:\/\/everydaychemshop.com\/da\/product\/4-chlormethcathinon-4-cmc-hcl-krystal\/","og_locale":"en_US","og_type":"article","og_title":"4-chlormethcathinon (4-CMC HCI) krystal","og_description":"K\u00f8b 4-CMC krystaller online. Vi s\u00e6lger bedste kvalitet 4-CMC krystaller online. Kontakt venligst for mere information og priser.","og_url":"https:\/\/everydaychemshop.com\/da\/product\/4-chlormethcathinon-4-cmc-hcl-krystal\/","og_site_name":"Everyday Chem Shop","article_modified_time":"2023-04-08T05:58:02+00:00","og_image":[{"width":2560,"height":1887,"url":"https:\/\/everydaychemshop.com\/da\/wp-content\/uploads\/sites\/2\/2022\/11\/buy-4-Chloromethcathinone.jpg","type":"image\/jpeg"}],"twitter_card":"summary_large_image","twitter_misc":{"Est. reading time":"2 minutes"},"schema":{"@context":"https:\/\/schema.org","@graph":[{"@type":"WebPage","@id":"https:\/\/everydaychemshop.com\/da\/product\/4-chlormethcathinon-4-cmc-hcl-krystal\/","url":"https:\/\/everydaychemshop.com\/da\/product\/4-chlormethcathinon-4-cmc-hcl-krystal\/","name":"K\u00f8b 4-CMC krystaller online - Everyday Chem Shop","isPartOf":{"@id":"https:\/\/everydaychemshop.com\/da\/#website"},"primaryImageOfPage":{"@id":"https:\/\/everydaychemshop.com\/da\/product\/4-chlormethcathinon-4-cmc-hcl-krystal\/#primaryimage"},"image":{"@id":"https:\/\/everydaychemshop.com\/da\/product\/4-chlormethcathinon-4-cmc-hcl-krystal\/#primaryimage"},"thumbnailUrl":"https:\/\/everydaychemshop.com\/da\/wp-content\/uploads\/sites\/2\/2022\/11\/buy-4-Chloromethcathinone.jpg","datePublished":"2022-11-18T21:12:25+00:00","dateModified":"2023-04-08T05:58:02+00:00","description":"K\u00f8b 4-CMC krystaller online. Vi s\u00e6lger bedste kvalitet 4-CMC krystaller online. Kontakt venligst for mere information og priser.","breadcrumb":{"@id":"https:\/\/everydaychemshop.com\/da\/product\/4-chlormethcathinon-4-cmc-hcl-krystal\/#breadcrumb"},"inLanguage":"en-US","potentialAction":[{"@type":"ReadAction","target":["https:\/\/everydaychemshop.com\/da\/product\/4-chlormethcathinon-4-cmc-hcl-krystal\/"]}]},{"@type":"ImageObject","inLanguage":"en-US","@id":"https:\/\/everydaychemshop.com\/da\/product\/4-chlormethcathinon-4-cmc-hcl-krystal\/#primaryimage","url":"https:\/\/everydaychemshop.com\/da\/wp-content\/uploads\/sites\/2\/2022\/11\/buy-4-Chloromethcathinone.jpg","contentUrl":"https:\/\/everydaychemshop.com\/da\/wp-content\/uploads\/sites\/2\/2022\/11\/buy-4-Chloromethcathinone.jpg","width":2560,"height":1887,"caption":"K\u00f8b 4-CMC krystaller online"},{"@type":"BreadcrumbList","@id":"https:\/\/everydaychemshop.com\/da\/product\/4-chlormethcathinon-4-cmc-hcl-krystal\/#breadcrumb","itemListElement":[{"@type":"ListItem","position":1,"name":"Home","item":"https:\/\/everydaychemshop.com\/da\/"},{"@type":"ListItem","position":2,"name":"Produkter","item":"https:\/\/everydaychemshop.com\/da\/produkter\/"},{"@type":"ListItem","position":3,"name":"4-chlormethcathinon (4-CMC HCI) krystal"}]},{"@type":"WebSite","@id":"https:\/\/everydaychemshop.com\/da\/#website","url":"https:\/\/everydaychemshop.com\/da\/","name":"Everyday Chem Shop","description":"","potentialAction":[{"@type":"SearchAction","target":{"@type":"EntryPoint","urlTemplate":"https:\/\/everydaychemshop.com\/da\/?s={search_term_string}"},"query-input":{"@type":"PropertyValueSpecification","valueRequired":true,"valueName":"search_term_string"}}],"inLanguage":"en-US"}]}},"_links":{"self":[{"href":"https:\/\/everydaychemshop.com\/da\/wp-json\/wp\/v2\/product\/8052","targetHints":{"allow":["GET"]}}],"collection":[{"href":"https:\/\/everydaychemshop.com\/da\/wp-json\/wp\/v2\/product"}],"about":[{"href":"https:\/\/everydaychemshop.com\/da\/wp-json\/wp\/v2\/types\/product"}],"replies":[{"embeddable":true,"href":"https:\/\/everydaychemshop.com\/da\/wp-json\/wp\/v2\/comments?post=8052"}],"wp:featuredmedia":[{"embeddable":true,"href":"https:\/\/everydaychemshop.com\/da\/wp-json\/wp\/v2\/media\/8059"}],"wp:attachment":[{"href":"https:\/\/everydaychemshop.com\/da\/wp-json\/wp\/v2\/media?parent=8052"}],"wp:term":[{"taxonomy":"product_brand","embeddable":true,"href":"https:\/\/everydaychemshop.com\/da\/wp-json\/wp\/v2\/product_brand?post=8052"},{"taxonomy":"product_cat","embeddable":true,"href":"https:\/\/everydaychemshop.com\/da\/wp-json\/wp\/v2\/product_cat?post=8052"},{"taxonomy":"product_tag","embeddable":true,"href":"https:\/\/everydaychemshop.com\/da\/wp-json\/wp\/v2\/product_tag?post=8052"}],"curies":[{"name":"wp","href":"https:\/\/api.w.org\/{rel}","templated":true}]}}