{"id":8060,"date":"2022-11-18T21:27:31","date_gmt":"2022-11-18T21:27:31","guid":{"rendered":"https:\/\/everydaychemshop.com\/da\/?post_type=product&#038;p=8060"},"modified":"2023-04-08T05:56:46","modified_gmt":"2023-04-08T05:56:46","slug":"kob-4-cl-pvp-krystaller","status":"publish","type":"product","link":"https:\/\/everydaychemshop.com\/da\/product\/kob-4-cl-pvp-krystaller\/","title":{"rendered":"K\u00f8b 4-CL-PVP krystaller"},"content":{"rendered":"<h1>K\u00f8b 4-CL-PVP krystaller online<\/h1>\n<p><a href=\"https:\/\/everydaychemshop.com\/da\/product\/kob-4-cl-pvp-krystaller\/\">K\u00f8b 4-CL-PVP krystaller online<\/a>. Det er et l\u00e6rebogstimulerende middel. Forskningseksperimenter med 4-CL-PVP har tendens til at frembringe resultater af snakkesalighed, forbedret \u00e5rv\u00e5genhed, h\u00f8j energi og andre stimulerende resultater. Resultaterne af 4-CL-PVP har en tendens til at vare i mindre end tre timer. Kemikaliet er ogs\u00e5 kendt for at give moderate til ekstreme euforiske resultater. Forskere, der leder efter et alternativ til a-PVP, vil opdage, at 4-CL-PVP er et passende alternativ. 4-CL-PVP er en noradrenalin-dopamin genoptagelsesh\u00e6mmer. De stimulerende resultater af dette kemikalie <a href=\"https:\/\/en.wikipedia.org\/wiki\/4-Chloro-alpha-pyrrolidinovalerophenone\">skyldes<\/a> i h\u00f8j grad dette faktum.<\/p>\n<h2><b>Hvor kan man k\u00f8be 4-CL-PVP?<\/b><\/h2>\n<p>Her hos Chemical Planet har vi 4-CL-PVP af ekstrem h\u00f8j kvalitet til salg. Vores 4-CL-PVP f\u00e5s typisk i krystalform. Hvis du ikke kan se din \u00f8nskede formular, s\u00e5 er du velkommen til at kontakte os for at se, hvorn\u00e5r den kommer tilbage.<\/p>\n<p>Hvis du planl\u00e6gger at k\u00f8be 4-Cl-PVP fra Chemical Planet, skal du v\u00e6re mindst 18 \u00e5r og v\u00e6re i fuld overensstemmelse med alle forskningskemiske love i dit land. Vores kemikalier er kun designet til forskning og er ikke beregnet til mennesker eller dyr.<\/p>\n<p>&nbsp;<\/p>\n<h2><b>4-CL-PVP Lovlighed<\/b><\/h2>\n<p>De fleste regeringer rundt om i verden er ikke g\u00e5et ud og proklameret 4-CL-PVP som et ulovligt kemikalie. Det betyder, at det er uplanlagt de fleste steder. Kontakt venligst din f\u00f8derale regering for at f\u00e5 afklaret den juridiske status for 4-CL-PVP, hvis du har brug for yderligere oplysninger.<\/p>\n<p><strong>Opbevar altid p\u00e5 et k\u00f8ligt, t\u00f8rt sted for maksimal holdbarhed. Dette produkt er kun beregnet til retsmedicinske og forskningsapplikationer. Det er derfor IKKE beregnet til konsum eller in vivo-test af nogen art p\u00e5 dyr eller nogen levende organisme.<\/strong><\/p>\n","protected":false},"excerpt":{"rendered":"<p>K\u00f8b 4-CL-PVP krystaller til salg i Storbritannien, Europa, EU. K\u00f8b 4-CL-PVP krystaller online, gratis forsendelse i topkvalitet til r\u00e5dighed over hele verden, billigste nogensinde, bedste pris at bestille.<\/p>\n<p><em>4<\/em>\u2013<em>CL<\/em>\u2013<em>PVP-krystaller til<\/em>\u00a0salg. <em>K\u00f8b 4<\/em>\u2013<em>CL<\/em>\u2013<em>PVP-krystaller<\/em>\u00a0Online, gratis forsendelse i topkvalitet til hele verden tilg\u00e6ngelig, billigste nogensinde, bedste pris at bestille.<\/p>\n<p>K\u00f8b billige 4-CL-PVP-krystaller online. 4-CL-PVP Crystal er et relativt nyt stimulerende produkt og analog til den ekstremt popul\u00e6re forbindelse a-PVP.<\/p>\n","protected":false},"featured_media":8067,"comment_status":"open","ping_status":"closed","template":"","meta":{"inline_featured_image":false},"product_brand":[],"product_cat":[264],"product_tag":[],"class_list":{"0":"post-8060","1":"product","2":"type-product","3":"status-publish","4":"has-post-thumbnail","6":"product_cat-forskningskemisk","8":"first","9":"instock","10":"shipping-taxable","11":"purchasable","12":"product-type-variable","13":"has-default-attributes"},"yoast_head":"<!-- This site is optimized with the Yoast SEO Premium plugin v19.2 (Yoast SEO v27.3) - https:\/\/yoast.com\/product\/yoast-seo-premium-wordpress\/ -->\n<title>K\u00f8b 4-CL-PVP krystaller online- Everyday Chem Shop<\/title>\n<meta name=\"description\" content=\"K\u00f8b 4-CL-PVP krystaller online. Vi s\u00e6lger 4-CL-PVP krystaller online. Kontakt venligst for mere information og priser p\u00e5 din ordre.\" \/>\n<meta name=\"robots\" content=\"index, follow, max-snippet:-1, max-image-preview:large, max-video-preview:-1\" \/>\n<link rel=\"canonical\" href=\"https:\/\/everydaychemshop.com\/da\/product\/kob-4-cl-pvp-krystaller\/\" \/>\n<meta property=\"og:locale\" content=\"en_US\" \/>\n<meta property=\"og:type\" content=\"article\" \/>\n<meta property=\"og:title\" content=\"K\u00f8b 4-CL-PVP krystaller\" \/>\n<meta property=\"og:description\" content=\"K\u00f8b 4-CL-PVP krystaller online. Vi s\u00e6lger 4-CL-PVP krystaller online. Kontakt venligst for mere information og priser p\u00e5 din ordre.\" \/>\n<meta property=\"og:url\" content=\"https:\/\/everydaychemshop.com\/da\/product\/kob-4-cl-pvp-krystaller\/\" \/>\n<meta property=\"og:site_name\" content=\"Everyday Chem Shop\" \/>\n<meta property=\"article:modified_time\" content=\"2023-04-08T05:56:46+00:00\" \/>\n<meta property=\"og:image\" content=\"https:\/\/everydaychemshop.com\/da\/wp-content\/uploads\/sites\/2\/2022\/11\/Buy-4-CL-PVP-Crystals.jpg\" \/>\n\t<meta property=\"og:image:width\" content=\"275\" \/>\n\t<meta property=\"og:image:height\" content=\"183\" \/>\n\t<meta property=\"og:image:type\" content=\"image\/jpeg\" \/>\n<meta name=\"twitter:card\" content=\"summary_large_image\" \/>\n<meta name=\"twitter:label1\" content=\"Est. reading time\" \/>\n\t<meta name=\"twitter:data1\" content=\"2 minutes\" \/>\n<script type=\"application\/ld+json\" class=\"yoast-schema-graph\">{\"@context\":\"https:\\\/\\\/schema.org\",\"@graph\":[{\"@type\":\"WebPage\",\"@id\":\"https:\\\/\\\/everydaychemshop.com\\\/da\\\/product\\\/kob-4-cl-pvp-krystaller\\\/\",\"url\":\"https:\\\/\\\/everydaychemshop.com\\\/da\\\/product\\\/kob-4-cl-pvp-krystaller\\\/\",\"name\":\"K\u00f8b 4-CL-PVP krystaller online- Everyday Chem Shop\",\"isPartOf\":{\"@id\":\"https:\\\/\\\/everydaychemshop.com\\\/da\\\/#website\"},\"primaryImageOfPage\":{\"@id\":\"https:\\\/\\\/everydaychemshop.com\\\/da\\\/product\\\/kob-4-cl-pvp-krystaller\\\/#primaryimage\"},\"image\":{\"@id\":\"https:\\\/\\\/everydaychemshop.com\\\/da\\\/product\\\/kob-4-cl-pvp-krystaller\\\/#primaryimage\"},\"thumbnailUrl\":\"https:\\\/\\\/everydaychemshop.com\\\/da\\\/wp-content\\\/uploads\\\/sites\\\/2\\\/2022\\\/11\\\/Buy-4-CL-PVP-Crystals.jpg\",\"datePublished\":\"2022-11-18T21:27:31+00:00\",\"dateModified\":\"2023-04-08T05:56:46+00:00\",\"description\":\"K\u00f8b 4-CL-PVP krystaller online. Vi s\u00e6lger 4-CL-PVP krystaller online. Kontakt venligst for mere information og priser p\u00e5 din ordre.\",\"breadcrumb\":{\"@id\":\"https:\\\/\\\/everydaychemshop.com\\\/da\\\/product\\\/kob-4-cl-pvp-krystaller\\\/#breadcrumb\"},\"inLanguage\":\"en-US\",\"potentialAction\":[{\"@type\":\"ReadAction\",\"target\":[\"https:\\\/\\\/everydaychemshop.com\\\/da\\\/product\\\/kob-4-cl-pvp-krystaller\\\/\"]}]},{\"@type\":\"ImageObject\",\"inLanguage\":\"en-US\",\"@id\":\"https:\\\/\\\/everydaychemshop.com\\\/da\\\/product\\\/kob-4-cl-pvp-krystaller\\\/#primaryimage\",\"url\":\"https:\\\/\\\/everydaychemshop.com\\\/da\\\/wp-content\\\/uploads\\\/sites\\\/2\\\/2022\\\/11\\\/Buy-4-CL-PVP-Crystals.jpg\",\"contentUrl\":\"https:\\\/\\\/everydaychemshop.com\\\/da\\\/wp-content\\\/uploads\\\/sites\\\/2\\\/2022\\\/11\\\/Buy-4-CL-PVP-Crystals.jpg\",\"width\":275,\"height\":183,\"caption\":\"K\u00f8b 4-CL-PVP krystaller online\"},{\"@type\":\"BreadcrumbList\",\"@id\":\"https:\\\/\\\/everydaychemshop.com\\\/da\\\/product\\\/kob-4-cl-pvp-krystaller\\\/#breadcrumb\",\"itemListElement\":[{\"@type\":\"ListItem\",\"position\":1,\"name\":\"Home\",\"item\":\"https:\\\/\\\/everydaychemshop.com\\\/da\\\/\"},{\"@type\":\"ListItem\",\"position\":2,\"name\":\"Produkter\",\"item\":\"https:\\\/\\\/everydaychemshop.com\\\/da\\\/produkter\\\/\"},{\"@type\":\"ListItem\",\"position\":3,\"name\":\"K\u00f8b 4-CL-PVP krystaller\"}]},{\"@type\":\"WebSite\",\"@id\":\"https:\\\/\\\/everydaychemshop.com\\\/da\\\/#website\",\"url\":\"https:\\\/\\\/everydaychemshop.com\\\/da\\\/\",\"name\":\"Everyday Chem Shop\",\"description\":\"\",\"potentialAction\":[{\"@type\":\"SearchAction\",\"target\":{\"@type\":\"EntryPoint\",\"urlTemplate\":\"https:\\\/\\\/everydaychemshop.com\\\/da\\\/?s={search_term_string}\"},\"query-input\":{\"@type\":\"PropertyValueSpecification\",\"valueRequired\":true,\"valueName\":\"search_term_string\"}}],\"inLanguage\":\"en-US\"}]}<\/script>\n<!-- \/ Yoast SEO Premium plugin. -->","yoast_head_json":{"title":"K\u00f8b 4-CL-PVP krystaller online- Everyday Chem Shop","description":"K\u00f8b 4-CL-PVP krystaller online. Vi s\u00e6lger 4-CL-PVP krystaller online. Kontakt venligst for mere information og priser p\u00e5 din ordre.","robots":{"index":"index","follow":"follow","max-snippet":"max-snippet:-1","max-image-preview":"max-image-preview:large","max-video-preview":"max-video-preview:-1"},"canonical":"https:\/\/everydaychemshop.com\/da\/product\/kob-4-cl-pvp-krystaller\/","og_locale":"en_US","og_type":"article","og_title":"K\u00f8b 4-CL-PVP krystaller","og_description":"K\u00f8b 4-CL-PVP krystaller online. Vi s\u00e6lger 4-CL-PVP krystaller online. Kontakt venligst for mere information og priser p\u00e5 din ordre.","og_url":"https:\/\/everydaychemshop.com\/da\/product\/kob-4-cl-pvp-krystaller\/","og_site_name":"Everyday Chem Shop","article_modified_time":"2023-04-08T05:56:46+00:00","og_image":[{"width":275,"height":183,"url":"https:\/\/everydaychemshop.com\/da\/wp-content\/uploads\/sites\/2\/2022\/11\/Buy-4-CL-PVP-Crystals.jpg","type":"image\/jpeg"}],"twitter_card":"summary_large_image","twitter_misc":{"Est. reading time":"2 minutes"},"schema":{"@context":"https:\/\/schema.org","@graph":[{"@type":"WebPage","@id":"https:\/\/everydaychemshop.com\/da\/product\/kob-4-cl-pvp-krystaller\/","url":"https:\/\/everydaychemshop.com\/da\/product\/kob-4-cl-pvp-krystaller\/","name":"K\u00f8b 4-CL-PVP krystaller online- Everyday Chem Shop","isPartOf":{"@id":"https:\/\/everydaychemshop.com\/da\/#website"},"primaryImageOfPage":{"@id":"https:\/\/everydaychemshop.com\/da\/product\/kob-4-cl-pvp-krystaller\/#primaryimage"},"image":{"@id":"https:\/\/everydaychemshop.com\/da\/product\/kob-4-cl-pvp-krystaller\/#primaryimage"},"thumbnailUrl":"https:\/\/everydaychemshop.com\/da\/wp-content\/uploads\/sites\/2\/2022\/11\/Buy-4-CL-PVP-Crystals.jpg","datePublished":"2022-11-18T21:27:31+00:00","dateModified":"2023-04-08T05:56:46+00:00","description":"K\u00f8b 4-CL-PVP krystaller online. Vi s\u00e6lger 4-CL-PVP krystaller online. Kontakt venligst for mere information og priser p\u00e5 din ordre.","breadcrumb":{"@id":"https:\/\/everydaychemshop.com\/da\/product\/kob-4-cl-pvp-krystaller\/#breadcrumb"},"inLanguage":"en-US","potentialAction":[{"@type":"ReadAction","target":["https:\/\/everydaychemshop.com\/da\/product\/kob-4-cl-pvp-krystaller\/"]}]},{"@type":"ImageObject","inLanguage":"en-US","@id":"https:\/\/everydaychemshop.com\/da\/product\/kob-4-cl-pvp-krystaller\/#primaryimage","url":"https:\/\/everydaychemshop.com\/da\/wp-content\/uploads\/sites\/2\/2022\/11\/Buy-4-CL-PVP-Crystals.jpg","contentUrl":"https:\/\/everydaychemshop.com\/da\/wp-content\/uploads\/sites\/2\/2022\/11\/Buy-4-CL-PVP-Crystals.jpg","width":275,"height":183,"caption":"K\u00f8b 4-CL-PVP krystaller online"},{"@type":"BreadcrumbList","@id":"https:\/\/everydaychemshop.com\/da\/product\/kob-4-cl-pvp-krystaller\/#breadcrumb","itemListElement":[{"@type":"ListItem","position":1,"name":"Home","item":"https:\/\/everydaychemshop.com\/da\/"},{"@type":"ListItem","position":2,"name":"Produkter","item":"https:\/\/everydaychemshop.com\/da\/produkter\/"},{"@type":"ListItem","position":3,"name":"K\u00f8b 4-CL-PVP krystaller"}]},{"@type":"WebSite","@id":"https:\/\/everydaychemshop.com\/da\/#website","url":"https:\/\/everydaychemshop.com\/da\/","name":"Everyday Chem Shop","description":"","potentialAction":[{"@type":"SearchAction","target":{"@type":"EntryPoint","urlTemplate":"https:\/\/everydaychemshop.com\/da\/?s={search_term_string}"},"query-input":{"@type":"PropertyValueSpecification","valueRequired":true,"valueName":"search_term_string"}}],"inLanguage":"en-US"}]}},"_links":{"self":[{"href":"https:\/\/everydaychemshop.com\/da\/wp-json\/wp\/v2\/product\/8060","targetHints":{"allow":["GET"]}}],"collection":[{"href":"https:\/\/everydaychemshop.com\/da\/wp-json\/wp\/v2\/product"}],"about":[{"href":"https:\/\/everydaychemshop.com\/da\/wp-json\/wp\/v2\/types\/product"}],"replies":[{"embeddable":true,"href":"https:\/\/everydaychemshop.com\/da\/wp-json\/wp\/v2\/comments?post=8060"}],"wp:featuredmedia":[{"embeddable":true,"href":"https:\/\/everydaychemshop.com\/da\/wp-json\/wp\/v2\/media\/8067"}],"wp:attachment":[{"href":"https:\/\/everydaychemshop.com\/da\/wp-json\/wp\/v2\/media?parent=8060"}],"wp:term":[{"taxonomy":"product_brand","embeddable":true,"href":"https:\/\/everydaychemshop.com\/da\/wp-json\/wp\/v2\/product_brand?post=8060"},{"taxonomy":"product_cat","embeddable":true,"href":"https:\/\/everydaychemshop.com\/da\/wp-json\/wp\/v2\/product_cat?post=8060"},{"taxonomy":"product_tag","embeddable":true,"href":"https:\/\/everydaychemshop.com\/da\/wp-json\/wp\/v2\/product_tag?post=8060"}],"curies":[{"name":"wp","href":"https:\/\/api.w.org\/{rel}","templated":true}]}}