{"id":8068,"date":"2022-11-18T21:32:32","date_gmt":"2022-11-18T21:32:32","guid":{"rendered":"https:\/\/everydaychemshop.com\/da\/?post_type=product&#038;p=8068"},"modified":"2023-04-08T05:55:41","modified_gmt":"2023-04-08T05:55:41","slug":"4-ethylmethcathinon-4-emc","status":"publish","type":"product","link":"https:\/\/everydaychemshop.com\/da\/product\/4-ethylmethcathinon-4-emc\/","title":{"rendered":"4- Ethylmethcathinon (4-EMC)"},"content":{"rendered":"<h1>K\u00f8b 4- Ethylmethcathinone (4-EMC) online<\/h1>\n<p><span data-preserver-spaces=\"true\"><a href=\"https:\/\/everydaychemshop.com\/da\/product\/4-ethylmethcathinon-4-emc\/\">K\u00f8b 4- Ethylmethcathinone (4-EMC) online<\/a>. 4-EMC har det fulde IUPAC-navn for 1-(4-ethylphenyl)-2-(methylamino)propan-1-on, monohydrochlorid, som tilh\u00f8rer en klasse af forskningskemikalier kaldet centralnervesystemstimulerende midler.<\/span><\/p>\n<p><span data-preserver=\"\">4-Ethylmethcathinone (4-EMC)<\/span><span data-preserver-spaces=\"true\">\u00a0er et rekreativt designerl\u00e6gemiddel af stimulerende og entactogen-klassen. Det er en strukturel isomer af 4-MEC. <b>4-Ethylmethcathinone<\/b>\u00a0(<b>4-EMC<\/b>) er et rekreativt\u00a0designermiddel\u00a0af\u00a0stimulerende middel\u00a0og\u00a0entactogen\u00a0class.<sup id=\"cite_ref-pmid25624004_1-0\" class=\"reference\"><\/sup> Det er en strukturel isomer af\u00a04-MEC\u00a0og 3,4-DMMC. <sup id=\"cite_ref-pmid28456284_2-0\" class=\"reference\"><\/sup>\u00a0<a href=\"https:\/\/en.wikipedia.org\/wiki\/4-Ethylmethcathinone\">Det<\/a> er blevet identificeret i mange lande rundt om i verden, oprindeligt i Europa, men blev f\u00f8rst fundet i Australien i 2020.<\/span><\/p>\n<div class=\"mb-5 row\">\n<div class=\"w-100 col\">\n<h5>Teknisk information<\/h5>\n<div class=\"row\">\n<div>\n<div class=\"row\" data-attribute=\"formalName\">\n<div class=\"text -lg-right vertical-rule product-info-left float-left pl-3 pr-2 pb-3 col-6 col-md-5 col-lg-4 col-xl-3\">Formelt navn<\/div>\n<div class=\"float-right pl-3 text-xsm product-info-right col-6 col-md-7 col-lg-8 col-xl-9\">1-(4-ethylphenyl)-2-( methylamino)propan-1-on, monohydrochlorid<\/div>\n<\/div>\n<div class=\"row\" data-attribute=\"casNumber\">\n<div class=\"text-lg-right vertical-rule product-info-left float-left pl-3 pr-2 pb-3 col-6 col-md-5 col-lg-4 col-xl-3\">CAS nummer<\/div>\n<div class=\"float-right pl-3 text -xsm product-info-right col-6 col-md-7 col-lg-8 col-xl-9\">1391053-87-4<\/div>\n<\/div>\n<div class=\"row\" data-attribut=\"molecularFormula\">\n<div class=\"text-lg-right vertical-rule product-info-left float-left pl-3 pr-2 pb-3 col-6 col-md-5 col-lg-4 col- xl-3\">Molekyl\u00e6r formel<\/div>\n<div class=\"float-right pl-3 text-xsm product-info-right col-6 col-md-7 col-lg-8 col-xl-9\">C<sub><small>12<\/small><\/sub>H<sub><small>17<\/small><\/sub>NO \u2022 HCl<\/div>\n<\/div>\n<div class=\"row\" data-attribute=\"formulaWeight\">\n<div class=\"text-lg-right vertical-rule product-info-left float-left pl-3 pr-2 pb-3 col-6 col-md-5 col-lg-4 col-xl-3\">Formelv\u00e6gt<\/div>\n<div class=\"float-right pl-3 text-xsm product-info-right col-6 col-md-7 col-lg-8 col-xl-9\">227.7<\/div>\n<\/div>\n<div class=\"row\" data-attribute=\"purity\">\n<div class=\"text-lg-right vertical-rule product-info-left float-left pl-3 pr-2 pb-3 col-6 col-md-5 col-lg-4 col-xl-3\">Renhed<\/div>\n<div class=\"float-right pl-3 text-xsm product-info-right col-6 col-md-7 col-lg-8 col-xl-9\">\u226597%<\/div>\n<\/div>\n<div class=\"row\" data-attribute=\"formulation\">\n<div class=\"text-lg-right vertical-rule product-info-left float-left pl-3 pr-2 pb-3 col- 6 col-md-5 col-lg-4 col-xl-3\">Formulering<\/div>\n<div class=\"float-right pl-3 text-xsm product-info-right col-6 col-md-7 col-lg-8 col-xl-9\">Et krystallinsk fast stof<\/div>\n<\/div>\n<div class=\"row\" data-attribute=\"solubility\">\n<div class=\"text-lg-right vertical- rule product-info-left float-left pl-3 pr-2 pb-3 col-6 col-md-5 col-lg-4 col-xl-3\">Opl\u00f8selighed<small>(F\u00e5 flere oplysninger om Variance in Solubility )<\/small><\/div>\n<div class=\"float-right pl-3 text-xsm product-info-right col-6 col-md-7 co l-lg-8 col-xl-9\">\n<ul class=\" p-0 mb-3 list-unstyled\">\n<li class=\"undefined text-lato-bold\"><span class=\"\">DMF: 1 mg\/ml<\/span><\/li>\n<li class=\"undefined text-lato-bold\"><span class=\"\">DMSO: 2,5 mg\/ml<\/span><\/li>\n<li class=\"undefined text-lato-bold\"><span class=\"\">Ethanol: 5 mg\/ml<\/span><\/li>\n<li class=\"undefined text-lato-bold\"><span class=\"\"> PBS (pH 7,2): 10 mg\/ml<\/span><\/li>\n<\/ul>\n<p>4-EMC Crystal k\u00f8b Canada, 4-EMC Crystal k\u00f8b Storbritannien, 4-EMC Crystal k\u00f8b USA, 4-EMC Crystal k\u00f8b pris online, kvalitet 4-EMC Crystal til salg,<\/p>\n<\/div>\n<\/div>\n<div class=\"row\" data-attribute=\"lambdaMax\">\n<div class=\"text-lg-right vertical- regel produktinfo-venstre float-venstre pl-3 pr-2 pb-3 col-6 col-md-5 col-lg-4 col-xl-3\">\u03bb<sub>max<\/sub><\/div>\n<div class=\"float-right pl-3 text-xsm product-info-right col-6 col-md-7 col-lg-8 col-xl-9\">260 nm<\/div>\n<\/div>\n<div class=\"row\" data-attribute=\"smiles\">\n<div class=\"text-lg-right vertical-rule product-info-left float-left pl-3 pr-2 pb-3 col-6 col- md-5 col-lg-4 col-xl-3\">SMIL<\/div>\n<div class=\"float-right pl-3 text-xsm product-info-right col-6 col-md-7 col-lg-8 col-xl-9\">CCC1=CC=C(C (C(NC)C)=O)C=C1<\/div>\n<\/div>\n<div class=\"row\" data-attribute=\"inchi\">\n<div class=\"text-lg-right vertical-rule product -info-left float-left pl-3 pr-2 pb-3 col-6 col-md-5 col-lg-4 col-xl-3\">InChi-kode<\/div>\n<div class=\"float-right pl-3 text-xsm product-info-right col-6 col-md-7 col-lg-8 col-xl-9\">InChI=1S\/C12H17NO.ClH\/c1-4-10-5-7-11 (8-6-10)12(14)9(2)13-3;\/h5-9,13H,4H2,1-3H3;1H<\/div>\n<\/div>\n<div class=\"row\">\n<div class=\"text-lg-right vertical-rule product-info-left float-left pl-3 pr-2 pb-3 col-6 col-md-5 col-lg-4 col -xl-3\">InChi Key<\/div>\n<div class=\"float-right pl-3 text-xsm product-info-right col-6 col-md-7 col-lg-8 col-xl-9\">GGAVBQDFUOWSJS-UHFFFAOYSA-N<\/div>\n<\/div>\n<div class=\"row\" data-attribute=\"deaSchedule\">\n<div class=\"text-lg-right vertical-rule product-info-left float-left pl-3 pr-2 pb-3 col-6 col-md-5 col-lg-4 col-xl-3\">DEA-skema<\/div>\n<div>I<\/div>\n<\/div>\n<\/div>\n<\/div>\n<\/div>\n<\/div>\n<div class=\"row\">\n<div class=\"col\">\n<h5>Forsendelse &amp; Lageroplysninger<\/h5>\n<div class=\"row\">\n<div class=\"col\">\n<div class=\"row\" data-attribute=\"storageTemp\">\n<div class=\"text-lg-right vertical-rule product-info-left float-left pl-3 pr-2 pb-3 col-6 col-md-5 col-lg-4 col-xl-3\">Opbevaring<\/div>\n<div class=\"float-right pl-3 text-xsm product-info-right col-6 col-md-7 col-lg-8 col-xl-9\">-20\u00b0C<\/div>\n<\/div>\n<div class=\"row\" data-attribute=\"address\">\n<div class=\"text-lg-right vertical-rule product-info-left float-left pl-3 pr-2 pb-3 col-6 col-md-5 col-lg- 4 col-xl-3\">Forsendelse<\/div>\n<div class=\"float-right pl-3 text-xsm product-info-right col-6 col-md-7 col-lg-8 col-xl-9 \">Rumtemperatur\u00a0i det kontinentale USA; kan variere andre steder<\/div>\n<\/div>\n<div class=\"row\" data-attribute=\"stabilityDisplay\">\n<div class=\"text-lg-right vertical-rule product-info-left float-left pl-3 pr-2 pb-3 col-6 col-md-5 col-lg-4 col-xl-3\">Stabilitet<\/div>\n<div class=\"float-right pl-3 text-xsm product-info-right col-6 col-md-7 col-lg-8 col-xl-9\">\u2265 2 \u00e5r<\/div>\n<\/div>\n<\/div>\n<\/div>\n<\/div>\n<\/div>\n<p><span data-preserver-spaces=\"true\">Forskerkemikaliet kaldet 4-EMC tilh\u00f8rer phenethylamin- og amfetamin-kemiske klasser og har molekylformlen C12H17NO. Formelv\u00e6gten har en v\u00e6rdi p\u00e5 191,270 g\/md. K\u00f8b 4-EMC Online<\/span><\/p>\n<p><span data-preserver-spaces=\"true\">P\u00e5 grund af markedets intense interesse introducerer vi et nyt kathinonprodukt, der kan bruges til avancerede videnskabelige unders\u00f8gelser. 4-EMC til salg online. 4-methylmethcathinon er en isomer form, der igen er t\u00e6t besl\u00e6gtet med nu begr\u00e6nset mephedron, hvor alle de n\u00e6vnte kemikalier udviser stimulerende og entactogene egenskaber. 4-EMC til salg online, K\u00f8b 4-EMC Uk, 4-EMC k\u00f8b online,<\/span><\/p>\n<p><span data-preserver-spaces=\"true\">Som det er typisk for denne\u00a0kemiklasse, 4-EMC\u00a0menes at blokere genoptagelsen af \u200b\u200bcentrale neurotransmittere p\u00e5 den synaptiske kl\u00f8ft, med dopamin og serotonin som deres sandsynlige prim\u00e6re m\u00e5l. K\u00f8b 4-EMC til salg, 4-EMC online, K\u00f8b 4-EMC online,<\/span><\/p>\n<p><span data-preserver-spaces=\"true\">Stoffet fremst\u00e5r som et krystallinsk pulver under alm. betingelser. Det kan nemt forberede det til test uden risiko for at inkludere urenheder. 4-EMC kan opl\u00f8ses i vand og holdes t\u00f8rt og luftt\u00e6t opbevaringsplads.<\/span><\/p>\n<p><span data-preserver-spaces=\"true\">Da stoffet ikke er blevet grundigt testet i fortiden og det meste af det, der er kendt om det, kommer fra analogier fra relaterede kemikalier, forskerne har en chance for at kortl\u00e6gge dens profil fra bunden. Alle eksperimentdesign b\u00f8r afspejle kemikaliets nye status og efterlade en stor fejlmargin. 4-EMC til salg USA online, K\u00f8b 4-EMC online, K\u00f8b 4-EMC online<\/span><\/p>\n<p>K\u00f8b 4EMC Crystal online, K\u00f8b 4-EMC USA, K\u00f8b 4EMC Australien, 4-EMC online k\u00f8b , K\u00f8b 4-EMC Crystal Europe, K\u00f8b 4-EMC Canada, Hvor kan man k\u00f8be 4-EMC, 4-EMC k\u00f8b Canada, 4-EMC k\u00f8b Storbritannien, 4-EMC k\u00f8b USA, 4-EMC Crystal online, kvalitet 4-EMC til udsalg, 4EMC Powder til salg online, K\u00f8b 4-EMC Crystal Uk,<\/p>\n<p>4-cprc,<br \/>\nnormephedrone,<br \/>\nethylamphetamin,<br \/>\n3,4-dmmc,<br \/>\n4-mec,<br \/>\nbenzedrone,<br \/>\n4-mpd,<br \/>\n4-mpd psychonautwiki,<\/p>\n<p>&nbsp;<\/p>\n<p><strong><span data-preserver-spaces=\"true\">Farmakologi<\/span><\/strong><\/p>\n<p><span data-preserver-spaces=\"true\">4EMC har kompleks farmakologi, men det er i sin kerne en syntetisk stimulerende og empathogen p\u00e5 samme m\u00e5de som methcathinon er.<\/span><\/p>\n<p><strong><span data-preserver-spaces=\"true\">lignende forbindelser:<\/span><\/strong><\/p>\n<ul>\n<li><span data-preserver-spaces=\"true\">4-MEC<\/span><\/li>\n<li><span data-preserver-spaces=\"true\">Mephedron<\/span><\/li>\n<li>Methcathinone<\/li>\n<li><span data-preserver-spaces=\"true\">Benzedron<\/span><\/li>\n<li>4-Methylpentedron<\/li>\n<li><span data-preserver-spaces=\"true\">4-Methylbuphedron<\/span><\/li>\n<\/ul>\n<p><strong><span data-preserver-spaces=\"true\">Lovlighed:<\/span><\/strong><\/p>\n<p><span data-preserver-spaces=\"true\">4-EMC er ikke eksplicit noteret som et kontrolleret stof i noget kendt land. Alligevel er det hovedsageligt et kontrolleret stof i den amerikanske stat Vermont. Da det juridisk kan v\u00e6re en analog af 4-MEC eller relaterede forbindelser, kan den falde ind under mange landes analoge bestemmelser, s\u00e5som USA eller Storbritannien.<\/span><\/p>\n","protected":false},"excerpt":{"rendered":"<p>K\u00f8b 4-EMC Powder online. Dette kemikalie tilh\u00f8rer klassen af \u200b\u200bstimulanser og entaktogener. Det er en strukturel isomer af 4-MEC.<\/p>\n<p>K\u00f8b 4-EMC (4-Ethylmethcathinone) er tilg\u00e6ngelig til salg online i Europa, EU, Storbritannien og USA fra Fairpricemedical.com.<\/p>\n<p>Du har det her til de bedste priser og kvalitet. Vi er her for at give dig den bedste oplevelse.<\/p>\n","protected":false},"featured_media":8075,"comment_status":"open","ping_status":"closed","template":"","meta":{"inline_featured_image":false},"product_brand":[],"product_cat":[264],"product_tag":[],"class_list":{"0":"post-8068","1":"product","2":"type-product","3":"status-publish","4":"has-post-thumbnail","6":"product_cat-forskningskemisk","8":"first","9":"instock","10":"shipping-taxable","11":"purchasable","12":"product-type-variable","13":"has-default-attributes"},"yoast_head":"<!-- This site is optimized with the Yoast SEO Premium plugin v19.2 (Yoast SEO v27.3) - https:\/\/yoast.com\/product\/yoast-seo-premium-wordpress\/ -->\n<title>K\u00f8b 4- Ethylmethcathinone (4-EMC) online- Everyday Chem Shop<\/title>\n<meta name=\"description\" content=\"K\u00f8b 4- Ethylmethcathinone (4-EMC) online. Vi s\u00e6lger den bedste kvalitet 4- Ethylmethcathinone (4-EMC). Kontakt venligst for mere info.\" \/>\n<meta name=\"robots\" content=\"index, follow, max-snippet:-1, max-image-preview:large, max-video-preview:-1\" \/>\n<link rel=\"canonical\" href=\"https:\/\/everydaychemshop.com\/da\/product\/4-ethylmethcathinon-4-emc\/\" \/>\n<meta property=\"og:locale\" content=\"en_US\" \/>\n<meta property=\"og:type\" content=\"article\" \/>\n<meta property=\"og:title\" content=\"4- Ethylmethcathinon (4-EMC)\" \/>\n<meta property=\"og:description\" content=\"K\u00f8b 4- Ethylmethcathinone (4-EMC) online. Vi s\u00e6lger den bedste kvalitet 4- Ethylmethcathinone (4-EMC). Kontakt venligst for mere info.\" \/>\n<meta property=\"og:url\" content=\"https:\/\/everydaychemshop.com\/da\/product\/4-ethylmethcathinon-4-emc\/\" \/>\n<meta property=\"og:site_name\" content=\"Everyday Chem Shop\" \/>\n<meta property=\"article:modified_time\" content=\"2023-04-08T05:55:41+00:00\" \/>\n<meta property=\"og:image\" content=\"https:\/\/everydaychemshop.com\/da\/wp-content\/uploads\/sites\/2\/2022\/11\/Buy-4-EMC.jpg\" \/>\n\t<meta property=\"og:image:width\" content=\"230\" \/>\n\t<meta property=\"og:image:height\" content=\"230\" \/>\n\t<meta property=\"og:image:type\" content=\"image\/jpeg\" \/>\n<meta name=\"twitter:card\" content=\"summary_large_image\" \/>\n<meta name=\"twitter:label1\" content=\"Est. reading time\" \/>\n\t<meta name=\"twitter:data1\" content=\"3 minutes\" \/>\n<script type=\"application\/ld+json\" class=\"yoast-schema-graph\">{\"@context\":\"https:\\\/\\\/schema.org\",\"@graph\":[{\"@type\":\"WebPage\",\"@id\":\"https:\\\/\\\/everydaychemshop.com\\\/da\\\/product\\\/4-ethylmethcathinon-4-emc\\\/\",\"url\":\"https:\\\/\\\/everydaychemshop.com\\\/da\\\/product\\\/4-ethylmethcathinon-4-emc\\\/\",\"name\":\"K\u00f8b 4- Ethylmethcathinone (4-EMC) online- Everyday Chem Shop\",\"isPartOf\":{\"@id\":\"https:\\\/\\\/everydaychemshop.com\\\/da\\\/#website\"},\"primaryImageOfPage\":{\"@id\":\"https:\\\/\\\/everydaychemshop.com\\\/da\\\/product\\\/4-ethylmethcathinon-4-emc\\\/#primaryimage\"},\"image\":{\"@id\":\"https:\\\/\\\/everydaychemshop.com\\\/da\\\/product\\\/4-ethylmethcathinon-4-emc\\\/#primaryimage\"},\"thumbnailUrl\":\"https:\\\/\\\/everydaychemshop.com\\\/da\\\/wp-content\\\/uploads\\\/sites\\\/2\\\/2022\\\/11\\\/Buy-4-EMC.jpg\",\"datePublished\":\"2022-11-18T21:32:32+00:00\",\"dateModified\":\"2023-04-08T05:55:41+00:00\",\"description\":\"K\u00f8b 4- Ethylmethcathinone (4-EMC) online. Vi s\u00e6lger den bedste kvalitet 4- Ethylmethcathinone (4-EMC). Kontakt venligst for mere info.\",\"breadcrumb\":{\"@id\":\"https:\\\/\\\/everydaychemshop.com\\\/da\\\/product\\\/4-ethylmethcathinon-4-emc\\\/#breadcrumb\"},\"inLanguage\":\"en-US\",\"potentialAction\":[{\"@type\":\"ReadAction\",\"target\":[\"https:\\\/\\\/everydaychemshop.com\\\/da\\\/product\\\/4-ethylmethcathinon-4-emc\\\/\"]}]},{\"@type\":\"ImageObject\",\"inLanguage\":\"en-US\",\"@id\":\"https:\\\/\\\/everydaychemshop.com\\\/da\\\/product\\\/4-ethylmethcathinon-4-emc\\\/#primaryimage\",\"url\":\"https:\\\/\\\/everydaychemshop.com\\\/da\\\/wp-content\\\/uploads\\\/sites\\\/2\\\/2022\\\/11\\\/Buy-4-EMC.jpg\",\"contentUrl\":\"https:\\\/\\\/everydaychemshop.com\\\/da\\\/wp-content\\\/uploads\\\/sites\\\/2\\\/2022\\\/11\\\/Buy-4-EMC.jpg\",\"width\":230,\"height\":230,\"caption\":\"K\u00f8b 4- Ethylmethcathinone (4-EMC) online\"},{\"@type\":\"BreadcrumbList\",\"@id\":\"https:\\\/\\\/everydaychemshop.com\\\/da\\\/product\\\/4-ethylmethcathinon-4-emc\\\/#breadcrumb\",\"itemListElement\":[{\"@type\":\"ListItem\",\"position\":1,\"name\":\"Home\",\"item\":\"https:\\\/\\\/everydaychemshop.com\\\/da\\\/\"},{\"@type\":\"ListItem\",\"position\":2,\"name\":\"Produkter\",\"item\":\"https:\\\/\\\/everydaychemshop.com\\\/da\\\/produkter\\\/\"},{\"@type\":\"ListItem\",\"position\":3,\"name\":\"4- Ethylmethcathinon (4-EMC)\"}]},{\"@type\":\"WebSite\",\"@id\":\"https:\\\/\\\/everydaychemshop.com\\\/da\\\/#website\",\"url\":\"https:\\\/\\\/everydaychemshop.com\\\/da\\\/\",\"name\":\"Everyday Chem Shop\",\"description\":\"\",\"potentialAction\":[{\"@type\":\"SearchAction\",\"target\":{\"@type\":\"EntryPoint\",\"urlTemplate\":\"https:\\\/\\\/everydaychemshop.com\\\/da\\\/?s={search_term_string}\"},\"query-input\":{\"@type\":\"PropertyValueSpecification\",\"valueRequired\":true,\"valueName\":\"search_term_string\"}}],\"inLanguage\":\"en-US\"}]}<\/script>\n<!-- \/ Yoast SEO Premium plugin. -->","yoast_head_json":{"title":"K\u00f8b 4- Ethylmethcathinone (4-EMC) online- Everyday Chem Shop","description":"K\u00f8b 4- Ethylmethcathinone (4-EMC) online. Vi s\u00e6lger den bedste kvalitet 4- Ethylmethcathinone (4-EMC). Kontakt venligst for mere info.","robots":{"index":"index","follow":"follow","max-snippet":"max-snippet:-1","max-image-preview":"max-image-preview:large","max-video-preview":"max-video-preview:-1"},"canonical":"https:\/\/everydaychemshop.com\/da\/product\/4-ethylmethcathinon-4-emc\/","og_locale":"en_US","og_type":"article","og_title":"4- Ethylmethcathinon (4-EMC)","og_description":"K\u00f8b 4- Ethylmethcathinone (4-EMC) online. Vi s\u00e6lger den bedste kvalitet 4- Ethylmethcathinone (4-EMC). Kontakt venligst for mere info.","og_url":"https:\/\/everydaychemshop.com\/da\/product\/4-ethylmethcathinon-4-emc\/","og_site_name":"Everyday Chem Shop","article_modified_time":"2023-04-08T05:55:41+00:00","og_image":[{"width":230,"height":230,"url":"https:\/\/everydaychemshop.com\/da\/wp-content\/uploads\/sites\/2\/2022\/11\/Buy-4-EMC.jpg","type":"image\/jpeg"}],"twitter_card":"summary_large_image","twitter_misc":{"Est. reading time":"3 minutes"},"schema":{"@context":"https:\/\/schema.org","@graph":[{"@type":"WebPage","@id":"https:\/\/everydaychemshop.com\/da\/product\/4-ethylmethcathinon-4-emc\/","url":"https:\/\/everydaychemshop.com\/da\/product\/4-ethylmethcathinon-4-emc\/","name":"K\u00f8b 4- Ethylmethcathinone (4-EMC) online- Everyday Chem Shop","isPartOf":{"@id":"https:\/\/everydaychemshop.com\/da\/#website"},"primaryImageOfPage":{"@id":"https:\/\/everydaychemshop.com\/da\/product\/4-ethylmethcathinon-4-emc\/#primaryimage"},"image":{"@id":"https:\/\/everydaychemshop.com\/da\/product\/4-ethylmethcathinon-4-emc\/#primaryimage"},"thumbnailUrl":"https:\/\/everydaychemshop.com\/da\/wp-content\/uploads\/sites\/2\/2022\/11\/Buy-4-EMC.jpg","datePublished":"2022-11-18T21:32:32+00:00","dateModified":"2023-04-08T05:55:41+00:00","description":"K\u00f8b 4- Ethylmethcathinone (4-EMC) online. Vi s\u00e6lger den bedste kvalitet 4- Ethylmethcathinone (4-EMC). Kontakt venligst for mere info.","breadcrumb":{"@id":"https:\/\/everydaychemshop.com\/da\/product\/4-ethylmethcathinon-4-emc\/#breadcrumb"},"inLanguage":"en-US","potentialAction":[{"@type":"ReadAction","target":["https:\/\/everydaychemshop.com\/da\/product\/4-ethylmethcathinon-4-emc\/"]}]},{"@type":"ImageObject","inLanguage":"en-US","@id":"https:\/\/everydaychemshop.com\/da\/product\/4-ethylmethcathinon-4-emc\/#primaryimage","url":"https:\/\/everydaychemshop.com\/da\/wp-content\/uploads\/sites\/2\/2022\/11\/Buy-4-EMC.jpg","contentUrl":"https:\/\/everydaychemshop.com\/da\/wp-content\/uploads\/sites\/2\/2022\/11\/Buy-4-EMC.jpg","width":230,"height":230,"caption":"K\u00f8b 4- Ethylmethcathinone (4-EMC) online"},{"@type":"BreadcrumbList","@id":"https:\/\/everydaychemshop.com\/da\/product\/4-ethylmethcathinon-4-emc\/#breadcrumb","itemListElement":[{"@type":"ListItem","position":1,"name":"Home","item":"https:\/\/everydaychemshop.com\/da\/"},{"@type":"ListItem","position":2,"name":"Produkter","item":"https:\/\/everydaychemshop.com\/da\/produkter\/"},{"@type":"ListItem","position":3,"name":"4- Ethylmethcathinon (4-EMC)"}]},{"@type":"WebSite","@id":"https:\/\/everydaychemshop.com\/da\/#website","url":"https:\/\/everydaychemshop.com\/da\/","name":"Everyday Chem Shop","description":"","potentialAction":[{"@type":"SearchAction","target":{"@type":"EntryPoint","urlTemplate":"https:\/\/everydaychemshop.com\/da\/?s={search_term_string}"},"query-input":{"@type":"PropertyValueSpecification","valueRequired":true,"valueName":"search_term_string"}}],"inLanguage":"en-US"}]}},"_links":{"self":[{"href":"https:\/\/everydaychemshop.com\/da\/wp-json\/wp\/v2\/product\/8068","targetHints":{"allow":["GET"]}}],"collection":[{"href":"https:\/\/everydaychemshop.com\/da\/wp-json\/wp\/v2\/product"}],"about":[{"href":"https:\/\/everydaychemshop.com\/da\/wp-json\/wp\/v2\/types\/product"}],"replies":[{"embeddable":true,"href":"https:\/\/everydaychemshop.com\/da\/wp-json\/wp\/v2\/comments?post=8068"}],"wp:featuredmedia":[{"embeddable":true,"href":"https:\/\/everydaychemshop.com\/da\/wp-json\/wp\/v2\/media\/8075"}],"wp:attachment":[{"href":"https:\/\/everydaychemshop.com\/da\/wp-json\/wp\/v2\/media?parent=8068"}],"wp:term":[{"taxonomy":"product_brand","embeddable":true,"href":"https:\/\/everydaychemshop.com\/da\/wp-json\/wp\/v2\/product_brand?post=8068"},{"taxonomy":"product_cat","embeddable":true,"href":"https:\/\/everydaychemshop.com\/da\/wp-json\/wp\/v2\/product_cat?post=8068"},{"taxonomy":"product_tag","embeddable":true,"href":"https:\/\/everydaychemshop.com\/da\/wp-json\/wp\/v2\/product_tag?post=8068"}],"curies":[{"name":"wp","href":"https:\/\/api.w.org\/{rel}","templated":true}]}}