{"id":8076,"date":"2022-11-18T21:37:59","date_gmt":"2022-11-18T21:37:59","guid":{"rendered":"https:\/\/everydaychemshop.com\/da\/?post_type=product&#038;p=8076"},"modified":"2023-04-08T05:54:01","modified_gmt":"2023-04-08T05:54:01","slug":"4-fa-4-fluoramfetamin-pulver","status":"publish","type":"product","link":"https:\/\/everydaychemshop.com\/da\/product\/4-fa-4-fluoramfetamin-pulver\/","title":{"rendered":"4-FA (4-fluoramfetamin) pulver"},"content":{"rendered":"<div class=\"container\">\n<div class=\"row main-content-wrap\">\n<div class=\"main-content col-lg-12\">\n<h1 id=\"primary\" class=\"content-area\">K\u00f8b 4-FA Powder Online<\/h1>\n<div class=\"content-area\">\n<div id=\"product-1651\" class=\"product type-product post-1651 status-publish first instock product_cat-research-chemicals- and-bath-salt product_tag-2-fluoroamhetamine product_tag-4-fa-buy-canada product_tag-4-fa-buy-online product_tag-4-fa-buy-uk product_tag-4-fa-buy-usa product_tag-4- fa-effekter product_tag-4-fa-til-salg-online product_tag-4-fa-til-salg-usa-online product_tag-4-fa-online product_tag-4-fa-online-buy product_tag-4-fa-powder -buy-canada product_tag-4-fa-powder-buy-uk product_tag-4-fa-powder-buy-usa product_tag-4-fa-powder-til-sale product_tag-4-fa-powder-for-sale-online product_tag-4-fa-powder-til-sale-usa-online product_tag-4-fa-powder-online product_tag-4-fa-powder-online-buy product_tag-4-fa-powder-price-online product_tag-4- fa-pris-online product_tag-4-fa-research-chemical product_tag-4-fluoro amfetamin-legal-status product_tag-4-fluoroamfetamin-syntese product_tag-5-mapb-legal product_tag-buy-4-fa-australia product_tag-buy-4-fa-canada product_tag-buy-4-fa-europe product_tag-buy- 4-fa-til-salg product_tag-buy-4-fa-online product_tag-buy-4-fa-powder-australia product_tag-buy-4-fa-powder-canada product_tag-buy-4-fa-powder-europe product_tag -buy-4-fa-powder-for-sale product_tag-buy-4-fa-powder-online product_tag-buy-4-fa-powder-uk product_tag-buy-4-fa-powder-usa product_tag-buy-4 -fa-uk product_tag-buy-4-fa-usa product_tag-is-4-fa-legal product_tag-is-4-fa-legal-in-the-us-2020 product_tag-is-4-fma-legal product_tag- quality-4-fa-for-sale product_tag-quality-4-fa-powder-til-sale product_tag-where-to-buy-4-fa product_tag-where-to-buy-4-fa-salts has-post- thumbnail shipping-skattepligtig k\u00f8bes produkt-type-variabel has-default-attributes product-layout-default\">\n<div id=\"product-tab\" class=\"woocommerce-tabs woocommerce-tabs-z37slqdj resp-htabs\">\n<div>\n<div id=\"tab-description\" class=\"tab-content resp-tab-content resp-tab-content-active\" aria-labelledby=\"tab_item-0\"><a href=\"https:\/\/everydaychemshop.com\/da\/product\/4-fa-4-fluoramfetamin-pulver\/\">K\u00f8b 4-FA Powder Online<\/a>. 4-Fluoroamphetamin\u00a0(4-FA;\u00a04-FMP;\u00a0PAL-303; \u201cFlux \u201c), ogs\u00e5 kendt som\u00a0<i>para<\/i>-fluoroamphetamine\u00a0(PFA) er et\u00a0psykoaktiv\u00a0forskningskemikalie\u00a0af phenethylamine\u00a0og\u00a0substitueret amfetamin\u00a0kemiske klasser a&gt;. Den producerer\u00a0stimulant\u00a0og\u00a0entaktogene\u00a0effekter. Som et\u00a0rekreativt stof s\u00e6lges 4-FA nogle gange sammen med relaterede forbindelser s\u00e5som\u00a02-fluoroamphetamin\u00a0og\u00a04-fluoromethamfetamin.4-FA (4-fluoramfetamin) er en amfetaminlignende medicin, der netop har vist sig p\u00e5 det hollandske marked i en moderat kort tidsramme. I perioden fra 2007 til 2009 blev det i det v\u00e6sentlige solgt som speed eller MDMA. K\u00f8b 4-FA Powder online. Dette var med den begrundelse, at der p\u00e5 det tidspunkt var mangel p\u00e5 r\u00e5materialer til disse specialister, s\u00e5 4-FA blev brugt som sk\u00e6respecialist. Under alle omst\u00e6ndigheder er 4-FA siden 2010 gradvis blevet solgt som 4-FA af s\u00e6lgere, hvilket ligeledes indeb\u00e6rer, at k\u00f8bere anser det for at v\u00e6re en &#8220;beslutningsmedicin&#8221;. 4-FA Powder til salg \u2013 Engrossalg Research Chemical Powders \u2013 K\u00f8b 4-Fluoroamphetamin online<\/p>\n<h2><span data-preserver-spaces=\"true\">Effekter\u00a0<b>4-Fluoroamphetamin<\/b><\/span><\/h2>\n<p><span data-preserver-spaces=\"true\">Den subjektive\u00a0effekter af 4-fluoramfetamin\u00a0inkluderer\u00a0<\/span><span data-preserver-spaces=\"true\">eufori<\/span><span data-preserver-spaces=\"true\">, som nogle finder ligner effekterne af\u00a0<\/span><span data-preserver-spaces=\"true\">MDMA<\/span><span data-preserver-spaces=\"true\">\u00a0og amfetamin,<\/span><span data-preserver-spaces=\"true\">\u00a0\u00f8get energi (stimulering), hum\u00f8rforh\u00f8jelse, f\u00f8lelser af varme og empati, overdreven snak,\u00a0<\/span><a href=\"https:\/\/en.wikipedia.org\/wiki\/4-Fluoroamphetamine\"><span data-preserver-spaces=\"true\">bruxisme<\/span> <\/a><span data-preserver-spaces=\"true\"> og undertrykt appetit (anorektisk). Det generelle effektforl\u00f8b involverer prim\u00e6rt empatogene effekter i de f\u00f8rste par timer, som forsvinder, efterh\u00e5nden som \u00f8get stimulation udvikler sig i l\u00f8bet af de n\u00e6ste timer. Engrossalg Research Chemical Powders<\/span><\/p>\n<p><span data-preserver-spaces=\"true\">The\u00a0<\/span><span data-preserver-spaces=\"true\">dopamingenoptagelsesh\u00e6mning<\/span><span data-preserver-spaces=\"true\">\u00a0produceret af 4-FA er st\u00e6rkere end den af \u200b\u200bbegge\u00a0<\/span><span data-preserver-spaces=\"true\">4-CA<\/span><span data-preserver-spaces=\"true\">\u00a0eller\u00a0<\/span><span data-preserver-spaces=\"true\"> 4-IA<\/span><span data-preserver-spaces=\"true\">.<\/span><span data-preserver-spaces=\"true\">\u00a04-FA producerer ogs\u00e5 mindre\u00a0<\/span> <span data-preserver=\"\">hyper<\/span><span data-preserver=\"\">t<\/span><span data-preserver=\"\">ermi<\/span><span data-preserver-spaces=\"true\">\u00a0end lignende forbindelser som\u00a0<\/span><span data-preserver-spaces=\"true\">PMA<\/span>,\u00a0<span data-preserver-spaces=\"true\">3-MTA<\/span><span data-preserver-spaces=\"true \"> og\u00a0<\/span>4-methylamfetamin<span data-preserver-spaces=\"true\">.<\/span><\/p>\n<p>Almindelige akutte bivirkninger er kvalme, hovedpine, \u00f8get hjertefrekvens og s\u00f8vnl\u00f8shed.<\/p>\n<p><span data-preserver-spaces=\"true\">Det er almindeligvis rep. meldt ud, at de f\u00f8rste tre til fire timer af 4-FA er tydelige\u00a0<\/span><span data-preserver-spaces=\"true\">entactogene<\/span><span data-preserver-spaces=\"true\">\u00a0effekter, der er blevet rapporteret at f\u00f8les lidt lig MDMA, men ikke ret s\u00e5 kraftig. Dette menes at korrelere med den varighed, hvori det fremmer udgivelsen af\u00a0<\/span><span data-preserver-spaces=\"true\">serotonin<\/span><span data-preserver-spaces=\"true\">\u00a0(ud over\u00a0<\/span><span data-preserver-spaces=\"true\">dopamin<\/span><span data-preserver-spaces=\"true\">\u00a0og\u00a0<\/span><span data-preserver-spaces=\"true\">norepinephrin<\/span><span data-preserver-spaces=\"true\">). Efter denne f\u00f8rste fase af oplevelsen skifter effekten mod noget, der f\u00f8les som klassisk\u00a0<\/span><span data-preserver-spaces=\"true\">amfetamin<\/span><span data-preserver-spaces=\"true \">\u00a0stimulering, som kan vare i en l\u00e6ngere periode. Engrossalg Research Chemical Powders \u2013 <\/span><\/p>\n<p><strong><span data-preserver-spaces=\"true\">Brug ikke 4-FA, hvis du har en historie med hjerterelaterede problemer eller oplever en alvorlig hovedpine efter brug. <\/span><\/strong><span data-preserver-spaces=\"true\">\u00a0Vi er blevet gjort opm\u00e6rksomme p\u00e5 en rapport udgivet af Trimbos-instituut og Nationaal Vergiftigingen Informatie Centrum (NVIC), der beskriver tilf\u00e6lde af slagtilf\u00e6lde efter \u00f8get brug af 4-FA. Ud over de almindelige amfetaminlignende virkninger (agitation, angst, takykardi, hypertension, brystsmerter et al.), er der rapporteret om alvorlige kardio- og cerebrovaskul\u00e6re komplikationer, herunder rytme (sinusarytmi, ventrikul\u00e6re ekstrasystoler (bigeminy), ledningsforstyrrelser) og akut hjertesvigt. Selvom en \u00e5rsagssammenh\u00e6ng ikke er blevet bekr\u00e6ftet, b\u00f8r der straks foretages en medicinsk evaluering p\u00e5 en akutmodtagelse, n\u00e5r den pr\u00e6senteres med en alvorlig hovedpine og lateralisering efter brug af 4-FA. Engrossalg Research Chemical Powders \u2013 K\u00f8b 4-Fluoroamphetamin online<\/span><\/p>\n<p><strong><em><span data-preserver-spaces=\"true\">Ansvarsfraskrivelse:<\/span><\/em> <\/strong><em><span data-preserver-spaces=\"true\">\u00a0Effekterne nedenfor citerer\u00a0<\/span><\/em><strong><em><span data-preserver-spaces=\"true\">Subjective Effect Index<\/span><\/em><\/strong><em><span data-preserver-spaces=\"true\">\u00a0(<\/span><\/em><strong><em>SEI<\/em><\/strong><em><span data-preserver-spaces=\"true\">), \u00e5ben forskningslitteratur baseret p\u00e5 anekdotiske brugerrapporter og den personlige analyser af PsychonautWiki-bidragydere. Som et resultat b\u00f8r de betragtes med en sund grad af skepsis.<\/span><\/em><\/p>\n<p>K\u00f8b 4FA Powder Uk, 4FA k\u00f8b online, K\u00f8b 4FA Powder USA, K\u00f8b 4FA Powder Australien , 4FA Powder online k\u00f8b, K\u00f8b 4-FA Powder Europa, K\u00f8b 4FA Powder Canada, Hvor kan man k\u00f8be 4-FA, K\u00f8b 4FA Powder til salg, 4FA Powder k\u00f8b Canada, 4FA Powder k\u00f8b Uk, 4-FA Powder k\u00f8b USA, 4FA pulver pris online, kvalitet 4-FA pulver til salg, 4-FA pulver til salg, 4-FA pulver til salg USA online, 4fa lovligt,<\/p>\n<div class=\"CCgQ5 vCa9Yd QfkTvb MUxGbd v0nnCb\" role=\" heading\">4-FA Engrossalg Research Chemical Powders \u2013 K\u00f8b 4-Fluoroamphetamin online<\/div>\n<\/div>\n<\/div>\n<\/div>\n<\/div>\n<p>&nbsp;<\/p>\n<\/div>\n<\/div>\n<p>div&gt;<\/p>\n<\/div>\n<\/div>\n<div class=\"related products\">\n<div class=\"container\"><\/div>\n<\/div>\n","protected":false},"excerpt":{"rendered":"<p>\u00d8nsker du at k\u00f8be 4-FA Powder Online til en god og overkommelig pris? Du har det her bedst med h\u00f8j kvalitet (99% renhed). Vores forsendelse og levering af 4-FA Powder Research Chemicals er 100 % sikker, sikker og diskret. Fair Price er den f\u00f8rende distribut\u00f8r af 4-fluormetamfetamin og andre relaterede produkter p\u00e5 verdensplan.<\/p>\n","protected":false},"featured_media":8083,"comment_status":"open","ping_status":"closed","template":"","meta":{"inline_featured_image":false},"product_brand":[],"product_cat":[264],"product_tag":[],"class_list":{"0":"post-8076","1":"product","2":"type-product","3":"status-publish","4":"has-post-thumbnail","6":"product_cat-forskningskemisk","8":"first","9":"instock","10":"shipping-taxable","11":"purchasable","12":"product-type-variable","13":"has-default-attributes"},"yoast_head":"<!-- This site is optimized with the Yoast SEO Premium plugin v19.2 (Yoast SEO v27.3) - https:\/\/yoast.com\/product\/yoast-seo-premium-wordpress\/ -->\n<title>K\u00f8b 4-FA Powder Online - Everyday Chem Shop<\/title>\n<meta name=\"description\" content=\"K\u00f8b 4-FA Powder Online. Vi s\u00e6lger 4-FA pulver af den bedste kvalitet online. Kontakt for mere information og priser for at afgive din bestilling.\" \/>\n<meta name=\"robots\" content=\"index, follow, max-snippet:-1, max-image-preview:large, max-video-preview:-1\" \/>\n<link rel=\"canonical\" href=\"https:\/\/everydaychemshop.com\/da\/product\/4-fa-4-fluoramfetamin-pulver\/\" \/>\n<meta property=\"og:locale\" content=\"en_US\" \/>\n<meta property=\"og:type\" content=\"article\" \/>\n<meta property=\"og:title\" content=\"4-FA (4-fluoramfetamin) pulver\" \/>\n<meta property=\"og:description\" content=\"K\u00f8b 4-FA Powder Online. Vi s\u00e6lger 4-FA pulver af den bedste kvalitet online. Kontakt for mere information og priser for at afgive din bestilling.\" \/>\n<meta property=\"og:url\" content=\"https:\/\/everydaychemshop.com\/da\/product\/4-fa-4-fluoramfetamin-pulver\/\" \/>\n<meta property=\"og:site_name\" content=\"Everyday Chem Shop\" \/>\n<meta property=\"article:modified_time\" content=\"2023-04-08T05:54:01+00:00\" \/>\n<meta property=\"og:image\" content=\"https:\/\/everydaychemshop.com\/da\/wp-content\/uploads\/sites\/2\/2022\/11\/Buy-4-FA-Powder.jpeg\" \/>\n\t<meta property=\"og:image:width\" content=\"510\" \/>\n\t<meta property=\"og:image:height\" content=\"365\" \/>\n\t<meta property=\"og:image:type\" content=\"image\/jpeg\" \/>\n<meta name=\"twitter:card\" content=\"summary_large_image\" \/>\n<meta name=\"twitter:label1\" content=\"Est. reading time\" \/>\n\t<meta name=\"twitter:data1\" content=\"3 minutes\" \/>\n<script type=\"application\/ld+json\" class=\"yoast-schema-graph\">{\"@context\":\"https:\\\/\\\/schema.org\",\"@graph\":[{\"@type\":\"WebPage\",\"@id\":\"https:\\\/\\\/everydaychemshop.com\\\/da\\\/product\\\/4-fa-4-fluoramfetamin-pulver\\\/\",\"url\":\"https:\\\/\\\/everydaychemshop.com\\\/da\\\/product\\\/4-fa-4-fluoramfetamin-pulver\\\/\",\"name\":\"K\u00f8b 4-FA Powder Online - Everyday Chem Shop\",\"isPartOf\":{\"@id\":\"https:\\\/\\\/everydaychemshop.com\\\/da\\\/#website\"},\"primaryImageOfPage\":{\"@id\":\"https:\\\/\\\/everydaychemshop.com\\\/da\\\/product\\\/4-fa-4-fluoramfetamin-pulver\\\/#primaryimage\"},\"image\":{\"@id\":\"https:\\\/\\\/everydaychemshop.com\\\/da\\\/product\\\/4-fa-4-fluoramfetamin-pulver\\\/#primaryimage\"},\"thumbnailUrl\":\"https:\\\/\\\/everydaychemshop.com\\\/da\\\/wp-content\\\/uploads\\\/sites\\\/2\\\/2022\\\/11\\\/Buy-4-FA-Powder.jpeg\",\"datePublished\":\"2022-11-18T21:37:59+00:00\",\"dateModified\":\"2023-04-08T05:54:01+00:00\",\"description\":\"K\u00f8b 4-FA Powder Online. Vi s\u00e6lger 4-FA pulver af den bedste kvalitet online. Kontakt for mere information og priser for at afgive din bestilling.\",\"breadcrumb\":{\"@id\":\"https:\\\/\\\/everydaychemshop.com\\\/da\\\/product\\\/4-fa-4-fluoramfetamin-pulver\\\/#breadcrumb\"},\"inLanguage\":\"en-US\",\"potentialAction\":[{\"@type\":\"ReadAction\",\"target\":[\"https:\\\/\\\/everydaychemshop.com\\\/da\\\/product\\\/4-fa-4-fluoramfetamin-pulver\\\/\"]}]},{\"@type\":\"ImageObject\",\"inLanguage\":\"en-US\",\"@id\":\"https:\\\/\\\/everydaychemshop.com\\\/da\\\/product\\\/4-fa-4-fluoramfetamin-pulver\\\/#primaryimage\",\"url\":\"https:\\\/\\\/everydaychemshop.com\\\/da\\\/wp-content\\\/uploads\\\/sites\\\/2\\\/2022\\\/11\\\/Buy-4-FA-Powder.jpeg\",\"contentUrl\":\"https:\\\/\\\/everydaychemshop.com\\\/da\\\/wp-content\\\/uploads\\\/sites\\\/2\\\/2022\\\/11\\\/Buy-4-FA-Powder.jpeg\",\"width\":510,\"height\":365,\"caption\":\"K\u00f8b 4-FA Powder Online\"},{\"@type\":\"BreadcrumbList\",\"@id\":\"https:\\\/\\\/everydaychemshop.com\\\/da\\\/product\\\/4-fa-4-fluoramfetamin-pulver\\\/#breadcrumb\",\"itemListElement\":[{\"@type\":\"ListItem\",\"position\":1,\"name\":\"Home\",\"item\":\"https:\\\/\\\/everydaychemshop.com\\\/da\\\/\"},{\"@type\":\"ListItem\",\"position\":2,\"name\":\"Produkter\",\"item\":\"https:\\\/\\\/everydaychemshop.com\\\/da\\\/produkter\\\/\"},{\"@type\":\"ListItem\",\"position\":3,\"name\":\"4-FA (4-fluoramfetamin) pulver\"}]},{\"@type\":\"WebSite\",\"@id\":\"https:\\\/\\\/everydaychemshop.com\\\/da\\\/#website\",\"url\":\"https:\\\/\\\/everydaychemshop.com\\\/da\\\/\",\"name\":\"Everyday Chem Shop\",\"description\":\"\",\"potentialAction\":[{\"@type\":\"SearchAction\",\"target\":{\"@type\":\"EntryPoint\",\"urlTemplate\":\"https:\\\/\\\/everydaychemshop.com\\\/da\\\/?s={search_term_string}\"},\"query-input\":{\"@type\":\"PropertyValueSpecification\",\"valueRequired\":true,\"valueName\":\"search_term_string\"}}],\"inLanguage\":\"en-US\"}]}<\/script>\n<!-- \/ Yoast SEO Premium plugin. -->","yoast_head_json":{"title":"K\u00f8b 4-FA Powder Online - Everyday Chem Shop","description":"K\u00f8b 4-FA Powder Online. Vi s\u00e6lger 4-FA pulver af den bedste kvalitet online. Kontakt for mere information og priser for at afgive din bestilling.","robots":{"index":"index","follow":"follow","max-snippet":"max-snippet:-1","max-image-preview":"max-image-preview:large","max-video-preview":"max-video-preview:-1"},"canonical":"https:\/\/everydaychemshop.com\/da\/product\/4-fa-4-fluoramfetamin-pulver\/","og_locale":"en_US","og_type":"article","og_title":"4-FA (4-fluoramfetamin) pulver","og_description":"K\u00f8b 4-FA Powder Online. Vi s\u00e6lger 4-FA pulver af den bedste kvalitet online. Kontakt for mere information og priser for at afgive din bestilling.","og_url":"https:\/\/everydaychemshop.com\/da\/product\/4-fa-4-fluoramfetamin-pulver\/","og_site_name":"Everyday Chem Shop","article_modified_time":"2023-04-08T05:54:01+00:00","og_image":[{"width":510,"height":365,"url":"https:\/\/everydaychemshop.com\/da\/wp-content\/uploads\/sites\/2\/2022\/11\/Buy-4-FA-Powder.jpeg","type":"image\/jpeg"}],"twitter_card":"summary_large_image","twitter_misc":{"Est. reading time":"3 minutes"},"schema":{"@context":"https:\/\/schema.org","@graph":[{"@type":"WebPage","@id":"https:\/\/everydaychemshop.com\/da\/product\/4-fa-4-fluoramfetamin-pulver\/","url":"https:\/\/everydaychemshop.com\/da\/product\/4-fa-4-fluoramfetamin-pulver\/","name":"K\u00f8b 4-FA Powder Online - Everyday Chem Shop","isPartOf":{"@id":"https:\/\/everydaychemshop.com\/da\/#website"},"primaryImageOfPage":{"@id":"https:\/\/everydaychemshop.com\/da\/product\/4-fa-4-fluoramfetamin-pulver\/#primaryimage"},"image":{"@id":"https:\/\/everydaychemshop.com\/da\/product\/4-fa-4-fluoramfetamin-pulver\/#primaryimage"},"thumbnailUrl":"https:\/\/everydaychemshop.com\/da\/wp-content\/uploads\/sites\/2\/2022\/11\/Buy-4-FA-Powder.jpeg","datePublished":"2022-11-18T21:37:59+00:00","dateModified":"2023-04-08T05:54:01+00:00","description":"K\u00f8b 4-FA Powder Online. Vi s\u00e6lger 4-FA pulver af den bedste kvalitet online. Kontakt for mere information og priser for at afgive din bestilling.","breadcrumb":{"@id":"https:\/\/everydaychemshop.com\/da\/product\/4-fa-4-fluoramfetamin-pulver\/#breadcrumb"},"inLanguage":"en-US","potentialAction":[{"@type":"ReadAction","target":["https:\/\/everydaychemshop.com\/da\/product\/4-fa-4-fluoramfetamin-pulver\/"]}]},{"@type":"ImageObject","inLanguage":"en-US","@id":"https:\/\/everydaychemshop.com\/da\/product\/4-fa-4-fluoramfetamin-pulver\/#primaryimage","url":"https:\/\/everydaychemshop.com\/da\/wp-content\/uploads\/sites\/2\/2022\/11\/Buy-4-FA-Powder.jpeg","contentUrl":"https:\/\/everydaychemshop.com\/da\/wp-content\/uploads\/sites\/2\/2022\/11\/Buy-4-FA-Powder.jpeg","width":510,"height":365,"caption":"K\u00f8b 4-FA Powder Online"},{"@type":"BreadcrumbList","@id":"https:\/\/everydaychemshop.com\/da\/product\/4-fa-4-fluoramfetamin-pulver\/#breadcrumb","itemListElement":[{"@type":"ListItem","position":1,"name":"Home","item":"https:\/\/everydaychemshop.com\/da\/"},{"@type":"ListItem","position":2,"name":"Produkter","item":"https:\/\/everydaychemshop.com\/da\/produkter\/"},{"@type":"ListItem","position":3,"name":"4-FA (4-fluoramfetamin) pulver"}]},{"@type":"WebSite","@id":"https:\/\/everydaychemshop.com\/da\/#website","url":"https:\/\/everydaychemshop.com\/da\/","name":"Everyday Chem Shop","description":"","potentialAction":[{"@type":"SearchAction","target":{"@type":"EntryPoint","urlTemplate":"https:\/\/everydaychemshop.com\/da\/?s={search_term_string}"},"query-input":{"@type":"PropertyValueSpecification","valueRequired":true,"valueName":"search_term_string"}}],"inLanguage":"en-US"}]}},"_links":{"self":[{"href":"https:\/\/everydaychemshop.com\/da\/wp-json\/wp\/v2\/product\/8076","targetHints":{"allow":["GET"]}}],"collection":[{"href":"https:\/\/everydaychemshop.com\/da\/wp-json\/wp\/v2\/product"}],"about":[{"href":"https:\/\/everydaychemshop.com\/da\/wp-json\/wp\/v2\/types\/product"}],"replies":[{"embeddable":true,"href":"https:\/\/everydaychemshop.com\/da\/wp-json\/wp\/v2\/comments?post=8076"}],"wp:featuredmedia":[{"embeddable":true,"href":"https:\/\/everydaychemshop.com\/da\/wp-json\/wp\/v2\/media\/8083"}],"wp:attachment":[{"href":"https:\/\/everydaychemshop.com\/da\/wp-json\/wp\/v2\/media?parent=8076"}],"wp:term":[{"taxonomy":"product_brand","embeddable":true,"href":"https:\/\/everydaychemshop.com\/da\/wp-json\/wp\/v2\/product_brand?post=8076"},{"taxonomy":"product_cat","embeddable":true,"href":"https:\/\/everydaychemshop.com\/da\/wp-json\/wp\/v2\/product_cat?post=8076"},{"taxonomy":"product_tag","embeddable":true,"href":"https:\/\/everydaychemshop.com\/da\/wp-json\/wp\/v2\/product_tag?post=8076"}],"curies":[{"name":"wp","href":"https:\/\/api.w.org\/{rel}","templated":true}]}}